{"id":77307,"date":"2018-02-11T21:49:14","date_gmt":"2018-02-11T21:49:14","guid":{"rendered":"https:\/\/www.avani.pt\/connecting-with-nature\/"},"modified":"2025-10-09T14:43:17","modified_gmt":"2025-10-09T13:43:17","slug":"connecting-with-nature","status":"publish","type":"page","link":"https:\/\/www.avani.pt\/en\/connecting-with-nature\/","title":{"rendered":"Connecting with nature"},"content":{"rendered":"<div class=\"wpb-content-wrapper\"><p>[vc_row][vc_column][franco_heading small_heading_title=&#8221;Sobre n\u00f3s&#8221; tag_heading=&#8221;tag-h3&#8243; big_heading_title=&#8221;Liga\u00e7\u00e3o \u00e0 Natureza&#8221;][ultimate_spacer height=&#8221;10&#8243;][vc_column_text css=&#8221;.vc_custom_1521626581817{padding-right: 30px !important;padding-left: 30px !important;}&#8221;]<\/p>\n<p style=\"text-align: justify;\">Avani finds its basic raw materials in nature.<\/p>\n<p style=\"text-align: justify;\">He believes that the ancestral traditions of using ingredients extracted directly from nature provide the answers to today&#8217;s needs.<\/p>\n<p style=\"text-align: justify;\">It is in the balance and perfect synergy between the use of natural ingredients and laboratory creation that Avani finds its way of being.<\/p>\n<p>[\/vc_column_text][\/vc_column][\/vc_row]<\/p>\n<\/div>","protected":false},"excerpt":{"rendered":"<p>[vc_row][vc_column][franco_heading small_heading_title=&#8221;Sobre n\u00f3s&#8221; tag_heading=&#8221;tag-h3&#8243; big_heading_title=&#8221;Liga\u00e7\u00e3o \u00e0 Natureza&#8221;][ultimate_spacer height=&#8221;10&#8243;][vc_column_text css=&#8221;.vc_custom_1521626581817{padding-right: 30px !important;padding-left: 30px !important;}&#8221;] Avani finds its basic raw materials in nature. He believes that the ancestral traditions of using ingredients extracted directly from nature provide the answers to today&#8217;s needs. It is in the balance and perfect synergy between the use of natural ingredients and [&hellip;]<\/p>\n","protected":false},"author":9,"featured_media":0,"parent":0,"menu_order":0,"comment_status":"closed","ping_status":"closed","template":"","meta":{"_acf_changed":false,"footnotes":""},"class_list":["post-77307","page","type-page","status-publish","hentry","category_page-avani"],"acf":[],"_links":{"self":[{"href":"https:\/\/www.avani.pt\/en\/wp-json\/wp\/v2\/pages\/77307","targetHints":{"allow":["GET"]}}],"collection":[{"href":"https:\/\/www.avani.pt\/en\/wp-json\/wp\/v2\/pages"}],"about":[{"href":"https:\/\/www.avani.pt\/en\/wp-json\/wp\/v2\/types\/page"}],"author":[{"embeddable":true,"href":"https:\/\/www.avani.pt\/en\/wp-json\/wp\/v2\/users\/9"}],"replies":[{"embeddable":true,"href":"https:\/\/www.avani.pt\/en\/wp-json\/wp\/v2\/comments?post=77307"}],"version-history":[{"count":5,"href":"https:\/\/www.avani.pt\/en\/wp-json\/wp\/v2\/pages\/77307\/revisions"}],"predecessor-version":[{"id":77315,"href":"https:\/\/www.avani.pt\/en\/wp-json\/wp\/v2\/pages\/77307\/revisions\/77315"}],"wp:attachment":[{"href":"https:\/\/www.avani.pt\/en\/wp-json\/wp\/v2\/media?parent=77307"}],"curies":[{"name":"wp","href":"https:\/\/api.w.org\/{rel}","templated":true}]}}