{"id":77435,"date":"2019-01-30T13:47:48","date_gmt":"2019-01-30T13:47:48","guid":{"rendered":"https:\/\/www.avani.pt\/avani-professional-workshops\/"},"modified":"2025-10-09T14:43:20","modified_gmt":"2025-10-09T13:43:20","slug":"avani-professional-workshops","status":"publish","type":"page","link":"https:\/\/www.avani.pt\/en\/avani-professional-workshops\/","title":{"rendered":"Avani Professional Workshops"},"content":{"rendered":"<div class=\"wpb-content-wrapper\"><p>[vc_row full_width=&#8221;stretch_row&#8221; bg_type=&#8221;image&#8221; parallax_style=&#8221;vcpb-default&#8221; bg_image_new=&#8221;id^5396|url^https:\/\/www.avani.pt\/wp-content\/uploads\/2019\/01\/header_pagina_workshops.png|caption^null|alt^null|title^header_pagina_workshops|description^null&#8221; bg_image_repeat=&#8221;no-repeat&#8221; bg_override=&#8221;ex-full&#8221; css=&#8221;.vc_custom_1548856045711{background-position: center !important;background-repeat: no-repeat !important;background-size: contain !important;}&#8221; el_class=&#8221;titlecandback&#8221;][vc_column css=&#8221;.vc_custom_1520957780290{margin-top: -20px !important;background-position: center !important;background-repeat: no-repeat !important;background-size: cover !important;}&#8221; el_class=&#8221;Titlecand&#8221;][vc_column_text]WORKSHOPS<\/p>\n<p>AVANI PROFESSIONAL[\/vc_column_text][\/vc_column][\/vc_row][vc_row][vc_column][vc_empty_space][\/vc_column][\/vc_row][vc_row gap=&#8221;25&#8243; el_class=&#8221;bloco2-cand&#8221;][vc_column width=&#8221;1\/2&#8243; el_class=&#8221;bloco1-cand&#8221;][franco_heading small_heading_title=&#8221;Os nossos Workshops&#8221; tag_heading=&#8221;tag-h1&#8243; big_heading_title=&#8221;Avani Profissional&#8221; heading_align=&#8221;left&#8221; el_class=&#8221;headcand1&#8243;][ultimate_spacer height=&#8221;10&#8243;][vc_column_text el_class=&#8221;txtcand&#8221;]Avani Professional Workshops are for professionals in the field and also for the general public who want to learn about our techniques and products.<\/p>\n<p>Join us for a day full of good energy, get to know our brand and let yourself be carried away by the sensations and emotions of products inspired by Mother Nature and Indian Culture.<\/p>\n<p>The next workshop will be held on February 18 at the Banho de Brilho store in Benfica.<\/p>\n<hr>\n<p><strong>What does this workshop consist of?<\/strong><\/p>\n<ul>\n<li>Hair diagnosis and free advice<\/li>\n<li>Avani Professional product demonstration<\/li>\n<li>10% discount on Avani Professional products, on the day of the workshop, in-store.<\/li>\n<li>When you buy \u20ac20 worth of Avani Professional products, you will receive a free demonstration of the application of the Avani Professional products purchased.<\/li>\n<li>Optional treatments by Filipa Martins Hairstlylist, our special guest.<\/li>\n<\/ul>\n<p>Special Guest | <strong>Filipa Martins Hairstylist<\/strong><\/p>\n<p>Our special guest will undergo optional professional treatments:<\/p>\n<ul>\n<li>Balayage | Babylights | Colormelt or exclusive techniques By Filipa Martins Hairstylist;<\/li>\n<li>Avani Profisisonal fiber treatment (hydration, nutrition or reconstruction)<\/li>\n<li>Styling ( straight, waves, hairstyle )<\/li>\n<li>Cutting ( optional )<\/li>\n<\/ul>\n<p><strong>Note:<\/strong> The cost of optional treatments is not included in the workshop and must be paid for separately.<\/p>\n<hr>\n<p><strong>Workshop location:<\/strong><strong>Banho de Brilho store in Benfica<br \/>\n<\/strong>Estrada de Benfica, n\u00ba 627 A<br \/>\n1500-087 Lisbon<i class=\"fa fa-phone\" aria-hidden=\"true\"><\/i><\/p>\n<p>Phone:<a href=\"callto:+351214%20062%20427\"> (+351) 214 062 427<\/a><\/p>\n<hr>\n<p>The visit to the Banho de Brilho store will be scheduled after you have registered for the event, by email or telephone, indicating the time at which you should appear before our team. Thank you.[\/vc_column_text][\/vc_column][vc_column width=&#8221;5\/12&#8243; el_class=&#8221;bloco2-cand&#8221;][franco_heading small_heading_title=&#8221;Inscri\u00e7\u00f5es Abertas&#8221; tag_heading=&#8221;tag-h1&#8243; big_heading_title=&#8221;Para profissionais e p\u00fablico em geral&#8221; heading_align=&#8221;left&#8221; el_class=&#8221;headcand2&#8243;][vc_column_text el_class=&#8221;textocand1&#8243;]O presente workshop destina-se a profissionais da \u00e1rea, e tamb\u00e9m ao p\u00fablico em geral.<\/p>\n<p>Realize a sua inscri\u00e7\u00e3o no formul\u00e1rio em baixo, no fundo da p\u00e1gina\u00a0&#x1f49a;[\/vc_column_text][franco_heading small_heading_title=&#8221;A NOSSA CONVIDADA ESPECIAL&#8221; tag_heading=&#8221;tag-h1&#8243; big_heading_title=&#8221;Filipa Martins Hairstylist&#8221; heading_align=&#8221;left&#8221; el_class=&#8221;headcand3&#8243;][vc_column_text css=&#8221;.vc_custom_1548870721939{padding-left: -30px !important;}&#8221; el_class=&#8221;textocand2&#8243;]<img loading=\"lazy\" decoding=\"async\" src=\"https:\/\/www.avani.pt\/wp-content\/uploads\/2019\/01\/WhatsApp-Image-2019-01-28-at-21.34.47-300x290.png\" alt=\"\" width=\"300\" height=\"290\" class=\"alignnone size-medium wp-image-5390\" srcset=\"https:\/\/www.avani.pt\/wp-content\/uploads\/2019\/01\/WhatsApp-Image-2019-01-28-at-21.34.47-300x290.png 300w, https:\/\/www.avani.pt\/wp-content\/uploads\/2019\/01\/WhatsApp-Image-2019-01-28-at-21.34.47-768x742.png 768w, https:\/\/www.avani.pt\/wp-content\/uploads\/2019\/01\/WhatsApp-Image-2019-01-28-at-21.34.47-31x30.png 31w, https:\/\/www.avani.pt\/wp-content\/uploads\/2019\/01\/WhatsApp-Image-2019-01-28-at-21.34.47-600x580.png 600w, https:\/\/www.avani.pt\/wp-content\/uploads\/2019\/01\/WhatsApp-Image-2019-01-28-at-21.34.47-32x32.png 32w, https:\/\/www.avani.pt\/wp-content\/uploads\/2019\/01\/WhatsApp-Image-2019-01-28-at-21.34.47.png 900w, https:\/\/www.avani.pt\/wp-content\/uploads\/2019\/01\/WhatsApp-Image-2019-01-28-at-21.34.47-32x32@2x.png 64w\" sizes=\"auto, (max-width: 300px) 100vw, 300px\" \/><\/p>\n<p><span>Our special guest is a creator of dream hair, knows women&#8217;s hair and style like no one else and is also our Avani Professional Point of Sale in Coimbra.<br \/>\n<\/span><\/p>\n<p>If you&#8217;d like to visit Filipa in Coimbra, here&#8217;s the address:<\/p>\n<p><strong>Filipa Martins Hairstylist<br \/>\n<\/strong><span>Rua Sargento Mor Loja n\u00ba5<br \/>\n<\/span><span>Coimbra 3000-382<\/span><\/p>\n<div class=\"wpsl-info-actions\"><a class=\"wpsl-directions\" target=\"_blank\" href=\"https:\/\/www.google.com\/maps\/dir\/?api=1&amp;origin=R.%20Combatentes%20da%20Grande%20Guerra%2033%2C%20Coimbra%2C%20Portugal&amp;destination=Rua%20sargento%20mor%20loja%20n%C2%BA5%2C%20Coimbra%2C%203000-382%2C%20Portugal&amp;travelmode=driving\" rel=\"noopener\">Directions<\/a><\/div>\n<p>[\/vc_column_text][\/vc_column][\/vc_row][vc_row full_width=&#8221;stretch_row&#8221; content_placement=&#8221;middle&#8221; bg_type=&#8221;bg_color&#8221; bg_color_value=&#8221;#4ac443&#8243;][vc_column][franco_heading small_heading_title=&#8221;A NOSSA AGENDA&#8221; tag_heading=&#8221;tag-h1&#8243; big_heading_title=&#8221;Workshop Diagn\u00f3stico Capilar&#8221; small_title_color=&#8221;#ffffff&#8221; big_title_color=&#8221;#ffffff&#8221;][\/vc_column][\/vc_row][vc_row full_width=&#8221;stretch_row&#8221; content_placement=&#8221;middle&#8221; bg_type=&#8221;bg_color&#8221; bg_color_value=&#8221;#4ac443&#8243; el_class=&#8221;datecand&#8221;][vc_column width=&#8221;1\/3&#8243; el_class=&#8221;based1&#8243;][vc_column_text el_class=&#8221;d&#8221;]<\/p>\n<p style=\"text-align: center;\">UPCOMING DATES:<\/p>\n<p>[\/vc_column_text][\/vc_column][vc_column width=&#8221;1\/3&#8243; css=&#8221;.vc_custom_1520944899005{border-radius: 1px !important;}&#8221;][vc_column_text el_class=&#8221;d1&#8243;]<\/p>\n<p style=\"text-align: center;\">FEBRUARY 18TH, 2019<\/p>\n<p>[\/vc_column_text][\/vc_column][vc_column width=&#8221;1\/3&#8243; el_class=&#8221;based3&#8243;][vc_column_text el_class=&#8221;d2&#8243;]<\/p>\n<p style=\"text-align: center;\">You will be notified of the time you need to attend by email or telephone.<\/p>\n<p>[\/vc_column_text][\/vc_column][\/vc_row][vc_row full_width=&#8221;stretch_row_content_no_spaces&#8221; content_placement=&#8221;middle&#8221; bg_type=&#8221;bg_color&#8221;][vc_column el_class=&#8221;bloco3-cand&#8221;][\/vc_column][\/vc_row][vc_row][vc_column][franco_heading heading_style=&#8221;style8&#8243; small_heading_title=&#8221;em caso de d\u00favidas, entre em contacto connosco. Obrigado.&#8221; tag_heading=&#8221;tag-h1&#8243; big_heading_title=&#8221;FA\u00c7A AQUI A SUA INSCRI\u00c7\u00c3O NO EVENTO&#8221;][\/vc_column][\/vc_row][vc_row el_class=&#8221;formbeleza&#8221;][vc_column]\n<div class=\"wpcf7 no-js\" id=\"wpcf7-f5385-o1\" lang=\"en-US\" dir=\"ltr\" data-wpcf7-id=\"5385\">\n<div class=\"screen-reader-response\"><p role=\"status\" aria-live=\"polite\" aria-atomic=\"true\"><\/p> <ul><\/ul><\/div>\n<form action=\"\/en\/wp-json\/wp\/v2\/pages\/77435#wpcf7-f5385-o1\" method=\"post\" class=\"wpcf7-form init\" aria-label=\"Contact form\" novalidate=\"novalidate\" data-status=\"init\">\n<fieldset class=\"hidden-fields-container\"><input type=\"hidden\" name=\"_wpcf7\" value=\"5385\" \/><input type=\"hidden\" name=\"_wpcf7_version\" value=\"6.1.5\" \/><input type=\"hidden\" name=\"_wpcf7_locale\" value=\"en_US\" \/><input type=\"hidden\" name=\"_wpcf7_unit_tag\" value=\"wpcf7-f5385-o1\" \/><input type=\"hidden\" name=\"_wpcf7_container_post\" value=\"0\" \/><input type=\"hidden\" name=\"_wpcf7_posted_data_hash\" value=\"\" \/>\n<\/fieldset>\n<div class=\"row\" style=\"text-align:center;\">\n\t<div class=\"col-md-6 pr-5 mr-5\">\n\t\t<p><label><span class=\"wpcf7-form-control-wrap\" data-name=\"your-name\"><input size=\"40\" maxlength=\"400\" class=\"wpcf7-form-control wpcf7-text wpcf7-validates-as-required\" id=\"form-dis\" aria-required=\"true\" aria-invalid=\"false\" placeholder=\"nome\" value=\"\" type=\"text\" name=\"your-name\" \/><\/span> <\/label>\n\t\t<\/p>\n\t\t<p><label><span class=\"wpcf7-form-control-wrap\" data-name=\"your-email\"><input size=\"40\" maxlength=\"400\" class=\"wpcf7-form-control wpcf7-email wpcf7-validates-as-required wpcf7-text wpcf7-validates-as-email\" aria-required=\"true\" aria-invalid=\"false\" placeholder=\"email\" value=\"\" type=\"email\" name=\"your-email\" \/><\/span> <\/label>\n\t\t<\/p>\n\t\t<p><label><span class=\"wpcf7-form-control-wrap\" data-name=\"telefone\"><input size=\"40\" maxlength=\"400\" class=\"wpcf7-form-control wpcf7-tel wpcf7-text wpcf7-validates-as-tel\" aria-invalid=\"false\" placeholder=\"telefone\" value=\"\" type=\"tel\" name=\"telefone\" \/><\/span><\/label>\n\t\t<\/p>\n\t<\/div>\n\t<div class=\"col-md-6 pl-5 ml-5\">\n\t\t<p><label><span class=\"wpcf7-form-control-wrap\" data-name=\"your-zone\"><input size=\"40\" maxlength=\"400\" class=\"wpcf7-form-control wpcf7-text wpcf7-validates-as-required\" aria-required=\"true\" aria-invalid=\"false\" placeholder=\"zona de resid\u00eancia\" value=\"\" type=\"text\" name=\"your-zone\" \/><\/span> <\/label>\n\t\t<\/p>\n\t\t<p><label><span class=\"wpcf7-form-control-wrap\" data-name=\"your-message\"><textarea cols=\"40\" rows=\"10\" maxlength=\"2000\" class=\"wpcf7-form-control wpcf7-textarea\" aria-invalid=\"false\" placeholder=\"Se desejar, deixe um coment\u00e1rio em baixo\" name=\"your-message\"><\/textarea><\/span> <\/label>\n\t\t<\/p>\n\t\t<p><input class=\"wpcf7-form-control wpcf7-submit has-spinner\" id=\"sub-dis\" type=\"submit\" value=\"Enviar\" \/>\n\t\t<\/p>\n\t<\/div>\n<\/div><div class=\"wpcf7-response-output\" aria-hidden=\"true\"><\/div>\n<\/form>\n<\/div>\n[\/vc_column][\/vc_row]<\/p>\n<\/div>","protected":false},"excerpt":{"rendered":"<p>[vc_row full_width=&#8221;stretch_row&#8221; bg_type=&#8221;image&#8221; parallax_style=&#8221;vcpb-default&#8221; bg_image_new=&#8221;id^5396|url^https:\/\/www.avani.pt\/wp-content\/uploads\/2019\/01\/header_pagina_workshops.png|caption^null|alt^null|title^header_pagina_workshops|description^null&#8221; bg_image_repeat=&#8221;no-repeat&#8221; bg_override=&#8221;ex-full&#8221; css=&#8221;.vc_custom_1548856045711{background-position: center !important;background-repeat: no-repeat !important;background-size: contain !important;}&#8221; el_class=&#8221;titlecandback&#8221;][vc_column css=&#8221;.vc_custom_1520957780290{margin-top: -20px !important;background-position: center !important;background-repeat: no-repeat !important;background-size: cover !important;}&#8221; el_class=&#8221;Titlecand&#8221;][vc_column_text]WORKSHOPS AVANI PROFESSIONAL[\/vc_column_text][\/vc_column][\/vc_row][vc_row][vc_column][vc_empty_space][\/vc_column][\/vc_row][vc_row gap=&#8221;25&#8243; el_class=&#8221;bloco2-cand&#8221;][vc_column width=&#8221;1\/2&#8243; el_class=&#8221;bloco1-cand&#8221;][franco_heading small_heading_title=&#8221;Os nossos Workshops&#8221; tag_heading=&#8221;tag-h1&#8243; big_heading_title=&#8221;Avani Profissional&#8221; heading_align=&#8221;left&#8221; el_class=&#8221;headcand1&#8243;][ultimate_spacer height=&#8221;10&#8243;][vc_column_text el_class=&#8221;txtcand&#8221;]Avani Professional Workshops are for professionals in the field and also for the general public [&hellip;]<\/p>\n","protected":false},"author":8,"featured_media":0,"parent":0,"menu_order":0,"comment_status":"closed","ping_status":"closed","template":"","meta":{"_acf_changed":false,"footnotes":""},"class_list":["post-77435","page","type-page","status-publish","hentry","category_page-avani"],"acf":[],"_links":{"self":[{"href":"https:\/\/www.avani.pt\/en\/wp-json\/wp\/v2\/pages\/77435","targetHints":{"allow":["GET"]}}],"collection":[{"href":"https:\/\/www.avani.pt\/en\/wp-json\/wp\/v2\/pages"}],"about":[{"href":"https:\/\/www.avani.pt\/en\/wp-json\/wp\/v2\/types\/page"}],"author":[{"embeddable":true,"href":"https:\/\/www.avani.pt\/en\/wp-json\/wp\/v2\/users\/8"}],"replies":[{"embeddable":true,"href":"https:\/\/www.avani.pt\/en\/wp-json\/wp\/v2\/comments?post=77435"}],"version-history":[{"count":5,"href":"https:\/\/www.avani.pt\/en\/wp-json\/wp\/v2\/pages\/77435\/revisions"}],"predecessor-version":[{"id":77443,"href":"https:\/\/www.avani.pt\/en\/wp-json\/wp\/v2\/pages\/77435\/revisions\/77443"}],"wp:attachment":[{"href":"https:\/\/www.avani.pt\/en\/wp-json\/wp\/v2\/media?parent=77435"}],"curies":[{"name":"wp","href":"https:\/\/api.w.org\/{rel}","templated":true}]}}