{"id":77454,"date":"2019-08-22T10:46:56","date_gmt":"2019-08-22T09:46:56","guid":{"rendered":"https:\/\/www.avani.pt\/avani-professional-influencer-challenge\/"},"modified":"2025-10-21T15:58:10","modified_gmt":"2025-10-21T14:58:10","slug":"avani-professional-influencer-challenge","status":"publish","type":"page","link":"https:\/\/www.avani.pt\/en\/avani-professional-influencer-challenge\/","title":{"rendered":"Avani Professional Influencer Challenge"},"content":{"rendered":"<div class=\"wpb-content-wrapper\"><p>[vc_row full_width=&#8221;stretch_row&#8221; bg_type=&#8221;image&#8221; parallax_style=&#8221;vcpb-default&#8221; bg_image_new=&#8221;id^7316|url^https:\/\/www.avani.pt\/wp-content\/uploads\/2019\/08\/header_desafio_influenciadoras_avani_profissional.jpg|caption^null|alt^null|title^header_desafio_influenciadoras_avani_profissional|description^null&#8221; bg_image_repeat=&#8221;no-repeat&#8221; bg_override=&#8221;ex-full&#8221; css=&#8221;.vc_custom_1566469047501{background-position: center !important;background-repeat: no-repeat !important;background-size: contain !important;}&#8221; el_class=&#8221;titlecandback&#8221;][vc_column css=&#8221;.vc_custom_1520957780290{margin-top: -20px !important;background-position: center !important;background-repeat: no-repeat !important;background-size: cover !important;}&#8221; el_class=&#8221;Titlecand&#8221;][vc_empty_space height=&#8221;62px&#8221;][vc_column_text][\/vc_column_text][vc_column_text][\/vc_column_text][\/vc_column][\/vc_row][vc_row][vc_column][vc_empty_space][\/vc_column][\/vc_row][vc_row gap=&#8221;25&#8243; el_class=&#8221;bloco2-cand&#8221;][vc_column width=&#8221;1\/2&#8243; el_class=&#8221;bloco1-cand&#8221;][franco_heading small_heading_title=&#8221;DESAFIO INFLUENCIADORAS&#8221; tag_heading=&#8221;tag-h1&#8243; big_heading_title=&#8221;AVANI PROFISSIONAL&#8221; heading_align=&#8221;left&#8221; el_class=&#8221;headcand1&#8243;][ultimate_spacer height=&#8221;10&#8243;][vc_column_text el_class=&#8221;txtcand&#8221;]Welcome!<\/p>\n<p><strong><br \/>\nThe Challenge<\/strong><\/p>\n<p>To take part in the Avani Professional Influencers challenge, each participant must promote, through their digital channels, Facebook and Instagram, a visit by their followers to the website <strong>www.avani.pt <\/strong>, and then subscribe to the Avani Professional Guest List, with exclusive monthly discounts.<\/p>\n<p>The Influencer who manages to generate the most visits to the <strong>Avani Professional Website<\/strong>, through her link (unique for each influencer), sent by the brand, will be the winner of the Challenge.<\/p>\n<p><strong><br \/>\nHow to participate:<\/strong><\/p>\n<ul>\n<li>Send an email to <strong>marketing@avani.pt, <\/strong>indicating your intention to take part in the challenge, so that the brand can send you the details of your participation, as well as the necessary image and text content.<\/li>\n<li>Share the Challenge post(s) provided by the Brand on their social networks;<\/li>\n<li>Use your link (unique for each influencer) to generate visits to the Avani Professional website;<\/li>\n<li>Be aware of the terms and conditions of the Challenge and ensure good practices in your community.<\/li>\n<\/ul>\n<p><strong><br \/>\nChallenge duration<\/strong><\/p>\n<p>The Challenge will run from September 10 to 30, 2019.<\/p>\n<p><strong><br \/>\nAnnouncement of the Challenge winner<\/strong><\/p>\n<p>The winner of the challenge will be notified by email in <strong>October 2019 <\/strong>.<\/p>\n<p>&nbsp;<\/p>\n<ul class=\"ul1\"><\/ul>\n<p>[\/vc_column_text][\/vc_column][vc_column width=&#8221;5\/12&#8243; el_class=&#8221;bloco2-cand&#8221;][franco_heading small_heading_title=&#8221;REGULAMENTO E CONTACTOS&#8221; tag_heading=&#8221;tag-h1&#8243; big_heading_title=&#8221;AVANI PROFISSIONAL&#8221; heading_align=&#8221;left&#8221; el_class=&#8221;headcand2&#8243;][vc_column_text el_class=&#8221;textocand1&#8243;]To visit the conditions of participation in the <strong>Avani Professional Influencer Challenge<\/strong>, please visit:<\/p>\n<p><a href=\"https:\/\/www.avani.pt\/en\/regulations-avani-professional-influencer-challenge\/\"><strong>Regulations | Avani Professional Influencers Challenge<\/strong><\/a><\/p>\n<p>For questions related to the contest, please send an email to <strong>marketing@avani.pt.<\/strong>[\/vc_column_text][\/vc_column][\/vc_row][vc_row full_width=&#8221;stretch_row&#8221; content_placement=&#8221;middle&#8221; bg_type=&#8221;bg_color&#8221; bg_color_value=&#8221;#4ac443&#8243;][vc_column][franco_heading small_heading_title=&#8221;TENHA ACESSO A UM&#8221; tag_heading=&#8221;tag-h1&#8243; big_heading_title=&#8221;PLANO DE FORMA\u00c7\u00c3O DE ALTO N\u00cdVEL&#8221; small_title_color=&#8221;#ffffff&#8221; big_title_color=&#8221;#ffffff&#8221;][\/vc_column][\/vc_row][vc_row full_width=&#8221;stretch_row&#8221; content_placement=&#8221;middle&#8221; bg_type=&#8221;bg_color&#8221; bg_color_value=&#8221;#4ac443&#8243; el_class=&#8221;datecand&#8221;][vc_column width=&#8221;1\/3&#8243; el_class=&#8221;based1&#8243;][vc_column_text el_class=&#8221;d&#8221;]<\/p>\n<p style=\"text-align: center;\">UPCOMING DATES:<\/p>\n<p>[\/vc_column_text][\/vc_column][vc_column width=&#8221;1\/3&#8243; css=&#8221;.vc_custom_1520944899005{border-radius: 1px !important;}&#8221;][vc_column_text el_class=&#8221;d1&#8243;]<\/p>\n<p style=\"text-align: center;\">information unavailable<\/p>\n<p>[\/vc_column_text][\/vc_column][vc_column width=&#8221;1\/3&#8243; el_class=&#8221;based3&#8243;][vc_column_text el_class=&#8221;d2&#8243;]<\/p>\n<p style=\"text-align: center;\">information unavailable<\/p>\n<p>[\/vc_column_text][\/vc_column][\/vc_row][vc_row full_width=&#8221;stretch_row_content_no_spaces&#8221; content_placement=&#8221;middle&#8221; bg_type=&#8221;bg_color&#8221;][vc_column el_class=&#8221;bloco3-cand&#8221;][\/vc_column][\/vc_row][vc_row][vc_column][franco_heading heading_style=&#8221;style8&#8243; small_heading_title=&#8221;ou entre em contacto connosco atrav\u00e9s do (+351) 214 062 427 para mais informa\u00e7\u00f5es.&#8221; tag_heading=&#8221;tag-h1&#8243; big_heading_title=&#8221;PREENCHA O FORMUL\u00c1RIO&#8221;][\/vc_column][\/vc_row][vc_row el_class=&#8221;formbeleza&#8221;][vc_column]\n<div class=\"wpcf7 no-js\" id=\"wpcf7-f2198-o1\" lang=\"en-US\" dir=\"ltr\" data-wpcf7-id=\"2198\">\n<div class=\"screen-reader-response\"><p role=\"status\" aria-live=\"polite\" aria-atomic=\"true\"><\/p> <ul><\/ul><\/div>\n<form action=\"\/en\/wp-json\/wp\/v2\/pages\/77454#wpcf7-f2198-o1\" method=\"post\" class=\"wpcf7-form init\" aria-label=\"Contact form\" novalidate=\"novalidate\" data-status=\"init\">\n<fieldset class=\"hidden-fields-container\"><input type=\"hidden\" name=\"_wpcf7\" value=\"2198\" \/><input type=\"hidden\" name=\"_wpcf7_version\" value=\"6.1.5\" \/><input type=\"hidden\" name=\"_wpcf7_locale\" value=\"en_US\" \/><input type=\"hidden\" name=\"_wpcf7_unit_tag\" value=\"wpcf7-f2198-o1\" \/><input type=\"hidden\" name=\"_wpcf7_container_post\" value=\"0\" \/><input type=\"hidden\" name=\"_wpcf7_posted_data_hash\" value=\"\" \/>\n<\/fieldset>\n<div class=\"row\" style=\"text-align:center;\">\n\t<div class=\"col-md-6 pr-5 mr-5\">\n\t\t<p><label><span class=\"wpcf7-form-control-wrap\" data-name=\"your-name\"><input size=\"40\" maxlength=\"400\" class=\"wpcf7-form-control wpcf7-text wpcf7-validates-as-required\" id=\"form-dis\" aria-required=\"true\" aria-invalid=\"false\" placeholder=\"nome\" value=\"\" type=\"text\" name=\"your-name\" \/><\/span> <\/label>\n\t\t<\/p>\n\t\t<p><label><span class=\"wpcf7-form-control-wrap\" data-name=\"your-email\"><input size=\"40\" maxlength=\"400\" class=\"wpcf7-form-control wpcf7-email wpcf7-validates-as-required wpcf7-text wpcf7-validates-as-email\" aria-required=\"true\" aria-invalid=\"false\" placeholder=\"email\" value=\"\" type=\"email\" name=\"your-email\" \/><\/span> <\/label>\n\t\t<\/p>\n\t\t<p><label><span class=\"wpcf7-form-control-wrap\" data-name=\"telefone\"><input size=\"40\" maxlength=\"400\" class=\"wpcf7-form-control wpcf7-tel wpcf7-text wpcf7-validates-as-tel\" aria-invalid=\"false\" placeholder=\"telefone\" value=\"\" type=\"tel\" name=\"telefone\" \/><\/span><\/label>\n\t\t<\/p>\n\t<\/div>\n\t<div class=\"col-md-6 pl-5 ml-5\">\n\t\t<p><label><span class=\"wpcf7-form-control-wrap\" data-name=\"your-zone\"><input size=\"40\" maxlength=\"400\" class=\"wpcf7-form-control wpcf7-text wpcf7-validates-as-required\" aria-required=\"true\" aria-invalid=\"false\" placeholder=\"morada do sal\u00e3o\" value=\"\" type=\"text\" name=\"your-zone\" \/><\/span> <\/label>\n\t\t<\/p>\n\t\t<p><label><span class=\"wpcf7-form-control-wrap\" data-name=\"your-message\"><textarea cols=\"40\" rows=\"10\" maxlength=\"2000\" class=\"wpcf7-form-control wpcf7-textarea\" aria-invalid=\"false\" placeholder=\"Se desejar, deixe um coment\u00e1rio em baixo\" name=\"your-message\"><\/textarea><\/span> <\/label>\n\t\t<\/p>\n\t\t<p><input class=\"wpcf7-form-control wpcf7-submit has-spinner\" id=\"sub-dis\" type=\"submit\" value=\"Enviar\" \/>\n\t\t<\/p>\n\t<\/div>\n<\/div><div class=\"wpcf7-response-output\" aria-hidden=\"true\"><\/div>\n<\/form>\n<\/div>\n[\/vc_column][\/vc_row]<\/p>\n<\/div>","protected":false},"excerpt":{"rendered":"<p>[vc_row full_width=&#8221;stretch_row&#8221; bg_type=&#8221;image&#8221; parallax_style=&#8221;vcpb-default&#8221; bg_image_new=&#8221;id^7316|url^https:\/\/www.avani.pt\/wp-content\/uploads\/2019\/08\/header_desafio_influenciadoras_avani_profissional.jpg|caption^null|alt^null|title^header_desafio_influenciadoras_avani_profissional|description^null&#8221; bg_image_repeat=&#8221;no-repeat&#8221; bg_override=&#8221;ex-full&#8221; css=&#8221;.vc_custom_1566469047501{background-position: center !important;background-repeat: no-repeat !important;background-size: contain !important;}&#8221; el_class=&#8221;titlecandback&#8221;][vc_column css=&#8221;.vc_custom_1520957780290{margin-top: -20px !important;background-position: center !important;background-repeat: no-repeat !important;background-size: cover !important;}&#8221; el_class=&#8221;Titlecand&#8221;][vc_empty_space height=&#8221;62px&#8221;][vc_column_text][\/vc_column_text][vc_column_text][\/vc_column_text][\/vc_column][\/vc_row][vc_row][vc_column][vc_empty_space][\/vc_column][\/vc_row][vc_row gap=&#8221;25&#8243; el_class=&#8221;bloco2-cand&#8221;][vc_column width=&#8221;1\/2&#8243; el_class=&#8221;bloco1-cand&#8221;][franco_heading small_heading_title=&#8221;DESAFIO INFLUENCIADORAS&#8221; tag_heading=&#8221;tag-h1&#8243; big_heading_title=&#8221;AVANI PROFISSIONAL&#8221; heading_align=&#8221;left&#8221; el_class=&#8221;headcand1&#8243;][ultimate_spacer height=&#8221;10&#8243;][vc_column_text el_class=&#8221;txtcand&#8221;]Welcome! The Challenge To take part in the Avani Professional Influencers challenge, each participant must promote, through [&hellip;]<\/p>\n","protected":false},"author":8,"featured_media":0,"parent":0,"menu_order":0,"comment_status":"closed","ping_status":"closed","template":"","meta":{"_acf_changed":false,"footnotes":""},"class_list":["post-77454","page","type-page","status-publish","hentry","category_page-avani"],"acf":[],"_links":{"self":[{"href":"https:\/\/www.avani.pt\/en\/wp-json\/wp\/v2\/pages\/77454","targetHints":{"allow":["GET"]}}],"collection":[{"href":"https:\/\/www.avani.pt\/en\/wp-json\/wp\/v2\/pages"}],"about":[{"href":"https:\/\/www.avani.pt\/en\/wp-json\/wp\/v2\/types\/page"}],"author":[{"embeddable":true,"href":"https:\/\/www.avani.pt\/en\/wp-json\/wp\/v2\/users\/8"}],"replies":[{"embeddable":true,"href":"https:\/\/www.avani.pt\/en\/wp-json\/wp\/v2\/comments?post=77454"}],"version-history":[{"count":11,"href":"https:\/\/www.avani.pt\/en\/wp-json\/wp\/v2\/pages\/77454\/revisions"}],"predecessor-version":[{"id":82691,"href":"https:\/\/www.avani.pt\/en\/wp-json\/wp\/v2\/pages\/77454\/revisions\/82691"}],"wp:attachment":[{"href":"https:\/\/www.avani.pt\/en\/wp-json\/wp\/v2\/media?parent=77454"}],"curies":[{"name":"wp","href":"https:\/\/api.w.org\/{rel}","templated":true}]}}