{"id":78109,"date":"2020-07-09T15:47:13","date_gmt":"2020-07-09T14:47:13","guid":{"rendered":"https:\/\/www.avani.pt\/p\/medium-thick-colored-hair-oily-roots-indian-secrets-luxury-haircare\/"},"modified":"2025-10-21T12:00:05","modified_gmt":"2025-10-21T11:00:05","slug":"medium-thick-colored-hair-oily-roots-indian-secrets-luxury-haircare","status":"publish","type":"product","link":"https:\/\/www.avani.pt\/en\/p\/medium-thick-colored-hair-oily-roots-indian-secrets-luxury-haircare\/","title":{"rendered":"Medium-thick, colored hair &amp; oily roots | Indian Secrets | Luxury Haircare"},"content":{"rendered":"<div class=\"wpb-content-wrapper\"><p>[vc_row full_width=&#8221;stretch_row_content_no_spaces&#8221; el_class=&#8221;text-align-center&#8221;][vc_column]<div class=\"stars-of-product-module-wrapper margin-top-between-modules\">\n    <img decoding=\"async\" class=\"stars-of-product-module-left-image-design\" src=\"\/dist\/images\/stars_product_module_design.png\">\n    <img decoding=\"async\" class=\"stars-of-product-module-right-image-design\" src=\"\/dist\/images\/stars_product_module_design.png\">\n\n    <div class=\"container\">\n\n        <div class=\"stars-of-product-module text-align-center  desktop--only--md\">\n\n                            <div class=\"star-rating\">\n                                            <i class=\"fa fa-star\"><\/i>\n                                            <i class=\"fa fa-star\"><\/i>\n                                            <i class=\"fa fa-star\"><\/i>\n                                            <i class=\"fa fa-star\"><\/i>\n                                            <i class=\"fa fa-star\"><\/i>\n                                    <\/div>\n            \n                            <div class=\"stars-of-product-module-titles\">\n                                            <h2 class=\"stars-of-product-module-title black uppercase back_color\">The Product Stars<\/h2>\n                                    <\/div>\n            \n                            <div class=\"stars-of-product-module-content\">\n                    <p>It&#8217;s very difficult to solve the problem of oily roots and dry ends because people usually either focus on treating the excess oil by using specific products for oily hair which then dehydrate the ends; or when they notice that the middle and ends are very dry, they just use more nourishing products which make the oiliness problem even worse. In other words, if you focus on just one of these problems, there&#8217;s a good chance you&#8217;ll aggravate the other. In this case, for hair with an oily scalp that has been coloured, we recommend using products rich in natural ingredients that purify the scalp and moisturize the middle and ends of the hair at the same time. This treatment has been meticulously studied and tested and the products chosen contribute to balancing the scalp&#8217;s microbiota and deeply moisturizing the entire length of the hair, which is essential for healthy hair. It includes: two shampoos, one to purify and the other to moisturize the scalp ( <strong>Indian Hair Vitaminized and Cold effect)<\/strong>; the <strong>Indian Hair Vitaminized Mask<\/strong> which helps to moisturize and rebuild the hair fibre, giving it more strength, density, shine and vitality; the <strong>Indian Hair Vitaminized Conditioner<\/strong> to apply to the mid-lengths and ends, preventing hair breakage; and the <strong>Indian Hair Rebuild Sealing Serum<\/strong> which will help to instantly restore elasticity and shine, sealing the ends at the same time.    <\/p>\n\n                <\/div>\n            \n        <\/div>\n\n\n                    <div class=\"accordion   accordion-successive-first js-accordion not-found mobile--only--md stars-of-product-module text-align-center margin-top-between-modules back_color\">\n                <div class=\"accordion-container\">\n                    <div class=\"accordion-question space-between\">\n                                                    <h3 class=\"accordion-question-title uppercase back_color\">\n                                As Estrelas do Produtos\n                            <\/h3>\n                                                <span class=\"accordion-arrow back_color\">&emsp;<\/span>\n                    <\/div>\n                    <div class=\"accordion-answer\">\n\n                                                    <div class=\"star-rating\">\n                                                                    <i class=\"fa fa-star\"><\/i>\n                                                                    <i class=\"fa fa-star\"><\/i>\n                                                                    <i class=\"fa fa-star\"><\/i>\n                                                                    <i class=\"fa fa-star\"><\/i>\n                                                                    <i class=\"fa fa-star\"><\/i>\n                                                            <\/div>\n                        \n                                                    <div class=\"stars-of-product-module-content\">\n                                <p>It&#8217;s very difficult to solve the problem of oily roots and dry ends because people usually either focus on treating the excess oil by using specific products for oily hair which then dehydrate the ends; or when they notice that the middle and ends are very dry, they just use more nourishing products which make the oiliness problem even worse. In other words, if you focus on just one of these problems, there&#8217;s a good chance you&#8217;ll aggravate the other. In this case, for hair with an oily scalp that has been coloured, we recommend using products rich in natural ingredients that purify the scalp and moisturize the middle and ends of the hair at the same time. This treatment has been meticulously studied and tested and the products chosen contribute to balancing the scalp&#8217;s microbiota and deeply moisturizing the entire length of the hair, which is essential for healthy hair. It includes: two shampoos, one to purify and the other to moisturize the scalp ( <strong>Indian Hair Vitaminized and Cold effect)<\/strong>; the <strong>Indian Hair Vitaminized Mask<\/strong> which helps to moisturize and rebuild the hair fibre, giving it more strength, density, shine and vitality; the <strong>Indian Hair Vitaminized Conditioner<\/strong> to apply to the mid-lengths and ends, preventing hair breakage; and the <strong>Indian Hair Rebuild Sealing Serum<\/strong> which will help to instantly restore elasticity and shine, sealing the ends at the same time.    <\/p>\n\n                            <\/div>\n                                            <\/div>\n                <\/div>\n            <\/div>\n        \n    <\/div>\n<\/div>\n[\/vc_column][\/vc_row][vc_row full_width=&#8221;stretch_row_content_no_spaces&#8221; el_class=&#8221;text-align-center&#8221;][vc_column]<div class=\"container\">\n\t<div class=\"usability-tips-and-secrets-module desktop--only--md\">\n\n\t\t<div class=\"usability-tips-and-secrets-module-content-wrapper full-width-container\">\n\n\t\t\t\n\t\t\t\t\t\t\t<div class=\"usability-tips-and-secrets-module-content usability-tips-and-secrets-module-content--bordered margin-top-between-modules\">\n\t\t\t\t\t\t\t\t\t\t\t<h2 class=\"uppercase black\">Como usar<\/h2>\n\t\t\t\t\t\n\t\t\t\t\t\t\t\t\t\t\t<p>1) Quando lavar o cabelo recomendamos que fa\u00e7a sempre duas lavagens, porque esse \u00e9 o procedimento que a torna verdadeiramente eficaz. Neste caso, recomendamos a primeira lavagem com o shampoo Cold effect que vai fazer uma limpeza purificante para equilibrar o couro cabeludo, e a segunda lavagem com o shampoo Indian Hair Vitaminado hidratante. 2) Ap\u00f3s retirar o excesso de \u00e1gua com uma toalha de prefer\u00eancia, aplicar a m\u00e1scara madeixa a madeixa deixando actuar pelo menos durante 4 minutos e enxaguar. 3) Aplicar o Condicionador nos meios e pontas e deixar actuar durante 1 minuto. De seguida, enxaguar. 4) Aplicar meia ervilha do S\u00e9rum rebuild na palma das m\u00e3os, espalhar bem e aplicar nas pontas. Aplicar diariamente de manh\u00e3 e \u00e0 noite.<\/p>\n\n\t\t\t\t\t\t\t\t\t<\/div>\n\t\t\t\n\t\t\t\t\t<\/div>\n\t<\/div>\n\n\t\t\t<div class=\"mobile--only--md usability-tips-and-secrets-module text-align-center margin-top-between-modules usability-tips-and-secrets-module-video\">\n\t\t\t\t\t<\/div>\n\t\n\t\t\t<div class=\"accordion accordion-successive  js-accordion not-found mobile--only--md usability-tips-and-secrets-module text-align-center margin-top-between-modules back_color\">\n\t\t\t<div class=\"accordion-container\">\n\t\t\t\t<div class=\"accordion-question space-between\">\n\t\t\t\t\t\t\t\t\t\t\t<h3 class=\"accordion-question-title uppercase back_color\">\n\t\t\t\t\t\t\tComo usar\n\t\t\t\t\t\t<\/h3>\n\t\t\t\t\t\n\t\t\t\t\t<span class=\"accordion-arrow back_color\">&emsp;<\/span>\n\t\t\t\t<\/div>\n\t\t\t\t<div class=\"accordion-answer\">\n\t\t\t\t\t\t\t\t\t\t\t<div class=\"usability-tips-and-secrets-module-content\">\n\t\t\t\t\t\t\t<p>1) Quando lavar o cabelo recomendamos que fa\u00e7a sempre duas lavagens, porque esse \u00e9 o procedimento que a torna verdadeiramente eficaz. Neste caso, recomendamos a primeira lavagem com o shampoo Cold effect que vai fazer uma limpeza purificante para equilibrar o couro cabeludo, e a segunda lavagem com o shampoo Indian Hair Vitaminado hidratante. 2) Ap\u00f3s retirar o excesso de \u00e1gua com uma toalha de prefer\u00eancia, aplicar a m\u00e1scara madeixa a madeixa deixando actuar pelo menos durante 4 minutos e enxaguar. 3) Aplicar o Condicionador nos meios e pontas e deixar actuar durante 1 minuto. De seguida, enxaguar. 4) Aplicar meia ervilha do S\u00e9rum rebuild na palma das m\u00e3os, espalhar bem e aplicar nas pontas. Aplicar diariamente de manh\u00e3 e \u00e0 noite.<\/p>\n\n\t\t\t\t\t\t<\/div>\n\t\t\t\t\t\t\t\t\t<\/div>\n\t\t\t<\/div>\n\t\t<\/div>\n\t\n\t<\/div>\n[\/vc_column][\/vc_row][vc_row full_width=&#8221;stretch_row_content_no_spaces&#8221; el_class=&#8221;text-align-center&#8221;][vc_column]<div class=\"container \">\n\n    <div class=\"content-default-module text-align-center margin-top-between-modules\n        \n        \n        \n        \n        \n        \n        desktop--only--md\"\n        style=\"margin-bottom: 0px;\"\n    >\n\n                <div class=\"content-default-module-titles\">\n                            <h2 class=\"content-default-module-title uppercase black\">Dicas &amp; Segredos<\/h2>\n            \n                    <\/div>\n        \n                    <div class=\"content-default-module-content\">\n                <p>Se usar secador ou outras ferramentas t\u00e9rmicas \u00e9 importante aplicar o Protetor t\u00e9rmico<a href=\"https:\/\/www.avani.pt\/p\/spray-ganesh-protetor-termico-e-uv-250-ml\/\"> Ganesh Thermic<\/a>. Deve ser aplicada uma quantidade equivalente a uma ervilha do Ganesh Thermic na palma das m\u00e3os, espalhar bem como se fosse um creme de m\u00e3os e distribuir nos cabelos insistindo nos meios e pontas, logo depois da lavagem, fora do banho.<\/p>\n<p>Para um couro cabeludo extremamente sens\u00edvel colocar quatro gotas de <a href=\"https:\/\/www.avani.pt\/p\/oleo-melaleuca-tea-tree-10ml\/\">\u00f3leo de melaleuca<\/a> nos dois shampoos e agitar bem.<\/p>\n<p>Se o cabelo estiver muito danificado pode alternar nas lavagens a <a href=\"https:\/\/www.avani.pt\/p\/mascara-cabelo-muito-seco-indian-hair-500ml\/\">m\u00e1scara Indian Hair Nutrition<\/a> para nutrir e a <a href=\"https:\/\/www.avani.pt\/p\/mascara-reconstrutura-cabelos-danificados-rebuilt-500ml\/\">M\u00e1scara Indian Hair Rebuild<\/a> para regenerar a fibra.<\/p>\n\n            <\/div>\n        \n        \n        \n\n        \n\n\n    <\/div>\n\n\n            <div class=\"accordion accordion-successive   js-accordion not-found mobile--only--md content-default-module text-align-center margin-top-between-modules back_color\">\n            <div class=\"accordion-container\">\n                <div class=\"accordion-question space-between\">\n                                            <h3 class=\"accordion-question-title uppercase back_color\">\n                            Dicas &amp; Segredos\n                        <\/h3>\n                                        <span class=\"accordion-arrow back_color\">&emsp;<\/span>\n                <\/div>\n                <div class=\"accordion-answer\">\n                    \n                                            <div class=\"content-default-module-content\">\n                            <p>Se usar secador ou outras ferramentas t\u00e9rmicas \u00e9 importante aplicar o Protetor t\u00e9rmico<a href=\"https:\/\/www.avani.pt\/p\/spray-ganesh-protetor-termico-e-uv-250-ml\/\"> Ganesh Thermic<\/a>. Deve ser aplicada uma quantidade equivalente a uma ervilha do Ganesh Thermic na palma das m\u00e3os, espalhar bem como se fosse um creme de m\u00e3os e distribuir nos cabelos insistindo nos meios e pontas, logo depois da lavagem, fora do banho.<\/p>\n<p>Para um couro cabeludo extremamente sens\u00edvel colocar quatro gotas de <a href=\"https:\/\/www.avani.pt\/p\/oleo-melaleuca-tea-tree-10ml\/\">\u00f3leo de melaleuca<\/a> nos dois shampoos e agitar bem.<\/p>\n<p>Se o cabelo estiver muito danificado pode alternar nas lavagens a <a href=\"https:\/\/www.avani.pt\/p\/mascara-cabelo-muito-seco-indian-hair-500ml\/\">m\u00e1scara Indian Hair Nutrition<\/a> para nutrir e a <a href=\"https:\/\/www.avani.pt\/p\/mascara-reconstrutura-cabelos-danificados-rebuilt-500ml\/\">M\u00e1scara Indian Hair Rebuild<\/a> para regenerar a fibra.<\/p>\n\n                        <\/div>\n                    \n                    \n                                    <\/div>\n            <\/div>\n        <\/div>\n    \n<\/div>\n<div class=\"container \">\n\n    <div class=\"content-default-module text-align-center margin-top-between-modules\n        \n        \n        \n        \n        \n        \n        desktop--only--md\"\n        style=\"margin-bottom: 0px;\"\n    >\n\n                <div class=\"content-default-module-titles\">\n                            <h2 class=\"content-default-module-title uppercase black\">Detalhes<\/h2>\n            \n                    <\/div>\n        \n                    <div class=\"content-default-module-content\">\n                <p><strong>Este tratamento \u00e9 composto por:<\/strong><\/p>\n<p><a href=\"https:\/\/www.avani.pt\/p\/shampoo-vitaminado-fortificante-indian-hair-500ml\/\">Shampoo Indian Hair Vitaminado 250ml<\/a><\/p>\n<p><a href=\"https:\/\/www.avani.pt\/p\/shampoo-cold-effect-anticaspa-indian-hair-250ml\/\">Shampoo Purificante Cold Effect 250ml<\/a><\/p>\n<p><a href=\"https:\/\/www.avani.pt\/p\/creme-selador-pontas-rebuilt-pontas-espigadas-e-abertas\/\">S\u00e9rum Hair Rebuild 100ml<\/a><\/p>\n<p><a href=\"https:\/\/www.avani.pt\/p\/condicionador-vitaminado-fortificante-indian-hair-250-ml\/\">Condicionador Indian Hair Vitaminado 250ml<\/a><\/p>\n<p><a href=\"https:\/\/www.avani.pt\/p\/mascara-vitaminada-fortificante-indian-hair-500-ml-amla\/\">M\u00e1scara Indian Hair Vitaminada 500ml<\/a><\/p>\n\n            <\/div>\n        \n        \n        \n\n        \n\n\n    <\/div>\n\n\n            <div class=\"accordion accordion-successive   js-accordion not-found mobile--only--md content-default-module text-align-center margin-top-between-modules back_color\">\n            <div class=\"accordion-container\">\n                <div class=\"accordion-question space-between\">\n                                            <h3 class=\"accordion-question-title uppercase back_color\">\n                            Detalhes\n                        <\/h3>\n                                        <span class=\"accordion-arrow back_color\">&emsp;<\/span>\n                <\/div>\n                <div class=\"accordion-answer\">\n                    \n                                            <div class=\"content-default-module-content\">\n                            <p><strong>Este tratamento \u00e9 composto por:<\/strong><\/p>\n<p><a href=\"https:\/\/www.avani.pt\/p\/shampoo-vitaminado-fortificante-indian-hair-500ml\/\">Shampoo Indian Hair Vitaminado 250ml<\/a><\/p>\n<p><a href=\"https:\/\/www.avani.pt\/p\/shampoo-cold-effect-anticaspa-indian-hair-250ml\/\">Shampoo Purificante Cold Effect 250ml<\/a><\/p>\n<p><a href=\"https:\/\/www.avani.pt\/p\/creme-selador-pontas-rebuilt-pontas-espigadas-e-abertas\/\">S\u00e9rum Hair Rebuild 100ml<\/a><\/p>\n<p><a href=\"https:\/\/www.avani.pt\/p\/condicionador-vitaminado-fortificante-indian-hair-250-ml\/\">Condicionador Indian Hair Vitaminado 250ml<\/a><\/p>\n<p><a href=\"https:\/\/www.avani.pt\/p\/mascara-vitaminada-fortificante-indian-hair-500-ml-amla\/\">M\u00e1scara Indian Hair Vitaminada 500ml<\/a><\/p>\n\n                        <\/div>\n                    \n                    \n                                    <\/div>\n            <\/div>\n        <\/div>\n    \n<\/div>\n<div class=\"tip-products margin-top-between-modules default\">\n    <div class=\"container\">\n                    <h2 class=\"title\">\n                COMPRAR INDIVIDUALMENTE\n            <\/h2>\n        \n        \n        <div class=\"products-container\">\n                    <\/div>\n\n    <\/div>\n<\/div>\n[\/vc_column][\/vc_row]<\/p>\n<\/div>","protected":false},"excerpt":{"rendered":"<p>A combination of five products rich in natural ingredients that will treat excess oil at the roots, moisturize and regenerate the mid-lengths and ends of colored hair. This treatment has been meticulously studied and tested and the products chosen help to replenish all the elements essential to the health of hair with these characteristics. <\/p>\n","protected":false},"featured_media":76757,"comment_status":"open","ping_status":"closed","template":"","meta":{"_acf_changed":false},"product_brand":[],"product_cat":[427,468,459,426,469,447,467],"product_tag":[],"class_list":{"0":"post-78109","1":"product","2":"type-product","3":"status-publish","4":"has-post-thumbnail","6":"product_cat-amla","7":"product_cat-avani-exclusives","8":"product_cat-care","9":"product_cat-hair","10":"product_cat-medium-thick-hair-exclusive-avani-treatments","11":"product_cat-scalp-problems","12":"product_cat-treatments","14":"first","15":"instock","16":"taxable","17":"shipping-taxable","18":"purchasable","19":"product-type-simple"},"acf":[],"wooqr_code":"","_links":{"self":[{"href":"https:\/\/www.avani.pt\/en\/wp-json\/wp\/v2\/product\/78109","targetHints":{"allow":["GET"]}}],"collection":[{"href":"https:\/\/www.avani.pt\/en\/wp-json\/wp\/v2\/product"}],"about":[{"href":"https:\/\/www.avani.pt\/en\/wp-json\/wp\/v2\/types\/product"}],"replies":[{"embeddable":true,"href":"https:\/\/www.avani.pt\/en\/wp-json\/wp\/v2\/comments?post=78109"}],"wp:featuredmedia":[{"embeddable":true,"href":"https:\/\/www.avani.pt\/en\/wp-json\/wp\/v2\/media\/76757"}],"wp:attachment":[{"href":"https:\/\/www.avani.pt\/en\/wp-json\/wp\/v2\/media?parent=78109"}],"wp:term":[{"taxonomy":"product_brand","embeddable":true,"href":"https:\/\/www.avani.pt\/en\/wp-json\/wp\/v2\/product_brand?post=78109"},{"taxonomy":"product_cat","embeddable":true,"href":"https:\/\/www.avani.pt\/en\/wp-json\/wp\/v2\/product_cat?post=78109"},{"taxonomy":"product_tag","embeddable":true,"href":"https:\/\/www.avani.pt\/en\/wp-json\/wp\/v2\/product_tag?post=78109"}],"curies":[{"name":"wp","href":"https:\/\/api.w.org\/{rel}","templated":true}]}}