{"id":78113,"date":"2020-06-18T13:19:49","date_gmt":"2020-06-18T12:19:49","guid":{"rendered":"https:\/\/www.avani.pt\/p\/fine-colored-hair-oily-roots-indian-secrets-luxury-haircare\/"},"modified":"2026-01-15T12:20:47","modified_gmt":"2026-01-15T12:20:47","slug":"fine-colored-hair-oily-roots-indian-secrets-luxury-haircare","status":"publish","type":"product","link":"https:\/\/www.avani.pt\/en\/p\/fine-colored-hair-oily-roots-indian-secrets-luxury-haircare\/","title":{"rendered":"Fine, colored hair &amp; oily roots | Indian Secrets | Luxury Haircare"},"content":{"rendered":"<div class=\"wpb-content-wrapper\"><p>[vc_row full_width=&#8221;stretch_row_content_no_spaces&#8221; el_class=&#8221;text-align-center&#8221;][vc_column]<div class=\"stars-of-product-module-wrapper margin-top-between-modules\">\n    <img decoding=\"async\" class=\"stars-of-product-module-left-image-design\" src=\"\/dist\/images\/stars_product_module_design.png\">\n    <img decoding=\"async\" class=\"stars-of-product-module-right-image-design\" src=\"\/dist\/images\/stars_product_module_design.png\">\n\n    <div class=\"container\">\n\n        <div class=\"stars-of-product-module text-align-center  desktop--only--md\">\n\n                            <div class=\"star-rating\">\n                                            <i class=\"fa fa-star\"><\/i>\n                                            <i class=\"fa fa-star\"><\/i>\n                                            <i class=\"fa fa-star\"><\/i>\n                                            <i class=\"fa fa-star\"><\/i>\n                                            <i class=\"fa fa-star\"><\/i>\n                                    <\/div>\n            \n                            <div class=\"stars-of-product-module-titles\">\n                                            <h2 class=\"stars-of-product-module-title black uppercase back_color\">The Product Stars<\/h2>\n                                    <\/div>\n            \n                            <div class=\"stars-of-product-module-content\">\n                    <p>Fine hair is naturally more fragile and therefore more prone to hair breakage. Due to their natural characteristics, they tend to accumulate excess oil at the roots, which is often the main cause of hair loss. Hair that has been colored (whether with chemical or natural dyes) becomes even more fragile and prone to breakage or hair loss, because coloring can affect the proteins and lipids present in the hair, which contribute to the balance of hair health. These changes to the internal and external structure of the hair shaft can therefore cause serious damage to the hair. This treatment has been studied and tested in a very meticulous way and the products chosen contribute to balancing the scalp&#8217;s microbiota and deeply moisturizing the entire length of the hair, which is essential for hair health. Includes two shampoos, one to purify and the other to moisturize the scalp ( <strong>Indian Hair Vitaminado and Cold effect)<\/strong>; the <strong>Indian Hair Vitamin Mask<\/strong> which helps to moisturize and rebuild the hair fibre, giving it more strength, density, shine and vitality; the <strong>Indian Hair Vitaminized Conditioner<\/strong> to apply to the mid-lengths and ends to prevent hair breakage; the <strong>Indian Hair Vitaminized Hair Tonic<\/strong> to fortify and combat both hair loss and excess oil and the <strong>Indian Hair Rebuild Sealing Serum<\/strong> which will help to instantly restore elasticity and shine while sealing the ends at the same time.      <\/p>\n\n                <\/div>\n            \n        <\/div>\n\n\n                    <div class=\"accordion   accordion-successive-first js-accordion not-found mobile--only--md stars-of-product-module text-align-center margin-top-between-modules back_color\">\n                <div class=\"accordion-container\">\n                    <div class=\"accordion-question space-between\">\n                                                    <h3 class=\"accordion-question-title uppercase back_color\">\n                                As Estrelas do Produto\n                            <\/h3>\n                                                <span class=\"accordion-arrow back_color\">&emsp;<\/span>\n                    <\/div>\n                    <div class=\"accordion-answer\">\n\n                                                    <div class=\"star-rating\">\n                                                                    <i class=\"fa fa-star\"><\/i>\n                                                                    <i class=\"fa fa-star\"><\/i>\n                                                                    <i class=\"fa fa-star\"><\/i>\n                                                                    <i class=\"fa fa-star\"><\/i>\n                                                                    <i class=\"fa fa-star\"><\/i>\n                                                            <\/div>\n                        \n                                                    <div class=\"stars-of-product-module-content\">\n                                <p>Fine hair is naturally more fragile and therefore more prone to hair breakage. Due to their natural characteristics, they tend to accumulate excess oil at the roots, which is often the main cause of hair loss. Hair that has been colored (whether with chemical or natural dyes) becomes even more fragile and prone to breakage or hair loss, because coloring can affect the proteins and lipids present in the hair, which contribute to the balance of hair health. These changes to the internal and external structure of the hair shaft can therefore cause serious damage to the hair. This treatment has been studied and tested in a very meticulous way and the products chosen contribute to balancing the scalp&#8217;s microbiota and deeply moisturizing the entire length of the hair, which is essential for hair health. Includes two shampoos, one to purify and the other to moisturize the scalp ( <strong>Indian Hair Vitaminado and Cold effect)<\/strong>; the <strong>Indian Hair Vitamin Mask<\/strong> which helps to moisturize and rebuild the hair fibre, giving it more strength, density, shine and vitality; the <strong>Indian Hair Vitaminized Conditioner<\/strong> to apply to the mid-lengths and ends to prevent hair breakage; the <strong>Indian Hair Vitaminized Hair Tonic<\/strong> to fortify and combat both hair loss and excess oil and the <strong>Indian Hair Rebuild Sealing Serum<\/strong> which will help to instantly restore elasticity and shine while sealing the ends at the same time.      <\/p>\n\n                            <\/div>\n                                            <\/div>\n                <\/div>\n            <\/div>\n        \n    <\/div>\n<\/div>\n[\/vc_column][\/vc_row][vc_row full_width=&#8221;stretch_row_content_no_spaces&#8221; el_class=&#8221;text-align-center&#8221;][vc_column]<div class=\"container\">\n\t<div class=\"usability-tips-and-secrets-module desktop--only--md\">\n\n\t\t<div class=\"usability-tips-and-secrets-module-content-wrapper full-width-container\">\n\n\t\t\t\n\t\t\t\t\t\t\t<div class=\"usability-tips-and-secrets-module-content usability-tips-and-secrets-module-content--bordered margin-top-between-modules\">\n\t\t\t\t\t\t\t\t\t\t\t<h2 class=\"uppercase black\">Como usar<\/h2>\n\t\t\t\t\t\n\t\t\t\t\t\t\t\t\t\t\t<p>1) Quando lavar o cabelo recomendamos que fa\u00e7a sempre duas lavagens, porque esse \u00e9 o procedimento que a torna verdadeiramente eficaz. Neste caso, recomendamos a primeira lavagem com o shampoo Cold effect que vai fazer uma limpeza purificante para equilibrar o couro cabeludo, e a segunda lavagem com o shampoo Indian Hair Vitaminado hidratante. 2) Ap\u00f3s retirar o excesso de \u00e1gua com uma toalha de prefer\u00eancia, aplicar a m\u00e1scara madeixa a madeixa deixando actuar pelo menos durante 4 minutos e enxaguar. 3) Aplicar o Condicionador nos meios e pontas e deixar actuar durante 1 minuto. De seguida, enxaguar. 4) Fora do banho, aplicar duas a quatro \u201cborrifadelas\u201c do T\u00f3nico e massajar bem com as pontas dos dedos por todo o couro cabeludo. Nota: Para tratamento intensivo antiqueda, usar diariamente em cabelos secos. Para tratamento de preven\u00e7\u00e3o, usar apenas ap\u00f3s a lavagem. 5) Aplicar meia ervilha do S\u00e9rum Indian Hair Rebuild na palma das m\u00e3os, espalhar bem e aplicar nas pontas. Aplicar diariamente de manh\u00e3 e \u00e0 noite.<\/p>\n\n\t\t\t\t\t\t\t\t\t<\/div>\n\t\t\t\n\t\t\t\t\t<\/div>\n\t<\/div>\n\n\t\t\t<div class=\"mobile--only--md usability-tips-and-secrets-module text-align-center margin-top-between-modules usability-tips-and-secrets-module-video\">\n\t\t\t\t\t<\/div>\n\t\n\t\t\t<div class=\"accordion accordion-successive  js-accordion not-found mobile--only--md usability-tips-and-secrets-module text-align-center margin-top-between-modules back_color\">\n\t\t\t<div class=\"accordion-container\">\n\t\t\t\t<div class=\"accordion-question space-between\">\n\t\t\t\t\t\t\t\t\t\t\t<h3 class=\"accordion-question-title uppercase back_color\">\n\t\t\t\t\t\t\tComo usar\n\t\t\t\t\t\t<\/h3>\n\t\t\t\t\t\n\t\t\t\t\t<span class=\"accordion-arrow back_color\">&emsp;<\/span>\n\t\t\t\t<\/div>\n\t\t\t\t<div class=\"accordion-answer\">\n\t\t\t\t\t\t\t\t\t\t\t<div class=\"usability-tips-and-secrets-module-content\">\n\t\t\t\t\t\t\t<p>1) Quando lavar o cabelo recomendamos que fa\u00e7a sempre duas lavagens, porque esse \u00e9 o procedimento que a torna verdadeiramente eficaz. Neste caso, recomendamos a primeira lavagem com o shampoo Cold effect que vai fazer uma limpeza purificante para equilibrar o couro cabeludo, e a segunda lavagem com o shampoo Indian Hair Vitaminado hidratante. 2) Ap\u00f3s retirar o excesso de \u00e1gua com uma toalha de prefer\u00eancia, aplicar a m\u00e1scara madeixa a madeixa deixando actuar pelo menos durante 4 minutos e enxaguar. 3) Aplicar o Condicionador nos meios e pontas e deixar actuar durante 1 minuto. De seguida, enxaguar. 4) Fora do banho, aplicar duas a quatro \u201cborrifadelas\u201c do T\u00f3nico e massajar bem com as pontas dos dedos por todo o couro cabeludo. Nota: Para tratamento intensivo antiqueda, usar diariamente em cabelos secos. Para tratamento de preven\u00e7\u00e3o, usar apenas ap\u00f3s a lavagem. 5) Aplicar meia ervilha do S\u00e9rum Indian Hair Rebuild na palma das m\u00e3os, espalhar bem e aplicar nas pontas. Aplicar diariamente de manh\u00e3 e \u00e0 noite.<\/p>\n\n\t\t\t\t\t\t<\/div>\n\t\t\t\t\t\t\t\t\t<\/div>\n\t\t\t<\/div>\n\t\t<\/div>\n\t\n\t<\/div>\n[\/vc_column][\/vc_row][vc_row full_width=&#8221;stretch_row_content_no_spaces&#8221; el_class=&#8221;text-align-center&#8221;][vc_column]<div class=\"container \">\n\n    <div class=\"content-default-module text-align-center margin-top-between-modules\n        \n        \n        \n        \n        \n        \n        desktop--only--md\"\n        style=\"margin-bottom: 0px;\"\n    >\n\n                <div class=\"content-default-module-titles\">\n                            <h2 class=\"content-default-module-title uppercase black\">Dicas &amp; Segredos<\/h2>\n            \n                    <\/div>\n        \n                    <div class=\"content-default-module-content\">\n                <p>Se usar secador ou outras ferramentas t\u00e9rmicas \u00e9 importante aplicar o Protetor t\u00e9rmico<a href=\"https:\/\/www.avani.pt\/p\/spray-ganesh-protetor-termico-e-uv-250-ml\/\"> Ganesh Thermic<\/a>. Deve ser aplicada uma quantidade equivalente a uma ervilha do Ganesh Thermic na palma das m\u00e3os, espalhar bem como se fosse um creme de m\u00e3os e distribuir nos cabelos insistindo nos meios e pontas, logo depois da lavagem, fora do banho. Se o cabelo estiver muito danificado pode alternar nas lavagens a <a href=\"https:\/\/www.avani.pt\/p\/mascara-spider-web-super-mask-nutritiva\/\">m\u00e1scara Indian Hair Nutrition Spiderweb<\/a> para nutrir e a <a href=\"https:\/\/www.avani.pt\/p\/mascara-reconstrutura-cabelos-danificados-rebuilt-500ml\/\">M\u00e1scara Indian Hair Rebuild<\/a> para regenerar a fibra.<\/p>\n\n            <\/div>\n        \n        \n        \n\n        \n\n\n    <\/div>\n\n\n            <div class=\"accordion accordion-successive   js-accordion not-found mobile--only--md content-default-module text-align-center margin-top-between-modules back_color\">\n            <div class=\"accordion-container\">\n                <div class=\"accordion-question space-between\">\n                                            <h3 class=\"accordion-question-title uppercase back_color\">\n                            Dicas &amp; Segredos\n                        <\/h3>\n                                        <span class=\"accordion-arrow back_color\">&emsp;<\/span>\n                <\/div>\n                <div class=\"accordion-answer\">\n                    \n                                            <div class=\"content-default-module-content\">\n                            <p>Se usar secador ou outras ferramentas t\u00e9rmicas \u00e9 importante aplicar o Protetor t\u00e9rmico<a href=\"https:\/\/www.avani.pt\/p\/spray-ganesh-protetor-termico-e-uv-250-ml\/\"> Ganesh Thermic<\/a>. Deve ser aplicada uma quantidade equivalente a uma ervilha do Ganesh Thermic na palma das m\u00e3os, espalhar bem como se fosse um creme de m\u00e3os e distribuir nos cabelos insistindo nos meios e pontas, logo depois da lavagem, fora do banho. Se o cabelo estiver muito danificado pode alternar nas lavagens a <a href=\"https:\/\/www.avani.pt\/p\/mascara-spider-web-super-mask-nutritiva\/\">m\u00e1scara Indian Hair Nutrition Spiderweb<\/a> para nutrir e a <a href=\"https:\/\/www.avani.pt\/p\/mascara-reconstrutura-cabelos-danificados-rebuilt-500ml\/\">M\u00e1scara Indian Hair Rebuild<\/a> para regenerar a fibra.<\/p>\n\n                        <\/div>\n                    \n                    \n                                    <\/div>\n            <\/div>\n        <\/div>\n    \n<\/div>\n<div class=\"container \">\n\n    <div class=\"content-default-module text-align-center margin-top-between-modules\n        \n        \n        \n        \n        \n        \n        desktop--only--md\"\n        style=\"margin-bottom: 0px;\"\n    >\n\n                <div class=\"content-default-module-titles\">\n                            <h2 class=\"content-default-module-title uppercase black\">Detalhes<\/h2>\n            \n                    <\/div>\n        \n                    <div class=\"content-default-module-content\">\n                <p><strong>Este tratamento \u00e9 composto por:<\/strong><\/p>\n<p><a href=\"https:\/\/www.avani.pt\/p\/shampoo-vitaminado-fortificante-indian-hair-500ml\/\">Shampoo Indian Hair Vitaminado 250ml<\/a><\/p>\n<p><a href=\"https:\/\/www.avani.pt\/p\/shampoo-cold-effect-anticaspa-indian-hair-250ml\/\">Shampoo Cold Effect Purificante 250ml<\/a><\/p>\n<p><a href=\"https:\/\/www.avani.pt\/p\/creme-selador-pontas-rebuilt-pontas-espigadas-e-abertas\/\">S\u00e9rum Selador de Pontas Indian Hair Rebuild 100ml<\/a><\/p>\n<p><a href=\"https:\/\/www.avani.pt\/p\/condicionador-vitaminado-fortificante-indian-hair-250-ml\/\">Condicionador Indian Hair Vitaminado 250ml<\/a><\/p>\n<p><a href=\"https:\/\/www.avani.pt\/p\/mascara-vitaminada-fortificante-indian-hair-500-ml-amla\/\">M\u00e1scara Vitaminada Fortificante Indian Hair 500 ml<\/a><\/p>\n<p><a href=\"https:\/\/www.avani.pt\/p\/tonico-capilar-vitaminado-fortificante-indian-hair-100ml\/\">T\u00f3nico Capilar Vitaminado Fortificante Indian Hair 100 ml<\/a><\/p>\n\n            <\/div>\n        \n        \n        \n\n        \n\n\n    <\/div>\n\n\n            <div class=\"accordion accordion-successive   js-accordion not-found mobile--only--md content-default-module text-align-center margin-top-between-modules back_color\">\n            <div class=\"accordion-container\">\n                <div class=\"accordion-question space-between\">\n                                            <h3 class=\"accordion-question-title uppercase back_color\">\n                            Detalhes\n                        <\/h3>\n                                        <span class=\"accordion-arrow back_color\">&emsp;<\/span>\n                <\/div>\n                <div class=\"accordion-answer\">\n                    \n                                            <div class=\"content-default-module-content\">\n                            <p><strong>Este tratamento \u00e9 composto por:<\/strong><\/p>\n<p><a href=\"https:\/\/www.avani.pt\/p\/shampoo-vitaminado-fortificante-indian-hair-500ml\/\">Shampoo Indian Hair Vitaminado 250ml<\/a><\/p>\n<p><a href=\"https:\/\/www.avani.pt\/p\/shampoo-cold-effect-anticaspa-indian-hair-250ml\/\">Shampoo Cold Effect Purificante 250ml<\/a><\/p>\n<p><a href=\"https:\/\/www.avani.pt\/p\/creme-selador-pontas-rebuilt-pontas-espigadas-e-abertas\/\">S\u00e9rum Selador de Pontas Indian Hair Rebuild 100ml<\/a><\/p>\n<p><a href=\"https:\/\/www.avani.pt\/p\/condicionador-vitaminado-fortificante-indian-hair-250-ml\/\">Condicionador Indian Hair Vitaminado 250ml<\/a><\/p>\n<p><a href=\"https:\/\/www.avani.pt\/p\/mascara-vitaminada-fortificante-indian-hair-500-ml-amla\/\">M\u00e1scara Vitaminada Fortificante Indian Hair 500 ml<\/a><\/p>\n<p><a href=\"https:\/\/www.avani.pt\/p\/tonico-capilar-vitaminado-fortificante-indian-hair-100ml\/\">T\u00f3nico Capilar Vitaminado Fortificante Indian Hair 100 ml<\/a><\/p>\n\n                        <\/div>\n                    \n                    \n                                    <\/div>\n            <\/div>\n        <\/div>\n    \n<\/div>\n<div class=\"tip-products margin-top-between-modules default\">\n    <div class=\"container\">\n                    <h2 class=\"title\">\n                Comprar individualmente\n            <\/h2>\n        \n        \n        <div class=\"products-container\">\n                    <\/div>\n\n    <\/div>\n<\/div>\n[\/vc_column][\/vc_row]<\/p>\n<\/div>","protected":false},"excerpt":{"rendered":"<p>Composed of six products. Fine hair is naturally more fragile and, due to its natural characteristics, is prone to excess oiliness and hair breakage. With coloring, they can become even more fragile. This treatment has been studied and tested in a very meticulous way and the products chosen help to replenish all the elements essential to the health of hair with these characteristics.   <\/p>\n","protected":false},"featured_media":76749,"comment_status":"open","ping_status":"closed","template":"","meta":{"_acf_changed":false},"product_brand":[],"product_cat":[422,427,468,477,459,478,426,476,447,467],"product_tag":[],"class_list":{"0":"post-78113","1":"product","2":"type-product","3":"status-publish","4":"has-post-thumbnail","6":"product_cat-aloe-vera","7":"product_cat-amla","8":"product_cat-avani-exclusives","9":"product_cat-camphor","10":"product_cat-care","11":"product_cat-fine-hair-exclusive-avani-treatments","12":"product_cat-hair","13":"product_cat-hair-strengthening-hair-loss","14":"product_cat-scalp-problems","15":"product_cat-treatments","17":"first","18":"instock","19":"taxable","20":"shipping-taxable","21":"purchasable","22":"product-type-simple"},"acf":[],"wooqr_code":"","_links":{"self":[{"href":"https:\/\/www.avani.pt\/en\/wp-json\/wp\/v2\/product\/78113","targetHints":{"allow":["GET"]}}],"collection":[{"href":"https:\/\/www.avani.pt\/en\/wp-json\/wp\/v2\/product"}],"about":[{"href":"https:\/\/www.avani.pt\/en\/wp-json\/wp\/v2\/types\/product"}],"replies":[{"embeddable":true,"href":"https:\/\/www.avani.pt\/en\/wp-json\/wp\/v2\/comments?post=78113"}],"wp:featuredmedia":[{"embeddable":true,"href":"https:\/\/www.avani.pt\/en\/wp-json\/wp\/v2\/media\/76749"}],"wp:attachment":[{"href":"https:\/\/www.avani.pt\/en\/wp-json\/wp\/v2\/media?parent=78113"}],"wp:term":[{"taxonomy":"product_brand","embeddable":true,"href":"https:\/\/www.avani.pt\/en\/wp-json\/wp\/v2\/product_brand?post=78113"},{"taxonomy":"product_cat","embeddable":true,"href":"https:\/\/www.avani.pt\/en\/wp-json\/wp\/v2\/product_cat?post=78113"},{"taxonomy":"product_tag","embeddable":true,"href":"https:\/\/www.avani.pt\/en\/wp-json\/wp\/v2\/product_tag?post=78113"}],"curies":[{"name":"wp","href":"https:\/\/api.w.org\/{rel}","templated":true}]}}