{"id":78119,"date":"2019-12-09T16:15:13","date_gmt":"2019-12-09T16:15:13","guid":{"rendered":"https:\/\/www.avani.pt\/p\/indian-hair-strengthening-vitamin-shampoo-5-l-salt-free\/"},"modified":"2026-04-26T20:08:47","modified_gmt":"2026-04-26T19:08:47","slug":"indian-hair-strengthening-vitamin-shampoo-5-l-salt-free","status":"publish","type":"product","link":"https:\/\/www.avani.pt\/en\/p\/indian-hair-strengthening-vitamin-shampoo-5-l-salt-free\/","title":{"rendered":"Indian Hair Strengthening Vitamin Shampoo 5 L | Salt-free"},"content":{"rendered":"<div class=\"wpb-content-wrapper\"><p>[vc_row full_width=&#8221;stretch_row_content_no_spaces&#8221; el_class=&#8221;text-align-center&#8221;][vc_column]<div class=\"stars-of-product-module-wrapper margin-top-between-modules\">\n    <img decoding=\"async\" class=\"stars-of-product-module-left-image-design\" src=\"\/dist\/images\/stars_product_module_design.png\">\n    <img decoding=\"async\" class=\"stars-of-product-module-right-image-design\" src=\"\/dist\/images\/stars_product_module_design.png\">\n\n    <div class=\"container\">\n\n        <div class=\"stars-of-product-module text-align-center  desktop--only--md\">\n\n                            <div class=\"star-rating\">\n                                            <i class=\"fa fa-star\"><\/i>\n                                            <i class=\"fa fa-star\"><\/i>\n                                            <i class=\"fa fa-star\"><\/i>\n                                            <i class=\"fa fa-star\"><\/i>\n                                            <i class=\"fa fa-star\"><\/i>\n                                    <\/div>\n            \n                            <div class=\"stars-of-product-module-titles\">\n                                            <h2 class=\"stars-of-product-module-title black uppercase back_color\">The Product Stars<\/h2>\n                                    <\/div>\n            \n                            <div class=\"stars-of-product-module-content\">\n                    <\/p>\n<p>Rich in ingredients that work from root to tip, this shampoo helps to balance the general health of the hair, helping to strengthen, rebuild and prevent hair loss. It is recommended for all hair types, both natural and those subjected to technical work. With star ingredients such as Amla fruit, the Indian secret to strong, long hair; natural oils, for perfect nutrition; soya protein, which contributes to hair reconstruction, strength and elasticity; and many other ingredients, this shampoo is very versatile and loved by customers. The icing on the cake is a mystical scent that is impossible to explain and even more impossible not to get hooked on.    We created this size to reduce plastic consumption, as it is Avani Professional&#8217;s top seller; with the purchase of this pack we offer a 250ml shampoo to refill, making it possible to make 25 plastic packs profitable and reducing the environmental impact.<\/p>\n\n                <\/div>\n            \n        <\/div>\n\n\n                    <div class=\"accordion   accordion-successive-first js-accordion not-found mobile--only--md stars-of-product-module text-align-center margin-top-between-modules back_color\">\n                <div class=\"accordion-container\">\n                    <div class=\"accordion-question space-between\">\n                                                    <h3 class=\"accordion-question-title uppercase back_color\">\n                                As Estrelas do Produtos\n                            <\/h3>\n                                                <span class=\"accordion-arrow back_color\">&emsp;<\/span>\n                    <\/div>\n                    <div class=\"accordion-answer\">\n\n                                                    <div class=\"star-rating\">\n                                                                    <i class=\"fa fa-star\"><\/i>\n                                                                    <i class=\"fa fa-star\"><\/i>\n                                                                    <i class=\"fa fa-star\"><\/i>\n                                                                    <i class=\"fa fa-star\"><\/i>\n                                                                    <i class=\"fa fa-star\"><\/i>\n                                                            <\/div>\n                        \n                                                    <div class=\"stars-of-product-module-content\">\n                                <\/p>\n<p>Rich in ingredients that work from root to tip, this shampoo helps to balance the general health of the hair, helping to strengthen, rebuild and prevent hair loss. It is recommended for all hair types, both natural and those subjected to technical work. With star ingredients such as Amla fruit, the Indian secret to strong, long hair; natural oils, for perfect nutrition; soya protein, which contributes to hair reconstruction, strength and elasticity; and many other ingredients, this shampoo is very versatile and loved by customers. The icing on the cake is a mystical scent that is impossible to explain and even more impossible not to get hooked on.    We created this size to reduce plastic consumption, as it is Avani Professional&#8217;s top seller; with the purchase of this pack we offer a 250ml shampoo to refill, making it possible to make 25 plastic packs profitable and reducing the environmental impact.<\/p>\n\n                            <\/div>\n                                            <\/div>\n                <\/div>\n            <\/div>\n        \n    <\/div>\n<\/div>\n[\/vc_column][\/vc_row][vc_row full_width=&#8221;stretch_row_content_no_spaces&#8221; el_class=&#8221;text-align-center&#8221;][vc_column]<div class=\"container\">\n\t<div class=\"usability-tips-and-secrets-module desktop--only--md\">\n\n\t\t<div class=\"usability-tips-and-secrets-module-content-wrapper full-width-container\">\n\n\t\t\t\n\t\t\t\t\t\t\t<div class=\"usability-tips-and-secrets-module-content usability-tips-and-secrets-module-content--bordered margin-top-between-modules\">\n\t\t\t\t\t\t\t\t\t\t\t<h2 class=\"uppercase black\">Como usar<\/h2>\n\t\t\t\t\t\n\t\t\t\t\t\t\t\t\t\t\t<p>Ap\u00f3s uma primeira passagem de \u00e1gua, massajar continuamente este shampoo no couro cabeludo com a ponta dos dedos at\u00e9 o sentir limpo. Enxaguar bem. Repita o procedimento.<\/p>\n\n\t\t\t\t\t\t\t\t\t<\/div>\n\t\t\t\n\t\t\t\t\t<\/div>\n\t<\/div>\n\n\t\n\t\t\t<div class=\"accordion accordion-successive  js-accordion not-found mobile--only--md usability-tips-and-secrets-module text-align-center margin-top-between-modules back_color\">\n\t\t\t<div class=\"accordion-container\">\n\t\t\t\t<div class=\"accordion-question space-between\">\n\t\t\t\t\t\t\t\t\t\t\t<h3 class=\"accordion-question-title uppercase back_color\">\n\t\t\t\t\t\t\tComo usar\n\t\t\t\t\t\t<\/h3>\n\t\t\t\t\t\n\t\t\t\t\t<span class=\"accordion-arrow back_color\">&emsp;<\/span>\n\t\t\t\t<\/div>\n\t\t\t\t<div class=\"accordion-answer\">\n\t\t\t\t\t\t\t\t\t\t\t<div class=\"usability-tips-and-secrets-module-content\">\n\t\t\t\t\t\t\t<p>Ap\u00f3s uma primeira passagem de \u00e1gua, massajar continuamente este shampoo no couro cabeludo com a ponta dos dedos at\u00e9 o sentir limpo. Enxaguar bem. Repita o procedimento.<\/p>\n\n\t\t\t\t\t\t<\/div>\n\t\t\t\t\t\t\t\t\t<\/div>\n\t\t\t<\/div>\n\t\t<\/div>\n\t\n\t<\/div>\n[\/vc_column][\/vc_row][vc_row full_width=&#8221;stretch_row_content_no_spaces&#8221; el_class=&#8221;text-align-center&#8221;][vc_column]<div class=\"container \">\n\n    <div class=\"content-default-module text-align-center margin-top-between-modules\n        \n        \n        \n        \n        \n        \n        desktop--only--md\"\n        style=\"margin-bottom: 0px;\"\n    >\n\n                <div class=\"content-default-module-titles\">\n                            <h2 class=\"content-default-module-title uppercase black\">Dicas &amp; Segredos<\/h2>\n            \n                    <\/div>\n        \n                    <div class=\"content-default-module-content\">\n                <p>Para cabelos com sensibilidade e descama\u00e7\u00e3o no couro cabeludo recomendamos o uso deste shampoo com o creme purificante Cold effect que deve ser aplicado no couro cabeludo uma vez por semana. O resultado ser\u00e1 o equil\u00edbrio na sa\u00fade do couro cabeludo que ir\u00e1 permitir a hidrata\u00e7\u00e3o, purifica\u00e7\u00e3o e cicatriza\u00e7\u00e3o de todos os fol\u00edculos.<\/p>\n<p>Para cabelos com excesso de oleosidade no couro cabeludo recomendamos o uso alternado deste shampoo com o shampoo cold effect, e a aplica\u00e7\u00e3o do creme purificante Cold effect uma vez por semana no couro cabeludo. O resultado ser\u00e1 o equil\u00edbrio do ph da pele do couro cabeludo, evitando assim o trabalho excessivo das gl\u00e2ndulas seb\u00e1ceas na produ\u00e7\u00e3o de excesso de oleosidade.<\/p>\n<p>Para as duas situa\u00e7\u00f5es acima ou preven\u00e7\u00e3o de piolhos pode aplicar cinco ou seis gotas de \u00f3leo de melaleuca Avani, o antibacteriano natural, no shampoo agitando bem a embalagem antes de o usar.<\/p>\n<p>Veja os produtos recomendados:<br \/>\n<a href=\"https:\/\/www.avani.pt\/p\/shampoo-cold-effect-anticaspa-indian-hair-250ml\/\">Shampoo Cold Effect Anticaspa e Purificante 250 ml | Sem Sal<\/a><br \/>\n<a href=\"https:\/\/www.avani.pt\/p\/mascara-cold-effect-anticaspa-indian-hair-500ml\/\">M\u00e1scara Cold Effect Anticaspa Indian Hair 500 ml | Aloe Vera<\/a><br \/>\n<a href=\"https:\/\/www.avani.pt\/p\/oleo-melaleuca-tea-tree-10ml\/\">\u00d3leo Melaleuca Tea Tree 15ml<\/a><\/p>\n\n            <\/div>\n        \n        \n        \n\n        \n\n\n    <\/div>\n\n\n            <div class=\"accordion accordion-successive   js-accordion not-found mobile--only--md content-default-module text-align-center margin-top-between-modules back_color\">\n            <div class=\"accordion-container\">\n                <div class=\"accordion-question space-between\">\n                                            <h3 class=\"accordion-question-title uppercase back_color\">\n                            Dicas &amp; Segredos\n                        <\/h3>\n                                        <span class=\"accordion-arrow back_color\">&emsp;<\/span>\n                <\/div>\n                <div class=\"accordion-answer\">\n                    \n                                            <div class=\"content-default-module-content\">\n                            <p>Para cabelos com sensibilidade e descama\u00e7\u00e3o no couro cabeludo recomendamos o uso deste shampoo com o creme purificante Cold effect que deve ser aplicado no couro cabeludo uma vez por semana. O resultado ser\u00e1 o equil\u00edbrio na sa\u00fade do couro cabeludo que ir\u00e1 permitir a hidrata\u00e7\u00e3o, purifica\u00e7\u00e3o e cicatriza\u00e7\u00e3o de todos os fol\u00edculos.<\/p>\n<p>Para cabelos com excesso de oleosidade no couro cabeludo recomendamos o uso alternado deste shampoo com o shampoo cold effect, e a aplica\u00e7\u00e3o do creme purificante Cold effect uma vez por semana no couro cabeludo. O resultado ser\u00e1 o equil\u00edbrio do ph da pele do couro cabeludo, evitando assim o trabalho excessivo das gl\u00e2ndulas seb\u00e1ceas na produ\u00e7\u00e3o de excesso de oleosidade.<\/p>\n<p>Para as duas situa\u00e7\u00f5es acima ou preven\u00e7\u00e3o de piolhos pode aplicar cinco ou seis gotas de \u00f3leo de melaleuca Avani, o antibacteriano natural, no shampoo agitando bem a embalagem antes de o usar.<\/p>\n<p>Veja os produtos recomendados:<br \/>\n<a href=\"https:\/\/www.avani.pt\/p\/shampoo-cold-effect-anticaspa-indian-hair-250ml\/\">Shampoo Cold Effect Anticaspa e Purificante 250 ml | Sem Sal<\/a><br \/>\n<a href=\"https:\/\/www.avani.pt\/p\/mascara-cold-effect-anticaspa-indian-hair-500ml\/\">M\u00e1scara Cold Effect Anticaspa Indian Hair 500 ml | Aloe Vera<\/a><br \/>\n<a href=\"https:\/\/www.avani.pt\/p\/oleo-melaleuca-tea-tree-10ml\/\">\u00d3leo Melaleuca Tea Tree 15ml<\/a><\/p>\n\n                        <\/div>\n                    \n                    \n                                    <\/div>\n            <\/div>\n        <\/div>\n    \n<\/div>\n<div class=\"container \">\n\n    <div class=\"content-default-module text-align-center margin-top-between-modules\n        \n        \n        \n        \n        \n        \n        desktop--only--md\"\n        style=\"margin-bottom: 0px;\"\n    >\n\n                <div class=\"content-default-module-titles\">\n                            <h2 class=\"content-default-module-title uppercase black\">Composi&ccedil;&atilde;o<\/h2>\n            \n                    <\/div>\n        \n                    <div class=\"content-default-module-content\">\n                <\/p>\n<p class=\"p1\" style=\"text-align: left;\"><strong>Aloe vera |<\/strong> fortifica, hidrata e acalma o couro cabeludo;<\/p>\n<p class=\"p1\" style=\"text-align: left;\"><strong>\u00d3leo de semente de Sacha Inchi | <\/strong>composto por uma combina\u00e7\u00e3o poderosa; \u00f3mega 3, 6 e 9 que tem uma capacidade de penetra\u00e7\u00e3o incr\u00edvel resultando na reestrutura\u00e7\u00e3o intensiva nos fios;<\/p>\n<p class=\"p1\" style=\"text-align: left;\"><strong>\u00d3leo de oliva | <\/strong>altamente nutritivo, fortalece, repara e auxilia no combate \u00e0 queda e fortalecimento;<\/p>\n<p class=\"p1\" style=\"text-align: left;\"><strong>Hidrolisado de prote\u00edna de soja | <\/strong>com uma elevada capacidade de penetra\u00e7\u00e3o fortalece e repara as fibras capilares, aumenta a capacidade de reten\u00e7\u00e3o da humidade adicionando brilho e suavidade em simult\u00e2neo;<\/p>\n<p class=\"p1\" style=\"text-align: left;\"><strong>Extrato de amla |<\/strong>\u00a0o segredo indiano para um cabelo forte, brilhante, longo e saud\u00e1vel! Amla, tamb\u00e9m conhecida como a groselha indiana \u00e9 proveniente da planta Amalaki, e ingrediente essencial especialmente recomendado para produtos capilares\u00a0pela medicina Ayurveda usado desde da antiguidade como o elixir para o cabelo por ser rico em antioxidantes, vitaminas, c\u00e1lcio, fosforo e caroteno. Auxilia no combate \u00e0 queda, caspa, descama\u00e7\u00e3o e estimula o crescimento saud\u00e1vel dos fios;<\/p>\n<p class=\"p1\" style=\"text-align: left;\"><strong>Extrato da raiz de ginseng |<\/strong>\u00a0planta medicinal com propriedades estimulantes e revitalizantes que promove o crescimento saud\u00e1vel dos fios e auxilia no combate \u00e0 queda;<\/p>\n<p class=\"p1\" style=\"text-align: left;\"><strong>Extrato de cebola |<\/strong>\u00a0rico em propriedades antiss\u00e9ticas, antibacterianas estimula o crescimento saud\u00e1vel e protege a cor da fibra;<\/p>\n<p class=\"p1\" style=\"text-align: left;\"><strong>Pantenol |<\/strong>\u00a0forte agente hidratante \u00e9 rico em propriedades cicatrizantes e anti-inflamat\u00f3rias;<\/p>\n<p class=\"p1\" style=\"text-align: left;\"><strong>Zinco |\u00a0 <\/strong>controla o excesso de oleosidade combatendo a descama\u00e7\u00e3o do couro cabeludo;<\/p>\n<p class=\"p1\" style=\"text-align: left;\"><strong>Arginine Hci |\u00a0 <\/strong>um amino\u00e1cido que estimula o couro cabeludo e crescimento saud\u00e1vel do cabelo. Repara a fibra capilar.<\/p>\n<p class=\"p1\" style=\"text-align: left;\"><strong>Biotina | <\/strong>conhecida como vitamina B7 estimula a produ\u00e7\u00e3o de queratina no cabelo e estimula a taxa de crescimento do fol\u00edculo.<\/p>\n<p>\n\n            <\/div>\n        \n        \n        \n\n        \n\n\n    <\/div>\n\n\n            <div class=\"accordion accordion-successive   js-accordion not-found mobile--only--md content-default-module text-align-center margin-top-between-modules back_color\">\n            <div class=\"accordion-container\">\n                <div class=\"accordion-question space-between\">\n                                            <h3 class=\"accordion-question-title uppercase back_color\">\n                            Composi&ccedil;&atilde;o\n                        <\/h3>\n                                        <span class=\"accordion-arrow back_color\">&emsp;<\/span>\n                <\/div>\n                <div class=\"accordion-answer\">\n                    \n                                            <div class=\"content-default-module-content\">\n                            <\/p>\n<p class=\"p1\" style=\"text-align: left;\"><strong>Aloe vera |<\/strong> fortifica, hidrata e acalma o couro cabeludo;<\/p>\n<p class=\"p1\" style=\"text-align: left;\"><strong>\u00d3leo de semente de Sacha Inchi | <\/strong>composto por uma combina\u00e7\u00e3o poderosa; \u00f3mega 3, 6 e 9 que tem uma capacidade de penetra\u00e7\u00e3o incr\u00edvel resultando na reestrutura\u00e7\u00e3o intensiva nos fios;<\/p>\n<p class=\"p1\" style=\"text-align: left;\"><strong>\u00d3leo de oliva | <\/strong>altamente nutritivo, fortalece, repara e auxilia no combate \u00e0 queda e fortalecimento;<\/p>\n<p class=\"p1\" style=\"text-align: left;\"><strong>Hidrolisado de prote\u00edna de soja | <\/strong>com uma elevada capacidade de penetra\u00e7\u00e3o fortalece e repara as fibras capilares, aumenta a capacidade de reten\u00e7\u00e3o da humidade adicionando brilho e suavidade em simult\u00e2neo;<\/p>\n<p class=\"p1\" style=\"text-align: left;\"><strong>Extrato de amla |<\/strong>\u00a0o segredo indiano para um cabelo forte, brilhante, longo e saud\u00e1vel! Amla, tamb\u00e9m conhecida como a groselha indiana \u00e9 proveniente da planta Amalaki, e ingrediente essencial especialmente recomendado para produtos capilares\u00a0pela medicina Ayurveda usado desde da antiguidade como o elixir para o cabelo por ser rico em antioxidantes, vitaminas, c\u00e1lcio, fosforo e caroteno. Auxilia no combate \u00e0 queda, caspa, descama\u00e7\u00e3o e estimula o crescimento saud\u00e1vel dos fios;<\/p>\n<p class=\"p1\" style=\"text-align: left;\"><strong>Extrato da raiz de ginseng |<\/strong>\u00a0planta medicinal com propriedades estimulantes e revitalizantes que promove o crescimento saud\u00e1vel dos fios e auxilia no combate \u00e0 queda;<\/p>\n<p class=\"p1\" style=\"text-align: left;\"><strong>Extrato de cebola |<\/strong>\u00a0rico em propriedades antiss\u00e9ticas, antibacterianas estimula o crescimento saud\u00e1vel e protege a cor da fibra;<\/p>\n<p class=\"p1\" style=\"text-align: left;\"><strong>Pantenol |<\/strong>\u00a0forte agente hidratante \u00e9 rico em propriedades cicatrizantes e anti-inflamat\u00f3rias;<\/p>\n<p class=\"p1\" style=\"text-align: left;\"><strong>Zinco |\u00a0 <\/strong>controla o excesso de oleosidade combatendo a descama\u00e7\u00e3o do couro cabeludo;<\/p>\n<p class=\"p1\" style=\"text-align: left;\"><strong>Arginine Hci |\u00a0 <\/strong>um amino\u00e1cido que estimula o couro cabeludo e crescimento saud\u00e1vel do cabelo. Repara a fibra capilar.<\/p>\n<p class=\"p1\" style=\"text-align: left;\"><strong>Biotina | <\/strong>conhecida como vitamina B7 estimula a produ\u00e7\u00e3o de queratina no cabelo e estimula a taxa de crescimento do fol\u00edculo.<\/p>\n<p>\n\n                        <\/div>\n                    \n                    \n                                    <\/div>\n            <\/div>\n        <\/div>\n    \n<\/div>\n<div class=\"container \">\n\n    <div class=\"content-default-module text-align-center margin-top-between-modules\n        \n        \n        \n        \n        \n        \n        desktop--only--md\"\n        style=\"margin-bottom: 0px;\"\n    >\n\n                <div class=\"content-default-module-titles\">\n                            <h2 class=\"content-default-module-title uppercase black\">Ingredientes<\/h2>\n            \n                    <\/div>\n        \n                    <div class=\"content-default-module-content\">\n                <\/p>\n<p style=\"text-align: center;\">Aqua, sodium laureth sulfate, cocamidopropyl betaine, disodium laureth sulfosuccinate, glycol<br \/>\ndistearate, cocamide DEA, parfum, cocamide MEA, PEG-90M, laureth-10, citric acid, Olea europaea fruit oil,<br \/>\nPlukenetia volubilis seed oil, Aloe barbadensis leaf juice powder, glycerin, ceramide NP, alcohol denat.,<br \/>\npolyglyceryl-10 laurate, hydrolyzed soy protein, propanediol, tocopherol, Phyllanthus emblica fruit powder,<br \/>\npanthenol, zinc PCA, glucose, Allium cepa bulb extract, arginine HCL, citrulline, glucosamine HCL, ornithine<br \/>\nHCL, Panax giseng root extract, pyridoxine HCL, niacinamide, biotin, phenoxyethanol, caprylyl glycol, sodium<br \/>\nbenzoate, potassium sorbate, methylchloroisothiazolinone and methylisothiazolinone, benzoic acid, sorbic<br \/>\nacid, hexamethylindanopyran, vanillin.<\/p>\n<p>\n\n            <\/div>\n        \n        \n        \n\n        \n\n\n    <\/div>\n\n\n            <div class=\"accordion accordion-successive   js-accordion not-found mobile--only--md content-default-module text-align-center margin-top-between-modules back_color\">\n            <div class=\"accordion-container\">\n                <div class=\"accordion-question space-between\">\n                                            <h3 class=\"accordion-question-title uppercase back_color\">\n                            Ingredientes\n                        <\/h3>\n                                        <span class=\"accordion-arrow back_color\">&emsp;<\/span>\n                <\/div>\n                <div class=\"accordion-answer\">\n                    \n                                            <div class=\"content-default-module-content\">\n                            <\/p>\n<p style=\"text-align: center;\">Aqua, sodium laureth sulfate, cocamidopropyl betaine, disodium laureth sulfosuccinate, glycol<br \/>\ndistearate, cocamide DEA, parfum, cocamide MEA, PEG-90M, laureth-10, citric acid, Olea europaea fruit oil,<br \/>\nPlukenetia volubilis seed oil, Aloe barbadensis leaf juice powder, glycerin, ceramide NP, alcohol denat.,<br \/>\npolyglyceryl-10 laurate, hydrolyzed soy protein, propanediol, tocopherol, Phyllanthus emblica fruit powder,<br \/>\npanthenol, zinc PCA, glucose, Allium cepa bulb extract, arginine HCL, citrulline, glucosamine HCL, ornithine<br \/>\nHCL, Panax giseng root extract, pyridoxine HCL, niacinamide, biotin, phenoxyethanol, caprylyl glycol, sodium<br \/>\nbenzoate, potassium sorbate, methylchloroisothiazolinone and methylisothiazolinone, benzoic acid, sorbic<br \/>\nacid, hexamethylindanopyran, vanillin.<\/p>\n<p>\n\n                        <\/div>\n                    \n                    \n                                    <\/div>\n            <\/div>\n        <\/div>\n    \n<\/div>\n[\/vc_column][\/vc_row]<\/p>\n<\/div>","protected":false},"excerpt":{"rendered":"<p>Extremely rich in exceptional ingredients, this shampoo helps with the overall health of the hair from the scalp to the ends &#8211; it fortifies, fights hair loss and reconstructs &#8211; and is recommended for all hair types. Enriched with ingredients such as the Amla fruit, the Indian secret, among many others, and with an addictive scent, it&#8217;s no coincidence that this versatile shampoo is a top seller for Avani Professional. <\/p>\n","protected":false},"featured_media":76239,"comment_status":"open","ping_status":"closed","template":"","meta":{"_acf_changed":false},"product_brand":[],"product_cat":[427,426,481,476,482,480,417],"product_tag":[],"class_list":{"0":"post-78119","1":"product","2":"type-product","3":"status-publish","4":"has-post-thumbnail","6":"product_cat-amla","7":"product_cat-hair","8":"product_cat-hair-spa-line","9":"product_cat-hair-strengthening-hair-loss","10":"product_cat-products-spa-line","11":"product_cat-professional","12":"product_cat-shampoos","14":"first","15":"instock","16":"taxable","17":"shipping-taxable","18":"purchasable","19":"product-type-simple"},"acf":[],"wooqr_code":"","_links":{"self":[{"href":"https:\/\/www.avani.pt\/en\/wp-json\/wp\/v2\/product\/78119","targetHints":{"allow":["GET"]}}],"collection":[{"href":"https:\/\/www.avani.pt\/en\/wp-json\/wp\/v2\/product"}],"about":[{"href":"https:\/\/www.avani.pt\/en\/wp-json\/wp\/v2\/types\/product"}],"replies":[{"embeddable":true,"href":"https:\/\/www.avani.pt\/en\/wp-json\/wp\/v2\/comments?post=78119"}],"wp:featuredmedia":[{"embeddable":true,"href":"https:\/\/www.avani.pt\/en\/wp-json\/wp\/v2\/media\/76239"}],"wp:attachment":[{"href":"https:\/\/www.avani.pt\/en\/wp-json\/wp\/v2\/media?parent=78119"}],"wp:term":[{"taxonomy":"product_brand","embeddable":true,"href":"https:\/\/www.avani.pt\/en\/wp-json\/wp\/v2\/product_brand?post=78119"},{"taxonomy":"product_cat","embeddable":true,"href":"https:\/\/www.avani.pt\/en\/wp-json\/wp\/v2\/product_cat?post=78119"},{"taxonomy":"product_tag","embeddable":true,"href":"https:\/\/www.avani.pt\/en\/wp-json\/wp\/v2\/product_tag?post=78119"}],"curies":[{"name":"wp","href":"https:\/\/api.w.org\/{rel}","templated":true}]}}