{"id":78131,"date":"2018-12-17T09:44:28","date_gmt":"2018-12-17T09:44:28","guid":{"rendered":"https:\/\/www.avani.pt\/p\/sensitive-scalp-luxury-haircare\/"},"modified":"2025-10-21T12:00:58","modified_gmt":"2025-10-21T11:00:58","slug":"sensitive-scalp-luxury-haircare","status":"publish","type":"product","link":"https:\/\/www.avani.pt\/en\/p\/sensitive-scalp-luxury-haircare\/","title":{"rendered":"Sensitive Scalp | Luxury Haircare"},"content":{"rendered":"<div class=\"wpb-content-wrapper\"><p>[vc_row full_width=&#8221;stretch_row_content_no_spaces&#8221; el_class=&#8221;text-align-center&#8221;][vc_column]<div class=\"stars-of-product-module-wrapper margin-top-between-modules\">\n    <img decoding=\"async\" class=\"stars-of-product-module-left-image-design\" src=\"\/dist\/images\/stars_product_module_design.png\">\n    <img decoding=\"async\" class=\"stars-of-product-module-right-image-design\" src=\"\/dist\/images\/stars_product_module_design.png\">\n\n    <div class=\"container\">\n\n        <div class=\"stars-of-product-module text-align-center  desktop--only--md\">\n\n                            <div class=\"star-rating\">\n                                            <i class=\"fa fa-star\"><\/i>\n                                            <i class=\"fa fa-star\"><\/i>\n                                            <i class=\"fa fa-star\"><\/i>\n                                            <i class=\"fa fa-star\"><\/i>\n                                            <i class=\"fa fa-star\"><\/i>\n                                    <\/div>\n            \n                            <div class=\"stars-of-product-module-titles\">\n                                            <h2 class=\"stars-of-product-module-title black uppercase back_color\">The Product Stars<\/h2>\n                                    <\/div>\n            \n                            <div class=\"stars-of-product-module-content\">\n                    <\/p>\n<p style=\"text-align: center;\">In order to balance the scalp, it&#8217;s important to pay attention to 3 factors: external factors; dermatological conditions such as seborrheic dermatitis, psoriasis, eczema and malassezia fungus (when these are detected, it&#8217;s a good idea to see a dermatologist who can help identify them); and the level of oiliness. This treatment has been specially designed as a special balancing ritual to soothe and moisturize the scalp. It includes  <span class=\"Apple-converted-space\">  <\/span>Cold effect Purifying Cream which will act on flaking and moisturize the scalp; the oils: natural antibacterial Pure Melaleuca; nourishing Cure de Ricino and regenerating Cure de Rosa Mosqueta; the Vitaminado Indian Hair Tonic which, in addition to combating hair loss, helps to resolve excess oil, thus bringing balance to the scalp through ingredients that will help with the general health of the hair; and finally the aloe vera gel so well known for its soothing and calming properties. Customers who have tried it report improvements with just one application! <\/p>\n<p>\n\n                <\/div>\n            \n        <\/div>\n\n\n                    <div class=\"accordion   accordion-successive-first js-accordion not-found mobile--only--md stars-of-product-module text-align-center margin-top-between-modules back_color\">\n                <div class=\"accordion-container\">\n                    <div class=\"accordion-question space-between\">\n                                                    <h3 class=\"accordion-question-title uppercase back_color\">\n                                As Estrelas do Produto\n                            <\/h3>\n                                                <span class=\"accordion-arrow back_color\">&emsp;<\/span>\n                    <\/div>\n                    <div class=\"accordion-answer\">\n\n                                                    <div class=\"star-rating\">\n                                                                    <i class=\"fa fa-star\"><\/i>\n                                                                    <i class=\"fa fa-star\"><\/i>\n                                                                    <i class=\"fa fa-star\"><\/i>\n                                                                    <i class=\"fa fa-star\"><\/i>\n                                                                    <i class=\"fa fa-star\"><\/i>\n                                                            <\/div>\n                        \n                                                    <div class=\"stars-of-product-module-content\">\n                                <\/p>\n<p style=\"text-align: center;\">In order to balance the scalp, it&#8217;s important to pay attention to 3 factors: external factors; dermatological conditions such as seborrheic dermatitis, psoriasis, eczema and malassezia fungus (when these are detected, it&#8217;s a good idea to see a dermatologist who can help identify them); and the level of oiliness. This treatment has been specially designed as a special balancing ritual to soothe and moisturize the scalp. It includes  <span class=\"Apple-converted-space\">  <\/span>Cold effect Purifying Cream which will act on flaking and moisturize the scalp; the oils: natural antibacterial Pure Melaleuca; nourishing Cure de Ricino and regenerating Cure de Rosa Mosqueta; the Vitaminado Indian Hair Tonic which, in addition to combating hair loss, helps to resolve excess oil, thus bringing balance to the scalp through ingredients that will help with the general health of the hair; and finally the aloe vera gel so well known for its soothing and calming properties. Customers who have tried it report improvements with just one application! <\/p>\n<p>\n\n                            <\/div>\n                                            <\/div>\n                <\/div>\n            <\/div>\n        \n    <\/div>\n<\/div>\n[\/vc_column][\/vc_row][vc_row full_width=&#8221;stretch_row_content_no_spaces&#8221; el_class=&#8221;text-align-center&#8221;][vc_column]<div class=\"container\">\n\t<div class=\"usability-tips-and-secrets-module desktop--only--md\">\n\n\t\t<div class=\"usability-tips-and-secrets-module-content-wrapper full-width-container\">\n\n\t\t\t\n\t\t\t\t\t\t\t<div class=\"usability-tips-and-secrets-module-content usability-tips-and-secrets-module-content--bordered margin-top-between-modules\">\n\t\t\t\t\t\t\t\t\t\t\t<h2 class=\"uppercase black\">Como usar<\/h2>\n\t\t\t\t\t\n\t\t\t\t\t\t\t\t\t\t\t<p>Misturar numa ta\u00e7a 4 dosagens de Gel Alo\u00e9 Vera, 2 dosagens de \u00f3leo de r\u00edcino e 3 gotas de \u00f3leo de melaleuca, uma dosagem de \u00f3leo de rosa mosqueta e uma quantidade do t\u00f3nico capilar que permita formar uma pasta homog\u00e9nea (esta medida depende da extens\u00e3o do couro cabeludo, se necess\u00e1rio dobrar as medidas). Misturar bem. Devem aplicar esta mistura no couro cabeludo massajando bem, deixando atuar pelo menos 30 minutos. De seguida proceder \u00e0 lavagem do cabelo. O Creme Purificante Cold Effect deve ser aplicado no couro cabeludo ap\u00f3s a lavagem com o shampoo, pelo menos duas vezes por semana, deixando atuar durante pelo menos durante quatro minutos, enxaguando bem de seguida.<\/p>\n\n\t\t\t\t\t\t\t\t\t<\/div>\n\t\t\t\n\t\t\t\t\t<\/div>\n\t<\/div>\n\n\t\t\t<div class=\"mobile--only--md usability-tips-and-secrets-module text-align-center margin-top-between-modules usability-tips-and-secrets-module-video\">\n\t\t\t\t\t<\/div>\n\t\n\t\t\t<div class=\"accordion accordion-successive  js-accordion not-found mobile--only--md usability-tips-and-secrets-module text-align-center margin-top-between-modules back_color\">\n\t\t\t<div class=\"accordion-container\">\n\t\t\t\t<div class=\"accordion-question space-between\">\n\t\t\t\t\t\t\t\t\t\t\t<h3 class=\"accordion-question-title uppercase back_color\">\n\t\t\t\t\t\t\tComo usar\n\t\t\t\t\t\t<\/h3>\n\t\t\t\t\t\n\t\t\t\t\t<span class=\"accordion-arrow back_color\">&emsp;<\/span>\n\t\t\t\t<\/div>\n\t\t\t\t<div class=\"accordion-answer\">\n\t\t\t\t\t\t\t\t\t\t\t<div class=\"usability-tips-and-secrets-module-content\">\n\t\t\t\t\t\t\t<p>Misturar numa ta\u00e7a 4 dosagens de Gel Alo\u00e9 Vera, 2 dosagens de \u00f3leo de r\u00edcino e 3 gotas de \u00f3leo de melaleuca, uma dosagem de \u00f3leo de rosa mosqueta e uma quantidade do t\u00f3nico capilar que permita formar uma pasta homog\u00e9nea (esta medida depende da extens\u00e3o do couro cabeludo, se necess\u00e1rio dobrar as medidas). Misturar bem. Devem aplicar esta mistura no couro cabeludo massajando bem, deixando atuar pelo menos 30 minutos. De seguida proceder \u00e0 lavagem do cabelo. O Creme Purificante Cold Effect deve ser aplicado no couro cabeludo ap\u00f3s a lavagem com o shampoo, pelo menos duas vezes por semana, deixando atuar durante pelo menos durante quatro minutos, enxaguando bem de seguida.<\/p>\n\n\t\t\t\t\t\t<\/div>\n\t\t\t\t\t\t\t\t\t<\/div>\n\t\t\t<\/div>\n\t\t<\/div>\n\t\n\t<\/div>\n[\/vc_column][\/vc_row][vc_row full_width=&#8221;stretch_row_content_no_spaces&#8221; el_class=&#8221;text-align-center&#8221;][vc_column]<div class=\"container \">\n\n    <div class=\"content-default-module text-align-center margin-top-between-modules\n        \n        \n        \n        \n        \n        \n        desktop--only--md\"\n        style=\"margin-bottom: 0px;\"\n    >\n\n                <div class=\"content-default-module-titles\">\n                            <h2 class=\"content-default-module-title uppercase black\">Dicas &amp; Segredos<\/h2>\n            \n                    <\/div>\n        \n                    <div class=\"content-default-module-content\">\n                <p>Para melhores resultados recomendamos a lavagem dos cabelos com os seguintes produtos em conjunto com este tratamento: se a caspa for seca (pel\u00edculas finas e esbranqui\u00e7adas quem n\u00e3o aderem ao couro cabeludo e que se soltam com facilidade) recomendamos o uso da <a href=\"https:\/\/www.avani.pt\/p\/gama-indian-hair-cabelos-muito-secos\/\">Gama Indian Hair Nutrition<\/a>; se a caspa for oleosa (pel\u00edculas amareladas maiores que aderem ao couro cabeludo) recomendamos a lavagem com o <a href=\"https:\/\/www.avani.pt\/p\/shampoo-cold-effect-anticaspa-indian-hair-250ml\/\">shampoo cold effect<\/a>, <a href=\"https:\/\/www.avani.pt\/p\/shampoo-vitaminado-fortificante-indian-hair-250ml\/\">shampoo indian hair vitaminado<\/a> e <a href=\"https:\/\/www.avani.pt\/p\/condicionador-vitaminado-fortificante-indian-hair-250-ml\/\">condicionador indian hair vitaminado<\/a> nos meios e pontas; para um couro cabeludo sens\u00edvel (comich\u00e3o, irrita\u00e7\u00e3o) recomendamos usar este tratamento em conjunto com a <a href=\"https:\/\/www.avani.pt\/p\/gama-panchali-com-acafrao-fortificante-apaziguadora-vegan\/\">Gama Panchali<\/a>.<\/p>\n\n            <\/div>\n        \n        \n        \n\n        \n\n\n    <\/div>\n\n\n            <div class=\"accordion accordion-successive   js-accordion not-found mobile--only--md content-default-module text-align-center margin-top-between-modules back_color\">\n            <div class=\"accordion-container\">\n                <div class=\"accordion-question space-between\">\n                                            <h3 class=\"accordion-question-title uppercase back_color\">\n                            Dicas &amp; Segredos\n                        <\/h3>\n                                        <span class=\"accordion-arrow back_color\">&emsp;<\/span>\n                <\/div>\n                <div class=\"accordion-answer\">\n                    \n                                            <div class=\"content-default-module-content\">\n                            <p>Para melhores resultados recomendamos a lavagem dos cabelos com os seguintes produtos em conjunto com este tratamento: se a caspa for seca (pel\u00edculas finas e esbranqui\u00e7adas quem n\u00e3o aderem ao couro cabeludo e que se soltam com facilidade) recomendamos o uso da <a href=\"https:\/\/www.avani.pt\/p\/gama-indian-hair-cabelos-muito-secos\/\">Gama Indian Hair Nutrition<\/a>; se a caspa for oleosa (pel\u00edculas amareladas maiores que aderem ao couro cabeludo) recomendamos a lavagem com o <a href=\"https:\/\/www.avani.pt\/p\/shampoo-cold-effect-anticaspa-indian-hair-250ml\/\">shampoo cold effect<\/a>, <a href=\"https:\/\/www.avani.pt\/p\/shampoo-vitaminado-fortificante-indian-hair-250ml\/\">shampoo indian hair vitaminado<\/a> e <a href=\"https:\/\/www.avani.pt\/p\/condicionador-vitaminado-fortificante-indian-hair-250-ml\/\">condicionador indian hair vitaminado<\/a> nos meios e pontas; para um couro cabeludo sens\u00edvel (comich\u00e3o, irrita\u00e7\u00e3o) recomendamos usar este tratamento em conjunto com a <a href=\"https:\/\/www.avani.pt\/p\/gama-panchali-com-acafrao-fortificante-apaziguadora-vegan\/\">Gama Panchali<\/a>.<\/p>\n\n                        <\/div>\n                    \n                    \n                                    <\/div>\n            <\/div>\n        <\/div>\n    \n<\/div>\n<div class=\"container \">\n\n    <div class=\"content-default-module text-align-center margin-top-between-modules\n        \n        \n        \n        \n        \n        \n        desktop--only--md\"\n        style=\"margin-bottom: 0px;\"\n    >\n\n                <div class=\"content-default-module-titles\">\n                            <h2 class=\"content-default-module-title uppercase black\">Detalhes<\/h2>\n            \n                    <\/div>\n        \n                    <div class=\"content-default-module-content\">\n                <p><strong>Este tratamento \u00e9 composto por:<\/strong><\/p>\n<p><a href=\"https:\/\/www.avani.pt\/p\/mascara-cold-effect-anticaspa-indian-hair-500ml\/\">Creme Purificante Cold Effect 500 ml<\/a><\/p>\n<p><a href=\"https:\/\/www.avani.pt\/p\/oleo-de-ricino-100ml\/\">\u00d3leo de R\u00edcino Biol\u00f3gico 100ml<\/a><\/p>\n<p><a href=\"https:\/\/www.avani.pt\/p\/gel-100-aloe-vera-refrescante-100ml\/\">Gel 100% Aloe Vera Refrescante 100ml<\/a><\/p>\n<p><a href=\"https:\/\/www.avani.pt\/p\/oleo-melaleuca-tea-tree-10ml\/\">\u00d3leo Melaleuca Tea Tree 10ml<\/a><\/p>\n<p><a href=\"https:\/\/www.avani.pt\/p\/oleo-de-rosa-mosqueta-puro-biologico-e-organico\/\">\u00d3leo de Rosa Mosqueta Bio<\/a><\/p>\n<p><a href=\"https:\/\/www.avani.pt\/p\/tonico-capilar-vitaminado-fortificante-indian-hair-100ml\/\">T\u00f3nico Capilar Indian Hair Vitaminado 100 ml<\/a><\/p>\n\n            <\/div>\n        \n        \n        \n\n        \n\n\n    <\/div>\n\n\n            <div class=\"accordion accordion-successive   js-accordion not-found mobile--only--md content-default-module text-align-center margin-top-between-modules back_color\">\n            <div class=\"accordion-container\">\n                <div class=\"accordion-question space-between\">\n                                            <h3 class=\"accordion-question-title uppercase back_color\">\n                            Detalhes\n                        <\/h3>\n                                        <span class=\"accordion-arrow back_color\">&emsp;<\/span>\n                <\/div>\n                <div class=\"accordion-answer\">\n                    \n                                            <div class=\"content-default-module-content\">\n                            <p><strong>Este tratamento \u00e9 composto por:<\/strong><\/p>\n<p><a href=\"https:\/\/www.avani.pt\/p\/mascara-cold-effect-anticaspa-indian-hair-500ml\/\">Creme Purificante Cold Effect 500 ml<\/a><\/p>\n<p><a href=\"https:\/\/www.avani.pt\/p\/oleo-de-ricino-100ml\/\">\u00d3leo de R\u00edcino Biol\u00f3gico 100ml<\/a><\/p>\n<p><a href=\"https:\/\/www.avani.pt\/p\/gel-100-aloe-vera-refrescante-100ml\/\">Gel 100% Aloe Vera Refrescante 100ml<\/a><\/p>\n<p><a href=\"https:\/\/www.avani.pt\/p\/oleo-melaleuca-tea-tree-10ml\/\">\u00d3leo Melaleuca Tea Tree 10ml<\/a><\/p>\n<p><a href=\"https:\/\/www.avani.pt\/p\/oleo-de-rosa-mosqueta-puro-biologico-e-organico\/\">\u00d3leo de Rosa Mosqueta Bio<\/a><\/p>\n<p><a href=\"https:\/\/www.avani.pt\/p\/tonico-capilar-vitaminado-fortificante-indian-hair-100ml\/\">T\u00f3nico Capilar Indian Hair Vitaminado 100 ml<\/a><\/p>\n\n                        <\/div>\n                    \n                    \n                                    <\/div>\n            <\/div>\n        <\/div>\n    \n<\/div>\n<div class=\"tip-products margin-top-between-modules default\">\n    <div class=\"container\">\n                    <h2 class=\"title\">\n                Comprar individualmente\n            <\/h2>\n        \n        \n        <div class=\"products-container\">\n                    <\/div>\n\n    <\/div>\n<\/div>\n[\/vc_column][\/vc_row]<\/p>\n<\/div>","protected":false},"excerpt":{"rendered":"<p style=\"text-align: left;\">Composed of six products. Certain skin conditions such as psoriasis, seborrheic dermatitis and others can cause an imbalance in the health of the scalp. Special balancing ritual to soothe and moisturize the scalp. Includes   <span class=\"Apple-converted-space\">  <\/span>Cold effect Purifying Cream, the oils: natural antibacterial Pure Melaleuca; nourishing Cure de Ricino and regenerating Cure de Rosa Mosqueta; Vitaminized Indian Hair Tonic and aloe vera gel.<\/p>\n","protected":false},"featured_media":75043,"comment_status":"open","ping_status":"closed","template":"","meta":{"_acf_changed":false},"product_brand":[],"product_cat":[422,468,459,532,426,481,476,530,487,531,480,447,533,467],"product_tag":[],"class_list":{"0":"post-78131","1":"product","2":"type-product","3":"status-publish","4":"has-post-thumbnail","6":"product_cat-aloe-vera","7":"product_cat-avani-exclusives","8":"product_cat-care","9":"product_cat-castor-oil","10":"product_cat-hair","11":"product_cat-hair-spa-line","12":"product_cat-hair-strengthening-hair-loss","13":"product_cat-ingredients-2","14":"product_cat-ingredients","15":"product_cat-melaleuca","16":"product_cat-professional","17":"product_cat-scalp-problems","18":"product_cat-scalp-problems-exclusive-avani-treatments","19":"product_cat-treatments","21":"first","22":"instock","23":"taxable","24":"shipping-taxable","25":"purchasable","26":"product-type-simple"},"acf":[],"wooqr_code":"","_links":{"self":[{"href":"https:\/\/www.avani.pt\/en\/wp-json\/wp\/v2\/product\/78131","targetHints":{"allow":["GET"]}}],"collection":[{"href":"https:\/\/www.avani.pt\/en\/wp-json\/wp\/v2\/product"}],"about":[{"href":"https:\/\/www.avani.pt\/en\/wp-json\/wp\/v2\/types\/product"}],"replies":[{"embeddable":true,"href":"https:\/\/www.avani.pt\/en\/wp-json\/wp\/v2\/comments?post=78131"}],"wp:featuredmedia":[{"embeddable":true,"href":"https:\/\/www.avani.pt\/en\/wp-json\/wp\/v2\/media\/75043"}],"wp:attachment":[{"href":"https:\/\/www.avani.pt\/en\/wp-json\/wp\/v2\/media?parent=78131"}],"wp:term":[{"taxonomy":"product_brand","embeddable":true,"href":"https:\/\/www.avani.pt\/en\/wp-json\/wp\/v2\/product_brand?post=78131"},{"taxonomy":"product_cat","embeddable":true,"href":"https:\/\/www.avani.pt\/en\/wp-json\/wp\/v2\/product_cat?post=78131"},{"taxonomy":"product_tag","embeddable":true,"href":"https:\/\/www.avani.pt\/en\/wp-json\/wp\/v2\/product_tag?post=78131"}],"curies":[{"name":"wp","href":"https:\/\/api.w.org\/{rel}","templated":true}]}}