{"id":78133,"date":"2018-11-19T19:06:18","date_gmt":"2018-11-19T19:06:18","guid":{"rendered":"https:\/\/www.avani.pt\/p\/krishna-curls-nourishing-sealing-conditioner-250-ml-no-salt\/"},"modified":"2025-10-21T12:00:58","modified_gmt":"2025-10-21T11:00:58","slug":"krishna-curls-nourishing-sealing-conditioner-250-ml-no-salt","status":"publish","type":"product","link":"https:\/\/www.avani.pt\/en\/p\/krishna-curls-nourishing-sealing-conditioner-250-ml-no-salt\/","title":{"rendered":"Krishna Curls Nourishing Sealing Conditioner 250 ml | No Salt"},"content":{"rendered":"<div class=\"wpb-content-wrapper\"><p>[vc_row full_width=&#8221;stretch_row_content_no_spaces&#8221; el_class=&#8221;text-align-center&#8221;][vc_column]<div class=\"stars-of-product-module-wrapper margin-top-between-modules\">\n    <img decoding=\"async\" class=\"stars-of-product-module-left-image-design\" src=\"\/dist\/images\/stars_product_module_design.png\">\n    <img decoding=\"async\" class=\"stars-of-product-module-right-image-design\" src=\"\/dist\/images\/stars_product_module_design.png\">\n\n    <div class=\"container\">\n\n        <div class=\"stars-of-product-module text-align-center  desktop--only--md\">\n\n                            <div class=\"star-rating\">\n                                            <i class=\"fa fa-star\"><\/i>\n                                            <i class=\"fa fa-star\"><\/i>\n                                            <i class=\"fa fa-star\"><\/i>\n                                            <i class=\"fa fa-star\"><\/i>\n                                            <i class=\"fa fa-star\"><\/i>\n                                    <\/div>\n            \n                            <div class=\"stars-of-product-module-titles\">\n                                            <h2 class=\"stars-of-product-module-title black uppercase back_color\">The Product Stars<\/h2>\n                                    <\/div>\n            \n                            <div class=\"stars-of-product-module-content\">\n                    <p>Highly nourishing, this curl-specific sealing conditioner is rich in argan, macadamia and coconut oils; verbena and lavender essential oils; aloe vera and vegetable amino acids. Moisturizes, nourishes and detangles even the toughest knots. Improves the manageability and elasticity of curls. Much loved by customers for its nourishing powers, definition and soft smell.   <\/p>\n<p>\n\n                <\/div>\n            \n        <\/div>\n\n\n                    <div class=\"accordion   accordion-successive-first js-accordion not-found mobile--only--md stars-of-product-module text-align-center margin-top-between-modules back_color\">\n                <div class=\"accordion-container\">\n                    <div class=\"accordion-question space-between\">\n                                                    <h3 class=\"accordion-question-title uppercase back_color\">\n                                As Estrelas do Produto\n                            <\/h3>\n                                                <span class=\"accordion-arrow back_color\">&emsp;<\/span>\n                    <\/div>\n                    <div class=\"accordion-answer\">\n\n                                                    <div class=\"star-rating\">\n                                                                    <i class=\"fa fa-star\"><\/i>\n                                                                    <i class=\"fa fa-star\"><\/i>\n                                                                    <i class=\"fa fa-star\"><\/i>\n                                                                    <i class=\"fa fa-star\"><\/i>\n                                                                    <i class=\"fa fa-star\"><\/i>\n                                                            <\/div>\n                        \n                                                    <div class=\"stars-of-product-module-content\">\n                                <p>Highly nourishing, this curl-specific sealing conditioner is rich in argan, macadamia and coconut oils; verbena and lavender essential oils; aloe vera and vegetable amino acids. Moisturizes, nourishes and detangles even the toughest knots. Improves the manageability and elasticity of curls. Much loved by customers for its nourishing powers, definition and soft smell.   <\/p>\n<p>\n\n                            <\/div>\n                                            <\/div>\n                <\/div>\n            <\/div>\n        \n    <\/div>\n<\/div>\n[\/vc_column][\/vc_row][vc_row full_width=&#8221;stretch_row_content_no_spaces&#8221; el_class=&#8221;text-align-center&#8221;][vc_column]<div class=\"container\">\n\t<div class=\"usability-tips-and-secrets-module desktop--only--md\">\n\n\t\t<div class=\"usability-tips-and-secrets-module-content-wrapper \">\n\n\t\t\t\t\t\t\t<div class=\"usability-tips-and-secrets-module-video margin-top-between-modules\">\n\t\t\t\t\t<div class=\"wp-block-embed wp-embed-width-desktop- wp-embed-width-mobile-\">\n\t\t<figure class=\"wp-block-embed-video is-type-video is-provider-youtube wp-block-embed-youtube wp-embed-aspect-16-9 wp-has-aspect-ratio\">\n\t\t\t<div class=\"wp-block-embed__wrapper js-video-play\">\n\t\t\t\t<img decoding=\"async\" class=\"wp-block-embed__cover\" src=\"https:\/\/img.youtube.com\/vi\/PtsUcODJrwI\/maxresdefault.jpg\" \/>\n\t\t\t\t<i class=\"fa fa-play-circle\" aria-hidden=\"true\"><\/i>\n\t\t\t\t<iframe src=\"https:\/\/www.youtube.com\/embed\/PtsUcODJrwI?start=0&amp;showinfo=0&amp;controls=1&amp;rel=0\" frameborder=\"0\" allow=\"accelerometer; autoplay; clipboard-write; encrypted-media; gyroscope; picture-in-picture\" allowfullscreen=\"\"><\/iframe>\n\t\t\t<\/div>\n\t\t<\/figure>\n\t<\/div>\n\t<div class=\"av-social-share\"><p>Share<\/p> <div class=\"addtoany_shortcode\"><div class=\"a2a_kit a2a_kit_size_48 addtoany_list\" data-a2a-url=\"https:\/\/www.avani.pt\/en\/p\/krishna-curls-nourishing-sealing-conditioner-250-ml-no-salt\/\" data-a2a-title=\"Krishna Curls Nourishing Sealing Conditioner 250 ml | No Salt\"><a class=\"a2a_button_email\" href=\"https:\/\/www.addtoany.com\/add_to\/email?linkurl=https%3A%2F%2Fwww.avani.pt%2Fen%2Fp%2Fkrishna-curls-nourishing-sealing-conditioner-250-ml-no-salt%2F&amp;linkname=Krishna%20Curls%20Nourishing%20Sealing%20Conditioner%20250%20ml%20%7C%20No%20Salt\" title=\"Email\" rel=\"nofollow noopener\" target=\"_blank\"><img loading=\"lazy\" decoding=\"async\" src=\"\/wp-content\/themes\/slendertail-theme\/addtoany\/email.svg\" width=\"48\" height=\"48\" alt=\"Email\"><\/a><a class=\"a2a_button_facebook\" href=\"https:\/\/www.addtoany.com\/add_to\/facebook?linkurl=https%3A%2F%2Fwww.avani.pt%2Fen%2Fp%2Fkrishna-curls-nourishing-sealing-conditioner-250-ml-no-salt%2F&amp;linkname=Krishna%20Curls%20Nourishing%20Sealing%20Conditioner%20250%20ml%20%7C%20No%20Salt\" title=\"Facebook\" rel=\"nofollow noopener\" target=\"_blank\"><img loading=\"lazy\" decoding=\"async\" src=\"\/wp-content\/themes\/slendertail-theme\/addtoany\/facebook.svg\" width=\"48\" height=\"48\" alt=\"Facebook\"><\/a><a class=\"a2a_button_facebook_messenger\" href=\"https:\/\/www.addtoany.com\/add_to\/facebook_messenger?linkurl=https%3A%2F%2Fwww.avani.pt%2Fen%2Fp%2Fkrishna-curls-nourishing-sealing-conditioner-250-ml-no-salt%2F&amp;linkname=Krishna%20Curls%20Nourishing%20Sealing%20Conditioner%20250%20ml%20%7C%20No%20Salt\" title=\"Messenger\" rel=\"nofollow noopener\" target=\"_blank\"><img loading=\"lazy\" decoding=\"async\" src=\"\/wp-content\/themes\/slendertail-theme\/addtoany\/facebook_messenger.svg\" width=\"48\" height=\"48\" alt=\"Messenger\"><\/a><a class=\"a2a_button_whatsapp\" href=\"https:\/\/www.addtoany.com\/add_to\/whatsapp?linkurl=https%3A%2F%2Fwww.avani.pt%2Fen%2Fp%2Fkrishna-curls-nourishing-sealing-conditioner-250-ml-no-salt%2F&amp;linkname=Krishna%20Curls%20Nourishing%20Sealing%20Conditioner%20250%20ml%20%7C%20No%20Salt\" title=\"WhatsApp\" rel=\"nofollow noopener\" target=\"_blank\"><img loading=\"lazy\" decoding=\"async\" src=\"\/wp-content\/themes\/slendertail-theme\/addtoany\/whatsapp.svg\" width=\"48\" height=\"48\" alt=\"WhatsApp\"><\/a><\/div><\/div><\/div>\t\t\t\t<\/div>\n\t\t\t\n\t\t\t\t\t\t\t<div class=\"usability-tips-and-secrets-module-content usability-tips-and-secrets-module-content--bordered margin-top-between-modules\">\n\t\t\t\t\t\t\t\t\t\t\t<h2 class=\"uppercase black\">Como usar<\/h2>\n\t\t\t\t\t\n\t\t\t\t\t\t\t\t\t\t\t<p>Aplicar depois de lavar com o shampoo ou como passo 3, depois da m\u00e1scara capilar. Aplicar nos meios e pontas e deixar atuar durante um minuto. De seguida, enxaguar.<\/p>\n\n\t\t\t\t\t\t\t\t\t<\/div>\n\t\t\t\n\t\t\t\t\t<\/div>\n\t<\/div>\n\n\t\t\t<div class=\"mobile--only--md usability-tips-and-secrets-module text-align-center margin-top-between-modules usability-tips-and-secrets-module-video\">\n\t\t\t<div class=\"wp-block-embed wp-embed-width-desktop- wp-embed-width-mobile-\">\n\t\t<figure class=\"wp-block-embed-video is-type-video is-provider-youtube wp-block-embed-youtube wp-embed-aspect-16-9 wp-has-aspect-ratio mobile--only--md\">\n\t\t\t<div class=\"wp-block-embed__wrapper js-video-play\">\n\t\t\t\t<img decoding=\"async\" class=\"wp-block-embed__cover\" src=\"https:\/\/img.youtube.com\/vi\/PtsUcODJrwI\/maxresdefault.jpg\" \/>\n\t\t\t\t<i class=\"fa fa-play-circle\" aria-hidden=\"true\"><\/i>\n\t\t\t\t<iframe src=\"https:\/\/www.youtube.com\/embed\/PtsUcODJrwI?start=0&amp;showinfo=0&amp;controls=1&amp;rel=0\" frameborder=\"0\" allow=\"accelerometer; autoplay; clipboard-write; encrypted-media; gyroscope; picture-in-picture\" allowfullscreen=\"\"><\/iframe>\n\t\t\t<\/div>\n\t\t<\/figure>\n\t<\/div>\n\t<div class=\"av-social-share\"><p>Share<\/p> <div class=\"addtoany_shortcode\"><div class=\"a2a_kit a2a_kit_size_48 addtoany_list\" data-a2a-url=\"https:\/\/www.avani.pt\/en\/p\/krishna-curls-nourishing-sealing-conditioner-250-ml-no-salt\/\" data-a2a-title=\"Krishna Curls Nourishing Sealing Conditioner 250 ml | No Salt\"><a class=\"a2a_button_email\" href=\"https:\/\/www.addtoany.com\/add_to\/email?linkurl=https%3A%2F%2Fwww.avani.pt%2Fen%2Fp%2Fkrishna-curls-nourishing-sealing-conditioner-250-ml-no-salt%2F&amp;linkname=Krishna%20Curls%20Nourishing%20Sealing%20Conditioner%20250%20ml%20%7C%20No%20Salt\" title=\"Email\" rel=\"nofollow noopener\" target=\"_blank\"><img loading=\"lazy\" decoding=\"async\" src=\"\/wp-content\/themes\/slendertail-theme\/addtoany\/email.svg\" width=\"48\" height=\"48\" alt=\"Email\"><\/a><a class=\"a2a_button_facebook\" href=\"https:\/\/www.addtoany.com\/add_to\/facebook?linkurl=https%3A%2F%2Fwww.avani.pt%2Fen%2Fp%2Fkrishna-curls-nourishing-sealing-conditioner-250-ml-no-salt%2F&amp;linkname=Krishna%20Curls%20Nourishing%20Sealing%20Conditioner%20250%20ml%20%7C%20No%20Salt\" title=\"Facebook\" rel=\"nofollow noopener\" target=\"_blank\"><img loading=\"lazy\" decoding=\"async\" src=\"\/wp-content\/themes\/slendertail-theme\/addtoany\/facebook.svg\" width=\"48\" height=\"48\" alt=\"Facebook\"><\/a><a class=\"a2a_button_facebook_messenger\" href=\"https:\/\/www.addtoany.com\/add_to\/facebook_messenger?linkurl=https%3A%2F%2Fwww.avani.pt%2Fen%2Fp%2Fkrishna-curls-nourishing-sealing-conditioner-250-ml-no-salt%2F&amp;linkname=Krishna%20Curls%20Nourishing%20Sealing%20Conditioner%20250%20ml%20%7C%20No%20Salt\" title=\"Messenger\" rel=\"nofollow noopener\" target=\"_blank\"><img loading=\"lazy\" decoding=\"async\" src=\"\/wp-content\/themes\/slendertail-theme\/addtoany\/facebook_messenger.svg\" width=\"48\" height=\"48\" alt=\"Messenger\"><\/a><a class=\"a2a_button_whatsapp\" href=\"https:\/\/www.addtoany.com\/add_to\/whatsapp?linkurl=https%3A%2F%2Fwww.avani.pt%2Fen%2Fp%2Fkrishna-curls-nourishing-sealing-conditioner-250-ml-no-salt%2F&amp;linkname=Krishna%20Curls%20Nourishing%20Sealing%20Conditioner%20250%20ml%20%7C%20No%20Salt\" title=\"WhatsApp\" rel=\"nofollow noopener\" target=\"_blank\"><img loading=\"lazy\" decoding=\"async\" src=\"\/wp-content\/themes\/slendertail-theme\/addtoany\/whatsapp.svg\" width=\"48\" height=\"48\" alt=\"WhatsApp\"><\/a><\/div><\/div><\/div>\t\t<\/div>\n\t\n\t\t\t<div class=\"accordion accordion-successive  js-accordion not-found mobile--only--md usability-tips-and-secrets-module text-align-center margin-top-between-modules back_color\">\n\t\t\t<div class=\"accordion-container\">\n\t\t\t\t<div class=\"accordion-question space-between\">\n\t\t\t\t\t\t\t\t\t\t\t<h3 class=\"accordion-question-title uppercase back_color\">\n\t\t\t\t\t\t\tComo usar\n\t\t\t\t\t\t<\/h3>\n\t\t\t\t\t\n\t\t\t\t\t<span class=\"accordion-arrow back_color\">&emsp;<\/span>\n\t\t\t\t<\/div>\n\t\t\t\t<div class=\"accordion-answer\">\n\t\t\t\t\t\t\t\t\t\t\t<div class=\"usability-tips-and-secrets-module-content\">\n\t\t\t\t\t\t\t<p>Aplicar depois de lavar com o shampoo ou como passo 3, depois da m\u00e1scara capilar. Aplicar nos meios e pontas e deixar atuar durante um minuto. De seguida, enxaguar.<\/p>\n\n\t\t\t\t\t\t<\/div>\n\t\t\t\t\t\t\t\t\t<\/div>\n\t\t\t<\/div>\n\t\t<\/div>\n\t\n\t<\/div>\n[\/vc_column][\/vc_row][vc_row full_width=&#8221;stretch_row_content_no_spaces&#8221; el_class=&#8221;text-align-center&#8221;][vc_column]<div class=\"container \">\n\n    <div class=\"content-default-module text-align-center margin-top-between-modules\n        \n        \n        \n        \n        \n        \n        desktop--only--md\"\n        style=\"margin-bottom: 0px;\"\n    >\n\n                <div class=\"content-default-module-titles\">\n                            <h2 class=\"content-default-module-title uppercase black\">Composi&ccedil;&atilde;o<\/h2>\n            \n                    <\/div>\n        \n                    <div class=\"content-default-module-content\">\n                <\/p>\n<p style=\"text-align: left;\"><strong>\u00d3leo de Argan |\u00a0<\/strong>\u00f3leo nutritivo, rico e gordo que lubrifica a fibra capilar conferindo um efeito suavizante.\u00a0Repara, nutre o couro cabeludo, sela as pontas espigadas e protege o comprimento da fibra provendo um crescimento forte e saud\u00e1vel do cabelo.<\/p>\n<p style=\"text-align: left;\"><strong>\u00d3leo de Macad\u00e2mia<\/strong> <strong>|<\/strong>\u00a0rico em vitamina E, magn\u00e9sio, \u00f3mega 9, \u00e1cido palmitoleico e outros \u00e1cidos gordos insaturados nutre, repara e fortifica a fibra capilar.<\/p>\n<p style=\"text-align: left;\"><strong>\u00d3leo de Lavanda |<\/strong>\u00a0calmante natural promove o equil\u00edbrio no couro cabeludo permitindo um crescimento saud\u00e1vel dos cabelos.<\/p>\n<p style=\"text-align: left;\"><strong>Alo\u00e9 Vera |<\/strong> proporciona uma regenera\u00e7\u00e3o e hidrata\u00e7\u00e3o profundas da pele do couro cabeludo.<\/p>\n<p style=\"text-align: left;\"><strong>\u00d3leo de coco |<\/strong> o \u00e1cido l\u00e1urico presente neste \u00f3leo tem propriedades nutritivas com uma alta capacidade de penetra\u00e7\u00e3o, deixando assim os fios male\u00e1veis, brilhantes e flex\u00edveis.<\/p>\n<p style=\"text-align: left;\"><strong>\u00d3leo de Litsea Cubeba | <\/strong>equilibra a sa\u00fade\u00a0do couro cabeludo pelas suas propriedades antibacterianas e anti-seborre\u00edcas.<\/p>\n<p style=\"text-align: left;\"><strong>Extrato de Amla |<\/strong>\u00a0o segredo indiano para um cabelo forte, brilhante, longo e saud\u00e1vel! Amla, tamb\u00e9m conhecida como a groselha indiana \u00e9 proveniente da planta Amalaki, e ingrediente essencial especialmente recomendado para produtos capilares\u00a0pela medicina Ayurveda usado desde da antiguidade como o elixir para o cabelo por ser rico em antioxidantes, vitaminas, c\u00e1lcio, fosforo e caroteno. Auxilia no combate \u00e0 queda, caspa, descama\u00e7\u00e3o e estimula o crescimento saud\u00e1vel dos fios.<\/p>\n<p>\n\n            <\/div>\n        \n        \n        \n\n        \n\n\n    <\/div>\n\n\n            <div class=\"accordion accordion-successive   js-accordion not-found mobile--only--md content-default-module text-align-center margin-top-between-modules back_color\">\n            <div class=\"accordion-container\">\n                <div class=\"accordion-question space-between\">\n                                            <h3 class=\"accordion-question-title uppercase back_color\">\n                            Composi&ccedil;&atilde;o\n                        <\/h3>\n                                        <span class=\"accordion-arrow back_color\">&emsp;<\/span>\n                <\/div>\n                <div class=\"accordion-answer\">\n                    \n                                            <div class=\"content-default-module-content\">\n                            <\/p>\n<p style=\"text-align: left;\"><strong>\u00d3leo de Argan |\u00a0<\/strong>\u00f3leo nutritivo, rico e gordo que lubrifica a fibra capilar conferindo um efeito suavizante.\u00a0Repara, nutre o couro cabeludo, sela as pontas espigadas e protege o comprimento da fibra provendo um crescimento forte e saud\u00e1vel do cabelo.<\/p>\n<p style=\"text-align: left;\"><strong>\u00d3leo de Macad\u00e2mia<\/strong> <strong>|<\/strong>\u00a0rico em vitamina E, magn\u00e9sio, \u00f3mega 9, \u00e1cido palmitoleico e outros \u00e1cidos gordos insaturados nutre, repara e fortifica a fibra capilar.<\/p>\n<p style=\"text-align: left;\"><strong>\u00d3leo de Lavanda |<\/strong>\u00a0calmante natural promove o equil\u00edbrio no couro cabeludo permitindo um crescimento saud\u00e1vel dos cabelos.<\/p>\n<p style=\"text-align: left;\"><strong>Alo\u00e9 Vera |<\/strong> proporciona uma regenera\u00e7\u00e3o e hidrata\u00e7\u00e3o profundas da pele do couro cabeludo.<\/p>\n<p style=\"text-align: left;\"><strong>\u00d3leo de coco |<\/strong> o \u00e1cido l\u00e1urico presente neste \u00f3leo tem propriedades nutritivas com uma alta capacidade de penetra\u00e7\u00e3o, deixando assim os fios male\u00e1veis, brilhantes e flex\u00edveis.<\/p>\n<p style=\"text-align: left;\"><strong>\u00d3leo de Litsea Cubeba | <\/strong>equilibra a sa\u00fade\u00a0do couro cabeludo pelas suas propriedades antibacterianas e anti-seborre\u00edcas.<\/p>\n<p style=\"text-align: left;\"><strong>Extrato de Amla |<\/strong>\u00a0o segredo indiano para um cabelo forte, brilhante, longo e saud\u00e1vel! Amla, tamb\u00e9m conhecida como a groselha indiana \u00e9 proveniente da planta Amalaki, e ingrediente essencial especialmente recomendado para produtos capilares\u00a0pela medicina Ayurveda usado desde da antiguidade como o elixir para o cabelo por ser rico em antioxidantes, vitaminas, c\u00e1lcio, fosforo e caroteno. Auxilia no combate \u00e0 queda, caspa, descama\u00e7\u00e3o e estimula o crescimento saud\u00e1vel dos fios.<\/p>\n<p>\n\n                        <\/div>\n                    \n                    \n                                    <\/div>\n            <\/div>\n        <\/div>\n    \n<\/div>\n<div class=\"container \">\n\n    <div class=\"content-default-module text-align-center margin-top-between-modules\n        \n        \n        \n        \n        \n        \n        desktop--only--md\"\n        style=\"margin-bottom: 0px;\"\n    >\n\n                <div class=\"content-default-module-titles\">\n                            <h2 class=\"content-default-module-title uppercase black\">Ingredientes<\/h2>\n            \n                    <\/div>\n        \n                    <div class=\"content-default-module-content\">\n                <\/p>\n<p style=\"text-align: center;\">Aqua, cetearyl alcohol, behentrimonium chloride, parfum, phytosteryl \/<br \/>\noctyldodecyl lauroyl glutamate, glycerin, Argania spinosa kernel oil, isopropyl alcohol,<br \/>\nLavandula angustifolia oil, Cocos nucifera oil, alcohol denat., Macadamia ternifolia seed oil,<br \/>\nPEG-90M, Aloe barbadensis leaf juice powder, Litsea cubeba fruit oil, Phyllanthus emblica<br \/>\nfruit powder, tocopherol, benzyl alcohol, benzoic acid, sorbic acid, linalool, coumarin, benzyl<br \/>\nsalicylate, citral.<\/p>\n<p>\n\n            <\/div>\n        \n        \n        \n\n        \n\n\n    <\/div>\n\n\n            <div class=\"accordion accordion-successive   js-accordion not-found mobile--only--md content-default-module text-align-center margin-top-between-modules back_color\">\n            <div class=\"accordion-container\">\n                <div class=\"accordion-question space-between\">\n                                            <h3 class=\"accordion-question-title uppercase back_color\">\n                            Ingredientes\n                        <\/h3>\n                                        <span class=\"accordion-arrow back_color\">&emsp;<\/span>\n                <\/div>\n                <div class=\"accordion-answer\">\n                    \n                                            <div class=\"content-default-module-content\">\n                            <\/p>\n<p style=\"text-align: center;\">Aqua, cetearyl alcohol, behentrimonium chloride, parfum, phytosteryl \/<br \/>\noctyldodecyl lauroyl glutamate, glycerin, Argania spinosa kernel oil, isopropyl alcohol,<br \/>\nLavandula angustifolia oil, Cocos nucifera oil, alcohol denat., Macadamia ternifolia seed oil,<br \/>\nPEG-90M, Aloe barbadensis leaf juice powder, Litsea cubeba fruit oil, Phyllanthus emblica<br \/>\nfruit powder, tocopherol, benzyl alcohol, benzoic acid, sorbic acid, linalool, coumarin, benzyl<br \/>\nsalicylate, citral.<\/p>\n<p>\n\n                        <\/div>\n                    \n                    \n                                    <\/div>\n            <\/div>\n        <\/div>\n    \n<\/div>\n[\/vc_column][\/vc_row]<\/p>\n<\/div>","protected":false},"excerpt":{"rendered":"<p>Perfect for sealing the cuticles of curly hair after shampooing. Highly nourishing. Contains a mix of natural and essential oils, aloe vera and vegetable amino acids. Natural ingredients: free of sulphates, mineral oils, paraffins, petrolatum, dyes and animal derivatives.   <\/p>\n","protected":false},"featured_media":75609,"comment_status":"open","ping_status":"closed","template":"","meta":{"_acf_changed":false},"product_brand":[],"product_cat":[422,419,459,535,426,424,418,420,451,449],"product_tag":[],"class_list":{"0":"post-78133","1":"product","2":"type-product","3":"status-publish","4":"has-post-thumbnail","6":"product_cat-aloe-vera","7":"product_cat-argan-oil","8":"product_cat-care","9":"product_cat-conditioners","10":"product_cat-hair","11":"product_cat-krishna-curls-natural-curl-nutrition","12":"product_cat-low-poo","13":"product_cat-macadamia","14":"product_cat-no-low-poo","15":"product_cat-no-poo","17":"first","18":"instock","19":"taxable","20":"shipping-taxable","21":"purchasable","22":"product-type-simple"},"acf":[],"wooqr_code":"","_links":{"self":[{"href":"https:\/\/www.avani.pt\/en\/wp-json\/wp\/v2\/product\/78133","targetHints":{"allow":["GET"]}}],"collection":[{"href":"https:\/\/www.avani.pt\/en\/wp-json\/wp\/v2\/product"}],"about":[{"href":"https:\/\/www.avani.pt\/en\/wp-json\/wp\/v2\/types\/product"}],"replies":[{"embeddable":true,"href":"https:\/\/www.avani.pt\/en\/wp-json\/wp\/v2\/comments?post=78133"}],"wp:featuredmedia":[{"embeddable":true,"href":"https:\/\/www.avani.pt\/en\/wp-json\/wp\/v2\/media\/75609"}],"wp:attachment":[{"href":"https:\/\/www.avani.pt\/en\/wp-json\/wp\/v2\/media?parent=78133"}],"wp:term":[{"taxonomy":"product_brand","embeddable":true,"href":"https:\/\/www.avani.pt\/en\/wp-json\/wp\/v2\/product_brand?post=78133"},{"taxonomy":"product_cat","embeddable":true,"href":"https:\/\/www.avani.pt\/en\/wp-json\/wp\/v2\/product_cat?post=78133"},{"taxonomy":"product_tag","embeddable":true,"href":"https:\/\/www.avani.pt\/en\/wp-json\/wp\/v2\/product_tag?post=78133"}],"curies":[{"name":"wp","href":"https:\/\/api.w.org\/{rel}","templated":true}]}}