{"id":78185,"date":"2022-05-09T15:56:24","date_gmt":"2022-05-09T14:56:24","guid":{"rendered":"https:\/\/www.avani.pt\/p\/krishna-curls-shampoo-natural-curls-low-foam-500ml\/"},"modified":"2025-10-21T11:59:58","modified_gmt":"2025-10-21T10:59:58","slug":"krishna-curls-shampoo-natural-curls-low-foam-500ml","status":"publish","type":"product","link":"https:\/\/www.avani.pt\/en\/p\/krishna-curls-shampoo-natural-curls-low-foam-500ml\/","title":{"rendered":"Krishna Curls Shampoo | Natural Curls | Low Foam 500ml"},"content":{"rendered":"<div class=\"wpb-content-wrapper\"><p>[vc_row full_width=&#8221;stretch_row_content_no_spaces&#8221; el_class=&#8221;text-align-center&#8221;][vc_column]<div class=\"stars-of-product-module-wrapper margin-top-between-modules\">\n    <img decoding=\"async\" class=\"stars-of-product-module-left-image-design\" src=\"\/dist\/images\/stars_product_module_design.png\">\n    <img decoding=\"async\" class=\"stars-of-product-module-right-image-design\" src=\"\/dist\/images\/stars_product_module_design.png\">\n\n    <div class=\"container\">\n\n        <div class=\"stars-of-product-module text-align-center  desktop--only--md\">\n\n                            <div class=\"star-rating\">\n                                            <i class=\"fa fa-star\"><\/i>\n                                            <i class=\"fa fa-star\"><\/i>\n                                            <i class=\"fa fa-star\"><\/i>\n                                            <i class=\"fa fa-star\"><\/i>\n                                            <i class=\"fa fa-star\"><\/i>\n                                    <\/div>\n            \n                            <div class=\"stars-of-product-module-titles\">\n                                            <h2 class=\"stars-of-product-module-title black uppercase back_color\">The Product Stars<\/h2>\n                                    <\/div>\n            \n                            <div class=\"stars-of-product-module-content\">\n                    <p>Its Low Poo formula, without harmful and aggressive substances &#8211; such as petrolatums &#8211; which aims to care for the hair in depth.<\/p>\n<p>Its composition, so rich in natural oils, which allows it to moisturize and nourish curls from the roots to the ends.<\/p>\n<p>Its softness, so praised by our customers.<\/p>\n\n                <\/div>\n            \n        <\/div>\n\n\n                    <div class=\"accordion   accordion-successive-first js-accordion not-found mobile--only--md stars-of-product-module text-align-center margin-top-between-modules back_color\">\n                <div class=\"accordion-container\">\n                    <div class=\"accordion-question space-between\">\n                                                    <h3 class=\"accordion-question-title uppercase back_color\">\n                                As Estrelas do Produtos\n                            <\/h3>\n                                                <span class=\"accordion-arrow back_color\">&emsp;<\/span>\n                    <\/div>\n                    <div class=\"accordion-answer\">\n\n                                                    <div class=\"star-rating\">\n                                                                    <i class=\"fa fa-star\"><\/i>\n                                                                    <i class=\"fa fa-star\"><\/i>\n                                                                    <i class=\"fa fa-star\"><\/i>\n                                                                    <i class=\"fa fa-star\"><\/i>\n                                                                    <i class=\"fa fa-star\"><\/i>\n                                                            <\/div>\n                        \n                                                    <div class=\"stars-of-product-module-content\">\n                                <p>Its Low Poo formula, without harmful and aggressive substances &#8211; such as petrolatums &#8211; which aims to care for the hair in depth.<\/p>\n<p>Its composition, so rich in natural oils, which allows it to moisturize and nourish curls from the roots to the ends.<\/p>\n<p>Its softness, so praised by our customers.<\/p>\n\n                            <\/div>\n                                            <\/div>\n                <\/div>\n            <\/div>\n        \n    <\/div>\n<\/div>\n[\/vc_column][\/vc_row][vc_row full_width=&#8221;stretch_row_content_no_spaces&#8221; el_class=&#8221;text-align-center&#8221;][vc_column]<div class=\"container\">\n\t<div class=\"usability-tips-and-secrets-module desktop--only--md\">\n\n\t\t<div class=\"usability-tips-and-secrets-module-content-wrapper \">\n\n\t\t\t\t\t\t\t<div class=\"usability-tips-and-secrets-module-video margin-top-between-modules\">\n\t\t\t\t\t<div class=\"wp-block-embed wp-embed-width-desktop- wp-embed-width-mobile-\">\n\t\t<figure class=\"wp-block-embed-video is-type-video is-provider-youtube wp-block-embed-youtube wp-embed-aspect-16-9 wp-has-aspect-ratio\">\n\t\t\t<div class=\"wp-block-embed__wrapper js-video-play\">\n\t\t\t\t<img decoding=\"async\" class=\"wp-block-embed__cover\" src=\"https:\/\/img.youtube.com\/vi\/PtsUcODJrwI\/maxresdefault.jpg\" \/>\n\t\t\t\t<i class=\"fa fa-play-circle\" aria-hidden=\"true\"><\/i>\n\t\t\t\t<iframe src=\"https:\/\/www.youtube.com\/embed\/PtsUcODJrwI?start=0&amp;showinfo=0&amp;controls=1&amp;rel=0\" frameborder=\"0\" allow=\"accelerometer; autoplay; clipboard-write; encrypted-media; gyroscope; picture-in-picture\" allowfullscreen=\"\"><\/iframe>\n\t\t\t<\/div>\n\t\t<\/figure>\n\t<\/div>\n\t<div class=\"av-social-share\"><p>Share<\/p> <div class=\"addtoany_shortcode\"><div class=\"a2a_kit a2a_kit_size_48 addtoany_list\" data-a2a-url=\"https:\/\/www.avani.pt\/en\/p\/krishna-curls-shampoo-natural-curls-low-foam-500ml\/\" data-a2a-title=\"Krishna Curls Shampoo | Natural Curls | Low Foam 500ml\"><a class=\"a2a_button_email\" href=\"https:\/\/www.addtoany.com\/add_to\/email?linkurl=https%3A%2F%2Fwww.avani.pt%2Fen%2Fp%2Fkrishna-curls-shampoo-natural-curls-low-foam-500ml%2F&amp;linkname=Krishna%20Curls%20Shampoo%20%7C%20Natural%20Curls%20%7C%20Low%20Foam%20500ml\" title=\"Email\" rel=\"nofollow noopener\" target=\"_blank\"><img loading=\"lazy\" decoding=\"async\" src=\"\/wp-content\/themes\/slendertail-theme\/addtoany\/email.svg\" width=\"48\" height=\"48\" alt=\"Email\"><\/a><a class=\"a2a_button_facebook\" href=\"https:\/\/www.addtoany.com\/add_to\/facebook?linkurl=https%3A%2F%2Fwww.avani.pt%2Fen%2Fp%2Fkrishna-curls-shampoo-natural-curls-low-foam-500ml%2F&amp;linkname=Krishna%20Curls%20Shampoo%20%7C%20Natural%20Curls%20%7C%20Low%20Foam%20500ml\" title=\"Facebook\" rel=\"nofollow noopener\" target=\"_blank\"><img loading=\"lazy\" decoding=\"async\" src=\"\/wp-content\/themes\/slendertail-theme\/addtoany\/facebook.svg\" width=\"48\" height=\"48\" alt=\"Facebook\"><\/a><a class=\"a2a_button_facebook_messenger\" href=\"https:\/\/www.addtoany.com\/add_to\/facebook_messenger?linkurl=https%3A%2F%2Fwww.avani.pt%2Fen%2Fp%2Fkrishna-curls-shampoo-natural-curls-low-foam-500ml%2F&amp;linkname=Krishna%20Curls%20Shampoo%20%7C%20Natural%20Curls%20%7C%20Low%20Foam%20500ml\" title=\"Messenger\" rel=\"nofollow noopener\" target=\"_blank\"><img loading=\"lazy\" decoding=\"async\" src=\"\/wp-content\/themes\/slendertail-theme\/addtoany\/facebook_messenger.svg\" width=\"48\" height=\"48\" alt=\"Messenger\"><\/a><a class=\"a2a_button_whatsapp\" href=\"https:\/\/www.addtoany.com\/add_to\/whatsapp?linkurl=https%3A%2F%2Fwww.avani.pt%2Fen%2Fp%2Fkrishna-curls-shampoo-natural-curls-low-foam-500ml%2F&amp;linkname=Krishna%20Curls%20Shampoo%20%7C%20Natural%20Curls%20%7C%20Low%20Foam%20500ml\" title=\"WhatsApp\" rel=\"nofollow noopener\" target=\"_blank\"><img loading=\"lazy\" decoding=\"async\" src=\"\/wp-content\/themes\/slendertail-theme\/addtoany\/whatsapp.svg\" width=\"48\" height=\"48\" alt=\"WhatsApp\"><\/a><\/div><\/div><\/div>\t\t\t\t<\/div>\n\t\t\t\n\t\t\t\t\t\t\t<div class=\"usability-tips-and-secrets-module-content usability-tips-and-secrets-module-content--bordered margin-top-between-modules\">\n\t\t\t\t\t\t\t\t\t\t\t<h2 class=\"uppercase black\">Como usar<\/h2>\n\t\t\t\t\t\n\t\t\t\t\t\t\t\t\t\t\t<p>Aplique o shampoo nos cabelos molhados e massaje suavemente com as pontas dos dedos, concentrando-se no couro cabeludo. Passe cuidadosamente por \u00e1gua.<\/p>\n\n\t\t\t\t\t\t\t\t\t<\/div>\n\t\t\t\n\t\t\t\t\t\t\t<div class=\"usability-tips-and-secrets-module-content margin-top-between-modules\">\n\t\t\t\t\t\t\t\t\t\t\t<h2 class=\"uppercase black\">Dicas &amp; Segredos<\/h2>\n\t\t\t\t\t\n\t\t\t\t\t\t\t\t\t\t\t<p>Combine a sua utiliza\u00e7\u00e3o com a M\u00e1scara Capilar Krishna Curls para carac\u00f3is bonitos, leves e ainda mais hidratados!<\/p>\n\n\t\t\t\t\t\t\t\t\t<\/div>\n\t\t\t\t\t<\/div>\n\t<\/div>\n\n\t\t\t<div class=\"mobile--only--md usability-tips-and-secrets-module text-align-center margin-top-between-modules usability-tips-and-secrets-module-video\">\n\t\t\t<div class=\"wp-block-embed wp-embed-width-desktop- wp-embed-width-mobile-\">\n\t\t<figure class=\"wp-block-embed-video is-type-video is-provider-youtube wp-block-embed-youtube wp-embed-aspect-16-9 wp-has-aspect-ratio mobile--only--md\">\n\t\t\t<div class=\"wp-block-embed__wrapper js-video-play\">\n\t\t\t\t<img decoding=\"async\" class=\"wp-block-embed__cover\" src=\"https:\/\/img.youtube.com\/vi\/PtsUcODJrwI\/maxresdefault.jpg\" \/>\n\t\t\t\t<i class=\"fa fa-play-circle\" aria-hidden=\"true\"><\/i>\n\t\t\t\t<iframe src=\"https:\/\/www.youtube.com\/embed\/PtsUcODJrwI?start=0&amp;showinfo=0&amp;controls=1&amp;rel=0\" frameborder=\"0\" allow=\"accelerometer; autoplay; clipboard-write; encrypted-media; gyroscope; picture-in-picture\" allowfullscreen=\"\"><\/iframe>\n\t\t\t<\/div>\n\t\t<\/figure>\n\t<\/div>\n\t<div class=\"av-social-share\"><p>Share<\/p> <div class=\"addtoany_shortcode\"><div class=\"a2a_kit a2a_kit_size_48 addtoany_list\" data-a2a-url=\"https:\/\/www.avani.pt\/en\/p\/krishna-curls-shampoo-natural-curls-low-foam-500ml\/\" data-a2a-title=\"Krishna Curls Shampoo | Natural Curls | Low Foam 500ml\"><a class=\"a2a_button_email\" href=\"https:\/\/www.addtoany.com\/add_to\/email?linkurl=https%3A%2F%2Fwww.avani.pt%2Fen%2Fp%2Fkrishna-curls-shampoo-natural-curls-low-foam-500ml%2F&amp;linkname=Krishna%20Curls%20Shampoo%20%7C%20Natural%20Curls%20%7C%20Low%20Foam%20500ml\" title=\"Email\" rel=\"nofollow noopener\" target=\"_blank\"><img loading=\"lazy\" decoding=\"async\" src=\"\/wp-content\/themes\/slendertail-theme\/addtoany\/email.svg\" width=\"48\" height=\"48\" alt=\"Email\"><\/a><a class=\"a2a_button_facebook\" href=\"https:\/\/www.addtoany.com\/add_to\/facebook?linkurl=https%3A%2F%2Fwww.avani.pt%2Fen%2Fp%2Fkrishna-curls-shampoo-natural-curls-low-foam-500ml%2F&amp;linkname=Krishna%20Curls%20Shampoo%20%7C%20Natural%20Curls%20%7C%20Low%20Foam%20500ml\" title=\"Facebook\" rel=\"nofollow noopener\" target=\"_blank\"><img loading=\"lazy\" decoding=\"async\" src=\"\/wp-content\/themes\/slendertail-theme\/addtoany\/facebook.svg\" width=\"48\" height=\"48\" alt=\"Facebook\"><\/a><a class=\"a2a_button_facebook_messenger\" href=\"https:\/\/www.addtoany.com\/add_to\/facebook_messenger?linkurl=https%3A%2F%2Fwww.avani.pt%2Fen%2Fp%2Fkrishna-curls-shampoo-natural-curls-low-foam-500ml%2F&amp;linkname=Krishna%20Curls%20Shampoo%20%7C%20Natural%20Curls%20%7C%20Low%20Foam%20500ml\" title=\"Messenger\" rel=\"nofollow noopener\" target=\"_blank\"><img loading=\"lazy\" decoding=\"async\" src=\"\/wp-content\/themes\/slendertail-theme\/addtoany\/facebook_messenger.svg\" width=\"48\" height=\"48\" alt=\"Messenger\"><\/a><a class=\"a2a_button_whatsapp\" href=\"https:\/\/www.addtoany.com\/add_to\/whatsapp?linkurl=https%3A%2F%2Fwww.avani.pt%2Fen%2Fp%2Fkrishna-curls-shampoo-natural-curls-low-foam-500ml%2F&amp;linkname=Krishna%20Curls%20Shampoo%20%7C%20Natural%20Curls%20%7C%20Low%20Foam%20500ml\" title=\"WhatsApp\" rel=\"nofollow noopener\" target=\"_blank\"><img loading=\"lazy\" decoding=\"async\" src=\"\/wp-content\/themes\/slendertail-theme\/addtoany\/whatsapp.svg\" width=\"48\" height=\"48\" alt=\"WhatsApp\"><\/a><\/div><\/div><\/div>\t\t<\/div>\n\t\n\t\t\t<div class=\"accordion accordion-successive  js-accordion not-found mobile--only--md usability-tips-and-secrets-module text-align-center margin-top-between-modules back_color\">\n\t\t\t<div class=\"accordion-container\">\n\t\t\t\t<div class=\"accordion-question space-between\">\n\t\t\t\t\t\t\t\t\t\t\t<h3 class=\"accordion-question-title uppercase back_color\">\n\t\t\t\t\t\t\tComo usar\n\t\t\t\t\t\t<\/h3>\n\t\t\t\t\t\n\t\t\t\t\t<span class=\"accordion-arrow back_color\">&emsp;<\/span>\n\t\t\t\t<\/div>\n\t\t\t\t<div class=\"accordion-answer\">\n\t\t\t\t\t\t\t\t\t\t\t<div class=\"usability-tips-and-secrets-module-content\">\n\t\t\t\t\t\t\t<p>Aplique o shampoo nos cabelos molhados e massaje suavemente com as pontas dos dedos, concentrando-se no couro cabeludo. Passe cuidadosamente por \u00e1gua.<\/p>\n\n\t\t\t\t\t\t<\/div>\n\t\t\t\t\t\t\t\t\t<\/div>\n\t\t\t<\/div>\n\t\t<\/div>\n\t\n\t\t\t<div class=\"accordion accordion-successive js-accordion not-found mobile--only--md usability-tips-and-secrets-module text-align-center margin-top-between-modules back_color\">\n\t\t\t<div class=\"accordion-container\">\n\t\t\t\t<div class=\"accordion-question space-between\">\n\t\t\t\t\t\t\t\t\t\t\t<h3 class=\"accordion-question-title uppercase back_color\">\n\t\t\t\t\t\t\tDicas &amp; Segredos\n\t\t\t\t\t\t<\/h3>\n\t\t\t\t\t\n\t\t\t\t\t<span class=\"accordion-arrow back_color\">&emsp;<\/span>\n\t\t\t\t<\/div>\n\t\t\t\t<div class=\"accordion-answer\">\n\t\t\t\t\t\t\t\t\t\t\t<div class=\"usability-tips-and-secrets-module-content\">\n\t\t\t\t\t\t\t<p>Combine a sua utiliza\u00e7\u00e3o com a M\u00e1scara Capilar Krishna Curls para carac\u00f3is bonitos, leves e ainda mais hidratados!<\/p>\n\n\t\t\t\t\t\t<\/div>\n\t\t\t\t\t\t\t\t\t<\/div>\n\t\t\t<\/div>\n\t\t<\/div>\n\t<\/div>\n[\/vc_column][\/vc_row][vc_row full_width=&#8221;stretch_row_content_no_spaces&#8221; el_class=&#8221;text-align-center&#8221;][vc_column]<div class=\"container \">\n\n    <div class=\"content-default-module text-align-center margin-top-between-modules\n        \n        \n        \n        \n        \n        \n        desktop--only--md\"\n        style=\"margin-bottom: 0px;\"\n    >\n\n                <div class=\"content-default-module-titles\">\n                            <h2 class=\"content-default-module-title uppercase black\">Detalhes<\/h2>\n            \n                    <\/div>\n        \n                    <div class=\"content-default-module-content\">\n                <p>O Shampoo Krishna Curls Low Poo tem uma f\u00f3rmula rica composta por uma combina\u00e7\u00e3o \u00fanica de ingredientes-estrela:<\/p>\n<p>\u00d3leo de Argan:\u00a0o \u201couro marroquino\u201d composto por um conjunto de antioxidantes e\u00a0vitaminas que hidrata profundamente todos os fios de cabelo, ao mesmo tempo que repara e d\u00e1 uma nova vida aos cabelos danificados.<\/p>\n<p>\u00d3leo de coco:\u00a0rico em vitaminas e \u00e1cidos graxos, nutre profundamente os fios\u00a0proporcionando brilho e for\u00e7a;<\/p>\n<p>\u00d3leo de Macad\u00e2mia:\u00a0rico em minerais e gorduras monoinsaturadas, estimula o crescimento e cria o efeito de condicionador de longa dura\u00e7\u00e3o. Deixa os cabelos mais sedosos, macios, f\u00e1ceis de pentear e brilhantes.<\/p>\n<p>\u00d3leo de Lavanda:\u00a0 muito utilizado para tratar alopecias, j\u00e1 que estimula o crescimento e diminui a perda de cabelo.<\/p>\n<p>Amino\u00e1cidos Vegetais:\u00a0s\u00e3o prote\u00ednas que auxiliam a combater a quebra dos fios.<\/p>\n<p>Extrato de Amla: o segredo indiano! Um super fruto rico em antioxidantes, vitaminas, c\u00e1lcio, f\u00f3sforo e caroteno que ajuda a fortalecer a estrutura do fio.<\/p>\n<p>Alo\u00e9 Vera: atua como um agente de limpeza ao eliminar todas a impurezas e res\u00edduos do couro cabeludo. Hidrata profundamente e ajuda no tratamento da caspa ao controlar a oleosidade do couro cabeludo.<br \/>\n\u00d3leo de Litsea Cubeba: excelente para o couro cabeludo pelas suas propriedades antibacterianas e anti seborreicas.<\/p>\n\n            <\/div>\n        \n        \n        \n\n        \n\n\n    <\/div>\n\n\n            <div class=\"accordion accordion-successive   js-accordion not-found mobile--only--md content-default-module text-align-center margin-top-between-modules back_color\">\n            <div class=\"accordion-container\">\n                <div class=\"accordion-question space-between\">\n                                            <h3 class=\"accordion-question-title uppercase back_color\">\n                            Detalhes\n                        <\/h3>\n                                        <span class=\"accordion-arrow back_color\">&emsp;<\/span>\n                <\/div>\n                <div class=\"accordion-answer\">\n                    \n                                            <div class=\"content-default-module-content\">\n                            <p>O Shampoo Krishna Curls Low Poo tem uma f\u00f3rmula rica composta por uma combina\u00e7\u00e3o \u00fanica de ingredientes-estrela:<\/p>\n<p>\u00d3leo de Argan:\u00a0o \u201couro marroquino\u201d composto por um conjunto de antioxidantes e\u00a0vitaminas que hidrata profundamente todos os fios de cabelo, ao mesmo tempo que repara e d\u00e1 uma nova vida aos cabelos danificados.<\/p>\n<p>\u00d3leo de coco:\u00a0rico em vitaminas e \u00e1cidos graxos, nutre profundamente os fios\u00a0proporcionando brilho e for\u00e7a;<\/p>\n<p>\u00d3leo de Macad\u00e2mia:\u00a0rico em minerais e gorduras monoinsaturadas, estimula o crescimento e cria o efeito de condicionador de longa dura\u00e7\u00e3o. Deixa os cabelos mais sedosos, macios, f\u00e1ceis de pentear e brilhantes.<\/p>\n<p>\u00d3leo de Lavanda:\u00a0 muito utilizado para tratar alopecias, j\u00e1 que estimula o crescimento e diminui a perda de cabelo.<\/p>\n<p>Amino\u00e1cidos Vegetais:\u00a0s\u00e3o prote\u00ednas que auxiliam a combater a quebra dos fios.<\/p>\n<p>Extrato de Amla: o segredo indiano! Um super fruto rico em antioxidantes, vitaminas, c\u00e1lcio, f\u00f3sforo e caroteno que ajuda a fortalecer a estrutura do fio.<\/p>\n<p>Alo\u00e9 Vera: atua como um agente de limpeza ao eliminar todas a impurezas e res\u00edduos do couro cabeludo. Hidrata profundamente e ajuda no tratamento da caspa ao controlar a oleosidade do couro cabeludo.<br \/>\n\u00d3leo de Litsea Cubeba: excelente para o couro cabeludo pelas suas propriedades antibacterianas e anti seborreicas.<\/p>\n\n                        <\/div>\n                    \n                    \n                                    <\/div>\n            <\/div>\n        <\/div>\n    \n<\/div>\n[\/vc_column][\/vc_row]<\/p>\n<\/div>","protected":false},"excerpt":{"rendered":"<p>Moisturizing and nourishing shampoo, enriched with natural oils. Recommended for curly and coily hair. Formula approved for Low Poo. Vegan.   <\/p>\n","protected":false},"featured_media":75625,"comment_status":"open","ping_status":"closed","template":"","meta":{"_acf_changed":false},"product_brand":[],"product_cat":[422,419,426,424,591,418,420,417,590],"product_tag":[],"class_list":{"0":"post-78185","1":"product","2":"type-product","3":"status-publish","4":"has-post-thumbnail","6":"product_cat-aloe-vera","7":"product_cat-argan-oil","8":"product_cat-hair","9":"product_cat-krishna-curls-natural-curl-nutrition","10":"product_cat-label-change-promotion","11":"product_cat-low-poo","12":"product_cat-macadamia","13":"product_cat-shampoos","14":"product_cat-thematics","16":"first","17":"instock","18":"taxable","19":"shipping-taxable","20":"purchasable","21":"product-type-simple"},"acf":[],"wooqr_code":"","_links":{"self":[{"href":"https:\/\/www.avani.pt\/en\/wp-json\/wp\/v2\/product\/78185","targetHints":{"allow":["GET"]}}],"collection":[{"href":"https:\/\/www.avani.pt\/en\/wp-json\/wp\/v2\/product"}],"about":[{"href":"https:\/\/www.avani.pt\/en\/wp-json\/wp\/v2\/types\/product"}],"replies":[{"embeddable":true,"href":"https:\/\/www.avani.pt\/en\/wp-json\/wp\/v2\/comments?post=78185"}],"wp:featuredmedia":[{"embeddable":true,"href":"https:\/\/www.avani.pt\/en\/wp-json\/wp\/v2\/media\/75625"}],"wp:attachment":[{"href":"https:\/\/www.avani.pt\/en\/wp-json\/wp\/v2\/media?parent=78185"}],"wp:term":[{"taxonomy":"product_brand","embeddable":true,"href":"https:\/\/www.avani.pt\/en\/wp-json\/wp\/v2\/product_brand?post=78185"},{"taxonomy":"product_cat","embeddable":true,"href":"https:\/\/www.avani.pt\/en\/wp-json\/wp\/v2\/product_cat?post=78185"},{"taxonomy":"product_tag","embeddable":true,"href":"https:\/\/www.avani.pt\/en\/wp-json\/wp\/v2\/product_tag?post=78185"}],"curies":[{"name":"wp","href":"https:\/\/api.w.org\/{rel}","templated":true}]}}