{"id":78187,"date":"2022-03-28T10:01:50","date_gmt":"2022-03-28T09:01:50","guid":{"rendered":"https:\/\/www.avani.pt\/p\/hair-oiling-scalp-nutrition-luxury-haircare\/"},"modified":"2025-10-21T11:59:59","modified_gmt":"2025-10-21T10:59:59","slug":"hair-oiling-scalp-nutrition-luxury-haircare","status":"publish","type":"product","link":"https:\/\/www.avani.pt\/en\/p\/hair-oiling-scalp-nutrition-luxury-haircare\/","title":{"rendered":"Hair Oiling Scalp Nutrition | Luxury Haircare"},"content":{"rendered":"<div class=\"wpb-content-wrapper\"><p>[vc_row full_width=&#8221;stretch_row_content_no_spaces&#8221; el_class=&#8221;text-align-center&#8221;][vc_column]<div class=\"stars-of-product-module-wrapper margin-top-between-modules\">\n    <img decoding=\"async\" class=\"stars-of-product-module-left-image-design\" src=\"\/dist\/images\/stars_product_module_design.png\">\n    <img decoding=\"async\" class=\"stars-of-product-module-right-image-design\" src=\"\/dist\/images\/stars_product_module_design.png\">\n\n    <div class=\"container\">\n\n        <div class=\"stars-of-product-module text-align-center  desktop--only--md\">\n\n            \n                            <div class=\"stars-of-product-module-titles\">\n                                            <h2 class=\"stars-of-product-module-title black uppercase back_color\">The Product Stars<\/h2>\n                                    <\/div>\n            \n                            <div class=\"stars-of-product-module-content\">\n                    <p>With this treatment, the scalp benefits from the properties of the oils: natural antibacterial Pure Melaleuca; nourishing Cure de Ricino and regenerating Cure de Rosa Mosqueta, allowing for healthy hair growth. India is a country of colors, music and many traditions. There is a strong connection with spirituality, and as we see the Indian Goddesses and the reflection in women, long hair is a common practice for women of all ages. Long, healthy hair symbolizes feminine beauty, strength and power. One of the ancestral rituals used to care for the hair is &#8220;Hair Oiling&#8221;, which is not only a beauty ritual but also a tradition of love, which strengthens the bonds passed down from generation to generation. The massage is performed with the fingertips on the scalp, temples and neck, which will help exfoliate, moisturize and improve circulation, allowing for healthy hair growth. It is believed that this massage activates the seventh chakra. The seventh chakra, the crown chakra, which is connected to the pineal gland, works to calm our mind. It is located at the top of the head and is the center of connection to the universe and the entry point for energy. Sanskrit is the ancient Indian language, considered to be the mother of all languages; and in Sanskrit &#8220;sneha&#8221; has 2 meanings: oil and love, which is no coincidence! In Indian culture, oil massage means giving love, which is why it is a tradition that is passed down from generation to generation.<\/p>\n\n                <\/div>\n            \n        <\/div>\n\n\n                    <div class=\"accordion   accordion-successive-first js-accordion not-found mobile--only--md stars-of-product-module text-align-center margin-top-between-modules back_color\">\n                <div class=\"accordion-container\">\n                    <div class=\"accordion-question space-between\">\n                                                    <h3 class=\"accordion-question-title uppercase back_color\">\n                                As Estrelas do Produto\n                            <\/h3>\n                                                <span class=\"accordion-arrow back_color\">&emsp;<\/span>\n                    <\/div>\n                    <div class=\"accordion-answer\">\n\n                        \n                                                    <div class=\"stars-of-product-module-content\">\n                                <p>With this treatment, the scalp benefits from the properties of the oils: natural antibacterial Pure Melaleuca; nourishing Cure de Ricino and regenerating Cure de Rosa Mosqueta, allowing for healthy hair growth. India is a country of colors, music and many traditions. There is a strong connection with spirituality, and as we see the Indian Goddesses and the reflection in women, long hair is a common practice for women of all ages. Long, healthy hair symbolizes feminine beauty, strength and power. One of the ancestral rituals used to care for the hair is &#8220;Hair Oiling&#8221;, which is not only a beauty ritual but also a tradition of love, which strengthens the bonds passed down from generation to generation. The massage is performed with the fingertips on the scalp, temples and neck, which will help exfoliate, moisturize and improve circulation, allowing for healthy hair growth. It is believed that this massage activates the seventh chakra. The seventh chakra, the crown chakra, which is connected to the pineal gland, works to calm our mind. It is located at the top of the head and is the center of connection to the universe and the entry point for energy. Sanskrit is the ancient Indian language, considered to be the mother of all languages; and in Sanskrit &#8220;sneha&#8221; has 2 meanings: oil and love, which is no coincidence! In Indian culture, oil massage means giving love, which is why it is a tradition that is passed down from generation to generation.<\/p>\n\n                            <\/div>\n                                            <\/div>\n                <\/div>\n            <\/div>\n        \n    <\/div>\n<\/div>\n[\/vc_column][\/vc_row][vc_row full_width=&#8221;stretch_row_content_no_spaces&#8221; el_class=&#8221;text-align-center&#8221;][vc_column]<div class=\"container\">\n\t<div class=\"usability-tips-and-secrets-module desktop--only--md\">\n\n\t\t<div class=\"usability-tips-and-secrets-module-content-wrapper full-width-container\">\n\n\t\t\t\n\t\t\t\t\t\t\t<div class=\"usability-tips-and-secrets-module-content usability-tips-and-secrets-module-content--bordered margin-top-between-modules\">\n\t\t\t\t\t\t\t\t\t\t\t<h2 class=\"uppercase black\">Como usar<\/h2>\n\t\t\t\t\t\n\t\t\t\t\t\t\t\t\t\t\t<p>Misturar numa ta\u00e7a: 2 dosagens de \u00f3leo de r\u00edcino, 10 gotas de \u00f3leo de rosa mosqueta e 2 gotas de \u00f3leo de Melaleuca misturando bem. Depois fazer a massagem que \u00e9 realizada com a ponta dos dedos no couro cabeludo, t\u00eamporas e pesco\u00e7o. Esta massagem ir\u00e1 ajudar na exfolia\u00e7\u00e3o e hidrata\u00e7\u00e3o melhorando a circula\u00e7\u00e3o, permitindo assim um crescimento saud\u00e1vel dos fios.<\/p>\n\n\t\t\t\t\t\t\t\t\t<\/div>\n\t\t\t\n\t\t\t\t\t<\/div>\n\t<\/div>\n\n\t\n\t\t\t<div class=\"accordion accordion-successive  js-accordion not-found mobile--only--md usability-tips-and-secrets-module text-align-center margin-top-between-modules back_color\">\n\t\t\t<div class=\"accordion-container\">\n\t\t\t\t<div class=\"accordion-question space-between\">\n\t\t\t\t\t\t\t\t\t\t\t<h3 class=\"accordion-question-title uppercase back_color\">\n\t\t\t\t\t\t\tComo usar\n\t\t\t\t\t\t<\/h3>\n\t\t\t\t\t\n\t\t\t\t\t<span class=\"accordion-arrow back_color\">&emsp;<\/span>\n\t\t\t\t<\/div>\n\t\t\t\t<div class=\"accordion-answer\">\n\t\t\t\t\t\t\t\t\t\t\t<div class=\"usability-tips-and-secrets-module-content\">\n\t\t\t\t\t\t\t<p>Misturar numa ta\u00e7a: 2 dosagens de \u00f3leo de r\u00edcino, 10 gotas de \u00f3leo de rosa mosqueta e 2 gotas de \u00f3leo de Melaleuca misturando bem. Depois fazer a massagem que \u00e9 realizada com a ponta dos dedos no couro cabeludo, t\u00eamporas e pesco\u00e7o. Esta massagem ir\u00e1 ajudar na exfolia\u00e7\u00e3o e hidrata\u00e7\u00e3o melhorando a circula\u00e7\u00e3o, permitindo assim um crescimento saud\u00e1vel dos fios.<\/p>\n\n\t\t\t\t\t\t<\/div>\n\t\t\t\t\t\t\t\t\t<\/div>\n\t\t\t<\/div>\n\t\t<\/div>\n\t\n\t<\/div>\n[\/vc_column][\/vc_row][vc_row full_width=&#8221;stretch_row_content_no_spaces&#8221; el_class=&#8221;text-align-center&#8221;][vc_column]<div class=\"container \">\n\n    <div class=\"content-default-module text-align-center margin-top-between-modules\n        \n        \n        \n        \n        \n        \n        desktop--only--md\"\n        style=\"margin-bottom: 0px;\"\n    >\n\n                <div class=\"content-default-module-titles\">\n                            <h2 class=\"content-default-module-title uppercase black\">Dicas &amp; Segredos<\/h2>\n            \n                    <\/div>\n        \n                    <div class=\"content-default-module-content\">\n                <p>Este tratamento pode ser complementado com o uso do Creme Purificante Cold effect que\u00a0purifica, acalma, hidrata e fortifica o couro cabeludo.<\/p>\n<p>Para descama\u00e7\u00e3o no couro cabeludo recomendamos juntar a esta mistura 4 dosagens de Gel de Aloe Vera Avani e o T\u00f3nico Capilar Avani (quantidade a olho at\u00e9 conseguir formar uma pasta), misturando bem at\u00e9 conseguir uma mistura homog\u00e9nea. Aplicar e massajar no couro cabeludo meia hora antes da lavagem.<\/p>\n<p>Veja os produtos recomendados:<br \/>\n<a href=\"https:\/\/www.avani.pt\/p\/mascara-cold-effect-anticaspa-indian-hair-500ml\/\">M\u00e1scara Cold Effect Anticaspa Indian Hair 500 ml | Aloe Vera<\/a><\/p>\n<p><a href=\"https:\/\/www.avani.pt\/p\/gel-100-aloe-vera-refrescante-100ml\/\">Gel Aloe Vera Refrescante 100ml | Efeito Calmante<\/a><\/p>\n<p><a href=\"https:\/\/www.avani.pt\/p\/tonico-capilar-vitaminado-fortificante-indian-hair-100ml\/\">T\u00f3nico Capilar Vitaminado Fortificante Indian Hair 100ml | Amla<\/a><\/p>\n\n            <\/div>\n        \n        \n        \n\n        \n\n\n    <\/div>\n\n\n            <div class=\"accordion accordion-successive   js-accordion not-found mobile--only--md content-default-module text-align-center margin-top-between-modules back_color\">\n            <div class=\"accordion-container\">\n                <div class=\"accordion-question space-between\">\n                                            <h3 class=\"accordion-question-title uppercase back_color\">\n                            Dicas &amp; Segredos\n                        <\/h3>\n                                        <span class=\"accordion-arrow back_color\">&emsp;<\/span>\n                <\/div>\n                <div class=\"accordion-answer\">\n                    \n                                            <div class=\"content-default-module-content\">\n                            <p>Este tratamento pode ser complementado com o uso do Creme Purificante Cold effect que\u00a0purifica, acalma, hidrata e fortifica o couro cabeludo.<\/p>\n<p>Para descama\u00e7\u00e3o no couro cabeludo recomendamos juntar a esta mistura 4 dosagens de Gel de Aloe Vera Avani e o T\u00f3nico Capilar Avani (quantidade a olho at\u00e9 conseguir formar uma pasta), misturando bem at\u00e9 conseguir uma mistura homog\u00e9nea. Aplicar e massajar no couro cabeludo meia hora antes da lavagem.<\/p>\n<p>Veja os produtos recomendados:<br \/>\n<a href=\"https:\/\/www.avani.pt\/p\/mascara-cold-effect-anticaspa-indian-hair-500ml\/\">M\u00e1scara Cold Effect Anticaspa Indian Hair 500 ml | Aloe Vera<\/a><\/p>\n<p><a href=\"https:\/\/www.avani.pt\/p\/gel-100-aloe-vera-refrescante-100ml\/\">Gel Aloe Vera Refrescante 100ml | Efeito Calmante<\/a><\/p>\n<p><a href=\"https:\/\/www.avani.pt\/p\/tonico-capilar-vitaminado-fortificante-indian-hair-100ml\/\">T\u00f3nico Capilar Vitaminado Fortificante Indian Hair 100ml | Amla<\/a><\/p>\n\n                        <\/div>\n                    \n                    \n                                    <\/div>\n            <\/div>\n        <\/div>\n    \n<\/div>\n<div class=\"container \">\n\n    <div class=\"content-default-module text-align-center margin-top-between-modules\n        \n        \n        \n        \n        \n        \n        desktop--only--md\"\n        style=\"margin-bottom: 0px;\"\n    >\n\n                <div class=\"content-default-module-titles\">\n                            <h2 class=\"content-default-module-title uppercase black\">Composi&ccedil;&atilde;o<\/h2>\n            \n                    <\/div>\n        \n                    <div class=\"content-default-module-content\">\n                <p>Este tratamento \u00e9 composto por:<\/p>\n<p><a href=\"https:\/\/www.avani.pt\/p\/oleo-de-ricino-100ml\/\"><strong>\u00d3leo de R\u00edcino Cure 100ml<\/strong><\/a><br \/>\n<a href=\"https:\/\/www.avani.pt\/p\/oleo-melaleuca-tea-tree-10ml\/\"><strong>\u00d3leo Melaleuca Tea Tree 15ml<\/strong><\/a><br \/>\n<a href=\"https:\/\/www.avani.pt\/p\/oleo-de-rosa-mosqueta-puro-biologico-e-organico\/\"><strong>\u00d3leo de Rosa Mosqueta Puro | Virgem e Biol\u00f3gico | 30 ml<\/strong><\/a><\/p>\n\n            <\/div>\n        \n        \n        \n\n        \n\n\n    <\/div>\n\n\n            <div class=\"accordion accordion-successive   js-accordion not-found mobile--only--md content-default-module text-align-center margin-top-between-modules back_color\">\n            <div class=\"accordion-container\">\n                <div class=\"accordion-question space-between\">\n                                            <h3 class=\"accordion-question-title uppercase back_color\">\n                            Composi&ccedil;&atilde;o\n                        <\/h3>\n                                        <span class=\"accordion-arrow back_color\">&emsp;<\/span>\n                <\/div>\n                <div class=\"accordion-answer\">\n                    \n                                            <div class=\"content-default-module-content\">\n                            <p>Este tratamento \u00e9 composto por:<\/p>\n<p><a href=\"https:\/\/www.avani.pt\/p\/oleo-de-ricino-100ml\/\"><strong>\u00d3leo de R\u00edcino Cure 100ml<\/strong><\/a><br \/>\n<a href=\"https:\/\/www.avani.pt\/p\/oleo-melaleuca-tea-tree-10ml\/\"><strong>\u00d3leo Melaleuca Tea Tree 15ml<\/strong><\/a><br \/>\n<a href=\"https:\/\/www.avani.pt\/p\/oleo-de-rosa-mosqueta-puro-biologico-e-organico\/\"><strong>\u00d3leo de Rosa Mosqueta Puro | Virgem e Biol\u00f3gico | 30 ml<\/strong><\/a><\/p>\n\n                        <\/div>\n                    \n                    \n                                    <\/div>\n            <\/div>\n        <\/div>\n    \n<\/div>\n<div class=\"tip-products margin-top-between-modules default\">\n    <div class=\"container\">\n                    <h2 class=\"title\">\n                Comprar Individualmente\n            <\/h2>\n        \n        \n        <div class=\"products-container\">\n                    <\/div>\n\n    <\/div>\n<\/div>\n[\/vc_column][\/vc_row]<\/p>\n<\/div>","protected":false},"excerpt":{"rendered":"<p>According to the Indian science of Ayurveda, Hair Oiling is a treatment practiced before bathing or the night before shampooing that consists of taking advantage of the regenerative powers of natural oils by applying them to the scalp and hair with the aim of nourishing and moisturizing them, thus reducing dehydration and strengthening the hair.<\/p>\n","protected":false},"featured_media":74659,"comment_status":"open","ping_status":"closed","template":"","meta":{"_acf_changed":false},"product_brand":[],"product_cat":[631,594,459,426,447,533,595],"product_tag":[],"class_list":{"0":"post-78187","1":"product","2":"type-product","3":"status-publish","4":"has-post-thumbnail","6":"product_cat-avanis-recommendations","8":"product_cat-care","9":"product_cat-hair","10":"product_cat-scalp-problems","11":"product_cat-scalp-problems-exclusive-avani-treatments","12":"product_cat-summer-sets","14":"first","15":"instock","16":"taxable","17":"shipping-taxable","18":"purchasable","19":"product-type-simple"},"acf":[],"wooqr_code":"","_links":{"self":[{"href":"https:\/\/www.avani.pt\/en\/wp-json\/wp\/v2\/product\/78187","targetHints":{"allow":["GET"]}}],"collection":[{"href":"https:\/\/www.avani.pt\/en\/wp-json\/wp\/v2\/product"}],"about":[{"href":"https:\/\/www.avani.pt\/en\/wp-json\/wp\/v2\/types\/product"}],"replies":[{"embeddable":true,"href":"https:\/\/www.avani.pt\/en\/wp-json\/wp\/v2\/comments?post=78187"}],"wp:featuredmedia":[{"embeddable":true,"href":"https:\/\/www.avani.pt\/en\/wp-json\/wp\/v2\/media\/74659"}],"wp:attachment":[{"href":"https:\/\/www.avani.pt\/en\/wp-json\/wp\/v2\/media?parent=78187"}],"wp:term":[{"taxonomy":"product_brand","embeddable":true,"href":"https:\/\/www.avani.pt\/en\/wp-json\/wp\/v2\/product_brand?post=78187"},{"taxonomy":"product_cat","embeddable":true,"href":"https:\/\/www.avani.pt\/en\/wp-json\/wp\/v2\/product_cat?post=78187"},{"taxonomy":"product_tag","embeddable":true,"href":"https:\/\/www.avani.pt\/en\/wp-json\/wp\/v2\/product_tag?post=78187"}],"curies":[{"name":"wp","href":"https:\/\/api.w.org\/{rel}","templated":true}]}}