{"id":78228,"date":"2020-07-28T14:06:25","date_gmt":"2020-07-28T13:06:25","guid":{"rendered":"https:\/\/www.avani.pt\/p\/thick-dyed-hair-indian-secrets-luxury-haircare\/"},"modified":"2025-10-21T12:00:00","modified_gmt":"2025-10-21T11:00:00","slug":"thick-dyed-hair-indian-secrets-luxury-haircare","status":"publish","type":"product","link":"https:\/\/www.avani.pt\/en\/p\/thick-dyed-hair-indian-secrets-luxury-haircare\/","title":{"rendered":"Thick &amp; Dyed Hair | Indian Secrets | Luxury Haircare"},"content":{"rendered":"<div class=\"wpb-content-wrapper\"><p>[vc_row full_width=&#8221;stretch_row_content_no_spaces&#8221; el_class=&#8221;text-align-center&#8221;][vc_column]<div class=\"stars-of-product-module-wrapper margin-top-between-modules\">\n    <img decoding=\"async\" class=\"stars-of-product-module-left-image-design\" src=\"\/dist\/images\/stars_product_module_design.png\">\n    <img decoding=\"async\" class=\"stars-of-product-module-right-image-design\" src=\"\/dist\/images\/stars_product_module_design.png\">\n\n    <div class=\"container\">\n\n        <div class=\"stars-of-product-module text-align-center  desktop--only--md\">\n\n            \n                            <div class=\"stars-of-product-module-titles\">\n                                            <h2 class=\"stars-of-product-module-title black uppercase back_color\">The Product Stars<\/h2>\n                                    <\/div>\n            \n                            <div class=\"stars-of-product-module-content\">\n                    <p>This treatment has been meticulously studied, with each product helping to replenish the essential elements of thick hair that has been colored. It is regularly used at the Avani Professional Institute with excellent results. The treatment includes the Indian Hair Nutrition Shampoo; the Indian Hair Nutrition Mask which deeply nourishes the hair fiber; the Indian Hair Nutrition Conditioner which helps nourish and seal the hair fiber giving it more softness, shine and manageability; Indian Hair Rebuild Serum that helps treat split ends and brittle hair; Mudra Oil that helps nourish the hair, giving it more shine, manageability and resistance; Hair Cocktail two-phase finisher that regenerates the hair fiber; and organic castor oil to deeply nourish the scalp before washing.  <\/p>\n\n                <\/div>\n            \n        <\/div>\n\n\n                    <div class=\"accordion   accordion-successive-first js-accordion not-found mobile--only--md stars-of-product-module text-align-center margin-top-between-modules back_color\">\n                <div class=\"accordion-container\">\n                    <div class=\"accordion-question space-between\">\n                                                    <h3 class=\"accordion-question-title uppercase back_color\">\n                                As Estrelas do Produto\n                            <\/h3>\n                                                <span class=\"accordion-arrow back_color\">&emsp;<\/span>\n                    <\/div>\n                    <div class=\"accordion-answer\">\n\n                        \n                                                    <div class=\"stars-of-product-module-content\">\n                                <p>This treatment has been meticulously studied, with each product helping to replenish the essential elements of thick hair that has been colored. It is regularly used at the Avani Professional Institute with excellent results. The treatment includes the Indian Hair Nutrition Shampoo; the Indian Hair Nutrition Mask which deeply nourishes the hair fiber; the Indian Hair Nutrition Conditioner which helps nourish and seal the hair fiber giving it more softness, shine and manageability; Indian Hair Rebuild Serum that helps treat split ends and brittle hair; Mudra Oil that helps nourish the hair, giving it more shine, manageability and resistance; Hair Cocktail two-phase finisher that regenerates the hair fiber; and organic castor oil to deeply nourish the scalp before washing.  <\/p>\n\n                            <\/div>\n                                            <\/div>\n                <\/div>\n            <\/div>\n        \n    <\/div>\n<\/div>\n[\/vc_column][\/vc_row][vc_row full_width=&#8221;stretch_row_content_no_spaces&#8221; el_class=&#8221;text-align-center&#8221;][vc_column]<div class=\"container\">\n\t<div class=\"usability-tips-and-secrets-module desktop--only--md\">\n\n\t\t<div class=\"usability-tips-and-secrets-module-content-wrapper full-width-container\">\n\n\t\t\t\n\t\t\t\t\t\t\t<div class=\"usability-tips-and-secrets-module-content usability-tips-and-secrets-module-content--bordered margin-top-between-modules\">\n\t\t\t\t\t\t\t\t\t\t\t<h2 class=\"uppercase black\">Como usar<\/h2>\n\t\t\t\t\t\n\t\t\t\t\t\t\t\t\t\t\t<p>1) Quando lavar o cabelo recomendamos que fa\u00e7a sempre duas lavagens, porque esse \u00e9 o procedimento que a torna verdadeiramente eficaz. 2) Ap\u00f3s retirar o excesso de \u00e1gua com uma toalha de prefer\u00eancia, aplicar a m\u00e1scara madeixa a madeixa deixando actuar pelo menos durante 4 minutos e enxaguar. 3) Aplicar o Condicionador nos meios e pontas e deixar actuar durante 1 minuto. De seguida, enxaguar. 4) Agitar bem o Hair Cocktail, as duas partes misturam-se resultando numa explos\u00e3o dos ingredientes proporcionando assim um brilho e sa\u00fade incr\u00edvel aos fios! Aplicar antes de escovar os cabelos (evita a quebra dos fios), e pode tamb\u00e9m ser usado no dia seguinte \u00e0 lavagem para dar mais brilho. 5) Aplicar meia ervilha do S\u00e9rum Indian Hair Rebuild na palma das m\u00e3os, espalhar bem e aplicar nas pontas. Aplicar diariamente \u00e0 noite. 6) Aplicar meia ervilha do Mudra na palma das m\u00e3os, espalhar bem e aplicar nas pontas. Aplicar diariamente todas as manh\u00e3s. 7) O \u00f3leo de r\u00edcino deve ser massajado no couro cabeludo umas horas antes de lavar o cabelo.<\/p>\n\n\t\t\t\t\t\t\t\t\t<\/div>\n\t\t\t\n\t\t\t\t\t<\/div>\n\t<\/div>\n\n\t\t\t<div class=\"mobile--only--md usability-tips-and-secrets-module text-align-center margin-top-between-modules usability-tips-and-secrets-module-video\">\n\t\t\t\t\t<\/div>\n\t\n\t\t\t<div class=\"accordion accordion-successive  js-accordion not-found mobile--only--md usability-tips-and-secrets-module text-align-center margin-top-between-modules back_color\">\n\t\t\t<div class=\"accordion-container\">\n\t\t\t\t<div class=\"accordion-question space-between\">\n\t\t\t\t\t\t\t\t\t\t\t<h3 class=\"accordion-question-title uppercase back_color\">\n\t\t\t\t\t\t\tComo usar\n\t\t\t\t\t\t<\/h3>\n\t\t\t\t\t\n\t\t\t\t\t<span class=\"accordion-arrow back_color\">&emsp;<\/span>\n\t\t\t\t<\/div>\n\t\t\t\t<div class=\"accordion-answer\">\n\t\t\t\t\t\t\t\t\t\t\t<div class=\"usability-tips-and-secrets-module-content\">\n\t\t\t\t\t\t\t<p>1) Quando lavar o cabelo recomendamos que fa\u00e7a sempre duas lavagens, porque esse \u00e9 o procedimento que a torna verdadeiramente eficaz. 2) Ap\u00f3s retirar o excesso de \u00e1gua com uma toalha de prefer\u00eancia, aplicar a m\u00e1scara madeixa a madeixa deixando actuar pelo menos durante 4 minutos e enxaguar. 3) Aplicar o Condicionador nos meios e pontas e deixar actuar durante 1 minuto. De seguida, enxaguar. 4) Agitar bem o Hair Cocktail, as duas partes misturam-se resultando numa explos\u00e3o dos ingredientes proporcionando assim um brilho e sa\u00fade incr\u00edvel aos fios! Aplicar antes de escovar os cabelos (evita a quebra dos fios), e pode tamb\u00e9m ser usado no dia seguinte \u00e0 lavagem para dar mais brilho. 5) Aplicar meia ervilha do S\u00e9rum Indian Hair Rebuild na palma das m\u00e3os, espalhar bem e aplicar nas pontas. Aplicar diariamente \u00e0 noite. 6) Aplicar meia ervilha do Mudra na palma das m\u00e3os, espalhar bem e aplicar nas pontas. Aplicar diariamente todas as manh\u00e3s. 7) O \u00f3leo de r\u00edcino deve ser massajado no couro cabeludo umas horas antes de lavar o cabelo.<\/p>\n\n\t\t\t\t\t\t<\/div>\n\t\t\t\t\t\t\t\t\t<\/div>\n\t\t\t<\/div>\n\t\t<\/div>\n\t\n\t<\/div>\n[\/vc_column][\/vc_row][vc_row full_width=&#8221;stretch_row_content_no_spaces&#8221; el_class=&#8221;text-align-center&#8221;][vc_column]<div class=\"container \">\n\n    <div class=\"content-default-module text-align-center margin-top-between-modules\n        \n        \n        \n        \n        \n        \n        desktop--only--md\"\n        style=\"margin-bottom: 0px;\"\n    >\n\n                <div class=\"content-default-module-titles\">\n                            <h2 class=\"content-default-module-title uppercase black\">Dicas &amp; Segredos<\/h2>\n            \n                    <\/div>\n        \n                    <div class=\"content-default-module-content\">\n                <p>Para uma lavagem mais suave e nutritiva fazer a segunda lavagem com o <a href=\"https:\/\/www.avani.pt\/p\/condicionador-co-wash-krishna-curls-250-ml\/\">Creme sem espuma CoWash<\/a>. Se utilizar ferramentas t\u00e9rmicas aplicar antes o protetor <a href=\"https:\/\/www.avani.pt\/p\/spray-bifasico-protector-termico-uv-surya-200ml-vegan\/\">Surya Thermic<\/a>.<\/p>\n\n            <\/div>\n        \n        \n        \n\n        \n\n\n    <\/div>\n\n\n            <div class=\"accordion accordion-successive   js-accordion not-found mobile--only--md content-default-module text-align-center margin-top-between-modules back_color\">\n            <div class=\"accordion-container\">\n                <div class=\"accordion-question space-between\">\n                                            <h3 class=\"accordion-question-title uppercase back_color\">\n                            Dicas &amp; Segredos\n                        <\/h3>\n                                        <span class=\"accordion-arrow back_color\">&emsp;<\/span>\n                <\/div>\n                <div class=\"accordion-answer\">\n                    \n                                            <div class=\"content-default-module-content\">\n                            <p>Para uma lavagem mais suave e nutritiva fazer a segunda lavagem com o <a href=\"https:\/\/www.avani.pt\/p\/condicionador-co-wash-krishna-curls-250-ml\/\">Creme sem espuma CoWash<\/a>. Se utilizar ferramentas t\u00e9rmicas aplicar antes o protetor <a href=\"https:\/\/www.avani.pt\/p\/spray-bifasico-protector-termico-uv-surya-200ml-vegan\/\">Surya Thermic<\/a>.<\/p>\n\n                        <\/div>\n                    \n                    \n                                    <\/div>\n            <\/div>\n        <\/div>\n    \n<\/div>\n<div class=\"container \">\n\n    <div class=\"content-default-module text-align-center margin-top-between-modules\n        \n        \n        \n        \n        \n        \n        desktop--only--md\"\n        style=\"margin-bottom: 0px;\"\n    >\n\n                <div class=\"content-default-module-titles\">\n                            <h2 class=\"content-default-module-title uppercase black\">Detalhes<\/h2>\n            \n                    <\/div>\n        \n                    <div class=\"content-default-module-content\">\n                <p><strong>Este tratamento \u00e9 composto por:<\/strong><\/p>\n<p><a href=\"https:\/\/www.avani.pt\/p\/condicionador-nutritivo-cabelo-muito-seco-indian-hair-250ml\/\">Condicionador Indian Hair Nutrition 250 ml<\/a><\/p>\n<p><a href=\"https:\/\/www.avani.pt\/p\/creme-selador-pontas-rebuilt-pontas-espigadas-e-abertas\/\">Creme Selador de Pontas Indian Hair Rebuild 100ml<\/a><\/p>\n<p><a href=\"https:\/\/www.avani.pt\/p\/oleo-de-ricino-100ml\/\">\u00d3leo de R\u00edcino 100 ml<\/a><\/p>\n<p><a href=\"https:\/\/www.avani.pt\/p\/shampoo-nutritivo-cabelo-muito-seco-indian-hair-250ml\/\">Shampoo Indian Hair Nutrition 250 ml<\/a><\/p>\n<p><a href=\"https:\/\/www.avani.pt\/p\/spray-condicionador-bifasico-hair-cocktail-250ml\/\">Finalizador Bif\u00e1sico Regenerador Hair Cocktail 250 ml<\/a><\/p>\n<p><a href=\"https:\/\/www.avani.pt\/p\/mascara-cabelo-muito-seco-indian-hair-500ml\/\">M\u00e1scara Indian Hair Nutrition 500 ml<\/a><\/p>\n<p><a href=\"https:\/\/www.avani.pt\/p\/oleo-capilar-argan-e-macadamia-nutritivo-cabelos-secos-250ml-2\/\">Mudra Oil 115 ml<\/a><\/p>\n\n            <\/div>\n        \n        \n        \n\n        \n\n\n    <\/div>\n\n\n            <div class=\"accordion accordion-successive   js-accordion not-found mobile--only--md content-default-module text-align-center margin-top-between-modules back_color\">\n            <div class=\"accordion-container\">\n                <div class=\"accordion-question space-between\">\n                                            <h3 class=\"accordion-question-title uppercase back_color\">\n                            Detalhes\n                        <\/h3>\n                                        <span class=\"accordion-arrow back_color\">&emsp;<\/span>\n                <\/div>\n                <div class=\"accordion-answer\">\n                    \n                                            <div class=\"content-default-module-content\">\n                            <p><strong>Este tratamento \u00e9 composto por:<\/strong><\/p>\n<p><a href=\"https:\/\/www.avani.pt\/p\/condicionador-nutritivo-cabelo-muito-seco-indian-hair-250ml\/\">Condicionador Indian Hair Nutrition 250 ml<\/a><\/p>\n<p><a href=\"https:\/\/www.avani.pt\/p\/creme-selador-pontas-rebuilt-pontas-espigadas-e-abertas\/\">Creme Selador de Pontas Indian Hair Rebuild 100ml<\/a><\/p>\n<p><a href=\"https:\/\/www.avani.pt\/p\/oleo-de-ricino-100ml\/\">\u00d3leo de R\u00edcino 100 ml<\/a><\/p>\n<p><a href=\"https:\/\/www.avani.pt\/p\/shampoo-nutritivo-cabelo-muito-seco-indian-hair-250ml\/\">Shampoo Indian Hair Nutrition 250 ml<\/a><\/p>\n<p><a href=\"https:\/\/www.avani.pt\/p\/spray-condicionador-bifasico-hair-cocktail-250ml\/\">Finalizador Bif\u00e1sico Regenerador Hair Cocktail 250 ml<\/a><\/p>\n<p><a href=\"https:\/\/www.avani.pt\/p\/mascara-cabelo-muito-seco-indian-hair-500ml\/\">M\u00e1scara Indian Hair Nutrition 500 ml<\/a><\/p>\n<p><a href=\"https:\/\/www.avani.pt\/p\/oleo-capilar-argan-e-macadamia-nutritivo-cabelos-secos-250ml-2\/\">Mudra Oil 115 ml<\/a><\/p>\n\n                        <\/div>\n                    \n                    \n                                    <\/div>\n            <\/div>\n        <\/div>\n    \n<\/div>\n<div class=\"tip-products margin-top-between-modules default\">\n    <div class=\"container\">\n                    <h2 class=\"title\">\n                comprar individualmente\n            <\/h2>\n        \n        \n        <div class=\"products-container\">\n                    <\/div>\n\n    <\/div>\n<\/div>\n[\/vc_column][\/vc_row]<\/p>\n<\/div>","protected":false},"excerpt":{"rendered":"<p>Thick hair that has been colored has a greater need for hydration and nourishment. This treatment consists of seven highly moisturizing, nourishing and regenerating products. The hair recovers its lost structure and receives nourishment and hydration. The result is healthier, nourished hair.   <\/p>\n","protected":false},"featured_media":76777,"comment_status":"open","ping_status":"closed","template":"","meta":{"_acf_changed":false},"product_brand":[],"product_cat":[468,459,423,632],"product_tag":[],"class_list":{"0":"post-78228","1":"product","2":"type-product","3":"status-publish","4":"has-post-thumbnail","6":"product_cat-avani-exclusives","7":"product_cat-care","8":"product_cat-dry-hair-nutrition","9":"product_cat-thick-hair-exclusive-avani-treatments","11":"first","12":"instock","13":"taxable","14":"shipping-taxable","15":"purchasable","16":"product-type-simple"},"acf":[],"wooqr_code":"","_links":{"self":[{"href":"https:\/\/www.avani.pt\/en\/wp-json\/wp\/v2\/product\/78228","targetHints":{"allow":["GET"]}}],"collection":[{"href":"https:\/\/www.avani.pt\/en\/wp-json\/wp\/v2\/product"}],"about":[{"href":"https:\/\/www.avani.pt\/en\/wp-json\/wp\/v2\/types\/product"}],"replies":[{"embeddable":true,"href":"https:\/\/www.avani.pt\/en\/wp-json\/wp\/v2\/comments?post=78228"}],"wp:featuredmedia":[{"embeddable":true,"href":"https:\/\/www.avani.pt\/en\/wp-json\/wp\/v2\/media\/76777"}],"wp:attachment":[{"href":"https:\/\/www.avani.pt\/en\/wp-json\/wp\/v2\/media?parent=78228"}],"wp:term":[{"taxonomy":"product_brand","embeddable":true,"href":"https:\/\/www.avani.pt\/en\/wp-json\/wp\/v2\/product_brand?post=78228"},{"taxonomy":"product_cat","embeddable":true,"href":"https:\/\/www.avani.pt\/en\/wp-json\/wp\/v2\/product_cat?post=78228"},{"taxonomy":"product_tag","embeddable":true,"href":"https:\/\/www.avani.pt\/en\/wp-json\/wp\/v2\/product_tag?post=78228"}],"curies":[{"name":"wp","href":"https:\/\/api.w.org\/{rel}","templated":true}]}}