{"id":78230,"date":"2020-07-28T13:59:47","date_gmt":"2020-07-28T12:59:47","guid":{"rendered":"https:\/\/www.avani.pt\/p\/thick-natural-hair-indian-secrets-luxury-haircare\/"},"modified":"2025-10-21T12:00:00","modified_gmt":"2025-10-21T11:00:00","slug":"thick-natural-hair-indian-secrets-luxury-haircare","status":"publish","type":"product","link":"https:\/\/www.avani.pt\/en\/p\/thick-natural-hair-indian-secrets-luxury-haircare\/","title":{"rendered":"Thick &amp; Natural Hair | Indian Secrets | Luxury Haircare"},"content":{"rendered":"<div class=\"wpb-content-wrapper\"><p>[vc_row full_width=&#8221;stretch_row_content_no_spaces&#8221; el_class=&#8221;text-align-center&#8221;][vc_column]<div class=\"stars-of-product-module-wrapper margin-top-between-modules\">\n    <img decoding=\"async\" class=\"stars-of-product-module-left-image-design\" src=\"\/dist\/images\/stars_product_module_design.png\">\n    <img decoding=\"async\" class=\"stars-of-product-module-right-image-design\" src=\"\/dist\/images\/stars_product_module_design.png\">\n\n    <div class=\"container\">\n\n        <div class=\"stars-of-product-module text-align-center  desktop--only--md\">\n\n                            <div class=\"star-rating\">\n                                            <i class=\"fa fa-star\"><\/i>\n                                            <i class=\"fa fa-star\"><\/i>\n                                            <i class=\"fa fa-star\"><\/i>\n                                            <i class=\"fa fa-star\"><\/i>\n                                            <i class=\"fa fa-star\"><\/i>\n                                    <\/div>\n            \n                            <div class=\"stars-of-product-module-titles\">\n                                            <h2 class=\"stars-of-product-module-title black uppercase back_color\">The Product Stars<\/h2>\n                                    <\/div>\n            \n                            <div class=\"stars-of-product-module-content\">\n                    <\/p>\n<p>Thick hair has a larger diameter than other hair, making it naturally more resistant. However, they are more prone to dryness and frizz and need specific care to maintain their health and beauty. <\/p>\n<p>Thick hair, although more resistant, is more prone to dryness and frizz, so it should be cared for with a treatment that provides deep nourishment.<\/p>\n<p>\n\n                <\/div>\n            \n        <\/div>\n\n\n                    <div class=\"accordion   accordion-successive-first js-accordion not-found mobile--only--md stars-of-product-module text-align-center margin-top-between-modules back_color\">\n                <div class=\"accordion-container\">\n                    <div class=\"accordion-question space-between\">\n                                                    <h3 class=\"accordion-question-title uppercase back_color\">\n                                As Estrelas do Produtos\n                            <\/h3>\n                                                <span class=\"accordion-arrow back_color\">&emsp;<\/span>\n                    <\/div>\n                    <div class=\"accordion-answer\">\n\n                                                    <div class=\"star-rating\">\n                                                                    <i class=\"fa fa-star\"><\/i>\n                                                                    <i class=\"fa fa-star\"><\/i>\n                                                                    <i class=\"fa fa-star\"><\/i>\n                                                                    <i class=\"fa fa-star\"><\/i>\n                                                            <\/div>\n                        \n                                                    <div class=\"stars-of-product-module-content\">\n                                <\/p>\n<p>Thick hair has a larger diameter than other hair, making it naturally more resistant. However, they are more prone to dryness and frizz and need specific care to maintain their health and beauty. <\/p>\n<p>Thick hair, although more resistant, is more prone to dryness and frizz, so it should be cared for with a treatment that provides deep nourishment.<\/p>\n<p>\n\n                            <\/div>\n                                            <\/div>\n                <\/div>\n            <\/div>\n        \n    <\/div>\n<\/div>\n[\/vc_column][\/vc_row][vc_row full_width=&#8221;stretch_row_content_no_spaces&#8221; el_class=&#8221;text-align-center&#8221;][vc_column]<div class=\"container\">\n\t<div class=\"usability-tips-and-secrets-module desktop--only--md\">\n\n\t\t<div class=\"usability-tips-and-secrets-module-content-wrapper \">\n\n\t\t\t\t\t\t\t<div class=\"usability-tips-and-secrets-module-video margin-top-between-modules\">\n\t\t\t\t\t<div class=\"wp-block-embed wp-embed-width-desktop- wp-embed-width-mobile-\">\n\t\t<figure class=\"wp-block-embed-video is-type-video is-provider-youtube wp-block-embed-youtube wp-embed-aspect-16-9 wp-has-aspect-ratio\">\n\t\t\t<div class=\"wp-block-embed__wrapper js-video-play\">\n\t\t\t\t<img decoding=\"async\" class=\"wp-block-embed__cover\" src=\"https:\/\/img.youtube.com\/vi\/v1Q6f7a887A\/sddefault.jpg\" \/>\n\t\t\t\t<i class=\"fa fa-play-circle\" aria-hidden=\"true\"><\/i>\n\t\t\t\t<iframe src=\"https:\/\/www.youtube.com\/embed\/v1Q6f7a887A?start=0&amp;showinfo=0&amp;controls=1&amp;rel=0\" frameborder=\"0\" allow=\"accelerometer; autoplay; clipboard-write; encrypted-media; gyroscope; picture-in-picture\" allowfullscreen=\"\"><\/iframe>\n\t\t\t<\/div>\n\t\t<\/figure>\n\t<\/div>\n\t<div class=\"av-social-share\"><p>Share<\/p> <div class=\"addtoany_shortcode\"><div class=\"a2a_kit a2a_kit_size_48 addtoany_list\" data-a2a-url=\"https:\/\/www.avani.pt\/en\/p\/thick-natural-hair-indian-secrets-luxury-haircare\/\" data-a2a-title=\"Thick &amp; Natural Hair | Indian Secrets | Luxury Haircare\"><a class=\"a2a_button_email\" href=\"https:\/\/www.addtoany.com\/add_to\/email?linkurl=https%3A%2F%2Fwww.avani.pt%2Fen%2Fp%2Fthick-natural-hair-indian-secrets-luxury-haircare%2F&amp;linkname=Thick%20%26%20Natural%20Hair%20%7C%20Indian%20Secrets%20%7C%20Luxury%20Haircare\" title=\"Email\" rel=\"nofollow noopener\" target=\"_blank\"><img loading=\"lazy\" decoding=\"async\" src=\"\/wp-content\/themes\/slendertail-theme\/addtoany\/email.svg\" width=\"48\" height=\"48\" alt=\"Email\"><\/a><a class=\"a2a_button_facebook\" href=\"https:\/\/www.addtoany.com\/add_to\/facebook?linkurl=https%3A%2F%2Fwww.avani.pt%2Fen%2Fp%2Fthick-natural-hair-indian-secrets-luxury-haircare%2F&amp;linkname=Thick%20%26%20Natural%20Hair%20%7C%20Indian%20Secrets%20%7C%20Luxury%20Haircare\" title=\"Facebook\" rel=\"nofollow noopener\" target=\"_blank\"><img loading=\"lazy\" decoding=\"async\" src=\"\/wp-content\/themes\/slendertail-theme\/addtoany\/facebook.svg\" width=\"48\" height=\"48\" alt=\"Facebook\"><\/a><a class=\"a2a_button_facebook_messenger\" href=\"https:\/\/www.addtoany.com\/add_to\/facebook_messenger?linkurl=https%3A%2F%2Fwww.avani.pt%2Fen%2Fp%2Fthick-natural-hair-indian-secrets-luxury-haircare%2F&amp;linkname=Thick%20%26%20Natural%20Hair%20%7C%20Indian%20Secrets%20%7C%20Luxury%20Haircare\" title=\"Messenger\" rel=\"nofollow noopener\" target=\"_blank\"><img loading=\"lazy\" decoding=\"async\" src=\"\/wp-content\/themes\/slendertail-theme\/addtoany\/facebook_messenger.svg\" width=\"48\" height=\"48\" alt=\"Messenger\"><\/a><a class=\"a2a_button_whatsapp\" href=\"https:\/\/www.addtoany.com\/add_to\/whatsapp?linkurl=https%3A%2F%2Fwww.avani.pt%2Fen%2Fp%2Fthick-natural-hair-indian-secrets-luxury-haircare%2F&amp;linkname=Thick%20%26%20Natural%20Hair%20%7C%20Indian%20Secrets%20%7C%20Luxury%20Haircare\" title=\"WhatsApp\" rel=\"nofollow noopener\" target=\"_blank\"><img loading=\"lazy\" decoding=\"async\" src=\"\/wp-content\/themes\/slendertail-theme\/addtoany\/whatsapp.svg\" width=\"48\" height=\"48\" alt=\"WhatsApp\"><\/a><\/div><\/div><\/div>\t\t\t\t<\/div>\n\t\t\t\n\t\t\t\t\t\t\t<div class=\"usability-tips-and-secrets-module-content usability-tips-and-secrets-module-content--bordered margin-top-between-modules\">\n\t\t\t\t\t\t\t\t\t\t\t<h2 class=\"uppercase black\">Como usar<\/h2>\n\t\t\t\t\t\n\t\t\t\t\t\t\t\t\t\t\t<p>Veja o nosso v\u00eddeo de Dicas &amp; Segredos, para resultados perfeitos.<\/p>\n\n\t\t\t\t\t\t\t\t\t<\/div>\n\t\t\t\n\t\t\t\t\t\t\t<div class=\"usability-tips-and-secrets-module-content margin-top-between-modules\">\n\t\t\t\t\t\t\t\t\t\t\t<h2 class=\"uppercase black\">Dicas &amp; Segredos<\/h2>\n\t\t\t\t\t\n\t\t\t\t\t\t\t\t\t\t\t<p>Aplicar o condicionador como passo 4 depois da M\u00e1scara para uma selagem perfeita da cut\u00edcula.<\/p>\n\n\t\t\t\t\t\t\t\t\t<\/div>\n\t\t\t\t\t<\/div>\n\t<\/div>\n\n\t\t\t<div class=\"mobile--only--md usability-tips-and-secrets-module text-align-center margin-top-between-modules usability-tips-and-secrets-module-video\">\n\t\t\t<div class=\"wp-block-embed wp-embed-width-desktop- wp-embed-width-mobile-\">\n\t\t<figure class=\"wp-block-embed-video is-type-video is-provider-youtube wp-block-embed-youtube wp-embed-aspect-16-9 wp-has-aspect-ratio mobile--only--md\">\n\t\t\t<div class=\"wp-block-embed__wrapper js-video-play\">\n\t\t\t\t<img decoding=\"async\" class=\"wp-block-embed__cover\" src=\"https:\/\/img.youtube.com\/vi\/v1Q6f7a887A\/sddefault.jpg\" \/>\n\t\t\t\t<i class=\"fa fa-play-circle\" aria-hidden=\"true\"><\/i>\n\t\t\t\t<iframe src=\"https:\/\/www.youtube.com\/embed\/v1Q6f7a887A?start=0&amp;showinfo=0&amp;controls=1&amp;rel=0\" frameborder=\"0\" allow=\"accelerometer; autoplay; clipboard-write; encrypted-media; gyroscope; picture-in-picture\" allowfullscreen=\"\"><\/iframe>\n\t\t\t<\/div>\n\t\t<\/figure>\n\t<\/div>\n\t<div class=\"av-social-share\"><p>Share<\/p> <div class=\"addtoany_shortcode\"><div class=\"a2a_kit a2a_kit_size_48 addtoany_list\" data-a2a-url=\"https:\/\/www.avani.pt\/en\/p\/thick-natural-hair-indian-secrets-luxury-haircare\/\" data-a2a-title=\"Thick &amp; Natural Hair | Indian Secrets | Luxury Haircare\"><a class=\"a2a_button_email\" href=\"https:\/\/www.addtoany.com\/add_to\/email?linkurl=https%3A%2F%2Fwww.avani.pt%2Fen%2Fp%2Fthick-natural-hair-indian-secrets-luxury-haircare%2F&amp;linkname=Thick%20%26%20Natural%20Hair%20%7C%20Indian%20Secrets%20%7C%20Luxury%20Haircare\" title=\"Email\" rel=\"nofollow noopener\" target=\"_blank\"><img loading=\"lazy\" decoding=\"async\" src=\"\/wp-content\/themes\/slendertail-theme\/addtoany\/email.svg\" width=\"48\" height=\"48\" alt=\"Email\"><\/a><a class=\"a2a_button_facebook\" href=\"https:\/\/www.addtoany.com\/add_to\/facebook?linkurl=https%3A%2F%2Fwww.avani.pt%2Fen%2Fp%2Fthick-natural-hair-indian-secrets-luxury-haircare%2F&amp;linkname=Thick%20%26%20Natural%20Hair%20%7C%20Indian%20Secrets%20%7C%20Luxury%20Haircare\" title=\"Facebook\" rel=\"nofollow noopener\" target=\"_blank\"><img loading=\"lazy\" decoding=\"async\" src=\"\/wp-content\/themes\/slendertail-theme\/addtoany\/facebook.svg\" width=\"48\" height=\"48\" alt=\"Facebook\"><\/a><a class=\"a2a_button_facebook_messenger\" href=\"https:\/\/www.addtoany.com\/add_to\/facebook_messenger?linkurl=https%3A%2F%2Fwww.avani.pt%2Fen%2Fp%2Fthick-natural-hair-indian-secrets-luxury-haircare%2F&amp;linkname=Thick%20%26%20Natural%20Hair%20%7C%20Indian%20Secrets%20%7C%20Luxury%20Haircare\" title=\"Messenger\" rel=\"nofollow noopener\" target=\"_blank\"><img loading=\"lazy\" decoding=\"async\" src=\"\/wp-content\/themes\/slendertail-theme\/addtoany\/facebook_messenger.svg\" width=\"48\" height=\"48\" alt=\"Messenger\"><\/a><a class=\"a2a_button_whatsapp\" href=\"https:\/\/www.addtoany.com\/add_to\/whatsapp?linkurl=https%3A%2F%2Fwww.avani.pt%2Fen%2Fp%2Fthick-natural-hair-indian-secrets-luxury-haircare%2F&amp;linkname=Thick%20%26%20Natural%20Hair%20%7C%20Indian%20Secrets%20%7C%20Luxury%20Haircare\" title=\"WhatsApp\" rel=\"nofollow noopener\" target=\"_blank\"><img loading=\"lazy\" decoding=\"async\" src=\"\/wp-content\/themes\/slendertail-theme\/addtoany\/whatsapp.svg\" width=\"48\" height=\"48\" alt=\"WhatsApp\"><\/a><\/div><\/div><\/div>\t\t<\/div>\n\t\n\t\t\t<div class=\"accordion accordion-successive  js-accordion not-found mobile--only--md usability-tips-and-secrets-module text-align-center margin-top-between-modules back_color\">\n\t\t\t<div class=\"accordion-container\">\n\t\t\t\t<div class=\"accordion-question space-between\">\n\t\t\t\t\t\t\t\t\t\t\t<h3 class=\"accordion-question-title uppercase back_color\">\n\t\t\t\t\t\t\tComo usar\n\t\t\t\t\t\t<\/h3>\n\t\t\t\t\t\n\t\t\t\t\t<span class=\"accordion-arrow back_color\">&emsp;<\/span>\n\t\t\t\t<\/div>\n\t\t\t\t<div class=\"accordion-answer\">\n\t\t\t\t\t\t\t\t\t\t\t<div class=\"usability-tips-and-secrets-module-content\">\n\t\t\t\t\t\t\t<p>Veja o nosso v\u00eddeo de Dicas &amp; Segredos, para resultados perfeitos.<\/p>\n\n\t\t\t\t\t\t<\/div>\n\t\t\t\t\t\t\t\t\t<\/div>\n\t\t\t<\/div>\n\t\t<\/div>\n\t\n\t\t\t<div class=\"accordion accordion-successive js-accordion not-found mobile--only--md usability-tips-and-secrets-module text-align-center margin-top-between-modules back_color\">\n\t\t\t<div class=\"accordion-container\">\n\t\t\t\t<div class=\"accordion-question space-between\">\n\t\t\t\t\t\t\t\t\t\t\t<h3 class=\"accordion-question-title uppercase back_color\">\n\t\t\t\t\t\t\tDicas &amp; Segredos\n\t\t\t\t\t\t<\/h3>\n\t\t\t\t\t\n\t\t\t\t\t<span class=\"accordion-arrow back_color\">&emsp;<\/span>\n\t\t\t\t<\/div>\n\t\t\t\t<div class=\"accordion-answer\">\n\t\t\t\t\t\t\t\t\t\t\t<div class=\"usability-tips-and-secrets-module-content\">\n\t\t\t\t\t\t\t<p>Aplicar o condicionador como passo 4 depois da M\u00e1scara para uma selagem perfeita da cut\u00edcula.<\/p>\n\n\t\t\t\t\t\t<\/div>\n\t\t\t\t\t\t\t\t\t<\/div>\n\t\t\t<\/div>\n\t\t<\/div>\n\t<\/div>\n[\/vc_column][\/vc_row][vc_row full_width=&#8221;stretch_row_content_no_spaces&#8221; el_class=&#8221;text-align-center&#8221;][vc_column]<div class=\"container \">\n\n    <div class=\"content-default-module text-align-center margin-top-between-modules\n        \n        \n        \n        \n        \n        \n        desktop--only--md\"\n        style=\"margin-bottom: 0px;\"\n    >\n\n                <div class=\"content-default-module-titles\">\n                            <h2 class=\"content-default-module-title uppercase black\">Detalhes<\/h2>\n            \n                    <\/div>\n        \n                    <div class=\"content-default-module-content\">\n                <\/p>\n<p><strong>Este tratamento \u00e9 composto por:<\/strong><\/p>\n<p><a href=\"https:\/\/www.avani.pt\/p\/condicionador-nutritivo-cabelo-muito-seco-indian-hair-250ml\/\">Condicionador Nutritivo Cabelo Muito Seco Indian Hair 250 ml<\/a><\/p>\n<p><a href=\"https:\/\/www.avani.pt\/p\/oleo-de-ricino-100ml\/\">\u00d3leo de R\u00edcino 100 ml<\/a><\/p>\n<p><a href=\"https:\/\/www.avani.pt\/p\/shampoo-nutritivo-cabelo-muito-seco-indian-hair-250ml\/\">Shampoo Nutritivo Cabelo Muito Seco Indian Hair 250 ml<\/a><\/p>\n<p><a href=\"https:\/\/www.avani.pt\/p\/mascara-cabelo-muito-seco-indian-hair-500ml\/\">M\u00e1scara Nutritiva Cabelo Muito Seco Indian Hair 500 ml<\/a><\/p>\n<p><a href=\"https:\/\/www.avani.pt\/p\/oleo-capilar-argan-e-macadamia-nutritivo-cabelos-secos-250ml-2\/\">\u00d3leo Capilar Argan e Macad\u00e2mia Nutritivo Cabelos Secos 115 ml<\/a><\/p>\n<p>&nbsp;<\/p>\n<p><strong>Passo a passo:<\/strong><\/p>\n<p>1) Massajar o couro cabeludo, meios e pontas com o \u00f3leo de r\u00edcino uma hora antes de lavar o cabelo;<\/p>\n<p>2) Lavar o cabelo com o Shampoo Dry Indian Hair;<\/p>\n<p>3) Tirar bem o excesso de \u00e1gua e aplicar a M\u00e1scara Dry Indian Hair madeixa a madeixa, deixar atuar pelo menos 4 minutos.<\/p>\n<p>4) Enxaguar. Aplicar o Condicionador Dry Indian Hair nas pontas para selar a cut\u00edcula e enxaguar bem novamente.<\/p>\n<p>5) Aplicar todas os dias, de manh\u00e3 e \u00e0 noite, uma ervilha do \u00d3leo Indian Hair com Argan na palma das m\u00e3os, espalhar como se fosse um creme e aplicar nos meios e pontas evitando a desnutri\u00e7\u00e3o, pontas duplas e quebradi\u00e7as.<\/p>\n<p>\n\n            <\/div>\n        \n        \n        \n\n        \n\n\n    <\/div>\n\n\n            <div class=\"accordion accordion-successive   js-accordion not-found mobile--only--md content-default-module text-align-center margin-top-between-modules back_color\">\n            <div class=\"accordion-container\">\n                <div class=\"accordion-question space-between\">\n                                            <h3 class=\"accordion-question-title uppercase back_color\">\n                            Detalhes\n                        <\/h3>\n                                        <span class=\"accordion-arrow back_color\">&emsp;<\/span>\n                <\/div>\n                <div class=\"accordion-answer\">\n                    \n                                            <div class=\"content-default-module-content\">\n                            <\/p>\n<p><strong>Este tratamento \u00e9 composto por:<\/strong><\/p>\n<p><a href=\"https:\/\/www.avani.pt\/p\/condicionador-nutritivo-cabelo-muito-seco-indian-hair-250ml\/\">Condicionador Nutritivo Cabelo Muito Seco Indian Hair 250 ml<\/a><\/p>\n<p><a href=\"https:\/\/www.avani.pt\/p\/oleo-de-ricino-100ml\/\">\u00d3leo de R\u00edcino 100 ml<\/a><\/p>\n<p><a href=\"https:\/\/www.avani.pt\/p\/shampoo-nutritivo-cabelo-muito-seco-indian-hair-250ml\/\">Shampoo Nutritivo Cabelo Muito Seco Indian Hair 250 ml<\/a><\/p>\n<p><a href=\"https:\/\/www.avani.pt\/p\/mascara-cabelo-muito-seco-indian-hair-500ml\/\">M\u00e1scara Nutritiva Cabelo Muito Seco Indian Hair 500 ml<\/a><\/p>\n<p><a href=\"https:\/\/www.avani.pt\/p\/oleo-capilar-argan-e-macadamia-nutritivo-cabelos-secos-250ml-2\/\">\u00d3leo Capilar Argan e Macad\u00e2mia Nutritivo Cabelos Secos 115 ml<\/a><\/p>\n<p>&nbsp;<\/p>\n<p><strong>Passo a passo:<\/strong><\/p>\n<p>1) Massajar o couro cabeludo, meios e pontas com o \u00f3leo de r\u00edcino uma hora antes de lavar o cabelo;<\/p>\n<p>2) Lavar o cabelo com o Shampoo Dry Indian Hair;<\/p>\n<p>3) Tirar bem o excesso de \u00e1gua e aplicar a M\u00e1scara Dry Indian Hair madeixa a madeixa, deixar atuar pelo menos 4 minutos.<\/p>\n<p>4) Enxaguar. Aplicar o Condicionador Dry Indian Hair nas pontas para selar a cut\u00edcula e enxaguar bem novamente.<\/p>\n<p>5) Aplicar todas os dias, de manh\u00e3 e \u00e0 noite, uma ervilha do \u00d3leo Indian Hair com Argan na palma das m\u00e3os, espalhar como se fosse um creme e aplicar nos meios e pontas evitando a desnutri\u00e7\u00e3o, pontas duplas e quebradi\u00e7as.<\/p>\n<p>\n\n                        <\/div>\n                    \n                    \n                                    <\/div>\n            <\/div>\n        <\/div>\n    \n<\/div>\n<div class=\"tip-products margin-top-between-modules default\">\n    <div class=\"container\">\n                    <h2 class=\"title\">\n                Comprar Individualmente\n            <\/h2>\n        \n        \n        <div class=\"products-container\">\n                    <\/div>\n\n    <\/div>\n<\/div>\n[\/vc_column][\/vc_row]<\/p>\n<\/div>","protected":false},"excerpt":{"rendered":"<p>Exclusive Avani Professional treatment, consisting of five products, specifically for thick and natural hair.<\/p>\n","protected":false},"featured_media":74773,"comment_status":"open","ping_status":"closed","template":"","meta":{"_acf_changed":false},"product_brand":[],"product_cat":[468,459,423,632],"product_tag":[],"class_list":{"0":"post-78230","1":"product","2":"type-product","3":"status-publish","4":"has-post-thumbnail","6":"product_cat-avani-exclusives","7":"product_cat-care","8":"product_cat-dry-hair-nutrition","9":"product_cat-thick-hair-exclusive-avani-treatments","11":"first","12":"instock","13":"taxable","14":"shipping-taxable","15":"purchasable","16":"product-type-simple"},"acf":[],"wooqr_code":"","_links":{"self":[{"href":"https:\/\/www.avani.pt\/en\/wp-json\/wp\/v2\/product\/78230","targetHints":{"allow":["GET"]}}],"collection":[{"href":"https:\/\/www.avani.pt\/en\/wp-json\/wp\/v2\/product"}],"about":[{"href":"https:\/\/www.avani.pt\/en\/wp-json\/wp\/v2\/types\/product"}],"replies":[{"embeddable":true,"href":"https:\/\/www.avani.pt\/en\/wp-json\/wp\/v2\/comments?post=78230"}],"wp:featuredmedia":[{"embeddable":true,"href":"https:\/\/www.avani.pt\/en\/wp-json\/wp\/v2\/media\/74773"}],"wp:attachment":[{"href":"https:\/\/www.avani.pt\/en\/wp-json\/wp\/v2\/media?parent=78230"}],"wp:term":[{"taxonomy":"product_brand","embeddable":true,"href":"https:\/\/www.avani.pt\/en\/wp-json\/wp\/v2\/product_brand?post=78230"},{"taxonomy":"product_cat","embeddable":true,"href":"https:\/\/www.avani.pt\/en\/wp-json\/wp\/v2\/product_cat?post=78230"},{"taxonomy":"product_tag","embeddable":true,"href":"https:\/\/www.avani.pt\/en\/wp-json\/wp\/v2\/product_tag?post=78230"}],"curies":[{"name":"wp","href":"https:\/\/api.w.org\/{rel}","templated":true}]}}