{"id":78233,"date":"2020-07-28T14:40:46","date_gmt":"2020-07-28T13:40:46","guid":{"rendered":"https:\/\/www.avani.pt\/p\/hair-with-dyed-curls-indian-secrets-luxury-haircare\/"},"modified":"2025-10-21T12:00:00","modified_gmt":"2025-10-21T11:00:00","slug":"hair-with-dyed-curls-indian-secrets-luxury-haircare","status":"publish","type":"product","link":"https:\/\/www.avani.pt\/en\/p\/hair-with-dyed-curls-indian-secrets-luxury-haircare\/","title":{"rendered":"Hair with Dyed Curls | Indian Secrets | Luxury Haircare"},"content":{"rendered":"<div class=\"wpb-content-wrapper\"><p>[vc_row full_width=&#8221;stretch_row_content_no_spaces&#8221; el_class=&#8221;text-align-center&#8221;][vc_column]<div class=\"stars-of-product-module-wrapper margin-top-between-modules\">\n    <img decoding=\"async\" class=\"stars-of-product-module-left-image-design\" src=\"\/dist\/images\/stars_product_module_design.png\">\n    <img decoding=\"async\" class=\"stars-of-product-module-right-image-design\" src=\"\/dist\/images\/stars_product_module_design.png\">\n\n    <div class=\"container\">\n\n        <div class=\"stars-of-product-module text-align-center  desktop--only--md\">\n\n                            <div class=\"star-rating\">\n                                            <i class=\"fa fa-star\"><\/i>\n                                            <i class=\"fa fa-star\"><\/i>\n                                            <i class=\"fa fa-star\"><\/i>\n                                            <i class=\"fa fa-star\"><\/i>\n                                            <i class=\"fa fa-star\"><\/i>\n                                    <\/div>\n            \n                            <div class=\"stars-of-product-module-titles\">\n                                            <h2 class=\"stars-of-product-module-title black uppercase back_color\">The Product Stars<\/h2>\n                                    <\/div>\n            \n                            <div class=\"stars-of-product-module-content\">\n                    <p>This treatment has been meticulously studied and the products chosen help to replenish all the elements essential to the health of this type of hair. Perfect for all types of curls. It nourishes and moisturizes the hair, leaving it shiny, manageable and full of life without leaving it looking heavy and pasty. Helps curls regain their shape. It consists of eight products: castor oil to nourish the scalp and strands, indian hair nutrition shampoo to gently cleanse the hair, indian hair nutrition mask to nourish the hair giving it shine and manageability, indian hair nutrition conditioner to nourish and seal the cuticle, the leave-in active curls finisher that will activate and define curls, the two-phase hair cocktail spray that is perfect for moisturizing and defining hair the day after washing, the mudra oil to nourish the ends and the indian hair rebuild serum to prevent and treat split ends.    <\/p>\n\n                <\/div>\n            \n        <\/div>\n\n\n                    <div class=\"accordion   accordion-successive-first js-accordion not-found mobile--only--md stars-of-product-module text-align-center margin-top-between-modules back_color\">\n                <div class=\"accordion-container\">\n                    <div class=\"accordion-question space-between\">\n                                                    <h3 class=\"accordion-question-title uppercase back_color\">\n                                As Estrelas do Produto\n                            <\/h3>\n                                                <span class=\"accordion-arrow back_color\">&emsp;<\/span>\n                    <\/div>\n                    <div class=\"accordion-answer\">\n\n                                                    <div class=\"star-rating\">\n                                                                    <i class=\"fa fa-star\"><\/i>\n                                                                    <i class=\"fa fa-star\"><\/i>\n                                                                    <i class=\"fa fa-star\"><\/i>\n                                                                    <i class=\"fa fa-star\"><\/i>\n                                                                    <i class=\"fa fa-star\"><\/i>\n                                                            <\/div>\n                        \n                                                    <div class=\"stars-of-product-module-content\">\n                                <p>This treatment has been meticulously studied and the products chosen help to replenish all the elements essential to the health of this type of hair. Perfect for all types of curls. It nourishes and moisturizes the hair, leaving it shiny, manageable and full of life without leaving it looking heavy and pasty. Helps curls regain their shape. It consists of eight products: castor oil to nourish the scalp and strands, indian hair nutrition shampoo to gently cleanse the hair, indian hair nutrition mask to nourish the hair giving it shine and manageability, indian hair nutrition conditioner to nourish and seal the cuticle, the leave-in active curls finisher that will activate and define curls, the two-phase hair cocktail spray that is perfect for moisturizing and defining hair the day after washing, the mudra oil to nourish the ends and the indian hair rebuild serum to prevent and treat split ends.    <\/p>\n\n                            <\/div>\n                                            <\/div>\n                <\/div>\n            <\/div>\n        \n    <\/div>\n<\/div>\n[\/vc_column][\/vc_row][vc_row full_width=&#8221;stretch_row_content_no_spaces&#8221; el_class=&#8221;text-align-center&#8221;][vc_column]<div class=\"container\">\n\t<div class=\"usability-tips-and-secrets-module desktop--only--md\">\n\n\t\t<div class=\"usability-tips-and-secrets-module-content-wrapper full-width-container\">\n\n\t\t\t\n\t\t\t\t\t\t\t<div class=\"usability-tips-and-secrets-module-content usability-tips-and-secrets-module-content--bordered margin-top-between-modules\">\n\t\t\t\t\t\t\t\t\t\t\t<h2 class=\"uppercase black\">Como usar<\/h2>\n\t\t\t\t\t\n\t\t\t\t\t\t\t\t\t\t\t<p>1. Massajar o \u00f3leo de r\u00edcino Cure biol\u00f3gico no couro cabeludo, t\u00eamporas, pesco\u00e7o e extender em toda a fibra capilar aproximadamente meia hora antes de lavar os cabelos. 2. Massajar continuamente o Shampoo no couro cabeludo com a ponta dos dedos at\u00e9 o sentir limpo, e depois enxaguar bem. Repita o procedimento. 3. Ap\u00f3s tirar o excesso de \u00e1gua, aplicar a m\u00e1scara madeixa a madeixa. Deixar actuar pelo menos durante 4 minutos. Enxaguar. 4. Aplicar o Condicionador nas pontas para uma selagem perfeita e deixar actuar um minuto. Enxaguar bem. 5. Colocar o creme active curls, fora do banho, ap\u00f3s a lavagem, quando os cabelos ainda est\u00e3o h\u00famidos, mas n\u00e3o a pingar, modelando cada madeixa com as m\u00e3os. Deixar o cabelo secar ao natural ou secar com o difusor. 6. O spray bif\u00e1sico hair cocktail pode ser aplicado em cabelos h\u00famidos antes de o escovar\/pentear para ajudar a desembara\u00e7ar prevenindo a quebra ou no dia seguinte \u00e0 lavagem em cabelos secos para hidratar e ativar os carac\u00f3is. 7. Recomendamos a aplica\u00e7\u00e3o do mudra oil diariamente, todas as manh\u00e3s, nos meios e pontas. 8. O s\u00e9rum indian hair rebuild deve ser aplicado diariamente nas pontas, de prefer\u00eancia \u00e0 noite, antes de dormir.<\/p>\n\n\t\t\t\t\t\t\t\t\t<\/div>\n\t\t\t\n\t\t\t\t\t<\/div>\n\t<\/div>\n\n\t\t\t<div class=\"mobile--only--md usability-tips-and-secrets-module text-align-center margin-top-between-modules usability-tips-and-secrets-module-video\">\n\t\t\t\t\t<\/div>\n\t\n\t\t\t<div class=\"accordion accordion-successive  js-accordion not-found mobile--only--md usability-tips-and-secrets-module text-align-center margin-top-between-modules back_color\">\n\t\t\t<div class=\"accordion-container\">\n\t\t\t\t<div class=\"accordion-question space-between\">\n\t\t\t\t\t\t\t\t\t\t\t<h3 class=\"accordion-question-title uppercase back_color\">\n\t\t\t\t\t\t\tComo usar\n\t\t\t\t\t\t<\/h3>\n\t\t\t\t\t\n\t\t\t\t\t<span class=\"accordion-arrow back_color\">&emsp;<\/span>\n\t\t\t\t<\/div>\n\t\t\t\t<div class=\"accordion-answer\">\n\t\t\t\t\t\t\t\t\t\t\t<div class=\"usability-tips-and-secrets-module-content\">\n\t\t\t\t\t\t\t<p>1. Massajar o \u00f3leo de r\u00edcino Cure biol\u00f3gico no couro cabeludo, t\u00eamporas, pesco\u00e7o e extender em toda a fibra capilar aproximadamente meia hora antes de lavar os cabelos. 2. Massajar continuamente o Shampoo no couro cabeludo com a ponta dos dedos at\u00e9 o sentir limpo, e depois enxaguar bem. Repita o procedimento. 3. Ap\u00f3s tirar o excesso de \u00e1gua, aplicar a m\u00e1scara madeixa a madeixa. Deixar actuar pelo menos durante 4 minutos. Enxaguar. 4. Aplicar o Condicionador nas pontas para uma selagem perfeita e deixar actuar um minuto. Enxaguar bem. 5. Colocar o creme active curls, fora do banho, ap\u00f3s a lavagem, quando os cabelos ainda est\u00e3o h\u00famidos, mas n\u00e3o a pingar, modelando cada madeixa com as m\u00e3os. Deixar o cabelo secar ao natural ou secar com o difusor. 6. O spray bif\u00e1sico hair cocktail pode ser aplicado em cabelos h\u00famidos antes de o escovar\/pentear para ajudar a desembara\u00e7ar prevenindo a quebra ou no dia seguinte \u00e0 lavagem em cabelos secos para hidratar e ativar os carac\u00f3is. 7. Recomendamos a aplica\u00e7\u00e3o do mudra oil diariamente, todas as manh\u00e3s, nos meios e pontas. 8. O s\u00e9rum indian hair rebuild deve ser aplicado diariamente nas pontas, de prefer\u00eancia \u00e0 noite, antes de dormir.<\/p>\n\n\t\t\t\t\t\t<\/div>\n\t\t\t\t\t\t\t\t\t<\/div>\n\t\t\t<\/div>\n\t\t<\/div>\n\t\n\t<\/div>\n[\/vc_column][\/vc_row][vc_row full_width=&#8221;stretch_row_content_no_spaces&#8221; el_class=&#8221;text-align-center&#8221;][vc_column]<div class=\"container \">\n\n    <div class=\"content-default-module text-align-center margin-top-between-modules\n        \n        \n        \n        \n        \n        \n        desktop--only--md\"\n        style=\"margin-bottom: 0px;\"\n    >\n\n                <div class=\"content-default-module-titles\">\n                            <h2 class=\"content-default-module-title uppercase black\">Dicas &amp; Segredos<\/h2>\n            \n                    <\/div>\n        \n                    <div class=\"content-default-module-content\">\n                <\/p>\n<p style=\"text-align: left;\">Caso proceda \u00e0 secagem do cabelo \u00e9 importante aplica\u00e7\u00e3o de um protetor t\u00e9rmico- recomendamos o <a href=\"https:\/\/www.avani.pt\/p\/spray-bifasico-protector-termico-uv-surya-200ml-vegan\/\">Surya Thermic <\/a>Avani. Para uma lavagem suave e nutritiva recomendamos a segunda lavagem com o <a href=\"https:\/\/www.avani.pt\/p\/condicionador-co-wash-krishna-curls-250-ml\/\">Creme Sem Espuma Co Wash Krishna Curls.<\/a><\/p>\n<p>\n\n            <\/div>\n        \n        \n        \n\n        \n\n\n    <\/div>\n\n\n            <div class=\"accordion accordion-successive   js-accordion not-found mobile--only--md content-default-module text-align-center margin-top-between-modules back_color\">\n            <div class=\"accordion-container\">\n                <div class=\"accordion-question space-between\">\n                                            <h3 class=\"accordion-question-title uppercase back_color\">\n                            Dicas &amp; Segredos\n                        <\/h3>\n                                        <span class=\"accordion-arrow back_color\">&emsp;<\/span>\n                <\/div>\n                <div class=\"accordion-answer\">\n                    \n                                            <div class=\"content-default-module-content\">\n                            <\/p>\n<p style=\"text-align: left;\">Caso proceda \u00e0 secagem do cabelo \u00e9 importante aplica\u00e7\u00e3o de um protetor t\u00e9rmico- recomendamos o <a href=\"https:\/\/www.avani.pt\/p\/spray-bifasico-protector-termico-uv-surya-200ml-vegan\/\">Surya Thermic <\/a>Avani. Para uma lavagem suave e nutritiva recomendamos a segunda lavagem com o <a href=\"https:\/\/www.avani.pt\/p\/condicionador-co-wash-krishna-curls-250-ml\/\">Creme Sem Espuma Co Wash Krishna Curls.<\/a><\/p>\n<p>\n\n                        <\/div>\n                    \n                    \n                                    <\/div>\n            <\/div>\n        <\/div>\n    \n<\/div>\n<div class=\"container \">\n\n    <div class=\"content-default-module text-align-center margin-top-between-modules\n        \n        \n        \n        \n        \n        \n        desktop--only--md\"\n        style=\"margin-bottom: 0px;\"\n    >\n\n                <div class=\"content-default-module-titles\">\n                            <h2 class=\"content-default-module-title uppercase black\">Detalhes<\/h2>\n            \n                    <\/div>\n        \n                    <div class=\"content-default-module-content\">\n                <p><strong>Este tratamento \u00e9 composto por:<\/strong><\/p>\n<p><a href=\"https:\/\/www.avani.pt\/p\/oleo-de-ricino-100ml\/\">\u00d3leo de R\u00edcino Cure 100% Biol\u00f3gico<\/a><\/p>\n<p><a href=\"https:\/\/www.avani.pt\/p\/shampoo-nutritivo-cabelo-muito-seco-indian-hair-250ml\/\">Shampoo Nutritivo Indian Hair Nutrition 250ml<\/a><\/p>\n<p><a href=\"https:\/\/www.avani.pt\/p\/mascara-cabelo-muito-seco-indian-hair-500ml\/\">M\u00e1scara Indian Hair Nutrition 500ml<\/a><\/p>\n<p><a href=\"https:\/\/www.avani.pt\/p\/condicionador-nutritivo-cabelo-muito-seco-indian-hair-250ml\/\">Condicionador Indian Hair Nutrition 250ml<\/a><\/p>\n<p><a href=\"https:\/\/www.avani.pt\/p\/ativador-e-humidificador-de-caracois-indian-hair-250ml\/\">Creme Modelador de Carac\u00f3is Active Curls 250ml<\/a><\/p>\n<p><a href=\"https:\/\/www.avani.pt\/p\/spray-condicionador-bifasico-hair-cocktail-200ml\/\">Spray Bif\u00e1sico Modelador Hair Cocktail 200ml<\/a><\/p>\n<p><a href=\"https:\/\/www.avani.pt\/p\/oleo-capilar-argan-e-macadamia-nutritivo-cabelos-secos-250ml-2\/\">Mudra Oil Nutritivo 115ml<\/a><\/p>\n<p><a href=\"https:\/\/www.avani.pt\/p\/creme-selador-pontas-rebuilt-pontas-espigadas-e-abertas\/\">S\u00e9rum Indian hair Rebuild 100ml<\/a><\/p>\n\n            <\/div>\n        \n        \n        \n\n        \n\n\n    <\/div>\n\n\n            <div class=\"accordion accordion-successive   js-accordion not-found mobile--only--md content-default-module text-align-center margin-top-between-modules back_color\">\n            <div class=\"accordion-container\">\n                <div class=\"accordion-question space-between\">\n                                            <h3 class=\"accordion-question-title uppercase back_color\">\n                            Detalhes\n                        <\/h3>\n                                        <span class=\"accordion-arrow back_color\">&emsp;<\/span>\n                <\/div>\n                <div class=\"accordion-answer\">\n                    \n                                            <div class=\"content-default-module-content\">\n                            <p><strong>Este tratamento \u00e9 composto por:<\/strong><\/p>\n<p><a href=\"https:\/\/www.avani.pt\/p\/oleo-de-ricino-100ml\/\">\u00d3leo de R\u00edcino Cure 100% Biol\u00f3gico<\/a><\/p>\n<p><a href=\"https:\/\/www.avani.pt\/p\/shampoo-nutritivo-cabelo-muito-seco-indian-hair-250ml\/\">Shampoo Nutritivo Indian Hair Nutrition 250ml<\/a><\/p>\n<p><a href=\"https:\/\/www.avani.pt\/p\/mascara-cabelo-muito-seco-indian-hair-500ml\/\">M\u00e1scara Indian Hair Nutrition 500ml<\/a><\/p>\n<p><a href=\"https:\/\/www.avani.pt\/p\/condicionador-nutritivo-cabelo-muito-seco-indian-hair-250ml\/\">Condicionador Indian Hair Nutrition 250ml<\/a><\/p>\n<p><a href=\"https:\/\/www.avani.pt\/p\/ativador-e-humidificador-de-caracois-indian-hair-250ml\/\">Creme Modelador de Carac\u00f3is Active Curls 250ml<\/a><\/p>\n<p><a href=\"https:\/\/www.avani.pt\/p\/spray-condicionador-bifasico-hair-cocktail-200ml\/\">Spray Bif\u00e1sico Modelador Hair Cocktail 200ml<\/a><\/p>\n<p><a href=\"https:\/\/www.avani.pt\/p\/oleo-capilar-argan-e-macadamia-nutritivo-cabelos-secos-250ml-2\/\">Mudra Oil Nutritivo 115ml<\/a><\/p>\n<p><a href=\"https:\/\/www.avani.pt\/p\/creme-selador-pontas-rebuilt-pontas-espigadas-e-abertas\/\">S\u00e9rum Indian hair Rebuild 100ml<\/a><\/p>\n\n                        <\/div>\n                    \n                    \n                                    <\/div>\n            <\/div>\n        <\/div>\n    \n<\/div>\n<div class=\"tip-products margin-top-between-modules default\">\n    <div class=\"container\">\n                    <h2 class=\"title\">\n                COMPRAR INDIVIDUALMENTE\n            <\/h2>\n        \n        \n        <div class=\"products-container\">\n                    <\/div>\n\n    <\/div>\n<\/div>\n[\/vc_column][\/vc_row]<\/p>\n<\/div>","protected":false},"excerpt":{"rendered":"<p>Composed of eight products. The natural oils present in this treatment are extremely important for the health of the hair, as they help to restore its shape and definition, giving it a shiny, frizz-free appearance that is supple and soft to the touch. <\/p>\n","protected":false},"featured_media":76769,"comment_status":"open","ping_status":"closed","template":"","meta":{"_acf_changed":false},"product_brand":[],"product_cat":[427,468,459,574,575],"product_tag":[],"class_list":{"0":"post-78233","1":"product","2":"type-product","3":"status-publish","4":"has-post-thumbnail","6":"product_cat-amla","7":"product_cat-avani-exclusives","8":"product_cat-care","9":"product_cat-curly-hair-avani-exclusive-treatments","10":"product_cat-no-lo-pow-low-poo-treatments","12":"first","13":"instock","14":"taxable","15":"shipping-taxable","16":"purchasable","17":"product-type-simple"},"acf":[],"wooqr_code":"","_links":{"self":[{"href":"https:\/\/www.avani.pt\/en\/wp-json\/wp\/v2\/product\/78233","targetHints":{"allow":["GET"]}}],"collection":[{"href":"https:\/\/www.avani.pt\/en\/wp-json\/wp\/v2\/product"}],"about":[{"href":"https:\/\/www.avani.pt\/en\/wp-json\/wp\/v2\/types\/product"}],"replies":[{"embeddable":true,"href":"https:\/\/www.avani.pt\/en\/wp-json\/wp\/v2\/comments?post=78233"}],"wp:featuredmedia":[{"embeddable":true,"href":"https:\/\/www.avani.pt\/en\/wp-json\/wp\/v2\/media\/76769"}],"wp:attachment":[{"href":"https:\/\/www.avani.pt\/en\/wp-json\/wp\/v2\/media?parent=78233"}],"wp:term":[{"taxonomy":"product_brand","embeddable":true,"href":"https:\/\/www.avani.pt\/en\/wp-json\/wp\/v2\/product_brand?post=78233"},{"taxonomy":"product_cat","embeddable":true,"href":"https:\/\/www.avani.pt\/en\/wp-json\/wp\/v2\/product_cat?post=78233"},{"taxonomy":"product_tag","embeddable":true,"href":"https:\/\/www.avani.pt\/en\/wp-json\/wp\/v2\/product_tag?post=78233"}],"curies":[{"name":"wp","href":"https:\/\/api.w.org\/{rel}","templated":true}]}}