{"id":78241,"date":"2023-06-22T19:58:31","date_gmt":"2023-06-22T18:58:31","guid":{"rendered":"https:\/\/www.avani.pt\/p\/black-platinum-pro-range-yellow-and-gray-neutralizer\/"},"modified":"2025-10-21T11:59:15","modified_gmt":"2025-10-21T10:59:15","slug":"black-platinum-pro-range-yellow-and-gray-neutralizer","status":"publish","type":"product","link":"https:\/\/www.avani.pt\/en\/p\/black-platinum-pro-range-yellow-and-gray-neutralizer\/","title":{"rendered":"Black Platinum Pro Range | Yellow and Gray Neutralizer"},"content":{"rendered":"<div class=\"wpb-content-wrapper\"><p>[vc_row full_width=&#8221;stretch_row_content_no_spaces&#8221; el_class=&#8221;text-align-center&#8221;][vc_column]<div class=\"stars-of-product-module-wrapper margin-top-between-modules\">\n    <img decoding=\"async\" class=\"stars-of-product-module-left-image-design\" src=\"\/dist\/images\/stars_product_module_design.png\">\n    <img decoding=\"async\" class=\"stars-of-product-module-right-image-design\" src=\"\/dist\/images\/stars_product_module_design.png\">\n\n    <div class=\"container\">\n\n        <div class=\"stars-of-product-module text-align-center  desktop--only--md\">\n\n                            <div class=\"star-rating\">\n                                            <i class=\"fa fa-star\"><\/i>\n                                            <i class=\"fa fa-star\"><\/i>\n                                            <i class=\"fa fa-star\"><\/i>\n                                            <i class=\"fa fa-star\"><\/i>\n                                            <i class=\"fa fa-star\"><\/i>\n                                    <\/div>\n            \n                            <div class=\"stars-of-product-module-titles\">\n                                            <h2 class=\"stars-of-product-module-title black uppercase back_color\">The Product Stars<\/h2>\n                                    <\/div>\n            \n                            <div class=\"stars-of-product-module-content\">\n                    <p>Special vegan range for neutralizing yellows and greys. Promotes gentle cleansing for a beautiful, uniform and long-lasting platinum color &#8211; leaves hair soft, silky and manageable. Gently nourishes the hair.  <\/p>\n\n                <\/div>\n            \n        <\/div>\n\n\n                    <div class=\"accordion   accordion-successive-first js-accordion not-found mobile--only--md stars-of-product-module text-align-center margin-top-between-modules back_color\">\n                <div class=\"accordion-container\">\n                    <div class=\"accordion-question space-between\">\n                                                    <h3 class=\"accordion-question-title uppercase back_color\">\n                                As Estrelas do Produtos\n                            <\/h3>\n                                                <span class=\"accordion-arrow back_color\">&emsp;<\/span>\n                    <\/div>\n                    <div class=\"accordion-answer\">\n\n                                                    <div class=\"star-rating\">\n                                                            <\/div>\n                        \n                                                    <div class=\"stars-of-product-module-content\">\n                                <p>Special vegan range for neutralizing yellows and greys. Promotes gentle cleansing for a beautiful, uniform and long-lasting platinum color &#8211; leaves hair soft, silky and manageable. Gently nourishes the hair.  <\/p>\n\n                            <\/div>\n                                            <\/div>\n                <\/div>\n            <\/div>\n        \n    <\/div>\n<\/div>\n[\/vc_column][\/vc_row][vc_row full_width=&#8221;stretch_row_content_no_spaces&#8221; el_class=&#8221;text-align-center&#8221;][vc_column]<div class=\"container\">\n\t<div class=\"usability-tips-and-secrets-module desktop--only--md\">\n\n\t\t<div class=\"usability-tips-and-secrets-module-content-wrapper full-width-container\">\n\n\t\t\t\n\t\t\t\t\t\t\t<div class=\"usability-tips-and-secrets-module-content usability-tips-and-secrets-module-content--bordered margin-top-between-modules\">\n\t\t\t\t\t\t\t\t\t\t\t<h2 class=\"uppercase black\">Como usar<\/h2>\n\t\t\t\t\t\n\t\t\t\t\t\t\t\t\t\t\t<p>Esta gama deve ser usada apenas uma vez por semana, e alternada com outra gama Avani adequada ao tipo de cabelo. 1) Massajar continuamente o Shampoo no couro cabeludo com a ponta dos dedos at\u00e9 o sentir limpo; 2) Enxaguar bem; 3) Repita o procedimento; 4) Ap\u00f3s tirar o excesso de \u00e1gua, aplicar a m\u00e1scara madeixa a madeixa; 5) Deixar actuar pelo menos durante 4 minutos; 6) Aplicar o Condicionador nas pontas para uma selagem perfeita; 7) Deixar actuar um minuto; 8) Enxaguar bem.<\/p>\n\n\t\t\t\t\t\t\t\t\t<\/div>\n\t\t\t\n\t\t\t\t\t<\/div>\n\t<\/div>\n\n\t\t\t<div class=\"mobile--only--md usability-tips-and-secrets-module text-align-center margin-top-between-modules usability-tips-and-secrets-module-video\">\n\t\t\t\t\t<\/div>\n\t\n\t\t\t<div class=\"accordion accordion-successive  js-accordion not-found mobile--only--md usability-tips-and-secrets-module text-align-center margin-top-between-modules back_color\">\n\t\t\t<div class=\"accordion-container\">\n\t\t\t\t<div class=\"accordion-question space-between\">\n\t\t\t\t\t\t\t\t\t\t\t<h3 class=\"accordion-question-title uppercase back_color\">\n\t\t\t\t\t\t\tComo usar\n\t\t\t\t\t\t<\/h3>\n\t\t\t\t\t\n\t\t\t\t\t<span class=\"accordion-arrow back_color\">&emsp;<\/span>\n\t\t\t\t<\/div>\n\t\t\t\t<div class=\"accordion-answer\">\n\t\t\t\t\t\t\t\t\t\t\t<div class=\"usability-tips-and-secrets-module-content\">\n\t\t\t\t\t\t\t<p>Esta gama deve ser usada apenas uma vez por semana, e alternada com outra gama Avani adequada ao tipo de cabelo. 1) Massajar continuamente o Shampoo no couro cabeludo com a ponta dos dedos at\u00e9 o sentir limpo; 2) Enxaguar bem; 3) Repita o procedimento; 4) Ap\u00f3s tirar o excesso de \u00e1gua, aplicar a m\u00e1scara madeixa a madeixa; 5) Deixar actuar pelo menos durante 4 minutos; 6) Aplicar o Condicionador nas pontas para uma selagem perfeita; 7) Deixar actuar um minuto; 8) Enxaguar bem.<\/p>\n\n\t\t\t\t\t\t<\/div>\n\t\t\t\t\t\t\t\t\t<\/div>\n\t\t\t<\/div>\n\t\t<\/div>\n\t\n\t<\/div>\n[\/vc_column][\/vc_row][vc_row full_width=&#8221;stretch_row_content_no_spaces&#8221; el_class=&#8221;text-align-center&#8221;][vc_column]<div class=\"container \">\n\n    <div class=\"content-default-module text-align-center margin-top-between-modules\n        \n        \n        \n        \n        \n        \n        desktop--only--md\"\n        style=\"margin-bottom: 0px;\"\n    >\n\n                <div class=\"content-default-module-titles\">\n                            <h2 class=\"content-default-module-title uppercase black\">Detalhes<\/h2>\n            \n                    <\/div>\n        \n                    <div class=\"content-default-module-content\">\n                <p><strong>A Gama Black Platinum Pro \u00e9 composta por:<\/strong><\/p>\n<p><a href=\"https:\/\/www.avani.pt\/p\/shampoo-moon-light-especial-grisalhos-e-brancos-250-ml\/\">Shampoo Black Platinum Pro 250 ml<\/a><\/p>\n<p><a href=\"https:\/\/www.avani.pt\/p\/condicionador-moon-light-especial-grisalhos-e-brancos-250-ml\/\">Condicionador Black Platinum Pro 250ml<\/a><\/p>\n<p><a href=\"https:\/\/www.avani.pt\/p\/mascara-black-platinum-pro-500-ml-neutralizante-amarelos-e-grisalhos\/\">M\u00e1scara Black Platinum Pro 500ml<\/a><\/p>\n\n            <\/div>\n        \n        \n        \n\n        \n\n\n    <\/div>\n\n\n            <div class=\"accordion accordion-successive   js-accordion not-found mobile--only--md content-default-module text-align-center margin-top-between-modules back_color\">\n            <div class=\"accordion-container\">\n                <div class=\"accordion-question space-between\">\n                                            <h3 class=\"accordion-question-title uppercase back_color\">\n                            Detalhes\n                        <\/h3>\n                                        <span class=\"accordion-arrow back_color\">&emsp;<\/span>\n                <\/div>\n                <div class=\"accordion-answer\">\n                    \n                                            <div class=\"content-default-module-content\">\n                            <p><strong>A Gama Black Platinum Pro \u00e9 composta por:<\/strong><\/p>\n<p><a href=\"https:\/\/www.avani.pt\/p\/shampoo-moon-light-especial-grisalhos-e-brancos-250-ml\/\">Shampoo Black Platinum Pro 250 ml<\/a><\/p>\n<p><a href=\"https:\/\/www.avani.pt\/p\/condicionador-moon-light-especial-grisalhos-e-brancos-250-ml\/\">Condicionador Black Platinum Pro 250ml<\/a><\/p>\n<p><a href=\"https:\/\/www.avani.pt\/p\/mascara-black-platinum-pro-500-ml-neutralizante-amarelos-e-grisalhos\/\">M\u00e1scara Black Platinum Pro 500ml<\/a><\/p>\n\n                        <\/div>\n                    \n                    \n                                    <\/div>\n            <\/div>\n        <\/div>\n    \n<\/div>\n[\/vc_column][\/vc_row][vc_row][vc_column]<div class=\"tip-products margin-top-between-modules default\">\n    <div class=\"container\">\n                    <h2 class=\"title\">\n                Comprar separadamente\n            <\/h2>\n        \n        \n        <div class=\"products-container\">\n                    <\/div>\n\n    <\/div>\n<\/div>\n[\/vc_column][\/vc_row]<\/p>\n<\/div>","protected":false},"excerpt":{"rendered":"<p>Vegan Carbon Black range specially designed to neutralize yellows and greys. It has neutralizing and tinting properties, i.e. it allows the hair to deoxidize (remove yellow tones). Suitable for natural blonde, bleached and gray hair with intense oxidation.  <\/p>\n","protected":false},"featured_media":75665,"comment_status":"open","ping_status":"closed","template":"","meta":{"_acf_changed":false},"product_brand":[],"product_cat":[419,561,459,578,560,426,579],"product_tag":[],"class_list":{"0":"post-78241","1":"product","2":"type-product","3":"status-publish","4":"has-post-thumbnail","6":"product_cat-argan-oil","7":"product_cat-black-platinum-pro-professional-tint","8":"product_cat-care","9":"product_cat-games","10":"product_cat-gray-white-blond-hair","11":"product_cat-hair","12":"product_cat-ranges-hair","14":"first","15":"instock","16":"taxable","17":"shipping-taxable","18":"purchasable","19":"product-type-simple"},"acf":[],"wooqr_code":"","_links":{"self":[{"href":"https:\/\/www.avani.pt\/en\/wp-json\/wp\/v2\/product\/78241","targetHints":{"allow":["GET"]}}],"collection":[{"href":"https:\/\/www.avani.pt\/en\/wp-json\/wp\/v2\/product"}],"about":[{"href":"https:\/\/www.avani.pt\/en\/wp-json\/wp\/v2\/types\/product"}],"replies":[{"embeddable":true,"href":"https:\/\/www.avani.pt\/en\/wp-json\/wp\/v2\/comments?post=78241"}],"wp:featuredmedia":[{"embeddable":true,"href":"https:\/\/www.avani.pt\/en\/wp-json\/wp\/v2\/media\/75665"}],"wp:attachment":[{"href":"https:\/\/www.avani.pt\/en\/wp-json\/wp\/v2\/media?parent=78241"}],"wp:term":[{"taxonomy":"product_brand","embeddable":true,"href":"https:\/\/www.avani.pt\/en\/wp-json\/wp\/v2\/product_brand?post=78241"},{"taxonomy":"product_cat","embeddable":true,"href":"https:\/\/www.avani.pt\/en\/wp-json\/wp\/v2\/product_cat?post=78241"},{"taxonomy":"product_tag","embeddable":true,"href":"https:\/\/www.avani.pt\/en\/wp-json\/wp\/v2\/product_tag?post=78241"}],"curies":[{"name":"wp","href":"https:\/\/api.w.org\/{rel}","templated":true}]}}