{"id":78271,"date":"2022-11-14T17:27:59","date_gmt":"2022-11-14T17:27:59","guid":{"rendered":"https:\/\/www.avani.pt\/p\/oily-scalp-and-dry-ends-treatment-luxury-haircare\/"},"modified":"2025-10-21T11:59:17","modified_gmt":"2025-10-21T10:59:17","slug":"oily-scalp-and-dry-ends-treatment-luxury-haircare","status":"publish","type":"product","link":"https:\/\/www.avani.pt\/en\/p\/oily-scalp-and-dry-ends-treatment-luxury-haircare\/","title":{"rendered":"Oily scalp and dry ends treatment | Luxury Haircare"},"content":{"rendered":"<div class=\"wpb-content-wrapper\"><p>[vc_row full_width=&#8221;stretch_row_content_no_spaces&#8221; el_class=&#8221;text-align-center&#8221;][vc_column]<div class=\"stars-of-product-module-wrapper margin-top-between-modules\">\n    <img decoding=\"async\" class=\"stars-of-product-module-left-image-design\" src=\"\/dist\/images\/stars_product_module_design.png\">\n    <img decoding=\"async\" class=\"stars-of-product-module-right-image-design\" src=\"\/dist\/images\/stars_product_module_design.png\">\n\n    <div class=\"container\">\n\n        <div class=\"stars-of-product-module text-align-center  desktop--only--md\">\n\n                            <div class=\"star-rating\">\n                                            <i class=\"fa fa-star\"><\/i>\n                                            <i class=\"fa fa-star\"><\/i>\n                                            <i class=\"fa fa-star\"><\/i>\n                                            <i class=\"fa fa-star\"><\/i>\n                                            <i class=\"fa fa-star\"><\/i>\n                                    <\/div>\n            \n                            <div class=\"stars-of-product-module-titles\">\n                                            <h2 class=\"stars-of-product-module-title black uppercase back_color\">The Product Stars<\/h2>\n                                    <\/div>\n            \n                            <div class=\"stars-of-product-module-content\">\n                    <p>It&#8217;s very difficult to solve the problem of oily roots and dry ends because people usually either focus on treating the excess oil by using specific products for oily hair which then dehydrate the ends; or when they notice that the middle and ends are very dry, they just use more nourishing products which make the oiliness problem even worse. In other words, if you only focus on one of these problems, there&#8217;s a good chance you&#8217;ll aggravate the other. In general, we recommend using products rich in natural ingredients and oils that purify the scalp and moisturize the middle and ends of the hair at the same time. This treatment is based on the Panchali Range enriched with Organic Saffron. This is one of the most valuable spices in the world, as it takes approximately 150 flowers to extract one gram of dried saffron. Saffron is very rich in antioxidants with numerous benefits for hair health such as: resistance, slowing down hair aging, color fixation, soothing effect and also a natural antibacterial for the scalp. According to Ayurvedic medicine, saffron also has the power to balance the vata (ether and air), pitta (fire and water) and kapha (water and earth) doshas.      <span class=\"Apple-converted-space\">  <\/span>which symbolize the physical manifestation of the 5 elements present in our body (ether, air, fire, water and earth). Organic saffron is present in the Panchali range, the basis of the treatment we recommend for hair with oily roots and dry ends. <b>This treatment includes<\/b> the <b>Panchali Shampoo <\/b>with 98% ingredients of natural origin cleanses the scalp very gently, removing excess oil without stripping the hair of its natural characteristics; the <b>Cold Effect Purifying Cream which <\/b>helps control excess oil, impurities, irritation, itching and balances the scalp&#8217;s microbiota; the <b>Panchali Mask <\/b>, enriched with 99% ingredients of natural origin, nourishes the entire length of the hair fiber, preventing dehydration, does not weigh the hair down and adds density and strength to the hair fiber; the <b>Panchali Conditioner <\/b>which      <b> <\/b>has a nourishing effect, seals the cuticles, preventing the ends from becoming too dry and brittle, is also enriched with more than 99% ingredients of natural origin and does not weigh the hair down; <b>Ganesh Thermic <\/b>with repairing properties conditions, detangles making it easier to use brushes and thermal tools, helps maintain the hairstyle and prevents split ends, does not weigh the hair down; <b>Prana Oil <\/b>rich in many natural oils helps nourish the mid-lengths and ends of the hair, providing visible health as well as protection, strength and resistance. Contributes greatly to the problem of dry ends. <\/p>\n\n                <\/div>\n            \n        <\/div>\n\n\n                    <div class=\"accordion   accordion-successive-first js-accordion not-found mobile--only--md stars-of-product-module text-align-center margin-top-between-modules back_color\">\n                <div class=\"accordion-container\">\n                    <div class=\"accordion-question space-between\">\n                                                    <h3 class=\"accordion-question-title uppercase back_color\">\n                                As Estrelas do Produtos\n                            <\/h3>\n                                                <span class=\"accordion-arrow back_color\">&emsp;<\/span>\n                    <\/div>\n                    <div class=\"accordion-answer\">\n\n                                                    <div class=\"star-rating\">\n                                                            <\/div>\n                        \n                                                    <div class=\"stars-of-product-module-content\">\n                                <p>It&#8217;s very difficult to solve the problem of oily roots and dry ends because people usually either focus on treating the excess oil by using specific products for oily hair which then dehydrate the ends; or when they notice that the middle and ends are very dry, they just use more nourishing products which make the oiliness problem even worse. In other words, if you only focus on one of these problems, there&#8217;s a good chance you&#8217;ll aggravate the other. In general, we recommend using products rich in natural ingredients and oils that purify the scalp and moisturize the middle and ends of the hair at the same time. This treatment is based on the Panchali Range enriched with Organic Saffron. This is one of the most valuable spices in the world, as it takes approximately 150 flowers to extract one gram of dried saffron. Saffron is very rich in antioxidants with numerous benefits for hair health such as: resistance, slowing down hair aging, color fixation, soothing effect and also a natural antibacterial for the scalp. According to Ayurvedic medicine, saffron also has the power to balance the vata (ether and air), pitta (fire and water) and kapha (water and earth) doshas.      <span class=\"Apple-converted-space\">  <\/span>which symbolize the physical manifestation of the 5 elements present in our body (ether, air, fire, water and earth). Organic saffron is present in the Panchali range, the basis of the treatment we recommend for hair with oily roots and dry ends. <b>This treatment includes<\/b> the <b>Panchali Shampoo <\/b>with 98% ingredients of natural origin cleanses the scalp very gently, removing excess oil without stripping the hair of its natural characteristics; the <b>Cold Effect Purifying Cream which <\/b>helps control excess oil, impurities, irritation, itching and balances the scalp&#8217;s microbiota; the <b>Panchali Mask <\/b>, enriched with 99% ingredients of natural origin, nourishes the entire length of the hair fiber, preventing dehydration, does not weigh the hair down and adds density and strength to the hair fiber; the <b>Panchali Conditioner <\/b>which      <b> <\/b>has a nourishing effect, seals the cuticles, preventing the ends from becoming too dry and brittle, is also enriched with more than 99% ingredients of natural origin and does not weigh the hair down; <b>Ganesh Thermic <\/b>with repairing properties conditions, detangles making it easier to use brushes and thermal tools, helps maintain the hairstyle and prevents split ends, does not weigh the hair down; <b>Prana Oil <\/b>rich in many natural oils helps nourish the mid-lengths and ends of the hair, providing visible health as well as protection, strength and resistance. Contributes greatly to the problem of dry ends. <\/p>\n\n                            <\/div>\n                                            <\/div>\n                <\/div>\n            <\/div>\n        \n    <\/div>\n<\/div>\n[\/vc_column][\/vc_row][vc_row full_width=&#8221;stretch_row_content_no_spaces&#8221; el_class=&#8221;text-align-center&#8221;][vc_column]<div class=\"container\">\n\t<div class=\"usability-tips-and-secrets-module desktop--only--md\">\n\n\t\t<div class=\"usability-tips-and-secrets-module-content-wrapper full-width-container\">\n\n\t\t\t\n\t\t\t\t\t\t\t<div class=\"usability-tips-and-secrets-module-content usability-tips-and-secrets-module-content--bordered margin-top-between-modules\">\n\t\t\t\t\t\t\t\t\t\t\t<h2 class=\"uppercase black\">Como usar<\/h2>\n\t\t\t\t\t\n\t\t\t\t\t\t\t\t\t\t\t<p>1) Massajar continuamente o Shampoo Panchali no couro cabeludo com a ponta dos dedos at\u00e9 o sentir limpo. Enxaguar bem. Repita o procedimento. Nota: N\u00e3o esfregar o shampoo nos meios e pontas, basta fazer movimentos verticais enluvando a espuma at\u00e9 \u00e0s pontas para n\u00e3o o agredir. 2) Ap\u00f3s tirar o excesso de \u00e1gua, aplicar a m\u00e1scara madeira a madeixa. Deixar actuar pelo menos durante 4 minutos e enxaguar. 3) Aplicar o Condicionador nas pontas para uma selagem perfeita, deixar actuar um minuto e depois enxaguar bem. 4) Fora do banho, ap\u00f3s a lavagem capilar, colocar uma quantidade equivalente a uma ervilha do leite Ganesh Thermic na palma das m\u00e3os, espalhar bem como se fosse um creme de m\u00e3os e distribuir nos cabelos insistindo nos meios e pontas para evitar a sua desidrata\u00e7\u00e3o. 5) J\u00e1 em cabelos secos colocar uma quantidade equivalente a uma ervilha na palma das m\u00e3os, espalhar bem como se fosse um creme de m\u00e3os e distribuir nos cabelos insistindo nos meios e pontas. Deve preferencialmente ser aplicado uma vez diariamente. 6) Aplique o Creme Purificante Cold effect uma vez por semana. No dia em que o aplicar fa\u00e7o-o depois do shampoo e antes da m\u00e1scara. Aplique-o no couro cabeludo com a ajuda de um pincel ou esp\u00e1tula. Massaje bem. Sem enxaguar, aplique em simult\u00e2neo a m\u00e1scara capilar Panchali nos meios e pontas. Deixe atuar ambos durante 4 minutos. Enxaguar bem.<\/p>\n\n\t\t\t\t\t\t\t\t\t<\/div>\n\t\t\t\n\t\t\t\t\t<\/div>\n\t<\/div>\n\n\t\t\t<div class=\"mobile--only--md usability-tips-and-secrets-module text-align-center margin-top-between-modules usability-tips-and-secrets-module-video\">\n\t\t\t\t\t<\/div>\n\t\n\t\t\t<div class=\"accordion accordion-successive  js-accordion not-found mobile--only--md usability-tips-and-secrets-module text-align-center margin-top-between-modules back_color\">\n\t\t\t<div class=\"accordion-container\">\n\t\t\t\t<div class=\"accordion-question space-between\">\n\t\t\t\t\t\t\t\t\t\t\t<h3 class=\"accordion-question-title uppercase back_color\">\n\t\t\t\t\t\t\tComo usar\n\t\t\t\t\t\t<\/h3>\n\t\t\t\t\t\n\t\t\t\t\t<span class=\"accordion-arrow back_color\">&emsp;<\/span>\n\t\t\t\t<\/div>\n\t\t\t\t<div class=\"accordion-answer\">\n\t\t\t\t\t\t\t\t\t\t\t<div class=\"usability-tips-and-secrets-module-content\">\n\t\t\t\t\t\t\t<p>1) Massajar continuamente o Shampoo Panchali no couro cabeludo com a ponta dos dedos at\u00e9 o sentir limpo. Enxaguar bem. Repita o procedimento. Nota: N\u00e3o esfregar o shampoo nos meios e pontas, basta fazer movimentos verticais enluvando a espuma at\u00e9 \u00e0s pontas para n\u00e3o o agredir. 2) Ap\u00f3s tirar o excesso de \u00e1gua, aplicar a m\u00e1scara madeira a madeixa. Deixar actuar pelo menos durante 4 minutos e enxaguar. 3) Aplicar o Condicionador nas pontas para uma selagem perfeita, deixar actuar um minuto e depois enxaguar bem. 4) Fora do banho, ap\u00f3s a lavagem capilar, colocar uma quantidade equivalente a uma ervilha do leite Ganesh Thermic na palma das m\u00e3os, espalhar bem como se fosse um creme de m\u00e3os e distribuir nos cabelos insistindo nos meios e pontas para evitar a sua desidrata\u00e7\u00e3o. 5) J\u00e1 em cabelos secos colocar uma quantidade equivalente a uma ervilha na palma das m\u00e3os, espalhar bem como se fosse um creme de m\u00e3os e distribuir nos cabelos insistindo nos meios e pontas. Deve preferencialmente ser aplicado uma vez diariamente. 6) Aplique o Creme Purificante Cold effect uma vez por semana. No dia em que o aplicar fa\u00e7o-o depois do shampoo e antes da m\u00e1scara. Aplique-o no couro cabeludo com a ajuda de um pincel ou esp\u00e1tula. Massaje bem. Sem enxaguar, aplique em simult\u00e2neo a m\u00e1scara capilar Panchali nos meios e pontas. Deixe atuar ambos durante 4 minutos. Enxaguar bem.<\/p>\n\n\t\t\t\t\t\t<\/div>\n\t\t\t\t\t\t\t\t\t<\/div>\n\t\t\t<\/div>\n\t\t<\/div>\n\t\n\t<\/div>\n[\/vc_column][\/vc_row][vc_row full_width=&#8221;stretch_row_content_no_spaces&#8221; el_class=&#8221;text-align-center&#8221;][vc_column]<div class=\"container \">\n\n    <div class=\"content-default-module text-align-center margin-top-between-modules\n        \n        \n        \n        \n        \n        \n        desktop--only--md\"\n        style=\"margin-bottom: 0px;\"\n    >\n\n                <div class=\"content-default-module-titles\">\n                            <h2 class=\"content-default-module-title uppercase black\">Dicas &amp; Segredos<\/h2>\n            \n                    <\/div>\n        \n                    <div class=\"content-default-module-content\">\n                <p>Para um couro cabeludo extremamente sens\u00edvel colocar quatro gotas de <a href=\"https:\/\/www.avani.pt\/p\/oleo-melaleuca-tea-tree-10ml\/\">\u00f3leo de melaleuca<\/a> no shampoo e agitar bem.<\/p>\n\n            <\/div>\n        \n        \n        \n\n        \n\n\n    <\/div>\n\n\n            <div class=\"accordion accordion-successive   js-accordion not-found mobile--only--md content-default-module text-align-center margin-top-between-modules back_color\">\n            <div class=\"accordion-container\">\n                <div class=\"accordion-question space-between\">\n                                            <h3 class=\"accordion-question-title uppercase back_color\">\n                            Dicas &amp; Segredos\n                        <\/h3>\n                                        <span class=\"accordion-arrow back_color\">&emsp;<\/span>\n                <\/div>\n                <div class=\"accordion-answer\">\n                    \n                                            <div class=\"content-default-module-content\">\n                            <p>Para um couro cabeludo extremamente sens\u00edvel colocar quatro gotas de <a href=\"https:\/\/www.avani.pt\/p\/oleo-melaleuca-tea-tree-10ml\/\">\u00f3leo de melaleuca<\/a> no shampoo e agitar bem.<\/p>\n\n                        <\/div>\n                    \n                    \n                                    <\/div>\n            <\/div>\n        <\/div>\n    \n<\/div>\n<div class=\"container \">\n\n    <div class=\"content-default-module text-align-center margin-top-between-modules\n        \n        \n        \n        \n        \n        \n        desktop--only--md\"\n        style=\"margin-bottom: 0px;\"\n    >\n\n                <div class=\"content-default-module-titles\">\n                            <h2 class=\"content-default-module-title uppercase black\">Detalhes<\/h2>\n            \n                    <\/div>\n        \n                    <div class=\"content-default-module-content\">\n                <p><a href=\"https:\/\/www.avani.pt\/p\/shampoo-fortificante-apaziguador-acafrao-panchali-250ml-vegan\/\">Shampoo Panchali<\/a><\/p>\n<p><a href=\"https:\/\/www.avani.pt\/p\/mascara-cold-effect-anticaspa-indian-hair-500ml\/\">Creme Purificante Cold Effect<\/a><\/p>\n<p><a href=\"https:\/\/www.avani.pt\/p\/mascara-fortificante-apaziguadora-acafrao-panchali-500ml-vegan\/\">M\u00e1scara Panchali<\/a><\/p>\n<p><a href=\"https:\/\/www.avani.pt\/p\/condicionador-fortificante-apaziguador-acafrao-panchali-250ml-vegan\/\">Condicionador Panchali<\/a><\/p>\n<p><a href=\"https:\/\/www.avani.pt\/p\/spray-ganesh-protetor-termico-e-uv-250-ml\/\">Ganesh Thermic<\/a><\/p>\n<p><a href=\"https:\/\/www.avani.pt\/p\/oleo-capilar-argan-e-macadamia-nutritivo-cabelos-secos-250ml\/\">Prana Oil<\/a><\/p>\n\n            <\/div>\n        \n        \n        \n\n        \n\n\n    <\/div>\n\n\n            <div class=\"accordion accordion-successive   js-accordion not-found mobile--only--md content-default-module text-align-center margin-top-between-modules back_color\">\n            <div class=\"accordion-container\">\n                <div class=\"accordion-question space-between\">\n                                            <h3 class=\"accordion-question-title uppercase back_color\">\n                            Detalhes\n                        <\/h3>\n                                        <span class=\"accordion-arrow back_color\">&emsp;<\/span>\n                <\/div>\n                <div class=\"accordion-answer\">\n                    \n                                            <div class=\"content-default-module-content\">\n                            <p><a href=\"https:\/\/www.avani.pt\/p\/shampoo-fortificante-apaziguador-acafrao-panchali-250ml-vegan\/\">Shampoo Panchali<\/a><\/p>\n<p><a href=\"https:\/\/www.avani.pt\/p\/mascara-cold-effect-anticaspa-indian-hair-500ml\/\">Creme Purificante Cold Effect<\/a><\/p>\n<p><a href=\"https:\/\/www.avani.pt\/p\/mascara-fortificante-apaziguadora-acafrao-panchali-500ml-vegan\/\">M\u00e1scara Panchali<\/a><\/p>\n<p><a href=\"https:\/\/www.avani.pt\/p\/condicionador-fortificante-apaziguador-acafrao-panchali-250ml-vegan\/\">Condicionador Panchali<\/a><\/p>\n<p><a href=\"https:\/\/www.avani.pt\/p\/spray-ganesh-protetor-termico-e-uv-250-ml\/\">Ganesh Thermic<\/a><\/p>\n<p><a href=\"https:\/\/www.avani.pt\/p\/oleo-capilar-argan-e-macadamia-nutritivo-cabelos-secos-250ml\/\">Prana Oil<\/a><\/p>\n\n                        <\/div>\n                    \n                    \n                                    <\/div>\n            <\/div>\n        <\/div>\n    \n<\/div>\n<div class=\"tip-products margin-top-between-modules default\">\n    <div class=\"container\">\n                    <h2 class=\"title\">\n                COMPRAR INDIVIDUALMENTE\n            <\/h2>\n        \n        \n        <div class=\"products-container\">\n                    <\/div>\n\n    <\/div>\n<\/div>\n[\/vc_column][\/vc_row]<\/p>\n<\/div>","protected":false},"excerpt":{"rendered":"<p>Composed of six products. It&#8217;s a combination of products that will treat excess oil at the roots without dehydrating the mid-lengths and ends. Made up of moisturizing and nourishing products enriched with natural ingredients to nourish the mid-lengths and ends and prevent hair dehydration.  <\/p>\n","protected":false},"featured_media":76713,"comment_status":"open","ping_status":"closed","template":"","meta":{"_acf_changed":false},"product_brand":[],"product_cat":[468,459,478,469,447,533,467],"product_tag":[],"class_list":{"0":"post-78271","1":"product","2":"type-product","3":"status-publish","4":"has-post-thumbnail","6":"product_cat-avani-exclusives","7":"product_cat-care","8":"product_cat-fine-hair-exclusive-avani-treatments","9":"product_cat-medium-thick-hair-exclusive-avani-treatments","10":"product_cat-scalp-problems","11":"product_cat-scalp-problems-exclusive-avani-treatments","12":"product_cat-treatments","14":"first","15":"instock","16":"taxable","17":"shipping-taxable","18":"purchasable","19":"product-type-simple"},"acf":[],"wooqr_code":"","_links":{"self":[{"href":"https:\/\/www.avani.pt\/en\/wp-json\/wp\/v2\/product\/78271","targetHints":{"allow":["GET"]}}],"collection":[{"href":"https:\/\/www.avani.pt\/en\/wp-json\/wp\/v2\/product"}],"about":[{"href":"https:\/\/www.avani.pt\/en\/wp-json\/wp\/v2\/types\/product"}],"replies":[{"embeddable":true,"href":"https:\/\/www.avani.pt\/en\/wp-json\/wp\/v2\/comments?post=78271"}],"wp:featuredmedia":[{"embeddable":true,"href":"https:\/\/www.avani.pt\/en\/wp-json\/wp\/v2\/media\/76713"}],"wp:attachment":[{"href":"https:\/\/www.avani.pt\/en\/wp-json\/wp\/v2\/media?parent=78271"}],"wp:term":[{"taxonomy":"product_brand","embeddable":true,"href":"https:\/\/www.avani.pt\/en\/wp-json\/wp\/v2\/product_brand?post=78271"},{"taxonomy":"product_cat","embeddable":true,"href":"https:\/\/www.avani.pt\/en\/wp-json\/wp\/v2\/product_cat?post=78271"},{"taxonomy":"product_tag","embeddable":true,"href":"https:\/\/www.avani.pt\/en\/wp-json\/wp\/v2\/product_tag?post=78271"}],"curies":[{"name":"wp","href":"https:\/\/api.w.org\/{rel}","templated":true}]}}