{"id":78275,"date":"2022-12-21T18:02:36","date_gmt":"2022-12-21T18:02:36","guid":{"rendered":"https:\/\/www.avani.pt\/p\/black-platinum-pro-mask-500-ml-yellow-and-gray-neutralizer\/"},"modified":"2026-04-29T17:19:50","modified_gmt":"2026-04-29T16:19:50","slug":"black-platinum-pro-mask-500-ml-yellow-and-gray-neutralizer","status":"publish","type":"product","link":"https:\/\/www.avani.pt\/en\/p\/black-platinum-pro-mask-500-ml-yellow-and-gray-neutralizer\/","title":{"rendered":"Black Platinum Pro Mask 500 ml | Yellow and Gray Neutralizer"},"content":{"rendered":"<div class=\"wpb-content-wrapper\"><p>[vc_row full_width=&#8221;stretch_row_content_no_spaces&#8221; el_class=&#8221;text-align-center&#8221;][vc_column]<div class=\"stars-of-product-module-wrapper margin-top-between-modules\">\n    <img decoding=\"async\" class=\"stars-of-product-module-left-image-design\" src=\"\/dist\/images\/stars_product_module_design.png\">\n    <img decoding=\"async\" class=\"stars-of-product-module-right-image-design\" src=\"\/dist\/images\/stars_product_module_design.png\">\n\n    <div class=\"container\">\n\n        <div class=\"stars-of-product-module text-align-center  desktop--only--md\">\n\n                            <div class=\"star-rating\">\n                                            <i class=\"fa fa-star\"><\/i>\n                                            <i class=\"fa fa-star\"><\/i>\n                                            <i class=\"fa fa-star\"><\/i>\n                                            <i class=\"fa fa-star\"><\/i>\n                                            <i class=\"fa fa-star\"><\/i>\n                                    <\/div>\n            \n                            <div class=\"stars-of-product-module-titles\">\n                                            <h2 class=\"stars-of-product-module-title black uppercase back_color\">The Product Stars<\/h2>\n                                    <\/div>\n            \n                            <div class=\"stars-of-product-module-content\">\n                    <p>It has neutralizing and tinting properties, i.e. it allows the hair to deoxidize (remove yellow tones). This mask promotes gentle nourishment, giving you a beautiful, uniform and long-lasting platinum color &#8211; it leaves hair soft, silky and manageable. It is suitable for natural blonde, bleached and gray hair with intense<br \/>\noxidation (technical work or sun exposure).  <\/p>\n\n                <\/div>\n            \n        <\/div>\n\n\n                    <div class=\"accordion   accordion-successive-first js-accordion not-found mobile--only--md stars-of-product-module text-align-center margin-top-between-modules back_color\">\n                <div class=\"accordion-container\">\n                    <div class=\"accordion-question space-between\">\n                                                    <h3 class=\"accordion-question-title uppercase back_color\">\n                                As Estrelas do Produto\n                            <\/h3>\n                                                <span class=\"accordion-arrow back_color\">&emsp;<\/span>\n                    <\/div>\n                    <div class=\"accordion-answer\">\n\n                                                    <div class=\"star-rating\">\n                                                                    <i class=\"fa fa-star\"><\/i>\n                                                                    <i class=\"fa fa-star\"><\/i>\n                                                                    <i class=\"fa fa-star\"><\/i>\n                                                                    <i class=\"fa fa-star\"><\/i>\n                                                                    <i class=\"fa fa-star\"><\/i>\n                                                            <\/div>\n                        \n                                                    <div class=\"stars-of-product-module-content\">\n                                <p>It has neutralizing and tinting properties, i.e. it allows the hair to deoxidize (remove yellow tones). This mask promotes gentle nourishment, giving you a beautiful, uniform and long-lasting platinum color &#8211; it leaves hair soft, silky and manageable. It is suitable for natural blonde, bleached and gray hair with intense<br \/>\noxidation (technical work or sun exposure).  <\/p>\n\n                            <\/div>\n                                            <\/div>\n                <\/div>\n            <\/div>\n        \n    <\/div>\n<\/div>\n[\/vc_column][\/vc_row][vc_row full_width=&#8221;stretch_row_content_no_spaces&#8221; el_class=&#8221;text-align-center&#8221;][vc_column]<div class=\"container\">\n\t<div class=\"usability-tips-and-secrets-module desktop--only--md\">\n\n\t\t<div class=\"usability-tips-and-secrets-module-content-wrapper full-width-container\">\n\n\t\t\t\n\t\t\t\t\t\t\t<div class=\"usability-tips-and-secrets-module-content usability-tips-and-secrets-module-content--bordered margin-top-between-modules\">\n\t\t\t\t\t\t\t\t\t\t\t<h2 class=\"uppercase black\">Como usar<\/h2>\n\t\t\t\t\t\n\t\t\t\t\t\t\t\t\t\t\t<p>Ap\u00f3s a lavagem com o shampoo retirar o excesso de \u00e1gua; aplicar a m\u00e1scara madeixa a madeixa deixando actuar pelo menos durante 4 minutos e enxaguar. Para melhores resultados recomendamos que utilize a gama completa.  Para melhor utiliza\u00e7\u00e3o da M\u00e1scara Moon Light leia as precau\u00e7\u00f5es de utiliza\u00e7\u00e3o nos Detalhes.<\/p>\n\n\t\t\t\t\t\t\t\t\t<\/div>\n\t\t\t\n\t\t\t\t\t<\/div>\n\t<\/div>\n\n\t\n\t\t\t<div class=\"accordion accordion-successive  js-accordion not-found mobile--only--md usability-tips-and-secrets-module text-align-center margin-top-between-modules back_color\">\n\t\t\t<div class=\"accordion-container\">\n\t\t\t\t<div class=\"accordion-question space-between\">\n\t\t\t\t\t\t\t\t\t\t\t<h3 class=\"accordion-question-title uppercase back_color\">\n\t\t\t\t\t\t\tComo usar\n\t\t\t\t\t\t<\/h3>\n\t\t\t\t\t\n\t\t\t\t\t<span class=\"accordion-arrow back_color\">&emsp;<\/span>\n\t\t\t\t<\/div>\n\t\t\t\t<div class=\"accordion-answer\">\n\t\t\t\t\t\t\t\t\t\t\t<div class=\"usability-tips-and-secrets-module-content\">\n\t\t\t\t\t\t\t<p>Ap\u00f3s a lavagem com o shampoo retirar o excesso de \u00e1gua; aplicar a m\u00e1scara madeixa a madeixa deixando actuar pelo menos durante 4 minutos e enxaguar. Para melhores resultados recomendamos que utilize a gama completa.  Para melhor utiliza\u00e7\u00e3o da M\u00e1scara Moon Light leia as precau\u00e7\u00f5es de utiliza\u00e7\u00e3o nos Detalhes.<\/p>\n\n\t\t\t\t\t\t<\/div>\n\t\t\t\t\t\t\t\t\t<\/div>\n\t\t\t<\/div>\n\t\t<\/div>\n\t\n\t<\/div>\n[\/vc_column][\/vc_row][vc_row full_width=&#8221;stretch_row_content_no_spaces&#8221; el_class=&#8221;text-align-center&#8221;][vc_column]<div class=\"container \">\n\n    <div class=\"content-default-module text-align-center margin-top-between-modules\n        \n        \n        \n        \n        \n        \n        desktop--only--md\"\n        style=\"margin-bottom: 0px;\"\n    >\n\n                <div class=\"content-default-module-titles\">\n                            <h2 class=\"content-default-module-title uppercase black\">Dicas &amp; Segredos<\/h2>\n            \n                    <\/div>\n        \n                    <div class=\"content-default-module-content\">\n                <p>Para uma neutraliza\u00e7\u00e3o mais leve, misturar uma pequena quantidade de m\u00e1scara Moon Light com a m\u00e1scara Indian Hair Vitaminada.<\/p>\n<p>Veja os produtos recomendados:<br \/>\n<a href=\"https:\/\/www.avani.pt\/p\/mascara-vitaminada-fortificante-indian-hair-500-ml-amla\/\">M\u00e1scara Indian Hair Vitaminada 500 ml<\/a><\/p>\n\n            <\/div>\n        \n        \n        \n\n        \n\n\n    <\/div>\n\n\n            <div class=\"accordion accordion-successive   js-accordion not-found mobile--only--md content-default-module text-align-center margin-top-between-modules back_color\">\n            <div class=\"accordion-container\">\n                <div class=\"accordion-question space-between\">\n                                            <h3 class=\"accordion-question-title uppercase back_color\">\n                            Dicas &amp; Segredos\n                        <\/h3>\n                                        <span class=\"accordion-arrow back_color\">&emsp;<\/span>\n                <\/div>\n                <div class=\"accordion-answer\">\n                    \n                                            <div class=\"content-default-module-content\">\n                            <p>Para uma neutraliza\u00e7\u00e3o mais leve, misturar uma pequena quantidade de m\u00e1scara Moon Light com a m\u00e1scara Indian Hair Vitaminada.<\/p>\n<p>Veja os produtos recomendados:<br \/>\n<a href=\"https:\/\/www.avani.pt\/p\/mascara-vitaminada-fortificante-indian-hair-500-ml-amla\/\">M\u00e1scara Indian Hair Vitaminada 500 ml<\/a><\/p>\n\n                        <\/div>\n                    \n                    \n                                    <\/div>\n            <\/div>\n        <\/div>\n    \n<\/div>\n<div class=\"container \">\n\n    <div class=\"content-default-module text-align-center margin-top-between-modules\n        \n        \n        \n        \n        \n        \n        desktop--only--md\"\n        style=\"margin-bottom: 0px;\"\n    >\n\n                <div class=\"content-default-module-titles\">\n                            <h2 class=\"content-default-module-title uppercase black\">Composi&ccedil;&atilde;o<\/h2>\n            \n                    <\/div>\n        \n                    <div class=\"content-default-module-content\">\n                <\/p>\n<p style=\"text-align: left;\"><strong>\u00d3leo de Argan |<\/strong> rico em vitamina E e \u00e1cidos gordos, \u00e9 altamente nutritivo e penetrante reparando e preservando a camada protetora do cabelo revertendo os danos de tratamentos qu\u00edmicos e ferramentas t\u00e9rmicas.<\/p>\n<p style=\"text-align: left;\"><strong>Manteiga de Karit\u00e9 |<\/strong> rica em vitamina A e E, devolve a nutri\u00e7\u00e3o e maleabilidade aos fios.<\/p>\n<p>\n\n            <\/div>\n        \n        \n        \n\n        \n\n\n    <\/div>\n\n\n            <div class=\"accordion accordion-successive   js-accordion not-found mobile--only--md content-default-module text-align-center margin-top-between-modules back_color\">\n            <div class=\"accordion-container\">\n                <div class=\"accordion-question space-between\">\n                                            <h3 class=\"accordion-question-title uppercase back_color\">\n                            Composi&ccedil;&atilde;o\n                        <\/h3>\n                                        <span class=\"accordion-arrow back_color\">&emsp;<\/span>\n                <\/div>\n                <div class=\"accordion-answer\">\n                    \n                                            <div class=\"content-default-module-content\">\n                            <\/p>\n<p style=\"text-align: left;\"><strong>\u00d3leo de Argan |<\/strong> rico em vitamina E e \u00e1cidos gordos, \u00e9 altamente nutritivo e penetrante reparando e preservando a camada protetora do cabelo revertendo os danos de tratamentos qu\u00edmicos e ferramentas t\u00e9rmicas.<\/p>\n<p style=\"text-align: left;\"><strong>Manteiga de Karit\u00e9 |<\/strong> rica em vitamina A e E, devolve a nutri\u00e7\u00e3o e maleabilidade aos fios.<\/p>\n<p>\n\n                        <\/div>\n                    \n                    \n                                    <\/div>\n            <\/div>\n        <\/div>\n    \n<\/div>\n<div class=\"container \">\n\n    <div class=\"content-default-module text-align-center margin-top-between-modules\n        \n        \n        \n        \n        \n        \n        desktop--only--md\"\n        style=\"margin-bottom: 0px;\"\n    >\n\n                <div class=\"content-default-module-titles\">\n                            <h2 class=\"content-default-module-title uppercase black\">Detalhes<\/h2>\n            \n                    <\/div>\n        \n                    <div class=\"content-default-module-content\">\n                <\/p>\n<p style=\"text-align: left;\"><strong>PRECAU\u00c7\u00d5ES DE UTILIZA\u00c7\u00c3O<\/strong><\/p>\n<p style=\"text-align: left;\">ESTE PRODUTO CONT\u00c9M CORANTES. RESPEITAR\u00a0AS INSTRU\u00c7\u00d5ES DE UTILIZA\u00c7\u00c3O.\u00a0Os corantes capilares podem provocar rea\u00e7\u00f5es\u00a0al\u00e9rgicas graves.\u00a0Este produto n\u00e3o se destina a ser aplicado em\u00a0menores de 16 anos.\u00a0As tatuagens tempor\u00e1rias de &#8220;hena negra&#8221; podem\u00a0aumentar o risco de alergias.<br \/>\nN\u00e3o pinte o cabelo se:<br \/>\n-Tiver uma erup\u00e7\u00e3o cut\u00e2nea no rosto ou se tiver\u00a0o couro cabeludo sens\u00edvel, irritado ou<br \/>\ndanificado.<br \/>\n-J\u00e1 tiver tido uma rea\u00e7\u00e3o depois de ter pintado\u00a0o cabelo.<br \/>\n-Tiver tido anteriormente uma rea\u00e7\u00e3o a uma\u00a0tatuagem tempor\u00e1ria de &#8220;hena negra&#8221;.<\/p>\n<p style=\"text-align: left;\">\u00c9 OBRIGAT\u00d3RIO FAZER UM TESTE DE ALERGIA\u00a0IMPERATIVAMENTE 48 HORAS ANTES DE CADA\u00a0APLICA\u00c7\u00c3O DESTE PRODUTO. Usar luvas\u00a0apropriadas, descart\u00e1veis, aquando da\u00a0aplica\u00e7\u00e3o e enxaguamento do produto.<br \/>\nREALIZA\u00c7\u00c3O DO TESTE DE ALERTA DE ALERGIA:\u00a0Retirar os brincos. Com um cotonete aplicar por\u00a0detr\u00e1s da orelha uma quantidade suficiente de\u00a0produto colorante para cobrir uma superf\u00edcie do\u00a0tamanho de uma moeda de um c\u00eantimo (1 a 2cm). Voltar a aplicar deixando secar nos\u00a0intervalos. Fechar cuidadosamente o produto\u00a0colorante. Aguardar 48 horas sem lavar, nemntapar ou tocar. Se durante este per\u00edodo se\u00a0constatar a exist\u00eancia de rea\u00e7\u00f5es anormais\u00a0como irrita\u00e7\u00e3o, manchas avermelhadas ou\u00a0incha\u00e7o na zona \u00e0 volta da zona onde \u00e9\u00a0efetuado o teste, N\u00c3O APLICAR O PRODUTO.<\/p>\n<p>\n\n            <\/div>\n        \n        \n        \n\n        \n\n\n    <\/div>\n\n\n            <div class=\"accordion accordion-successive   js-accordion not-found mobile--only--md content-default-module text-align-center margin-top-between-modules back_color\">\n            <div class=\"accordion-container\">\n                <div class=\"accordion-question space-between\">\n                                            <h3 class=\"accordion-question-title uppercase back_color\">\n                            Detalhes\n                        <\/h3>\n                                        <span class=\"accordion-arrow back_color\">&emsp;<\/span>\n                <\/div>\n                <div class=\"accordion-answer\">\n                    \n                                            <div class=\"content-default-module-content\">\n                            <\/p>\n<p style=\"text-align: left;\"><strong>PRECAU\u00c7\u00d5ES DE UTILIZA\u00c7\u00c3O<\/strong><\/p>\n<p style=\"text-align: left;\">ESTE PRODUTO CONT\u00c9M CORANTES. RESPEITAR\u00a0AS INSTRU\u00c7\u00d5ES DE UTILIZA\u00c7\u00c3O.\u00a0Os corantes capilares podem provocar rea\u00e7\u00f5es\u00a0al\u00e9rgicas graves.\u00a0Este produto n\u00e3o se destina a ser aplicado em\u00a0menores de 16 anos.\u00a0As tatuagens tempor\u00e1rias de &#8220;hena negra&#8221; podem\u00a0aumentar o risco de alergias.<br \/>\nN\u00e3o pinte o cabelo se:<br \/>\n-Tiver uma erup\u00e7\u00e3o cut\u00e2nea no rosto ou se tiver\u00a0o couro cabeludo sens\u00edvel, irritado ou<br \/>\ndanificado.<br \/>\n-J\u00e1 tiver tido uma rea\u00e7\u00e3o depois de ter pintado\u00a0o cabelo.<br \/>\n-Tiver tido anteriormente uma rea\u00e7\u00e3o a uma\u00a0tatuagem tempor\u00e1ria de &#8220;hena negra&#8221;.<\/p>\n<p style=\"text-align: left;\">\u00c9 OBRIGAT\u00d3RIO FAZER UM TESTE DE ALERGIA\u00a0IMPERATIVAMENTE 48 HORAS ANTES DE CADA\u00a0APLICA\u00c7\u00c3O DESTE PRODUTO. Usar luvas\u00a0apropriadas, descart\u00e1veis, aquando da\u00a0aplica\u00e7\u00e3o e enxaguamento do produto.<br \/>\nREALIZA\u00c7\u00c3O DO TESTE DE ALERTA DE ALERGIA:\u00a0Retirar os brincos. Com um cotonete aplicar por\u00a0detr\u00e1s da orelha uma quantidade suficiente de\u00a0produto colorante para cobrir uma superf\u00edcie do\u00a0tamanho de uma moeda de um c\u00eantimo (1 a 2cm). Voltar a aplicar deixando secar nos\u00a0intervalos. Fechar cuidadosamente o produto\u00a0colorante. Aguardar 48 horas sem lavar, nemntapar ou tocar. Se durante este per\u00edodo se\u00a0constatar a exist\u00eancia de rea\u00e7\u00f5es anormais\u00a0como irrita\u00e7\u00e3o, manchas avermelhadas ou\u00a0incha\u00e7o na zona \u00e0 volta da zona onde \u00e9\u00a0efetuado o teste, N\u00c3O APLICAR O PRODUTO.<\/p>\n<p>\n\n                        <\/div>\n                    \n                    \n                                    <\/div>\n            <\/div>\n        <\/div>\n    \n<\/div>\n<div class=\"container \">\n\n    <div class=\"content-default-module text-align-center margin-top-between-modules\n        \n        \n        \n        \n        \n        \n        desktop--only--md\"\n        style=\"margin-bottom: 0px;\"\n    >\n\n                <div class=\"content-default-module-titles\">\n                            <h2 class=\"content-default-module-title uppercase black\">Ingredientes<\/h2>\n            \n                    <\/div>\n        \n                    <div class=\"content-default-module-content\">\n                <\/p>\n<p style=\"text-align: center;\">Ingredients: aqua, PEG-8 distearate, cetearyl alcohol, behentrimonium chloride, propylene glycol,<br \/>\nphenyl trimethicone, PEG-90M, cetrimonium chloride, Argania spinosa kernel oil, dimethicone,<br \/>\npolyquaternium-7, Butyrospermum parkii butter, C15-19 alkane, glycerin, tocopheryl acetate,<br \/>\nisopropyl alcohol, magnesium nitrate, parfum, magnesium chloride, methylchloroisothiazolinone,<br \/>\nmethylisothiazolinone, sodium benzoate, coumarin, limonene, linalool, CI 60730, CI 77266.<\/p>\n<p>\n\n            <\/div>\n        \n        \n        \n\n        \n\n\n    <\/div>\n\n\n            <div class=\"accordion accordion-successive   js-accordion not-found mobile--only--md content-default-module text-align-center margin-top-between-modules back_color\">\n            <div class=\"accordion-container\">\n                <div class=\"accordion-question space-between\">\n                                            <h3 class=\"accordion-question-title uppercase back_color\">\n                            Ingredientes\n                        <\/h3>\n                                        <span class=\"accordion-arrow back_color\">&emsp;<\/span>\n                <\/div>\n                <div class=\"accordion-answer\">\n                    \n                                            <div class=\"content-default-module-content\">\n                            <\/p>\n<p style=\"text-align: center;\">Ingredients: aqua, PEG-8 distearate, cetearyl alcohol, behentrimonium chloride, propylene glycol,<br \/>\nphenyl trimethicone, PEG-90M, cetrimonium chloride, Argania spinosa kernel oil, dimethicone,<br \/>\npolyquaternium-7, Butyrospermum parkii butter, C15-19 alkane, glycerin, tocopheryl acetate,<br \/>\nisopropyl alcohol, magnesium nitrate, parfum, magnesium chloride, methylchloroisothiazolinone,<br \/>\nmethylisothiazolinone, sodium benzoate, coumarin, limonene, linalool, CI 60730, CI 77266.<\/p>\n<p>\n\n                        <\/div>\n                    \n                    \n                                    <\/div>\n            <\/div>\n        <\/div>\n    \n<\/div>\n[\/vc_column][\/vc_row]<\/p>\n<\/div>","protected":false},"excerpt":{"rendered":"<p>It has neutralizing and tinting properties, i.e. it allows the hair to deoxidize (remove yellow tones). This mask promotes gentle nourishment, giving you a beautiful, uniform and long-lasting platinum color &#8211; it leaves hair soft, silky and manageable. <\/p>\n","protected":false},"featured_media":76911,"comment_status":"open","ping_status":"closed","template":"","meta":{"_acf_changed":false},"product_brand":[],"product_cat":[561,459,560,426,421,486],"product_tag":[],"class_list":{"0":"post-78275","1":"product","2":"type-product","3":"status-publish","4":"has-post-thumbnail","6":"product_cat-black-platinum-pro-professional-tint","7":"product_cat-care","8":"product_cat-gray-white-blond-hair","9":"product_cat-hair","10":"product_cat-hair-masks","11":"product_cat-products-hair","13":"first","14":"instock","15":"taxable","16":"shipping-taxable","17":"purchasable","18":"product-type-simple"},"acf":[],"wooqr_code":"","_links":{"self":[{"href":"https:\/\/www.avani.pt\/en\/wp-json\/wp\/v2\/product\/78275","targetHints":{"allow":["GET"]}}],"collection":[{"href":"https:\/\/www.avani.pt\/en\/wp-json\/wp\/v2\/product"}],"about":[{"href":"https:\/\/www.avani.pt\/en\/wp-json\/wp\/v2\/types\/product"}],"replies":[{"embeddable":true,"href":"https:\/\/www.avani.pt\/en\/wp-json\/wp\/v2\/comments?post=78275"}],"wp:featuredmedia":[{"embeddable":true,"href":"https:\/\/www.avani.pt\/en\/wp-json\/wp\/v2\/media\/76911"}],"wp:attachment":[{"href":"https:\/\/www.avani.pt\/en\/wp-json\/wp\/v2\/media?parent=78275"}],"wp:term":[{"taxonomy":"product_brand","embeddable":true,"href":"https:\/\/www.avani.pt\/en\/wp-json\/wp\/v2\/product_brand?post=78275"},{"taxonomy":"product_cat","embeddable":true,"href":"https:\/\/www.avani.pt\/en\/wp-json\/wp\/v2\/product_cat?post=78275"},{"taxonomy":"product_tag","embeddable":true,"href":"https:\/\/www.avani.pt\/en\/wp-json\/wp\/v2\/product_tag?post=78275"}],"curies":[{"name":"wp","href":"https:\/\/api.w.org\/{rel}","templated":true}]}}