{"id":78290,"date":"2022-10-25T11:02:08","date_gmt":"2022-10-25T10:02:08","guid":{"rendered":"https:\/\/www.avani.pt\/p\/extremely-dry-scalp-luxury-haircare\/"},"modified":"2025-10-21T11:59:57","modified_gmt":"2025-10-21T10:59:57","slug":"extremely-dry-scalp-luxury-haircare","status":"publish","type":"product","link":"https:\/\/www.avani.pt\/en\/p\/extremely-dry-scalp-luxury-haircare\/","title":{"rendered":"Extremely Dry Scalp | Luxury Haircare"},"content":{"rendered":"<div class=\"wpb-content-wrapper\"><p>[vc_row full_width=&#8221;stretch_row_content_no_spaces&#8221; el_class=&#8221;text-align-center&#8221;][vc_column]<div class=\"stars-of-product-module-wrapper margin-top-between-modules\">\n    <img decoding=\"async\" class=\"stars-of-product-module-left-image-design\" src=\"\/dist\/images\/stars_product_module_design.png\">\n    <img decoding=\"async\" class=\"stars-of-product-module-right-image-design\" src=\"\/dist\/images\/stars_product_module_design.png\">\n\n    <div class=\"container\">\n\n        <div class=\"stars-of-product-module text-align-center  desktop--only--md\">\n\n                            <div class=\"star-rating\">\n                                            <i class=\"fa fa-star\"><\/i>\n                                            <i class=\"fa fa-star\"><\/i>\n                                            <i class=\"fa fa-star\"><\/i>\n                                            <i class=\"fa fa-star\"><\/i>\n                                            <i class=\"fa fa-star\"><\/i>\n                                    <\/div>\n            \n                            <div class=\"stars-of-product-module-titles\">\n                                            <h2 class=\"stars-of-product-module-title black uppercase back_color\">The Product Stars<\/h2>\n                                    <\/div>\n            \n                            <div class=\"stars-of-product-module-content\">\n                    <p>In this situation, the scalp is extremely dry and malnourished, so it&#8217;s important to restore nutrition and moisture (hydration) to the scalp and hair. We have introduced the Indian Hair Nutrition Range for washing, which consists of Shampoo, Conditioner and Mask. This range is very special, and has a very positive impact on this problem of extremely dry scalp, because in addition to highly nutritious ingredients such as Argan oil, shea butter, grapeseed oil, olive oil, the powerful Sacha Inchi seed oil composed of a strong combination of omega 3, 6 and 9 that have an incredible penetrating capacity, resulting in intensive restructuring of the scalp and hair; and Ginkgo Biloba, the first medicinal plant to sprout after the destruction caused by the atomic bomb in the city of Hiroshima in Japan. In addition to this impressive feat, this plant is known, and much appreciated, for stimulating blood circulation in the hair follicles and new growth. What&#8217;s more, it doesn&#8217;t leave the hair looking pasty, which is usually a concern when applying products to nourish the hair. In this case, it&#8217;s very important to balance the scalp: that&#8217;s why this treatment includes a cold effect purifying cream that works as a special mask for the scalp, specifically for use during washing, once or twice a week. It will act on dry dandruff and moisturize the scalp with its refreshing and soothing effect. To avoid removing the natural oiliness of the scalp and hair, which is very natural when shampooing, we have introduced the non-foaming cream co-wash enriched with natural oils and soothing extracts to be used after shampooing, as a second wash; and the natural antibacterial Pure Melaleuca oils; nourishing Cure de Ricino and regenerating Cure de Rosa Mosqueta, to give a nourishing massage before shampooing, highly recommended by the ancient practices of Indian culture and Ayurvedic medicine.       <\/p>\n\n                <\/div>\n            \n        <\/div>\n\n\n                    <div class=\"accordion   accordion-successive-first js-accordion not-found mobile--only--md stars-of-product-module text-align-center margin-top-between-modules back_color\">\n                <div class=\"accordion-container\">\n                    <div class=\"accordion-question space-between\">\n                                                    <h3 class=\"accordion-question-title uppercase back_color\">\n                                As Estrelas do Produto\n                            <\/h3>\n                                                <span class=\"accordion-arrow back_color\">&emsp;<\/span>\n                    <\/div>\n                    <div class=\"accordion-answer\">\n\n                                                    <div class=\"star-rating\">\n                                                            <\/div>\n                        \n                                                    <div class=\"stars-of-product-module-content\">\n                                <p>In this situation, the scalp is extremely dry and malnourished, so it&#8217;s important to restore nutrition and moisture (hydration) to the scalp and hair. We have introduced the Indian Hair Nutrition Range for washing, which consists of Shampoo, Conditioner and Mask. This range is very special, and has a very positive impact on this problem of extremely dry scalp, because in addition to highly nutritious ingredients such as Argan oil, shea butter, grapeseed oil, olive oil, the powerful Sacha Inchi seed oil composed of a strong combination of omega 3, 6 and 9 that have an incredible penetrating capacity, resulting in intensive restructuring of the scalp and hair; and Ginkgo Biloba, the first medicinal plant to sprout after the destruction caused by the atomic bomb in the city of Hiroshima in Japan. In addition to this impressive feat, this plant is known, and much appreciated, for stimulating blood circulation in the hair follicles and new growth. What&#8217;s more, it doesn&#8217;t leave the hair looking pasty, which is usually a concern when applying products to nourish the hair. In this case, it&#8217;s very important to balance the scalp: that&#8217;s why this treatment includes a cold effect purifying cream that works as a special mask for the scalp, specifically for use during washing, once or twice a week. It will act on dry dandruff and moisturize the scalp with its refreshing and soothing effect. To avoid removing the natural oiliness of the scalp and hair, which is very natural when shampooing, we have introduced the non-foaming cream co-wash enriched with natural oils and soothing extracts to be used after shampooing, as a second wash; and the natural antibacterial Pure Melaleuca oils; nourishing Cure de Ricino and regenerating Cure de Rosa Mosqueta, to give a nourishing massage before shampooing, highly recommended by the ancient practices of Indian culture and Ayurvedic medicine.       <\/p>\n\n                            <\/div>\n                                            <\/div>\n                <\/div>\n            <\/div>\n        \n    <\/div>\n<\/div>\n[\/vc_column][\/vc_row][vc_row full_width=&#8221;stretch_row_content_no_spaces&#8221; el_class=&#8221;text-align-center&#8221;][vc_column]<div class=\"container\">\n\t<div class=\"usability-tips-and-secrets-module desktop--only--md\">\n\n\t\t<div class=\"usability-tips-and-secrets-module-content-wrapper full-width-container\">\n\n\t\t\t\n\t\t\t\t\t\t\t<div class=\"usability-tips-and-secrets-module-content usability-tips-and-secrets-module-content--bordered margin-top-between-modules\">\n\t\t\t\t\t\t\t\t\t\t\t<h2 class=\"uppercase black\">Como usar<\/h2>\n\t\t\t\t\t\n\t\t\t\t\t\t\t\t\t\t\t<p>1) Antes da lavagem com a gama Indian Hair Nutrition, recomendamos a massagem hair oiling no couro cabeludo com os seguintes \u00f3leos naturais uma a duas vezes por semana: -\u00d3leo de Ricino nutritivo -\u00d3leo Cure de Rosa Mosqueta regenerador -\u00d3leo melaleuca antibacteriano natural Basta misturar uma pequena quantidade dos 3 numa ta\u00e7a e aplicar no couro cabeludo massajando bem em toda a sua extens\u00e3o. 2) Aplicar os dois Shampoos na mesma lavagem alternadamente. Iniciar o procedimento da lavagem com o Shampoo Indian Hair Nutrition e a segunda lavagem com o Creme Co-Wash; 3) Retirar bem o excesso de \u00e1gua e aplicar a M\u00e1scara Indian hair Nutrition madeixa a madeixa, criando um torcido em cada uma delas no sentido de impulsionar a penetra\u00e7\u00e3o dos nutrientes na fibra, deixando atuar pelo menos 4 minutos. 4) Por fim, selar a cut\u00edcula com a aplica\u00e7\u00e3o do Condicionador Indian Hair Nutrition nos meios e pontas, enxaguando bem no final. 5) O Creme purificante Cold effect deve ser aplicado uma vez por semana, ap\u00f3s a lavagem com o shampoo, em simult\u00e2neo com a aplica\u00e7\u00e3o da m\u00e1scara.<\/p>\n\n\t\t\t\t\t\t\t\t\t<\/div>\n\t\t\t\n\t\t\t\t\t<\/div>\n\t<\/div>\n\n\t\t\t<div class=\"mobile--only--md usability-tips-and-secrets-module text-align-center margin-top-between-modules usability-tips-and-secrets-module-video\">\n\t\t\t\t\t<\/div>\n\t\n\t\t\t<div class=\"accordion accordion-successive  js-accordion not-found mobile--only--md usability-tips-and-secrets-module text-align-center margin-top-between-modules back_color\">\n\t\t\t<div class=\"accordion-container\">\n\t\t\t\t<div class=\"accordion-question space-between\">\n\t\t\t\t\t\t\t\t\t\t\t<h3 class=\"accordion-question-title uppercase back_color\">\n\t\t\t\t\t\t\tComo usar\n\t\t\t\t\t\t<\/h3>\n\t\t\t\t\t\n\t\t\t\t\t<span class=\"accordion-arrow back_color\">&emsp;<\/span>\n\t\t\t\t<\/div>\n\t\t\t\t<div class=\"accordion-answer\">\n\t\t\t\t\t\t\t\t\t\t\t<div class=\"usability-tips-and-secrets-module-content\">\n\t\t\t\t\t\t\t<p>1) Antes da lavagem com a gama Indian Hair Nutrition, recomendamos a massagem hair oiling no couro cabeludo com os seguintes \u00f3leos naturais uma a duas vezes por semana: -\u00d3leo de Ricino nutritivo -\u00d3leo Cure de Rosa Mosqueta regenerador -\u00d3leo melaleuca antibacteriano natural Basta misturar uma pequena quantidade dos 3 numa ta\u00e7a e aplicar no couro cabeludo massajando bem em toda a sua extens\u00e3o. 2) Aplicar os dois Shampoos na mesma lavagem alternadamente. Iniciar o procedimento da lavagem com o Shampoo Indian Hair Nutrition e a segunda lavagem com o Creme Co-Wash; 3) Retirar bem o excesso de \u00e1gua e aplicar a M\u00e1scara Indian hair Nutrition madeixa a madeixa, criando um torcido em cada uma delas no sentido de impulsionar a penetra\u00e7\u00e3o dos nutrientes na fibra, deixando atuar pelo menos 4 minutos. 4) Por fim, selar a cut\u00edcula com a aplica\u00e7\u00e3o do Condicionador Indian Hair Nutrition nos meios e pontas, enxaguando bem no final. 5) O Creme purificante Cold effect deve ser aplicado uma vez por semana, ap\u00f3s a lavagem com o shampoo, em simult\u00e2neo com a aplica\u00e7\u00e3o da m\u00e1scara.<\/p>\n\n\t\t\t\t\t\t<\/div>\n\t\t\t\t\t\t\t\t\t<\/div>\n\t\t\t<\/div>\n\t\t<\/div>\n\t\n\t<\/div>\n[\/vc_column][\/vc_row][vc_row full_width=&#8221;stretch_row_content_no_spaces&#8221; el_class=&#8221;text-align-center&#8221;][vc_column]<div class=\"container \">\n\n    <div class=\"content-default-module text-align-center margin-top-between-modules\n        \n        \n        \n        \n        \n        \n        desktop--only--md\"\n        style=\"margin-bottom: 0px;\"\n    >\n\n                <div class=\"content-default-module-titles\">\n                            <h2 class=\"content-default-module-title uppercase black\">Detalhes<\/h2>\n            \n                    <\/div>\n        \n                    <div class=\"content-default-module-content\">\n                <p><strong>Este tratamento \u00e9 composto por:<\/strong><\/p>\n<p><a href=\"https:\/\/www.avani.pt\/p\/shampoo-nutritivo-cabelo-muito-seco-indian-hair-250ml\/\">Shampoo Indian Hair Nutrition 250ml<\/a><\/p>\n<p><a href=\"https:\/\/www.avani.pt\/p\/condicionador-co-wash-krishna-curls-250-ml\/\">Co Wash Krishna Curls | Lavagem Hidratante Sem Espuma | 250 ml<\/a><\/p>\n<p><a href=\"https:\/\/www.avani.pt\/p\/mascara-cold-effect-anticaspa-indian-hair-500ml\/\">Creme Purificante Cold Effect 500 ml<\/a><\/p>\n<p><a href=\"https:\/\/www.avani.pt\/p\/shampoo-nutritivo-cabelo-muito-seco-indian-hair-250ml\/\">\u00d3leo de R\u00edcino Biol\u00f3gico<\/a><\/p>\n<p><a href=\"https:\/\/www.avani.pt\/p\/mascara-cabelo-muito-seco-indian-hair-500ml\/\">M\u00e1scara Indian Hair nutrition 500ml<\/a><\/p>\n<p><a href=\"https:\/\/www.avani.pt\/p\/condicionador-nutritivo-cabelo-muito-seco-indian-hair-250ml\/\">Condicionador Indian Hair Nutrition<\/a><\/p>\n<p><a href=\"https:\/\/www.avani.pt\/p\/oleo-de-rosa-mosqueta-puro-biologico-e-organico\/\">\u00d3leo de Rosa Mosqueta Bio<\/a><\/p>\n<p><a href=\"https:\/\/www.avani.pt\/p\/oleo-melaleuca-tea-tree-10ml\/\">\u00d3leo de Melaleuca Pure<\/a><\/p>\n\n            <\/div>\n        \n        \n        \n\n        \n\n\n    <\/div>\n\n\n            <div class=\"accordion accordion-successive   js-accordion not-found mobile--only--md content-default-module text-align-center margin-top-between-modules back_color\">\n            <div class=\"accordion-container\">\n                <div class=\"accordion-question space-between\">\n                                            <h3 class=\"accordion-question-title uppercase back_color\">\n                            Detalhes\n                        <\/h3>\n                                        <span class=\"accordion-arrow back_color\">&emsp;<\/span>\n                <\/div>\n                <div class=\"accordion-answer\">\n                    \n                                            <div class=\"content-default-module-content\">\n                            <p><strong>Este tratamento \u00e9 composto por:<\/strong><\/p>\n<p><a href=\"https:\/\/www.avani.pt\/p\/shampoo-nutritivo-cabelo-muito-seco-indian-hair-250ml\/\">Shampoo Indian Hair Nutrition 250ml<\/a><\/p>\n<p><a href=\"https:\/\/www.avani.pt\/p\/condicionador-co-wash-krishna-curls-250-ml\/\">Co Wash Krishna Curls | Lavagem Hidratante Sem Espuma | 250 ml<\/a><\/p>\n<p><a href=\"https:\/\/www.avani.pt\/p\/mascara-cold-effect-anticaspa-indian-hair-500ml\/\">Creme Purificante Cold Effect 500 ml<\/a><\/p>\n<p><a href=\"https:\/\/www.avani.pt\/p\/shampoo-nutritivo-cabelo-muito-seco-indian-hair-250ml\/\">\u00d3leo de R\u00edcino Biol\u00f3gico<\/a><\/p>\n<p><a href=\"https:\/\/www.avani.pt\/p\/mascara-cabelo-muito-seco-indian-hair-500ml\/\">M\u00e1scara Indian Hair nutrition 500ml<\/a><\/p>\n<p><a href=\"https:\/\/www.avani.pt\/p\/condicionador-nutritivo-cabelo-muito-seco-indian-hair-250ml\/\">Condicionador Indian Hair Nutrition<\/a><\/p>\n<p><a href=\"https:\/\/www.avani.pt\/p\/oleo-de-rosa-mosqueta-puro-biologico-e-organico\/\">\u00d3leo de Rosa Mosqueta Bio<\/a><\/p>\n<p><a href=\"https:\/\/www.avani.pt\/p\/oleo-melaleuca-tea-tree-10ml\/\">\u00d3leo de Melaleuca Pure<\/a><\/p>\n\n                        <\/div>\n                    \n                    \n                                    <\/div>\n            <\/div>\n        <\/div>\n    \n<\/div>\n<div class=\"tip-products margin-top-between-modules default\">\n    <div class=\"container\">\n                    <h2 class=\"title\">\n                COMPRAR INDIVIDUALMENTE\n            <\/h2>\n        \n        \n        <div class=\"products-container\">\n                    <\/div>\n\n    <\/div>\n<\/div>\n[\/vc_column][\/vc_row]<\/p>\n<\/div>","protected":false},"excerpt":{"rendered":"<p>Composed of eight products. The oiliness of the scalp is very important and is at the root of the vast majority of hair problems. The existence of sebum (fatty substance) in balance is essential for the good health of the scalp and hair. Its fluctuations, in this case in excess, can lead to imbalances. This treatment has been studied to help treat this problem.    <\/p>\n","protected":false},"featured_media":75895,"comment_status":"open","ping_status":"closed","template":"","meta":{"_acf_changed":false},"product_brand":[],"product_cat":[468,459,478,447,533,467],"product_tag":[],"class_list":{"0":"post-78290","1":"product","2":"type-product","3":"status-publish","4":"has-post-thumbnail","6":"product_cat-avani-exclusives","7":"product_cat-care","8":"product_cat-fine-hair-exclusive-avani-treatments","9":"product_cat-scalp-problems","10":"product_cat-scalp-problems-exclusive-avani-treatments","11":"product_cat-treatments","13":"first","14":"instock","15":"taxable","16":"shipping-taxable","17":"purchasable","18":"product-type-simple"},"acf":[],"wooqr_code":"","_links":{"self":[{"href":"https:\/\/www.avani.pt\/en\/wp-json\/wp\/v2\/product\/78290","targetHints":{"allow":["GET"]}}],"collection":[{"href":"https:\/\/www.avani.pt\/en\/wp-json\/wp\/v2\/product"}],"about":[{"href":"https:\/\/www.avani.pt\/en\/wp-json\/wp\/v2\/types\/product"}],"replies":[{"embeddable":true,"href":"https:\/\/www.avani.pt\/en\/wp-json\/wp\/v2\/comments?post=78290"}],"wp:featuredmedia":[{"embeddable":true,"href":"https:\/\/www.avani.pt\/en\/wp-json\/wp\/v2\/media\/75895"}],"wp:attachment":[{"href":"https:\/\/www.avani.pt\/en\/wp-json\/wp\/v2\/media?parent=78290"}],"wp:term":[{"taxonomy":"product_brand","embeddable":true,"href":"https:\/\/www.avani.pt\/en\/wp-json\/wp\/v2\/product_brand?post=78290"},{"taxonomy":"product_cat","embeddable":true,"href":"https:\/\/www.avani.pt\/en\/wp-json\/wp\/v2\/product_cat?post=78290"},{"taxonomy":"product_tag","embeddable":true,"href":"https:\/\/www.avani.pt\/en\/wp-json\/wp\/v2\/product_tag?post=78290"}],"curies":[{"name":"wp","href":"https:\/\/api.w.org\/{rel}","templated":true}]}}