{"id":78292,"date":"2022-10-24T17:10:09","date_gmt":"2022-10-24T16:10:09","guid":{"rendered":"https:\/\/www.avani.pt\/p\/extremely-oily-scalp-luxury-haircare\/"},"modified":"2025-10-21T11:59:57","modified_gmt":"2025-10-21T10:59:57","slug":"extremely-oily-scalp-luxury-haircare","status":"publish","type":"product","link":"https:\/\/www.avani.pt\/en\/p\/extremely-oily-scalp-luxury-haircare\/","title":{"rendered":"Extremely Oily Scalp | Luxury Haircare"},"content":{"rendered":"<div class=\"wpb-content-wrapper\"><p>[vc_row full_width=&#8221;stretch_row_content_no_spaces&#8221; el_class=&#8221;text-align-center&#8221;][vc_column]<div class=\"stars-of-product-module-wrapper margin-top-between-modules\">\n    <img decoding=\"async\" class=\"stars-of-product-module-left-image-design\" src=\"\/dist\/images\/stars_product_module_design.png\">\n    <img decoding=\"async\" class=\"stars-of-product-module-right-image-design\" src=\"\/dist\/images\/stars_product_module_design.png\">\n\n    <div class=\"container\">\n\n        <div class=\"stars-of-product-module text-align-center  desktop--only--md\">\n\n                            <div class=\"star-rating\">\n                                            <i class=\"fa fa-star\"><\/i>\n                                            <i class=\"fa fa-star\"><\/i>\n                                            <i class=\"fa fa-star\"><\/i>\n                                            <i class=\"fa fa-star\"><\/i>\n                                            <i class=\"fa fa-star\"><\/i>\n                                    <\/div>\n            \n                            <div class=\"stars-of-product-module-titles\">\n                                            <h2 class=\"stars-of-product-module-title black uppercase back_color\">The Product Stars<\/h2>\n                                    <\/div>\n            \n                            <div class=\"stars-of-product-module-content\">\n                    <\/p>\n<p class=\"p1\">It is based on the Cold effect range, a base range that should be used in combination with other products because it was designed just for the scalp. It gives a cold but comfortable sensation. It contains the ingredients witch hazel, menthol and camphor, which is considered in Ayurvedic medicine to be a special herb that balances the kapha and pitta Doshas. Balancing the doshas means harmony of the scalp. Includes: Indian Hair Vitaminized Shampoo, Cold effect Shampoo, Cold effect Purifying Cream, Indian Hair Vitaminized Conditioner, Indian Hair Vitaminized Tonic and Pure Melaleuca Oil. We suggest applying the two shampoos alternately in the same wash. First with the purifying Cold Effect, and then with the moisturizing Indian Hair. A purifying shampoo alone is not enough because it can greatly reduce the natural oiliness of the scalp, which is also not intended, because when this happens our body tends to produce excess oil to try to compensate for it. That&#8217;s why we include a moisturizing shampoo to prevent this from happening. Cold Effect Purifying Cream is unique because it works like a specific mask for the scalp that moisturizes and soothes it. It helps solve various scalp problems. It can be applied once or twice a week after shampooing. Even if you have an extremely oily scalp, it&#8217;s important to moisturize the mid-lengths and ends with this conditioner to avoid the common problem of oily roots and dry ends. As well as combating hair loss, the tonic helps to resolve excess oiliness. Tea tree oil is a natural antibacterial, so we&#8217;ve included it in this treatment and you can mix it with the shampoos, the toner and the purifying cream.              <\/p>\n<p>\n\n                <\/div>\n            \n        <\/div>\n\n\n                    <div class=\"accordion   accordion-successive-first js-accordion not-found mobile--only--md stars-of-product-module text-align-center margin-top-between-modules back_color\">\n                <div class=\"accordion-container\">\n                    <div class=\"accordion-question space-between\">\n                                                    <h3 class=\"accordion-question-title uppercase back_color\">\n                                As Estrelas do Produto\n                            <\/h3>\n                                                <span class=\"accordion-arrow back_color\">&emsp;<\/span>\n                    <\/div>\n                    <div class=\"accordion-answer\">\n\n                                                    <div class=\"star-rating\">\n                                                            <\/div>\n                        \n                                                    <div class=\"stars-of-product-module-content\">\n                                <\/p>\n<p class=\"p1\">It is based on the Cold effect range, a base range that should be used in combination with other products because it was designed just for the scalp. It gives a cold but comfortable sensation. It contains the ingredients witch hazel, menthol and camphor, which is considered in Ayurvedic medicine to be a special herb that balances the kapha and pitta Doshas. Balancing the doshas means harmony of the scalp. Includes: Indian Hair Vitaminized Shampoo, Cold effect Shampoo, Cold effect Purifying Cream, Indian Hair Vitaminized Conditioner, Indian Hair Vitaminized Tonic and Pure Melaleuca Oil. We suggest applying the two shampoos alternately in the same wash. First with the purifying Cold Effect, and then with the moisturizing Indian Hair. A purifying shampoo alone is not enough because it can greatly reduce the natural oiliness of the scalp, which is also not intended, because when this happens our body tends to produce excess oil to try to compensate for it. That&#8217;s why we include a moisturizing shampoo to prevent this from happening. Cold Effect Purifying Cream is unique because it works like a specific mask for the scalp that moisturizes and soothes it. It helps solve various scalp problems. It can be applied once or twice a week after shampooing. Even if you have an extremely oily scalp, it&#8217;s important to moisturize the mid-lengths and ends with this conditioner to avoid the common problem of oily roots and dry ends. As well as combating hair loss, the tonic helps to resolve excess oiliness. Tea tree oil is a natural antibacterial, so we&#8217;ve included it in this treatment and you can mix it with the shampoos, the toner and the purifying cream.              <\/p>\n<p>\n\n                            <\/div>\n                                            <\/div>\n                <\/div>\n            <\/div>\n        \n    <\/div>\n<\/div>\n[\/vc_column][\/vc_row][vc_row full_width=&#8221;stretch_row_content_no_spaces&#8221; el_class=&#8221;text-align-center&#8221;][vc_column]<div class=\"container\">\n\t<div class=\"usability-tips-and-secrets-module desktop--only--md\">\n\n\t\t<div class=\"usability-tips-and-secrets-module-content-wrapper full-width-container\">\n\n\t\t\t\n\t\t\t\t\t\t\t<div class=\"usability-tips-and-secrets-module-content usability-tips-and-secrets-module-content--bordered margin-top-between-modules\">\n\t\t\t\t\t\t\t\t\t\t\t<h2 class=\"uppercase black\">Como usar<\/h2>\n\t\t\t\t\t\n\t\t\t\t\t\t\t\t\t\t\t<p>1) Aplicar os dois Shampoos na mesma lavagem alternadamente. Iniciar o procedimento da lavagem com o Shampoo Cold effect e a segunda lavagem com o Shampoo Indian Hair Vitaminado. Este procedimento \u00e9 importante porque o Shampoo Cold Effect \u00e9 purificante e combate o excesso de oleosidade e a caspa oleosa (descama\u00e7\u00e3o). A segunda lavagem com Shampoo Indian Hair Vitaminado \u00e9 importante porque este shampoo \u00e9 um excelente hidratante que ajuda a equilibrar o couro cabeludo evitando que fique extremamente seco apenas com a lavagem do shampoo purificante Cold Effect. 2) Ap\u00f3s a lavagem, aplicar o Creme Purificante Cold Effect no couro cabeludo. Recomendamos a sua utiliza\u00e7\u00e3o uma ou duas vezes por semana (dependendo do n\u00edvel de oleosidade). 3) O Condicionador Indian Hair Vitaminado deve ser aplicado ap\u00f3s a lavagem do cabelo com os shampoos sendo essencial para a selagem da cut\u00edcula evitando a quebra dos fios. Nos dias em que seja aplicado o Creme Purificante Cold Effect (uma ou duas vezes por semana) deve fazer os dois em simult\u00e2neo, para desta forma tratar as pontas e a raiz dos cabelos. 4) Ap\u00f3s o banho aplicar T\u00f3nico Capilar Indian Hair Vitaminado que para al\u00e9m de combater a queda ajuda a resolver o excesso de oleosidade. 5) \u00d3leo Pure Melaleuca: Este \u00f3leo deve ser misturado com os ambos os shampoos, no creme purificante e no t\u00f3nico. Nos shampoos e no t\u00f3nico pode ser colocado com umas gotas na pr\u00f3pria embalagem agitando bem de seguida. No Creme Purificante deve ser misturado, com uma gota, no momento da aplica\u00e7\u00e3o.<\/p>\n\n\t\t\t\t\t\t\t\t\t<\/div>\n\t\t\t\n\t\t\t\t\t<\/div>\n\t<\/div>\n\n\t\t\t<div class=\"mobile--only--md usability-tips-and-secrets-module text-align-center margin-top-between-modules usability-tips-and-secrets-module-video\">\n\t\t\t\t\t<\/div>\n\t\n\t\t\t<div class=\"accordion accordion-successive  js-accordion not-found mobile--only--md usability-tips-and-secrets-module text-align-center margin-top-between-modules back_color\">\n\t\t\t<div class=\"accordion-container\">\n\t\t\t\t<div class=\"accordion-question space-between\">\n\t\t\t\t\t\t\t\t\t\t\t<h3 class=\"accordion-question-title uppercase back_color\">\n\t\t\t\t\t\t\tComo usar\n\t\t\t\t\t\t<\/h3>\n\t\t\t\t\t\n\t\t\t\t\t<span class=\"accordion-arrow back_color\">&emsp;<\/span>\n\t\t\t\t<\/div>\n\t\t\t\t<div class=\"accordion-answer\">\n\t\t\t\t\t\t\t\t\t\t\t<div class=\"usability-tips-and-secrets-module-content\">\n\t\t\t\t\t\t\t<p>1) Aplicar os dois Shampoos na mesma lavagem alternadamente. Iniciar o procedimento da lavagem com o Shampoo Cold effect e a segunda lavagem com o Shampoo Indian Hair Vitaminado. Este procedimento \u00e9 importante porque o Shampoo Cold Effect \u00e9 purificante e combate o excesso de oleosidade e a caspa oleosa (descama\u00e7\u00e3o). A segunda lavagem com Shampoo Indian Hair Vitaminado \u00e9 importante porque este shampoo \u00e9 um excelente hidratante que ajuda a equilibrar o couro cabeludo evitando que fique extremamente seco apenas com a lavagem do shampoo purificante Cold Effect. 2) Ap\u00f3s a lavagem, aplicar o Creme Purificante Cold Effect no couro cabeludo. Recomendamos a sua utiliza\u00e7\u00e3o uma ou duas vezes por semana (dependendo do n\u00edvel de oleosidade). 3) O Condicionador Indian Hair Vitaminado deve ser aplicado ap\u00f3s a lavagem do cabelo com os shampoos sendo essencial para a selagem da cut\u00edcula evitando a quebra dos fios. Nos dias em que seja aplicado o Creme Purificante Cold Effect (uma ou duas vezes por semana) deve fazer os dois em simult\u00e2neo, para desta forma tratar as pontas e a raiz dos cabelos. 4) Ap\u00f3s o banho aplicar T\u00f3nico Capilar Indian Hair Vitaminado que para al\u00e9m de combater a queda ajuda a resolver o excesso de oleosidade. 5) \u00d3leo Pure Melaleuca: Este \u00f3leo deve ser misturado com os ambos os shampoos, no creme purificante e no t\u00f3nico. Nos shampoos e no t\u00f3nico pode ser colocado com umas gotas na pr\u00f3pria embalagem agitando bem de seguida. No Creme Purificante deve ser misturado, com uma gota, no momento da aplica\u00e7\u00e3o.<\/p>\n\n\t\t\t\t\t\t<\/div>\n\t\t\t\t\t\t\t\t\t<\/div>\n\t\t\t<\/div>\n\t\t<\/div>\n\t\n\t<\/div>\n[\/vc_column][\/vc_row][vc_row full_width=&#8221;stretch_row_content_no_spaces&#8221; el_class=&#8221;text-align-center&#8221;][vc_column]<div class=\"container \">\n\n    <div class=\"content-default-module text-align-center margin-top-between-modules\n        \n        \n        \n        \n        \n        \n        desktop--only--md\"\n        style=\"margin-bottom: 0px;\"\n    >\n\n                <div class=\"content-default-module-titles\">\n                            <h2 class=\"content-default-module-title uppercase black\">Detalhes<\/h2>\n            \n                    <\/div>\n        \n                    <div class=\"content-default-module-content\">\n                <p><strong>Este tratamento \u00e9 composto por:<\/strong><\/p>\n<p><a href=\"https:\/\/www.avani.pt\/p\/shampoo-vitaminado-fortificante-indian-hair-500ml\/\">Shampoo Indian Hair Vitaminado 250ml<\/a><\/p>\n<p><a href=\"https:\/\/www.avani.pt\/p\/shampoo-cold-effect-anticaspa-indian-hair-250ml\/\">Shampoo purificante Cold Effect 250 ml<\/a><\/p>\n<p><a href=\"https:\/\/www.avani.pt\/p\/condicionador-vitaminado-fortificante-indian-hair-250-ml\/\">Condicionador Vitaminado Fortificante Indian Hair 250 ml<\/a><\/p>\n<p><a href=\"https:\/\/www.avani.pt\/p\/mascara-cold-effect-anticaspa-indian-hair-500ml\/\">Creme Purificante Cold Effect 500 ml<\/a><\/p>\n<p><a href=\"https:\/\/www.avani.pt\/p\/tonico-capilar-vitaminado-fortificante-indian-hair-100ml\/\">T\u00f3nico Capilar Indian Hair Vitaminado 100 ml<\/a><\/p>\n<p><a href=\"https:\/\/www.avani.pt\/p\/oleo-melaleuca-tea-tree-10ml\/\">\u00d3leo Pure de Melaleuca<\/a><\/p>\n<p>&nbsp;<\/p>\n<p>\n\n            <\/div>\n        \n        \n        \n\n        \n\n\n    <\/div>\n\n\n            <div class=\"accordion accordion-successive   js-accordion not-found mobile--only--md content-default-module text-align-center margin-top-between-modules back_color\">\n            <div class=\"accordion-container\">\n                <div class=\"accordion-question space-between\">\n                                            <h3 class=\"accordion-question-title uppercase back_color\">\n                            Detalhes\n                        <\/h3>\n                                        <span class=\"accordion-arrow back_color\">&emsp;<\/span>\n                <\/div>\n                <div class=\"accordion-answer\">\n                    \n                                            <div class=\"content-default-module-content\">\n                            <p><strong>Este tratamento \u00e9 composto por:<\/strong><\/p>\n<p><a href=\"https:\/\/www.avani.pt\/p\/shampoo-vitaminado-fortificante-indian-hair-500ml\/\">Shampoo Indian Hair Vitaminado 250ml<\/a><\/p>\n<p><a href=\"https:\/\/www.avani.pt\/p\/shampoo-cold-effect-anticaspa-indian-hair-250ml\/\">Shampoo purificante Cold Effect 250 ml<\/a><\/p>\n<p><a href=\"https:\/\/www.avani.pt\/p\/condicionador-vitaminado-fortificante-indian-hair-250-ml\/\">Condicionador Vitaminado Fortificante Indian Hair 250 ml<\/a><\/p>\n<p><a href=\"https:\/\/www.avani.pt\/p\/mascara-cold-effect-anticaspa-indian-hair-500ml\/\">Creme Purificante Cold Effect 500 ml<\/a><\/p>\n<p><a href=\"https:\/\/www.avani.pt\/p\/tonico-capilar-vitaminado-fortificante-indian-hair-100ml\/\">T\u00f3nico Capilar Indian Hair Vitaminado 100 ml<\/a><\/p>\n<p><a href=\"https:\/\/www.avani.pt\/p\/oleo-melaleuca-tea-tree-10ml\/\">\u00d3leo Pure de Melaleuca<\/a><\/p>\n<p>&nbsp;<\/p>\n<p>\n\n                        <\/div>\n                    \n                    \n                                    <\/div>\n            <\/div>\n        <\/div>\n    \n<\/div>\n<div class=\"tip-products margin-top-between-modules default\">\n    <div class=\"container\">\n                    <h2 class=\"title\">\n                COMPRAR INDIVIDUALMENTE\n            <\/h2>\n        \n        \n        <div class=\"products-container\">\n                    <\/div>\n\n    <\/div>\n<\/div>\n[\/vc_column][\/vc_row]<\/p>\n<\/div>","protected":false},"excerpt":{"rendered":"<p>Composed of six products. The health of the scalp determines the health of the hair. Oiliness (sebum) is not necessarily bad for the scalp, only when there are fluctuations, and in this case in excess. When the rate of sebum production is higher than average, we are talking about hyper seborrhea, which means an extremely oily scalp. This treatment has been studied to help treat this problem.    <\/p>\n","protected":false},"featured_media":75007,"comment_status":"open","ping_status":"closed","template":"","meta":{"_acf_changed":false},"product_brand":[],"product_cat":[468,459,447,533,467],"product_tag":[],"class_list":{"0":"post-78292","1":"product","2":"type-product","3":"status-publish","4":"has-post-thumbnail","6":"product_cat-avani-exclusives","7":"product_cat-care","8":"product_cat-scalp-problems","9":"product_cat-scalp-problems-exclusive-avani-treatments","10":"product_cat-treatments","12":"first","13":"instock","14":"taxable","15":"shipping-taxable","16":"purchasable","17":"product-type-simple"},"acf":[],"wooqr_code":"","_links":{"self":[{"href":"https:\/\/www.avani.pt\/en\/wp-json\/wp\/v2\/product\/78292","targetHints":{"allow":["GET"]}}],"collection":[{"href":"https:\/\/www.avani.pt\/en\/wp-json\/wp\/v2\/product"}],"about":[{"href":"https:\/\/www.avani.pt\/en\/wp-json\/wp\/v2\/types\/product"}],"replies":[{"embeddable":true,"href":"https:\/\/www.avani.pt\/en\/wp-json\/wp\/v2\/comments?post=78292"}],"wp:featuredmedia":[{"embeddable":true,"href":"https:\/\/www.avani.pt\/en\/wp-json\/wp\/v2\/media\/75007"}],"wp:attachment":[{"href":"https:\/\/www.avani.pt\/en\/wp-json\/wp\/v2\/media?parent=78292"}],"wp:term":[{"taxonomy":"product_brand","embeddable":true,"href":"https:\/\/www.avani.pt\/en\/wp-json\/wp\/v2\/product_brand?post=78292"},{"taxonomy":"product_cat","embeddable":true,"href":"https:\/\/www.avani.pt\/en\/wp-json\/wp\/v2\/product_cat?post=78292"},{"taxonomy":"product_tag","embeddable":true,"href":"https:\/\/www.avani.pt\/en\/wp-json\/wp\/v2\/product_tag?post=78292"}],"curies":[{"name":"wp","href":"https:\/\/api.w.org\/{rel}","templated":true}]}}