{"id":78316,"date":"2018-08-06T22:43:22","date_gmt":"2018-08-06T21:43:22","guid":{"rendered":"https:\/\/www.avani.pt\/p\/fine-hair-with-chemicals-indian-secrets-luxury-haircare\/"},"modified":"2026-03-26T21:40:35","modified_gmt":"2026-03-26T21:40:35","slug":"fine-hair-with-chemicals-indian-secrets-luxury-haircare","status":"publish","type":"product","link":"https:\/\/www.avani.pt\/en\/p\/fine-hair-with-chemicals-indian-secrets-luxury-haircare\/","title":{"rendered":"Fine Hair with Chemicals | Indian Secrets | Luxury Haircare"},"content":{"rendered":"<div class=\"wpb-content-wrapper\"><p>[vc_row full_width=&#8221;stretch_row_content_no_spaces&#8221; el_class=&#8221;text-align-center&#8221;][vc_column]<div class=\"stars-of-product-module-wrapper margin-top-between-modules\">\n    <img decoding=\"async\" class=\"stars-of-product-module-left-image-design\" src=\"\/dist\/images\/stars_product_module_design.png\">\n    <img decoding=\"async\" class=\"stars-of-product-module-right-image-design\" src=\"\/dist\/images\/stars_product_module_design.png\">\n\n    <div class=\"container\">\n\n        <div class=\"stars-of-product-module text-align-center  desktop--only--md\">\n\n                            <div class=\"star-rating\">\n                                            <i class=\"fa fa-star\"><\/i>\n                                            <i class=\"fa fa-star\"><\/i>\n                                            <i class=\"fa fa-star\"><\/i>\n                                            <i class=\"fa fa-star\"><\/i>\n                                            <i class=\"fa fa-star\"><\/i>\n                                    <\/div>\n            \n                            <div class=\"stars-of-product-module-titles\">\n                                            <h2 class=\"stars-of-product-module-title black uppercase back_color\">The Product Stars<\/h2>\n                                    <\/div>\n            \n                            <div class=\"stars-of-product-module-content\">\n                    <\/p>\n<div>Fine hair is naturally more fragile and therefore more prone to hair breakage. Due to their natural characteristics, they tend to accumulate excess oil at the roots, which is often the main cause of hair loss. When hair is subjected to chemical treatments (such as straightening, de-frizzing, perming or bleaching), it becomes even more fragile and prone to breakage or hair loss, because this type of technical work can affect the proteins and lipids present in the hair, which contribute to the balance of hair health. These types of changes to the internal and external structure of the hair shaft can therefore cause serious damage to the hair.   <\/div>\n<div class=\"x_elementToProof\">This treatment has been studied very meticulously, with each product helping to replenish the essential elements of fine, chemically treated hair. It is regularly used at the Avani Professional Institute with excellent results. <\/div>\n<div class=\"x_elementToProof\">The treatment includes: <strong>Indian Hair Rebuild Conditioner <\/strong>and <strong>Indian Hair Rebuild Serum<\/strong> &#8211; to help rebuild the hair fiber. The conditioner seals the cuticle and the serum helps treat split ends and brittle hair. It also includes: <strong>Indian Hair Vitaminado Shampoo <\/strong>, which helps to fortify and rebuild, <strong>Indian Hair Vitaminado<\/strong> <strong>Mask<\/strong>, which moisturizes and nourishes the hair and <strong>Indian Hair Vitaminado Hair Tonic<\/strong>, which is indicated for intensive treatment of the scalp, fortifies, helps to combat hair loss and control excess oil.  <\/div>\n<p>\n\n                <\/div>\n            \n        <\/div>\n\n\n                    <div class=\"accordion   accordion-successive-first js-accordion not-found mobile--only--md stars-of-product-module text-align-center margin-top-between-modules back_color\">\n                <div class=\"accordion-container\">\n                    <div class=\"accordion-question space-between\">\n                                                    <h3 class=\"accordion-question-title uppercase back_color\">\n                                As Estrelas do Produtos\n                            <\/h3>\n                                                <span class=\"accordion-arrow back_color\">&emsp;<\/span>\n                    <\/div>\n                    <div class=\"accordion-answer\">\n\n                                                    <div class=\"star-rating\">\n                                                                    <i class=\"fa fa-star\"><\/i>\n                                                                    <i class=\"fa fa-star\"><\/i>\n                                                                    <i class=\"fa fa-star\"><\/i>\n                                                                    <i class=\"fa fa-star\"><\/i>\n                                                                    <i class=\"fa fa-star\"><\/i>\n                                                            <\/div>\n                        \n                                                    <div class=\"stars-of-product-module-content\">\n                                <\/p>\n<div>Fine hair is naturally more fragile and therefore more prone to hair breakage. Due to their natural characteristics, they tend to accumulate excess oil at the roots, which is often the main cause of hair loss. When hair is subjected to chemical treatments (such as straightening, de-frizzing, perming or bleaching), it becomes even more fragile and prone to breakage or hair loss, because this type of technical work can affect the proteins and lipids present in the hair, which contribute to the balance of hair health. These types of changes to the internal and external structure of the hair shaft can therefore cause serious damage to the hair.   <\/div>\n<div class=\"x_elementToProof\">This treatment has been studied very meticulously, with each product helping to replenish the essential elements of fine, chemically treated hair. It is regularly used at the Avani Professional Institute with excellent results. <\/div>\n<div class=\"x_elementToProof\">The treatment includes: <strong>Indian Hair Rebuild Conditioner <\/strong>and <strong>Indian Hair Rebuild Serum<\/strong> &#8211; to help rebuild the hair fiber. The conditioner seals the cuticle and the serum helps treat split ends and brittle hair. It also includes: <strong>Indian Hair Vitaminado Shampoo <\/strong>, which helps to fortify and rebuild, <strong>Indian Hair Vitaminado<\/strong> <strong>Mask<\/strong>, which moisturizes and nourishes the hair and <strong>Indian Hair Vitaminado Hair Tonic<\/strong>, which is indicated for intensive treatment of the scalp, fortifies, helps to combat hair loss and control excess oil.  <\/div>\n<p>\n\n                            <\/div>\n                                            <\/div>\n                <\/div>\n            <\/div>\n        \n    <\/div>\n<\/div>\n[\/vc_column][\/vc_row][vc_row full_width=&#8221;stretch_row_content_no_spaces&#8221; el_class=&#8221;text-align-center&#8221;][vc_column]<div class=\"container\">\n\t<div class=\"usability-tips-and-secrets-module desktop--only--md\">\n\n\t\t<div class=\"usability-tips-and-secrets-module-content-wrapper full-width-container\">\n\n\t\t\t\n\t\t\t\t\t\t\t<div class=\"usability-tips-and-secrets-module-content usability-tips-and-secrets-module-content--bordered margin-top-between-modules\">\n\t\t\t\t\t\t\t\t\t\t\t<h2 class=\"uppercase black\">Como usar<\/h2>\n\t\t\t\t\t\n\t\t\t\t\t\t\t\t\t\t\t<p>1) Massajar continuamente o Shampoo no couro cabeludo com a ponta dos dedos at\u00e9 o sentir limpo; 2) Enxaguar bem; 3) Repita o procedimento; 4) Ap\u00f3s tirar o excesso de \u00e1gua, aplicar a m\u00e1scara madeixa a madeixa; 5) Deixar actuar pelo menos durante 4 minutos; 6) Aplicar o Condicionador nas pontas para uma selagem perfeita; 7) Deixar actuar um minuto; 8) Enxaguar bem; 9) Aplicar duas borrifadelas do T\u00f3nico e massajar bem com as pontas dos dedos por todo o couro cabeludo. Nota: Para tratamento intensivo antiqueda, usar diariamente em cabelos secos. Para tratamento de preven\u00e7\u00e3o, usar apenas ap\u00f3s a lavagem. 10) Aplicar meia ervilha do S\u00e9rum Indian Hair Rebuild na palma das m\u00e3os, espalhar bem e aplicar nas pontas. Aplicar diariamente de manh\u00e3 e \u00e0 noite.<\/p>\n\n\t\t\t\t\t\t\t\t\t<\/div>\n\t\t\t\n\t\t\t\t\t<\/div>\n\t<\/div>\n\n\t\t\t<div class=\"mobile--only--md usability-tips-and-secrets-module text-align-center margin-top-between-modules usability-tips-and-secrets-module-video\">\n\t\t\t\t\t<\/div>\n\t\n\t\t\t<div class=\"accordion accordion-successive  js-accordion not-found mobile--only--md usability-tips-and-secrets-module text-align-center margin-top-between-modules back_color\">\n\t\t\t<div class=\"accordion-container\">\n\t\t\t\t<div class=\"accordion-question space-between\">\n\t\t\t\t\t\t\t\t\t\t\t<h3 class=\"accordion-question-title uppercase back_color\">\n\t\t\t\t\t\t\tComo usar\n\t\t\t\t\t\t<\/h3>\n\t\t\t\t\t\n\t\t\t\t\t<span class=\"accordion-arrow back_color\">&emsp;<\/span>\n\t\t\t\t<\/div>\n\t\t\t\t<div class=\"accordion-answer\">\n\t\t\t\t\t\t\t\t\t\t\t<div class=\"usability-tips-and-secrets-module-content\">\n\t\t\t\t\t\t\t<p>1) Massajar continuamente o Shampoo no couro cabeludo com a ponta dos dedos at\u00e9 o sentir limpo; 2) Enxaguar bem; 3) Repita o procedimento; 4) Ap\u00f3s tirar o excesso de \u00e1gua, aplicar a m\u00e1scara madeixa a madeixa; 5) Deixar actuar pelo menos durante 4 minutos; 6) Aplicar o Condicionador nas pontas para uma selagem perfeita; 7) Deixar actuar um minuto; 8) Enxaguar bem; 9) Aplicar duas borrifadelas do T\u00f3nico e massajar bem com as pontas dos dedos por todo o couro cabeludo. Nota: Para tratamento intensivo antiqueda, usar diariamente em cabelos secos. Para tratamento de preven\u00e7\u00e3o, usar apenas ap\u00f3s a lavagem. 10) Aplicar meia ervilha do S\u00e9rum Indian Hair Rebuild na palma das m\u00e3os, espalhar bem e aplicar nas pontas. Aplicar diariamente de manh\u00e3 e \u00e0 noite.<\/p>\n\n\t\t\t\t\t\t<\/div>\n\t\t\t\t\t\t\t\t\t<\/div>\n\t\t\t<\/div>\n\t\t<\/div>\n\t\n\t<\/div>\n[\/vc_column][\/vc_row][vc_row full_width=&#8221;stretch_row_content_no_spaces&#8221; el_class=&#8221;text-align-center&#8221;][vc_column]<div class=\"container \">\n\n    <div class=\"content-default-module text-align-center margin-top-between-modules\n        \n        \n        \n        \n        \n        \n        desktop--only--md\"\n        style=\"margin-bottom: 0px;\"\n    >\n\n                <div class=\"content-default-module-titles\">\n                            <h2 class=\"content-default-module-title uppercase black\">Dicas &amp; Segredos<\/h2>\n            \n                    <\/div>\n        \n                    <div class=\"content-default-module-content\">\n                <p>Se usar ferramentas t\u00e9rmicas \u00e9 essencial a aplica\u00e7\u00e3o do leite <a href=\"https:\/\/www.avani.pt\/p\/spray-ganesh-protetor-termico-e-uv-250-ml\/\">Ganesh Thermic<\/a> ap\u00f3s a lavagem; deve colocar uma quantidade equivalente a uma ervilha do leite Ganesh Thermic na palma das m\u00e3os, espalhar bem como se fosse um creme de m\u00e3os e distribuir nos cabelos insistindo nos meios e pontas. Se o cabelo estiver muito danificado pode alternar nas lavagens a <a href=\"https:\/\/www.avani.pt\/p\/mascara-spider-web-super-mask-nutritiva\/\">m\u00e1scara Indian Hair Nutrition Spiderweb<\/a> para nutrir e a <a href=\"https:\/\/www.avani.pt\/p\/mascara-reconstrutura-cabelos-danificados-rebuilt-500ml\/\">M\u00e1scara Indian Hair Rebuild<\/a> para regenerar a fibra.<\/p>\n\n            <\/div>\n        \n        \n        \n\n        \n\n\n    <\/div>\n\n\n            <div class=\"accordion accordion-successive   js-accordion not-found mobile--only--md content-default-module text-align-center margin-top-between-modules back_color\">\n            <div class=\"accordion-container\">\n                <div class=\"accordion-question space-between\">\n                                                                        <h3 class=\"accordion-question-title uppercase back_color\">\n                                Dicas &amp; Segredos\n                            <\/h3>\n                                                                <span class=\"accordion-arrow back_color\">&emsp;<\/span>\n                <\/div>\n                <div class=\"accordion-answer\">\n                    \n                                            <div class=\"content-default-module-content\">\n                            <p>Se usar ferramentas t\u00e9rmicas \u00e9 essencial a aplica\u00e7\u00e3o do leite <a href=\"https:\/\/www.avani.pt\/p\/spray-ganesh-protetor-termico-e-uv-250-ml\/\">Ganesh Thermic<\/a> ap\u00f3s a lavagem; deve colocar uma quantidade equivalente a uma ervilha do leite Ganesh Thermic na palma das m\u00e3os, espalhar bem como se fosse um creme de m\u00e3os e distribuir nos cabelos insistindo nos meios e pontas. Se o cabelo estiver muito danificado pode alternar nas lavagens a <a href=\"https:\/\/www.avani.pt\/p\/mascara-spider-web-super-mask-nutritiva\/\">m\u00e1scara Indian Hair Nutrition Spiderweb<\/a> para nutrir e a <a href=\"https:\/\/www.avani.pt\/p\/mascara-reconstrutura-cabelos-danificados-rebuilt-500ml\/\">M\u00e1scara Indian Hair Rebuild<\/a> para regenerar a fibra.<\/p>\n\n                        <\/div>\n                    \n                    \n                                    <\/div>\n            <\/div>\n        <\/div>\n    \n<\/div>\n<div class=\"container \">\n\n    <div class=\"content-default-module text-align-center margin-top-between-modules\n        \n        \n        \n        \n        \n        \n        desktop--only--md\"\n        style=\"margin-bottom: 0px;\"\n    >\n\n                <div class=\"content-default-module-titles\">\n                            <h2 class=\"content-default-module-title uppercase black\">Detalhes<\/h2>\n            \n                    <\/div>\n        \n                    <div class=\"content-default-module-content\">\n                <p><strong>Este tratamento \u00e9 composto por:<\/strong><\/p>\n<p><a href=\"https:\/\/www.avani.pt\/p\/shampoo-vitaminado-fortificante-indian-hair-250ml\/\">Shampoo Indian Hair Vitaminado 250ml<\/a><\/p>\n<p><a href=\"https:\/\/www.avani.pt\/p\/condicionador-rebuild-cabelos-danificados-250ml\/\">Condicionador Indian Hair Rebuild para Cabelos Danificados 250ml<\/a><\/p>\n<p><a href=\"https:\/\/www.avani.pt\/p\/mascara-vitaminada-fortificante-indian-hair-500-ml-amla\/\">M\u00e1scara Indian Hair Vitaminada 500ml<\/a><\/p>\n<p><a href=\"https:\/\/www.avani.pt\/p\/tonico-capilar-vitaminado-fortificante-indian-hair-100ml\/\">T\u00f3nico Capilar Indian Hair Vitaminado 100ml<\/a><\/p>\n<p><a href=\"https:\/\/www.avani.pt\/p\/creme-selador-pontas-rebuilt-pontas-espigadas-e-abertas\/\">S\u00e9rum Selador de Pontas Indian Hair Rebuild 100ml<\/a><\/p>\n\n            <\/div>\n        \n        \n        \n\n        \n\n\n    <\/div>\n\n\n            <div class=\"accordion accordion-successive   js-accordion not-found mobile--only--md content-default-module text-align-center margin-top-between-modules back_color\">\n            <div class=\"accordion-container\">\n                <div class=\"accordion-question space-between\">\n                                            <h3 class=\"accordion-question-title uppercase back_color\">\n                            Detalhes\n                        <\/h3>\n                                        <span class=\"accordion-arrow back_color\">&emsp;<\/span>\n                <\/div>\n                <div class=\"accordion-answer\">\n                    \n                                            <div class=\"content-default-module-content\">\n                            <p><strong>Este tratamento \u00e9 composto por:<\/strong><\/p>\n<p><a href=\"https:\/\/www.avani.pt\/p\/shampoo-vitaminado-fortificante-indian-hair-250ml\/\">Shampoo Indian Hair Vitaminado 250ml<\/a><\/p>\n<p><a href=\"https:\/\/www.avani.pt\/p\/condicionador-rebuild-cabelos-danificados-250ml\/\">Condicionador Indian Hair Rebuild para Cabelos Danificados 250ml<\/a><\/p>\n<p><a href=\"https:\/\/www.avani.pt\/p\/mascara-vitaminada-fortificante-indian-hair-500-ml-amla\/\">M\u00e1scara Indian Hair Vitaminada 500ml<\/a><\/p>\n<p><a href=\"https:\/\/www.avani.pt\/p\/tonico-capilar-vitaminado-fortificante-indian-hair-100ml\/\">T\u00f3nico Capilar Indian Hair Vitaminado 100ml<\/a><\/p>\n<p><a href=\"https:\/\/www.avani.pt\/p\/creme-selador-pontas-rebuilt-pontas-espigadas-e-abertas\/\">S\u00e9rum Selador de Pontas Indian Hair Rebuild 100ml<\/a><\/p>\n\n                        <\/div>\n                    \n                    \n                                    <\/div>\n            <\/div>\n        <\/div>\n    \n<\/div>\n<div class=\"tip-products margin-top-between-modules default\">\n    <div class=\"container\">\n                    <h2 class=\"title\">\n                Comprar individualmente\n            <\/h2>\n        \n        \n        <div class=\"products-container\">\n                    <\/div>\n\n    <\/div>\n<\/div>\n[\/vc_column][\/vc_row]<\/p>\n<\/div>","protected":false},"excerpt":{"rendered":"<p>Composed of five products. It combines the Indian Hair Vitaminada range with Indian Hair Rebuild, a harmony between the ingredients used in ancient Indian culture and the innovative MoringaBond technology achieved through the hydrolysis process of the various components of the Moringa plant; the plant, the seeds and the oil, giving even more powerful characteristics than <span class=\"il\">moringa<\/span> in its natural state. <\/p>\n","protected":false},"featured_media":76745,"comment_status":"open","ping_status":"closed","template":"","meta":{"_acf_changed":false},"product_brand":[],"product_cat":[468,478],"product_tag":[],"class_list":{"0":"post-78316","1":"product","2":"type-product","3":"status-publish","4":"has-post-thumbnail","6":"product_cat-avani-exclusives","7":"product_cat-fine-hair-exclusive-avani-treatments","9":"first","10":"instock","11":"taxable","12":"shipping-taxable","13":"purchasable","14":"product-type-simple"},"acf":[],"wooqr_code":"","_links":{"self":[{"href":"https:\/\/www.avani.pt\/en\/wp-json\/wp\/v2\/product\/78316","targetHints":{"allow":["GET"]}}],"collection":[{"href":"https:\/\/www.avani.pt\/en\/wp-json\/wp\/v2\/product"}],"about":[{"href":"https:\/\/www.avani.pt\/en\/wp-json\/wp\/v2\/types\/product"}],"replies":[{"embeddable":true,"href":"https:\/\/www.avani.pt\/en\/wp-json\/wp\/v2\/comments?post=78316"}],"wp:featuredmedia":[{"embeddable":true,"href":"https:\/\/www.avani.pt\/en\/wp-json\/wp\/v2\/media\/76745"}],"wp:attachment":[{"href":"https:\/\/www.avani.pt\/en\/wp-json\/wp\/v2\/media?parent=78316"}],"wp:term":[{"taxonomy":"product_brand","embeddable":true,"href":"https:\/\/www.avani.pt\/en\/wp-json\/wp\/v2\/product_brand?post=78316"},{"taxonomy":"product_cat","embeddable":true,"href":"https:\/\/www.avani.pt\/en\/wp-json\/wp\/v2\/product_cat?post=78316"},{"taxonomy":"product_tag","embeddable":true,"href":"https:\/\/www.avani.pt\/en\/wp-json\/wp\/v2\/product_tag?post=78316"}],"curies":[{"name":"wp","href":"https:\/\/api.w.org\/{rel}","templated":true}]}}