{"id":78319,"date":"2018-05-01T22:09:18","date_gmt":"2018-05-01T21:09:18","guid":{"rendered":"https:\/\/www.avani.pt\/p\/very-dry-feet-repair-cream-20-urea-75-ml\/"},"modified":"2025-10-21T12:01:01","modified_gmt":"2025-10-21T11:01:01","slug":"very-dry-feet-repair-cream-20-urea-75-ml","status":"publish","type":"product","link":"https:\/\/www.avani.pt\/en\/p\/very-dry-feet-repair-cream-20-urea-75-ml\/","title":{"rendered":"Very dry feet repair cream 20% Urea | 75 ml"},"content":{"rendered":"<div class=\"wpb-content-wrapper\"><p>[vc_row full_width=&#8221;stretch_row_content_no_spaces&#8221; el_class=&#8221;text-align-center&#8221;][vc_column]<div class=\"stars-of-product-module-wrapper margin-top-between-modules\">\n    <img decoding=\"async\" class=\"stars-of-product-module-left-image-design\" src=\"\/dist\/images\/stars_product_module_design.png\">\n    <img decoding=\"async\" class=\"stars-of-product-module-right-image-design\" src=\"\/dist\/images\/stars_product_module_design.png\">\n\n    <div class=\"container\">\n\n        <div class=\"stars-of-product-module text-align-center  desktop--only--md\">\n\n            \n                            <div class=\"stars-of-product-module-titles\">\n                                            <h2 class=\"stars-of-product-module-title black uppercase back_color\">As Estrelas do Produto<\/h2>\n                                    <\/div>\n            \n                            <div class=\"stars-of-product-module-content\">\n                    <p>Creme especial de repara\u00e7\u00e3o para p\u00e9s muitos secos, rachados ou com calosidades enriquecido com 20% de ureia, um\u00a0mol\u00e9cula presente na epiderme que atua como um hidratante natural, ajuda a melhorar a fun\u00e7\u00e3o de barreira da pele e a manteiga de karit\u00e9 altamente nutritiva que\u00a0protege a pele \u00e1spera e seca e atua contra o envelhecimento. A percentagem de ureia de 20% presente neste creme, permite a hidrata\u00e7\u00e3o profunda e remo\u00e7\u00e3o de asperezas dos p\u00e9s &#8211; um creme regular ou com uma menor percentagem de ureia n\u00e3o tem a capacidade de penetrar nas \u00e1reas mais \u00e1speras da pele. Aroma muito agrad\u00e1vel, r\u00e1pida penetra\u00e7\u00e3o e n\u00e3o deixa a pele pastosa!<\/p>\n\n                <\/div>\n            \n        <\/div>\n\n\n                    <div class=\"accordion   accordion-successive-first js-accordion not-found mobile--only--md stars-of-product-module text-align-center margin-top-between-modules back_color\">\n                <div class=\"accordion-container\">\n                    <div class=\"accordion-question space-between\">\n                                                    <h3 class=\"accordion-question-title uppercase back_color\">\n                                As Estrelas do Produtos\n                            <\/h3>\n                                                <span class=\"accordion-arrow back_color\">&emsp;<\/span>\n                    <\/div>\n                    <div class=\"accordion-answer\">\n\n                        \n                                                    <div class=\"stars-of-product-module-content\">\n                                <p>Creme especial de repara\u00e7\u00e3o para p\u00e9s muitos secos, rachados ou com calosidades enriquecido com 20% de ureia, um\u00a0mol\u00e9cula presente na epiderme que atua como um hidratante natural, ajuda a melhorar a fun\u00e7\u00e3o de barreira da pele e a manteiga de karit\u00e9 altamente nutritiva que\u00a0protege a pele \u00e1spera e seca e atua contra o envelhecimento. A percentagem de ureia de 20% presente neste creme, permite a hidrata\u00e7\u00e3o profunda e remo\u00e7\u00e3o de asperezas dos p\u00e9s &#8211; um creme regular ou com uma menor percentagem de ureia n\u00e3o tem a capacidade de penetrar nas \u00e1reas mais \u00e1speras da pele. Aroma muito agrad\u00e1vel, r\u00e1pida penetra\u00e7\u00e3o e n\u00e3o deixa a pele pastosa!<\/p>\n\n                            <\/div>\n                                            <\/div>\n                <\/div>\n            <\/div>\n        \n    <\/div>\n<\/div>\n<div class=\"wp-block-embed wp-embed-width-desktop-70 wp-embed-width-mobile-90\">\n\t\t<figure class=\"wp-block-embed-video is-type-video is-provider-youtube wp-block-embed-youtube wp-embed-aspect-16-9 wp-has-aspect-ratio\">\n\t\t\t<div class=\"wp-block-embed__wrapper js-video-play\">\n\t\t\t\t<img decoding=\"async\" class=\"wp-block-embed__cover\" src=\"https:\/\/img.youtube.com\/vi\/RYd_ZV-0KwE\/maxresdefault.jpg\" \/>\n\t\t\t\t<i class=\"fa fa-play-circle\" aria-hidden=\"true\"><\/i>\n\t\t\t\t<iframe src=\"https:\/\/www.youtube.com\/embed\/RYd_ZV-0KwE?start=0&amp;showinfo=0&amp;controls=1&amp;rel=0\" frameborder=\"0\" allow=\"accelerometer; autoplay; clipboard-write; encrypted-media; gyroscope; picture-in-picture\" allowfullscreen=\"\"><\/iframe>\n\t\t\t<\/div>\n\t\t<\/figure>\n\t<\/div>\n\t<div class=\"av-social-share\"><p>Share<\/p> <div class=\"addtoany_shortcode\"><div class=\"a2a_kit a2a_kit_size_48 addtoany_list\" data-a2a-url=\"https:\/\/www.avani.pt\/en\/p\/very-dry-feet-repair-cream-20-urea-75-ml\/\" data-a2a-title=\"Very dry feet repair cream 20% Urea | 75 ml\"><a class=\"a2a_button_email\" href=\"https:\/\/www.addtoany.com\/add_to\/email?linkurl=https%3A%2F%2Fwww.avani.pt%2Fen%2Fp%2Fvery-dry-feet-repair-cream-20-urea-75-ml%2F&amp;linkname=Very%20dry%20feet%20repair%20cream%2020%25%20Urea%20%7C%2075%20ml\" title=\"Email\" rel=\"nofollow noopener\" target=\"_blank\"><img loading=\"lazy\" decoding=\"async\" src=\"\/wp-content\/themes\/slendertail-theme\/addtoany\/email.svg\" width=\"48\" height=\"48\" alt=\"Email\"><\/a><a class=\"a2a_button_facebook\" href=\"https:\/\/www.addtoany.com\/add_to\/facebook?linkurl=https%3A%2F%2Fwww.avani.pt%2Fen%2Fp%2Fvery-dry-feet-repair-cream-20-urea-75-ml%2F&amp;linkname=Very%20dry%20feet%20repair%20cream%2020%25%20Urea%20%7C%2075%20ml\" title=\"Facebook\" rel=\"nofollow noopener\" target=\"_blank\"><img loading=\"lazy\" decoding=\"async\" src=\"\/wp-content\/themes\/slendertail-theme\/addtoany\/facebook.svg\" width=\"48\" height=\"48\" alt=\"Facebook\"><\/a><a class=\"a2a_button_facebook_messenger\" href=\"https:\/\/www.addtoany.com\/add_to\/facebook_messenger?linkurl=https%3A%2F%2Fwww.avani.pt%2Fen%2Fp%2Fvery-dry-feet-repair-cream-20-urea-75-ml%2F&amp;linkname=Very%20dry%20feet%20repair%20cream%2020%25%20Urea%20%7C%2075%20ml\" title=\"Messenger\" rel=\"nofollow noopener\" target=\"_blank\"><img loading=\"lazy\" decoding=\"async\" src=\"\/wp-content\/themes\/slendertail-theme\/addtoany\/facebook_messenger.svg\" width=\"48\" height=\"48\" alt=\"Messenger\"><\/a><a class=\"a2a_button_whatsapp\" href=\"https:\/\/www.addtoany.com\/add_to\/whatsapp?linkurl=https%3A%2F%2Fwww.avani.pt%2Fen%2Fp%2Fvery-dry-feet-repair-cream-20-urea-75-ml%2F&amp;linkname=Very%20dry%20feet%20repair%20cream%2020%25%20Urea%20%7C%2075%20ml\" title=\"WhatsApp\" rel=\"nofollow noopener\" target=\"_blank\"><img loading=\"lazy\" decoding=\"async\" src=\"\/wp-content\/themes\/slendertail-theme\/addtoany\/whatsapp.svg\" width=\"48\" height=\"48\" alt=\"WhatsApp\"><\/a><\/div><\/div><\/div>[\/vc_column][\/vc_row][vc_row full_width=&#8221;stretch_row_content_no_spaces&#8221; el_class=&#8221;text-align-center&#8221;][vc_column]<div class=\"container\">\n\t<div class=\"usability-tips-and-secrets-module desktop--only--md\">\n\n\t\t<div class=\"usability-tips-and-secrets-module-content-wrapper full-width-container\">\n\n\t\t\t\n\t\t\t\t\t\t\t<div class=\"usability-tips-and-secrets-module-content usability-tips-and-secrets-module-content--bordered margin-top-between-modules\">\n\t\t\t\t\t\t\t\t\t\t\t<h2 class=\"uppercase black\">Como usar<\/h2>\n\t\t\t\t\t\n\t\t\t\t\t\t\t\t\t\t\t<p>Aplicar diariamente nos p\u00e9s limpos e secos, com ajuda de massagem, at\u00e9 total absor\u00e7\u00e3o.<\/p>\n\n\t\t\t\t\t\t\t\t\t<\/div>\n\t\t\t\n\t\t\t\t\t<\/div>\n\t<\/div>\n\n\t\t\t<div class=\"mobile--only--md usability-tips-and-secrets-module text-align-center margin-top-between-modules usability-tips-and-secrets-module-video\">\n\t\t\t\t\t<\/div>\n\t\n\t\t\t<div class=\"accordion accordion-successive  js-accordion not-found mobile--only--md usability-tips-and-secrets-module text-align-center margin-top-between-modules back_color\">\n\t\t\t<div class=\"accordion-container\">\n\t\t\t\t<div class=\"accordion-question space-between\">\n\t\t\t\t\t\t\t\t\t\t\t<h3 class=\"accordion-question-title uppercase back_color\">\n\t\t\t\t\t\t\tComo usar\n\t\t\t\t\t\t<\/h3>\n\t\t\t\t\t\n\t\t\t\t\t<span class=\"accordion-arrow back_color\">&emsp;<\/span>\n\t\t\t\t<\/div>\n\t\t\t\t<div class=\"accordion-answer\">\n\t\t\t\t\t\t\t\t\t\t\t<div class=\"usability-tips-and-secrets-module-content\">\n\t\t\t\t\t\t\t<p>Aplicar diariamente nos p\u00e9s limpos e secos, com ajuda de massagem, at\u00e9 total absor\u00e7\u00e3o.<\/p>\n\n\t\t\t\t\t\t<\/div>\n\t\t\t\t\t\t\t\t\t<\/div>\n\t\t\t<\/div>\n\t\t<\/div>\n\t\n\t<\/div>\n[\/vc_column][\/vc_row][vc_row full_width=&#8221;stretch_row_content_no_spaces&#8221; el_class=&#8221;text-align-center&#8221;][vc_column]<div class=\"container \">\n\n    <div class=\"content-default-module text-align-center margin-top-between-modules\n        \n        \n        \n        \n        \n        \n        desktop--only--md\"\n        style=\"margin-bottom: 0px;\"\n    >\n\n                <div class=\"content-default-module-titles\">\n                            <h2 class=\"content-default-module-title uppercase black\">Dicas &amp; Segredos<\/h2>\n            \n                    <\/div>\n        \n                    <div class=\"content-default-module-content\">\n                <p>Para melhores resultados complementar este cuidado com a esfolia\u00e7\u00e3o dos p\u00e9s, uma vez por semana, no banho &#8211; recomendamos o\u00a0<a href=\"https:\/\/www.avani.pt\/p\/esfoliante-corporal-500ml\/\">Gel Esfoliante corporal<\/a> com casca de coco, aloe vera e \u00e1cido glic\u00f3lico.<\/p>\n\n            <\/div>\n        \n        \n        \n\n        \n\n\n    <\/div>\n\n\n            <div class=\"accordion accordion-successive   js-accordion not-found mobile--only--md content-default-module text-align-center margin-top-between-modules back_color\">\n            <div class=\"accordion-container\">\n                <div class=\"accordion-question space-between\">\n                                            <h3 class=\"accordion-question-title uppercase back_color\">\n                            Dicas &amp; Segredos\n                        <\/h3>\n                                        <span class=\"accordion-arrow back_color\">&emsp;<\/span>\n                <\/div>\n                <div class=\"accordion-answer\">\n                    \n                                            <div class=\"content-default-module-content\">\n                            <p>Para melhores resultados complementar este cuidado com a esfolia\u00e7\u00e3o dos p\u00e9s, uma vez por semana, no banho &#8211; recomendamos o\u00a0<a href=\"https:\/\/www.avani.pt\/p\/esfoliante-corporal-500ml\/\">Gel Esfoliante corporal<\/a> com casca de coco, aloe vera e \u00e1cido glic\u00f3lico.<\/p>\n\n                        <\/div>\n                    \n                    \n                                    <\/div>\n            <\/div>\n        <\/div>\n    \n<\/div>\n<div class=\"container \">\n\n    <div class=\"content-default-module text-align-center margin-top-between-modules\n        \n        \n        \n        \n        \n        \n        desktop--only--md\"\n        style=\"margin-bottom: 0px;\"\n    >\n\n                <div class=\"content-default-module-titles\">\n                            <h2 class=\"content-default-module-title uppercase black\">Composi&ccedil;&atilde;o<\/h2>\n            \n                    <\/div>\n        \n                    <div class=\"content-default-module-content\">\n                <\/p>\n<p style=\"text-align: left;\"><strong>Ureia |<\/strong> indispens\u00e1vel nos cuidados de hidrata\u00e7\u00e3o dos p\u00e9s. Al\u00e9m de conseguir penetrar nas zonas onde a pele est\u00e1 mais endurecida e seca (que impedem a absor\u00e7\u00e3o dos cremes aplicados) hidrata as camadas mais profundas da pele. \u00c9 uma mol\u00e9cula presente na epiderme e atua como um hidratante natural. Ajuda a melhorar a fun\u00e7\u00e3o de barreira da pele; repara os calcanhares rachados; penetra nas camadas mais profundas da pele e promove a regenera\u00e7\u00e3o das c\u00e9lulas; ajuda a remover as calosidades e acalma a pele irritada. Os 20% de ureia presentes neste creme conferem uma ac\u00e7\u00e3o queratol\u00edtica, o que significa que ajuda a \u201cesfoliar\u201d a pele seca e descamada.<span class=\"Apple-converted-space\">\u00a0<\/span><\/p>\n<p style=\"text-align: left;\"><strong>Manteiga de karit\u00e9 | <\/strong>o\u00a0fruto do Karit\u00e9 cont\u00e9m uma polpa altamente nutritiva que envolve uma semente potente que cont\u00e9m o \u00f3leo da qual \u00e9 extra\u00edda a Manteiga. A Manteiga tem uma cor esbranqui\u00e7ada, cor de marfim e uma textura cremosa e aveludada. Enriquecida com vitamina F e \u00e1cidos graxos protege a pele \u00e1spera e seca e atua contra o envelhecimento. A Manteiga de Karit\u00e9 tamb\u00e9m possui propriedades cicatrizantes e regeneradoras que ajudam a acalmar a vermelhid\u00e3o e a pele sens\u00edvel.<\/p>\n<p>\n\n            <\/div>\n        \n        \n        \n\n        \n\n\n    <\/div>\n\n\n            <div class=\"accordion accordion-successive   js-accordion not-found mobile--only--md content-default-module text-align-center margin-top-between-modules back_color\">\n            <div class=\"accordion-container\">\n                <div class=\"accordion-question space-between\">\n                                            <h3 class=\"accordion-question-title uppercase back_color\">\n                            Composi&ccedil;&atilde;o\n                        <\/h3>\n                                        <span class=\"accordion-arrow back_color\">&emsp;<\/span>\n                <\/div>\n                <div class=\"accordion-answer\">\n                    \n                                            <div class=\"content-default-module-content\">\n                            <\/p>\n<p style=\"text-align: left;\"><strong>Ureia |<\/strong> indispens\u00e1vel nos cuidados de hidrata\u00e7\u00e3o dos p\u00e9s. Al\u00e9m de conseguir penetrar nas zonas onde a pele est\u00e1 mais endurecida e seca (que impedem a absor\u00e7\u00e3o dos cremes aplicados) hidrata as camadas mais profundas da pele. \u00c9 uma mol\u00e9cula presente na epiderme e atua como um hidratante natural. Ajuda a melhorar a fun\u00e7\u00e3o de barreira da pele; repara os calcanhares rachados; penetra nas camadas mais profundas da pele e promove a regenera\u00e7\u00e3o das c\u00e9lulas; ajuda a remover as calosidades e acalma a pele irritada. Os 20% de ureia presentes neste creme conferem uma ac\u00e7\u00e3o queratol\u00edtica, o que significa que ajuda a \u201cesfoliar\u201d a pele seca e descamada.<span class=\"Apple-converted-space\">\u00a0<\/span><\/p>\n<p style=\"text-align: left;\"><strong>Manteiga de karit\u00e9 | <\/strong>o\u00a0fruto do Karit\u00e9 cont\u00e9m uma polpa altamente nutritiva que envolve uma semente potente que cont\u00e9m o \u00f3leo da qual \u00e9 extra\u00edda a Manteiga. A Manteiga tem uma cor esbranqui\u00e7ada, cor de marfim e uma textura cremosa e aveludada. Enriquecida com vitamina F e \u00e1cidos graxos protege a pele \u00e1spera e seca e atua contra o envelhecimento. A Manteiga de Karit\u00e9 tamb\u00e9m possui propriedades cicatrizantes e regeneradoras que ajudam a acalmar a vermelhid\u00e3o e a pele sens\u00edvel.<\/p>\n<p>\n\n                        <\/div>\n                    \n                    \n                                    <\/div>\n            <\/div>\n        <\/div>\n    \n<\/div>\n<div class=\"container \">\n\n    <div class=\"content-default-module text-align-center margin-top-between-modules\n        \n        \n        \n        \n        \n        \n        desktop--only--md\"\n        style=\"margin-bottom: 0px;\"\n    >\n\n                <div class=\"content-default-module-titles\">\n                            <h2 class=\"content-default-module-title uppercase black\">Ingredientes<\/h2>\n            \n                    <\/div>\n        \n                    <div class=\"content-default-module-content\">\n                <\/p>\n<p style=\"text-align: center;\">Aqua, urea, stearic acid, Butyrospermum parkii butter, cetyl alcohol,<br \/>\nceteareth-20, isopropyl myristate, cetearyl alcohol, octyldodecanol, glycerin, parfum,<br \/>\nphenoxyethanol, methylparaben, ethylparaben, limonene, citral, benzyl salicylate, linalool.<\/p>\n<p>\n\n            <\/div>\n        \n        \n        \n\n        \n\n\n    <\/div>\n\n\n            <div class=\"accordion accordion-successive   js-accordion not-found mobile--only--md content-default-module text-align-center margin-top-between-modules back_color\">\n            <div class=\"accordion-container\">\n                <div class=\"accordion-question space-between\">\n                                            <h3 class=\"accordion-question-title uppercase back_color\">\n                            Ingredientes\n                        <\/h3>\n                                        <span class=\"accordion-arrow back_color\">&emsp;<\/span>\n                <\/div>\n                <div class=\"accordion-answer\">\n                    \n                                            <div class=\"content-default-module-content\">\n                            <\/p>\n<p style=\"text-align: center;\">Aqua, urea, stearic acid, Butyrospermum parkii butter, cetyl alcohol,<br \/>\nceteareth-20, isopropyl myristate, cetearyl alcohol, octyldodecanol, glycerin, parfum,<br \/>\nphenoxyethanol, methylparaben, ethylparaben, limonene, citral, benzyl salicylate, linalool.<\/p>\n<p>\n\n                        <\/div>\n                    \n                    \n                                    <\/div>\n            <\/div>\n        <\/div>\n    \n<\/div>\n[\/vc_column][\/vc_row]<\/p>\n<\/div>","protected":false},"excerpt":{"rendered":"<p>Foot cream specially formulated to repair very dry feet with 20% urea. Vegan composition enriched with shea butter, glycerin and urea. Intensely moisturizes extremely dry skin for soft, smooth feet. Also helps reduce thick heels and calluses. Quickly absorbed, not pasty.    <\/p>\n","protected":false},"featured_media":76115,"comment_status":"open","ping_status":"closed","template":"","meta":{"_acf_changed":false},"product_brand":[],"product_cat":[696,691,519,690,692],"product_tag":[],"class_list":{"0":"post-78319","1":"product","2":"type-product","3":"status-publish","4":"has-post-thumbnail","6":"product_cat-foot-care","8":"product_cat-hand-and-foot-care","9":"product_cat-hands-and-feet","10":"product_cat-manicure-and-pedicure","12":"first","13":"instock","14":"taxable","15":"shipping-taxable","16":"purchasable","17":"product-type-simple"},"acf":[],"wooqr_code":"","_links":{"self":[{"href":"https:\/\/www.avani.pt\/en\/wp-json\/wp\/v2\/product\/78319","targetHints":{"allow":["GET"]}}],"collection":[{"href":"https:\/\/www.avani.pt\/en\/wp-json\/wp\/v2\/product"}],"about":[{"href":"https:\/\/www.avani.pt\/en\/wp-json\/wp\/v2\/types\/product"}],"replies":[{"embeddable":true,"href":"https:\/\/www.avani.pt\/en\/wp-json\/wp\/v2\/comments?post=78319"}],"wp:featuredmedia":[{"embeddable":true,"href":"https:\/\/www.avani.pt\/en\/wp-json\/wp\/v2\/media\/76115"}],"wp:attachment":[{"href":"https:\/\/www.avani.pt\/en\/wp-json\/wp\/v2\/media?parent=78319"}],"wp:term":[{"taxonomy":"product_brand","embeddable":true,"href":"https:\/\/www.avani.pt\/en\/wp-json\/wp\/v2\/product_brand?post=78319"},{"taxonomy":"product_cat","embeddable":true,"href":"https:\/\/www.avani.pt\/en\/wp-json\/wp\/v2\/product_cat?post=78319"},{"taxonomy":"product_tag","embeddable":true,"href":"https:\/\/www.avani.pt\/en\/wp-json\/wp\/v2\/product_tag?post=78319"}],"curies":[{"name":"wp","href":"https:\/\/api.w.org\/{rel}","templated":true}]}}