{"id":78349,"date":"2018-03-28T10:31:03","date_gmt":"2018-03-28T09:31:03","guid":{"rendered":"https:\/\/www.avani.pt\/p\/shakti-aromatic-massage-balm-150ml\/"},"modified":"2025-10-21T12:01:38","modified_gmt":"2025-10-21T11:01:38","slug":"shakti-aromatic-massage-balm-150ml","status":"publish","type":"product","link":"https:\/\/www.avani.pt\/en\/p\/shakti-aromatic-massage-balm-150ml\/","title":{"rendered":"Shakti aromatic massage balm | 150ml"},"content":{"rendered":"<div class=\"wpb-content-wrapper\"><p>[vc_row full_width=&#8221;stretch_row_content_no_spaces&#8221; el_class=&#8221;text-align-center&#8221;][vc_column]<div class=\"stars-of-product-module-wrapper margin-top-between-modules\">\n    <img decoding=\"async\" class=\"stars-of-product-module-left-image-design\" src=\"\/dist\/images\/stars_product_module_design.png\">\n    <img decoding=\"async\" class=\"stars-of-product-module-right-image-design\" src=\"\/dist\/images\/stars_product_module_design.png\">\n\n    <div class=\"container\">\n\n        <div class=\"stars-of-product-module text-align-center  desktop--only--md\">\n\n            \n                            <div class=\"stars-of-product-module-titles\">\n                                            <h2 class=\"stars-of-product-module-title black uppercase back_color\">The Product Stars<\/h2>\n                                    <\/div>\n            \n                            <div class=\"stars-of-product-module-content\">\n                    <p>Balm with a high concentration of natural oils that can be applied frequently due to its natural composition. It is ideal for people with an active lifestyle and the elderly. It provides a relaxing sensation of well-being in the area where it is applied. Enriched with over 80% ingredients of natural origin.   <\/p>\n\n                <\/div>\n            \n        <\/div>\n\n\n                    <div class=\"accordion   accordion-successive-first js-accordion not-found mobile--only--md stars-of-product-module text-align-center margin-top-between-modules back_color\">\n                <div class=\"accordion-container\">\n                    <div class=\"accordion-question space-between\">\n                                                    <h3 class=\"accordion-question-title uppercase back_color\">\n                                As Estrelas do Produtos\n                            <\/h3>\n                                                <span class=\"accordion-arrow back_color\">&emsp;<\/span>\n                    <\/div>\n                    <div class=\"accordion-answer\">\n\n                        \n                                                    <div class=\"stars-of-product-module-content\">\n                                <p>Balm with a high concentration of natural oils that can be applied frequently due to its natural composition. It is ideal for people with an active lifestyle and the elderly. It provides a relaxing sensation of well-being in the area where it is applied. Enriched with over 80% ingredients of natural origin.   <\/p>\n\n                            <\/div>\n                                            <\/div>\n                <\/div>\n            <\/div>\n        \n    <\/div>\n<\/div>\n[\/vc_column][\/vc_row][vc_row full_width=&#8221;stretch_row_content_no_spaces&#8221; el_class=&#8221;text-align-center&#8221;][vc_column]<div class=\"container\">\n\t<div class=\"usability-tips-and-secrets-module desktop--only--md\">\n\n\t\t<div class=\"usability-tips-and-secrets-module-content-wrapper full-width-container\">\n\n\t\t\t\n\t\t\t\t\t\t\t<div class=\"usability-tips-and-secrets-module-content usability-tips-and-secrets-module-content--bordered margin-top-between-modules\">\n\t\t\t\t\t\t\t\t\t\t\t<h2 class=\"uppercase black\">Como usar<\/h2>\n\t\t\t\t\t\n\t\t\t\t\t\t\t\t\t\t\t<p>Aplicar diretamente na pele, massajando o produto suavemente at\u00e9 \u00e0 sua total absor\u00e7\u00e3o.<\/p>\n\n\t\t\t\t\t\t\t\t\t<\/div>\n\t\t\t\n\t\t\t\t\t<\/div>\n\t<\/div>\n\n\t\n\t\t\t<div class=\"accordion accordion-successive  js-accordion not-found mobile--only--md usability-tips-and-secrets-module text-align-center margin-top-between-modules back_color\">\n\t\t\t<div class=\"accordion-container\">\n\t\t\t\t<div class=\"accordion-question space-between\">\n\t\t\t\t\t\t\t\t\t\t\t<h3 class=\"accordion-question-title uppercase back_color\">\n\t\t\t\t\t\t\tComo usar\n\t\t\t\t\t\t<\/h3>\n\t\t\t\t\t\n\t\t\t\t\t<span class=\"accordion-arrow back_color\">&emsp;<\/span>\n\t\t\t\t<\/div>\n\t\t\t\t<div class=\"accordion-answer\">\n\t\t\t\t\t\t\t\t\t\t\t<div class=\"usability-tips-and-secrets-module-content\">\n\t\t\t\t\t\t\t<p>Aplicar diretamente na pele, massajando o produto suavemente at\u00e9 \u00e0 sua total absor\u00e7\u00e3o.<\/p>\n\n\t\t\t\t\t\t<\/div>\n\t\t\t\t\t\t\t\t\t<\/div>\n\t\t\t<\/div>\n\t\t<\/div>\n\t\n\t<\/div>\n[\/vc_column][\/vc_row][vc_row full_width=&#8221;stretch_row_content_no_spaces&#8221; el_class=&#8221;text-align-center&#8221;][vc_column]<div class=\"container \">\n\n    <div class=\"content-default-module text-align-center margin-top-between-modules\n        \n        \n        \n        \n        \n        \n        desktop--only--md\"\n        style=\"margin-bottom: 0px;\"\n    >\n\n                <div class=\"content-default-module-titles\">\n                            <h2 class=\"content-default-module-title uppercase black\">Dicas &amp; Segredos<\/h2>\n            \n                    <\/div>\n        \n                    <div class=\"content-default-module-content\">\n                <p>Aplicar em conjunto com o <a href=\"https:\/\/www.avani.pt\/p\/gel-modelador-frio-descongestionante-500ml\/\">Gel Frio Cold Skin<\/a> para um alivio r\u00e1pido do desconforto e sensa\u00e7\u00e3o de pernas pesadas (por exemplo, aplicar nas zonas a tratar o <a href=\"https:\/\/www.avani.pt\/p\/gel-modelador-frio-descongestionante-500ml\/\">Gel Cold Skin<\/a> de manh\u00e3 e este b\u00e1lsamo \u00e0 noite massajando bem).<\/p>\n\n            <\/div>\n        \n        \n        \n\n        \n\n\n    <\/div>\n\n\n            <div class=\"accordion accordion-successive   js-accordion not-found mobile--only--md content-default-module text-align-center margin-top-between-modules back_color\">\n            <div class=\"accordion-container\">\n                <div class=\"accordion-question space-between\">\n                                            <h3 class=\"accordion-question-title uppercase back_color\">\n                            Dicas &amp; Segredos\n                        <\/h3>\n                                        <span class=\"accordion-arrow back_color\">&emsp;<\/span>\n                <\/div>\n                <div class=\"accordion-answer\">\n                    \n                                            <div class=\"content-default-module-content\">\n                            <p>Aplicar em conjunto com o <a href=\"https:\/\/www.avani.pt\/p\/gel-modelador-frio-descongestionante-500ml\/\">Gel Frio Cold Skin<\/a> para um alivio r\u00e1pido do desconforto e sensa\u00e7\u00e3o de pernas pesadas (por exemplo, aplicar nas zonas a tratar o <a href=\"https:\/\/www.avani.pt\/p\/gel-modelador-frio-descongestionante-500ml\/\">Gel Cold Skin<\/a> de manh\u00e3 e este b\u00e1lsamo \u00e0 noite massajando bem).<\/p>\n\n                        <\/div>\n                    \n                    \n                                    <\/div>\n            <\/div>\n        <\/div>\n    \n<\/div>\n<div class=\"container \">\n\n    <div class=\"content-default-module text-align-center margin-top-between-modules\n        \n        \n        \n        \n        \n        \n        desktop--only--md\"\n        style=\"margin-bottom: 0px;\"\n    >\n\n                <div class=\"content-default-module-titles\">\n                            <h2 class=\"content-default-module-title uppercase black\">Composi&ccedil;&atilde;o<\/h2>\n            \n                    <\/div>\n        \n                    <div class=\"content-default-module-content\">\n                <\/p>\n<p style=\"text-align: left;\"><strong>Extrato de Harpago |<\/strong>\u00a0tamb\u00e9m designado de\u00a0unha ou garra do diabo, \u00e9 uma planta medicinal rica em harpagos\u00eddeos, flavon\u00f3ides, canferol, \u00e1cido caf\u00e9ico, \u00e1cido clorog\u00eanico e propriedades antioxidantes que ajuda a aliviar os m\u00fasculos e as articula\u00e7\u00f5es, mantendo a sua flexibilidade.<\/p>\n<p style=\"text-align: left;\"><strong>Pr\u00f3polis |<\/strong> usado desde a antiguidade por v\u00e1rias civiliza\u00e7\u00f5es para ajudar no tratamento de feridas e infec\u00e7\u00f5es, \u00e9 rico em propriedades anti-inflamat\u00f3rias, antibacterianas, antivirais e antif\u00fangicas. Tem uma composi\u00e7\u00e3o muito rica com vitaminas fundamentais para o corpo, como c\u00e1lcio, cobre, ferro e vitaminas B1, B2, B6, C e E.<\/p>\n<p style=\"text-align: left;\"><strong>\u00d3leo de folha de eucalipto |\u00a0<\/strong>\u00f3leo essencial proveniente da destila\u00e7\u00e3o a vapor das folhas da \u00e1rvore de eucalipto. Tem um aroma canforado e \u00e9 rico em propriedades antibacterianas.<\/p>\n<p style=\"text-align: left;\"><strong>\u00d3leo essencial de Niaouli Melaleuca |<\/strong> derivado das folhas da \u00e1rvore Melaleuca quinquenervia, nativa da Austr\u00e1lia, tem um aroma doce e fresco com notas de c\u00e2nfora e \u00e9 frequentemente usado para apoiar a fun\u00e7\u00e3o respirat\u00f3ria saud\u00e1vel. Rico em propriedades antis\u00e9pticas.<\/p>\n<p style=\"text-align: left;\"><strong>\u00d3leo de folha de Alecrim | <\/strong>rico em\u00a0propriedades antiss\u00e9pticas, antibacterianas, antioxidantes e estimulantes. Ajuda a aliviar desconfortos, estimular a circula\u00e7\u00e3o e a relaxar os m\u00fasculos r\u00edgidos.<\/p>\n<p style=\"text-align: left;\"><strong>\u00d3leo de Zimbro | <\/strong>origin\u00e1rio da Europa, o zimbro \u00e9 um pequeno arbusto com folhas espinhosas que produz frutos redondos, escuros (negro-azulados).\u00a0No Tibete, era tradicional queimar madeira de zimbro durante as cerim\u00f3nias, os eg\u00edpcios utilizavam-na para combater infec\u00e7\u00f5es, os gregos ofereciam o perfume da madeira de zimbro aos deuses do submundo, e os romanos elogiavam as virtudes antiss\u00e9pticas e diur\u00e9ticas desta planta. Na Idade M\u00e9dia era utilizado para purificar o ar &#8211; o \u00f3leo essencial de zimbro contribui para a purifica\u00e7\u00e3o. O aroma particular das bagas de zimbro tamb\u00e9m \u00e9 muito apreciado na cozinha.\u00a0O \u00f3leo de zimbro tem um efeito ben\u00e9fico sobre os m\u00fasculos e ajuda a manter a flexibilidade das articula\u00e7\u00f5es.<\/p>\n<p style=\"text-align: left;\"><strong>\u00d3leo de Gengibre<\/strong> | rico em propriedades anti-inflamat\u00f3rias e antibacterianas o gengibre foi valorizado durante milhares de anos pelas suas incr\u00edveis propriedades medicinais e culin\u00e1rias, especialmente nas civiliza\u00e7\u00f5es antigas da China, India e Gr\u00e9cia. Os benef\u00edcios do gengibre para aliviar a dor s\u00e3o amplamente conhecidos desde a antiguidade.<\/p>\n<p style=\"text-align: left;\"><strong>\u00d3leo de Pinheiro da Sib\u00e9ria |<\/strong>\u00a0caracteriza-se pela sua fragr\u00e2ncia de ervas e fresca. Os seus efeitos estimulantes s\u00e3o not\u00e1veis; ajuda a promover a circula\u00e7\u00e3o sangu\u00ednea, aliviar a dor muscular e a\u00a0criar um efeito quente e aconchegante na pele.<\/p>\n<p style=\"text-align: left;\"><strong>\u00d3leo essencial do Fruto Litsea cubeba |<\/strong> tem um aroma agrad\u00e1vel, fresco e c\u00edtrico. Rico em poderosas propriedades anti-inflamat\u00f3rias, ajuda a reduzir a inflama\u00e7\u00e3o muscular e a dor.<\/p>\n<p style=\"text-align: left;\"><strong>\u00d3leo de Cravo\u00a0|<\/strong>\u00a0utilizado \u00e1 s\u00e9culos na medicina tradicional chinesa e ayurveda por ser rico em magn\u00e9sio, vitamina K, pot\u00e1ssio, beta caroteno e eugenol. Este \u00f3leo \u00e9 conhecido pelas propriedades antif\u00fangicas e antiss\u00e9ticas. Ajuda a acalmar todo o tipo de dores musculares.<\/p>\n<p style=\"text-align: left;\"><strong>Menthol |<\/strong> rico em propriedades antif\u00fangicas e anti-inflamat\u00f3rias proporciona uma sensa\u00e7\u00e3o de efeito \u201cgelo\u201d. \u00c9 usado frequentemente para aliviar pequenas dores causadas por artrite, dores simples nas costas, hematomas, c\u00e3ibras, distens\u00f5es musculares ou entorses.<\/p>\n<p style=\"text-align: left;\"><strong>C\u00e2nfora |<\/strong>\u00a0planta medicinal rica em \u00f3leos essenciais e arom\u00e1ticos, com propriedades antiss\u00e9pticas, descongestionantes, calmantes e analg\u00e9sicas muito usado para ajudar a aliviar as dores musculares.<\/p>\n<p>\n\n            <\/div>\n        \n        \n        \n\n        \n\n\n    <\/div>\n\n\n            <div class=\"accordion accordion-successive   js-accordion not-found mobile--only--md content-default-module text-align-center margin-top-between-modules back_color\">\n            <div class=\"accordion-container\">\n                <div class=\"accordion-question space-between\">\n                                            <h3 class=\"accordion-question-title uppercase back_color\">\n                            Composi&ccedil;&atilde;o\n                        <\/h3>\n                                        <span class=\"accordion-arrow back_color\">&emsp;<\/span>\n                <\/div>\n                <div class=\"accordion-answer\">\n                    \n                                            <div class=\"content-default-module-content\">\n                            <\/p>\n<p style=\"text-align: left;\"><strong>Extrato de Harpago |<\/strong>\u00a0tamb\u00e9m designado de\u00a0unha ou garra do diabo, \u00e9 uma planta medicinal rica em harpagos\u00eddeos, flavon\u00f3ides, canferol, \u00e1cido caf\u00e9ico, \u00e1cido clorog\u00eanico e propriedades antioxidantes que ajuda a aliviar os m\u00fasculos e as articula\u00e7\u00f5es, mantendo a sua flexibilidade.<\/p>\n<p style=\"text-align: left;\"><strong>Pr\u00f3polis |<\/strong> usado desde a antiguidade por v\u00e1rias civiliza\u00e7\u00f5es para ajudar no tratamento de feridas e infec\u00e7\u00f5es, \u00e9 rico em propriedades anti-inflamat\u00f3rias, antibacterianas, antivirais e antif\u00fangicas. Tem uma composi\u00e7\u00e3o muito rica com vitaminas fundamentais para o corpo, como c\u00e1lcio, cobre, ferro e vitaminas B1, B2, B6, C e E.<\/p>\n<p style=\"text-align: left;\"><strong>\u00d3leo de folha de eucalipto |\u00a0<\/strong>\u00f3leo essencial proveniente da destila\u00e7\u00e3o a vapor das folhas da \u00e1rvore de eucalipto. Tem um aroma canforado e \u00e9 rico em propriedades antibacterianas.<\/p>\n<p style=\"text-align: left;\"><strong>\u00d3leo essencial de Niaouli Melaleuca |<\/strong> derivado das folhas da \u00e1rvore Melaleuca quinquenervia, nativa da Austr\u00e1lia, tem um aroma doce e fresco com notas de c\u00e2nfora e \u00e9 frequentemente usado para apoiar a fun\u00e7\u00e3o respirat\u00f3ria saud\u00e1vel. Rico em propriedades antis\u00e9pticas.<\/p>\n<p style=\"text-align: left;\"><strong>\u00d3leo de folha de Alecrim | <\/strong>rico em\u00a0propriedades antiss\u00e9pticas, antibacterianas, antioxidantes e estimulantes. Ajuda a aliviar desconfortos, estimular a circula\u00e7\u00e3o e a relaxar os m\u00fasculos r\u00edgidos.<\/p>\n<p style=\"text-align: left;\"><strong>\u00d3leo de Zimbro | <\/strong>origin\u00e1rio da Europa, o zimbro \u00e9 um pequeno arbusto com folhas espinhosas que produz frutos redondos, escuros (negro-azulados).\u00a0No Tibete, era tradicional queimar madeira de zimbro durante as cerim\u00f3nias, os eg\u00edpcios utilizavam-na para combater infec\u00e7\u00f5es, os gregos ofereciam o perfume da madeira de zimbro aos deuses do submundo, e os romanos elogiavam as virtudes antiss\u00e9pticas e diur\u00e9ticas desta planta. Na Idade M\u00e9dia era utilizado para purificar o ar &#8211; o \u00f3leo essencial de zimbro contribui para a purifica\u00e7\u00e3o. O aroma particular das bagas de zimbro tamb\u00e9m \u00e9 muito apreciado na cozinha.\u00a0O \u00f3leo de zimbro tem um efeito ben\u00e9fico sobre os m\u00fasculos e ajuda a manter a flexibilidade das articula\u00e7\u00f5es.<\/p>\n<p style=\"text-align: left;\"><strong>\u00d3leo de Gengibre<\/strong> | rico em propriedades anti-inflamat\u00f3rias e antibacterianas o gengibre foi valorizado durante milhares de anos pelas suas incr\u00edveis propriedades medicinais e culin\u00e1rias, especialmente nas civiliza\u00e7\u00f5es antigas da China, India e Gr\u00e9cia. Os benef\u00edcios do gengibre para aliviar a dor s\u00e3o amplamente conhecidos desde a antiguidade.<\/p>\n<p style=\"text-align: left;\"><strong>\u00d3leo de Pinheiro da Sib\u00e9ria |<\/strong>\u00a0caracteriza-se pela sua fragr\u00e2ncia de ervas e fresca. Os seus efeitos estimulantes s\u00e3o not\u00e1veis; ajuda a promover a circula\u00e7\u00e3o sangu\u00ednea, aliviar a dor muscular e a\u00a0criar um efeito quente e aconchegante na pele.<\/p>\n<p style=\"text-align: left;\"><strong>\u00d3leo essencial do Fruto Litsea cubeba |<\/strong> tem um aroma agrad\u00e1vel, fresco e c\u00edtrico. Rico em poderosas propriedades anti-inflamat\u00f3rias, ajuda a reduzir a inflama\u00e7\u00e3o muscular e a dor.<\/p>\n<p style=\"text-align: left;\"><strong>\u00d3leo de Cravo\u00a0|<\/strong>\u00a0utilizado \u00e1 s\u00e9culos na medicina tradicional chinesa e ayurveda por ser rico em magn\u00e9sio, vitamina K, pot\u00e1ssio, beta caroteno e eugenol. Este \u00f3leo \u00e9 conhecido pelas propriedades antif\u00fangicas e antiss\u00e9ticas. Ajuda a acalmar todo o tipo de dores musculares.<\/p>\n<p style=\"text-align: left;\"><strong>Menthol |<\/strong> rico em propriedades antif\u00fangicas e anti-inflamat\u00f3rias proporciona uma sensa\u00e7\u00e3o de efeito \u201cgelo\u201d. \u00c9 usado frequentemente para aliviar pequenas dores causadas por artrite, dores simples nas costas, hematomas, c\u00e3ibras, distens\u00f5es musculares ou entorses.<\/p>\n<p style=\"text-align: left;\"><strong>C\u00e2nfora |<\/strong>\u00a0planta medicinal rica em \u00f3leos essenciais e arom\u00e1ticos, com propriedades antiss\u00e9pticas, descongestionantes, calmantes e analg\u00e9sicas muito usado para ajudar a aliviar as dores musculares.<\/p>\n<p>\n\n                        <\/div>\n                    \n                    \n                                    <\/div>\n            <\/div>\n        <\/div>\n    \n<\/div>\n<div class=\"container \">\n\n    <div class=\"content-default-module text-align-center margin-top-between-modules\n        \n        \n        \n        \n        \n        \n        desktop--only--md\"\n        style=\"margin-bottom: 0px;\"\n    >\n\n                <div class=\"content-default-module-titles\">\n                            <h2 class=\"content-default-module-title uppercase black\">Ingredientes<\/h2>\n            \n                    <\/div>\n        \n                    <div class=\"content-default-module-content\">\n                <\/p>\n<p style=\"text-align: center;\">Aqua, alcohol denat., Prunus amygdalus dulcis oil, propylene glycol, glyceryl<br \/>\nstearate, pentylene glycol, cetearyl alcohol, glycerin, ceteareth-20, Harpagophytum<br \/>\nprocumbens root extract, propolis extract, Eucalyptus globulus leaf oil, Melaleuca<br \/>\nquinquenervia oil, Rosmarinus officinalis leaf oil, Juniperus communis fruit oil, Zingiber<br \/>\nofficinale root oil, Abies sibirica oil, Litsea cubeba fruit oil, Eugenia caryophyllus leaf oil,<br \/>\nmenthol, camphor, polyacrylate crosspolymer-6, caprylyl glycol, methyl salicylate, potassium<br \/>\nsorbate, citronellol, eugenol, limonene, farnesol, geraniol, linalool, citral.<\/p>\n<p>\n\n            <\/div>\n        \n        \n        \n\n        \n\n\n    <\/div>\n\n\n            <div class=\"accordion accordion-successive   js-accordion not-found mobile--only--md content-default-module text-align-center margin-top-between-modules back_color\">\n            <div class=\"accordion-container\">\n                <div class=\"accordion-question space-between\">\n                                            <h3 class=\"accordion-question-title uppercase back_color\">\n                            Ingredientes\n                        <\/h3>\n                                        <span class=\"accordion-arrow back_color\">&emsp;<\/span>\n                <\/div>\n                <div class=\"accordion-answer\">\n                    \n                                            <div class=\"content-default-module-content\">\n                            <\/p>\n<p style=\"text-align: center;\">Aqua, alcohol denat., Prunus amygdalus dulcis oil, propylene glycol, glyceryl<br \/>\nstearate, pentylene glycol, cetearyl alcohol, glycerin, ceteareth-20, Harpagophytum<br \/>\nprocumbens root extract, propolis extract, Eucalyptus globulus leaf oil, Melaleuca<br \/>\nquinquenervia oil, Rosmarinus officinalis leaf oil, Juniperus communis fruit oil, Zingiber<br \/>\nofficinale root oil, Abies sibirica oil, Litsea cubeba fruit oil, Eugenia caryophyllus leaf oil,<br \/>\nmenthol, camphor, polyacrylate crosspolymer-6, caprylyl glycol, methyl salicylate, potassium<br \/>\nsorbate, citronellol, eugenol, limonene, farnesol, geraniol, linalool, citral.<\/p>\n<p>\n\n                        <\/div>\n                    \n                    \n                                    <\/div>\n            <\/div>\n        <\/div>\n    \n<\/div>\n[\/vc_column][\/vc_row]<\/p>\n<\/div>","protected":false},"excerpt":{"rendered":"<p>Aromatic herbal massage balm with a high concentration of natural oils, ideal for muscle discomfort caused by a long day at work, physical exercise, heavy legs or other ailments. Enriched with verbena, juniper, siberian pine, clove, ginger, menthol, harpago extract and propolis. <\/p>\n","protected":false},"featured_media":75313,"comment_status":"open","ping_status":"closed","template":"","meta":{"_acf_changed":false},"product_brand":[],"product_cat":[496,518,698,668,591,531,517],"product_tag":[],"class_list":{"0":"post-78349","1":"product","2":"type-product","3":"status-publish","4":"has-post-thumbnail","6":"product_cat-body","7":"product_cat-body-care","8":"product_cat-body-gel","9":"product_cat-body-massage","10":"product_cat-label-change-promotion","11":"product_cat-melaleuca","12":"product_cat-products-body","14":"first","15":"instock","16":"taxable","17":"shipping-taxable","18":"purchasable","19":"product-type-simple"},"acf":[],"wooqr_code":"","_links":{"self":[{"href":"https:\/\/www.avani.pt\/en\/wp-json\/wp\/v2\/product\/78349","targetHints":{"allow":["GET"]}}],"collection":[{"href":"https:\/\/www.avani.pt\/en\/wp-json\/wp\/v2\/product"}],"about":[{"href":"https:\/\/www.avani.pt\/en\/wp-json\/wp\/v2\/types\/product"}],"replies":[{"embeddable":true,"href":"https:\/\/www.avani.pt\/en\/wp-json\/wp\/v2\/comments?post=78349"}],"wp:featuredmedia":[{"embeddable":true,"href":"https:\/\/www.avani.pt\/en\/wp-json\/wp\/v2\/media\/75313"}],"wp:attachment":[{"href":"https:\/\/www.avani.pt\/en\/wp-json\/wp\/v2\/media?parent=78349"}],"wp:term":[{"taxonomy":"product_brand","embeddable":true,"href":"https:\/\/www.avani.pt\/en\/wp-json\/wp\/v2\/product_brand?post=78349"},{"taxonomy":"product_cat","embeddable":true,"href":"https:\/\/www.avani.pt\/en\/wp-json\/wp\/v2\/product_cat?post=78349"},{"taxonomy":"product_tag","embeddable":true,"href":"https:\/\/www.avani.pt\/en\/wp-json\/wp\/v2\/product_tag?post=78349"}],"curies":[{"name":"wp","href":"https:\/\/api.w.org\/{rel}","templated":true}]}}