{"id":78402,"date":"2018-03-23T17:55:36","date_gmt":"2018-03-23T17:55:36","guid":{"rendered":"https:\/\/www.avani.pt\/p\/cucumber-green-tea-facial-toner-500ml-oily-skin\/"},"modified":"2025-10-21T12:01:40","modified_gmt":"2025-10-21T11:01:40","slug":"cucumber-green-tea-facial-toner-500ml-oily-skin","status":"publish","type":"product","link":"https:\/\/www.avani.pt\/en\/p\/cucumber-green-tea-facial-toner-500ml-oily-skin\/","title":{"rendered":"Cucumber &amp; Green Tea Facial Toner 500ml | Oily Skin"},"content":{"rendered":"<div class=\"wpb-content-wrapper\"><p>[vc_row full_width=&#8221;stretch_row_content_no_spaces&#8221; el_class=&#8221;text-align-center&#8221;][vc_column]<div class=\"stars-of-product-module-wrapper margin-top-between-modules\">\n    <img decoding=\"async\" class=\"stars-of-product-module-left-image-design\" src=\"\/dist\/images\/stars_product_module_design.png\">\n    <img decoding=\"async\" class=\"stars-of-product-module-right-image-design\" src=\"\/dist\/images\/stars_product_module_design.png\">\n\n    <div class=\"container\">\n\n        <div class=\"stars-of-product-module text-align-center  desktop--only--md\">\n\n            \n                            <div class=\"stars-of-product-module-titles\">\n                                            <h2 class=\"stars-of-product-module-title black uppercase back_color\">The Product Stars<\/h2>\n                                    <\/div>\n            \n                            <div class=\"stars-of-product-module-content\">\n                    <p>The outermost layer of human skin is known as the skin barrier. The ideal pH level to keep the skin barrier healthy is between 5 and 7; the best condition will be with a pH level of 5.5, which is slightly acidic. When this pH level is maintained, we ensure that the skin barrier works at its best to fight harmful bacteria, thus preventing irritation. A balanced pH level improves skin health. When the skin is cleansed, there ends up being an imbalance, making it more alkaline. That&#8217;s why it&#8217;s important to use a toner regularly to rebalance the skin and restore its pH level,       <span class=\"Apple-converted-space\">after cleansing and before moisturizing. This toner has a fresh texture, soothes the skin and has a rich composition based on the extract   <\/span>cucumber that improves skin elasticity and regenerates it; toning green tea extract that helps control excess oil; salicylic acid that exfoliates slightly, preventing pores from clogging with dead skin cells; and lactic acid that can be applied to dry and sensitive skin as it is one of the mildest and most moisturizing alpha-hydroxy acids.  <span class=\"Apple-converted-space\">Its gentle formula removes impurities, dirt, excess oil and make-up residue while respecting the skin&#8217;s moisture. The skin is left clean and perfectly prepared for the application of other skincare products. <\/span><\/p>\n\n                <\/div>\n            \n        <\/div>\n\n\n                    <div class=\"accordion   accordion-successive-first js-accordion not-found mobile--only--md stars-of-product-module text-align-center margin-top-between-modules back_color\">\n                <div class=\"accordion-container\">\n                    <div class=\"accordion-question space-between\">\n                                                    <h3 class=\"accordion-question-title uppercase back_color\">\n                                As Estrelas do Produtos\n                            <\/h3>\n                                                <span class=\"accordion-arrow back_color\">&emsp;<\/span>\n                    <\/div>\n                    <div class=\"accordion-answer\">\n\n                        \n                                                    <div class=\"stars-of-product-module-content\">\n                                <p>The outermost layer of human skin is known as the skin barrier. The ideal pH level to keep the skin barrier healthy is between 5 and 7; the best condition will be with a pH level of 5.5, which is slightly acidic. When this pH level is maintained, we ensure that the skin barrier works at its best to fight harmful bacteria, thus preventing irritation. A balanced pH level improves skin health. When the skin is cleansed, there ends up being an imbalance, making it more alkaline. That&#8217;s why it&#8217;s important to use a toner regularly to rebalance the skin and restore its pH level,       <span class=\"Apple-converted-space\">after cleansing and before moisturizing. This toner has a fresh texture, soothes the skin and has a rich composition based on the extract   <\/span>cucumber that improves skin elasticity and regenerates it; toning green tea extract that helps control excess oil; salicylic acid that exfoliates slightly, preventing pores from clogging with dead skin cells; and lactic acid that can be applied to dry and sensitive skin as it is one of the mildest and most moisturizing alpha-hydroxy acids.  <span class=\"Apple-converted-space\">Its gentle formula removes impurities, dirt, excess oil and make-up residue while respecting the skin&#8217;s moisture. The skin is left clean and perfectly prepared for the application of other skincare products. <\/span><\/p>\n\n                            <\/div>\n                                            <\/div>\n                <\/div>\n            <\/div>\n        \n    <\/div>\n<\/div>\n[\/vc_column][\/vc_row][vc_row full_width=&#8221;stretch_row_content_no_spaces&#8221; el_class=&#8221;text-align-center&#8221;][vc_column]<div class=\"container\">\n\t<div class=\"usability-tips-and-secrets-module desktop--only--md\">\n\n\t\t<div class=\"usability-tips-and-secrets-module-content-wrapper full-width-container\">\n\n\t\t\t\n\t\t\t\t\t\t\t<div class=\"usability-tips-and-secrets-module-content usability-tips-and-secrets-module-content--bordered margin-top-between-modules\">\n\t\t\t\t\t\t\t\t\t\t\t<h2 class=\"uppercase black\">Como usar<\/h2>\n\t\t\t\t\t\n\t\t\t\t\t\t\t\t\t\t\t<p>Depois da pele limpa, impregnar um disco de algod\u00e3o com este t\u00f3nico e passar no rosto e \u00e1rea do pesco\u00e7o.<\/p>\n\n\t\t\t\t\t\t\t\t\t<\/div>\n\t\t\t\n\t\t\t\t\t<\/div>\n\t<\/div>\n\n\t\n\t\t\t<div class=\"accordion accordion-successive  js-accordion not-found mobile--only--md usability-tips-and-secrets-module text-align-center margin-top-between-modules back_color\">\n\t\t\t<div class=\"accordion-container\">\n\t\t\t\t<div class=\"accordion-question space-between\">\n\t\t\t\t\t\t\t\t\t\t\t<h3 class=\"accordion-question-title uppercase back_color\">\n\t\t\t\t\t\t\tComo usar\n\t\t\t\t\t\t<\/h3>\n\t\t\t\t\t\n\t\t\t\t\t<span class=\"accordion-arrow back_color\">&emsp;<\/span>\n\t\t\t\t<\/div>\n\t\t\t\t<div class=\"accordion-answer\">\n\t\t\t\t\t\t\t\t\t\t\t<div class=\"usability-tips-and-secrets-module-content\">\n\t\t\t\t\t\t\t<p>Depois da pele limpa, impregnar um disco de algod\u00e3o com este t\u00f3nico e passar no rosto e \u00e1rea do pesco\u00e7o.<\/p>\n\n\t\t\t\t\t\t<\/div>\n\t\t\t\t\t\t\t\t\t<\/div>\n\t\t\t<\/div>\n\t\t<\/div>\n\t\n\t<\/div>\n[\/vc_column][\/vc_row][vc_row full_width=&#8221;stretch_row_content_no_spaces&#8221; el_class=&#8221;text-align-center&#8221;][vc_column]<div class=\"container \">\n\n    <div class=\"content-default-module text-align-center margin-top-between-modules\n        \n        \n        \n        \n        \n        \n        desktop--only--md\"\n        style=\"margin-bottom: 0px;\"\n    >\n\n                <div class=\"content-default-module-titles\">\n                            <h2 class=\"content-default-module-title uppercase black\">Dicas &amp; Segredos<\/h2>\n            \n                    <\/div>\n        \n                    <div class=\"content-default-module-content\">\n                <p>Aplique este t\u00f3nico ap\u00f3s a limpeza facial com o <a href=\"https:\/\/www.avani.pt\/p\/leite-de-limpeza-facial-vegan-500-ml\/\">Leite vegan Avani<\/a>\u00a0para preparar a pele a receber o ritual de cuidados faciais Avani. Depois, aplique o <a href=\"https:\/\/www.avani.pt\/p\/ultra-serum-concentrate-intensity-anti-aging\/\">S\u00e9rum Ultra Concentrate Intensity<\/a> para uma transforma\u00e7\u00e3o vis\u00edvel e imediata da pele. Recomendamos a aplica\u00e7\u00e3o do <a href=\"https:\/\/www.avani.pt\/p\/facial-exfoliant-radiance-cellular-renovation\/\">Facial exfoliant\u00a0Radiante Cellular Renovation<\/a> uma vez por semana.<\/p>\n\n            <\/div>\n        \n        \n        \n\n        \n\n\n    <\/div>\n\n\n            <div class=\"accordion accordion-successive   js-accordion not-found mobile--only--md content-default-module text-align-center margin-top-between-modules back_color\">\n            <div class=\"accordion-container\">\n                <div class=\"accordion-question space-between\">\n                                                                        <h3 class=\"accordion-question-title uppercase back_color\">\n                                Dicas &amp; Segredos\n                            <\/h3>\n                                                                <span class=\"accordion-arrow back_color\">&emsp;<\/span>\n                <\/div>\n                <div class=\"accordion-answer\">\n                    \n                                            <div class=\"content-default-module-content\">\n                            <p>Aplique este t\u00f3nico ap\u00f3s a limpeza facial com o <a href=\"https:\/\/www.avani.pt\/p\/leite-de-limpeza-facial-vegan-500-ml\/\">Leite vegan Avani<\/a>\u00a0para preparar a pele a receber o ritual de cuidados faciais Avani. Depois, aplique o <a href=\"https:\/\/www.avani.pt\/p\/ultra-serum-concentrate-intensity-anti-aging\/\">S\u00e9rum Ultra Concentrate Intensity<\/a> para uma transforma\u00e7\u00e3o vis\u00edvel e imediata da pele. Recomendamos a aplica\u00e7\u00e3o do <a href=\"https:\/\/www.avani.pt\/p\/facial-exfoliant-radiance-cellular-renovation\/\">Facial exfoliant\u00a0Radiante Cellular Renovation<\/a> uma vez por semana.<\/p>\n\n                        <\/div>\n                    \n                    \n                                    <\/div>\n            <\/div>\n        <\/div>\n    \n<\/div>\n<div class=\"container \">\n\n    <div class=\"content-default-module text-align-center margin-top-between-modules\n        \n        \n        \n        \n        \n        \n        desktop--only--md\"\n        style=\"margin-bottom: 0px;\"\n    >\n\n                <div class=\"content-default-module-titles\">\n                            <h2 class=\"content-default-module-title uppercase black\">Composi&ccedil;&atilde;o<\/h2>\n            \n                    <\/div>\n        \n                    <div class=\"content-default-module-content\">\n                <\/p>\n<p style=\"text-align: left;\"><strong>Extrato de Pepino |<\/strong> rico em vitamina K, o extrato de pepino melhora a elasticidade da pele, regenera, tem o valor pH id\u00eantico ao da pele humana e hidrata conferindo \u00e0 pele uma apar\u00eancia macia e suave.<\/p>\n<p style=\"text-align: left;\"><strong>Extrato de Ch\u00e1 verde | <\/strong>ajuda na regenera\u00e7\u00e3o da pele pelas suas propriedades antioxidantes e tonificantes. \u00c9 altamente calmante, protege a pele de agress\u00f5es, controla o excesso de oleosidade e melhora a hidrata\u00e7\u00e3o da pele.<\/p>\n<p style=\"text-align: left;\"><strong>\u00c1cido Salic\u00edlico |<\/strong> originalmente derivado da casca de plantas, o \u00e1cido salic\u00edlico \u00e9 desde sempre utilizado como um rem\u00e9dio para os v\u00e1rios problemas de pele. \u00c9 um \u00e1cido muito ben\u00e9fico para peles secas, \u00e1speras, irregulares, e tamb\u00e9m para peles com tend\u00eancia a psor\u00edase.\u00a0O \u00e1cido salic\u00edlico ajuda a esfoliar a pele suavemente, promove a sua descama\u00e7\u00e3o natural e liberta as c\u00e9lulas mortas proporcionando uma pele fresca e saud\u00e1vel. Essa leve esfolia\u00e7\u00e3o ajuda a impedir que os poros se entupam com as c\u00e9lulas mortas da pele. Em certos n\u00edveis, o \u00e1cido salic\u00edlico tamb\u00e9m ajuda a melhorar os sintomas da psor\u00edase reduzindo a descama\u00e7\u00e3o e ajudando a prevenir a sua recorr\u00eancia.<\/p>\n<p style=\"text-align: left;\"><strong>\u00c1cido l\u00e1ctico |\u00a0<\/strong>alfa-hidroxi\u00e1cido esfoliante que ajuda a eliminar suavemente as c\u00e9lulas mortas da pele conferindo mais suavidade e melhorando a sua textura. Pode\u00a0ser aplicado em peles secas e sens\u00edveis porque \u00e9 um dos alfa-hidroxi\u00e1cidos mais suaves e hidratantes. Al\u00e9m disso, o \u00e1cido l\u00e1ctico \u00e9 um componente do fator de hidrata\u00e7\u00e3o natural da pele, isto \u00e9, uma mistura de compostos encontrados naturalmente na pele, que ajuda a manter a sua humidade.<\/p>\n<p>\n\n            <\/div>\n        \n        \n        \n\n        \n\n\n    <\/div>\n\n\n            <div class=\"accordion accordion-successive   js-accordion not-found mobile--only--md content-default-module text-align-center margin-top-between-modules back_color\">\n            <div class=\"accordion-container\">\n                <div class=\"accordion-question space-between\">\n                                                                        <h3 class=\"accordion-question-title uppercase back_color\">\n                                Composi&ccedil;&atilde;o\n                            <\/h3>\n                                                                <span class=\"accordion-arrow back_color\">&emsp;<\/span>\n                <\/div>\n                <div class=\"accordion-answer\">\n                    \n                                            <div class=\"content-default-module-content\">\n                            <\/p>\n<p style=\"text-align: left;\"><strong>Extrato de Pepino |<\/strong> rico em vitamina K, o extrato de pepino melhora a elasticidade da pele, regenera, tem o valor pH id\u00eantico ao da pele humana e hidrata conferindo \u00e0 pele uma apar\u00eancia macia e suave.<\/p>\n<p style=\"text-align: left;\"><strong>Extrato de Ch\u00e1 verde | <\/strong>ajuda na regenera\u00e7\u00e3o da pele pelas suas propriedades antioxidantes e tonificantes. \u00c9 altamente calmante, protege a pele de agress\u00f5es, controla o excesso de oleosidade e melhora a hidrata\u00e7\u00e3o da pele.<\/p>\n<p style=\"text-align: left;\"><strong>\u00c1cido Salic\u00edlico |<\/strong> originalmente derivado da casca de plantas, o \u00e1cido salic\u00edlico \u00e9 desde sempre utilizado como um rem\u00e9dio para os v\u00e1rios problemas de pele. \u00c9 um \u00e1cido muito ben\u00e9fico para peles secas, \u00e1speras, irregulares, e tamb\u00e9m para peles com tend\u00eancia a psor\u00edase.\u00a0O \u00e1cido salic\u00edlico ajuda a esfoliar a pele suavemente, promove a sua descama\u00e7\u00e3o natural e liberta as c\u00e9lulas mortas proporcionando uma pele fresca e saud\u00e1vel. Essa leve esfolia\u00e7\u00e3o ajuda a impedir que os poros se entupam com as c\u00e9lulas mortas da pele. Em certos n\u00edveis, o \u00e1cido salic\u00edlico tamb\u00e9m ajuda a melhorar os sintomas da psor\u00edase reduzindo a descama\u00e7\u00e3o e ajudando a prevenir a sua recorr\u00eancia.<\/p>\n<p style=\"text-align: left;\"><strong>\u00c1cido l\u00e1ctico |\u00a0<\/strong>alfa-hidroxi\u00e1cido esfoliante que ajuda a eliminar suavemente as c\u00e9lulas mortas da pele conferindo mais suavidade e melhorando a sua textura. Pode\u00a0ser aplicado em peles secas e sens\u00edveis porque \u00e9 um dos alfa-hidroxi\u00e1cidos mais suaves e hidratantes. Al\u00e9m disso, o \u00e1cido l\u00e1ctico \u00e9 um componente do fator de hidrata\u00e7\u00e3o natural da pele, isto \u00e9, uma mistura de compostos encontrados naturalmente na pele, que ajuda a manter a sua humidade.<\/p>\n<p>\n\n                        <\/div>\n                    \n                    \n                                    <\/div>\n            <\/div>\n        <\/div>\n    \n<\/div>\n<div class=\"container \">\n\n    <div class=\"content-default-module text-align-center margin-top-between-modules\n        \n        \n        \n        \n        \n        \n        desktop--only--md\"\n        style=\"margin-bottom: 0px;\"\n    >\n\n                <div class=\"content-default-module-titles\">\n                            <h2 class=\"content-default-module-title uppercase black\">Ingredientes<\/h2>\n            \n                    <\/div>\n        \n                    <div class=\"content-default-module-content\">\n                <\/p>\n<div style=\"text-align: center;\">Aqua, glycerin, propylene glycol, PEG-40 castor oil, Cucumis sativus extract, Camellia sinensis leaf extract, PPG-26-buteth-26, PEG-40 hydrogenated castor oil, salicylic acid, lactic acid, sodium hydroxide, parfum, benzyl alcohol, sorbic acid, potassium sorbate, benzoic acid, geraniol, hexyl cinnamal, linalool.<\/div>\n<div><\/div>\n<p>\n\n            <\/div>\n        \n        \n        \n\n        \n\n\n    <\/div>\n\n\n            <div class=\"accordion accordion-successive   js-accordion not-found mobile--only--md content-default-module text-align-center margin-top-between-modules back_color\">\n            <div class=\"accordion-container\">\n                <div class=\"accordion-question space-between\">\n                                            <h3 class=\"accordion-question-title uppercase back_color\">\n                            Ingredientes\n                        <\/h3>\n                                        <span class=\"accordion-arrow back_color\">&emsp;<\/span>\n                <\/div>\n                <div class=\"accordion-answer\">\n                    \n                                            <div class=\"content-default-module-content\">\n                            <\/p>\n<div style=\"text-align: center;\">Aqua, glycerin, propylene glycol, PEG-40 castor oil, Cucumis sativus extract, Camellia sinensis leaf extract, PPG-26-buteth-26, PEG-40 hydrogenated castor oil, salicylic acid, lactic acid, sodium hydroxide, parfum, benzyl alcohol, sorbic acid, potassium sorbate, benzoic acid, geraniol, hexyl cinnamal, linalool.<\/div>\n<div><\/div>\n<p>\n\n                        <\/div>\n                    \n                    \n                                    <\/div>\n            <\/div>\n        <\/div>\n    \n<\/div>\n[\/vc_column][\/vc_row][vc_row][vc_column][vc_column_text]<\/p>\n<p>[\/vc_column_text][\/vc_column][\/vc_row]<\/p>\n<\/div>","protected":false},"excerpt":{"rendered":"<p>Cleansing facial toner with an ultra-fresh, highly penetrating and soothing liquid texture. Helps strengthen the skin&#8217;s barrier, controls excess oil, evens out and refines its texture. Enriched with moisturizing cucumber extract rich in vitamin K, salicylic acid that improves the appearance of pores, green tea extract that helps control excess oil and soothing lactic acid.  <\/p>\n<p>&nbsp;<\/p>\n","protected":false},"featured_media":75297,"comment_status":"open","ping_status":"closed","template":"","meta":{"_acf_changed":false},"product_brand":[],"product_cat":[508,524,523,711,504,649,646,676,487,530,645],"product_tag":[],"class_list":{"0":"post-78402","1":"product","2":"type-product","3":"status-publish","4":"has-post-thumbnail","6":"product_cat-acne-treatment","7":"product_cat-anti-facial-acne","8":"product_cat-anti-spot-facials","9":"product_cat-cucumber","10":"product_cat-face","11":"product_cat-face-2","12":"product_cat-face-products","13":"product_cat-facial-cleansing","14":"product_cat-ingredients","15":"product_cat-ingredients-2","16":"product_cat-oily-combination-skin","18":"first","19":"instock","20":"taxable","21":"shipping-taxable","22":"purchasable","23":"product-type-simple"},"acf":[],"wooqr_code":"","_links":{"self":[{"href":"https:\/\/www.avani.pt\/en\/wp-json\/wp\/v2\/product\/78402","targetHints":{"allow":["GET"]}}],"collection":[{"href":"https:\/\/www.avani.pt\/en\/wp-json\/wp\/v2\/product"}],"about":[{"href":"https:\/\/www.avani.pt\/en\/wp-json\/wp\/v2\/types\/product"}],"replies":[{"embeddable":true,"href":"https:\/\/www.avani.pt\/en\/wp-json\/wp\/v2\/comments?post=78402"}],"wp:featuredmedia":[{"embeddable":true,"href":"https:\/\/www.avani.pt\/en\/wp-json\/wp\/v2\/media\/75297"}],"wp:attachment":[{"href":"https:\/\/www.avani.pt\/en\/wp-json\/wp\/v2\/media?parent=78402"}],"wp:term":[{"taxonomy":"product_brand","embeddable":true,"href":"https:\/\/www.avani.pt\/en\/wp-json\/wp\/v2\/product_brand?post=78402"},{"taxonomy":"product_cat","embeddable":true,"href":"https:\/\/www.avani.pt\/en\/wp-json\/wp\/v2\/product_cat?post=78402"},{"taxonomy":"product_tag","embeddable":true,"href":"https:\/\/www.avani.pt\/en\/wp-json\/wp\/v2\/product_tag?post=78402"}],"curies":[{"name":"wp","href":"https:\/\/api.w.org\/{rel}","templated":true}]}}