{"id":77301,"date":"2018-02-11T21:49:14","date_gmt":"2018-02-11T21:49:14","guid":{"rendered":"https:\/\/www.avani.pt\/conectar-con-la-naturaleza\/"},"modified":"2025-10-09T14:43:17","modified_gmt":"2025-10-09T13:43:17","slug":"conectar-con-la-naturaleza","status":"publish","type":"page","link":"https:\/\/www.avani.pt\/es\/conectar-con-la-naturaleza\/","title":{"rendered":"Conectar con la naturaleza"},"content":{"rendered":"<div class=\"wpb-content-wrapper\"><p>[vc_row][vc_column][franco_heading small_heading_title=&#8221;Sobre n\u00f3s&#8221; tag_heading=&#8221;tag-h3&#8243; big_heading_title=&#8221;Liga\u00e7\u00e3o \u00e0 Natureza&#8221;][ultimate_spacer height=&#8221;10&#8243;][vc_column_text css=&#8221;.vc_custom_1521626581817{padding-right: 30px !important;padding-left: 30px !important;}&#8221;]<\/p>\n<p style=\"text-align: justify;\">Avani encuentra sus materias primas b\u00e1sicas en la naturaleza.<\/p>\n<p style=\"text-align: justify;\">Cree que las tradiciones ancestrales de utilizar ingredientes extra\u00eddos directamente de la naturaleza dan respuesta a las necesidades actuales.<\/p>\n<p style=\"text-align: justify;\">Es en el equilibrio y la perfecta sinergia entre el uso de ingredientes naturales y la creaci\u00f3n en laboratorio donde Avani encuentra su forma de ser.<\/p>\n<p>[\/vc_column_text][\/vc_column][\/vc_row]<\/p>\n<\/div>","protected":false},"excerpt":{"rendered":"<p>[vc_row][vc_column][franco_heading small_heading_title=&#8221;Sobre n\u00f3s&#8221; tag_heading=&#8221;tag-h3&#8243; big_heading_title=&#8221;Liga\u00e7\u00e3o \u00e0 Natureza&#8221;][ultimate_spacer height=&#8221;10&#8243;][vc_column_text css=&#8221;.vc_custom_1521626581817{padding-right: 30px !important;padding-left: 30px !important;}&#8221;] Avani encuentra sus materias primas b\u00e1sicas en la naturaleza. Cree que las tradiciones ancestrales de utilizar ingredientes extra\u00eddos directamente de la naturaleza dan respuesta a las necesidades actuales. Es en el equilibrio y la perfecta sinergia entre el uso de ingredientes naturales [&hellip;]<\/p>\n","protected":false},"author":9,"featured_media":0,"parent":0,"menu_order":0,"comment_status":"closed","ping_status":"closed","template":"","meta":{"_acf_changed":false,"footnotes":""},"class_list":["post-77301","page","type-page","status-publish","hentry","category_page-avani"],"acf":[],"_links":{"self":[{"href":"https:\/\/www.avani.pt\/es\/wp-json\/wp\/v2\/pages\/77301","targetHints":{"allow":["GET"]}}],"collection":[{"href":"https:\/\/www.avani.pt\/es\/wp-json\/wp\/v2\/pages"}],"about":[{"href":"https:\/\/www.avani.pt\/es\/wp-json\/wp\/v2\/types\/page"}],"author":[{"embeddable":true,"href":"https:\/\/www.avani.pt\/es\/wp-json\/wp\/v2\/users\/9"}],"replies":[{"embeddable":true,"href":"https:\/\/www.avani.pt\/es\/wp-json\/wp\/v2\/comments?post=77301"}],"version-history":[{"count":2,"href":"https:\/\/www.avani.pt\/es\/wp-json\/wp\/v2\/pages\/77301\/revisions"}],"predecessor-version":[{"id":77304,"href":"https:\/\/www.avani.pt\/es\/wp-json\/wp\/v2\/pages\/77301\/revisions\/77304"}],"wp:attachment":[{"href":"https:\/\/www.avani.pt\/es\/wp-json\/wp\/v2\/media?parent=77301"}],"curies":[{"name":"wp","href":"https:\/\/api.w.org\/{rel}","templated":true}]}}