{"id":77407,"date":"2023-07-06T10:29:26","date_gmt":"2023-07-06T09:29:26","guid":{"rendered":"https:\/\/www.avani.pt\/gama-crema-corporal\/"},"modified":"2025-10-21T16:02:49","modified_gmt":"2025-10-21T15:02:49","slug":"gama-crema-corporal","status":"publish","type":"page","link":"https:\/\/www.avani.pt\/es\/gama-crema-corporal\/","title":{"rendered":"Gama Crema Corporal"},"content":{"rendered":"<div class=\"wpb-content-wrapper\"><p>[vc_row full_width=&#8221;stretch_row_content_no_spaces&#8221;][vc_column]<div class=\"container \">\n\n    <div class=\"content-default-module text-align-center margin-top-between-modules\n        \n        \n        \n        \n        \n        \n        \"\n        style=\"margin-bottom: 0px;\"\n    >\n\n                <div class=\"content-default-module-titles\">\n                            <h2 class=\"content-default-module-title uppercase golden_color\">Gama Crema Corporal<\/h2>\n            \n                    <\/div>\n        \n                    <div class=\"content-default-module-content\">\n                <\/p>\n<h5 style=\"text-align: center;\">Inspirado en los 4 PURUSHARTHAS, los principios que rigen los objetivos de la vida humana, seg\u00fan la filosof\u00eda hind\u00fa.<\/h5>\n<p>\n\n            <\/div>\n        \n        \n        \n\n        \n\n\n    <\/div>\n\n\n    \n<\/div>\n[\/vc_column][\/vc_row][vc_row][vc_column][vc_empty_space height=&#8221;20&#8243;][vc_single_image image=&#8221;75744&#8243; img_size=&#8221;large&#8221; alignment=&#8221;center&#8221;][\/vc_column][\/vc_row][vc_row][vc_column]<div class=\"container \">\n\n    <div class=\"content-default-module text-align-center margin-top-between-modules\n        \n        \n        \n        \n        \n        \n        \"\n        style=\"margin-bottom: 0px;\"\n    >\n\n                <div class=\"content-default-module-titles\">\n                            <h2 class=\"content-default-module-title uppercase golden_color\">El &aacute;rbol de la vida - &quot;Los cuatro purusharthas&quot;<\/h2>\n            \n                    <\/div>\n        \n                    <div class=\"content-default-module-content\">\n                <\/p>\n<p class=\"p1\" style=\"text-align: center;\">Estas <strong>lujosas<\/strong> cremas corporales, por la <strong>riqueza de sus f\u00f3rmulas<\/strong>, se inspiran en el concepto del \u00e1rbol de la vida (vinculado a la filosof\u00eda hind\u00fa). El <strong>\u00e1rbol de la<\/strong> vida menciona los cuatro<strong>&#8220;purusharthas&#8221;<\/strong>, valores inherentes al universo: <strong>Dharma<\/strong> (valores morales), <strong>Artha<\/strong> (comodidad econ\u00f3mica), <strong>Kama<\/strong> (placer) y <strong>Moksha<\/strong> (liberaci\u00f3n). <\/p>\n<p>Los &#8220;purusharthas&#8221; son un modelo de realizaci\u00f3n humana; aplic\u00e1ndolos, se hace posible una vida equilibrada y satisfactoria en el nivel m\u00e1s profundo y hol\u00edstico. Nos ayudan a autoanalizarnos y, en consecuencia, a tomar las mejores decisiones.   <strong>La propia palabra &#8220;purushartha&#8221; significa -con el prop\u00f3sito de nuestra existencia- hacer algo por nosotros mismos.<\/strong>  Actuar correctamente (aplicando el principio del Dharma) es un requisito necesario para que nuestra comodidad econ\u00f3mica (Artha) sea significativa; la abundancia de Artha es necesaria para sostener &#8220;Kama&#8221; (satisfacci\u00f3n). El camino hacia la liberaci\u00f3n (Moksha) se sustenta en la interacci\u00f3n armoniosa entre Dharma, Artha y Kama. Artha es la seguridad de disponer de las comodidades materiales necesarias para una vida pac\u00edfica. En la filosof\u00eda hind\u00fa, <g id=\"gid_0\">ser espiritual no significa amar la pobreza<\/g>. Artha proporciona una sensaci\u00f3n de satisfacci\u00f3n, es una de las dignidades humanas b\u00e1sicas, tener suficientes posesiones para vivir y mantener a la familia, sin acumular ni ser codicioso.<\/p>\n<p>\n\n            <\/div>\n        \n        \n        \n\n        \n\n\n    <\/div>\n\n\n    \n<\/div>\n[\/vc_column][\/vc_row][vc_row full_width=&#8221;stretch_row_content_no_spaces&#8221;][vc_column][vc_separator color=&#8221;custom&#8221; el_width=&#8221;60&#8243; accent_color=&#8221;#ad9155&#8243;]<div class=\"container \">\n\n    <div class=\"content-default-module text-align-center margin-top-between-modules\n        \n        \n        \n        \n        \n        \n        \"\n        style=\"margin-bottom: 0px;\"\n    >\n\n                <div class=\"content-default-module-titles\">\n            \n                            <h3 class=\"content-default-module-subtitle  black\">\n                    INSPIRADO EN ANTIGUOS SECRETOS INDIOS, FABRICADO EN PORTUGAL\n                <\/h3>\n                    <\/div>\n        \n                    <div class=\"content-default-module-content\">\n                <\/p>\n<p style=\"text-align: center;\">Los productos Avani Professional se fabrican en Portugal y se inspiran en los antiguos secretos de la India.<\/p>\n<p>\n\n            <\/div>\n        \n        \n        \n\n        \n\n\n    <\/div>\n\n\n    \n<\/div>\n[vc_empty_space height=&#8221;20&#8243;][vc_separator color=&#8221;custom&#8221; el_width=&#8221;60&#8243; accent_color=&#8221;#ad9155&#8243;]<div class=\"tip-products margin-top-between-modules default\">\n    <div class=\"container\">\n                    <h2 class=\"title\">\n                Comprar por separado\n            <\/h2>\n        \n        \n        <div class=\"products-container\">\n                    <\/div>\n\n    <\/div>\n<\/div>\n<div class=\"container \">\n\n    <div class=\"content-default-module text-align-center margin-top-between-modules\n        \n        \n        \n        \n        \n        \n        \"\n        style=\"margin-bottom: 0px;\"\n    >\n\n        \n                    <div class=\"content-default-module-content\">\n                <p><strong><a class=\"row-title\" href=\"https:\/\/www.avani.pt\/wp-admin\/post.php?post=34270&amp;action=edit\">Nectar Dharma I 3R &#8211; Reafirmante, Rejuvenecedor y Reparador<\/a> <\/strong><\/p>\n<p><strong><a class=\"row-title\" href=\"https:\/\/www.avani.pt\/wp-admin\/post.php?post=34271&amp;action=edit\">Nectar Artha Crema Corporal I Regeneradora, Alisadora y Luminosa 500ml<\/a><\/strong><\/p>\n<p><strong><a class=\"row-title\" href=\"https:\/\/www.avani.pt\/wp-admin\/post.php?post=34272&amp;action=edit\">Nectar Kama I Altamente hidratante, reconfortante y reafirmante<\/a><\/strong><\/p>\n<p><strong><a class=\"row-title\" href=\"https:\/\/www.avani.pt\/wp-admin\/post.php?post=34273&amp;action=edit\">Nectar Moksha Crema Corporal | Nutrici\u00f3n Intensa y Piel Suave 500ml<\/a><\/strong><\/p>\n<p>\n\n            <\/div>\n        \n        \n        \n\n        \n\n\n    <\/div>\n\n\n    \n<\/div>\n[\/vc_column][\/vc_row]<\/p>\n<\/div>","protected":false},"excerpt":{"rendered":"<p>[vc_row full_width=&#8221;stretch_row_content_no_spaces&#8221;][vc_column][\/vc_column][\/vc_row][vc_row][vc_column][vc_empty_space height=&#8221;20&#8243;][vc_single_image image=&#8221;75744&#8243; img_size=&#8221;large&#8221; alignment=&#8221;center&#8221;][\/vc_column][\/vc_row][vc_row][vc_column][\/vc_column][\/vc_row][vc_row full_width=&#8221;stretch_row_content_no_spaces&#8221;][vc_column][vc_separator color=&#8221;custom&#8221; el_width=&#8221;60&#8243; accent_color=&#8221;#ad9155&#8243;][vc_empty_space height=&#8221;20&#8243;][vc_separator color=&#8221;custom&#8221; el_width=&#8221;60&#8243; accent_color=&#8221;#ad9155&#8243;][\/vc_column][\/vc_row]<\/p>\n","protected":false},"author":8,"featured_media":0,"parent":0,"menu_order":0,"comment_status":"closed","ping_status":"closed","template":"","meta":{"_acf_changed":false,"footnotes":""},"class_list":["post-77407","page","type-page","status-publish","hentry","category_page-avani"],"acf":[],"_links":{"self":[{"href":"https:\/\/www.avani.pt\/es\/wp-json\/wp\/v2\/pages\/77407","targetHints":{"allow":["GET"]}}],"collection":[{"href":"https:\/\/www.avani.pt\/es\/wp-json\/wp\/v2\/pages"}],"about":[{"href":"https:\/\/www.avani.pt\/es\/wp-json\/wp\/v2\/types\/page"}],"author":[{"embeddable":true,"href":"https:\/\/www.avani.pt\/es\/wp-json\/wp\/v2\/users\/8"}],"replies":[{"embeddable":true,"href":"https:\/\/www.avani.pt\/es\/wp-json\/wp\/v2\/comments?post=77407"}],"version-history":[{"count":10,"href":"https:\/\/www.avani.pt\/es\/wp-json\/wp\/v2\/pages\/77407\/revisions"}],"predecessor-version":[{"id":82877,"href":"https:\/\/www.avani.pt\/es\/wp-json\/wp\/v2\/pages\/77407\/revisions\/82877"}],"wp:attachment":[{"href":"https:\/\/www.avani.pt\/es\/wp-json\/wp\/v2\/media?parent=77407"}],"curies":[{"name":"wp","href":"https:\/\/api.w.org\/{rel}","templated":true}]}}