{"id":77412,"date":"2024-03-29T11:49:09","date_gmt":"2024-03-29T11:49:09","guid":{"rendered":"https:\/\/www.avani.pt\/gama-efecto-frio-premios-top-beauty-2024\/"},"modified":"2025-10-21T16:02:40","modified_gmt":"2025-10-21T15:02:40","slug":"gama-efecto-frio-premios-top-beauty-2024","status":"publish","type":"page","link":"https:\/\/www.avani.pt\/es\/gama-efecto-frio-premios-top-beauty-2024\/","title":{"rendered":"Gama Efecto Fr\u00edo | Premios Top Beauty 2024"},"content":{"rendered":"<div class=\"wpb-content-wrapper\"><p>[vc_row full_width=&#8221;stretch_row_content_no_spaces&#8221;][vc_column]<div class=\"container \">\n\n    <div class=\"content-default-module text-align-center margin-top-between-modules\n        \n        \n        \n        \n        \n        \n        \"\n        style=\"margin-bottom: 0px;\"\n    >\n\n                <div class=\"content-default-module-titles\">\n                            <h2 class=\"content-default-module-title uppercase golden_color\">Premio Top Belleza 2024<\/h2>\n            \n                    <\/div>\n        \n                    <div class=\"content-default-module-content\">\n                <\/p>\n<p style=\"text-align: center;\"><strong>GAMA EFECTO FR\u00cdO<br \/>\n<\/strong><strong>Gama Base Purificante Cuero Cabelludo<\/strong><\/p>\n<p style=\"text-align: center;\">Estos productos fueron votados por los propios consumidores, que los probaron y reconocieron para los premios.<\/p>\n<blockquote>\n<p style=\"text-align: center;\"><em>&#8220;Los productos se prueban en funci\u00f3n de su especificidad y seg\u00fan un protocolo predefinido, en pruebas controladas y supervisadas por un laboratorio de an\u00e1lisis sensorial. Los consumidores no tienen informaci\u00f3n sobre la marca del producto, lo que garantiza la total imparcialidad de la evaluaci\u00f3n&#8221;<br \/>\n<\/em>Homni Bhanji Director General de Avani Professional<em><br \/>\n<\/em><\/p>\n<\/blockquote>\n<p>\n\n            <\/div>\n        \n        \n        \n\n        \n\n\n    <\/div>\n\n\n    \n<\/div>\n<div class=\"wp-block-embed wp-embed-width-desktop-70 wp-embed-width-mobile-90\">\n\t\t<figure class=\"wp-block-embed-video is-type-video is-provider-youtube wp-block-embed-youtube wp-embed-aspect-16-9 wp-has-aspect-ratio\">\n\t\t\t<div class=\"wp-block-embed__wrapper js-video-play\">\n\t\t\t\t<img decoding=\"async\" class=\"wp-block-embed__cover\" src=\"https:\/\/img.youtube.com\/vi\/JKvcsq8tXSs\/maxresdefault.jpg\" \/>\n\t\t\t\t<i class=\"fa fa-play-circle\" aria-hidden=\"true\"><\/i>\n\t\t\t\t<iframe src=\"https:\/\/www.youtube.com\/embed\/JKvcsq8tXSs?start=0&amp;showinfo=0&amp;controls=1&amp;rel=0\" frameborder=\"0\" allow=\"accelerometer; autoplay; clipboard-write; encrypted-media; gyroscope; picture-in-picture\" allowfullscreen=\"\"><\/iframe>\n\t\t\t<\/div>\n\t\t<\/figure>\n\t<\/div>\n\t<div class=\"av-social-share\"><p>Comparte<\/p> <div class=\"addtoany_shortcode\"><div class=\"a2a_kit a2a_kit_size_48 addtoany_list\" data-a2a-url=\"https:\/\/www.avani.pt\/es\/gama-efecto-frio-premios-top-beauty-2024\/\" data-a2a-title=\"Gama Efecto Fr\u00edo | Premios Top Beauty 2024\"><a class=\"a2a_button_email\" href=\"https:\/\/www.addtoany.com\/add_to\/email?linkurl=https%3A%2F%2Fwww.avani.pt%2Fes%2Fgama-efecto-frio-premios-top-beauty-2024%2F&amp;linkname=Gama%20Efecto%20Fr%C3%ADo%20%7C%20Premios%20Top%20Beauty%202024\" title=\"Email\" rel=\"nofollow noopener\" target=\"_blank\"><img loading=\"lazy\" decoding=\"async\" src=\"\/wp-content\/themes\/slendertail-theme\/addtoany\/email.svg\" width=\"48\" height=\"48\" alt=\"Email\"><\/a><a class=\"a2a_button_facebook\" href=\"https:\/\/www.addtoany.com\/add_to\/facebook?linkurl=https%3A%2F%2Fwww.avani.pt%2Fes%2Fgama-efecto-frio-premios-top-beauty-2024%2F&amp;linkname=Gama%20Efecto%20Fr%C3%ADo%20%7C%20Premios%20Top%20Beauty%202024\" title=\"Facebook\" rel=\"nofollow noopener\" target=\"_blank\"><img loading=\"lazy\" decoding=\"async\" src=\"\/wp-content\/themes\/slendertail-theme\/addtoany\/facebook.svg\" width=\"48\" height=\"48\" alt=\"Facebook\"><\/a><a class=\"a2a_button_facebook_messenger\" href=\"https:\/\/www.addtoany.com\/add_to\/facebook_messenger?linkurl=https%3A%2F%2Fwww.avani.pt%2Fes%2Fgama-efecto-frio-premios-top-beauty-2024%2F&amp;linkname=Gama%20Efecto%20Fr%C3%ADo%20%7C%20Premios%20Top%20Beauty%202024\" title=\"Messenger\" rel=\"nofollow noopener\" target=\"_blank\"><img loading=\"lazy\" decoding=\"async\" src=\"\/wp-content\/themes\/slendertail-theme\/addtoany\/facebook_messenger.svg\" width=\"48\" height=\"48\" alt=\"Messenger\"><\/a><a class=\"a2a_button_whatsapp\" href=\"https:\/\/www.addtoany.com\/add_to\/whatsapp?linkurl=https%3A%2F%2Fwww.avani.pt%2Fes%2Fgama-efecto-frio-premios-top-beauty-2024%2F&amp;linkname=Gama%20Efecto%20Fr%C3%ADo%20%7C%20Premios%20Top%20Beauty%202024\" title=\"WhatsApp\" rel=\"nofollow noopener\" target=\"_blank\"><img loading=\"lazy\" decoding=\"async\" src=\"\/wp-content\/themes\/slendertail-theme\/addtoany\/whatsapp.svg\" width=\"48\" height=\"48\" alt=\"WhatsApp\"><\/a><\/div><\/div><\/div><div class=\"container \">\n\n    <div class=\"content-default-module text-align-center margin-top-between-modules\n        \n        \n        \n        \n        \n        \n        \"\n        style=\"margin-bottom: 0px;\"\n    >\n\n        \n                    <div class=\"content-default-module-content\">\n                <\/p>\n<p style=\"text-align: center;\">Ceremonia de entrega de los premios Top Beauty 2024 en Barcelona, Hotel Casa Fuster, el 14 de marzo de 2024. Discurso en la entrega de los premios Top Beauty 2024, con M\u00f3nica Jardim, del CEO de Avani Professional, Homni Bhanji. <\/p>\n<p>\n\n            <\/div>\n        \n        \n        \n\n        \n\n\n    <\/div>\n\n\n    \n<\/div>\n<div class=\"container \">\n\n    <div class=\"content-default-module text-align-center margin-top-between-modules\n        \n        \n        \n        \n        \n        \n        \"\n        style=\"margin-bottom: 0px;\"\n    >\n\n                <div class=\"content-default-module-titles\">\n                            <h2 class=\"content-default-module-title uppercase golden_color\">Gracias.<\/h2>\n            \n                    <\/div>\n        \n                    <div class=\"content-default-module-content\">\n                <\/p>\n<div style=\"text-align: center;\">\n<p>Los productos que creamos son productos profesionales que se utilizan en nuestro instituto capilar Avani y se desarrollan teniendo en cuenta las necesidades de los consumidores. Esta es nuestra principal preocupaci\u00f3n, por lo que este reconocimiento es muy importante para nosotros. <\/p>\n<p>Hasta ahora, todos los productos que hemos sometido a pruebas ciegas de consumidores, y han sido bastantes, han tenido siempre excelentes cr\u00edticas, lo que no es casualidad. Antes de someterse a estas pruebas, ya han sido validados por nuestros clientes en nuestro instituto, que son una parte importante de la inspiraci\u00f3n para crear nuevos productos. As\u00ed es como conseguimos tener productos adaptados a la realidad de los problemas a los que realmente se enfrenta la gente en su vida cotidiana. No nos cabe duda de que esta simbiosis con nuestros clientes es la ra\u00edz de nuestro \u00e9xito.   <\/p>\n<\/div>\n<p>\n\n            <\/div>\n        \n        \n        \n\n        \n\n\n    <\/div>\n\n\n    \n<\/div>\n<div class=\"container \">\n\n    <div class=\"content-default-module text-align-center margin-top-between-modules\n        \n        \n        \n        \n        \n        \n        \"\n        style=\"margin-bottom: 0px;\"\n    >\n\n                <div class=\"content-default-module-titles\">\n                            <h2 class=\"content-default-module-title uppercase golden_color\">GAMA BASE EFECTO FR&Iacute;O I TOP BEAUTY AWARD 2024<\/h2>\n            \n                    <\/div>\n        \n                    <div class=\"content-default-module-content\">\n                <\/p>\n<div style=\"text-align: center;\">\n<p><strong>\u00a1Una gama \u00fanica!<br \/>\n<\/strong><\/p>\n<p>Esta gama es muy especial para nosotros porque quer\u00edamos empezar por el cuero cabelludo y por eso fue la primera en lanzarse. Es una gama base que debe utilizarse en combinaci\u00f3n con otros productos, ya que s\u00f3lo est\u00e1 pensada para el cuero cabelludo. Su f\u00f3rmula es muy rica en ingredientes excepcionales, como Hamamelis, Mentol y Alcanfor, que la medicina ayurv\u00e9dica considera una hierba equilibradora especial.  <\/p>\n<\/div>\n<p>\n\n            <\/div>\n        \n        \n        \n\n        \n\n\n    <\/div>\n\n\n    \n<\/div>\n<div class=\"wp-block-embed wp-embed-width-desktop-70 wp-embed-width-mobile-90\">\n\t\t<figure class=\"wp-block-embed-video is-type-video is-provider-youtube wp-block-embed-youtube wp-embed-aspect-16-9 wp-has-aspect-ratio\">\n\t\t\t<div class=\"wp-block-embed__wrapper js-video-play\">\n\t\t\t\t<img decoding=\"async\" class=\"wp-block-embed__cover\" src=\"https:\/\/img.youtube.com\/vi\/NUScypdfVhs\/maxresdefault.jpg\" \/>\n\t\t\t\t<i class=\"fa fa-play-circle\" aria-hidden=\"true\"><\/i>\n\t\t\t\t<iframe src=\"https:\/\/www.youtube.com\/embed\/NUScypdfVhs?start=0&amp;showinfo=0&amp;controls=1&amp;rel=0\" frameborder=\"0\" allow=\"accelerometer; autoplay; clipboard-write; encrypted-media; gyroscope; picture-in-picture\" allowfullscreen=\"\"><\/iframe>\n\t\t\t<\/div>\n\t\t<\/figure>\n\t<\/div>\n\t<div class=\"av-social-share\"><p>Comparte<\/p> <div class=\"addtoany_shortcode\"><div class=\"a2a_kit a2a_kit_size_48 addtoany_list\" data-a2a-url=\"https:\/\/www.avani.pt\/es\/gama-efecto-frio-premios-top-beauty-2024\/\" data-a2a-title=\"Gama Efecto Fr\u00edo | Premios Top Beauty 2024\"><a class=\"a2a_button_email\" href=\"https:\/\/www.addtoany.com\/add_to\/email?linkurl=https%3A%2F%2Fwww.avani.pt%2Fes%2Fgama-efecto-frio-premios-top-beauty-2024%2F&amp;linkname=Gama%20Efecto%20Fr%C3%ADo%20%7C%20Premios%20Top%20Beauty%202024\" title=\"Email\" rel=\"nofollow noopener\" target=\"_blank\"><img loading=\"lazy\" decoding=\"async\" src=\"\/wp-content\/themes\/slendertail-theme\/addtoany\/email.svg\" width=\"48\" height=\"48\" alt=\"Email\"><\/a><a class=\"a2a_button_facebook\" href=\"https:\/\/www.addtoany.com\/add_to\/facebook?linkurl=https%3A%2F%2Fwww.avani.pt%2Fes%2Fgama-efecto-frio-premios-top-beauty-2024%2F&amp;linkname=Gama%20Efecto%20Fr%C3%ADo%20%7C%20Premios%20Top%20Beauty%202024\" title=\"Facebook\" rel=\"nofollow noopener\" target=\"_blank\"><img loading=\"lazy\" decoding=\"async\" src=\"\/wp-content\/themes\/slendertail-theme\/addtoany\/facebook.svg\" width=\"48\" height=\"48\" alt=\"Facebook\"><\/a><a class=\"a2a_button_facebook_messenger\" href=\"https:\/\/www.addtoany.com\/add_to\/facebook_messenger?linkurl=https%3A%2F%2Fwww.avani.pt%2Fes%2Fgama-efecto-frio-premios-top-beauty-2024%2F&amp;linkname=Gama%20Efecto%20Fr%C3%ADo%20%7C%20Premios%20Top%20Beauty%202024\" title=\"Messenger\" rel=\"nofollow noopener\" target=\"_blank\"><img loading=\"lazy\" decoding=\"async\" src=\"\/wp-content\/themes\/slendertail-theme\/addtoany\/facebook_messenger.svg\" width=\"48\" height=\"48\" alt=\"Messenger\"><\/a><a class=\"a2a_button_whatsapp\" href=\"https:\/\/www.addtoany.com\/add_to\/whatsapp?linkurl=https%3A%2F%2Fwww.avani.pt%2Fes%2Fgama-efecto-frio-premios-top-beauty-2024%2F&amp;linkname=Gama%20Efecto%20Fr%C3%ADo%20%7C%20Premios%20Top%20Beauty%202024\" title=\"WhatsApp\" rel=\"nofollow noopener\" target=\"_blank\"><img loading=\"lazy\" decoding=\"async\" src=\"\/wp-content\/themes\/slendertail-theme\/addtoany\/whatsapp.svg\" width=\"48\" height=\"48\" alt=\"WhatsApp\"><\/a><\/div><\/div><\/div><div class=\"container \">\n\n    <div class=\"content-default-module text-align-center margin-top-between-modules\n        \n        \n        \n        \n        \n        \n        \"\n        style=\"margin-bottom: 0px;\"\n    >\n\n        \n                    <div class=\"content-default-module-content\">\n                <\/p>\n<blockquote>\n<div dir=\"ltr\">\n<div dir=\"ltr\">\n<p style=\"text-align: center;\">Es muy eficaz en el tratamiento del cuero cabelludo -lo purifica, suaviza, hidrata y fortalece-, ayudando a resolver pr\u00e1cticamente todos sus problemas, como el exceso de grasa, la descamaci\u00f3n, la irritaci\u00f3n y otros. Su aplicaci\u00f3n proporciona una sensaci\u00f3n refrescante muy confortable con efecto glacial, dando una sensaci\u00f3n inmediata de confort. La f\u00f3rmula de esta gama es \u00fanica en este tipo de productos purificantes porque no deshidrata los medios y puntas del cabello y tiene un efecto r\u00e1pidamente visible sobre la salud del cuero cabelludo, como confirman nuestros clientes.  <\/p>\n<p style=\"text-align: center;\">Para saber m\u00e1s, visita <a href=\"https:\/\/www.avani.pt\/es\/p\/gama-base-purificante-efecto-frio-champu-y-crema-para-el-cuero-cabelludo\/\">la P\u00e1gina de esta Gama<\/a><\/p>\n<\/div>\n<\/div>\n<\/blockquote>\n<p>\n\n            <\/div>\n        \n        \n        \n\n        \n\n\n    <\/div>\n\n\n    \n<\/div>\n<div class=\"container \">\n\n    <div class=\"content-default-module text-align-center margin-top-between-modules\n        \n        \n        \n        \n        \n        \n        \"\n        style=\"margin-bottom: 0px;\"\n    >\n\n                <div class=\"content-default-module-titles\">\n            \n                            <h3 class=\"content-default-module-subtitle  black\">\n                    INSPIRADO EN ANTIGUOS SECRETOS INDIOS, FABRICADO EN PORTUGAL\n                <\/h3>\n                    <\/div>\n        \n                    <div class=\"content-default-module-content\">\n                <\/p>\n<p style=\"text-align: center;\">Los productos Avani Professional se fabrican en Portugal y se inspiran en los antiguos secretos de la India.<\/p>\n<p>\n\n            <\/div>\n        \n        \n        \n\n        \n\n\n    <\/div>\n\n\n    \n<\/div>\n<div class=\"container \">\n\n    <div class=\"content-default-module text-align-center margin-top-between-modules\n        \n        \n        \n        \n        \n        \n        \"\n        style=\"margin-bottom: 0px;\"\n    >\n\n                <div class=\"content-default-module-titles\">\n                            <h2 class=\"content-default-module-title uppercase golden_color\">Ver fotos del evento aqu&iacute;<\/h2>\n            \n                    <\/div>\n        \n        \n        \n        \n\n        \n\n\n    <\/div>\n\n\n    \n<\/div>\n[vc_masonry_media_grid item=&#8221;mediaGrid_Default&#8221; grid_id=&#8221;vc_gid:1711721112278-a26c72fb-1dfa-3&#8243; include=&#8221;76302,76304,76306,76308,76310,76312,76314,76316,76318,76320,76322,76324,76326,76328,76330&#8243;][\/vc_column][\/vc_row]<\/p>\n<\/div>","protected":false},"excerpt":{"rendered":"<p>[vc_row full_width=&#8221;stretch_row_content_no_spaces&#8221;][vc_column][vc_masonry_media_grid item=&#8221;mediaGrid_Default&#8221; grid_id=&#8221;vc_gid:1711721112278-a26c72fb-1dfa-3&#8243; include=&#8221;76302,76304,76306,76308,76310,76312,76314,76316,76318,76320,76322,76324,76326,76328,76330&#8243;][\/vc_column][\/vc_row]<\/p>\n","protected":false},"author":9722,"featured_media":0,"parent":0,"menu_order":0,"comment_status":"closed","ping_status":"closed","template":"","meta":{"_acf_changed":false,"footnotes":""},"class_list":["post-77412","page","type-page","status-publish","hentry","category_page-avani"],"acf":[],"_links":{"self":[{"href":"https:\/\/www.avani.pt\/es\/wp-json\/wp\/v2\/pages\/77412","targetHints":{"allow":["GET"]}}],"collection":[{"href":"https:\/\/www.avani.pt\/es\/wp-json\/wp\/v2\/pages"}],"about":[{"href":"https:\/\/www.avani.pt\/es\/wp-json\/wp\/v2\/types\/page"}],"author":[{"embeddable":true,"href":"https:\/\/www.avani.pt\/es\/wp-json\/wp\/v2\/users\/9722"}],"replies":[{"embeddable":true,"href":"https:\/\/www.avani.pt\/es\/wp-json\/wp\/v2\/comments?post=77412"}],"version-history":[{"count":8,"href":"https:\/\/www.avani.pt\/es\/wp-json\/wp\/v2\/pages\/77412\/revisions"}],"predecessor-version":[{"id":82866,"href":"https:\/\/www.avani.pt\/es\/wp-json\/wp\/v2\/pages\/77412\/revisions\/82866"}],"wp:attachment":[{"href":"https:\/\/www.avani.pt\/es\/wp-json\/wp\/v2\/media?parent=77412"}],"curies":[{"name":"wp","href":"https:\/\/api.w.org\/{rel}","templated":true}]}}