{"id":77447,"date":"2019-01-30T13:47:48","date_gmt":"2019-01-30T13:47:48","guid":{"rendered":"https:\/\/www.avani.pt\/talleres-profesionales-avani\/"},"modified":"2025-10-21T15:59:50","modified_gmt":"2025-10-21T14:59:50","slug":"talleres-profesionales-avani","status":"publish","type":"page","link":"https:\/\/www.avani.pt\/es\/talleres-profesionales-avani\/","title":{"rendered":"Talleres Profesionales Avani"},"content":{"rendered":"<div class=\"wpb-content-wrapper\"><p>[vc_row full_width=&#8221;stretch_row&#8221; bg_type=&#8221;image&#8221; parallax_style=&#8221;vcpb-default&#8221; bg_image_new=&#8221;id^5396|url^https:\/\/www.avani.pt\/wp-content\/uploads\/2019\/01\/header_pagina_workshops.png|caption^null|alt^null|title^header_pagina_workshops|description^null&#8221; bg_image_repeat=&#8221;no-repeat&#8221; bg_override=&#8221;ex-full&#8221; css=&#8221;.vc_custom_1548856045711{background-position: center !important;background-repeat: no-repeat !important;background-size: contain !important;}&#8221; el_class=&#8221;titlecandback&#8221;][vc_column css=&#8221;.vc_custom_1520957780290{margin-top: -20px !important;background-position: center !important;background-repeat: no-repeat !important;background-size: cover !important;}&#8221; el_class=&#8221;Titlecand&#8221;][vc_column_text]TALLERES<\/p>\n<p>AVANI PROFESIONAL[\/vc_column_text][\/vc_column][\/vc_row][vc_row][vc_column][vc_empty_space][\/vc_column][\/vc_row][vc_row gap=&#8221;25&#8243; el_class=&#8221;bloco2-cand&#8221;][vc_column width=&#8221;1\/2&#8243; el_class=&#8221;bloco1-cand&#8221;][franco_heading small_heading_title=&#8221;Os nossos Workshops&#8221; tag_heading=&#8221;tag-h1&#8243; big_heading_title=&#8221;Avani Profissional&#8221; heading_align=&#8221;left&#8221; el_class=&#8221;headcand1&#8243;][ultimate_spacer height=&#8221;10&#8243;][vc_column_text el_class=&#8221;txtcand&#8221;]Los Talleres Profesionales Avani est\u00e1n dirigidos a profesionales del sector y tambi\u00e9n al p\u00fablico en general que desee conocer nuestras t\u00e9cnicas y productos.<\/p>\n<p>Acomp\u00e1\u00f1anos en una jornada llena de buena energ\u00eda, conoce nuestra marca y d\u00e9jate llevar por las sensaciones y emociones de productos inspirados en la Madre Naturaleza y la Cultura India.<\/p>\n<p>El pr\u00f3ximo taller se celebrar\u00e1 el 18 de febrero en la tienda Banho de Brilho de Benfica.<\/p>\n<hr>\n<p><strong>\u00bfEn qu\u00e9 consiste este taller?<\/strong><\/p>\n<ul>\n<li>Diagn\u00f3stico y asesoramiento capilar gratuitos<\/li>\n<li>Demostraci\u00f3n del producto Avani Professional<\/li>\n<li>10% de descuento en productos Avani Professional, el d\u00eda del taller, en la tienda.<\/li>\n<li>Al comprar productos Avani Professional por valor de 20 euros, recibir\u00e1s una demostraci\u00f3n gratuita de la aplicaci\u00f3n de los productos Avani Professional adquiridos.<\/li>\n<li>Tratamientos opcionales a cargo de Filipa Martins Hairstlylist, nuestra invitada especial.<\/li>\n<\/ul>\n<p>Invitada especial | <strong>Filipa Martins Peluquera<\/strong><\/p>\n<p>Nuestro invitado especial realizar\u00e1 tratamientos profesionales opcionales:<\/p>\n<ul>\n<li>Balayage | Babylights | Colormelt o t\u00e9cnicas exclusivas Por Filipa Martins Peluquera;<\/li>\n<li>Tratamiento de fibra Avani Profisisonal (hidrataci\u00f3n, nutrici\u00f3n o reconstrucci\u00f3n)<\/li>\n<li>Estilismo ( liso, ondas, peinado )<\/li>\n<li>Corte ( opcional )<\/li>\n<\/ul>\n<p><strong>Nota:<\/strong> El coste de los tratamientos opcionales no est\u00e1 incluido en el taller y debe abonarse por separado.<\/p>\n<hr>\n<p><strong>Ubicaci\u00f3n del taller:<\/strong><strong>Tienda Banho de Brilho en Benfica<br \/>\n<\/strong>Estrada de Benfica, n\u00ba 627 A<br \/>\n1500-087 Lisboa<i class=\"fa fa-phone\" aria-hidden=\"true\"><\/i><\/p>\n<p>Tel\u00e9fono:<a href=\"callto:+351214%20062%20427\"> (+351) 214 062 427<\/a><\/p>\n<hr>\n<p>La visita a la tienda Banho de Brilho se reservar\u00e1 despu\u00e9s de que te hayas inscrito en el evento, por correo electr\u00f3nico o por tel\u00e9fono, indicando la hora a la que debes presentarte ante nuestro equipo. Muchas gracias.[\/vc_column_text][\/vc_column][vc_column width=&#8221;5\/12&#8243; el_class=&#8221;bloco2-cand&#8221;][franco_heading small_heading_title=&#8221;Inscri\u00e7\u00f5es Abertas&#8221; tag_heading=&#8221;tag-h1&#8243; big_heading_title=&#8221;Para profissionais e p\u00fablico em geral&#8221; heading_align=&#8221;left&#8221; el_class=&#8221;headcand2&#8243;][vc_column_text el_class=&#8221;textocand1&#8243;]O presente workshop destina-se a profissionais da \u00e1rea, e tamb\u00e9m ao p\u00fablico em geral.<\/p>\n<p>Realize a sua inscri\u00e7\u00e3o no formul\u00e1rio em baixo, no fundo da p\u00e1gina\u00a0&#x1f49a;[\/vc_column_text][franco_heading small_heading_title=&#8221;A NOSSA CONVIDADA ESPECIAL&#8221; tag_heading=&#8221;tag-h1&#8243; big_heading_title=&#8221;Filipa Martins Hairstylist&#8221; heading_align=&#8221;left&#8221; el_class=&#8221;headcand3&#8243;][vc_column_text css=&#8221;.vc_custom_1548870721939{padding-left: -30px !important;}&#8221; el_class=&#8221;textocand2&#8243;]<img loading=\"lazy\" decoding=\"async\" src=\"https:\/\/www.avani.pt\/wp-content\/uploads\/2019\/01\/WhatsApp-Image-2019-01-28-at-21.34.47-300x290.png\" alt=\"\" width=\"300\" height=\"290\" class=\"alignnone size-medium wp-image-5390\" srcset=\"https:\/\/www.avani.pt\/wp-content\/uploads\/2019\/01\/WhatsApp-Image-2019-01-28-at-21.34.47-300x290.png 300w, https:\/\/www.avani.pt\/wp-content\/uploads\/2019\/01\/WhatsApp-Image-2019-01-28-at-21.34.47-768x742.png 768w, https:\/\/www.avani.pt\/wp-content\/uploads\/2019\/01\/WhatsApp-Image-2019-01-28-at-21.34.47-31x30.png 31w, https:\/\/www.avani.pt\/wp-content\/uploads\/2019\/01\/WhatsApp-Image-2019-01-28-at-21.34.47-600x580.png 600w, https:\/\/www.avani.pt\/wp-content\/uploads\/2019\/01\/WhatsApp-Image-2019-01-28-at-21.34.47-32x32.png 32w, https:\/\/www.avani.pt\/wp-content\/uploads\/2019\/01\/WhatsApp-Image-2019-01-28-at-21.34.47.png 900w, https:\/\/www.avani.pt\/wp-content\/uploads\/2019\/01\/WhatsApp-Image-2019-01-28-at-21.34.47-32x32@2x.png 64w\" sizes=\"auto, (max-width: 300px) 100vw, 300px\" \/><\/p>\n<p><span>Nuestra invitada especial es una creadora de cabellos de ensue\u00f1o, que conoce el cabello y el estilo de las mujeres como nadie y es tambi\u00e9n nuestro Punto de Venta Avani Profesional en Coimbra.<br \/>\n<\/span><\/p>\n<p>Si quieres visitar a Filipa en Coimbra, aqu\u00ed tienes la direcci\u00f3n:<\/p>\n<p><strong>Filipa Martins Peluquera<br \/>\n<\/strong><span>Rua Sargento Mor Loja n\u00ba5<br \/>\n<\/span><span>Coimbra 3000-382<\/span><\/p>\n<div class=\"wpsl-info-actions\"><a class=\"wpsl-directions\" target=\"_blank\" href=\"https:\/\/www.google.com\/maps\/dir\/?api=1&amp;origin=R.%20Combatentes%20da%20Grande%20Guerra%2033%2C%20Coimbra%2C%20Portugal&amp;destination=Rua%20sargento%20mor%20loja%20n%C2%BA5%2C%20Coimbra%2C%203000-382%2C%20Portugal&amp;travelmode=driving\" rel=\"noopener\">C\u00f3mo llegar<\/a><\/div>\n<p>[\/vc_column_text][\/vc_column][\/vc_row][vc_row full_width=&#8221;stretch_row&#8221; content_placement=&#8221;middle&#8221; bg_type=&#8221;bg_color&#8221; bg_color_value=&#8221;#4ac443&#8243;][vc_column][franco_heading small_heading_title=&#8221;A NOSSA AGENDA&#8221; tag_heading=&#8221;tag-h1&#8243; big_heading_title=&#8221;Workshop Diagn\u00f3stico Capilar&#8221; small_title_color=&#8221;#ffffff&#8221; big_title_color=&#8221;#ffffff&#8221;][\/vc_column][\/vc_row][vc_row full_width=&#8221;stretch_row&#8221; content_placement=&#8221;middle&#8221; bg_type=&#8221;bg_color&#8221; bg_color_value=&#8221;#4ac443&#8243; el_class=&#8221;datecand&#8221;][vc_column width=&#8221;1\/3&#8243; el_class=&#8221;based1&#8243;][vc_column_text el_class=&#8221;d&#8221;]<\/p>\n<p style=\"text-align: center;\">PR\u00d3XIMAS FECHAS:<\/p>\n<p>[\/vc_column_text][\/vc_column][vc_column width=&#8221;1\/3&#8243; css=&#8221;.vc_custom_1520944899005{border-radius: 1px !important;}&#8221;][vc_column_text el_class=&#8221;d1&#8243;]<\/p>\n<p style=\"text-align: center;\">18 DE FEBRERO DE 2019<\/p>\n<p>[\/vc_column_text][\/vc_column][vc_column width=&#8221;1\/3&#8243; el_class=&#8221;based3&#8243;][vc_column_text el_class=&#8221;d2&#8243;]<\/p>\n<p style=\"text-align: center;\">Se te informar\u00e1 de la hora de asistencia por correo electr\u00f3nico o por tel\u00e9fono.<\/p>\n<p>[\/vc_column_text][\/vc_column][\/vc_row][vc_row full_width=&#8221;stretch_row_content_no_spaces&#8221; content_placement=&#8221;middle&#8221; bg_type=&#8221;bg_color&#8221;][vc_column el_class=&#8221;bloco3-cand&#8221;][\/vc_column][\/vc_row][vc_row][vc_column][franco_heading heading_style=&#8221;style8&#8243; small_heading_title=&#8221;em caso de d\u00favidas, entre em contacto connosco. Obrigado.&#8221; tag_heading=&#8221;tag-h1&#8243; big_heading_title=&#8221;FA\u00c7A AQUI A SUA INSCRI\u00c7\u00c3O NO EVENTO&#8221;][\/vc_column][\/vc_row][vc_row el_class=&#8221;formbeleza&#8221;][vc_column]\n<div class=\"wpcf7 no-js\" id=\"wpcf7-f5385-o1\" lang=\"en-US\" dir=\"ltr\" data-wpcf7-id=\"5385\">\n<div class=\"screen-reader-response\"><p role=\"status\" aria-live=\"polite\" aria-atomic=\"true\"><\/p> <ul><\/ul><\/div>\n<form action=\"\/es\/wp-json\/wp\/v2\/pages\/77447#wpcf7-f5385-o1\" method=\"post\" class=\"wpcf7-form init\" aria-label=\"Contact form\" novalidate=\"novalidate\" data-status=\"init\">\n<fieldset class=\"hidden-fields-container\"><input type=\"hidden\" name=\"_wpcf7\" value=\"5385\" \/><input type=\"hidden\" name=\"_wpcf7_version\" value=\"6.1.5\" \/><input type=\"hidden\" name=\"_wpcf7_locale\" value=\"en_US\" \/><input type=\"hidden\" name=\"_wpcf7_unit_tag\" value=\"wpcf7-f5385-o1\" \/><input type=\"hidden\" name=\"_wpcf7_container_post\" value=\"0\" \/><input type=\"hidden\" name=\"_wpcf7_posted_data_hash\" value=\"\" \/>\n<\/fieldset>\n<div class=\"row\" style=\"text-align:center;\">\n\t<div class=\"col-md-6 pr-5 mr-5\">\n\t\t<p><label><span class=\"wpcf7-form-control-wrap\" data-name=\"your-name\"><input size=\"40\" maxlength=\"400\" class=\"wpcf7-form-control wpcf7-text wpcf7-validates-as-required\" id=\"form-dis\" aria-required=\"true\" aria-invalid=\"false\" placeholder=\"nome\" value=\"\" type=\"text\" name=\"your-name\" \/><\/span> <\/label>\n\t\t<\/p>\n\t\t<p><label><span class=\"wpcf7-form-control-wrap\" data-name=\"your-email\"><input size=\"40\" maxlength=\"400\" class=\"wpcf7-form-control wpcf7-email wpcf7-validates-as-required wpcf7-text wpcf7-validates-as-email\" aria-required=\"true\" aria-invalid=\"false\" placeholder=\"email\" value=\"\" type=\"email\" name=\"your-email\" \/><\/span> <\/label>\n\t\t<\/p>\n\t\t<p><label><span class=\"wpcf7-form-control-wrap\" data-name=\"telefone\"><input size=\"40\" maxlength=\"400\" class=\"wpcf7-form-control wpcf7-tel wpcf7-text wpcf7-validates-as-tel\" aria-invalid=\"false\" placeholder=\"telefone\" value=\"\" type=\"tel\" name=\"telefone\" \/><\/span><\/label>\n\t\t<\/p>\n\t<\/div>\n\t<div class=\"col-md-6 pl-5 ml-5\">\n\t\t<p><label><span class=\"wpcf7-form-control-wrap\" data-name=\"your-zone\"><input size=\"40\" maxlength=\"400\" class=\"wpcf7-form-control wpcf7-text wpcf7-validates-as-required\" aria-required=\"true\" aria-invalid=\"false\" placeholder=\"zona de resid\u00eancia\" value=\"\" type=\"text\" name=\"your-zone\" \/><\/span> <\/label>\n\t\t<\/p>\n\t\t<p><label><span class=\"wpcf7-form-control-wrap\" data-name=\"your-message\"><textarea cols=\"40\" rows=\"10\" maxlength=\"2000\" class=\"wpcf7-form-control wpcf7-textarea\" aria-invalid=\"false\" placeholder=\"Se desejar, deixe um coment\u00e1rio em baixo\" name=\"your-message\"><\/textarea><\/span> <\/label>\n\t\t<\/p>\n\t\t<p><input class=\"wpcf7-form-control wpcf7-submit has-spinner\" id=\"sub-dis\" type=\"submit\" value=\"Enviar\" \/>\n\t\t<\/p>\n\t<\/div>\n<\/div><div class=\"wpcf7-response-output\" aria-hidden=\"true\"><\/div>\n<\/form>\n<\/div>\n[\/vc_column][\/vc_row]<\/p>\n<\/div>","protected":false},"excerpt":{"rendered":"<p>[vc_row full_width=&#8221;stretch_row&#8221; bg_type=&#8221;image&#8221; parallax_style=&#8221;vcpb-default&#8221; bg_image_new=&#8221;id^5396|url^https:\/\/www.avani.pt\/wp-content\/uploads\/2019\/01\/header_pagina_workshops.png|caption^null|alt^null|title^header_pagina_workshops|description^null&#8221; bg_image_repeat=&#8221;no-repeat&#8221; bg_override=&#8221;ex-full&#8221; css=&#8221;.vc_custom_1548856045711{background-position: center !important;background-repeat: no-repeat !important;background-size: contain !important;}&#8221; el_class=&#8221;titlecandback&#8221;][vc_column css=&#8221;.vc_custom_1520957780290{margin-top: -20px !important;background-position: center !important;background-repeat: no-repeat !important;background-size: cover !important;}&#8221; el_class=&#8221;Titlecand&#8221;][vc_column_text]TALLERES AVANI PROFESIONAL[\/vc_column_text][\/vc_column][\/vc_row][vc_row][vc_column][vc_empty_space][\/vc_column][\/vc_row][vc_row gap=&#8221;25&#8243; el_class=&#8221;bloco2-cand&#8221;][vc_column width=&#8221;1\/2&#8243; el_class=&#8221;bloco1-cand&#8221;][franco_heading small_heading_title=&#8221;Os nossos Workshops&#8221; tag_heading=&#8221;tag-h1&#8243; big_heading_title=&#8221;Avani Profissional&#8221; heading_align=&#8221;left&#8221; el_class=&#8221;headcand1&#8243;][ultimate_spacer height=&#8221;10&#8243;][vc_column_text el_class=&#8221;txtcand&#8221;]Los Talleres Profesionales Avani est\u00e1n dirigidos a profesionales del sector y tambi\u00e9n al p\u00fablico en [&hellip;]<\/p>\n","protected":false},"author":8,"featured_media":0,"parent":0,"menu_order":0,"comment_status":"closed","ping_status":"closed","template":"","meta":{"_acf_changed":false,"footnotes":""},"class_list":["post-77447","page","type-page","status-publish","hentry","category_page-avani"],"acf":[],"_links":{"self":[{"href":"https:\/\/www.avani.pt\/es\/wp-json\/wp\/v2\/pages\/77447","targetHints":{"allow":["GET"]}}],"collection":[{"href":"https:\/\/www.avani.pt\/es\/wp-json\/wp\/v2\/pages"}],"about":[{"href":"https:\/\/www.avani.pt\/es\/wp-json\/wp\/v2\/types\/page"}],"author":[{"embeddable":true,"href":"https:\/\/www.avani.pt\/es\/wp-json\/wp\/v2\/users\/8"}],"replies":[{"embeddable":true,"href":"https:\/\/www.avani.pt\/es\/wp-json\/wp\/v2\/comments?post=77447"}],"version-history":[{"count":5,"href":"https:\/\/www.avani.pt\/es\/wp-json\/wp\/v2\/pages\/77447\/revisions"}],"predecessor-version":[{"id":77453,"href":"https:\/\/www.avani.pt\/es\/wp-json\/wp\/v2\/pages\/77447\/revisions\/77453"}],"wp:attachment":[{"href":"https:\/\/www.avani.pt\/es\/wp-json\/wp\/v2\/media?parent=77447"}],"curies":[{"name":"wp","href":"https:\/\/api.w.org\/{rel}","templated":true}]}}