{"id":77471,"date":"2019-08-22T11:17:33","date_gmt":"2019-08-22T10:17:33","guid":{"rendered":"https:\/\/www.avani.pt\/reglamento-reto-avani-profesional-influencer\/"},"modified":"2025-10-21T15:59:49","modified_gmt":"2025-10-21T14:59:49","slug":"reglamento-reto-avani-profesional-influencer","status":"publish","type":"page","link":"https:\/\/www.avani.pt\/es\/reglamento-reto-avani-profesional-influencer\/","title":{"rendered":"Reglamento | Reto Avani Profesional Influencer"},"content":{"rendered":"<div class=\"wpb-content-wrapper\"><p>[vc_row el_class=&#8221;pagcond&#8221;][vc_column][ultimate_spacer height=&#8221;40&#8243;][vc_row_inner][vc_column_inner][franco_heading small_heading_title=&#8221;Regulamento  &#8221; tag_heading=&#8221;tag-h3&#8243; big_heading_title=&#8221;Desafio Influenciadoras Avani Profissional&#8221;][ultimate_spacer height=&#8221;10&#8243;][\/vc_column_inner][\/vc_row_inner][ultimate_spacer height=&#8221;30&#8243;][vc_column_text]Los siguientes t\u00e9rminos y condiciones tienen por objeto regular el <strong>Desaf\u00edo Avani Profesional<\/strong>, titulado <strong>&#8220;Desafio Influenciadoras Avani Profissional&#8221;,<\/strong> en el que Banho de Brilho, con sede en Estrada de Benfica, n\u00ba 627 A, 1500-087 Lisboa, con Tel: (+351) 214 062 427, ofrece una plancha de vapor L&#8217;Oreal Rowenta Steampod \/ blanca, al ganador o ganadores respectivos.<\/p>\n<p style=\"text-align: center;\">Oferta\/premio para el ganador:<\/p>\n<p><img loading=\"lazy\" decoding=\"async\" src=\"https:\/\/www.avani.pt\/wp-content\/uploads\/2019\/09\/LP7100-ROW-LARGE-300x256.png\" alt=\"\" width=\"300\" height=\"256\" class=\"size-medium wp-image-7491 aligncenter\" srcset=\"https:\/\/www.avani.pt\/wp-content\/uploads\/2019\/09\/LP7100-ROW-LARGE-300x256.png 300w, https:\/\/www.avani.pt\/wp-content\/uploads\/2019\/09\/LP7100-ROW-LARGE-35x30.png 35w, https:\/\/www.avani.pt\/wp-content\/uploads\/2019\/09\/LP7100-ROW-LARGE.png 405w\" sizes=\"auto, (max-width: 300px) 100vw, 300px\" \/><\/p>\n<p style=\"text-align: center;\">Plancha de vapor Steampod L&#8217;Oreal Rowenta \/ blanca.<\/p>\n<p>&nbsp;<\/p>\n<ol>\n<li><strong>Fecha del concurso:<\/strong><\/li>\n<\/ol>\n<p>Este concurso estar\u00e1 abierto del 10 al 30 de septiembre de 2019;<\/p>\n<p>&nbsp;<\/p>\n<ol start=\"2\">\n<li><strong>Condiciones de participaci\u00f3n:<\/strong><\/li>\n<\/ol>\n<ul>\n<li>Este reto est\u00e1 reservado a los influencers que env\u00eden un correo electr\u00f3nico a <strong>marketing@avani.pt, <\/strong>indicando su intenci\u00f3n de participar en el reto, para que la marca pueda enviar los datos de participaci\u00f3n, as\u00ed como los contenidos de imagen y texto necesarios para que el reto se lleve a cabo.<\/li>\n<li>Este reto s\u00f3lo es v\u00e1lido para los influencers que utilicen su enlace compartido (\u00fanico para cada influencer) para generar visitas al sitio web de Avani Professional;<\/li>\n<li>Este reto s\u00f3lo es v\u00e1lido para los influencers que cumplan los requisitos establecidos en los t\u00e9rminos y condiciones aqu\u00ed presentados y que garanticen buenas pr\u00e1cticas con respecto a su comunidad digital;<\/li>\n<li>Los participantes deben residir en Portugal continental.<\/li>\n<li>Los participantes tendr\u00e1n que facilitar sus datos telef\u00f3nicos y de correo electr\u00f3nico en el correo de inscripci\u00f3n al reto, en caso de que ganen, para que se les pueda entregar el regalo.<\/li>\n<li>Los participantes autorizan a Avani Professional a publicar los resultados de los concursos para cualquier fin publicitario y\/o para dar a conocer las iniciativas o concursos que haya organizado y por los medios que considere oportunos.<\/li>\n<\/ul>\n<p>&nbsp;<\/p>\n<ol start=\"3\">\n<li><strong>Elegir al ganador<\/strong><\/li>\n<\/ol>\n<p>3.1. El ganador del concurso se elegir\u00e1 en funci\u00f3n de la URL compartida, que es \u00fanica para cada influencer.<\/p>\n<p>3.2. El ganador ser\u00e1 el influencer que genere m\u00e1s visitas a la web <strong>www.avani.pt <\/strong>, a trav\u00e9s de su enlace (\u00fanico para cada influencer), enviado por la marca;<\/p>\n<p>&nbsp;<\/p>\n<ol start=\"4\">\n<li><strong>Anuncio del ganador del concurso:<\/strong><\/li>\n<\/ol>\n<p>4.1. El ganador se anunciar\u00e1 por correo electr\u00f3nico en octubre de 2019.<\/p>\n<p>4.2. El ganador deber\u00e1 enviar una respuesta por correo electr\u00f3nico a <strong>marketing@avani.pt<\/strong> en un plazo de 5 d\u00edas laborables, indicando sus datos telef\u00f3nicos y\/o de correo electr\u00f3nico, para que se le pueda entregar la oferta.<\/p>\n<p>&nbsp;<\/p>\n<ol start=\"5\">\n<li><strong><strong>Entrega de la oferta.<\/strong><\/strong><\/li>\n<\/ol>\n<p>5.1 La fecha de entrega de la oferta se determinar\u00e1 tras el primer contacto con el ganador del concurso.<\/p>\n<p>&nbsp;<\/p>\n<ol start=\"6\">\n<li><strong><strong>Cambios en el reglamento<\/strong><\/strong><\/li>\n<\/ol>\n<p>Banho de Brilho y Avani Profissional se reservan el derecho a modificar las bases del concurso en cualquier momento, sin previo aviso, y a no considerar ganador a quien no cumpla todas las condiciones de participaci\u00f3n establecidas en el punto 2 de estas bases.<\/p>\n<p><strong> <\/strong><\/p>\n<ol start=\"7\">\n<li><strong><strong>Mal comportamiento o uso de vocabulario inapropiado y\/u ofensivo.<\/strong><\/strong><\/li>\n<\/ol>\n<p>Banho de Brilho y Avani Profissional se reservan el derecho de eliminar cualquier comentario que consideren de mala conducta o que utilice vocabulario inapropiado u ofensivo.[\/vc_column_text][\/vc_column][\/vc_row]<\/p>\n<\/div>","protected":false},"excerpt":{"rendered":"<p>[vc_row el_class=&#8221;pagcond&#8221;][vc_column][ultimate_spacer height=&#8221;40&#8243;][vc_row_inner][vc_column_inner][franco_heading small_heading_title=&#8221;Regulamento &#8221; tag_heading=&#8221;tag-h3&#8243; big_heading_title=&#8221;Desafio Influenciadoras Avani Profissional&#8221;][ultimate_spacer height=&#8221;10&#8243;][\/vc_column_inner][\/vc_row_inner][ultimate_spacer height=&#8221;30&#8243;][vc_column_text]Los siguientes t\u00e9rminos y condiciones tienen por objeto regular el Desaf\u00edo Avani Profesional, titulado &#8220;Desafio Influenciadoras Avani Profissional&#8221;, en el que Banho de Brilho, con sede en Estrada de Benfica, n\u00ba 627 A, 1500-087 Lisboa, con Tel: (+351) 214 062 427, ofrece una plancha [&hellip;]<\/p>\n","protected":false},"author":8,"featured_media":0,"parent":0,"menu_order":0,"comment_status":"closed","ping_status":"closed","template":"","meta":{"_acf_changed":false,"footnotes":""},"class_list":["post-77471","page","type-page","status-publish","hentry","category_page-avani"],"acf":[],"_links":{"self":[{"href":"https:\/\/www.avani.pt\/es\/wp-json\/wp\/v2\/pages\/77471","targetHints":{"allow":["GET"]}}],"collection":[{"href":"https:\/\/www.avani.pt\/es\/wp-json\/wp\/v2\/pages"}],"about":[{"href":"https:\/\/www.avani.pt\/es\/wp-json\/wp\/v2\/types\/page"}],"author":[{"embeddable":true,"href":"https:\/\/www.avani.pt\/es\/wp-json\/wp\/v2\/users\/8"}],"replies":[{"embeddable":true,"href":"https:\/\/www.avani.pt\/es\/wp-json\/wp\/v2\/comments?post=77471"}],"version-history":[{"count":5,"href":"https:\/\/www.avani.pt\/es\/wp-json\/wp\/v2\/pages\/77471\/revisions"}],"predecessor-version":[{"id":77477,"href":"https:\/\/www.avani.pt\/es\/wp-json\/wp\/v2\/pages\/77471\/revisions\/77477"}],"wp:attachment":[{"href":"https:\/\/www.avani.pt\/es\/wp-json\/wp\/v2\/media?parent=77471"}],"curies":[{"name":"wp","href":"https:\/\/api.w.org\/{rel}","templated":true}]}}