{"id":77524,"date":"2018-02-20T22:35:18","date_gmt":"2018-02-20T22:35:18","guid":{"rendered":"https:\/\/www.avani.pt\/seguridad-y-privacidad\/"},"modified":"2025-10-21T15:59:49","modified_gmt":"2025-10-21T14:59:49","slug":"seguridad-y-privacidad","status":"publish","type":"page","link":"https:\/\/www.avani.pt\/es\/seguridad-y-privacidad\/","title":{"rendered":"Seguridad y privacidad"},"content":{"rendered":"\n<div style=\"height:50px\" aria-hidden=\"true\" class=\"wp-block-spacer\"><\/div>\n\n<hr class=\"wp-block-separator aligncenter has-text-color has-background is-style-wide\" style=\"background-color:#b2914a;color:#b2914a\"\/>\n\n<div style=\"height:75px\" aria-hidden=\"true\" class=\"wp-block-spacer\"><\/div>\n\n<h2 class=\"has-text-align-center uppercase golden_color wp-block-heading\">Seguridad<\/h2>\n\n<div style=\"height:30px\" aria-hidden=\"true\" class=\"wp-block-spacer\"><\/div>\n\n<p class=\"has-text-align-center\">Todos los datos se tratan con la m\u00e1xima seguridad y confidencialidad.<br\/>La informaci\u00f3n introducida sobre el m\u00e9todo de pago y los datos respectivos est\u00e1n debidamente protegidos con herramientas de seguridad adecuadas.<\/p>\n\n<div style=\"height:75px\" aria-hidden=\"true\" class=\"wp-block-spacer\"><\/div>\n\n<h2 class=\"has-text-align-center uppercase golden_color wp-block-heading\">Pol\u00edtica de privacidad<\/h2>\n\n<div style=\"height:30px\" aria-hidden=\"true\" class=\"wp-block-spacer\"><\/div>\n\n<p class=\"has-text-align-center\">Banho de Brilho garantiza el respeto a la privacidad de los usuarios. En t\u00e9rminos generales, el sitio ofrece la posibilidad de navegar libremente y sin recopilaci\u00f3n previa de informaci\u00f3n personal. \u00danicamente las p\u00e1ginas dedicadas a servicios electr\u00f3nicos, como pedidos online y suscripci\u00f3n a boletines, requieren el suministro de informaci\u00f3n personal como condici\u00f3n para la prestaci\u00f3n de los servicios solicitados por el Cliente o interesado.  <\/p>\n\n<p class=\"has-text-align-center\">Banho de Brilho es responsable de la protecci\u00f3n de los datos personales introducidos por el usuario o recogidos por Banho de Brilho y podr\u00e1 utilizarlos para uno de los siguientes fines: Mejorar los servicios disponibles; Generar datos estad\u00edsticos generales; Establecer un v\u00ednculo con los usuarios mediante el env\u00edo de informaci\u00f3n institucional por correo electr\u00f3nico. Banho de Brilho se compromete a no transmitir los datos personales de los usuarios a organizaciones externas. Cualquier tratamiento de datos personales se realizar\u00e1 de acuerdo con la legislaci\u00f3n aplicable. De acuerdo con el art\u00edculo 10, apartado 4, de la Ley n\u00ba 67\/98, de 26 de octubre, que se refiere a las condiciones de seguridad relativas a la recogida de informaci\u00f3n en redes abiertas, todos los empleados de Banho de Brilho implicados en el tratamiento de datos est\u00e1n sujetos al deber de secreto y confidencialidad en relaci\u00f3n con dichos datos. Los usuarios pueden modificar sus datos electr\u00f3nicamente en cualquier momento y darse de baja de los boletines informativos.<\/p>\n\n<p class=\"has-text-align-center\">Banho de Brilho mantendr\u00e1 activa la informaci\u00f3n de la cuenta en las bases de datos de registro de usuarios para proporcionar acceso inmediato a la informaci\u00f3n personalizada cada vez que el usuario entre en el sitio, hasta que se solicite su eliminaci\u00f3n, con la excepci\u00f3n de la informaci\u00f3n de los Clientes que hayan realizado pedidos. Los usuarios podr\u00e1n ejercer en cualquier momento sus derechos de acceso, rectificaci\u00f3n de datos y cancelaci\u00f3n o activaci\u00f3n de boletines informativos. <\/p>\n\n<div style=\"height:75px\" aria-hidden=\"true\" class=\"wp-block-spacer\"><\/div>\n\n<h2 class=\"has-text-align-center uppercase golden_color wp-block-heading\">Uso de cookies<\/h2>\n\n<div style=\"height:30px\" aria-hidden=\"true\" class=\"wp-block-spacer\"><\/div>\n\n<p class=\"has-text-align-center\">Este sitio web utiliza cookies (peque\u00f1as etiquetas de software que se almacenan en tu ordenador a trav\u00e9s de tu navegador, conservando \u00fanicamente informaci\u00f3n relacionada con tus preferencias y, por tanto, sin incluir tus datos personales) con el fin de mejorar la experiencia del usuario. Las utiliza en sus servicios din\u00e1micos, para simplificar la cumplimentaci\u00f3n de los formularios asociados a ellos, y en las dem\u00e1s p\u00e1ginas del sitio para recoger elementos relativos a la interacci\u00f3n y actividad general de los usuarios en este sitio. Este proceso de recogida se lleva a cabo de acuerdo con los procedimientos y pr\u00e1cticas de seguridad normalizados en este tipo de herramientas, que garantizan la correcta encriptaci\u00f3n de los datos entre los distintos canales de acceso al sitio y el servidor respectivo. La informaci\u00f3n obtenida por este medio no permite establecer ninguna relaci\u00f3n en cuanto a las direcciones IP de los usuarios con el fin de verificar los datos personales.<br\/>Fuente de la declaraci\u00f3n: www.anacom.pt   <\/p>\n\n<div style=\"height:75px\" aria-hidden=\"true\" class=\"wp-block-spacer\"><\/div>\n\n<h2 class=\"has-text-align-center uppercase golden_color wp-block-heading\">Atenci\u00f3n al cliente<\/h2>\n\n<div style=\"height:30px\" aria-hidden=\"true\" class=\"wp-block-spacer\"><\/div>\n\n<p class=\"has-text-align-center\">Cualquier queja o sugerencia relativa a los productos comercializados debe dirigirse a nuestros medios de contacto. Nuestro horario de atenci\u00f3n al p\u00fablico es de 10.00 a 19.30 horas, de lunes a s\u00e1bado. <\/p>\n\n<p class=\"has-text-align-center\">Direcci\u00f3n: Estrada de Benfica, n\u00ba 627 A<br\/>1500-087 Lisboa<\/p>\n\n<p class=\"has-text-align-center\">Tel\u00e9fono: (+351) 214 062 427<br\/>info@banhodebrilho.pt<\/p>\n","protected":false},"excerpt":{"rendered":"<p>Seguridad Todos los datos se tratan con la m\u00e1xima seguridad y confidencialidad.La informaci\u00f3n introducida sobre el m\u00e9todo de pago y los datos respectivos est\u00e1n debidamente protegidos con herramientas de seguridad adecuadas. Pol\u00edtica de privacidad Banho de Brilho garantiza el respeto a la privacidad de los usuarios. En t\u00e9rminos generales, el sitio ofrece la posibilidad de [&hellip;]<\/p>\n","protected":false},"author":9,"featured_media":0,"parent":0,"menu_order":0,"comment_status":"closed","ping_status":"closed","template":"","meta":{"_acf_changed":false,"footnotes":""},"class_list":["post-77524","page","type-page","status-publish","hentry","category_page-avani"],"acf":[],"_links":{"self":[{"href":"https:\/\/www.avani.pt\/es\/wp-json\/wp\/v2\/pages\/77524","targetHints":{"allow":["GET"]}}],"collection":[{"href":"https:\/\/www.avani.pt\/es\/wp-json\/wp\/v2\/pages"}],"about":[{"href":"https:\/\/www.avani.pt\/es\/wp-json\/wp\/v2\/types\/page"}],"author":[{"embeddable":true,"href":"https:\/\/www.avani.pt\/es\/wp-json\/wp\/v2\/users\/9"}],"replies":[{"embeddable":true,"href":"https:\/\/www.avani.pt\/es\/wp-json\/wp\/v2\/comments?post=77524"}],"version-history":[{"count":3,"href":"https:\/\/www.avani.pt\/es\/wp-json\/wp\/v2\/pages\/77524\/revisions"}],"predecessor-version":[{"id":77532,"href":"https:\/\/www.avani.pt\/es\/wp-json\/wp\/v2\/pages\/77524\/revisions\/77532"}],"wp:attachment":[{"href":"https:\/\/www.avani.pt\/es\/wp-json\/wp\/v2\/media?parent=77524"}],"curies":[{"name":"wp","href":"https:\/\/api.w.org\/{rel}","templated":true}]}}