{"id":77733,"date":"2020-07-16T11:09:48","date_gmt":"2020-07-16T10:09:48","guid":{"rendered":"https:\/\/www.avani.pt\/tratamientos-especiales-low-no-poo\/"},"modified":"2025-10-21T15:59:58","modified_gmt":"2025-10-21T14:59:58","slug":"tratamientos-especiales-low-no-poo","status":"publish","type":"page","link":"https:\/\/www.avani.pt\/es\/tratamientos-especiales-low-no-poo\/","title":{"rendered":"Tratamientos especiales Low &amp; No Poo"},"content":{"rendered":"<div class=\"wpb-content-wrapper\"><p>[vc_row el_class=&#8221;text-align-center&#8221;][vc_column][vc_column_text el_class=&#8221;margin-top-between-modules text-next-to-title&#8221;]Low Poo y No Poo son t\u00e9cnicas de cuidado del cabello que pretenden eliminar el uso de productos que contengan sulfatos, petrolatos, aceites minerales, siliconas y parafinas.[\/vc_column_text][\/vc_column][\/vc_row][vc_row el_class=&#8221;text-align-center&#8221;][vc_column][vc_empty_space height=&#8221;10px&#8221;][\/vc_column][\/vc_row][vc_row el_class=&#8221;text-align-center&#8221;][vc_column]<div class=\"wp-block-embed wp-embed-width-desktop- wp-embed-width-mobile-\">\n\t\t<figure class=\"wp-block-embed-video is-type-video is-provider-youtube wp-block-embed-youtube wp-embed-aspect-16-9 wp-has-aspect-ratio\">\n\t\t\t<div class=\"wp-block-embed__wrapper js-video-play\">\n\t\t\t\t<img decoding=\"async\" class=\"wp-block-embed__cover\" src=\"https:\/\/www.avani.pt\/wp-content\/uploads\/2020\/07\/photo_video.png\" \/>\n\t\t\t\t<i class=\"fa fa-play-circle\" aria-hidden=\"true\"><\/i>\n\t\t\t\t<iframe src=\"https:\/\/www.youtube.com\/embed\/BwQn9hol4pA?start=0&amp;showinfo=0&amp;controls=1&amp;rel=0\" frameborder=\"0\" allow=\"accelerometer; autoplay; clipboard-write; encrypted-media; gyroscope; picture-in-picture\" allowfullscreen=\"\"><\/iframe>\n\t\t\t<\/div>\n\t\t<\/figure>\n\t<\/div>\n\t<div class=\"av-social-share\"><p>Comparte<\/p> <div class=\"addtoany_shortcode\"><div class=\"a2a_kit a2a_kit_size_48 addtoany_list\" data-a2a-url=\"https:\/\/www.avani.pt\/es\/tratamientos-especiales-low-no-poo\/\" data-a2a-title=\"Tratamientos especiales Low &amp; No Poo\"><a class=\"a2a_button_email\" href=\"https:\/\/www.addtoany.com\/add_to\/email?linkurl=https%3A%2F%2Fwww.avani.pt%2Fes%2Ftratamientos-especiales-low-no-poo%2F&amp;linkname=Tratamientos%20especiales%20Low%20%26%20No%20Poo\" title=\"Email\" rel=\"nofollow noopener\" target=\"_blank\"><img loading=\"lazy\" decoding=\"async\" src=\"\/wp-content\/themes\/slendertail-theme\/addtoany\/email.svg\" width=\"48\" height=\"48\" alt=\"Email\"><\/a><a class=\"a2a_button_facebook\" href=\"https:\/\/www.addtoany.com\/add_to\/facebook?linkurl=https%3A%2F%2Fwww.avani.pt%2Fes%2Ftratamientos-especiales-low-no-poo%2F&amp;linkname=Tratamientos%20especiales%20Low%20%26%20No%20Poo\" title=\"Facebook\" rel=\"nofollow noopener\" target=\"_blank\"><img loading=\"lazy\" decoding=\"async\" src=\"\/wp-content\/themes\/slendertail-theme\/addtoany\/facebook.svg\" width=\"48\" height=\"48\" alt=\"Facebook\"><\/a><a class=\"a2a_button_facebook_messenger\" href=\"https:\/\/www.addtoany.com\/add_to\/facebook_messenger?linkurl=https%3A%2F%2Fwww.avani.pt%2Fes%2Ftratamientos-especiales-low-no-poo%2F&amp;linkname=Tratamientos%20especiales%20Low%20%26%20No%20Poo\" title=\"Messenger\" rel=\"nofollow noopener\" target=\"_blank\"><img loading=\"lazy\" decoding=\"async\" src=\"\/wp-content\/themes\/slendertail-theme\/addtoany\/facebook_messenger.svg\" width=\"48\" height=\"48\" alt=\"Messenger\"><\/a><a class=\"a2a_button_whatsapp\" href=\"https:\/\/www.addtoany.com\/add_to\/whatsapp?linkurl=https%3A%2F%2Fwww.avani.pt%2Fes%2Ftratamientos-especiales-low-no-poo%2F&amp;linkname=Tratamientos%20especiales%20Low%20%26%20No%20Poo\" title=\"WhatsApp\" rel=\"nofollow noopener\" target=\"_blank\"><img loading=\"lazy\" decoding=\"async\" src=\"\/wp-content\/themes\/slendertail-theme\/addtoany\/whatsapp.svg\" width=\"48\" height=\"48\" alt=\"WhatsApp\"><\/a><\/div><\/div><\/div>[\/vc_column][\/vc_row][vc_row full_width=&#8221;stretch_row_content_no_spaces&#8221; el_class=&#8221;text-align-center&#8221;][vc_column]<div class=\"container\">\n    <div class=\"twin-buttons-and-link text-align-center margin-top-between-modules\">\n\n                    <h2 class=\"uppercase golden twin-buttons-and-link-title\">&iquest;Tienes preguntas?<\/h2>\n        \n        \n        \n                    <a href=\"https:\/\/www.instagram.com\/avaniprofissional\/\" target=\"_blank\" class=\"twin-buttons-and-link-btn-wrapper\">\n                <button class=\"button twin-buttons-and-link-btn btn2  av-button av-button--primary instagram_color_btn \">\n\n                    \n                    <div class=\"twin-buttons-and-link-btn-title second-button\">\n                        <div class=\"desktop--only\">Videollamada en instagram<\/div>\n                                                    <div class=\"subtitle desktop--only\">Reserva por mensaje privado en instagram<\/div>\n                                                <div class=\"mobile--only\">Videollamada en instagram<\/div>\n                    <\/div>\n\n                    \n                <\/button>\n            <\/a>\n        \n\n                            \n\n\n    <\/div>\n<\/div>\n[\/vc_column][\/vc_row][vc_row el_class=&#8221;text-align-center&#8221;][vc_column][vc_empty_space height=&#8221;40px&#8221;][vc_column_text el_class=&#8221;margin-top-between-modules text-next-to-title&#8221;]<\/p>\n<h3 class=\"golden\">Descubre los productos Avani Professional adaptados a Low Poo y No Poo.<\/h3>\n<p>[\/vc_column_text][vc_column_text]Te sugerimos que empieces con productos Low Poo para que tu pelo se acostumbre a la t\u00e9cnica. La t\u00e9cnica No Poo elimina por completo el champ\u00fa, por lo que pasar por la fase intermedia es ideal para que tu pelo tenga una transici\u00f3n m\u00e1s suave (\u00a1y exitosa!). <\/p>\n<p>&nbsp;<\/p>\n<p>Esta t\u00e9cnica se puede utilizar con todo tipo de cabellos y es especialmente beneficiosa para los cabellos rizados y espesos, ya que son m\u00e1s fr\u00e1giles y dif\u00edciles de nutrir.[\/vc_column_text][\/vc_column][\/vc_row][vc_row el_class=&#8221;text-align-center&#8221;][vc_column]<section class=\"display-container margin-top-between-modules flex-row-center-center\">\n    <div class=\"low-and-no-poo-module text-align-center margin-top-between-modules desktop--only--md\">\n            <h2 class=\"low-and-no-poo-module-title black uppercase\">\n            Caca baja\n        <\/h2>\n                <h3 class=\"low-and-no-poo-module-subtitle-card golden uppercase\">\n            <p><strong>Bajo<\/strong> = Peque\u00f1a <strong>caca<\/strong> = Champ\u00fa<\/p>\n\n        <\/h3>\n                <div class=\"low-and-no-poo-module-content\">\n            <p>Una t\u00e9cnica de cuidado del cabello que utiliza champ\u00fas sin sulfatos y productos sin sustancias nocivas para la salud capilar<br \/>\n(los llamados petrolatos: aceite mineral, parafinas y similares).<\/p>\n\n        <\/div>\n                <a href=\"https:\/\/www.avani.pt\/es\/c\/cabelo\/no-caca-baja\/caca-baja\/\" target=\"_self\">\n            <button class=\"button low-and-no-poo-module-btn av-button av-button--primary\">\n                Descobrir Produtos\n            <\/button>\n        <\/a>\n                <a href=\"https:\/\/www.avani.pt\/es\/p\/krishna-rizos-champu-baja-espuma-250-ml-sin-sal\/\" target=\"_self\">\n            <button class=\"button low-and-no-poo-module-btn second-button golden-border\">\n                Saber mais\n            <\/button>\n        <\/a>\n    <\/div>\n\n    <div class=\"accordion   accordion-successive-first js-accordion not-found mobile--only--md back_color low-and-no-poo-module text-align-center margin-top-between-modules\">\n        <div class=\"accordion-container\">\n            <div class=\"accordion-question space-between\">\n                                    <h2 class=\"low-and-no-poo-module-title black uppercase\">\n                        Caca baja\n                    <\/h2>\n                                <span class=\"accordion-arrow back_color\">&emsp;<\/span>\n            <\/div>\n            <div class=\"accordion-answer\">\n                                    <h3 class=\"low-and-no-poo-module-subtitle-card golden uppercase\">\n                        <p><strong>Bajo<\/strong> = <strong>LittlePoo<\/strong> = Champ\u00fa<\/p>\n\n                    <\/h3>\n                                                    <div class=\"low-and-no-poo-module-content\">\n                        <p>Una t\u00e9cnica de cuidado del cabello que utiliza champ\u00fas sin sulfatos y productos sin sustancias nocivas para la salud capilar<br \/>\n(los llamados petrolatos: aceite mineral, parafinas y similares).<\/p>\n\n                    <\/div>\n                                                    <a href=\"https:\/\/www.avani.pt\/es\/c\/cabelo\/no-caca-baja\/caca-baja\/\" target=\"_self\">\n                        <button class=\"button low-and-no-poo-module-btn  av-button av-button--primary\">\n                            Descobrir Produtos\n                        <\/button>\n                    <\/a>\n                                                    <a href=\"https:\/\/www.avani.pt\/es\/p\/krishna-rizos-champu-baja-espuma-250-ml-sin-sal\/\" target=\"_self\">\n                        <button class=\"button low-and-no-poo-module-btn second-button golden-border\">\n                            Saber mais\n                        <\/button>\n                    <\/a>\n                \n                                    <h3 class=\"low-and-no-poo-module-subtitle black\">\n                        <p>\u00bfQu\u00e9 sustancias son perjudiciales para el cabello?<\/p>\n\n                    <\/h3>\n                                                    <div class=\"low-and-no-poo-module-content\">\n                        <p><strong>Petrolatos, que suelen encontrarse en acondicionadores, mascarillas y cremas de peinado;<\/strong><\/p>\n<p>Forman una pel\u00edcula alrededor del tallo piloso, impidiendo que pierda humedad y, al mismo tiempo, impiden la penetraci\u00f3n de vitaminas y amino\u00e1cidos esenciales para la salud del cabello;<\/p>\n<p>Funcionan como maquillaje sobre el pelo, haci\u00e9ndolo temporalmente m\u00e1s brillante y bonito, pero no hidratan ni ofrecen ning\u00fan tipo de tratamiento;<\/p>\n<p>Los petrolatos tienen que ser eliminados por los sulfatos, por lo que adem\u00e1s de no tratar el pelo, te obligan a utilizar despu\u00e9s algo m\u00e1s agresivo para limpiarlo en profundidad, resec\u00e1ndolo a\u00fan m\u00e1s, en un c\u00edrculo vicioso perjudicial.<\/p>\n\n                    <\/div>\n                \n            <\/div>\n        <\/div>\n    <\/div>\n<div class=\"low-and-no-poo-module text-align-center margin-top-between-modules desktop--only--md\">\n            <h2 class=\"low-and-no-poo-module-title black uppercase\">\n            No Caca\n        <\/h2>\n                <h3 class=\"low-and-no-poo-module-subtitle-card golden uppercase\">\n            <p><strong>No<\/strong> = <strong>No<\/strong> <strong>Poo<\/strong> = Champ\u00fa<\/p>\n\n        <\/h3>\n                <div class=\"low-and-no-poo-module-content\">\n            <p>Abolir definitivamente el champ\u00fa y lavarse el pelo con el llamado co-lavado, un acondicionador que se lava.<\/p>\n\n        <\/div>\n                <a href=\"https:\/\/www.avani.pt\/es\/c\/cabelo\/no-caca-baja\/no-caca\/\" target=\"_self\">\n            <button class=\"button low-and-no-poo-module-btn av-button av-button--primary\">\n                Descobrir Produtos\n            <\/button>\n        <\/a>\n                <a href=\"https:\/\/www.avani.pt\/es\/tratamientos-especiales-low-no-poo\/\" target=\"_self\">\n            <button class=\"button low-and-no-poo-module-btn second-button golden-border\">\n                Saber mais\n            <\/button>\n        <\/a>\n    <\/div>\n\n    <div class=\"accordion accordion-successive   js-accordion not-found mobile--only--md back_color low-and-no-poo-module text-align-center margin-top-between-modules\">\n        <div class=\"accordion-container\">\n            <div class=\"accordion-question space-between\">\n                                    <h2 class=\"low-and-no-poo-module-title black uppercase\">\n                        No Caca\n                    <\/h2>\n                                <span class=\"accordion-arrow back_color\">&emsp;<\/span>\n            <\/div>\n            <div class=\"accordion-answer\">\n                                    <h3 class=\"low-and-no-poo-module-subtitle-card golden uppercase\">\n                        <p><strong>No<\/strong> = <strong>SemPoo<\/strong> = Champ\u00fa<\/p>\n\n                    <\/h3>\n                                                    <div class=\"low-and-no-poo-module-content\">\n                        <p>Abolir definitivamente el champ\u00fa y lavarse el pelo con el llamado co-lavado, un acondicionador que se lava.<\/p>\n\n                    <\/div>\n                                                    <a href=\"https:\/\/www.avani.pt\/es\/c\/cabelo\/no-caca-baja\/no-caca\/\" target=\"_self\">\n                        <button class=\"button low-and-no-poo-module-btn  av-button av-button--primary\">\n                            Descobrir Produtos\n                        <\/button>\n                    <\/a>\n                                                    <a href=\"https:\/\/www.avani.pt\/es\/tratamientos-especiales-low-no-poo\/\" target=\"_self\">\n                        <button class=\"button low-and-no-poo-module-btn second-button golden-border\">\n                            Saber mais\n                        <\/button>\n                    <\/a>\n                \n                                    <h3 class=\"low-and-no-poo-module-subtitle black\">\n                        <p>\u00bfPor qu\u00e9 debemos evitar los sulfatos en el champ\u00fa?<\/p>\n\n                    <\/h3>\n                                                    <div class=\"low-and-no-poo-module-content\">\n                        <p><strong>Est\u00e1 demostrado que los sulfatos son muy agresivos para el pelo y tienen un efecto da\u00f1ino y deshidratante progresivo;<\/strong><\/p>\n<p>Los sulfatos son detergentes muy fuertes que se utilizan para limpiar el pelo y est\u00e1n presentes en muchos champ\u00fas;<\/p>\n<p>Cuando utilizamos productos sin aclarado u otros productos con petrolatos, se crea una pel\u00edcula alrededor del cabello, y cuando utilizamos champ\u00fas con sulfatos, se rompe la pel\u00edcula y con ella la protecci\u00f3n natural del cabello; luego, cuando sentimos que el cabello est\u00e1 deshidratado, volvemos a aplicar los productos con petrolatos y as\u00ed, c\u00edclicamente, da\u00f1amos el cabello cada vez m\u00e1s.<\/p>\n\n                    <\/div>\n                \n            <\/div>\n        <\/div>\n    <\/div>\n\n<\/section>[\/vc_column][\/vc_row][vc_row full_width=&#8221;stretch_row_content_no_spaces&#8221; el_class=&#8221;text-align-center&#8221;][vc_column]<div class=\"container\">\n    <div class=\"twin-buttons-and-link text-align-center margin-top-between-modules\">\n\n                    <h2 class=\"uppercase golden twin-buttons-and-link-title\">&iquest;Tienes preguntas?<\/h2>\n        \n        \n        \n                    <a href=\"https:\/\/www.instagram.com\/avaniprofissional\/\" target=\"_blank\" class=\"twin-buttons-and-link-btn-wrapper\">\n                <button class=\"button twin-buttons-and-link-btn btn2  av-button av-button--primary instagram_color_btn \">\n\n                    \n                    <div class=\"twin-buttons-and-link-btn-title second-button\">\n                        <div class=\"desktop--only\">Videollamada en instagram<\/div>\n                                                    <div class=\"subtitle desktop--only\">Reserva por mensaje privado en instagram<\/div>\n                                                <div class=\"mobile--only\">Videollamada en instagram<\/div>\n                    <\/div>\n\n                    \n                <\/button>\n            <\/a>\n        \n\n                            \n\n\n    <\/div>\n<\/div>\n[\/vc_column][\/vc_row][vc_row full_width=&#8221;stretch_row_content_no_spaces&#8221; el_class=&#8221;text-align-center dektop&#8211;only&#8211;md&#8221;][vc_column]<div class=\"container desktop--only--md\">\n\n    <div class=\"content-default-module text-align-center margin-top-between-modules\n        \n        \n        \n        \n        \n        golden_top_border\n        \"\n        style=\"margin-bottom: 0px;\"\n    >\n\n                <div class=\"content-default-module-titles\">\n                            <h2 class=\"content-default-module-title uppercase golden_color\">Caca baja<\/h2>\n            \n                    <\/div>\n        \n                    <div class=\"content-default-module-content\">\n                <p>La t\u00e9cnica Low Poo consiste en elegir productos capilares sin petrolatos y con sulfatos reducidos. Al eliminar estas f\u00f3rmulas de tu rutina, estar\u00e1s eliminando ingredientes fuertes y abrasivos que despojan a tu cabello de sus aceites naturales, poniendo en peligro su integridad. <\/p>\n<p>&nbsp;<\/p>\n<p>Elegir productos adecuados para la t\u00e9cnica Low Poo te proporcionar\u00e1 a la larga un cabello m\u00e1s sano y bonito, verdaderamente cuidado desde el interior.<\/p>\n\n            <\/div>\n        \n        \n        \n\n        \n\n\n    <\/div>\n\n\n    \n<\/div>\n[\/vc_column][\/vc_row][vc_row full_width=&#8221;stretch_row_content_no_spaces&#8221; el_class=&#8221;text-align-center dektop&#8211;only&#8211;md&#8221;][vc_column]<div class=\"container desktop--only--md\">\n\n    <div class=\"content-default-module text-align-center margin-top-between-modules\n        \n        without_margin_top\n        \n        \n        \n        \n        \"\n        style=\"margin-bottom: 0px;\"\n    >\n\n                <div class=\"content-default-module-titles\">\n            \n                            <h3 class=\"content-default-module-subtitle  black\">\n                    &iquest;C&oacute;mo pueden los petrolatos ser perjudiciales para el cabello?\n                <\/h3>\n                    <\/div>\n        \n                    <div class=\"content-default-module-content\">\n                <p>Petrolatos, que suelen estar presentes en acondicionadores, mascarillas y cremas de peinado.<\/p>\n<p>&nbsp;<\/p>\n<p>Los petrolatos forman una pel\u00edcula alrededor del pelo, impidiendo que pierda su humedad. Sin embargo, tambi\u00e9n impiden la penetraci\u00f3n de vitaminas y amino\u00e1cidos esenciales para un cabello sano. <\/p>\n<p>&nbsp;<\/p>\n<p>Funcionan como el maquillaje, haciendo que el pelo parezca temporalmente m\u00e1s bonito y brillante, pero esto no significa que realmente beneficien al pelo. En esencia, los petrolatos ocultan el problema en lugar de resolverlo. <\/p>\n<p>&nbsp;<\/p>\n<p>Los petrolatos tienen que eliminarse mediante sulfatos, lo que significa que, adem\u00e1s de no cuidar el cabello, requieren un lavado m\u00e1s agresivo, que a largo plazo puede comprometer la integridad de la salud capilar.<\/p>\n\n            <\/div>\n        \n        \n        \n\n        \n\n\n    <\/div>\n\n\n    \n<\/div>\n[\/vc_column][\/vc_row][vc_row full_width=&#8221;stretch_row_content_no_spaces&#8221; el_class=&#8221;text-align-center dektop&#8211;only&#8211;md&#8221;][vc_column]<div class=\"container desktop--only--md\">\n\n    <div class=\"content-default-module text-align-center margin-top-between-modules\n        \n        \n        \n        \n        \n        golden_top_border\n        \"\n        style=\"margin-bottom: 0px;\"\n    >\n\n                <div class=\"content-default-module-titles\">\n                            <h2 class=\"content-default-module-title uppercase golden_color\">NO POO<\/h2>\n            \n                    <\/div>\n        \n                    <div class=\"content-default-module-content\">\n                <p>La t\u00e9cnica No Poo consiste en eliminar el uso del champ\u00fa de la rutina capilar. En lugar de champ\u00fa, se utiliza un co-lavado, un acondicionador cuya f\u00f3rmula es capaz de lavar el pelo eficazmente. <\/p>\n<p>&nbsp;<\/p>\n<p>Hay tipos de cabello m\u00e1s secos y sensibles que necesitan una higiene a\u00fan m\u00e1s delicada que con los champ\u00fas permitidos en la t\u00e9cnica Low Poo. Es el caso del pelo rizado y encrespado, que, debido a su forma de &#8220;s&#8221; o &#8220;z&#8221;, dificulta que los aceites naturales lleguen a las ra\u00edces y las puntas, y por tanto es m\u00e1s sensible.<\/p>\n\n            <\/div>\n        \n        \n        \n\n        \n\n\n    <\/div>\n\n\n    \n<\/div>\n[\/vc_column][\/vc_row][vc_row full_width=&#8221;stretch_row_content_no_spaces&#8221; el_class=&#8221;text-align-center dektop&#8211;only&#8211;md&#8221;][vc_column]<div class=\"container desktop--only--md\">\n\n    <div class=\"content-default-module text-align-center margin-top-between-modules\n        \n        without_margin_top\n        \n        \n        \n        \n        \"\n        style=\"margin-bottom: 0px;\"\n    >\n\n                <div class=\"content-default-module-titles\">\n            \n                            <h3 class=\"content-default-module-subtitle  black\">\n                    &iquest;Por qu&eacute; debemos evitar los sulfatos en el champ&uacute;?\n                <\/h3>\n                    <\/div>\n        \n                    <div class=\"content-default-module-content\">\n                <p>Est\u00e1 demostrado que los sulfatos son agresivos para el cabello, sobre todo cuando se utilizan de forma continuada.<\/p>\n<p>&nbsp;<\/p>\n<p>Normalmente presentes en la mayor\u00eda de los champ\u00fas, los sulfatos son detergentes m\u00e1s fuertes que se utilizan para limpiar el pelo en profundidad.<\/p>\n<p>&nbsp;<\/p>\n<p>Los productos que contienen vaselina crean una pel\u00edcula alrededor del cabello que es necesario eliminar para que pueda absorber las vitaminas y nutrientes esenciales para su bienestar. Para ello, se utiliza un champ\u00fa con sulfatos que, al eliminar la pel\u00edcula, tambi\u00e9n compromete la protecci\u00f3n natural del cabello. Al comprometer esta protecci\u00f3n, el pelo tiende a deshidratarse y, en consecuencia, habr\u00e1 necesidad de volver a aplicar productos con petrolatos, creando un c\u00edrculo vicioso perjudicial para la salud capilar.<\/p>\n\n            <\/div>\n        \n        \n        \n\n        \n\n\n    <\/div>\n\n\n    \n<\/div>\n[\/vc_column][\/vc_row]<\/p>\n<\/div>","protected":false},"excerpt":{"rendered":"<p>[vc_row el_class=&#8221;text-align-center&#8221;][vc_column][vc_column_text el_class=&#8221;margin-top-between-modules text-next-to-title&#8221;]Low Poo y No Poo son t\u00e9cnicas de cuidado del cabello que pretenden eliminar el uso de productos que contengan sulfatos, petrolatos, aceites minerales, siliconas y parafinas.[\/vc_column_text][\/vc_column][\/vc_row][vc_row el_class=&#8221;text-align-center&#8221;][vc_column][vc_empty_space height=&#8221;10px&#8221;][\/vc_column][\/vc_row][vc_row el_class=&#8221;text-align-center&#8221;][vc_column][\/vc_column][\/vc_row][vc_row full_width=&#8221;stretch_row_content_no_spaces&#8221; el_class=&#8221;text-align-center&#8221;][vc_column][\/vc_column][\/vc_row][vc_row el_class=&#8221;text-align-center&#8221;][vc_column][vc_empty_space height=&#8221;40px&#8221;][vc_column_text el_class=&#8221;margin-top-between-modules text-next-to-title&#8221;] Descubre los productos Avani Professional adaptados a Low Poo y No Poo. [\/vc_column_text][vc_column_text]Te sugerimos que empieces [&hellip;]<\/p>\n","protected":false},"author":9,"featured_media":0,"parent":0,"menu_order":0,"comment_status":"closed","ping_status":"closed","template":"","meta":{"_acf_changed":false,"footnotes":""},"class_list":["post-77733","page","type-page","status-publish","hentry","category_page-avani"],"acf":[],"_links":{"self":[{"href":"https:\/\/www.avani.pt\/es\/wp-json\/wp\/v2\/pages\/77733","targetHints":{"allow":["GET"]}}],"collection":[{"href":"https:\/\/www.avani.pt\/es\/wp-json\/wp\/v2\/pages"}],"about":[{"href":"https:\/\/www.avani.pt\/es\/wp-json\/wp\/v2\/types\/page"}],"author":[{"embeddable":true,"href":"https:\/\/www.avani.pt\/es\/wp-json\/wp\/v2\/users\/9"}],"replies":[{"embeddable":true,"href":"https:\/\/www.avani.pt\/es\/wp-json\/wp\/v2\/comments?post=77733"}],"version-history":[{"count":16,"href":"https:\/\/www.avani.pt\/es\/wp-json\/wp\/v2\/pages\/77733\/revisions"}],"predecessor-version":[{"id":82749,"href":"https:\/\/www.avani.pt\/es\/wp-json\/wp\/v2\/pages\/77733\/revisions\/82749"}],"wp:attachment":[{"href":"https:\/\/www.avani.pt\/es\/wp-json\/wp\/v2\/media?parent=77733"}],"curies":[{"name":"wp","href":"https:\/\/api.w.org\/{rel}","templated":true}]}}