{"id":77750,"date":"2020-06-04T17:07:59","date_gmt":"2020-06-04T16:07:59","guid":{"rendered":"https:\/\/www.avani.pt\/politica-de-privacidad\/"},"modified":"2025-10-21T15:59:49","modified_gmt":"2025-10-21T14:59:49","slug":"politica-de-privacidad","status":"publish","type":"page","link":"https:\/\/www.avani.pt\/es\/politica-de-privacidad\/","title":{"rendered":"Pol\u00edtica de privacidad"},"content":{"rendered":"<div class=\"wpb-content-wrapper\"><p>[vc_row el_class=&#8221;pagseg&#8221;][vc_column][vc_row_inner][vc_column_inner][franco_heading small_heading_title=&#8221;Loja Avani&#8221; tag_heading=&#8221;tag-h3&#8243; big_heading_title=&#8221;Pol\u00edtica de Privacidade&#8221;][ultimate_spacer height=&#8221;10&#8243;][\/vc_column_inner][\/vc_row_inner][ultimate_spacer height=&#8221;10&#8243;][vc_column_text]De conformidad con el Reglamento General de Protecci\u00f3n de Datos (RGPD), que entr\u00f3 en vigor el 25 de mayo de 2018, te informamos de la forma, alcance y finalidad del tratamiento de tus datos personales cuando utilizas nuestra tienda online &#8220;https:\/\/www.avani.pt\/&#8221;.<\/p>\n<p>Los datos personales son cualquier informaci\u00f3n relativa a una persona f\u00edsica identificada o identificable.<\/p>\n<p>&nbsp;<\/p>\n<p><strong>1. organizaci\u00f3n responsable<\/strong><\/p>\n<p>Responsable del tratamiento, en t\u00e9rminos del Reglamento General Europeo de Protecci\u00f3n de Datos (RGPD), es la persona f\u00edsica o jur\u00eddica que, sola o conjuntamente con terceros, determina los fines y medios del tratamiento de datos personales.<\/p>\n<p>En el \u00e1mbito del GDPR, la entidad responsable del procesamiento y tratamiento de los datos personales recogidos en esta Tienda Online es:<\/p>\n<p>Banho do Brilho, Lda.<\/p>\n<p>Carretera de Benfica, n\u00ba 627 A<\/p>\n<p>1500-087 Lisboa<\/p>\n<p>Tel: (+351) 214 062 427 | TM (+351) 919 273 462 | (+351) 967 956 841<\/p>\n<p><span><a href=\"mailto:info@banhodebrilho.pt\">info@banhodebrilho.pt  <\/a><\/span><\/p>\n<p>NIF: PT508 918 618<\/p>\n<p>&nbsp;<\/p>\n<p>&nbsp;<\/p>\n<p><strong>2. Datos recogidos durante tu visita a nuestra tienda online<\/strong><\/p>\n<p>Cuando accedes y navegas por nuestra Tienda Online, el servidor recoge la siguiente informaci\u00f3n de tu dispositivo: tipo y versi\u00f3n de navegador, sistema operativo, p\u00e1gina web visitada anteriormente (&#8220;Referrer&#8221;), tu direcci\u00f3n IP y fecha\/hora de visualizaci\u00f3n de la p\u00e1gina.<\/p>\n<p>La recogida y el tratamiento de estos datos tienen por objeto garantizar el buen funcionamiento de nuestro sitio, con el fin de prevenir y controlar el uso indebido de nuestros servicios. Tambi\u00e9n utilizamos los datos recogidos con fines estad\u00edsticos sobre los dispositivos y navegadores utilizados, lo que nos permite adaptar y mejorar continuamente nuestra oferta en funci\u00f3n de las necesidades de los usuarios. <\/p>\n<p>Este tratamiento de datos se basa en el art\u00edculo 6(1)(F) del GDPR. Todos los datos personales mencionados se eliminar\u00e1n en un plazo m\u00e1ximo de doce meses desde su recogida. <\/p>\n<p>&nbsp;<\/p>\n<p><strong>3. Compra en nuestra Tienda Online<\/strong><\/p>\n<p>Cuando realizas una compra en nuestra Tienda Online, registramos tu nombre, direcci\u00f3n de facturaci\u00f3n, direcci\u00f3n de env\u00edo de la mercanc\u00eda, tu y el n\u00famero de tel\u00e9fono relacionado con la direcci\u00f3n de env\u00edo, tu y la direcci\u00f3n de correo electr\u00f3nico relacionada con la direcci\u00f3n de env\u00edo, que especifiques durante el proceso de pedido. Si proporcionas datos adicionales con tu pedido (por ejemplo, una direcci\u00f3n de env\u00edo o un n\u00famero de tel\u00e9fono diferentes), estos datos tambi\u00e9n se registrar\u00e1n. <\/p>\n<p>Tratamos electr\u00f3nicamente los datos mencionados en el p\u00e1rrafo anterior para la correcta prestaci\u00f3n del servicio objeto del contrato, en particular para la entrega de bienes y servicios, la tramitaci\u00f3n de pagos y facturas, devoluciones y reclamaciones. Este tratamiento de datos se basa en el Art\u00edculo 6(1)(B) del GDPR. <\/p>\n<p>Estos datos se conservan hasta el final de las obligaciones contractuales mutuas y el cumplimiento de las obligaciones legales y comerciales aplicables a las que estamos sujetos.<\/p>\n<p>Para celebrar un contrato de compra de bienes y servicios, y en cumplimiento de los requisitos legales, es necesario facilitar los siguientes datos: nombre, direcci\u00f3n, n\u00famero de identificaci\u00f3n fiscal y direcci\u00f3n de correo electr\u00f3nico. El hecho de no facilitar datos completos y correctos imposibilita la celebraci\u00f3n de un contrato con nuestra empresa. <\/p>\n<p>No se aplican procesos automatizados de tratamiento de datos una vez finalizado el contrato.<\/p>\n<p>&nbsp;<\/p>\n<p><strong>4. Crear y eliminar una cuenta de cliente<\/strong><\/p>\n<p>Opcionalmente, el cliente puede crear una cuenta de cliente en nuestra Tienda Online. Los datos necesarios para crear una cuenta de cliente proceden del formulario de registro que existe a tal efecto. La cuenta de cliente se crear\u00e1 \u00fanicamente por tu acci\u00f3n de enviar tus datos. Por lo tanto, la base jur\u00eddica es tu consentimiento de conformidad con el art\u00edculo 6, apartado 1, letra F, del RGPD. Conservamos los datos personales asociados a la cuenta de cliente hasta que solicites su supresi\u00f3n. Los datos personales relativos a los contratos celebrados y los pedidos realizados se conservar\u00e1n durante el per\u00edodo necesario para el suministro de bienes y servicios, la facturaci\u00f3n y el cumplimiento de las obligaciones legales aplicables, lo que tambi\u00e9n se aplica a las compras sin registro, independientemente de la existencia de una cuenta de cliente.     <\/p>\n<p>Solicitar la eliminaci\u00f3n de la cuenta de cliente<\/p>\n<p><span><a href=\"https:\/\/www.banhodebrilho.pt\/epages\/2626-110602.sf\/pt_PT\/?ViewAction=ViewRegistrationRedirect&amp;HideNotice=1&amp;ObjectPath=\/Shops\/2626-110602\">En tu Espacio Cliente (gesti\u00f3n de datos personales)<\/a><\/span><\/p>\n<p><span><a href=\"https:\/\/www.banhodebrilho.pt\/epages\/2626-110602.sf\/pt_PT\/?ObjectPath=\/Shops\/2626-110602\/Categories\/Formulario_de_Pedido_de_Acesso_Alteracao_de_Dados_e_Gestao_de_Consentimento\">Utiliza el formulario de solicitud de modificaci\u00f3n de datos personales<\/a><\/span><\/p>\n<p>&nbsp;<\/p>\n<p><strong>5. Entrega y pago<\/strong><\/p>\n<p>Cuando enviamos bienes f\u00edsicos que resultan de pedidos y\/o contratos de compra, transmitimos tus datos necesarios a la empresa de transporte identificada en el proceso de pedido, espec\u00edficamente con el fin de entregar el pedido y, si procede, con el fin de devolver tu pedido sobre la base del Art\u00edculo 6(1)(B) del GDPR.<\/p>\n<p>Para el pago de tu compra y el procesamiento del servicio de pago seleccionado, el operador del servicio de pago registra tus datos facilitados a tal efecto, en funci\u00f3n del pago elegido. Tambi\u00e9n se aplican las normas de protecci\u00f3n de datos del respectivo operador del servicio de pago elegido por el cliente. Al recibir un pago, procesamos los datos que nos transmite el operador del servicio de pago.  <\/p>\n<p>El tratamiento se realiza sobre la base del art\u00edculo 6, apartado 1, letra B, del RGPD. Estos datos se conservan hasta el final de las obligaciones contractuales mutuas y el cumplimiento de las obligaciones legales y comerciales aplicables a las que estamos sujetos. <\/p>\n<p>&nbsp;<\/p>\n<p><strong>6. Subcontratos de apoyo a empresas y sistemas<\/strong><\/p>\n<p>Nuestra empresa utiliza software de gesti\u00f3n empresarial para fines de contabilidad y facturaci\u00f3n de los siguientes proveedores:<\/p>\n<p>CERTIPOS, Rua do parque infantil N\u00ba1\u00aa<\/p>\n<p>Rinchoa<br \/>\n2635-336 Rio de Mouro Portugal<\/p>\n<p>Los datos de pedidos y contratos se procesan a trav\u00e9s de estas entidades de conformidad con el art\u00edculo 28 del GDPR.<\/p>\n<p>La prestaci\u00f3n de servicios t\u00e9cnicos para el funcionamiento de nuestra tienda online en Internet est\u00e1 garantizada, de conformidad con el art\u00edculo 28 del GDPR, por el proveedor, y sus respectivos subcontratistas, Viamodul, 2610-141 Amadora &#8211; Portugal. El software utilizado para nuestra tienda online es epages, desarrollado por epages GmbH, 20355 Hamburgo, Alemania. <\/p>\n<p>&nbsp;<\/p>\n<p><strong>7. Formularios de contacto y env\u00edo de mensajes por correo electr\u00f3nico<\/strong><\/p>\n<p>Cuando utilices el formulario de contacto de nuestro sitio web, tus datos enviados no se guardar\u00e1n y el \u00fanico soporte de datos ser\u00e1 un mensaje electr\u00f3nico.<\/p>\n<p>S\u00f3lo como usuario conectado puedes recibir opcionalmente una copia del mensaje.<\/p>\n<p>Cuando env\u00edas un mensaje por correo electr\u00f3nico, almacenamos tu mensaje con la informaci\u00f3n de la solicitud transmitida (nombre, direcci\u00f3n de correo electr\u00f3nico y, si procede, los datos a\u00f1adidos por tu programa de correo electr\u00f3nico o los servidores de mensajer\u00eda). Para recibir, almacenar y enviar mensajes de correo electr\u00f3nico, utilizamos un operador de servicios t\u00e9cnicos que presta este servicio de conformidad con el art\u00edculo 28 del GDPR. <\/p>\n<p>La base jur\u00eddica para el tratamiento de datos es nuestro inter\u00e9s leg\u00edtimo en responder a tu mensaje y poder responder a posibles preguntas de seguimiento (art\u00edculo 6.1.f del RGPD). Eliminaremos tu mensaje y la informaci\u00f3n asociada a \u00e9l a m\u00e1s tardar doce meses despu\u00e9s de la \u00faltima comunicaci\u00f3n sobre tu solicitud, siempre que se cumplan las condiciones del p\u00e1rrafo siguiente. <\/p>\n<p>Si tienes una declaraci\u00f3n jur\u00eddicamente relevante para el contrato (por ejemplo, una revocaci\u00f3n o una reclamaci\u00f3n) que constituya la base jur\u00eddica para el tratamiento, independientemente de la transmisi\u00f3n, incluido el Art\u00edculo 6(1)(b) GDPR.<\/p>\n<p>En esta situaci\u00f3n, s\u00f3lo eliminaremos tus datos relacionados en cuanto se hayan finalizado todas las reclamaciones mutuas derivadas del pedido \/ contrato y una vez cumplidos los plazos de las obligaciones legales y comerciales aplicables a las que estamos sujetos.<\/p>\n<p>&nbsp;<\/p>\n<p><strong>8. Bolet\u00edn<\/strong><\/p>\n<p>Al suscribirte a nuestro bolet\u00edn de noticias, te informaremos por correo electr\u00f3nico sobre nuevas ofertas y funciones de nuestra tienda online y s\u00f3lo se enviar\u00e1n a trav\u00e9s de nuestra empresa. Tu nombre y direcci\u00f3n no se facilitar\u00e1n a terceros. No recibir\u00e1s m\u00e1s de un bolet\u00edn semanal. El contenido siempre est\u00e1 relacionado con nuestros productos y servicios y puede incluir contenido directamente relacionado con nuestra oferta de terceros que consideremos relevante para el suscriptor. No enviamos mensajes a trav\u00e9s de referencias o acuerdos comerciales con terceros.    <\/p>\n<p>Puedes oponerte informalmente al uso de tu direcci\u00f3n de correo electr\u00f3nico con fines publicitarios en cualquier momento, sin incurrir en ning\u00fan coste a cargo de nuestra empresa. Los costes inherentes a la transmisi\u00f3n de esta informaci\u00f3n (env\u00edo de una carta por correo postal, etc.) corren a cargo del suscriptor. <\/p>\n<p>Si revocas tu consentimiento para el uso de tu direcci\u00f3n de correo electr\u00f3nico con fines publicitarios, puedes darte de baja en cualquier momento a trav\u00e9s del enlace &#8220;Darse de baja&#8221; que aparece en el pie de p\u00e1gina de todos los boletines enviados o a trav\u00e9s del enlace &#8220;Bolet\u00edn&#8221; de nuestra Tienda Online. Recibir\u00e1s un mensaje para confirmar la cancelaci\u00f3n a trav\u00e9s de un enlace en el que deber\u00e1s hacer clic (Double-Opt-Out). El estado de tu suscripci\u00f3n cambiar\u00e1 entonces a &#8220;suscripci\u00f3n cancelada&#8221;. Tu direcci\u00f3n de correo electr\u00f3nico permanecer\u00e1 en la lista de suscriptores, pero el estado de &#8220;suscripci\u00f3n cancelada&#8221; garantiza que no se env\u00eden mensajes a esta direcci\u00f3n de correo electr\u00f3nico, ni se utilice para otros fines o campa\u00f1as. Si te has suscrito a m\u00e1s de uno de nuestros boletines, debes cancelar cada uno de ellos individualmente.    <\/p>\n<p>Este tratamiento de datos se basa en tu consentimiento, de conformidad con el art\u00edculo 6, apartado 1, letra f), del RGPD.<\/p>\n<p><span><a href=\"https:\/\/www.banhodebrilho.pt\/epages\/2626-110602.sf\/pt_PT\/?ViewAction=ViewNewsletter&amp;ObjectPath=\/Shops\/2626-110602\">Acceder a la p\u00e1gina de Suscripci\u00f3n y Cancelaci\u00f3n del Bolet\u00edn<\/a><\/span><\/p>\n<p>&nbsp;<\/p>\n<p><strong>9. Comentarios y evaluaciones<\/strong><\/p>\n<p>Cuando escribas un comentario o una rese\u00f1a sobre uno de nuestros productos en nuestra Tienda Online, publicaremos tu rese\u00f1a en el lugar apropiado de la p\u00e1gina de nuestra Tienda Online junto con tu nombre de usuario, para el que tambi\u00e9n puedes especificar un seud\u00f3nimo. Para evitar el uso indebido de esta funcionalidad, almacenamos la direcci\u00f3n IP del terminal desde el que env\u00edas la informaci\u00f3n durante un periodo de doce meses (Art\u00edculo 6(1)(f) del GDPR). Nos reservamos el derecho a eliminar cualquier comentario inapropiado o tem\u00e1ticamente inadecuado en cualquier momento. Adem\u00e1s, s\u00f3lo eliminamos comentarios o una rese\u00f1a publicada a petici\u00f3n del autor respectivo.   <\/p>\n<p>&nbsp;<\/p>\n<p><strong>10. Uso de cookies<\/strong><\/p>\n<p>Cuando visitas nuestra tienda online, se coloca una &#8220;cookie&#8221; en tu dispositivo. Se trata de un peque\u00f1o archivo de texto que podemos utilizar para reconocer tu dispositivo cuando vuelvas a nuestra Tienda Online en una visita posterior. Con la ayuda de la cookie, tambi\u00e9n podemos analizar determinados comportamientos del usuario, por ejemplo, qu\u00e9 productos est\u00e1s viendo, cu\u00e1nto tiempo permaneces en nuestra Tienda Online y cu\u00e1ndo y con qu\u00e9 frecuencia visitas la Tienda Online. Una cookie almacenada tiene una fecha de caducidad de doce meses despu\u00e9s de tu \u00faltima visita a nuestra Tienda Online.   <\/p>\n<p>Este tratamiento de datos se basa en el Art\u00edculo 6(1)(f) del GDPR con el objetivo de alinear mejor nuestra oferta de productos con las necesidades de nuestros visitantes y optimizar las funciones de nuestra Tienda Online, as\u00ed como la eficacia de las recomendaciones.<\/p>\n<p>Sin embargo, puedes impedir la creaci\u00f3n de cookies en la configuraci\u00f3n de cookies de tu navegador de Internet e impedir la creaci\u00f3n de cookies de nuestra Tienda Online o de todos los sitios web. Tambi\u00e9n puedes eliminar las cookies que ya se hayan almacenado. <\/p>\n<p>&nbsp;<\/p>\n<p><strong>11. Google Analytics<\/strong><\/p>\n<p>Esta Tienda Online utiliza Google Analytics, un servicio anal\u00edtico de web prestado por Google LLC, 1600 Amphitheatre Parkway, Mountain View, CA 94043, EE.UU. (en adelante, &#8220;Google&#8221;). Google coloca una cookie en tu dispositivo. Con esta cookie, Google puede recopilar informaci\u00f3n sobre c\u00f3mo utilizas nuestra Tienda Online. Esta informaci\u00f3n se transmite a un servidor en EE.UU., donde Google la eval\u00faa y la pone a nuestra disposici\u00f3n. La base jur\u00eddica es el Art\u00edculo 6(1)(f) del GDPR, es decir, nuestro inter\u00e9s leg\u00edtimo en evaluar y optimizar nuestra Tienda Online en Internet.    <\/p>\n<p>Como parte del Acuerdo del Escudo de Privacidad UE-EE.UU., Google se compromete a cumplir las leyes de protecci\u00f3n de datos de la Uni\u00f3n Europea.<\/p>\n<p>Utilizamos Google Analytics con la anonimizaci\u00f3n de IP activada. Esto significa que, por lo general, tu direcci\u00f3n IP se acortar\u00e1 dentro del \u00e1mbito del GDPR, de modo que la IP no pueda vincularse a tu persona. S\u00f3lo en casos excepcionales se env\u00eda la direcci\u00f3n IP completa a un servidor de Google en EE.UU. y se acorta all\u00ed. La direcci\u00f3n IP proporcionada por tu navegador no se combinar\u00e1 con otros datos de Google. Puedes impedir el almacenamiento de cookies en la configuraci\u00f3n seg\u00fan tu navegador.    <\/p>\n<p>&nbsp;<\/p>\n<p><strong>12. Redes sociales<\/strong><\/p>\n<p>En nuestra Tienda Online se pueden mostrar botones de redes sociales, que se reconocen por los logotipos de las plataformas de redes sociales (en adelante, &#8220;plataformas&#8221;) que por defecto aparecen en la siguiente forma y colores o variaciones del esquema de colores:<\/p>\n<p>Facebook: &#8220;F&#8221; en el bot\u00f3n azul, Twitter: azul, silueta de un p\u00e1jaro, Instagram: esquema de colores de una c\u00e1mara, Linkedin: &#8220;in&#8221; en el bot\u00f3n azul, Pinterest: &#8220;P&#8221; en el bot\u00f3n rojo, YouTube: &#8220;YouTube&#8221; en el bot\u00f3n blanco \/ rojo, Vimeo: &#8220;v&#8221; en el bot\u00f3n azul, Google+: &#8220;g+&#8221; en el bot\u00f3n rojo, Blogger: &#8220;B&#8221; en el bot\u00f3n naranja, WhatsApps: tel\u00e9fono con globo en el bot\u00f3n verde.<\/p>\n<p>Estos botones son enlaces a las respectivas plataformas con sede en EEUU. Un clic en cada enlace evoca un enlace al sitio web o a una funci\u00f3n de la plataforma respectiva, por lo que la direcci\u00f3n IP del dispositivo, as\u00ed como la direcci\u00f3n de la p\u00e1gina desde la que se evoc\u00f3 el enlace (&#8220;Referrer&#8221;) se transmiten a la plataforma respectiva en EEUU. Sin embargo, no recopilamos ni procesamos datos en relaci\u00f3n con los botones de las redes sociales.  <\/p>\n<p>Al utilizar una de las funciones de estas redes sociales, conoces y aceptas la respectiva pol\u00edtica de privacidad de cada una de las organizaciones responsables de la plataforma.<\/p>\n<p>&nbsp;<\/p>\n<p><strong>13. Tus derechos<\/strong><\/p>\n<p>En relaci\u00f3n con los datos personales que tratamos sobre ti, puedes ejercer los siguientes derechos:<\/p>\n<p>Tienes derecho a solicitar confirmaci\u00f3n sobre si procesamos tus datos personales. En tal caso, te informaremos sobre tus datos personales almacenados y sobre informaci\u00f3n adicional, de conformidad con el art\u00edculo 15, apartados 1 y 2, del RGPD. <\/p>\n<p>Tienes derecho a rectificar o solicitar la rectificaci\u00f3n de los datos incorrectos que te conciernan sin demora. En vista de la finalidad del tratamiento de datos, tienes derecho a exigir que se completen tus datos, tambi\u00e9n mediante declaraciones adicionales realizadas. <\/p>\n<p>Tienes derecho a pedirnos que eliminemos tus datos personales inmediatamente en las condiciones del art\u00edculo 17 (1) del GDPR, a menos que el procesamiento sea requerido por el art\u00edculo 17 (3) del GDPR.<\/p>\n<p>Tienes derecho a solicitar la restricci\u00f3n del tratamiento de tus datos personales si se aplica una de las condiciones del art\u00edculo 18 (1) del GDPR. Puedes solicitar la restricci\u00f3n del tratamiento de tus datos en lugar de solicitar su supresi\u00f3n. <\/p>\n<p>Divulgaremos cualquier solicitud de correcci\u00f3n o eliminaci\u00f3n de tus datos personales y las restricciones al tratamiento de tus datos personales a todas las entidades a las que proporcionamos tus datos personales, a menos que esto sea imposible o suponga un esfuerzo desproporcionado. Tambi\u00e9n te informaremos de la identidad de estas entidades si lo solicitas. <\/p>\n<p>Tienes derecho a recibir la informaci\u00f3n personal que nos hayas facilitado en un formato estructurado, com\u00fan y legible por m\u00e1quina y a exigir que transmitamos esta informaci\u00f3n, sin impedimentos, a otra persona responsable en la medida de lo posible.<\/p>\n<p>Mientras consientas el tratamiento de tus datos, tienes derecho a revocar tu consentimiento en cualquier momento.<\/p>\n<p>Tu revocaci\u00f3n del consentimiento para el tratamiento de tus datos personales no afecta a la licitud del tratamiento de tus datos personales hasta el momento de la revocaci\u00f3n.<\/p>\n<p>Derecho de oposici\u00f3n: Por motivos derivados de tu situaci\u00f3n concreta, puedes ejercer en cualquier momento tu derecho de oposici\u00f3n al tratamiento de tus datos personales;<\/p>\n<p>Este derecho a oponerte al tratamiento de tus datos personales se refiere al tratamiento de datos basado en el art\u00edculo 6, apartado 1, letra f), del RGPD para proteger nuestros intereses leg\u00edtimos o los de un tercero, a menos que prevalezcan tus intereses o tus derechos constitucionales y libertades fundamentales, que requieren la protecci\u00f3n de tus datos personales.<\/p>\n<p>Cuando ejerzas tu derecho de oposici\u00f3n, dejaremos de tratar tus datos personales en cuesti\u00f3n, a menos que podamos demostrar motivos leg\u00edtimos imperiosos para el tratamiento que prevalezcan sobre tus intereses, derechos y libertades, o que el tratamiento sirva para hacer valer, defender o reclamar derechos legales.<\/p>\n<p>En el caso de que tratemos tus datos personales con el fin de enviarte publicidad directa (por ejemplo, boletines informativos), siempre podr\u00e1s ejercer tu derecho a oponerte al tratamiento de tus datos personales pertinentes para este fin y dejaremos de tratar tus datos personales para dichos fines.<\/p>\n<p>Si crees que el tratamiento de tus datos personales infringe el Reglamento General de Protecci\u00f3n de Datos (RGPD), puedes presentar un recurso a trav\u00e9s de un organismo regulador, en particular en el Estado miembro de tu residencia, tu lugar de trabajo o el lugar de la presunta infracci\u00f3n. Esto no excluye otros recursos administrativos o judiciales. <\/p>\n<p>Solicitud de cambio de datos o consentimiento o eliminaci\u00f3n de la cuenta de cliente<\/p>\n<p><span><a href=\"https:\/\/www.banhodebrilho.pt\/epages\/2626-110602.sf\/pt_PT\/?ViewAction=ViewRegistrationRedirect&amp;HideNotice=1&amp;ObjectPath=\/Shops\/2626-110602\">En tu Espacio Cliente (gesti\u00f3n de datos personales)<\/a><\/span><\/p>\n<p><span><a href=\"https:\/\/www.banhodebrilho.pt\/epages\/2626-110602.sf\/pt_PT\/?ObjectPath=\/Shops\/2626-110602\/Categories\/Formulario_de_Pedido_de_Acesso_Alteracao_de_Dados_e_Gestao_de_Consentimento\">Utilizar el formulario de solicitud de modificaci\u00f3n de datos personales<\/a><\/span><\/p>\n<p>&nbsp;<\/p>\n<p><strong>14. Acerca de esta Pol\u00edtica de Privacidad<\/strong><\/p>\n<p>Nos reservamos el derecho a revisar y actualizar esta Pol\u00edtica de Privacidad, que se dar\u00e1 a conocer a trav\u00e9s de nuestra Tienda Online.<br \/>\nFecha de \u00faltima actualizaci\u00f3n: 04 de junio de 2020<\/p>\n<p>[\/vc_column_text][\/vc_column][\/vc_row]<\/p>\n<\/div>","protected":false},"excerpt":{"rendered":"<p>[vc_row el_class=&#8221;pagseg&#8221;][vc_column][vc_row_inner][vc_column_inner][franco_heading small_heading_title=&#8221;Loja Avani&#8221; tag_heading=&#8221;tag-h3&#8243; big_heading_title=&#8221;Pol\u00edtica de Privacidade&#8221;][ultimate_spacer height=&#8221;10&#8243;][\/vc_column_inner][\/vc_row_inner][ultimate_spacer height=&#8221;10&#8243;][vc_column_text]De conformidad con el Reglamento General de Protecci\u00f3n de Datos (RGPD), que entr\u00f3 en vigor el 25 de mayo de 2018, te informamos de la forma, alcance y finalidad del tratamiento de tus datos personales cuando utilizas nuestra tienda online &#8220;https:\/\/www.avani.pt\/&#8221;. Los datos personales son cualquier [&hellip;]<\/p>\n","protected":false},"author":9,"featured_media":0,"parent":0,"menu_order":0,"comment_status":"closed","ping_status":"closed","template":"","meta":{"_acf_changed":false,"footnotes":""},"class_list":["post-77750","page","type-page","status-publish","hentry","category_page-avani"],"acf":[],"_links":{"self":[{"href":"https:\/\/www.avani.pt\/es\/wp-json\/wp\/v2\/pages\/77750","targetHints":{"allow":["GET"]}}],"collection":[{"href":"https:\/\/www.avani.pt\/es\/wp-json\/wp\/v2\/pages"}],"about":[{"href":"https:\/\/www.avani.pt\/es\/wp-json\/wp\/v2\/types\/page"}],"author":[{"embeddable":true,"href":"https:\/\/www.avani.pt\/es\/wp-json\/wp\/v2\/users\/9"}],"replies":[{"embeddable":true,"href":"https:\/\/www.avani.pt\/es\/wp-json\/wp\/v2\/comments?post=77750"}],"version-history":[{"count":1,"href":"https:\/\/www.avani.pt\/es\/wp-json\/wp\/v2\/pages\/77750\/revisions"}],"predecessor-version":[{"id":77752,"href":"https:\/\/www.avani.pt\/es\/wp-json\/wp\/v2\/pages\/77750\/revisions\/77752"}],"wp:attachment":[{"href":"https:\/\/www.avani.pt\/es\/wp-json\/wp\/v2\/media?parent=77750"}],"curies":[{"name":"wp","href":"https:\/\/api.w.org\/{rel}","templated":true}]}}