{"id":77819,"date":"2018-11-15T18:35:03","date_gmt":"2018-11-15T18:35:03","guid":{"rendered":"https:\/\/www.avani.pt\/lo-que-nos-inspira\/"},"modified":"2025-10-09T14:43:26","modified_gmt":"2025-10-09T13:43:26","slug":"lo-que-nos-inspira","status":"publish","type":"page","link":"https:\/\/www.avani.pt\/es\/lo-que-nos-inspira\/","title":{"rendered":"Lo que nos inspira"},"content":{"rendered":"<div class=\"wpb-content-wrapper\"><p>[vc_row][vc_column]<section class=\"display-container margin-top-between-modules \">\n    <div class=\"wpb-content-wrapper\"><p>[vc_row_inner][vc_column_inner width=&#8221;1\/3&#8243;][vc_single_image image=&#8221;70492&#8243; img_size=&#8221;full&#8221;][vc_column_text el_class=&#8221;text-align-center&#8221;]<\/p>\n<h3>Nuestro mensaje inspirador en In Beauty 2018<\/h3>\n<p>[\/vc_column_text][vc_video link=&#8221;https:%2F%2Fyoutu.be%2Fh0s4J3xs724|&#8221; css_animation=&#8221;none&#8221;][vc_single_image image=&#8221;70488&#8243; img_size=&#8221;full&#8221;][vc_column_text el_class=&#8221;text-align-center&#8221;]<\/p>\n<h3>Gandhi Jayanti<\/h3>\n<p>[\/vc_column_text][vc_column_text el_class=&#8221;text-align-center&#8221;]A dia 2 de Outubro, na \u00cdndia, \u00e9 celebrado o dia Gandhi Jayanti, o dia do nascimento desta grandiosa Alma marca hoje 149 anos! Mahatma Gandhi \u00e9 uma inspira\u00e7\u00e3o mundial, um exemplo de que o poder mental e bondade t\u00eam uma for\u00e7a imensur\u00e1vel\u00a0<span class=\"_5mfr\"><span class=\"_6qdm\">&#x1f1ee;&#x1f1f3;<\/span><\/span><br \/>\n\u201cSe ages contra a justi\u00e7a e eu permito que assim o fa\u00e7as, ent\u00e3o a injusti\u00e7a \u00e9 minha.\u201d Mahatma Gandhi<a class=\"_58cn\" href=\"https:\/\/www.facebook.com\/hashtag\/avaniprofissional?epa=HASHTAG\" data-ft=\"{&quot;type&quot;:104,&quot;tn&quot;:&quot;*N&quot;}\">#avaniprofissional<\/a><br \/>\n#mahatmagandhi#<br \/>\ngandhijayan<wbr \/>ti#<br \/>\nresponsabilidadesocial<br \/>\n#<wbr \/>inspiracao#hinduismo[\/vc_column_text][\/vc_column_inner][vc_column_inner width=&#8221;1\/3&#8243;][vc_single_image image=&#8221;70486&#8243; img_size=&#8221;full&#8221;][vc_column_text el_class=&#8221;text-align-center&#8221;]<\/p>\n<h3>Jalaram Bapa<\/h3>\n<p>[\/vc_column_text][vc_column_text el_class=&#8221;text-align-center&#8221;]Na \u00cdndia, a 14 de Novembro, \u00e9 celebrado o dia de Jalaram Bapa ! Uma hist\u00f3ria linda de um casal que dedicou toda a sua vida a alimentar pessoas diariamente! Ainda hoje na regi\u00e3o de Virpur s\u00e3o servidas refei\u00e7\u00f5es gratuitamente (eles n\u00e3o aceitam donativos). O amor por praticar o bem \u00e9 t\u00e3o bonito e ainda mais interessante \u00e9 as pessoas tornarem-se imortais atrav\u00e9s deste tipo de atitude.<br \/>\nQualquer pessoa que passasse e<span class=\"text_exposed_show\">ra convidada para uma refei\u00e7\u00e3o, e com o tempo Jalaram ganhou in\u00fameros poderes para ajudar ainda mais pessoas. As energias positivas e boas ac\u00e7\u00f5es d\u00e3o-nos muita for\u00e7a ! A vida \u00e9 uma escola e estamos aqui para evoluir enquanto seres humanos\u00a0<span class=\"_5mfr\"><span class=\"_6qdm\">&#x1f64f;<\/span><\/span><br \/>\n<a class=\"_58cn\" href=\"https:\/\/www.facebook.com\/hashtag\/avaniprofissional?epa=HASHTAG\" data-ft=\"{&quot;type&quot;:104,&quot;tn&quot;:&quot;*N&quot;}\">#avaniprofissional<\/a>#cosmeticanatural<br \/>\n#responsa<wbr \/>bilidadesocial<br \/>\n#marcaportug<wbr \/>uesa#amor#dar#hinduismo<\/span>[\/vc_column_text][vc_single_image image=&#8221;70490&#8243; img_size=&#8221;full&#8221;][\/vc_column_inner][vc_column_inner width=&#8221;1\/3&#8243;][vc_single_image image=&#8221;70484&#8243; img_size=&#8221;full&#8221;][vc_video link=&#8221;https:%2F%2Fwww.youtube.com%2Fwatch%3Fv%3DWlhHxwbC_F8|&#8221;][\/vc_column_inner][\/vc_row_inner]<\/p>\n<\/div>\n<\/section>[\/vc_column][\/vc_row]<\/p>\n<\/div>","protected":false},"excerpt":{"rendered":"<p>[vc_row][vc_column][\/vc_column][\/vc_row]<\/p>\n","protected":false},"author":9,"featured_media":0,"parent":0,"menu_order":0,"comment_status":"closed","ping_status":"closed","template":"","meta":{"_acf_changed":false,"footnotes":""},"class_list":["post-77819","page","type-page","status-publish","hentry","category_page-avani"],"acf":[],"_links":{"self":[{"href":"https:\/\/www.avani.pt\/es\/wp-json\/wp\/v2\/pages\/77819","targetHints":{"allow":["GET"]}}],"collection":[{"href":"https:\/\/www.avani.pt\/es\/wp-json\/wp\/v2\/pages"}],"about":[{"href":"https:\/\/www.avani.pt\/es\/wp-json\/wp\/v2\/types\/page"}],"author":[{"embeddable":true,"href":"https:\/\/www.avani.pt\/es\/wp-json\/wp\/v2\/users\/9"}],"replies":[{"embeddable":true,"href":"https:\/\/www.avani.pt\/es\/wp-json\/wp\/v2\/comments?post=77819"}],"version-history":[{"count":6,"href":"https:\/\/www.avani.pt\/es\/wp-json\/wp\/v2\/pages\/77819\/revisions"}],"predecessor-version":[{"id":80242,"href":"https:\/\/www.avani.pt\/es\/wp-json\/wp\/v2\/pages\/77819\/revisions\/80242"}],"wp:attachment":[{"href":"https:\/\/www.avani.pt\/es\/wp-json\/wp\/v2\/media?parent=77819"}],"curies":[{"name":"wp","href":"https:\/\/api.w.org\/{rel}","templated":true}]}}