{"id":77969,"date":"2018-08-10T15:06:19","date_gmt":"2018-08-10T14:06:19","guid":{"rendered":"https:\/\/www.avani.pt\/p\/krishna-rizos-champu-baja-espuma-250-ml-sin-sal\/"},"modified":"2025-10-21T12:04:24","modified_gmt":"2025-10-21T11:04:24","slug":"krishna-rizos-champu-baja-espuma-250-ml-sin-sal","status":"publish","type":"product","link":"https:\/\/www.avani.pt\/es\/p\/krishna-rizos-champu-baja-espuma-250-ml-sin-sal\/","title":{"rendered":"Krishna Rizos Champ\u00fa Baja Espuma 250 ml | Sin Sal"},"content":{"rendered":"<div class=\"wpb-content-wrapper\"><p>[vc_row full_width=&#8221;stretch_row_content_no_spaces&#8221; el_class=&#8221;text-align-center&#8221;][vc_column]<div class=\"stars-of-product-module-wrapper margin-top-between-modules\">\n    <img decoding=\"async\" class=\"stars-of-product-module-left-image-design\" src=\"\/dist\/images\/stars_product_module_design.png\">\n    <img decoding=\"async\" class=\"stars-of-product-module-right-image-design\" src=\"\/dist\/images\/stars_product_module_design.png\">\n\n    <div class=\"container\">\n\n        <div class=\"stars-of-product-module text-align-center  desktop--only--md\">\n\n                            <div class=\"star-rating\">\n                                            <i class=\"fa fa-star\"><\/i>\n                                            <i class=\"fa fa-star\"><\/i>\n                                            <i class=\"fa fa-star\"><\/i>\n                                            <i class=\"fa fa-star\"><\/i>\n                                            <i class=\"fa fa-star\"><\/i>\n                                    <\/div>\n            \n                            <div class=\"stars-of-product-module-titles\">\n                                            <h2 class=\"stars-of-product-module-title black uppercase back_color\">Las estrellas del producto<\/h2>\n                                    <\/div>\n            \n                            <div class=\"stars-of-product-module-content\">\n                    <\/p>\n<p style=\"text-align: center;\">Extremadamente rico en ingredientes excepcionales, este champ\u00fa vegano no contiene sulfatos, aceites minerales, parafinas, petrolato, colorantes ni derivados animales. No debe utilizarse al mismo tiempo que productos que contengan estos componentes. Enriquecido con arg\u00e1n, macadamia, lavanda, coco, litsea cubeba, fruto del Amla, el secreto indio, Aloe vera hidratante, amino\u00e1cidos vegetales que hidratan, nutren y definen el pelo rizado. Muy apreciado por clientes masculinos y femeninos por dejar los rizos definidos, ligeros y manejables.   <\/p>\n<p>\n\n                <\/div>\n            \n        <\/div>\n\n\n                    <div class=\"accordion   accordion-successive-first js-accordion not-found mobile--only--md stars-of-product-module text-align-center margin-top-between-modules back_color\">\n                <div class=\"accordion-container\">\n                    <div class=\"accordion-question space-between\">\n                                                    <h3 class=\"accordion-question-title uppercase back_color\">\n                                As Estrelas do Produto\n                            <\/h3>\n                                                <span class=\"accordion-arrow back_color\">&emsp;<\/span>\n                    <\/div>\n                    <div class=\"accordion-answer\">\n\n                                                    <div class=\"star-rating\">\n                                                                    <i class=\"fa fa-star\"><\/i>\n                                                                    <i class=\"fa fa-star\"><\/i>\n                                                                    <i class=\"fa fa-star\"><\/i>\n                                                                    <i class=\"fa fa-star\"><\/i>\n                                                                    <i class=\"fa fa-star\"><\/i>\n                                                            <\/div>\n                        \n                                                    <div class=\"stars-of-product-module-content\">\n                                <\/p>\n<p style=\"text-align: center;\">Extremadamente rico en ingredientes excepcionales, este champ\u00fa vegano no contiene sulfatos, aceites minerales, parafinas, petrolato, colorantes ni derivados animales. No debe utilizarse al mismo tiempo que productos que contengan estos componentes. Enriquecido con arg\u00e1n, macadamia, lavanda, coco, litsea cubeba, fruto del Amla, el secreto indio, Aloe vera hidratante, amino\u00e1cidos vegetales que hidratan, nutren y definen el pelo rizado. Muy apreciado por clientes masculinos y femeninos por dejar los rizos definidos, ligeros y manejables.   <\/p>\n<p>\n\n                            <\/div>\n                                            <\/div>\n                <\/div>\n            <\/div>\n        \n    <\/div>\n<\/div>\n[\/vc_column][\/vc_row][vc_row full_width=&#8221;stretch_row_content_no_spaces&#8221; el_class=&#8221;text-align-center&#8221;][vc_column]<div class=\"container\">\n\t<div class=\"usability-tips-and-secrets-module desktop--only--md\">\n\n\t\t<div class=\"usability-tips-and-secrets-module-content-wrapper \">\n\n\t\t\t\t\t\t\t<div class=\"usability-tips-and-secrets-module-video margin-top-between-modules\">\n\t\t\t\t\t<div class=\"wp-block-embed wp-embed-width-desktop- wp-embed-width-mobile-\">\n\t\t<figure class=\"wp-block-embed-video is-type-video is-provider-youtube wp-block-embed-youtube wp-embed-aspect-16-9 wp-has-aspect-ratio\">\n\t\t\t<div class=\"wp-block-embed__wrapper js-video-play\">\n\t\t\t\t<img decoding=\"async\" class=\"wp-block-embed__cover\" src=\"https:\/\/img.youtube.com\/vi\/PtsUcODJrwI\/maxresdefault.jpg\" \/>\n\t\t\t\t<i class=\"fa fa-play-circle\" aria-hidden=\"true\"><\/i>\n\t\t\t\t<iframe src=\"https:\/\/www.youtube.com\/embed\/PtsUcODJrwI?start=0&amp;showinfo=0&amp;controls=1&amp;rel=0\" frameborder=\"0\" allow=\"accelerometer; autoplay; clipboard-write; encrypted-media; gyroscope; picture-in-picture\" allowfullscreen=\"\"><\/iframe>\n\t\t\t<\/div>\n\t\t<\/figure>\n\t<\/div>\n\t<div class=\"av-social-share\"><p>Comparte<\/p> <div class=\"addtoany_shortcode\"><div class=\"a2a_kit a2a_kit_size_48 addtoany_list\" data-a2a-url=\"https:\/\/www.avani.pt\/es\/p\/krishna-rizos-champu-baja-espuma-250-ml-sin-sal\/\" data-a2a-title=\"Krishna Rizos Champ\u00fa Baja Espuma 250 ml | Sin Sal\"><a class=\"a2a_button_email\" href=\"https:\/\/www.addtoany.com\/add_to\/email?linkurl=https%3A%2F%2Fwww.avani.pt%2Fes%2Fp%2Fkrishna-rizos-champu-baja-espuma-250-ml-sin-sal%2F&amp;linkname=Krishna%20Rizos%20Champ%C3%BA%20Baja%20Espuma%20250%20ml%20%7C%20Sin%20Sal\" title=\"Email\" rel=\"nofollow noopener\" target=\"_blank\"><img loading=\"lazy\" decoding=\"async\" src=\"\/wp-content\/themes\/slendertail-theme\/addtoany\/email.svg\" width=\"48\" height=\"48\" alt=\"Email\"><\/a><a class=\"a2a_button_facebook\" href=\"https:\/\/www.addtoany.com\/add_to\/facebook?linkurl=https%3A%2F%2Fwww.avani.pt%2Fes%2Fp%2Fkrishna-rizos-champu-baja-espuma-250-ml-sin-sal%2F&amp;linkname=Krishna%20Rizos%20Champ%C3%BA%20Baja%20Espuma%20250%20ml%20%7C%20Sin%20Sal\" title=\"Facebook\" rel=\"nofollow noopener\" target=\"_blank\"><img loading=\"lazy\" decoding=\"async\" src=\"\/wp-content\/themes\/slendertail-theme\/addtoany\/facebook.svg\" width=\"48\" height=\"48\" alt=\"Facebook\"><\/a><a class=\"a2a_button_facebook_messenger\" href=\"https:\/\/www.addtoany.com\/add_to\/facebook_messenger?linkurl=https%3A%2F%2Fwww.avani.pt%2Fes%2Fp%2Fkrishna-rizos-champu-baja-espuma-250-ml-sin-sal%2F&amp;linkname=Krishna%20Rizos%20Champ%C3%BA%20Baja%20Espuma%20250%20ml%20%7C%20Sin%20Sal\" title=\"Messenger\" rel=\"nofollow noopener\" target=\"_blank\"><img loading=\"lazy\" decoding=\"async\" src=\"\/wp-content\/themes\/slendertail-theme\/addtoany\/facebook_messenger.svg\" width=\"48\" height=\"48\" alt=\"Messenger\"><\/a><a class=\"a2a_button_whatsapp\" href=\"https:\/\/www.addtoany.com\/add_to\/whatsapp?linkurl=https%3A%2F%2Fwww.avani.pt%2Fes%2Fp%2Fkrishna-rizos-champu-baja-espuma-250-ml-sin-sal%2F&amp;linkname=Krishna%20Rizos%20Champ%C3%BA%20Baja%20Espuma%20250%20ml%20%7C%20Sin%20Sal\" title=\"WhatsApp\" rel=\"nofollow noopener\" target=\"_blank\"><img loading=\"lazy\" decoding=\"async\" src=\"\/wp-content\/themes\/slendertail-theme\/addtoany\/whatsapp.svg\" width=\"48\" height=\"48\" alt=\"WhatsApp\"><\/a><\/div><\/div><\/div>\t\t\t\t<\/div>\n\t\t\t\n\t\t\t\t\t\t\t<div class=\"usability-tips-and-secrets-module-content usability-tips-and-secrets-module-content--bordered margin-top-between-modules\">\n\t\t\t\t\t\t\t\t\t\t\t<h2 class=\"uppercase black\">Como usar<\/h2>\n\t\t\t\t\t\n\t\t\t\t\t\t\t\t\t\t\t<p>Ap\u00f3s uma primeira passagem de \u00e1gua, massajar continuamente este shampoo no couro cabeludo com a ponta dos dedos at\u00e9 o sentir limpo. Enxaguar bem. Repita o procedimento.<\/p>\n\n\t\t\t\t\t\t\t\t\t<\/div>\n\t\t\t\n\t\t\t\t\t<\/div>\n\t<\/div>\n\n\t\t\t<div class=\"mobile--only--md usability-tips-and-secrets-module text-align-center margin-top-between-modules usability-tips-and-secrets-module-video\">\n\t\t\t<div class=\"wp-block-embed wp-embed-width-desktop- wp-embed-width-mobile-\">\n\t\t<figure class=\"wp-block-embed-video is-type-video is-provider-youtube wp-block-embed-youtube wp-embed-aspect-16-9 wp-has-aspect-ratio mobile--only--md\">\n\t\t\t<div class=\"wp-block-embed__wrapper js-video-play\">\n\t\t\t\t<img decoding=\"async\" class=\"wp-block-embed__cover\" src=\"https:\/\/img.youtube.com\/vi\/PtsUcODJrwI\/maxresdefault.jpg\" \/>\n\t\t\t\t<i class=\"fa fa-play-circle\" aria-hidden=\"true\"><\/i>\n\t\t\t\t<iframe src=\"https:\/\/www.youtube.com\/embed\/PtsUcODJrwI?start=0&amp;showinfo=0&amp;controls=1&amp;rel=0\" frameborder=\"0\" allow=\"accelerometer; autoplay; clipboard-write; encrypted-media; gyroscope; picture-in-picture\" allowfullscreen=\"\"><\/iframe>\n\t\t\t<\/div>\n\t\t<\/figure>\n\t<\/div>\n\t<div class=\"av-social-share\"><p>Comparte<\/p> <div class=\"addtoany_shortcode\"><div class=\"a2a_kit a2a_kit_size_48 addtoany_list\" data-a2a-url=\"https:\/\/www.avani.pt\/es\/p\/krishna-rizos-champu-baja-espuma-250-ml-sin-sal\/\" data-a2a-title=\"Krishna Rizos Champ\u00fa Baja Espuma 250 ml | Sin Sal\"><a class=\"a2a_button_email\" href=\"https:\/\/www.addtoany.com\/add_to\/email?linkurl=https%3A%2F%2Fwww.avani.pt%2Fes%2Fp%2Fkrishna-rizos-champu-baja-espuma-250-ml-sin-sal%2F&amp;linkname=Krishna%20Rizos%20Champ%C3%BA%20Baja%20Espuma%20250%20ml%20%7C%20Sin%20Sal\" title=\"Email\" rel=\"nofollow noopener\" target=\"_blank\"><img loading=\"lazy\" decoding=\"async\" src=\"\/wp-content\/themes\/slendertail-theme\/addtoany\/email.svg\" width=\"48\" height=\"48\" alt=\"Email\"><\/a><a class=\"a2a_button_facebook\" href=\"https:\/\/www.addtoany.com\/add_to\/facebook?linkurl=https%3A%2F%2Fwww.avani.pt%2Fes%2Fp%2Fkrishna-rizos-champu-baja-espuma-250-ml-sin-sal%2F&amp;linkname=Krishna%20Rizos%20Champ%C3%BA%20Baja%20Espuma%20250%20ml%20%7C%20Sin%20Sal\" title=\"Facebook\" rel=\"nofollow noopener\" target=\"_blank\"><img loading=\"lazy\" decoding=\"async\" src=\"\/wp-content\/themes\/slendertail-theme\/addtoany\/facebook.svg\" width=\"48\" height=\"48\" alt=\"Facebook\"><\/a><a class=\"a2a_button_facebook_messenger\" href=\"https:\/\/www.addtoany.com\/add_to\/facebook_messenger?linkurl=https%3A%2F%2Fwww.avani.pt%2Fes%2Fp%2Fkrishna-rizos-champu-baja-espuma-250-ml-sin-sal%2F&amp;linkname=Krishna%20Rizos%20Champ%C3%BA%20Baja%20Espuma%20250%20ml%20%7C%20Sin%20Sal\" title=\"Messenger\" rel=\"nofollow noopener\" target=\"_blank\"><img loading=\"lazy\" decoding=\"async\" src=\"\/wp-content\/themes\/slendertail-theme\/addtoany\/facebook_messenger.svg\" width=\"48\" height=\"48\" alt=\"Messenger\"><\/a><a class=\"a2a_button_whatsapp\" href=\"https:\/\/www.addtoany.com\/add_to\/whatsapp?linkurl=https%3A%2F%2Fwww.avani.pt%2Fes%2Fp%2Fkrishna-rizos-champu-baja-espuma-250-ml-sin-sal%2F&amp;linkname=Krishna%20Rizos%20Champ%C3%BA%20Baja%20Espuma%20250%20ml%20%7C%20Sin%20Sal\" title=\"WhatsApp\" rel=\"nofollow noopener\" target=\"_blank\"><img loading=\"lazy\" decoding=\"async\" src=\"\/wp-content\/themes\/slendertail-theme\/addtoany\/whatsapp.svg\" width=\"48\" height=\"48\" alt=\"WhatsApp\"><\/a><\/div><\/div><\/div>\t\t<\/div>\n\t\n\t\t\t<div class=\"accordion accordion-successive  js-accordion not-found mobile--only--md usability-tips-and-secrets-module text-align-center margin-top-between-modules back_color\">\n\t\t\t<div class=\"accordion-container\">\n\t\t\t\t<div class=\"accordion-question space-between\">\n\t\t\t\t\t\t\t\t\t\t\t<h3 class=\"accordion-question-title uppercase back_color\">\n\t\t\t\t\t\t\tComo usar\n\t\t\t\t\t\t<\/h3>\n\t\t\t\t\t\n\t\t\t\t\t<span class=\"accordion-arrow back_color\">&emsp;<\/span>\n\t\t\t\t<\/div>\n\t\t\t\t<div class=\"accordion-answer\">\n\t\t\t\t\t\t\t\t\t\t\t<div class=\"usability-tips-and-secrets-module-content\">\n\t\t\t\t\t\t\t<p>Ap\u00f3s uma primeira passagem de \u00e1gua, massajar continuamente este shampoo no couro cabeludo com a ponta dos dedos at\u00e9 o sentir limpo. Enxaguar bem. Repita o procedimento.<\/p>\n\n\t\t\t\t\t\t<\/div>\n\t\t\t\t\t\t\t\t\t<\/div>\n\t\t\t<\/div>\n\t\t<\/div>\n\t\n\t<\/div>\n[\/vc_column][\/vc_row][vc_row full_width=&#8221;stretch_row_content_no_spaces&#8221; el_class=&#8221;text-align-center&#8221;][vc_column]<div class=\"container \">\n\n    <div class=\"content-default-module text-align-center margin-top-between-modules\n        \n        \n        \n        \n        \n        \n        desktop--only--md\"\n        style=\"margin-bottom: 0px;\"\n    >\n\n                <div class=\"content-default-module-titles\">\n                            <h2 class=\"content-default-module-title uppercase black\">Composi&ccedil;&atilde;o<\/h2>\n            \n                    <\/div>\n        \n                    <div class=\"content-default-module-content\">\n                <\/p>\n<p style=\"text-align: left;\"><strong>\u00d3leo de Argan |\u00a0<\/strong>\u00f3leo nutritivo, rico e gordo que lubrifica a fibra capilar conferindo um efeito suavizante.\u00a0Repara, nutre o couro cabeludo, sela as pontas espigadas e protege o comprimento da fibra provendo um crescimento forte e saud\u00e1vel do cabelo.<\/p>\n<p style=\"text-align: left;\"><strong>\u00d3leo de Macad\u00e2mia<\/strong> <strong>|<\/strong>\u00a0rico em vitamina E, magn\u00e9sio, \u00f3mega 9, \u00e1cido palmitoleico e outros \u00e1cidos gordos insaturados nutre, repara e fortifica a fibra capilar.<\/p>\n<p style=\"text-align: left;\"><strong>\u00d3leo de Lavanda |<\/strong>\u00a0calmante natural promove o equil\u00edbrio no couro cabeludo permitindo um crescimento saud\u00e1vel dos cabelos.<\/p>\n<p style=\"text-align: left;\"><strong>Alo\u00e9 Vera |<\/strong> proporciona uma regenera\u00e7\u00e3o e hidrata\u00e7\u00e3o profundas da pele do couro cabeludo.<\/p>\n<p style=\"text-align: left;\"><strong>\u00d3leo de coco |<\/strong> o \u00e1cido l\u00e1urico presente neste \u00f3leo tem propriedades nutritivas com uma alta capacidade de penetra\u00e7\u00e3o, deixando assim os fios male\u00e1veis, brilhantes e flex\u00edveis.<\/p>\n<p style=\"text-align: left;\"><strong>\u00d3leo de Litsea Cubeba | <\/strong>equilibra a sa\u00fade\u00a0do couro cabeludo pelas suas propriedades antibacterianas e anti-seborre\u00edcas.<\/p>\n<p style=\"text-align: left;\"><strong>Extrato de Amla |<\/strong>\u00a0o segredo indiano para um cabelo forte, brilhante, longo e saud\u00e1vel! Amla, tamb\u00e9m conhecida como a groselha indiana \u00e9 proveniente da planta Amalaki, e ingrediente essencial especialmente recomendado para produtos capilares\u00a0pela medicina Ayurveda usado desde da antiguidade como o elixir para o cabelo por ser rico em antioxidantes, vitaminas, c\u00e1lcio, fosforo e caroteno. Auxilia no combate \u00e0 queda, caspa, descama\u00e7\u00e3o e estimula o crescimento saud\u00e1vel dos fios.<\/p>\n<p>\n\n            <\/div>\n        \n        \n        \n\n        \n\n\n    <\/div>\n\n\n            <div class=\"accordion accordion-successive   js-accordion not-found mobile--only--md content-default-module text-align-center margin-top-between-modules back_color\">\n            <div class=\"accordion-container\">\n                <div class=\"accordion-question space-between\">\n                                            <h3 class=\"accordion-question-title uppercase back_color\">\n                            Composi&ccedil;&atilde;o\n                        <\/h3>\n                                        <span class=\"accordion-arrow back_color\">&emsp;<\/span>\n                <\/div>\n                <div class=\"accordion-answer\">\n                    \n                                            <div class=\"content-default-module-content\">\n                            <\/p>\n<p style=\"text-align: left;\"><strong>\u00d3leo de Argan |\u00a0<\/strong>\u00f3leo nutritivo, rico e gordo que lubrifica a fibra capilar conferindo um efeito suavizante.\u00a0Repara, nutre o couro cabeludo, sela as pontas espigadas e protege o comprimento da fibra provendo um crescimento forte e saud\u00e1vel do cabelo.<\/p>\n<p style=\"text-align: left;\"><strong>\u00d3leo de Macad\u00e2mia<\/strong> <strong>|<\/strong>\u00a0rico em vitamina E, magn\u00e9sio, \u00f3mega 9, \u00e1cido palmitoleico e outros \u00e1cidos gordos insaturados nutre, repara e fortifica a fibra capilar.<\/p>\n<p style=\"text-align: left;\"><strong>\u00d3leo de Lavanda |<\/strong>\u00a0calmante natural promove o equil\u00edbrio no couro cabeludo permitindo um crescimento saud\u00e1vel dos cabelos.<\/p>\n<p style=\"text-align: left;\"><strong>Alo\u00e9 Vera |<\/strong> proporciona uma regenera\u00e7\u00e3o e hidrata\u00e7\u00e3o profundas da pele do couro cabeludo.<\/p>\n<p style=\"text-align: left;\"><strong>\u00d3leo de coco |<\/strong> o \u00e1cido l\u00e1urico presente neste \u00f3leo tem propriedades nutritivas com uma alta capacidade de penetra\u00e7\u00e3o, deixando assim os fios male\u00e1veis, brilhantes e flex\u00edveis.<\/p>\n<p style=\"text-align: left;\"><strong>\u00d3leo de Litsea Cubeba | <\/strong>equilibra a sa\u00fade\u00a0do couro cabeludo pelas suas propriedades antibacterianas e anti-seborre\u00edcas.<\/p>\n<p style=\"text-align: left;\"><strong>Extrato de Amla |<\/strong>\u00a0o segredo indiano para um cabelo forte, brilhante, longo e saud\u00e1vel! Amla, tamb\u00e9m conhecida como a groselha indiana \u00e9 proveniente da planta Amalaki, e ingrediente essencial especialmente recomendado para produtos capilares\u00a0pela medicina Ayurveda usado desde da antiguidade como o elixir para o cabelo por ser rico em antioxidantes, vitaminas, c\u00e1lcio, fosforo e caroteno. Auxilia no combate \u00e0 queda, caspa, descama\u00e7\u00e3o e estimula o crescimento saud\u00e1vel dos fios.<\/p>\n<p>\n\n                        <\/div>\n                    \n                    \n                                    <\/div>\n            <\/div>\n        <\/div>\n    \n<\/div>\n<div class=\"container \">\n\n    <div class=\"content-default-module text-align-center margin-top-between-modules\n        \n        \n        \n        \n        \n        \n        desktop--only--md\"\n        style=\"margin-bottom: 0px;\"\n    >\n\n                <div class=\"content-default-module-titles\">\n                            <h2 class=\"content-default-module-title uppercase black\">Ingredientes<\/h2>\n            \n                    <\/div>\n        \n                    <div class=\"content-default-module-content\">\n                <p>Aqua, disodium cocoyl glutamate, cocamidopropyl betaine, PEG-120 methyl glucose dioleate, diethylhexyl sodium sulfosuccinate, cocamide DEA, parfum, polysorbate 20, phytosteryl \/ octyldodecyl lauroyl glutamate, citric acid, xanthan gum, Argania spinosa kernel oil, Macadamia ternifolia seed oil, propylene glycol, Lavandula angustifolia oil, alcohol denat., Aloe barbadensis leaf juice powder, Cocos nucifera oil, Litsea cubeba fruit oil, Phyllanthus emblica fruit powder, tocopherol, benzyl alcohol, benzoic acid, sodium benzoate, sorbic acid,linalool, benzyl salicylate, coumarin, citral.<\/p>\n\n            <\/div>\n        \n        \n        \n\n        \n\n\n    <\/div>\n\n\n            <div class=\"accordion accordion-successive   js-accordion not-found mobile--only--md content-default-module text-align-center margin-top-between-modules back_color\">\n            <div class=\"accordion-container\">\n                <div class=\"accordion-question space-between\">\n                                            <h3 class=\"accordion-question-title uppercase back_color\">\n                            Ingredientes\n                        <\/h3>\n                                        <span class=\"accordion-arrow back_color\">&emsp;<\/span>\n                <\/div>\n                <div class=\"accordion-answer\">\n                    \n                                            <div class=\"content-default-module-content\">\n                            <p>Aqua, disodium cocoyl glutamate, cocamidopropyl betaine, PEG-120 methyl glucose dioleate, diethylhexyl sodium sulfosuccinate, cocamide DEA, parfum, polysorbate 20, phytosteryl \/ octyldodecyl lauroyl glutamate, citric acid, xanthan gum, Argania spinosa kernel oil, Macadamia ternifolia seed oil, propylene glycol, Lavandula angustifolia oil, alcohol denat., Aloe barbadensis leaf juice powder, Cocos nucifera oil, Litsea cubeba fruit oil, Phyllanthus emblica fruit powder, tocopherol, benzyl alcohol, benzoic acid, sodium benzoate, sorbic acid,linalool, benzyl salicylate, coumarin, citral.<\/p>\n\n                        <\/div>\n                    \n                    \n                                    <\/div>\n            <\/div>\n        <\/div>\n    \n<\/div>\n[\/vc_column][\/vc_row]<\/p>\n<\/div>","protected":false},"excerpt":{"rendered":"<p>Lavado especial con poca espuma para mantener las caracter\u00edsticas naturales del cabello. No necesita mascarilla para nutrir en profundidad los medios y las puntas. Deja los rizos definidos, brillantes y manejables. Contiene una mezcla de aceites naturales y esenciales, aloe vera y amino\u00e1cidos vegetales.   <\/p>\n","protected":false},"featured_media":75626,"comment_status":"open","ping_status":"closed","template":"","meta":{"_acf_changed":false},"product_brand":[],"product_cat":[437,440,435,433,439,442,156],"product_tag":[],"class_list":{"0":"post-77969","1":"product","2":"type-product","3":"status-publish","4":"has-post-thumbnail","6":"product_cat-aceite-de-argan","7":"product_cat-aloe-vera","8":"product_cat-caca-baja","9":"product_cat-champus","10":"product_cat-macadamia","11":"product_cat-rizos-krishna-nutricion-natural-de-los-rizos","12":"product_cat-cabelo","14":"first","15":"instock","16":"taxable","17":"shipping-taxable","18":"purchasable","19":"product-type-simple"},"acf":[],"wooqr_code":"","_links":{"self":[{"href":"https:\/\/www.avani.pt\/es\/wp-json\/wp\/v2\/product\/77969","targetHints":{"allow":["GET"]}}],"collection":[{"href":"https:\/\/www.avani.pt\/es\/wp-json\/wp\/v2\/product"}],"about":[{"href":"https:\/\/www.avani.pt\/es\/wp-json\/wp\/v2\/types\/product"}],"replies":[{"embeddable":true,"href":"https:\/\/www.avani.pt\/es\/wp-json\/wp\/v2\/comments?post=77969"}],"wp:featuredmedia":[{"embeddable":true,"href":"https:\/\/www.avani.pt\/es\/wp-json\/wp\/v2\/media\/75626"}],"wp:attachment":[{"href":"https:\/\/www.avani.pt\/es\/wp-json\/wp\/v2\/media?parent=77969"}],"wp:term":[{"taxonomy":"product_brand","embeddable":true,"href":"https:\/\/www.avani.pt\/es\/wp-json\/wp\/v2\/product_brand?post=77969"},{"taxonomy":"product_cat","embeddable":true,"href":"https:\/\/www.avani.pt\/es\/wp-json\/wp\/v2\/product_cat?post=77969"},{"taxonomy":"product_tag","embeddable":true,"href":"https:\/\/www.avani.pt\/es\/wp-json\/wp\/v2\/product_tag?post=77969"}],"curies":[{"name":"wp","href":"https:\/\/api.w.org\/{rel}","templated":true}]}}