{"id":77970,"date":"2018-08-07T08:57:55","date_gmt":"2018-08-07T07:57:55","guid":{"rendered":"https:\/\/www.avani.pt\/p\/indian-hair-nutrition-mascarilla-telarana-500-ml-nutricion-ligera\/"},"modified":"2026-03-14T21:15:25","modified_gmt":"2026-03-14T21:15:25","slug":"indian-hair-nutrition-mascarilla-telarana-500-ml-nutricion-ligera","status":"publish","type":"product","link":"https:\/\/www.avani.pt\/es\/p\/indian-hair-nutrition-mascarilla-telarana-500-ml-nutricion-ligera\/","title":{"rendered":"Indian Hair Nutrition Mascarilla Telara\u00f1a 500 ml | Nutrici\u00f3n Ligera"},"content":{"rendered":"<div class=\"wpb-content-wrapper\"><p>[vc_row full_width=&#8221;stretch_row_content_no_spaces&#8221; el_class=&#8221;text-align-center&#8221;][vc_column]<div class=\"stars-of-product-module-wrapper margin-top-between-modules\">\n    <img decoding=\"async\" class=\"stars-of-product-module-left-image-design\" src=\"\/dist\/images\/stars_product_module_design.png\">\n    <img decoding=\"async\" class=\"stars-of-product-module-right-image-design\" src=\"\/dist\/images\/stars_product_module_design.png\">\n\n    <div class=\"container\">\n\n        <div class=\"stars-of-product-module text-align-center  desktop--only--md\">\n\n                            <div class=\"star-rating\">\n                                            <i class=\"fa fa-star\"><\/i>\n                                            <i class=\"fa fa-star\"><\/i>\n                                            <i class=\"fa fa-star\"><\/i>\n                                            <i class=\"fa fa-star\"><\/i>\n                                            <i class=\"fa fa-star\"><\/i>\n                                    <\/div>\n            \n                            <div class=\"stars-of-product-module-titles\">\n                                            <h2 class=\"stars-of-product-module-title black uppercase back_color\">Las estrellas del producto<\/h2>\n                                    <\/div>\n            \n                            <div class=\"stars-of-product-module-content\">\n                    <p>La nutrici\u00f3n o los aceites son muy importantes para la salud del cabello, ya que ayudan a dejarlo brillante, sin encrespamiento, manejable y suave al tacto. Muy rica en ingredientes que act\u00faan de medios a puntas, esta mascarilla vegana ayuda a nutrir ligeramente la fibra capilar sin dejarla pastosa, aport\u00e1ndole m\u00e1s suavidad, brillo y manejabilidad. Tiene propiedades regeneradoras y una capacidad superior para penetrar en el cabello, por lo que recibe el nombre de adherencia de tela de ara\u00f1a (textura fina como una tela de ara\u00f1a). Se recomienda para cabellos finos, tanto naturales como procesados. Con ingredientes estrella como el fruto del Amla, el secreto indio para un pelo fuerte y largo; aceites naturales como el arg\u00e1n y el coco que nutren y reparan la fibra capilar; manteca de karit\u00e9 que devuelve la flexibilidad al pelo; y muchos otros ingredientes que hacen que esta mascarilla sea \u00fanica y adorada por los clientes. \u00a1Aroma suave y adictivo!<\/p>\n\n                <\/div>\n            \n        <\/div>\n\n\n                    <div class=\"accordion   accordion-successive-first js-accordion not-found mobile--only--md stars-of-product-module text-align-center margin-top-between-modules back_color\">\n                <div class=\"accordion-container\">\n                    <div class=\"accordion-question space-between\">\n                                                    <h3 class=\"accordion-question-title uppercase back_color\">\n                                Las estrellas del producto\n                            <\/h3>\n                                                <span class=\"accordion-arrow back_color\">&emsp;<\/span>\n                    <\/div>\n                    <div class=\"accordion-answer\">\n\n                                                    <div class=\"star-rating\">\n                                                                    <i class=\"fa fa-star\"><\/i>\n                                                                    <i class=\"fa fa-star\"><\/i>\n                                                                    <i class=\"fa fa-star\"><\/i>\n                                                                    <i class=\"fa fa-star\"><\/i>\n                                                                    <i class=\"fa fa-star\"><\/i>\n                                                            <\/div>\n                        \n                                                    <div class=\"stars-of-product-module-content\">\n                                <p>La nutrici\u00f3n o los aceites son muy importantes para la salud del cabello, ya que ayudan a dejarlo brillante, sin encrespamiento, manejable y suave al tacto. Muy rica en ingredientes que act\u00faan de medios a puntas, esta mascarilla vegana ayuda a nutrir ligeramente la fibra capilar sin dejarla pastosa, aport\u00e1ndole m\u00e1s suavidad, brillo y manejabilidad. Tiene propiedades regeneradoras y una capacidad superior para penetrar en el cabello, por lo que recibe el nombre de adherencia de tela de ara\u00f1a (textura fina como una tela de ara\u00f1a). Se recomienda para cabellos finos, tanto naturales como procesados. Con ingredientes estrella como el fruto del Amla, el secreto indio para un pelo fuerte y largo; aceites naturales como el arg\u00e1n y el coco que nutren y reparan la fibra capilar; manteca de karit\u00e9 que devuelve la flexibilidad al pelo; y muchos otros ingredientes que hacen que esta mascarilla sea \u00fanica y adorada por los clientes. \u00a1Aroma suave y adictivo!<\/p>\n\n                            <\/div>\n                                            <\/div>\n                <\/div>\n            <\/div>\n        \n    <\/div>\n<\/div>\n[\/vc_column][\/vc_row][vc_row full_width=&#8221;stretch_row_content_no_spaces&#8221; el_class=&#8221;text-align-center&#8221;][vc_column]<div class=\"container\">\n\t<div class=\"usability-tips-and-secrets-module desktop--only--md\">\n\n\t\t<div class=\"usability-tips-and-secrets-module-content-wrapper full-width-container\">\n\n\t\t\t\n\t\t\t\t\t\t\t<div class=\"usability-tips-and-secrets-module-content usability-tips-and-secrets-module-content--bordered margin-top-between-modules\">\n\t\t\t\t\t\t\t\t\t\t\t<h2 class=\"uppercase black\">C&oacute;mo utilizar<\/h2>\n\t\t\t\t\t\n\t\t\t\t\t\t\t\t\t\t\t<p>Te recomendamos que te apliques la mascarilla cada vez que te laves el pelo, porque si s\u00f3lo te aplicas champ\u00fa y acondicionador, en este contexto de cabello falto de nutrici\u00f3n, probablemente tu pelo tendr\u00e1 un aspecto menos presentable. Despu\u00e9s de lavarte con el champ\u00fa, elimina el exceso de agua; aplica la mascarilla mech\u00f3n a mech\u00f3n dej\u00e1ndola actuar durante al menos 4 minutos y aclara.<br \/>\nPara obtener los mejores resultados, recomendamos utilizar la gama completa.<\/p>\n\n\t\t\t\t\t\t\t\t\t<\/div>\n\t\t\t\n\t\t\t\t\t<\/div>\n\t<\/div>\n\n\t\n\t\t\t<div class=\"accordion accordion-successive  js-accordion not-found mobile--only--md usability-tips-and-secrets-module text-align-center margin-top-between-modules back_color\">\n\t\t\t<div class=\"accordion-container\">\n\t\t\t\t<div class=\"accordion-question space-between\">\n\t\t\t\t\t\t\t\t\t\t\t<h3 class=\"accordion-question-title uppercase back_color\">\n\t\t\t\t\t\t\tC&oacute;mo utilizar\n\t\t\t\t\t\t<\/h3>\n\t\t\t\t\t\n\t\t\t\t\t<span class=\"accordion-arrow back_color\">&emsp;<\/span>\n\t\t\t\t<\/div>\n\t\t\t\t<div class=\"accordion-answer\">\n\t\t\t\t\t\t\t\t\t\t\t<div class=\"usability-tips-and-secrets-module-content\">\n\t\t\t\t\t\t\t<p>Te recomendamos que te apliques la mascarilla cada vez que te laves el pelo, porque si s\u00f3lo te aplicas champ\u00fa y acondicionador, en este contexto de cabello falto de nutrici\u00f3n, probablemente tu pelo tendr\u00e1 un aspecto menos presentable. Despu\u00e9s de lavarte con el champ\u00fa, elimina el exceso de agua; aplica la mascarilla mech\u00f3n a mech\u00f3n dej\u00e1ndola actuar durante al menos 4 minutos y aclara.<br \/>\nPara obtener los mejores resultados, recomendamos utilizar la gama completa.<\/p>\n\n\t\t\t\t\t\t<\/div>\n\t\t\t\t\t\t\t\t\t<\/div>\n\t\t\t<\/div>\n\t\t<\/div>\n\t\n\t<\/div>\n[\/vc_column][\/vc_row][vc_row full_width=&#8221;stretch_row_content_no_spaces&#8221; el_class=&#8221;text-align-center&#8221;][vc_column]<div class=\"container \">\n\n    <div class=\"content-default-module text-align-center margin-top-between-modules\n        \n        \n        \n        \n        \n        \n        desktop--only--md\"\n        style=\"margin-bottom: 0px;\"\n    >\n\n                <div class=\"content-default-module-titles\">\n                            <h2 class=\"content-default-module-title uppercase black\">Consejos y secretos<\/h2>\n            \n                    <\/div>\n        \n                    <div class=\"content-default-module-content\">\n                <p>El pelo fino es m\u00e1s fr\u00e1gil y, por tanto, naturalmente propenso a la rotura. Para desenredar m\u00e1s f\u00e1cilmente (evitando la rotura por la fricci\u00f3n del cepillo) y proteger el cabello de las herramientas t\u00e9rmicas, recomendamos aplicar <a href=\"https:\/\/www.avani.pt\/es\/p\/ganesh-thermic-protector-uv-y-termico-leche-reparadora-y-antiencrespamiento-240ml\/\">la Leche T\u00e9rmica Ganesh<\/a> en los medios y puntas del cabello despu\u00e9s del champ\u00fa. <\/p>\n<p>Recomendamos la aplicaci\u00f3n diaria de <a href=\"https:\/\/www.avani.pt\/es\/p\/aceite-prana-aceite-fortificante-para-cabello-fino-y-medio-115ml\/\">Aceite Prana<\/a>, una mezcla de aceites naturales que fortalece, nutre y protege el cabello fino y semigrueso. No apelmaza el cabello.<\/p>\n<p>El pelo fino es naturalmente m\u00e1s fr\u00e1gil y, por tanto, m\u00e1s propenso a la rotura. Debido a sus caracter\u00edsticas naturales, tienden a acumular un exceso de grasa en las ra\u00edces, lo que suele ser la causa principal de la ca\u00edda del cabello. <a href=\"https:\/\/www.avani.pt\/es\/p\/tonico-capilar-fortificante-vitaminado-cabello-indio-100-ml-amla\/\">El T\u00f3nico Capilar Vitaminado Indian Hair<\/a> est\u00e1 indicado para el tratamiento intensivo del cuero cabelludo, fortific\u00e1ndolo, ayudando a combatir la ca\u00edda del cabello y controlando el exceso de grasa.<\/p>\n<p>Esta mascarilla puede utilizarse con frecuencia o intercalada con otras; si tu cabello est\u00e1 muy expuesto a herramientas t\u00e9rmicas o qu\u00edmicas, debes alternarla con la mascarilla <a href=\"https:\/\/www.avani.pt\/es\/p\/mascarilla-reconstructiva-capilar-india-500-ml-reconstructiva\/\">Reconstruye el cabello<\/a>; para una hidrataci\u00f3n profunda, esta mascarilla puede alternarse con la mascarilla <a href=\"https:\/\/www.avani.pt\/es\/p\/mascarilla-vitaminica-capilar-india-500-ml-hidratante\/\">Vitamina capilar india<\/a>. Para obtener m\u00e1s informaci\u00f3n sobre c\u00f3mo alternar las m\u00e1scaras, visita nuestra p\u00e1gina <a href=\"https:\/\/www.avani.pt\/es\/p\/tipo-de-cabello-muy-danado-fino-y-medio\/\">Programa capilar<\/a>.<\/p>\n\n            <\/div>\n        \n        \n        \n\n        \n\n\n    <\/div>\n\n\n            <div class=\"accordion accordion-successive   js-accordion not-found mobile--only--md content-default-module text-align-center margin-top-between-modules back_color\">\n            <div class=\"accordion-container\">\n                <div class=\"accordion-question space-between\">\n                                            <h3 class=\"accordion-question-title uppercase back_color\">\n                            Consejos y secretos\n                        <\/h3>\n                                        <span class=\"accordion-arrow back_color\">&emsp;<\/span>\n                <\/div>\n                <div class=\"accordion-answer\">\n                    \n                                            <div class=\"content-default-module-content\">\n                            <p>El pelo fino es m\u00e1s fr\u00e1gil y, por tanto, naturalmente propenso a la rotura. Para desenredar m\u00e1s f\u00e1cilmente (evitando la rotura por la fricci\u00f3n del cepillo) y proteger el cabello de las herramientas t\u00e9rmicas, recomendamos aplicar <a href=\"https:\/\/www.avani.pt\/es\/p\/ganesh-thermic-protector-uv-y-termico-leche-reparadora-y-antiencrespamiento-240ml\/\">la Leche T\u00e9rmica Ganesh<\/a> en los medios y puntas del cabello despu\u00e9s del champ\u00fa. <\/p>\n<p>Recomendamos la aplicaci\u00f3n diaria de <a href=\"https:\/\/www.avani.pt\/es\/p\/aceite-prana-aceite-fortificante-para-cabello-fino-y-medio-115ml\/\">Aceite Prana<\/a>, una mezcla de aceites naturales que fortalece, nutre y protege el cabello fino y semigrueso. No apelmaza el cabello.<\/p>\n<p>El pelo fino es naturalmente m\u00e1s fr\u00e1gil y, por tanto, m\u00e1s propenso a la rotura. Debido a sus caracter\u00edsticas naturales, tienden a acumular un exceso de grasa en las ra\u00edces, lo que suele ser la causa principal de la ca\u00edda del cabello. <a href=\"https:\/\/www.avani.pt\/es\/p\/tonico-capilar-fortificante-vitaminado-cabello-indio-100-ml-amla\/\">El T\u00f3nico Capilar Vitaminado Indian Hair<\/a> est\u00e1 indicado para el tratamiento intensivo del cuero cabelludo, fortific\u00e1ndolo, ayudando a combatir la ca\u00edda del cabello y controlando el exceso de grasa.<\/p>\n<p>Esta mascarilla puede utilizarse con frecuencia o intercalada con otras; si tu cabello est\u00e1 muy expuesto a herramientas t\u00e9rmicas o qu\u00edmicas, debes alternarla con la mascarilla <a href=\"https:\/\/www.avani.pt\/es\/p\/mascarilla-reconstructiva-capilar-india-500-ml-reconstructiva\/\">Reconstruye el cabello<\/a>; para una hidrataci\u00f3n profunda, esta mascarilla puede alternarse con la mascarilla <a href=\"https:\/\/www.avani.pt\/es\/p\/mascarilla-vitaminica-capilar-india-500-ml-hidratante\/\">Vitamina capilar india<\/a>. Para obtener m\u00e1s informaci\u00f3n sobre c\u00f3mo alternar las m\u00e1scaras, visita nuestra p\u00e1gina <a href=\"https:\/\/www.avani.pt\/es\/p\/tipo-de-cabello-muy-danado-fino-y-medio\/\">Programa capilar<\/a>.<\/p>\n\n                        <\/div>\n                    \n                    \n                                    <\/div>\n            <\/div>\n        <\/div>\n    \n<\/div>\n<div class=\"container \">\n\n    <div class=\"content-default-module text-align-center margin-top-between-modules\n        \n        \n        \n        \n        \n        \n        desktop--only--md\"\n        style=\"margin-bottom: 0px;\"\n    >\n\n                <div class=\"content-default-module-titles\">\n                            <h2 class=\"content-default-module-title uppercase black\">Composici&oacute;n<\/h2>\n            \n                    <\/div>\n        \n                    <div class=\"content-default-module-content\">\n                <\/p>\n<p style=\"text-align: left;\"><strong>Amla |<\/strong> \u00a1el secreto indio para un pelo fuerte, brillante, largo y sano! El amla, tambi\u00e9n conocido como grosella espinosa de la India, procede de la planta Amalaki y es un ingrediente esencial especialmente recomendado para los productos capilares por la medicina ayurv\u00e9dica. Se utiliza desde la antig\u00fcedad como elixir para el cabello porque es rico en antioxidantes, vitaminas, calcio, f\u00f3sforo y caroteno. <\/p>\n<p style=\"text-align: left;\"><strong>El aceite de arg\u00e1n |<\/strong> rico en vitamina E y \u00e1cidos grasos, es muy nutritivo y penetrante, repara y preserva la capa protectora del cabello, invirtiendo los da\u00f1os de los tratamientos qu\u00edmicos y las herramientas t\u00e9rmicas.<span class=\"Apple-converted-space\"> <\/span><\/p>\n<p style=\"text-align: left;\">La <strong>manteca de karit\u00e9 |<\/strong> rica en vitamina A y E, devuelve la nutrici\u00f3n y la flexibilidad al cabello.<\/p>\n<p style=\"text-align: left;\"><strong>Aceite de coco |<\/strong> el \u00e1cido l\u00e1urico presente en este aceite tiene propiedades nutritivas con una gran capacidad de penetraci\u00f3n, dejando el cabello flexible, brillante y flexible.<\/p>\n<p>\n\n            <\/div>\n        \n        \n        \n\n        \n\n\n    <\/div>\n\n\n            <div class=\"accordion accordion-successive   js-accordion not-found mobile--only--md content-default-module text-align-center margin-top-between-modules back_color\">\n            <div class=\"accordion-container\">\n                <div class=\"accordion-question space-between\">\n                                            <h3 class=\"accordion-question-title uppercase back_color\">\n                            Composici&oacute;n\n                        <\/h3>\n                                        <span class=\"accordion-arrow back_color\">&emsp;<\/span>\n                <\/div>\n                <div class=\"accordion-answer\">\n                    \n                                            <div class=\"content-default-module-content\">\n                            <\/p>\n<p style=\"text-align: left;\"><strong>Amla |<\/strong> \u00a1el secreto indio para un pelo fuerte, brillante, largo y sano! El amla, tambi\u00e9n conocido como grosella espinosa de la India, procede de la planta Amalaki y es un ingrediente esencial especialmente recomendado para los productos capilares por la medicina ayurv\u00e9dica. Se utiliza desde la antig\u00fcedad como elixir para el cabello porque es rico en antioxidantes, vitaminas, calcio, f\u00f3sforo y caroteno. <\/p>\n<p style=\"text-align: left;\"><strong>El aceite de arg\u00e1n |<\/strong> rico en vitamina E y \u00e1cidos grasos, es muy nutritivo y penetrante, repara y preserva la capa protectora del cabello, invirtiendo los da\u00f1os de los tratamientos qu\u00edmicos y las herramientas t\u00e9rmicas.<span class=\"Apple-converted-space\"> <\/span><\/p>\n<p style=\"text-align: left;\">La <strong>manteca de karit\u00e9 |<\/strong> rica en vitamina A y E, devuelve la nutrici\u00f3n y la flexibilidad al cabello.<\/p>\n<p style=\"text-align: left;\"><strong>Aceite de coco |<\/strong> el \u00e1cido l\u00e1urico presente en este aceite tiene propiedades nutritivas con una gran capacidad de penetraci\u00f3n, dejando el cabello flexible, brillante y flexible.<\/p>\n<p>\n\n                        <\/div>\n                    \n                    \n                                    <\/div>\n            <\/div>\n        <\/div>\n    \n<\/div>\n<div class=\"container \">\n\n    <div class=\"content-default-module text-align-center margin-top-between-modules\n        \n        \n        \n        \n        \n        \n        desktop--only--md\"\n        style=\"margin-bottom: 0px;\"\n    >\n\n                <div class=\"content-default-module-titles\">\n                            <h2 class=\"content-default-module-title uppercase black\">Ingredientes<\/h2>\n            \n                    <\/div>\n        \n                    <div class=\"content-default-module-content\">\n                <\/p>\n<p style=\"text-align: center;\">Agua, alcohol cetear\u00edlico, cloruro de behentrimonio, propilenglicol, fenil trimeticona,<br \/>\ncloruro de cetrimonio, parfum, aceite de nuez de Argania spinosa, dimeticona, alcano C15-19, PEG-90M,<br \/>\nglicerina, manteca de Butyrospermum parkii, fitosteril\/octildodecil lauroil glutamato, policuaternio-7,<br \/>\naceite de Cocos nucifera, acetato de tocoferilo, alcohol denat., Polvo del fruto de Phylianthus emblica, tocoferol,<br \/>\n\u00e1cido c\u00edtrico, caprilil glicol, alcohol isoprop\u00edlico, fenoxietanol, benzoato s\u00f3dico,<br \/>\nhexametilindanopirano, vainillina.<\/p>\n<p style=\"text-align: center;\">Ph (intervalo de paso): 3,0 &#8211; 4,7<\/p>\n<p>\n\n            <\/div>\n        \n        \n        \n\n        \n\n\n    <\/div>\n\n\n            <div class=\"accordion accordion-successive   js-accordion not-found mobile--only--md content-default-module text-align-center margin-top-between-modules back_color\">\n            <div class=\"accordion-container\">\n                <div class=\"accordion-question space-between\">\n                                            <h3 class=\"accordion-question-title uppercase back_color\">\n                            Ingredientes\n                        <\/h3>\n                                        <span class=\"accordion-arrow back_color\">&emsp;<\/span>\n                <\/div>\n                <div class=\"accordion-answer\">\n                    \n                                            <div class=\"content-default-module-content\">\n                            <\/p>\n<p style=\"text-align: center;\">Agua, alcohol cetear\u00edlico, cloruro de behentrimonio, propilenglicol, fenil trimeticona,<br \/>\ncloruro de cetrimonio, parfum, aceite de nuez de Argania spinosa, dimeticona, alcano C15-19, PEG-90M,<br \/>\nglicerina, manteca de Butyrospermum parkii, fitosteril\/octildodecil lauroil glutamato, policuaternio-7,<br \/>\naceite de Cocos nucifera, acetato de tocoferilo, alcohol denat., Polvo del fruto de Phylianthus emblica, tocoferol,<br \/>\n\u00e1cido c\u00edtrico, caprilil glicol, alcohol isoprop\u00edlico, fenoxietanol, benzoato s\u00f3dico,<br \/>\nhexametilindanopirano, vainillina.<\/p>\n<p style=\"text-align: center;\">Ph (intervalo de paso): 3,0 &#8211; 4,7<\/p>\n<p>\n\n                        <\/div>\n                    \n                    \n                                    <\/div>\n            <\/div>\n        <\/div>\n    \n<\/div>\n[\/vc_column][\/vc_row]<\/p>\n<\/div>","protected":false},"excerpt":{"rendered":"<p>Mascarilla nutritiva ligera con gran capacidad de penetraci\u00f3n, enriquecida con la fruta celestial india Amla, Aceite de Arg\u00e1n, Coco y Manteca de Karit\u00e9. Eficaz para el cabello fino, nutre sin dejar el pelo pastoso ni pesado. <\/p>\n","protected":false},"featured_media":76904,"comment_status":"open","ping_status":"closed","template":"","meta":{"_acf_changed":false},"product_brand":[],"product_cat":[437,441,444,436,435,434,445,438,156],"product_tag":[],"class_list":{"0":"post-77970","1":"product","2":"type-product","3":"status-publish","4":"has-post-thumbnail","6":"product_cat-aceite-de-argan","7":"product_cat-amla","8":"product_cat-cabello-fino-programa-capilar","9":"product_cat-cabello-seco-nutricion","10":"product_cat-caca-baja","11":"product_cat-mascarillas-capilares","12":"product_cat-nutricion-capilar-india-nutricion-versatil","13":"product_cat-programa-capilar-nutricion","14":"product_cat-cabelo","16":"first","17":"instock","18":"taxable","19":"shipping-taxable","20":"purchasable","21":"product-type-simple"},"acf":[],"wooqr_code":"","_links":{"self":[{"href":"https:\/\/www.avani.pt\/es\/wp-json\/wp\/v2\/product\/77970","targetHints":{"allow":["GET"]}}],"collection":[{"href":"https:\/\/www.avani.pt\/es\/wp-json\/wp\/v2\/product"}],"about":[{"href":"https:\/\/www.avani.pt\/es\/wp-json\/wp\/v2\/types\/product"}],"replies":[{"embeddable":true,"href":"https:\/\/www.avani.pt\/es\/wp-json\/wp\/v2\/comments?post=77970"}],"wp:featuredmedia":[{"embeddable":true,"href":"https:\/\/www.avani.pt\/es\/wp-json\/wp\/v2\/media\/76904"}],"wp:attachment":[{"href":"https:\/\/www.avani.pt\/es\/wp-json\/wp\/v2\/media?parent=77970"}],"wp:term":[{"taxonomy":"product_brand","embeddable":true,"href":"https:\/\/www.avani.pt\/es\/wp-json\/wp\/v2\/product_brand?post=77970"},{"taxonomy":"product_cat","embeddable":true,"href":"https:\/\/www.avani.pt\/es\/wp-json\/wp\/v2\/product_cat?post=77970"},{"taxonomy":"product_tag","embeddable":true,"href":"https:\/\/www.avani.pt\/es\/wp-json\/wp\/v2\/product_tag?post=77970"}],"curies":[{"name":"wp","href":"https:\/\/api.w.org\/{rel}","templated":true}]}}