{"id":77974,"date":"2018-08-14T12:37:54","date_gmt":"2018-08-14T11:37:54","guid":{"rendered":"https:\/\/www.avani.pt\/p\/krishna-rizos-crema-intensa-nutricion-profunda-250-ml\/"},"modified":"2026-03-16T15:04:22","modified_gmt":"2026-03-16T15:04:22","slug":"krishna-rizos-crema-intensa-nutricion-profunda-250-ml","status":"publish","type":"product","link":"https:\/\/www.avani.pt\/es\/p\/krishna-rizos-crema-intensa-nutricion-profunda-250-ml\/","title":{"rendered":"Krishna Rizos Crema Intensa | Nutrici\u00f3n Profunda | 250 ml"},"content":{"rendered":"<div class=\"wpb-content-wrapper\"><p>[vc_row full_width=&#8221;stretch_row_content_no_spaces&#8221; el_class=&#8221;text-align-center&#8221;][vc_column]<div class=\"stars-of-product-module-wrapper margin-top-between-modules\">\n    <img decoding=\"async\" class=\"stars-of-product-module-left-image-design\" src=\"\/dist\/images\/stars_product_module_design.png\">\n    <img decoding=\"async\" class=\"stars-of-product-module-right-image-design\" src=\"\/dist\/images\/stars_product_module_design.png\">\n\n    <div class=\"container\">\n\n        <div class=\"stars-of-product-module text-align-center  desktop--only--md\">\n\n                            <div class=\"star-rating\">\n                                            <i class=\"fa fa-star\"><\/i>\n                                            <i class=\"fa fa-star\"><\/i>\n                                            <i class=\"fa fa-star\"><\/i>\n                                            <i class=\"fa fa-star\"><\/i>\n                                            <i class=\"fa fa-star\"><\/i>\n                                    <\/div>\n            \n                            <div class=\"stars-of-product-module-titles\">\n                                            <h2 class=\"stars-of-product-module-title black uppercase back_color\">Las estrellas del producto<\/h2>\n                                    <\/div>\n            \n                            <div class=\"stars-of-product-module-content\">\n                    <p>Crema de tratamiento sin aclarado compuesta por una supermezcla de aceites naturales y esenciales, manteca de karit\u00e9 altamente nutritiva con propiedades reparadoras, pantenol y aloe vera superhidratantes y amino\u00e1cidos vegetales. Rica en ingredientes naturales, sin sulfatos, aceites minerales, parafinas, petrolato, colorantes ni derivados animales. Muy apreciado por los clientes que lo han probado porque es muy suave, natural, antiencrespamiento, inodoro y define los rizos sin dejar un aspecto duro y h\u00famedo.<\/p>\n\n                <\/div>\n            \n        <\/div>\n\n\n                    <div class=\"accordion   accordion-successive-first js-accordion not-found mobile--only--md stars-of-product-module text-align-center margin-top-between-modules back_color\">\n                <div class=\"accordion-container\">\n                    <div class=\"accordion-question space-between\">\n                                                    <h3 class=\"accordion-question-title uppercase back_color\">\n                                Las estrellas del producto\n                            <\/h3>\n                                                <span class=\"accordion-arrow back_color\">&emsp;<\/span>\n                    <\/div>\n                    <div class=\"accordion-answer\">\n\n                                                    <div class=\"star-rating\">\n                                                                    <i class=\"fa fa-star\"><\/i>\n                                                                    <i class=\"fa fa-star\"><\/i>\n                                                                    <i class=\"fa fa-star\"><\/i>\n                                                                    <i class=\"fa fa-star\"><\/i>\n                                                                    <i class=\"fa fa-star\"><\/i>\n                                                            <\/div>\n                        \n                                                    <div class=\"stars-of-product-module-content\">\n                                <p>Crema de tratamiento sin aclarado compuesta por una supermezcla de aceites naturales y esenciales, manteca de karit\u00e9 altamente nutritiva con propiedades reparadoras, pantenol y aloe vera superhidratantes y amino\u00e1cidos vegetales. Rica en ingredientes naturales, sin sulfatos, aceites minerales, parafinas, petrolato, colorantes ni derivados animales. Muy apreciado por los clientes que lo han probado porque es muy suave, natural, antiencrespamiento, inodoro y define los rizos sin dejar un aspecto duro y h\u00famedo.<\/p>\n\n                            <\/div>\n                                            <\/div>\n                <\/div>\n            <\/div>\n        \n    <\/div>\n<\/div>\n[\/vc_column][\/vc_row][vc_row full_width=&#8221;stretch_row_content_no_spaces&#8221; el_class=&#8221;text-align-center&#8221;][vc_column]<div class=\"container\">\n\t<div class=\"usability-tips-and-secrets-module desktop--only--md\">\n\n\t\t<div class=\"usability-tips-and-secrets-module-content-wrapper full-width-container\">\n\n\t\t\t\n\t\t\t\t\t\t\t<div class=\"usability-tips-and-secrets-module-content usability-tips-and-secrets-module-content--bordered margin-top-between-modules\">\n\t\t\t\t\t\t\t\t\t\t\t<h2 class=\"uppercase black\">C&oacute;mo utilizar<\/h2>\n\t\t\t\t\t\n\t\t\t\t\t\t\t\t\t\t\t<p>Se puede aplicar sobre el cabello h\u00famedo despu\u00e9s del champ\u00fa o sobre el cabello seco a diario. Debe aplicarse mech\u00f3n a mech\u00f3n, modelando y apretando los rizos con los dedos. <\/p>\n\n\t\t\t\t\t\t\t\t\t<\/div>\n\t\t\t\n\t\t\t\t\t<\/div>\n\t<\/div>\n\n\t\t\t<div class=\"mobile--only--md usability-tips-and-secrets-module text-align-center margin-top-between-modules usability-tips-and-secrets-module-video\">\n\t\t\t\t\t<\/div>\n\t\n\t\t\t<div class=\"accordion accordion-successive  js-accordion not-found mobile--only--md usability-tips-and-secrets-module text-align-center margin-top-between-modules back_color\">\n\t\t\t<div class=\"accordion-container\">\n\t\t\t\t<div class=\"accordion-question space-between\">\n\t\t\t\t\t\t\t\t\t\t\t<h3 class=\"accordion-question-title uppercase back_color\">\n\t\t\t\t\t\t\tC&oacute;mo utilizar\n\t\t\t\t\t\t<\/h3>\n\t\t\t\t\t\n\t\t\t\t\t<span class=\"accordion-arrow back_color\">&emsp;<\/span>\n\t\t\t\t<\/div>\n\t\t\t\t<div class=\"accordion-answer\">\n\t\t\t\t\t\t\t\t\t\t\t<div class=\"usability-tips-and-secrets-module-content\">\n\t\t\t\t\t\t\t<p>Se puede aplicar sobre el cabello h\u00famedo despu\u00e9s del champ\u00fa o sobre el cabello seco a diario. Debe aplicarse mech\u00f3n a mech\u00f3n, modelando y apretando los rizos con los dedos. <\/p>\n\n\t\t\t\t\t\t<\/div>\n\t\t\t\t\t\t\t\t\t<\/div>\n\t\t\t<\/div>\n\t\t<\/div>\n\t\n\t<\/div>\n[\/vc_column][\/vc_row][vc_row full_width=&#8221;stretch_row_content_no_spaces&#8221; el_class=&#8221;text-align-center&#8221;][vc_column]<div class=\"container \">\n\n    <div class=\"content-default-module text-align-center margin-top-between-modules\n        \n        \n        \n        \n        \n        \n        desktop--only--md\"\n        style=\"margin-bottom: 0px;\"\n    >\n\n                <div class=\"content-default-module-titles\">\n                            <h2 class=\"content-default-module-title uppercase black\">Consejos y secretos<\/h2>\n            \n                    <\/div>\n        \n                    <div class=\"content-default-module-content\">\n                <p>Para una mejor fijaci\u00f3n de los rizos, se puede utilizar con <a href=\"https:\/\/www.avani.pt\/es\/p\/casual-waves-250ml-jalea-texturizante-sin-aclarado\/\">la gelatina Casual Waves<\/a>.<\/p>\n\n            <\/div>\n        \n        \n        \n\n        \n\n\n    <\/div>\n\n\n            <div class=\"accordion accordion-successive   js-accordion not-found mobile--only--md content-default-module text-align-center margin-top-between-modules back_color\">\n            <div class=\"accordion-container\">\n                <div class=\"accordion-question space-between\">\n                                            <h3 class=\"accordion-question-title uppercase back_color\">\n                            Consejos y secretos\n                        <\/h3>\n                                        <span class=\"accordion-arrow back_color\">&emsp;<\/span>\n                <\/div>\n                <div class=\"accordion-answer\">\n                    \n                                            <div class=\"content-default-module-content\">\n                            <p>Para una mejor fijaci\u00f3n de los rizos, se puede utilizar con <a href=\"https:\/\/www.avani.pt\/es\/p\/casual-waves-250ml-jalea-texturizante-sin-aclarado\/\">la gelatina Casual Waves<\/a>.<\/p>\n\n                        <\/div>\n                    \n                    \n                                    <\/div>\n            <\/div>\n        <\/div>\n    \n<\/div>\n<div class=\"container \">\n\n    <div class=\"content-default-module text-align-center margin-top-between-modules\n        \n        \n        \n        \n        \n        \n        desktop--only--md\"\n        style=\"margin-bottom: 0px;\"\n    >\n\n                <div class=\"content-default-module-titles\">\n                            <h2 class=\"content-default-module-title uppercase black\">Composici&oacute;n<\/h2>\n            \n                    <\/div>\n        \n                    <div class=\"content-default-module-content\">\n                <\/p>\n<p style=\"text-align: left;\"><strong>Aceite de Arg\u00e1n | <\/strong>Aceite rico, graso y nutritivo que lubrica la fibra capilar y le confiere un efecto suavizante. Repara, nutre el cuero cabelludo, sella las puntas abiertas y protege la longitud de la fibra, proporcionando un crecimiento del cabello fuerte y sano. <\/p>\n<p style=\"text-align: left;\">El <strong>aceite de macadamia<\/strong> <strong>|<\/strong> rico en vitamina E, magnesio, omega 9, \u00e1cido palmitoleico y otros \u00e1cidos grasos insaturados nutre, repara y fortifica la fibra capilar.<\/p>\n<p style=\"text-align: left;\"><strong>El aceite de lavanda |<\/strong> naturalmente calmante, favorece el equilibrio del cuero cabelludo, permitiendo un crecimiento sano del cabello.<\/p>\n<p style=\"text-align: left;\"><strong>El aloe vera<\/strong> regenera e hidrata en profundidad la piel del cuero cabelludo.<\/p>\n<p style=\"text-align: left;\"><strong>Aceite de coco |<\/strong> el \u00e1cido l\u00e1urico presente en este aceite tiene propiedades nutritivas con una gran capacidad de penetraci\u00f3n, dejando el cabello flexible, brillante y flexible.<\/p>\n<p style=\"text-align: left;\"><strong>El Aceite de Litsea Cubeba <\/strong>tiene un aroma c\u00edtrico dulce, picante y fresco. Sus beneficios se han utilizado durante siglos en la antigua medicina china. Conocido a menudo como el &#8220;Aceite de la Tranquilidad&#8221; en aromaterapia, \u00a1deja el cabello con un lujoso aroma directamente de la madre naturaleza! Tiene muchos beneficios para la salud capilar y favorece el brillo intenso, la suavidad, la tersura y la manejabilidad.   <\/p>\n<p style=\"text-align: left;\"><strong>Extracto de amla<\/strong>: \u00a1el secreto indio para un pelo fuerte, brillante, largo y sano! El amla, tambi\u00e9n conocido como grosella espinosa india, procede de la planta amalaki y es un ingrediente esencial especialmente recomendado para los productos capilares por la medicina ayurv\u00e9dica, utilizado desde la antig\u00fcedad como elixir para el cabello porque es rico en antioxidantes, vitaminas, calcio, f\u00f3sforo y caroteno.  Ayuda a combatir la ca\u00edda del cabello, la caspa, la descamaci\u00f3n y estimula el crecimiento sano del cabello.<\/p>\n<p style=\"text-align: left;\"><strong>Manteca de karit\u00e9 |<\/strong> Rica en vitamina A y E, nutre en profundidad, repara, protege, restaura la flexibilidad y retiene la humedad en el cabello.<\/p>\n<p style=\"text-align: left;\"><strong>Aceite de jojoba |  <\/strong><span class=\"Y2IQFc\" lang=\"pt\">Rico en vitaminas y minerales que nutren el cabello, como la vitamina C, las vitaminas del grupo B, la vitamina E, el cobre y el zinc, fortalece el cabello. Nutre en profundidad la fibra capilar, ayuda a combatir el encrespamiento, aumenta la resistencia de la fibra capilar y retrasa el encanecimiento prematuro del cabello. <\/span><\/p>\n<p>\n\n            <\/div>\n        \n        \n        \n\n        \n\n\n    <\/div>\n\n\n            <div class=\"accordion accordion-successive   js-accordion not-found mobile--only--md content-default-module text-align-center margin-top-between-modules back_color\">\n            <div class=\"accordion-container\">\n                <div class=\"accordion-question space-between\">\n                                            <h3 class=\"accordion-question-title uppercase back_color\">\n                            Composici&oacute;n\n                        <\/h3>\n                                        <span class=\"accordion-arrow back_color\">&emsp;<\/span>\n                <\/div>\n                <div class=\"accordion-answer\">\n                    \n                                            <div class=\"content-default-module-content\">\n                            <\/p>\n<p style=\"text-align: left;\"><strong>Aceite de Arg\u00e1n | <\/strong>Aceite rico, graso y nutritivo que lubrica la fibra capilar y le confiere un efecto suavizante. Repara, nutre el cuero cabelludo, sella las puntas abiertas y protege la longitud de la fibra, proporcionando un crecimiento del cabello fuerte y sano. <\/p>\n<p style=\"text-align: left;\">El <strong>aceite de macadamia<\/strong> <strong>|<\/strong> rico en vitamina E, magnesio, omega 9, \u00e1cido palmitoleico y otros \u00e1cidos grasos insaturados nutre, repara y fortifica la fibra capilar.<\/p>\n<p style=\"text-align: left;\"><strong>El aceite de lavanda |<\/strong> naturalmente calmante, favorece el equilibrio del cuero cabelludo, permitiendo un crecimiento sano del cabello.<\/p>\n<p style=\"text-align: left;\"><strong>El aloe vera<\/strong> regenera e hidrata en profundidad la piel del cuero cabelludo.<\/p>\n<p style=\"text-align: left;\"><strong>Aceite de coco |<\/strong> el \u00e1cido l\u00e1urico presente en este aceite tiene propiedades nutritivas con una gran capacidad de penetraci\u00f3n, dejando el cabello flexible, brillante y flexible.<\/p>\n<p style=\"text-align: left;\"><strong>El Aceite de Litsea Cubeba <\/strong>tiene un aroma c\u00edtrico dulce, picante y fresco. Sus beneficios se han utilizado durante siglos en la antigua medicina china. Conocido a menudo como el &#8220;Aceite de la Tranquilidad&#8221; en aromaterapia, \u00a1deja el cabello con un lujoso aroma directamente de la madre naturaleza! Tiene muchos beneficios para la salud capilar y favorece el brillo intenso, la suavidad, la tersura y la manejabilidad.   <\/p>\n<p style=\"text-align: left;\"><strong>Extracto de amla<\/strong>: \u00a1el secreto indio para un pelo fuerte, brillante, largo y sano! El amla, tambi\u00e9n conocido como grosella espinosa india, procede de la planta amalaki y es un ingrediente esencial especialmente recomendado para los productos capilares por la medicina ayurv\u00e9dica, utilizado desde la antig\u00fcedad como elixir para el cabello porque es rico en antioxidantes, vitaminas, calcio, f\u00f3sforo y caroteno.  Ayuda a combatir la ca\u00edda del cabello, la caspa, la descamaci\u00f3n y estimula el crecimiento sano del cabello.<\/p>\n<p style=\"text-align: left;\"><strong>Manteca de karit\u00e9 |<\/strong> Rica en vitamina A y E, nutre en profundidad, repara, protege, restaura la flexibilidad y retiene la humedad en el cabello.<\/p>\n<p style=\"text-align: left;\"><strong>Aceite de jojoba |  <\/strong><span class=\"Y2IQFc\" lang=\"pt\">Rico en vitaminas y minerales que nutren el cabello, como la vitamina C, las vitaminas del grupo B, la vitamina E, el cobre y el zinc, fortalece el cabello. Nutre en profundidad la fibra capilar, ayuda a combatir el encrespamiento, aumenta la resistencia de la fibra capilar y retrasa el encanecimiento prematuro del cabello. <\/span><\/p>\n<p>\n\n                        <\/div>\n                    \n                    \n                                    <\/div>\n            <\/div>\n        <\/div>\n    \n<\/div>\n<div class=\"container \">\n\n    <div class=\"content-default-module text-align-center margin-top-between-modules\n        \n        \n        \n        \n        \n        \n        desktop--only--md\"\n        style=\"margin-bottom: 0px;\"\n    >\n\n                <div class=\"content-default-module-titles\">\n                            <h2 class=\"content-default-module-title uppercase black\">Ingredientes<\/h2>\n            \n                    <\/div>\n        \n                    <div class=\"content-default-module-content\">\n                <\/p>\n<p style=\"text-align: center;\">Agua, alcohol cet\u00edlico, metosulfato de behentrimonio, aceite de nuez de Argania spinosa,<br \/>\npantenol, manteca de Butyrospermum parkii, glicerina, fitoesteril \/ octildodecil lauroil<br \/>\nglutamato, aceite de semilla de Simmondsia chinensis, alcohol cetear\u00edlico, zumo de hoja de Aloe barbadensis<br \/>\nen polvo, aceite de Cocos nucifera, aceite de fruto de Litsea cubeba, EDTA dis\u00f3dico, aceite de semilla de Macadamia ternifolia<br \/>\n, alcohol desnaturalizado., Aceite de Lavandula angustifolia, polvo de fruto de Phyllanthus emblica,<br \/>\ntocoferol, parfum, alcohol benc\u00edlico, \u00e1cido benzoico, \u00e1cido s\u00f3rbico, citral, cumarina, salicilato de bencilo<br \/>\n, limoneno, linalool, citronelol,geraniol.<\/p>\n<p>\n\n            <\/div>\n        \n        \n        \n\n        \n\n\n    <\/div>\n\n\n            <div class=\"accordion accordion-successive   js-accordion not-found mobile--only--md content-default-module text-align-center margin-top-between-modules back_color\">\n            <div class=\"accordion-container\">\n                <div class=\"accordion-question space-between\">\n                                            <h3 class=\"accordion-question-title uppercase back_color\">\n                            Ingredientes\n                        <\/h3>\n                                        <span class=\"accordion-arrow back_color\">&emsp;<\/span>\n                <\/div>\n                <div class=\"accordion-answer\">\n                    \n                                            <div class=\"content-default-module-content\">\n                            <\/p>\n<p style=\"text-align: center;\">Agua, alcohol cet\u00edlico, metosulfato de behentrimonio, aceite de nuez de Argania spinosa,<br \/>\npantenol, manteca de Butyrospermum parkii, glicerina, fitoesteril \/ octildodecil lauroil<br \/>\nglutamato, aceite de semilla de Simmondsia chinensis, alcohol cetear\u00edlico, zumo de hoja de Aloe barbadensis<br \/>\nen polvo, aceite de Cocos nucifera, aceite de fruto de Litsea cubeba, EDTA dis\u00f3dico, aceite de semilla de Macadamia ternifolia<br \/>\n, alcohol desnaturalizado., Aceite de Lavandula angustifolia, polvo de fruto de Phyllanthus emblica,<br \/>\ntocoferol, parfum, alcohol benc\u00edlico, \u00e1cido benzoico, \u00e1cido s\u00f3rbico, citral, cumarina, salicilato de bencilo<br \/>\n, limoneno, linalool, citronelol,geraniol.<\/p>\n<p>\n\n                        <\/div>\n                    \n                    \n                                    <\/div>\n            <\/div>\n        <\/div>\n    \n<\/div>\n[\/vc_column][\/vc_row]<\/p>\n<\/div>","protected":false},"excerpt":{"rendered":"<p>Crema de tratamiento sin aclarado (nutrici\u00f3n profunda) para aplicar despu\u00e9s del champ\u00fa o sobre el cabello seco. Facilita el peinado de los rizos, evitando la rotura del cabello. Efecto antiencrespamiento, desenreda y define los rizos. Vegano.   <\/p>\n","protected":false},"featured_media":75632,"comment_status":"open","ping_status":"closed","template":"","meta":{"_acf_changed":false},"product_brand":[],"product_cat":[440,441,465,435,461,466,462,563,464,452,450,442,463,156],"product_tag":[],"class_list":{"0":"post-77974","1":"product","2":"type-product","3":"status-publish","4":"has-post-thumbnail","6":"product_cat-aloe-vera","7":"product_cat-amla","8":"product_cat-atencion","9":"product_cat-caca-baja","10":"product_cat-cremas-capilares","11":"product_cat-tematica-verano-cabello","12":"product_cat-finalizadores","14":"product_cat-modelistas","15":"product_cat-no-caca-baja","16":"product_cat-no-caca","17":"product_cat-rizos-krishna-nutricion-natural-de-los-rizos","18":"product_cat-rizos-ondas-y-rizos","19":"product_cat-cabelo","21":"first","22":"instock","23":"taxable","24":"shipping-taxable","25":"purchasable","26":"product-type-simple"},"acf":[],"wooqr_code":"","_links":{"self":[{"href":"https:\/\/www.avani.pt\/es\/wp-json\/wp\/v2\/product\/77974","targetHints":{"allow":["GET"]}}],"collection":[{"href":"https:\/\/www.avani.pt\/es\/wp-json\/wp\/v2\/product"}],"about":[{"href":"https:\/\/www.avani.pt\/es\/wp-json\/wp\/v2\/types\/product"}],"replies":[{"embeddable":true,"href":"https:\/\/www.avani.pt\/es\/wp-json\/wp\/v2\/comments?post=77974"}],"wp:featuredmedia":[{"embeddable":true,"href":"https:\/\/www.avani.pt\/es\/wp-json\/wp\/v2\/media\/75632"}],"wp:attachment":[{"href":"https:\/\/www.avani.pt\/es\/wp-json\/wp\/v2\/media?parent=77974"}],"wp:term":[{"taxonomy":"product_brand","embeddable":true,"href":"https:\/\/www.avani.pt\/es\/wp-json\/wp\/v2\/product_brand?post=77974"},{"taxonomy":"product_cat","embeddable":true,"href":"https:\/\/www.avani.pt\/es\/wp-json\/wp\/v2\/product_cat?post=77974"},{"taxonomy":"product_tag","embeddable":true,"href":"https:\/\/www.avani.pt\/es\/wp-json\/wp\/v2\/product_tag?post=77974"}],"curies":[{"name":"wp","href":"https:\/\/api.w.org\/{rel}","templated":true}]}}