{"id":78116,"date":"2020-07-20T13:43:06","date_gmt":"2020-07-20T12:43:06","guid":{"rendered":"https:\/\/www.avani.pt\/p\/cabello-medio-grueso-tenido-y-seco-secretos-de-la-india-cuidado-capilar-de-lujo\/"},"modified":"2025-12-05T12:02:20","modified_gmt":"2025-12-05T12:02:20","slug":"cabello-medio-grueso-tenido-y-seco-secretos-de-la-india-cuidado-capilar-de-lujo","status":"publish","type":"product","link":"https:\/\/www.avani.pt\/es\/p\/cabello-medio-grueso-tenido-y-seco-secretos-de-la-india-cuidado-capilar-de-lujo\/","title":{"rendered":"Cabello medio grueso, te\u00f1ido y seco | Secretos de la India | Cuidado capilar de lujo"},"content":{"rendered":"<div class=\"wpb-content-wrapper\"><p>[vc_row full_width=&#8221;stretch_row_content_no_spaces&#8221; el_class=&#8221;text-align-center&#8221;][vc_column]<div class=\"stars-of-product-module-wrapper margin-top-between-modules\">\n    <img decoding=\"async\" class=\"stars-of-product-module-left-image-design\" src=\"\/dist\/images\/stars_product_module_design.png\">\n    <img decoding=\"async\" class=\"stars-of-product-module-right-image-design\" src=\"\/dist\/images\/stars_product_module_design.png\">\n\n    <div class=\"container\">\n\n        <div class=\"stars-of-product-module text-align-center  desktop--only--md\">\n\n                            <div class=\"star-rating\">\n                                            <i class=\"fa fa-star\"><\/i>\n                                            <i class=\"fa fa-star\"><\/i>\n                                            <i class=\"fa fa-star\"><\/i>\n                                            <i class=\"fa fa-star\"><\/i>\n                                            <i class=\"fa fa-star\"><\/i>\n                                    <\/div>\n            \n                            <div class=\"stars-of-product-module-titles\">\n                                            <h2 class=\"stars-of-product-module-title black uppercase back_color\">Las estrellas del producto<\/h2>\n                                    <\/div>\n            \n                            <div class=\"stars-of-product-module-content\">\n                    <p>Este tratamiento se ha estudiado meticulosamente, y cada producto ayuda a reponer los elementos esenciales del cabello medio-grueso te\u00f1ido. Se utiliza regularmente en el Instituto Profesional Avani con excelentes resultados. El tratamiento incluye: el Champ\u00fa Hidratante Vitam\u00ednico Cabello Indio; la Mascarilla Vitam\u00ednica Cabello Indio, que ayuda a fortalecer, hidratar y reconstruir la fibra capilar; el Acondicionador Nutritivo Cabello Indio, que ayuda a nutrir en profundidad la fibra capilar aport\u00e1ndole m\u00e1s suavidad, brillo y manejabilidad; el Suero Reconstructor Cabello Indio, que ayuda a tratar las puntas abiertas y quebradizas; y el Aceite Prana, que ayuda a nutrir el cabello aport\u00e1ndole m\u00e1s brillo, protecci\u00f3n, fuerza y resistencia.  <span class=\"Apple-converted-space\"> <\/span><\/p>\n\n                <\/div>\n            \n        <\/div>\n\n\n                    <div class=\"accordion   accordion-successive-first js-accordion not-found mobile--only--md stars-of-product-module text-align-center margin-top-between-modules back_color\">\n                <div class=\"accordion-container\">\n                    <div class=\"accordion-question space-between\">\n                                                    <h3 class=\"accordion-question-title uppercase back_color\">\n                                As Estrelas do Produtos\n                            <\/h3>\n                                                <span class=\"accordion-arrow back_color\">&emsp;<\/span>\n                    <\/div>\n                    <div class=\"accordion-answer\">\n\n                                                    <div class=\"star-rating\">\n                                                                    <i class=\"fa fa-star\"><\/i>\n                                                                    <i class=\"fa fa-star\"><\/i>\n                                                                    <i class=\"fa fa-star\"><\/i>\n                                                                    <i class=\"fa fa-star\"><\/i>\n                                                                    <i class=\"fa fa-star\"><\/i>\n                                                            <\/div>\n                        \n                                                    <div class=\"stars-of-product-module-content\">\n                                <p>Este tratamiento se ha estudiado meticulosamente, y cada producto ayuda a reponer los elementos esenciales del cabello medio-grueso te\u00f1ido. Se utiliza regularmente en el Instituto Profesional Avani con excelentes resultados. El tratamiento incluye: el Champ\u00fa Hidratante Vitam\u00ednico Cabello Indio; la Mascarilla Vitam\u00ednica Cabello Indio, que ayuda a fortalecer, hidratar y reconstruir la fibra capilar; el Acondicionador Nutritivo Cabello Indio, que ayuda a nutrir en profundidad la fibra capilar aport\u00e1ndole m\u00e1s suavidad, brillo y manejabilidad; el Suero Reconstructor Cabello Indio, que ayuda a tratar las puntas abiertas y quebradizas; y el Aceite Prana, que ayuda a nutrir el cabello aport\u00e1ndole m\u00e1s brillo, protecci\u00f3n, fuerza y resistencia.  <span class=\"Apple-converted-space\"> <\/span><\/p>\n\n                            <\/div>\n                                            <\/div>\n                <\/div>\n            <\/div>\n        \n    <\/div>\n<\/div>\n[\/vc_column][\/vc_row][vc_row full_width=&#8221;stretch_row_content_no_spaces&#8221; el_class=&#8221;text-align-center&#8221;][vc_column]<div class=\"container\">\n\t<div class=\"usability-tips-and-secrets-module desktop--only--md\">\n\n\t\t<div class=\"usability-tips-and-secrets-module-content-wrapper full-width-container\">\n\n\t\t\t\n\t\t\t\t\t\t\t<div class=\"usability-tips-and-secrets-module-content usability-tips-and-secrets-module-content--bordered margin-top-between-modules\">\n\t\t\t\t\t\t\t\t\t\t\t<h2 class=\"uppercase black\">Como usar<\/h2>\n\t\t\t\t\t\n\t\t\t\t\t\t\t\t\t\t\t<p>1) Massajar continuamente o Shampoo no couro cabeludo com a ponta dos dedos at\u00e9 o sentir limpo; 2) Enxaguar bem; 3) Repita o procedimento; 4) Ap\u00f3s tirar o excesso de \u00e1gua, aplicar a m\u00e1scara madeixa a madeixa; 5) Deixar actuar pelo menos durante 4 minutos; 6) Aplicar o Condicionador nas pontas para uma selagem perfeita; 7) Deixar actuar um minuto; 8) Enxaguar bem; 9) Aplicar o \u00d3leo capilar Prana Oil, diariamente, todas as manh\u00e3s, colocando uma quantidade equivalente a uma ervilha na palma das m\u00e3os, espalhando bem como se fosse um creme de m\u00e3os, distribuindo nos cabelos insistindo nos meios e pontas. 10) Aplicar o S\u00e9rum Selador Indian Hair Rebuild, diariamente, todas as noites, colocando uma quantidade equivalente a uma ervilha na palma das m\u00e3os, espalhando bem como se fosse um creme de m\u00e3os, distribuindo nos cabelos insistindo nos meios e pontas. Notas: O procedimento completo deve ser aplicado sempre que existir a necessidade de lavar os cabelos. Como acima referido, o S\u00e9rum Selador Indian Hair Rebuild e o Prana Oil devem ser aplicados diariamente.<\/p>\n\n\t\t\t\t\t\t\t\t\t<\/div>\n\t\t\t\n\t\t\t\t\t<\/div>\n\t<\/div>\n\n\t\t\t<div class=\"mobile--only--md usability-tips-and-secrets-module text-align-center margin-top-between-modules usability-tips-and-secrets-module-video\">\n\t\t\t\t\t<\/div>\n\t\n\t\t\t<div class=\"accordion accordion-successive  js-accordion not-found mobile--only--md usability-tips-and-secrets-module text-align-center margin-top-between-modules back_color\">\n\t\t\t<div class=\"accordion-container\">\n\t\t\t\t<div class=\"accordion-question space-between\">\n\t\t\t\t\t\t\t\t\t\t\t<h3 class=\"accordion-question-title uppercase back_color\">\n\t\t\t\t\t\t\tComo usar\n\t\t\t\t\t\t<\/h3>\n\t\t\t\t\t\n\t\t\t\t\t<span class=\"accordion-arrow back_color\">&emsp;<\/span>\n\t\t\t\t<\/div>\n\t\t\t\t<div class=\"accordion-answer\">\n\t\t\t\t\t\t\t\t\t\t\t<div class=\"usability-tips-and-secrets-module-content\">\n\t\t\t\t\t\t\t<p>1) Massajar continuamente o Shampoo no couro cabeludo com a ponta dos dedos at\u00e9 o sentir limpo; 2) Enxaguar bem; 3) Repita o procedimento; 4) Ap\u00f3s tirar o excesso de \u00e1gua, aplicar a m\u00e1scara madeixa a madeixa; 5) Deixar actuar pelo menos durante 4 minutos; 6) Aplicar o Condicionador nas pontas para uma selagem perfeita; 7) Deixar actuar um minuto; 8) Enxaguar bem; 9) Aplicar o \u00d3leo capilar Prana Oil, diariamente, todas as manh\u00e3s, colocando uma quantidade equivalente a uma ervilha na palma das m\u00e3os, espalhando bem como se fosse um creme de m\u00e3os, distribuindo nos cabelos insistindo nos meios e pontas. 10) Aplicar o S\u00e9rum Selador Indian Hair Rebuild, diariamente, todas as noites, colocando uma quantidade equivalente a uma ervilha na palma das m\u00e3os, espalhando bem como se fosse um creme de m\u00e3os, distribuindo nos cabelos insistindo nos meios e pontas. Notas: O procedimento completo deve ser aplicado sempre que existir a necessidade de lavar os cabelos. Como acima referido, o S\u00e9rum Selador Indian Hair Rebuild e o Prana Oil devem ser aplicados diariamente.<\/p>\n\n\t\t\t\t\t\t<\/div>\n\t\t\t\t\t\t\t\t\t<\/div>\n\t\t\t<\/div>\n\t\t<\/div>\n\t\n\t<\/div>\n[\/vc_column][\/vc_row][vc_row full_width=&#8221;stretch_row_content_no_spaces&#8221; el_class=&#8221;text-align-center&#8221;][vc_column]<div class=\"container \">\n\n    <div class=\"content-default-module text-align-center margin-top-between-modules\n        \n        \n        \n        \n        \n        \n        desktop--only--md\"\n        style=\"margin-bottom: 0px;\"\n    >\n\n                <div class=\"content-default-module-titles\">\n                            <h2 class=\"content-default-module-title uppercase black\">Dicas &amp; Segredos<\/h2>\n            \n                    <\/div>\n        \n                    <div class=\"content-default-module-content\">\n                <p>Se usar ferramentas t\u00e9rmicas como secador ou outras, ap\u00f3s a lavagem, deve aplicar o reparador antifrizz protetor t\u00e9rmico hidratante <a href=\"https:\/\/www.avani.pt\/p\/spray-ganesh-protetor-termico-e-uv-250-ml\/\">Ganesh thermic<\/a> nos meios e pontas. Se o cabelo estiver muito danificado pode alternar nas lavagens a <a href=\"https:\/\/www.avani.pt\/p\/mascara-cabelo-muito-seco-indian-hair-500ml\/\">m\u00e1scara Indian Hair Nutrition<\/a> para nutrir e a <a href=\"https:\/\/www.avani.pt\/p\/mascara-reconstrutura-cabelos-danificados-rebuilt-500ml\/\">M\u00e1scara Indian Hair Rebuild<\/a> para regenerar a fibra.<\/p>\n\n            <\/div>\n        \n        \n        \n\n        \n\n\n    <\/div>\n\n\n            <div class=\"accordion accordion-successive   js-accordion not-found mobile--only--md content-default-module text-align-center margin-top-between-modules back_color\">\n            <div class=\"accordion-container\">\n                <div class=\"accordion-question space-between\">\n                                            <h3 class=\"accordion-question-title uppercase back_color\">\n                            Dicas &amp; Segredos\n                        <\/h3>\n                                        <span class=\"accordion-arrow back_color\">&emsp;<\/span>\n                <\/div>\n                <div class=\"accordion-answer\">\n                    \n                                            <div class=\"content-default-module-content\">\n                            <p>Se usar ferramentas t\u00e9rmicas como secador ou outras, ap\u00f3s a lavagem, deve aplicar o reparador antifrizz protetor t\u00e9rmico hidratante <a href=\"https:\/\/www.avani.pt\/p\/spray-ganesh-protetor-termico-e-uv-250-ml\/\">Ganesh thermic<\/a> nos meios e pontas. Se o cabelo estiver muito danificado pode alternar nas lavagens a <a href=\"https:\/\/www.avani.pt\/p\/mascara-cabelo-muito-seco-indian-hair-500ml\/\">m\u00e1scara Indian Hair Nutrition<\/a> para nutrir e a <a href=\"https:\/\/www.avani.pt\/p\/mascara-reconstrutura-cabelos-danificados-rebuilt-500ml\/\">M\u00e1scara Indian Hair Rebuild<\/a> para regenerar a fibra.<\/p>\n\n                        <\/div>\n                    \n                    \n                                    <\/div>\n            <\/div>\n        <\/div>\n    \n<\/div>\n<div class=\"container \">\n\n    <div class=\"content-default-module text-align-center margin-top-between-modules\n        \n        \n        \n        \n        \n        \n        desktop--only--md\"\n        style=\"margin-bottom: 0px;\"\n    >\n\n                <div class=\"content-default-module-titles\">\n                            <h2 class=\"content-default-module-title uppercase black\">Detalhes<\/h2>\n            \n                    <\/div>\n        \n                    <div class=\"content-default-module-content\">\n                <p><strong>Este tratamento \u00e9 composto por:<\/strong><\/p>\n<p><a href=\"https:\/\/www.avani.pt\/p\/shampoo-vitaminado-fortificante-indian-hair-500ml\/\">Shampoo Indian Hair Vitaminado 250ml<\/a><\/p>\n<p><a href=\"https:\/\/www.avani.pt\/p\/mascara-vitaminada-fortificante-indian-hair-500-ml-amla\/\">M\u00e1scara Indian Hair Vitaminada 500 ml<\/a><\/p>\n<p><a href=\"https:\/\/www.avani.pt\/p\/mascara-vitaminada-fortificante-indian-hair-500-ml-amla\/\">Condicionador Indian Hair Nutrition 250ml<\/a><\/p>\n<p><a href=\"https:\/\/www.avani.pt\/p\/creme-selador-pontas-rebuilt-pontas-espigadas-e-abertas\/\">S\u00e9rum Selador de Pontas Indian Hair Rebuild 100ml<\/a><\/p>\n<p><a href=\"https:\/\/www.avani.pt\/p\/oleo-capilar-argan-e-macadamia-nutritivo-cabelos-secos-250ml\/\">Prana Oil Fortificante para cabelos finos e m\u00e9dios 115ml<\/a><\/p>\n\n            <\/div>\n        \n        \n        \n\n        \n\n\n    <\/div>\n\n\n            <div class=\"accordion accordion-successive   js-accordion not-found mobile--only--md content-default-module text-align-center margin-top-between-modules back_color\">\n            <div class=\"accordion-container\">\n                <div class=\"accordion-question space-between\">\n                                            <h3 class=\"accordion-question-title uppercase back_color\">\n                            Detalhes\n                        <\/h3>\n                                        <span class=\"accordion-arrow back_color\">&emsp;<\/span>\n                <\/div>\n                <div class=\"accordion-answer\">\n                    \n                                            <div class=\"content-default-module-content\">\n                            <p><strong>Este tratamento \u00e9 composto por:<\/strong><\/p>\n<p><a href=\"https:\/\/www.avani.pt\/p\/shampoo-vitaminado-fortificante-indian-hair-500ml\/\">Shampoo Indian Hair Vitaminado 250ml<\/a><\/p>\n<p><a href=\"https:\/\/www.avani.pt\/p\/mascara-vitaminada-fortificante-indian-hair-500-ml-amla\/\">M\u00e1scara Indian Hair Vitaminada 500 ml<\/a><\/p>\n<p><a href=\"https:\/\/www.avani.pt\/p\/mascara-vitaminada-fortificante-indian-hair-500-ml-amla\/\">Condicionador Indian Hair Nutrition 250ml<\/a><\/p>\n<p><a href=\"https:\/\/www.avani.pt\/p\/creme-selador-pontas-rebuilt-pontas-espigadas-e-abertas\/\">S\u00e9rum Selador de Pontas Indian Hair Rebuild 100ml<\/a><\/p>\n<p><a href=\"https:\/\/www.avani.pt\/p\/oleo-capilar-argan-e-macadamia-nutritivo-cabelos-secos-250ml\/\">Prana Oil Fortificante para cabelos finos e m\u00e9dios 115ml<\/a><\/p>\n\n                        <\/div>\n                    \n                    \n                                    <\/div>\n            <\/div>\n        <\/div>\n    \n<\/div>\n<div class=\"tip-products margin-top-between-modules default\">\n    <div class=\"container\">\n                    <h2 class=\"title\">\n                COMPRAR INDIVIDUALMENTE\n            <\/h2>\n        \n        \n        <div class=\"products-container\">\n                    <\/div>\n\n    <\/div>\n<\/div>\n[\/vc_column][\/vc_row]<\/p>\n<\/div>","protected":false},"excerpt":{"rendered":"<p>El cabello medio-grueso que ha sido te\u00f1ido tiene una mayor necesidad de hidrataci\u00f3n y nutrici\u00f3n. Este tratamiento est\u00e1 compuesto por cinco productos altamente hidratantes, nutritivos y regeneradores. El cabello recupera su estructura perdida y recibe nutrici\u00f3n e hidrataci\u00f3n. El resultado es un cabello m\u00e1s sano y nutrido.   <\/p>\n","protected":false},"featured_media":76762,"comment_status":"open","ping_status":"closed","template":"","meta":{"_acf_changed":false},"product_brand":[],"product_cat":[465,471,472,436,470,156],"product_tag":[],"class_list":{"0":"post-78116","1":"product","2":"type-product","3":"status-publish","4":"has-post-thumbnail","6":"product_cat-atencion","7":"product_cat-avani-en-exclusiva","8":"product_cat-cabello-medio-grueso-avani-tratamientos-exclusivos","9":"product_cat-cabello-seco-nutricion","10":"product_cat-tratamientos","11":"product_cat-cabelo","13":"first","14":"instock","15":"taxable","16":"shipping-taxable","17":"purchasable","18":"product-type-simple"},"acf":[],"wooqr_code":"","_links":{"self":[{"href":"https:\/\/www.avani.pt\/es\/wp-json\/wp\/v2\/product\/78116","targetHints":{"allow":["GET"]}}],"collection":[{"href":"https:\/\/www.avani.pt\/es\/wp-json\/wp\/v2\/product"}],"about":[{"href":"https:\/\/www.avani.pt\/es\/wp-json\/wp\/v2\/types\/product"}],"replies":[{"embeddable":true,"href":"https:\/\/www.avani.pt\/es\/wp-json\/wp\/v2\/comments?post=78116"}],"wp:featuredmedia":[{"embeddable":true,"href":"https:\/\/www.avani.pt\/es\/wp-json\/wp\/v2\/media\/76762"}],"wp:attachment":[{"href":"https:\/\/www.avani.pt\/es\/wp-json\/wp\/v2\/media?parent=78116"}],"wp:term":[{"taxonomy":"product_brand","embeddable":true,"href":"https:\/\/www.avani.pt\/es\/wp-json\/wp\/v2\/product_brand?post=78116"},{"taxonomy":"product_cat","embeddable":true,"href":"https:\/\/www.avani.pt\/es\/wp-json\/wp\/v2\/product_cat?post=78116"},{"taxonomy":"product_tag","embeddable":true,"href":"https:\/\/www.avani.pt\/es\/wp-json\/wp\/v2\/product_tag?post=78116"}],"curies":[{"name":"wp","href":"https:\/\/api.w.org\/{rel}","templated":true}]}}