{"id":78120,"date":"2019-12-09T10:24:28","date_gmt":"2019-12-09T10:24:28","guid":{"rendered":"https:\/\/www.avani.pt\/p\/champu-purificante-efecto-frio-500-ml-sin-sal\/"},"modified":"2025-10-21T12:04:12","modified_gmt":"2025-10-21T11:04:12","slug":"champu-purificante-efecto-frio-500-ml-sin-sal","status":"publish","type":"product","link":"https:\/\/www.avani.pt\/es\/p\/champu-purificante-efecto-frio-500-ml-sin-sal\/","title":{"rendered":"Champ\u00fa Purificante Efecto Fr\u00edo 500 ml | Sin Sal"},"content":{"rendered":"","protected":false},"excerpt":{"rendered":"<p>Muy eficaz para resolver pr\u00e1cticamente todos los problemas del cuero cabelludo, como el exceso de grasa, la descamaci\u00f3n, la irritaci\u00f3n y otros. Un champ\u00fa base que act\u00faa en profundidad para equilibrar la microbiota del cuero cabelludo gracias a la abundancia de ingredientes suaves e hidratantes. Su aplicaci\u00f3n proporciona una sensaci\u00f3n refrescante que perdura incluso despu\u00e9s del lavado, lo que produce un efecto antifatiga y relajante.  <\/p>\n","protected":false},"featured_media":76336,"comment_status":"open","ping_status":"closed","template":"","meta":{"_acf_changed":false},"product_brand":[],"product_cat":[474,465,433,485,484,448,483,156],"product_tag":[],"class_list":{"0":"post-78120","1":"product","2":"type-product","3":"status-publish","4":"has-post-thumbnail","6":"product_cat-alcanfor","7":"product_cat-atencion","8":"product_cat-champus","9":"product_cat-efecto-frio-tratamiento-capilar-basico","10":"product_cat-ingredientes","11":"product_cat-problemas-del-cuero-cabelludo","12":"product_cat-productos-cabello","13":"product_cat-cabelo","15":"first","16":"instock","17":"taxable","18":"shipping-taxable","19":"purchasable","20":"product-type-simple"},"acf":[],"wooqr_code":"","_links":{"self":[{"href":"https:\/\/www.avani.pt\/es\/wp-json\/wp\/v2\/product\/78120","targetHints":{"allow":["GET"]}}],"collection":[{"href":"https:\/\/www.avani.pt\/es\/wp-json\/wp\/v2\/product"}],"about":[{"href":"https:\/\/www.avani.pt\/es\/wp-json\/wp\/v2\/types\/product"}],"replies":[{"embeddable":true,"href":"https:\/\/www.avani.pt\/es\/wp-json\/wp\/v2\/comments?post=78120"}],"wp:featuredmedia":[{"embeddable":true,"href":"https:\/\/www.avani.pt\/es\/wp-json\/wp\/v2\/media\/76336"}],"wp:attachment":[{"href":"https:\/\/www.avani.pt\/es\/wp-json\/wp\/v2\/media?parent=78120"}],"wp:term":[{"taxonomy":"product_brand","embeddable":true,"href":"https:\/\/www.avani.pt\/es\/wp-json\/wp\/v2\/product_brand?post=78120"},{"taxonomy":"product_cat","embeddable":true,"href":"https:\/\/www.avani.pt\/es\/wp-json\/wp\/v2\/product_cat?post=78120"},{"taxonomy":"product_tag","embeddable":true,"href":"https:\/\/www.avani.pt\/es\/wp-json\/wp\/v2\/product_tag?post=78120"}],"curies":[{"name":"wp","href":"https:\/\/api.w.org\/{rel}","templated":true}]}}