{"id":78126,"date":"2020-05-26T08:06:09","date_gmt":"2020-05-26T07:06:09","guid":{"rendered":"https:\/\/www.avani.pt\/p\/alcohol-higienizante-en-gel-100-ml-70-alcohol\/"},"modified":"2026-04-06T23:49:02","modified_gmt":"2026-04-06T22:49:02","slug":"alcohol-higienizante-en-gel-100-ml-70-alcohol","status":"publish","type":"product","link":"https:\/\/www.avani.pt\/es\/p\/alcohol-higienizante-en-gel-100-ml-70-alcohol\/","title":{"rendered":"Alcohol higienizante en gel 100 ml | 70% Alcohol"},"content":{"rendered":"<div class=\"wpb-content-wrapper\"><p>[vc_row full_width=&#8221;stretch_row_content_no_spaces&#8221; el_class=&#8221;text-align-center&#8221;][vc_column]<div class=\"stars-of-product-module-wrapper margin-top-between-modules\">\n    <img decoding=\"async\" class=\"stars-of-product-module-left-image-design\" src=\"\/dist\/images\/stars_product_module_design.png\">\n    <img decoding=\"async\" class=\"stars-of-product-module-right-image-design\" src=\"\/dist\/images\/stars_product_module_design.png\">\n\n    <div class=\"container\">\n\n        <div class=\"stars-of-product-module text-align-center  desktop--only--md\">\n\n                            <div class=\"star-rating\">\n                                            <i class=\"fa fa-star\"><\/i>\n                                            <i class=\"fa fa-star\"><\/i>\n                                            <i class=\"fa fa-star\"><\/i>\n                                            <i class=\"fa fa-star\"><\/i>\n                                            <i class=\"fa fa-star\"><\/i>\n                                    <\/div>\n            \n                            <div class=\"stars-of-product-module-titles\">\n                                            <h2 class=\"stars-of-product-module-title black uppercase back_color\">Las estrellas del producto<\/h2>\n                                    <\/div>\n            \n                            <div class=\"stars-of-product-module-content\">\n                    <\/p>\n<p>La cantidad de alcohol en su composici\u00f3n (70%) lo convierte en un desinfectante potente y eficaz.<\/p>\n<p>Este gel est\u00e1 enriquecido con aceite de Neem, llamado tradicionalmente &#8220;oro indio&#8221; por sus propiedades antibacterianas.<\/p>\n<p>\n\n                <\/div>\n            \n        <\/div>\n\n\n                    <div class=\"accordion   accordion-successive-first js-accordion not-found mobile--only--md stars-of-product-module text-align-center margin-top-between-modules back_color\">\n                <div class=\"accordion-container\">\n                    <div class=\"accordion-question space-between\">\n                                                    <h3 class=\"accordion-question-title uppercase back_color\">\n                                Estrellas del producto\n                            <\/h3>\n                                                <span class=\"accordion-arrow back_color\">&emsp;<\/span>\n                    <\/div>\n                    <div class=\"accordion-answer\">\n\n                                                    <div class=\"star-rating\">\n                                                                    <i class=\"fa fa-star\"><\/i>\n                                                                    <i class=\"fa fa-star\"><\/i>\n                                                                    <i class=\"fa fa-star\"><\/i>\n                                                                    <i class=\"fa fa-star\"><\/i>\n                                                                    <i class=\"fa fa-star\"><\/i>\n                                                            <\/div>\n                        \n                                                    <div class=\"stars-of-product-module-content\">\n                                <\/p>\n<p>La cantidad de alcohol en su composici\u00f3n (70%) lo convierte en un desinfectante potente y eficaz.<\/p>\n<p>Este gel est\u00e1 enriquecido con aceite de Neem, llamado tradicionalmente &#8220;oro indio&#8221; por sus propiedades antibacterianas.<\/p>\n<p>\n\n                            <\/div>\n                                            <\/div>\n                <\/div>\n            <\/div>\n        \n    <\/div>\n<\/div>\n<div class=\"wp-block-embed wp-embed-width-desktop-70 wp-embed-width-mobile-90\">\n\t\t<figure class=\"wp-block-embed-video is-type-video is-provider-youtube wp-block-embed-youtube wp-embed-aspect-16-9 wp-has-aspect-ratio\">\n\t\t\t<div class=\"wp-block-embed__wrapper js-video-play\">\n\t\t\t\t<img decoding=\"async\" class=\"wp-block-embed__cover\" src=\"https:\/\/img.youtube.com\/vi\/Q5OKOqcprTo\/maxresdefault.jpg\" \/>\n\t\t\t\t<i class=\"fa fa-play-circle\" aria-hidden=\"true\"><\/i>\n\t\t\t\t<iframe src=\"https:\/\/www.youtube.com\/embed\/Q5OKOqcprTo?start=0&amp;showinfo=0&amp;controls=1&amp;rel=0\" frameborder=\"0\" allow=\"accelerometer; autoplay; clipboard-write; encrypted-media; gyroscope; picture-in-picture\" allowfullscreen=\"\"><\/iframe>\n\t\t\t<\/div>\n\t\t<\/figure>\n\t<\/div>\n\t<div class=\"av-social-share\"><p>Comparte<\/p> <div class=\"addtoany_shortcode\"><div class=\"a2a_kit a2a_kit_size_48 addtoany_list\" data-a2a-url=\"https:\/\/www.avani.pt\/es\/p\/alcohol-higienizante-en-gel-100-ml-70-alcohol\/\" data-a2a-title=\"Alcohol higienizante en gel 100 ml | 70% Alcohol\"><a class=\"a2a_button_email\" href=\"https:\/\/www.addtoany.com\/add_to\/email?linkurl=https%3A%2F%2Fwww.avani.pt%2Fes%2Fp%2Falcohol-higienizante-en-gel-100-ml-70-alcohol%2F&amp;linkname=Alcohol%20higienizante%20en%20gel%20100%20ml%20%7C%2070%25%20Alcohol\" title=\"Email\" rel=\"nofollow noopener\" target=\"_blank\"><img loading=\"lazy\" decoding=\"async\" src=\"\/wp-content\/themes\/slendertail-theme\/addtoany\/email.svg\" width=\"48\" height=\"48\" alt=\"Email\"><\/a><a class=\"a2a_button_facebook\" href=\"https:\/\/www.addtoany.com\/add_to\/facebook?linkurl=https%3A%2F%2Fwww.avani.pt%2Fes%2Fp%2Falcohol-higienizante-en-gel-100-ml-70-alcohol%2F&amp;linkname=Alcohol%20higienizante%20en%20gel%20100%20ml%20%7C%2070%25%20Alcohol\" title=\"Facebook\" rel=\"nofollow noopener\" target=\"_blank\"><img loading=\"lazy\" decoding=\"async\" src=\"\/wp-content\/themes\/slendertail-theme\/addtoany\/facebook.svg\" width=\"48\" height=\"48\" alt=\"Facebook\"><\/a><a class=\"a2a_button_facebook_messenger\" href=\"https:\/\/www.addtoany.com\/add_to\/facebook_messenger?linkurl=https%3A%2F%2Fwww.avani.pt%2Fes%2Fp%2Falcohol-higienizante-en-gel-100-ml-70-alcohol%2F&amp;linkname=Alcohol%20higienizante%20en%20gel%20100%20ml%20%7C%2070%25%20Alcohol\" title=\"Messenger\" rel=\"nofollow noopener\" target=\"_blank\"><img loading=\"lazy\" decoding=\"async\" src=\"\/wp-content\/themes\/slendertail-theme\/addtoany\/facebook_messenger.svg\" width=\"48\" height=\"48\" alt=\"Messenger\"><\/a><a class=\"a2a_button_whatsapp\" href=\"https:\/\/www.addtoany.com\/add_to\/whatsapp?linkurl=https%3A%2F%2Fwww.avani.pt%2Fes%2Fp%2Falcohol-higienizante-en-gel-100-ml-70-alcohol%2F&amp;linkname=Alcohol%20higienizante%20en%20gel%20100%20ml%20%7C%2070%25%20Alcohol\" title=\"WhatsApp\" rel=\"nofollow noopener\" target=\"_blank\"><img loading=\"lazy\" decoding=\"async\" src=\"\/wp-content\/themes\/slendertail-theme\/addtoany\/whatsapp.svg\" width=\"48\" height=\"48\" alt=\"WhatsApp\"><\/a><\/div><\/div><\/div>[\/vc_column][\/vc_row][vc_row full_width=&#8221;stretch_row_content_no_spaces&#8221; el_class=&#8221;text-align-center&#8221;][vc_column]<div class=\"container\">\n\t<div class=\"usability-tips-and-secrets-module desktop--only--md\">\n\n\t\t<div class=\"usability-tips-and-secrets-module-content-wrapper full-width-container\">\n\n\t\t\t\n\t\t\t\t\t\t\t<div class=\"usability-tips-and-secrets-module-content usability-tips-and-secrets-module-content--bordered margin-top-between-modules\">\n\t\t\t\t\t\t\t\t\t\t\t<h2 class=\"uppercase black\">C&oacute;mo utilizar<\/h2>\n\t\t\t\t\t\n\t\t\t\t\t\t\t\t\t\t\t<p>Cubre toda la superficie de ambas manos con el desinfectante y frota suavemente hasta que est\u00e9n completamente secas.<\/p>\n\n\t\t\t\t\t\t\t\t\t<\/div>\n\t\t\t\n\t\t\t\t\t<\/div>\n\t<\/div>\n\n\t\t\t<div class=\"mobile--only--md usability-tips-and-secrets-module text-align-center margin-top-between-modules usability-tips-and-secrets-module-video\">\n\t\t\t\t\t<\/div>\n\t\n\t\t\t<div class=\"accordion accordion-successive  js-accordion not-found mobile--only--md usability-tips-and-secrets-module text-align-center margin-top-between-modules back_color\">\n\t\t\t<div class=\"accordion-container\">\n\t\t\t\t<div class=\"accordion-question space-between\">\n\t\t\t\t\t\t\t\t\t\t\t<h3 class=\"accordion-question-title uppercase back_color\">\n\t\t\t\t\t\t\tC&oacute;mo utilizar\n\t\t\t\t\t\t<\/h3>\n\t\t\t\t\t\n\t\t\t\t\t<span class=\"accordion-arrow back_color\">&emsp;<\/span>\n\t\t\t\t<\/div>\n\t\t\t\t<div class=\"accordion-answer\">\n\t\t\t\t\t\t\t\t\t\t\t<div class=\"usability-tips-and-secrets-module-content\">\n\t\t\t\t\t\t\t<p>Cubre toda la superficie de ambas manos con el desinfectante y frota suavemente hasta que est\u00e9n completamente secas.<\/p>\n\n\t\t\t\t\t\t<\/div>\n\t\t\t\t\t\t\t\t\t<\/div>\n\t\t\t<\/div>\n\t\t<\/div>\n\t\n\t<\/div>\n[\/vc_column][\/vc_row][vc_row full_width=&#8221;stretch_row_content_no_spaces&#8221; el_class=&#8221;text-align-center&#8221;][vc_column]<div class=\"container \">\n\n    <div class=\"content-default-module text-align-center margin-top-between-modules\n        \n        \n        \n        \n        \n        \n        desktop--only--md\"\n        style=\"margin-bottom: 0px;\"\n    >\n\n                <div class=\"content-default-module-titles\">\n                            <h2 class=\"content-default-module-title uppercase black\">Detalles<\/h2>\n            \n                    <\/div>\n        \n                    <div class=\"content-default-module-content\">\n                <p>A pesar de su poder desinfectante, Avani Profesional Alcohol Gel Desinfectante est\u00e1 formulado para respetar la piel de tus manos, ofreci\u00e9ndoles todo el confort posible. Su composici\u00f3n incluye los siguientes ingredientes estrella:<x id=\"gid_0\"><\/x>Glicerina: contribuye a la absorci\u00f3n de agua en la piel y el cabello, hidratando y suavizando.<x id=\"gid_1\"><\/x>Aceite de Neem: muy utilizado en la India en la medicina ayurv\u00e9dica para la piel y el cabello. Es un potente antibacteriano.<x id=\"gid_2\"><\/x>Extracto de Amla: un excelente antibacteriano y un fuerte aliado para la belleza. Seg\u00fan la medicina ayurv\u00e9dica, tambi\u00e9n ayuda con las alergias y los problemas cut\u00e1neos.<br \/>\nMelaleuca: tiene un efecto antis\u00e9ptico, que act\u00faa contra bacterias, hongos y virus.<\/p>\n\n            <\/div>\n        \n        \n        \n\n        \n\n\n    <\/div>\n\n\n            <div class=\"accordion accordion-successive   js-accordion not-found mobile--only--md content-default-module text-align-center margin-top-between-modules back_color\">\n            <div class=\"accordion-container\">\n                <div class=\"accordion-question space-between\">\n                                            <h3 class=\"accordion-question-title uppercase back_color\">\n                            Detalles\n                        <\/h3>\n                                        <span class=\"accordion-arrow back_color\">&emsp;<\/span>\n                <\/div>\n                <div class=\"accordion-answer\">\n                    \n                                            <div class=\"content-default-module-content\">\n                            <p>A pesar de su poder desinfectante, Avani Profesional Alcohol Gel Desinfectante est\u00e1 formulado para respetar la piel de tus manos, ofreci\u00e9ndoles todo el confort posible. Su composici\u00f3n incluye los siguientes ingredientes estrella:<x id=\"gid_0\"><\/x>Glicerina: contribuye a la absorci\u00f3n de agua en la piel y el cabello, hidratando y suavizando.<x id=\"gid_1\"><\/x>Aceite de Neem: muy utilizado en la India en la medicina ayurv\u00e9dica para la piel y el cabello. Es un potente antibacteriano.<x id=\"gid_2\"><\/x>Extracto de Amla: un excelente antibacteriano y un fuerte aliado para la belleza. Seg\u00fan la medicina ayurv\u00e9dica, tambi\u00e9n ayuda con las alergias y los problemas cut\u00e1neos.<br \/>\nMelaleuca: tiene un efecto antis\u00e9ptico, que act\u00faa contra bacterias, hongos y virus.<\/p>\n\n                        <\/div>\n                    \n                    \n                                    <\/div>\n            <\/div>\n        <\/div>\n    \n<\/div>\n[\/vc_column][\/vc_row]<\/p>\n<\/div>","protected":false},"excerpt":{"rendered":"<p class=\"p1\">Desinfectante con un 70% de alcohol en su composici\u00f3n, enriquecido con aceite de Neem indio.<\/p>\n","protected":false},"featured_media":72602,"comment_status":"open","ping_status":"closed","template":"","meta":{"_acf_changed":false},"product_brand":[],"product_cat":[494,491,492,495,493],"product_tag":[],"class_list":{"0":"post-78126","1":"product","2":"type-product","3":"status-publish","4":"has-post-thumbnail","6":"product_cat-alcohol-en-gel","7":"product_cat-cuerpo","8":"product_cat-cuidado-de-las-manos","9":"product_cat-desinfectantes","10":"product_cat-linea-spa-de-manicura-y-pedicura","12":"first","13":"instock","14":"taxable","15":"shipping-taxable","16":"purchasable","17":"product-type-simple"},"acf":[],"wooqr_code":"","_links":{"self":[{"href":"https:\/\/www.avani.pt\/es\/wp-json\/wp\/v2\/product\/78126","targetHints":{"allow":["GET"]}}],"collection":[{"href":"https:\/\/www.avani.pt\/es\/wp-json\/wp\/v2\/product"}],"about":[{"href":"https:\/\/www.avani.pt\/es\/wp-json\/wp\/v2\/types\/product"}],"replies":[{"embeddable":true,"href":"https:\/\/www.avani.pt\/es\/wp-json\/wp\/v2\/comments?post=78126"}],"wp:featuredmedia":[{"embeddable":true,"href":"https:\/\/www.avani.pt\/es\/wp-json\/wp\/v2\/media\/72602"}],"wp:attachment":[{"href":"https:\/\/www.avani.pt\/es\/wp-json\/wp\/v2\/media?parent=78126"}],"wp:term":[{"taxonomy":"product_brand","embeddable":true,"href":"https:\/\/www.avani.pt\/es\/wp-json\/wp\/v2\/product_brand?post=78126"},{"taxonomy":"product_cat","embeddable":true,"href":"https:\/\/www.avani.pt\/es\/wp-json\/wp\/v2\/product_cat?post=78126"},{"taxonomy":"product_tag","embeddable":true,"href":"https:\/\/www.avani.pt\/es\/wp-json\/wp\/v2\/product_tag?post=78126"}],"curies":[{"name":"wp","href":"https:\/\/api.w.org\/{rel}","templated":true}]}}