{"id":78136,"date":"2019-11-13T03:20:46","date_gmt":"2019-11-13T03:20:46","guid":{"rendered":"https:\/\/www.avani.pt\/p\/aceite-puro-de-rosa-mosqueta-virgen-y-ecologico-30-ml\/"},"modified":"2026-03-12T20:25:40","modified_gmt":"2026-03-12T20:25:40","slug":"aceite-puro-de-rosa-mosqueta-virgen-y-ecologico-30-ml","status":"publish","type":"product","link":"https:\/\/www.avani.pt\/es\/p\/aceite-puro-de-rosa-mosqueta-virgen-y-ecologico-30-ml\/","title":{"rendered":"Aceite Puro de Rosa Mosqueta | Virgen y Ecol\u00f3gico | 30 ml"},"content":{"rendered":"<div class=\"wpb-content-wrapper\"><p>[vc_row full_width=&#8221;stretch_row_content_no_spaces&#8221; el_class=&#8221;text-align-center&#8221;][vc_column]<div class=\"stars-of-product-module-wrapper margin-top-between-modules\">\n    <img decoding=\"async\" class=\"stars-of-product-module-left-image-design\" src=\"\/dist\/images\/stars_product_module_design.png\">\n    <img decoding=\"async\" class=\"stars-of-product-module-right-image-design\" src=\"\/dist\/images\/stars_product_module_design.png\">\n\n    <div class=\"container\">\n\n        <div class=\"stars-of-product-module text-align-center  desktop--only--md\">\n\n            \n                            <div class=\"stars-of-product-module-titles\">\n                                            <h2 class=\"stars-of-product-module-title black uppercase back_color\">Las estrellas del producto<\/h2>\n                                    <\/div>\n            \n                            <div class=\"stars-of-product-module-content\">\n                    <p>El aceite de rosa mosqueta es uno de los productos m\u00e1s tradicionales en lo que se refiere al cuidado de la piel. S\u00faper vers\u00e1til, los beneficios del aceite de rosa mosqueta se dejan sentir en la piel, el cabello y las u\u00f1as. Por sus caracter\u00edsticas, puede incorporarse f\u00e1cilmente a tu rutina de cuidado de la piel como complemento y aportar muchos beneficios. Tambi\u00e9n recomendamos utilizarlo en el cuero cabelludo para quienes sufren problemas de sensibilidad, picores e irritaci\u00f3n. Tambi\u00e9n puede aplicarse a las u\u00f1as sensibles y quebradizas. Cada vez observamos un mayor inter\u00e9s por los productos naturales y su adopci\u00f3n en las rutinas de belleza y tratamiento. Esto es un reflejo de la creciente aceptaci\u00f3n de su eficacia y seguridad. Seg\u00fan       <span class=\"Apple-converted-space\">  <\/span>En la medicina tradicional, el aceite de rosa mosqueta es muy recomendable para aliviar cicatrices, estr\u00edas y dermatitis del pa\u00f1al. Como aceite natural y org\u00e1nico, tiene una gran capacidad de absorci\u00f3n y penetraci\u00f3n en la piel, lo que ayuda a mantener los niveles de hidrataci\u00f3n y favorece un tacto suave, la tersura y la mejora de la textura de la dermis. Su aplicaci\u00f3n no deja la piel grasa.<\/p>\n\n                <\/div>\n            \n        <\/div>\n\n\n                    <div class=\"accordion   accordion-successive-first js-accordion not-found mobile--only--md stars-of-product-module text-align-center margin-top-between-modules back_color\">\n                <div class=\"accordion-container\">\n                    <div class=\"accordion-question space-between\">\n                                                    <h3 class=\"accordion-question-title uppercase back_color\">\n                                Estrellas del producto\n                            <\/h3>\n                                                <span class=\"accordion-arrow back_color\">&emsp;<\/span>\n                    <\/div>\n                    <div class=\"accordion-answer\">\n\n                        \n                                                    <div class=\"stars-of-product-module-content\">\n                                <p>El aceite de rosa mosqueta es uno de los productos m\u00e1s tradicionales en lo que se refiere al cuidado de la piel. S\u00faper vers\u00e1til, los beneficios del aceite de rosa mosqueta se dejan sentir en la piel, el cabello y las u\u00f1as. Por sus caracter\u00edsticas, puede incorporarse f\u00e1cilmente a tu rutina de cuidado de la piel como complemento y aportar muchos beneficios. Tambi\u00e9n recomendamos utilizarlo en el cuero cabelludo para quienes sufren problemas de sensibilidad, picores e irritaci\u00f3n. Tambi\u00e9n puede aplicarse a las u\u00f1as sensibles y quebradizas. Cada vez observamos un mayor inter\u00e9s por los productos naturales y su adopci\u00f3n en las rutinas de belleza y tratamiento. Esto es un reflejo de la creciente aceptaci\u00f3n de su eficacia y seguridad. Seg\u00fan       <span class=\"Apple-converted-space\">  <\/span>En la medicina tradicional, el aceite de rosa mosqueta es muy recomendable para aliviar cicatrices, estr\u00edas y dermatitis del pa\u00f1al. Como aceite natural y org\u00e1nico, tiene una gran capacidad de absorci\u00f3n y penetraci\u00f3n en la piel, lo que ayuda a mantener los niveles de hidrataci\u00f3n y favorece un tacto suave, la tersura y la mejora de la textura de la dermis. Su aplicaci\u00f3n no deja la piel grasa.<\/p>\n\n                            <\/div>\n                                            <\/div>\n                <\/div>\n            <\/div>\n        \n    <\/div>\n<\/div>\n[\/vc_column][\/vc_row][vc_row full_width=&#8221;stretch_row_content_no_spaces&#8221; el_class=&#8221;text-align-center&#8221;][vc_column]<div class=\"container\">\n\t<div class=\"usability-tips-and-secrets-module desktop--only--md\">\n\n\t\t<div class=\"usability-tips-and-secrets-module-content-wrapper full-width-container\">\n\n\t\t\t\n\t\t\t\t\t\t\t<div class=\"usability-tips-and-secrets-module-content usability-tips-and-secrets-module-content--bordered margin-top-between-modules\">\n\t\t\t\t\t\t\t\t\t\t\t<h2 class=\"uppercase black\">C&oacute;mo utilizar<\/h2>\n\t\t\t\t\t\n\t\t\t\t\t\t\t\t\t\t\t<p>Cuero cabelludo: para quienes sufren sensibilidad, picores e irritaci\u00f3n, recomendamos masajear este aceite en el cuero cabelludo media hora antes de lavarse el pelo, ya que es un aceite puro y se elimina por completo al lavarlo. Tambi\u00e9n puede utilizarse a diario sin necesidad de lavarse. Ayuda a regenerar, curar, nutrir y calmar la piel del cuero cabelludo.  <\/p>\n<p>Piel: debe aplicarse en peque\u00f1as cantidades y masajearse bien. Puede utilizarse para minimizar estr\u00edas, manchas, cicatrices cerradas y rojeces. <\/p>\n<p>U\u00f1as: puede aplicarse a las u\u00f1as quebradizas y d\u00e9biles. Ayuda a nutrirlas y regenerarlas. <\/p>\n<p>Nota: En caso de duda, consulta a tu m\u00e9dico.<\/p>\n\n\t\t\t\t\t\t\t\t\t<\/div>\n\t\t\t\n\t\t\t\t\t<\/div>\n\t<\/div>\n\n\t\n\t\t\t<div class=\"accordion accordion-successive  js-accordion not-found mobile--only--md usability-tips-and-secrets-module text-align-center margin-top-between-modules back_color\">\n\t\t\t<div class=\"accordion-container\">\n\t\t\t\t<div class=\"accordion-question space-between\">\n\t\t\t\t\t\t\t\t\t\t\t<h3 class=\"accordion-question-title uppercase back_color\">\n\t\t\t\t\t\t\tC&oacute;mo utilizar\n\t\t\t\t\t\t<\/h3>\n\t\t\t\t\t\n\t\t\t\t\t<span class=\"accordion-arrow back_color\">&emsp;<\/span>\n\t\t\t\t<\/div>\n\t\t\t\t<div class=\"accordion-answer\">\n\t\t\t\t\t\t\t\t\t\t\t<div class=\"usability-tips-and-secrets-module-content\">\n\t\t\t\t\t\t\t<p>Cuero cabelludo: para quienes sufren sensibilidad, picores e irritaci\u00f3n, recomendamos masajear este aceite en el cuero cabelludo media hora antes de lavarse el pelo, ya que es un aceite puro y se elimina por completo al lavarlo. Tambi\u00e9n puede utilizarse a diario sin necesidad de lavarse. Ayuda a regenerar, curar, nutrir y calmar la piel del cuero cabelludo.  <\/p>\n<p>Piel: debe aplicarse en peque\u00f1as cantidades y masajearse bien. Puede utilizarse para minimizar estr\u00edas, manchas, cicatrices cerradas y rojeces. <\/p>\n<p>U\u00f1as: puede aplicarse a las u\u00f1as quebradizas y d\u00e9biles. Ayuda a nutrirlas y regenerarlas. <\/p>\n<p>Nota: En caso de duda, consulta a tu m\u00e9dico.<\/p>\n\n\t\t\t\t\t\t<\/div>\n\t\t\t\t\t\t\t\t\t<\/div>\n\t\t\t<\/div>\n\t\t<\/div>\n\t\n\t<\/div>\n[\/vc_column][\/vc_row][vc_row full_width=&#8221;stretch_row_content_no_spaces&#8221; el_class=&#8221;text-align-center&#8221;][vc_column]<div class=\"container \">\n\n    <div class=\"content-default-module text-align-center margin-top-between-modules\n        \n        \n        \n        \n        \n        \n        desktop--only--md\"\n        style=\"margin-bottom: 0px;\"\n    >\n\n                <div class=\"content-default-module-titles\">\n                            <h2 class=\"content-default-module-title uppercase black\">Consejos y secretos<\/h2>\n            \n                    <\/div>\n        \n                    <div class=\"content-default-module-content\">\n                <p>Para el tratamiento del cuero cabelludo en particular, recomendamos aplicar este aceite en tres tratamientos Avani Professional:<\/p>\n<p>1 &#8211; <a href=\"https:\/\/www.avani.pt\/es\/p\/aceite-capilar-nutricion-del-cuero-cabelludo-cuidado-capilar-de-lujo\/\">Aceite capilar <\/a> &#8211; tiene como objetivo nutrir e hidratar el cuero cabelludo, reduciendo la deshidrataci\u00f3n y fortaleciendo el cabello.<\/p>\n<p>2 &#8211; Cuero cabelludo <a href=\"https:\/\/www.avani.pt\/es\/p\/cuero-cabelludo-sensible-cuidado-capilar-de-lujo\/\">sensible <\/a>&#8211; ritual especial equilibrante para calmar e hidratar el cuero cabelludo.<\/p>\n<p>3 &#8211; <a href=\"https:\/\/www.avani.pt\/es\/p\/cuero-cabelludo-extremadamente-seco-cuidado-capilar-de-lujo\/\">Cuero cabelludo extremadamente seco &#8211; <\/a>ayuda a nutrir en profundidad el cuero cabelludo.<\/p>\n\n            <\/div>\n        \n        \n        \n\n        \n\n\n    <\/div>\n\n\n            <div class=\"accordion accordion-successive   js-accordion not-found mobile--only--md content-default-module text-align-center margin-top-between-modules back_color\">\n            <div class=\"accordion-container\">\n                <div class=\"accordion-question space-between\">\n                                            <h3 class=\"accordion-question-title uppercase back_color\">\n                            Consejos y secretos\n                        <\/h3>\n                                        <span class=\"accordion-arrow back_color\">&emsp;<\/span>\n                <\/div>\n                <div class=\"accordion-answer\">\n                    \n                                            <div class=\"content-default-module-content\">\n                            <p>Para el tratamiento del cuero cabelludo en particular, recomendamos aplicar este aceite en tres tratamientos Avani Professional:<\/p>\n<p>1 &#8211; <a href=\"https:\/\/www.avani.pt\/es\/p\/aceite-capilar-nutricion-del-cuero-cabelludo-cuidado-capilar-de-lujo\/\">Aceite capilar <\/a> &#8211; tiene como objetivo nutrir e hidratar el cuero cabelludo, reduciendo la deshidrataci\u00f3n y fortaleciendo el cabello.<\/p>\n<p>2 &#8211; Cuero cabelludo <a href=\"https:\/\/www.avani.pt\/es\/p\/cuero-cabelludo-sensible-cuidado-capilar-de-lujo\/\">sensible <\/a>&#8211; ritual especial equilibrante para calmar e hidratar el cuero cabelludo.<\/p>\n<p>3 &#8211; <a href=\"https:\/\/www.avani.pt\/es\/p\/cuero-cabelludo-extremadamente-seco-cuidado-capilar-de-lujo\/\">Cuero cabelludo extremadamente seco &#8211; <\/a>ayuda a nutrir en profundidad el cuero cabelludo.<\/p>\n\n                        <\/div>\n                    \n                    \n                                    <\/div>\n            <\/div>\n        <\/div>\n    \n<\/div>\n<div class=\"container \">\n\n    <div class=\"content-default-module text-align-center margin-top-between-modules\n        \n        \n        \n        \n        \n        \n        desktop--only--md\"\n        style=\"margin-bottom: 0px;\"\n    >\n\n                <div class=\"content-default-module-titles\">\n                            <h2 class=\"content-default-module-title uppercase black\">Composici&oacute;n<\/h2>\n            \n                    <\/div>\n        \n                    <div class=\"content-default-module-content\">\n                <p><strong>Aceite de rosa mosqueta 100% puro ecol\u00f3gico |<\/strong> El aceite de rosa mosqueta procede de rosas silvestres que pertenecen a la familia de las &#8220;Ros\u00e1ceas&#8221;. Crece en Europa y tambi\u00e9n en otras partes del mundo de clima m\u00e1s templado. El arbusto se encuentra en setos, matorrales o al borde de bosques dispersos. Tras la floraci\u00f3n, la rosa mosqueta produce su fruto en forma de escaramujos rojos. El aceite de semilla de rosa mosqueta procede de este fruto y tambi\u00e9n puede denominarse aceite de rosa silvestre. No debe confundirse con el aceite esencial perfumado de rosa que se extrae de las flores. El aceite de semilla de rosa mosqueta, en cambio, es un aceite graso que procede de las semillas de rosa mosqueta. Las semillas secas de rosa mosqueta se prensan suavemente en fr\u00edo para mantener sus caracter\u00edsticas naturales. El aceite de rosa mosqueta Avani es ecol\u00f3gico, se absorbe muy f\u00e1cilmente, tiene un color naranja\/amarillo y un olor natural del propio ingrediente, sin perfumes sint\u00e9ticos, por lo que puede tener un aroma ligeramente crudo y a nuez. Este aceite de semilla de rosa mosqueta ecol\u00f3gico es rico en \u00e1cidos grasos esenciales, alrededor del 80%, correspondientes al \u00e1cido linoleico (entre el 43% y el 49%) del grupo omega 6, al \u00e1cido alfa-linol\u00e9nico (entre el 32% y el 38%) del grupo omega 3 y al \u00e1cido oleico (entre el 14% y el 16%). Tambi\u00e9n tiene peque\u00f1as cantidades de \u00e1cidos grasos saturados, como el \u00e1cido palm\u00edtico (entre el 3% y el 5%), \u00e1cido palmitoleico (entre el 0,1 y el 5 por ciento), \u00e1cido este\u00e1rico (entre el 1 y el 5 por ciento), otros \u00e1cidos grasos como el \u00e1cido l\u00e1urico, mir\u00edstico, araquid\u00f3nico, gadol\u00e9nico y benzoico, pero es su alto contenido en \u00e1cido trans-retinoico y tretino\u00edna el responsable de sus propiedades regeneradoras, por lo que este producto se utiliza mucho para ayudar a regenerar las cicatrices de la piel. Al ser prensado en fr\u00edo y ecol\u00f3gico, este aceite posee todas estas caracter\u00edsticas innatas.<\/p>\n\n            <\/div>\n        \n        \n        \n\n        \n\n\n    <\/div>\n\n\n            <div class=\"accordion accordion-successive   js-accordion not-found mobile--only--md content-default-module text-align-center margin-top-between-modules back_color\">\n            <div class=\"accordion-container\">\n                <div class=\"accordion-question space-between\">\n                                            <h3 class=\"accordion-question-title uppercase back_color\">\n                            Composici&oacute;n\n                        <\/h3>\n                                        <span class=\"accordion-arrow back_color\">&emsp;<\/span>\n                <\/div>\n                <div class=\"accordion-answer\">\n                    \n                                            <div class=\"content-default-module-content\">\n                            <p><strong>Aceite de rosa mosqueta 100% puro ecol\u00f3gico |<\/strong> El aceite de rosa mosqueta procede de rosas silvestres que pertenecen a la familia de las &#8220;Ros\u00e1ceas&#8221;. Crece en Europa y tambi\u00e9n en otras partes del mundo de clima m\u00e1s templado. El arbusto se encuentra en setos, matorrales o al borde de bosques dispersos. Tras la floraci\u00f3n, la rosa mosqueta produce su fruto en forma de escaramujos rojos. El aceite de semilla de rosa mosqueta procede de este fruto y tambi\u00e9n puede denominarse aceite de rosa silvestre. No debe confundirse con el aceite esencial perfumado de rosa que se extrae de las flores. El aceite de semilla de rosa mosqueta, en cambio, es un aceite graso que procede de las semillas de rosa mosqueta. Las semillas secas de rosa mosqueta se prensan suavemente en fr\u00edo para mantener sus caracter\u00edsticas naturales. El aceite de rosa mosqueta Avani es ecol\u00f3gico, se absorbe muy f\u00e1cilmente, tiene un color naranja\/amarillo y un olor natural del propio ingrediente, sin perfumes sint\u00e9ticos, por lo que puede tener un aroma ligeramente crudo y a nuez. Este aceite de semilla de rosa mosqueta ecol\u00f3gico es rico en \u00e1cidos grasos esenciales, alrededor del 80%, correspondientes al \u00e1cido linoleico (entre el 43% y el 49%) del grupo omega 6, al \u00e1cido alfa-linol\u00e9nico (entre el 32% y el 38%) del grupo omega 3 y al \u00e1cido oleico (entre el 14% y el 16%). Tambi\u00e9n tiene peque\u00f1as cantidades de \u00e1cidos grasos saturados, como el \u00e1cido palm\u00edtico (entre el 3% y el 5%), \u00e1cido palmitoleico (entre el 0,1 y el 5 por ciento), \u00e1cido este\u00e1rico (entre el 1 y el 5 por ciento), otros \u00e1cidos grasos como el \u00e1cido l\u00e1urico, mir\u00edstico, araquid\u00f3nico, gadol\u00e9nico y benzoico, pero es su alto contenido en \u00e1cido trans-retinoico y tretino\u00edna el responsable de sus propiedades regeneradoras, por lo que este producto se utiliza mucho para ayudar a regenerar las cicatrices de la piel. Al ser prensado en fr\u00edo y ecol\u00f3gico, este aceite posee todas estas caracter\u00edsticas innatas.<\/p>\n\n                        <\/div>\n                    \n                    \n                                    <\/div>\n            <\/div>\n        <\/div>\n    \n<\/div>\n<div class=\"container \">\n\n    <div class=\"content-default-module text-align-center margin-top-between-modules\n        \n        \n        \n        \n        \n        \n        desktop--only--md\"\n        style=\"margin-bottom: 0px;\"\n    >\n\n                <div class=\"content-default-module-titles\">\n                            <h2 class=\"content-default-module-title uppercase black\">Ingredientes<\/h2>\n            \n                    <\/div>\n        \n                    <div class=\"content-default-module-content\">\n                <p>Aceite de Fruta Rosa Canina.<\/p>\n\n            <\/div>\n        \n        \n        \n\n        \n\n\n    <\/div>\n\n\n            <div class=\"accordion accordion-successive   js-accordion not-found mobile--only--md content-default-module text-align-center margin-top-between-modules back_color\">\n            <div class=\"accordion-container\">\n                <div class=\"accordion-question space-between\">\n                                            <h3 class=\"accordion-question-title uppercase back_color\">\n                            Ingredientes\n                        <\/h3>\n                                        <span class=\"accordion-arrow back_color\">&emsp;<\/span>\n                <\/div>\n                <div class=\"accordion-answer\">\n                    \n                                            <div class=\"content-default-module-content\">\n                            <p>Aceite de Fruta Rosa Canina.<\/p>\n\n                        <\/div>\n                    \n                    \n                                    <\/div>\n            <\/div>\n        <\/div>\n    \n<\/div>\n[\/vc_column][\/vc_row][vc_row][vc_column][vc_column_text]<\/p>\n<p>[\/vc_column_text][\/vc_column][\/vc_row]<\/p>\n<\/div>","protected":false},"excerpt":{"rendered":"<p>Extra\u00eddo en fr\u00edo de la semilla de la rosa rubiginosa conservando todas sus propiedades originales. 100% puro de fuentes org\u00e1nicas. Rica en \u00e1cidos grasos esenciales con propiedades regeneradoras. Utilizado tradicionalmente en cualquier parte del cuerpo, incluido el cuero cabelludo, para ayudar a eliminar manchas y cicatrizar. Puede utilizarse regularmente.    <\/p>\n<p>&nbsp;<\/p>\n","protected":false},"featured_media":76382,"comment_status":"open","ping_status":"closed","template":"","meta":{"_acf_changed":false},"product_brand":[],"product_cat":[544,539,554,558,540,555,541,643,538,491,552,492,553,550,730,548,556,557,545,547,549,543,546,448,483,551,559,542,156],"product_tag":[],"class_list":{"0":"post-78136","1":"product","2":"type-product","3":"status-publish","4":"has-post-thumbnail","6":"product_cat-aceite-corporal","7":"product_cat-aceites-capilares","8":"product_cat-aceites-puros","9":"product_cat-acne-antifacial","10":"product_cat-antiarrugas-y-reafirmante-facial","11":"product_cat-antiestrias","12":"product_cat-antimanchas-faciales","13":"product_cat-cara-2","14":"product_cat-cara","15":"product_cat-cuerpo","16":"product_cat-cuidado-corporal","17":"product_cat-cuidado-de-las-manos","18":"product_cat-cuidado-de-manos-y-pies","19":"product_cat-cuidado-facial","20":"product_cat-tematica-otono-rostro","21":"product_cat-estrias","22":"product_cat-facial-antiarrugas","23":"product_cat-facial-antimanchas","24":"product_cat-firmeza-y-elasticidad","25":"product_cat-hidratante","26":"product_cat-manchas","27":"product_cat-piel-seca-y-deshidratada","28":"product_cat-piel-seca-y-envejecida","29":"product_cat-problemas-del-cuero-cabelludo","30":"product_cat-productos-cabello","31":"product_cat-productos-cuerpo","32":"product_cat-rangos-cara","33":"product_cat-tratamiento-del-acne","34":"product_cat-cabelo","36":"first","37":"instock","38":"taxable","39":"shipping-taxable","40":"purchasable","41":"product-type-simple"},"acf":[],"wooqr_code":"","_links":{"self":[{"href":"https:\/\/www.avani.pt\/es\/wp-json\/wp\/v2\/product\/78136","targetHints":{"allow":["GET"]}}],"collection":[{"href":"https:\/\/www.avani.pt\/es\/wp-json\/wp\/v2\/product"}],"about":[{"href":"https:\/\/www.avani.pt\/es\/wp-json\/wp\/v2\/types\/product"}],"replies":[{"embeddable":true,"href":"https:\/\/www.avani.pt\/es\/wp-json\/wp\/v2\/comments?post=78136"}],"wp:featuredmedia":[{"embeddable":true,"href":"https:\/\/www.avani.pt\/es\/wp-json\/wp\/v2\/media\/76382"}],"wp:attachment":[{"href":"https:\/\/www.avani.pt\/es\/wp-json\/wp\/v2\/media?parent=78136"}],"wp:term":[{"taxonomy":"product_brand","embeddable":true,"href":"https:\/\/www.avani.pt\/es\/wp-json\/wp\/v2\/product_brand?post=78136"},{"taxonomy":"product_cat","embeddable":true,"href":"https:\/\/www.avani.pt\/es\/wp-json\/wp\/v2\/product_cat?post=78136"},{"taxonomy":"product_tag","embeddable":true,"href":"https:\/\/www.avani.pt\/es\/wp-json\/wp\/v2\/product_tag?post=78136"}],"curies":[{"name":"wp","href":"https:\/\/api.w.org\/{rel}","templated":true}]}}