{"id":78140,"date":"2018-10-22T09:04:54","date_gmt":"2018-10-22T08:04:54","guid":{"rendered":"https:\/\/www.avani.pt\/p\/cabello-fino-natural-y-seco-secretos-de-la-india-cuidado-capilar-de-lujo\/"},"modified":"2026-01-31T10:39:17","modified_gmt":"2026-01-31T10:39:17","slug":"cabello-fino-natural-y-seco-secretos-de-la-india-cuidado-capilar-de-lujo","status":"publish","type":"product","link":"https:\/\/www.avani.pt\/es\/p\/cabello-fino-natural-y-seco-secretos-de-la-india-cuidado-capilar-de-lujo\/","title":{"rendered":"Cabello fino natural y seco | Secretos de la India | Cuidado capilar de lujo"},"content":{"rendered":"<div class=\"wpb-content-wrapper\"><p>[vc_row full_width=&#8221;stretch_row_content_no_spaces&#8221; el_class=&#8221;text-align-center&#8221;][vc_column]<div class=\"stars-of-product-module-wrapper margin-top-between-modules\">\n    <img decoding=\"async\" class=\"stars-of-product-module-left-image-design\" src=\"\/dist\/images\/stars_product_module_design.png\">\n    <img decoding=\"async\" class=\"stars-of-product-module-right-image-design\" src=\"\/dist\/images\/stars_product_module_design.png\">\n\n    <div class=\"container\">\n\n        <div class=\"stars-of-product-module text-align-center  desktop--only--md\">\n\n                            <div class=\"star-rating\">\n                                            <i class=\"fa fa-star\"><\/i>\n                                            <i class=\"fa fa-star\"><\/i>\n                                            <i class=\"fa fa-star\"><\/i>\n                                            <i class=\"fa fa-star\"><\/i>\n                                            <i class=\"fa fa-star\"><\/i>\n                                    <\/div>\n            \n                            <div class=\"stars-of-product-module-titles\">\n                                            <h2 class=\"stars-of-product-module-title black uppercase back_color\">Las estrellas del producto<\/h2>\n                                    <\/div>\n            \n                            <div class=\"stars-of-product-module-content\">\n                    <p>El mayor dilema del cabello fino, natural y seco es nutrirlo sin apelmazarlo. Este tratamiento se ha estudiado y probado de forma muy meticulosa, y los productos elegidos contribuyen a un cabello m\u00e1s fuerte, nutrido y suave, \u00a1que brilla con salud! Los clientes afirman que los resultados se notan desde las primeras aplicaciones. Incluye el <strong>Champ\u00fa Vitaminado<\/strong> Cabello Indio, que contribuye a la salud general del cabello, desde el cuero cabelludo hasta las puntas; la <strong>Mascarilla Capilar Nutritiva Ligera<\/strong>, especial para cabellos finos, que nutre el cabello sin dejarlo pastoso; el <strong>Acondicionador<\/strong> <strong>Vitaminado<\/strong> Cabello <strong>Indio<\/strong> para aplicar en medios y puntas, que hidrata y previene la rotura del cabello; <strong>el T\u00f3nico Capilar Vitaminado Cabello Indio<\/strong>, que fortalece y combate la ca\u00edda del cabello; y <b>el Aceite Prana <\/b>, rico en numerosos aceites naturales, que ayuda a nutrir los medios y las puntas del cabello, proporcionando salud visible, adem\u00e1s de protecci\u00f3n, fuerza y resistencia.<\/p>\n\n                <\/div>\n            \n        <\/div>\n\n\n                    <div class=\"accordion   accordion-successive-first js-accordion not-found mobile--only--md stars-of-product-module text-align-center margin-top-between-modules back_color\">\n                <div class=\"accordion-container\">\n                    <div class=\"accordion-question space-between\">\n                                                    <h3 class=\"accordion-question-title uppercase back_color\">\n                                Las estrellas del producto\n                            <\/h3>\n                                                <span class=\"accordion-arrow back_color\">&emsp;<\/span>\n                    <\/div>\n                    <div class=\"accordion-answer\">\n\n                                                    <div class=\"star-rating\">\n                                                                    <i class=\"fa fa-star\"><\/i>\n                                                                    <i class=\"fa fa-star\"><\/i>\n                                                                    <i class=\"fa fa-star\"><\/i>\n                                                                    <i class=\"fa fa-star\"><\/i>\n                                                                    <i class=\"fa fa-star\"><\/i>\n                                                            <\/div>\n                        \n                                                    <div class=\"stars-of-product-module-content\">\n                                <p>El mayor dilema del cabello fino, natural y seco es nutrirlo sin apelmazarlo. Este tratamiento se ha estudiado y probado de forma muy meticulosa, y los productos elegidos contribuyen a un cabello m\u00e1s fuerte, nutrido y suave, \u00a1que brilla con salud! Los clientes afirman que los resultados se notan desde las primeras aplicaciones. Incluye el <strong>Champ\u00fa Vitaminado<\/strong> Cabello Indio, que contribuye a la salud general del cabello, desde el cuero cabelludo hasta las puntas; la <strong>Mascarilla Capilar Nutritiva Ligera<\/strong>, especial para cabellos finos, que nutre el cabello sin dejarlo pastoso; el <strong>Acondicionador<\/strong> <strong>Vitaminado<\/strong> Cabello <strong>Indio<\/strong> para aplicar en medios y puntas, que hidrata y previene la rotura del cabello; <strong>el T\u00f3nico Capilar Vitaminado Cabello Indio<\/strong>, que fortalece y combate la ca\u00edda del cabello; y <b>el Aceite Prana <\/b>, rico en numerosos aceites naturales, que ayuda a nutrir los medios y las puntas del cabello, proporcionando salud visible, adem\u00e1s de protecci\u00f3n, fuerza y resistencia.<\/p>\n\n                            <\/div>\n                                            <\/div>\n                <\/div>\n            <\/div>\n        \n    <\/div>\n<\/div>\n[\/vc_column][\/vc_row][vc_row full_width=&#8221;stretch_row_content_no_spaces&#8221; el_class=&#8221;text-align-center&#8221;][vc_column]<div class=\"container\">\n\t<div class=\"usability-tips-and-secrets-module desktop--only--md\">\n\n\t\t<div class=\"usability-tips-and-secrets-module-content-wrapper full-width-container\">\n\n\t\t\t\n\t\t\t\t\t\t\t<div class=\"usability-tips-and-secrets-module-content usability-tips-and-secrets-module-content--bordered margin-top-between-modules\">\n\t\t\t\t\t\t\t\t\t\t\t<h2 class=\"uppercase black\">C&oacute;mo utilizar<\/h2>\n\t\t\t\t\t\n\t\t\t\t\t\t\t\t\t\t\t<p>1) Masajea continuamente el Champ\u00fa en el cuero cabelludo con las yemas de los dedos hasta que lo notes limpio;<br \/>\n2) Aclara abundantemente;<br \/>\n3) Repite el procedimiento;<br \/>\n4) Tras eliminar el exceso de agua, aplica la Mascarilla mech\u00f3n a mech\u00f3n;<br \/>\n5) Deja actuar al menos 4 minutos;<br \/>\n6) Aplica el Acondicionador en las puntas para un sellado perfecto;<br \/>\n7) Deja actuar durante un minuto;<br \/>\n8) Aclara abundantemente;<br \/>\n9) Aplica dos pulverizaciones del T\u00f3nico y masajea bien con las yemas de los dedos por todo el cuero cabelludo.<br \/>\n10) Pon una cantidad de Aceite Prana del tama\u00f1o de un guisante en la palma de las manos. Exti\u00e9ndelo bien como si fuera una crema de manos. Distrib\u00fayelo por el cabello, insistiendo en los medios y las puntas. Es preferible aplicarlo una vez al d\u00eda sobre el cabello seco. Si utilizas herramientas de calor, aplica el aceite al final del procedimiento.    <\/p>\n\n\t\t\t\t\t\t\t\t\t<\/div>\n\t\t\t\n\t\t\t\t\t<\/div>\n\t<\/div>\n\n\t\t\t<div class=\"mobile--only--md usability-tips-and-secrets-module text-align-center margin-top-between-modules usability-tips-and-secrets-module-video\">\n\t\t\t\t\t<\/div>\n\t\n\t\t\t<div class=\"accordion accordion-successive  js-accordion not-found mobile--only--md usability-tips-and-secrets-module text-align-center margin-top-between-modules back_color\">\n\t\t\t<div class=\"accordion-container\">\n\t\t\t\t<div class=\"accordion-question space-between\">\n\t\t\t\t\t\t\t\t\t\t\t<h3 class=\"accordion-question-title uppercase back_color\">\n\t\t\t\t\t\t\tC&oacute;mo utilizar\n\t\t\t\t\t\t<\/h3>\n\t\t\t\t\t\n\t\t\t\t\t<span class=\"accordion-arrow back_color\">&emsp;<\/span>\n\t\t\t\t<\/div>\n\t\t\t\t<div class=\"accordion-answer\">\n\t\t\t\t\t\t\t\t\t\t\t<div class=\"usability-tips-and-secrets-module-content\">\n\t\t\t\t\t\t\t<p>1) Masajea continuamente el Champ\u00fa en el cuero cabelludo con las yemas de los dedos hasta que lo notes limpio;<br \/>\n2) Aclara abundantemente;<br \/>\n3) Repite el procedimiento;<br \/>\n4) Tras eliminar el exceso de agua, aplica la Mascarilla mech\u00f3n a mech\u00f3n;<br \/>\n5) Deja actuar al menos 4 minutos;<br \/>\n6) Aplica el Acondicionador en las puntas para un sellado perfecto;<br \/>\n7) Deja actuar durante un minuto;<br \/>\n8) Aclara abundantemente;<br \/>\n9) Aplica dos pulverizaciones del T\u00f3nico y masajea bien con las yemas de los dedos por todo el cuero cabelludo.<br \/>\n10) Pon una cantidad de Aceite Prana del tama\u00f1o de un guisante en la palma de las manos. Exti\u00e9ndelo bien como si fuera una crema de manos. Distrib\u00fayelo por el cabello, insistiendo en los medios y las puntas. Es preferible aplicarlo una vez al d\u00eda sobre el cabello seco. Si utilizas herramientas de calor, aplica el aceite al final del procedimiento.    <\/p>\n\n\t\t\t\t\t\t<\/div>\n\t\t\t\t\t\t\t\t\t<\/div>\n\t\t\t<\/div>\n\t\t<\/div>\n\t\n\t<\/div>\n[\/vc_column][\/vc_row][vc_row full_width=&#8221;stretch_row_content_no_spaces&#8221; el_class=&#8221;text-align-center&#8221;][vc_column]<div class=\"container \">\n\n    <div class=\"content-default-module text-align-center margin-top-between-modules\n        \n        \n        \n        \n        \n        \n        desktop--only--md\"\n        style=\"margin-bottom: 0px;\"\n    >\n\n                <div class=\"content-default-module-titles\">\n                            <h2 class=\"content-default-module-title uppercase black\">Consejos y secretos<\/h2>\n            \n                    <\/div>\n        \n                    <div class=\"content-default-module-content\">\n                <p>Si te secas el pelo, es importante que apliques un protector t\u00e9rmico: te recomendamos <a href=\"https:\/\/www.avani.pt\/es\/p\/ganesh-thermic-protector-uv-y-termico-leche-reparadora-y-antiencrespamiento-240ml\/\">Ganesh Thermic<\/a>, que adem\u00e1s de proteger la fibra, la hidrata y repara sin dejar el pelo apelmazado.<\/p>\n\n            <\/div>\n        \n        \n        \n\n        \n\n\n    <\/div>\n\n\n            <div class=\"accordion accordion-successive   js-accordion not-found mobile--only--md content-default-module text-align-center margin-top-between-modules back_color\">\n            <div class=\"accordion-container\">\n                <div class=\"accordion-question space-between\">\n                                            <h3 class=\"accordion-question-title uppercase back_color\">\n                            Consejos y secretos\n                        <\/h3>\n                                        <span class=\"accordion-arrow back_color\">&emsp;<\/span>\n                <\/div>\n                <div class=\"accordion-answer\">\n                    \n                                            <div class=\"content-default-module-content\">\n                            <p>Si te secas el pelo, es importante que apliques un protector t\u00e9rmico: te recomendamos <a href=\"https:\/\/www.avani.pt\/es\/p\/ganesh-thermic-protector-uv-y-termico-leche-reparadora-y-antiencrespamiento-240ml\/\">Ganesh Thermic<\/a>, que adem\u00e1s de proteger la fibra, la hidrata y repara sin dejar el pelo apelmazado.<\/p>\n\n                        <\/div>\n                    \n                    \n                                    <\/div>\n            <\/div>\n        <\/div>\n    \n<\/div>\n<div class=\"container \">\n\n    <div class=\"content-default-module text-align-center margin-top-between-modules\n        \n        \n        \n        \n        \n        \n        desktop--only--md\"\n        style=\"margin-bottom: 0px;\"\n    >\n\n                <div class=\"content-default-module-titles\">\n                            <h2 class=\"content-default-module-title uppercase black\">Detalles<\/h2>\n            \n                    <\/div>\n        \n                    <div class=\"content-default-module-content\">\n                <p><strong>Este tratamiento consiste en<\/strong><\/p>\n<p><a href=\"https:\/\/www.avani.pt\/es\/p\/tonico-capilar-fortificante-vitaminado-cabello-indio-100-ml-amla\/\">T\u00f3nico Capilar Fortificante con Vitaminas para Cabello Indio 100 ml<\/a><\/p>\n<p><a href=\"https:\/\/www.avani.pt\/es\/p\/champu-vitaminico-fortalecedor-del-cabello-de-la-india-250-ml-sin-sal\/\">Champ\u00fa Fortificante con Vitaminas para Cabello Indio 250 ml<\/a><\/p>\n<p><a href=\"https:\/\/www.avani.pt\/es\/p\/acondicionador-fortalecedor-indian-hair-vitaminado-250-ml-sin-sal\/\">Acondicionador vitam\u00ednico fortificante capilar indio 250 ml<\/a><\/p>\n<p><a href=\"https:\/\/www.avani.pt\/es\/p\/indian-hair-nutrition-mascarilla-telarana-500-ml-nutricion-ligera\/\">Indian Hair Nutrition Mascarilla Telara\u00f1a 500 ml | Nutrici\u00f3n Ligera<\/a><\/p>\n<p><a href=\"https:\/\/www.avani.pt\/es\/p\/aceite-prana-aceite-fortificante-para-cabello-fino-y-medio-115ml\/\">Aceite Prana | Aceite fortificante para cabello fino y medio | 115ml<\/a><\/p>\n\n            <\/div>\n        \n        \n        \n\n        \n\n\n    <\/div>\n\n\n            <div class=\"accordion accordion-successive   js-accordion not-found mobile--only--md content-default-module text-align-center margin-top-between-modules back_color\">\n            <div class=\"accordion-container\">\n                <div class=\"accordion-question space-between\">\n                                            <h3 class=\"accordion-question-title uppercase back_color\">\n                            Detalles\n                        <\/h3>\n                                        <span class=\"accordion-arrow back_color\">&emsp;<\/span>\n                <\/div>\n                <div class=\"accordion-answer\">\n                    \n                                            <div class=\"content-default-module-content\">\n                            <p><strong>Este tratamiento consiste en<\/strong><\/p>\n<p><a href=\"https:\/\/www.avani.pt\/es\/p\/tonico-capilar-fortificante-vitaminado-cabello-indio-100-ml-amla\/\">T\u00f3nico Capilar Fortificante con Vitaminas para Cabello Indio 100 ml<\/a><\/p>\n<p><a href=\"https:\/\/www.avani.pt\/es\/p\/champu-vitaminico-fortalecedor-del-cabello-de-la-india-250-ml-sin-sal\/\">Champ\u00fa Fortificante con Vitaminas para Cabello Indio 250 ml<\/a><\/p>\n<p><a href=\"https:\/\/www.avani.pt\/es\/p\/acondicionador-fortalecedor-indian-hair-vitaminado-250-ml-sin-sal\/\">Acondicionador vitam\u00ednico fortificante capilar indio 250 ml<\/a><\/p>\n<p><a href=\"https:\/\/www.avani.pt\/es\/p\/indian-hair-nutrition-mascarilla-telarana-500-ml-nutricion-ligera\/\">Indian Hair Nutrition Mascarilla Telara\u00f1a 500 ml | Nutrici\u00f3n Ligera<\/a><\/p>\n<p><a href=\"https:\/\/www.avani.pt\/es\/p\/aceite-prana-aceite-fortificante-para-cabello-fino-y-medio-115ml\/\">Aceite Prana | Aceite fortificante para cabello fino y medio | 115ml<\/a><\/p>\n\n                        <\/div>\n                    \n                    \n                                    <\/div>\n            <\/div>\n        <\/div>\n    \n<\/div>\n<div class=\"tip-products margin-top-between-modules default\">\n    <div class=\"container\">\n                    <h2 class=\"title\">\n                Comprar individualmente\n            <\/h2>\n        \n        \n        <div class=\"products-container\">\n                    <\/div>\n\n    <\/div>\n<\/div>\n[\/vc_column][\/vc_row]<\/p>\n<\/div>","protected":false},"excerpt":{"rendered":"<p>Compuesto por cinco productos. El cabello fino es naturalmente m\u00e1s fr\u00e1gil y, debido a sus caracter\u00edsticas naturales, es propenso a la grasa en las ra\u00edces, a la rotura del cabello y puede estar m\u00e1s seco en medios y puntas. Este tratamiento ha sido meticulosamente estudiado y los productos elegidos ayudan a reponer todos los elementos esenciales para la salud de este tipo de cabello.  <\/p>\n","protected":false},"featured_media":74616,"comment_status":"open","ping_status":"closed","template":"","meta":{"_acf_changed":false},"product_brand":[],"product_cat":[471,475,436,470,156],"product_tag":[],"class_list":{"0":"post-78140","1":"product","2":"type-product","3":"status-publish","4":"has-post-thumbnail","6":"product_cat-avani-en-exclusiva","7":"product_cat-cabello-fino-tratamientos-exclusivos-avani","8":"product_cat-cabello-seco-nutricion","9":"product_cat-tratamientos","10":"product_cat-cabelo","12":"first","13":"instock","14":"taxable","15":"shipping-taxable","16":"purchasable","17":"product-type-simple"},"acf":[],"wooqr_code":"","_links":{"self":[{"href":"https:\/\/www.avani.pt\/es\/wp-json\/wp\/v2\/product\/78140","targetHints":{"allow":["GET"]}}],"collection":[{"href":"https:\/\/www.avani.pt\/es\/wp-json\/wp\/v2\/product"}],"about":[{"href":"https:\/\/www.avani.pt\/es\/wp-json\/wp\/v2\/types\/product"}],"replies":[{"embeddable":true,"href":"https:\/\/www.avani.pt\/es\/wp-json\/wp\/v2\/comments?post=78140"}],"wp:featuredmedia":[{"embeddable":true,"href":"https:\/\/www.avani.pt\/es\/wp-json\/wp\/v2\/media\/74616"}],"wp:attachment":[{"href":"https:\/\/www.avani.pt\/es\/wp-json\/wp\/v2\/media?parent=78140"}],"wp:term":[{"taxonomy":"product_brand","embeddable":true,"href":"https:\/\/www.avani.pt\/es\/wp-json\/wp\/v2\/product_brand?post=78140"},{"taxonomy":"product_cat","embeddable":true,"href":"https:\/\/www.avani.pt\/es\/wp-json\/wp\/v2\/product_cat?post=78140"},{"taxonomy":"product_tag","embeddable":true,"href":"https:\/\/www.avani.pt\/es\/wp-json\/wp\/v2\/product_tag?post=78140"}],"curies":[{"name":"wp","href":"https:\/\/api.w.org\/{rel}","templated":true}]}}