{"id":78142,"date":"2018-10-26T12:29:24","date_gmt":"2018-10-26T11:29:24","guid":{"rendered":"https:\/\/www.avani.pt\/p\/champu-nutritivo-capilar-indio-500-ml-sin-sal\/"},"modified":"2026-01-08T11:57:27","modified_gmt":"2026-01-08T11:57:27","slug":"champu-nutritivo-capilar-indio-500-ml-sin-sal","status":"publish","type":"product","link":"https:\/\/www.avani.pt\/es\/p\/champu-nutritivo-capilar-indio-500-ml-sin-sal\/","title":{"rendered":"Champ\u00fa nutritivo capilar indio 500 ml | Sin sal"},"content":{"rendered":"","protected":false},"excerpt":{"rendered":"<p>Champ\u00fa nutritivo ligero con propiedades fortalecedoras, enriquecido con extracto de Ginkgo Biloba, Amla, aceite de Arg\u00e1n, Aloe vera, ceramidas y D-pantenol. Eficaz para todo tipo de cabellos, especialmente los m\u00e1s necesitados de nutrici\u00f3n. <\/p>\n","protected":false},"featured_media":76218,"comment_status":"open","ping_status":"closed","template":"","meta":{"_acf_changed":false},"product_brand":[],"product_cat":[437,441,465,436,433,502,445,503,501,156],"product_tag":[],"class_list":{"0":"post-78142","1":"product","2":"type-product","3":"status-publish","4":"has-post-thumbnail","6":"product_cat-aceite-de-argan","7":"product_cat-amla","8":"product_cat-atencion","9":"product_cat-cabello-seco-nutricion","10":"product_cat-champus","11":"product_cat-linea-spa-capilar","12":"product_cat-nutricion-capilar-india-nutricion-versatil","13":"product_cat-productos-linea-spa","14":"product_cat-profesional","15":"product_cat-cabelo","17":"first","18":"instock","19":"taxable","20":"shipping-taxable","21":"purchasable","22":"product-type-simple"},"acf":[],"wooqr_code":"","_links":{"self":[{"href":"https:\/\/www.avani.pt\/es\/wp-json\/wp\/v2\/product\/78142","targetHints":{"allow":["GET"]}}],"collection":[{"href":"https:\/\/www.avani.pt\/es\/wp-json\/wp\/v2\/product"}],"about":[{"href":"https:\/\/www.avani.pt\/es\/wp-json\/wp\/v2\/types\/product"}],"replies":[{"embeddable":true,"href":"https:\/\/www.avani.pt\/es\/wp-json\/wp\/v2\/comments?post=78142"}],"wp:featuredmedia":[{"embeddable":true,"href":"https:\/\/www.avani.pt\/es\/wp-json\/wp\/v2\/media\/76218"}],"wp:attachment":[{"href":"https:\/\/www.avani.pt\/es\/wp-json\/wp\/v2\/media?parent=78142"}],"wp:term":[{"taxonomy":"product_brand","embeddable":true,"href":"https:\/\/www.avani.pt\/es\/wp-json\/wp\/v2\/product_brand?post=78142"},{"taxonomy":"product_cat","embeddable":true,"href":"https:\/\/www.avani.pt\/es\/wp-json\/wp\/v2\/product_cat?post=78142"},{"taxonomy":"product_tag","embeddable":true,"href":"https:\/\/www.avani.pt\/es\/wp-json\/wp\/v2\/product_tag?post=78142"}],"curies":[{"name":"wp","href":"https:\/\/api.w.org\/{rel}","templated":true}]}}