{"id":78146,"date":"2018-10-25T09:01:02","date_gmt":"2018-10-25T08:01:02","guid":{"rendered":"https:\/\/www.avani.pt\/p\/champu-black-platinum-pro-250-ml-neutralizante-de-amarillos-y-grises\/"},"modified":"2025-10-21T12:04:23","modified_gmt":"2025-10-21T11:04:23","slug":"champu-black-platinum-pro-250-ml-neutralizante-de-amarillos-y-grises","status":"publish","type":"product","link":"https:\/\/www.avani.pt\/es\/p\/champu-black-platinum-pro-250-ml-neutralizante-de-amarillos-y-grises\/","title":{"rendered":"Champ\u00fa Black Platinum Pro 250 ml | Neutralizante de Amarillos y Grises"},"content":{"rendered":"<div class=\"wpb-content-wrapper\"><p>[vc_row full_width=&#8221;stretch_row_content_no_spaces&#8221; el_class=&#8221;text-align-center&#8221;][vc_column]<div class=\"stars-of-product-module-wrapper margin-top-between-modules\">\n    <img decoding=\"async\" class=\"stars-of-product-module-left-image-design\" src=\"\/dist\/images\/stars_product_module_design.png\">\n    <img decoding=\"async\" class=\"stars-of-product-module-right-image-design\" src=\"\/dist\/images\/stars_product_module_design.png\">\n\n    <div class=\"container\">\n\n        <div class=\"stars-of-product-module text-align-center  desktop--only--md\">\n\n                            <div class=\"star-rating\">\n                                            <i class=\"fa fa-star\"><\/i>\n                                            <i class=\"fa fa-star\"><\/i>\n                                            <i class=\"fa fa-star\"><\/i>\n                                            <i class=\"fa fa-star\"><\/i>\n                                            <i class=\"fa fa-star\"><\/i>\n                                    <\/div>\n            \n                            <div class=\"stars-of-product-module-titles\">\n                                            <h2 class=\"stars-of-product-module-title black uppercase back_color\">Las estrellas del producto<\/h2>\n                                    <\/div>\n            \n                            <div class=\"stars-of-product-module-content\">\n                    <p>Champ\u00fa neutralizador de canas y amarillos vegano que limpia suavemente el cabello. Proporciona un color platino bonito, uniforme y duradero, y deja el pelo suave, sedoso y manejable. Es adecuado para cabellos rubios naturales, decolorados y grises con oxidaci\u00f3n intensa (trabajo t\u00e9cnico o exposici\u00f3n al sol). Muy recomendado por los profesionales del sector. Olor adictivo.    <\/p>\n\n                <\/div>\n            \n        <\/div>\n\n\n                    <div class=\"accordion   accordion-successive-first js-accordion not-found mobile--only--md stars-of-product-module text-align-center margin-top-between-modules back_color\">\n                <div class=\"accordion-container\">\n                    <div class=\"accordion-question space-between\">\n                                                    <h3 class=\"accordion-question-title uppercase back_color\">\n                                As Estrelas do Produto\n                            <\/h3>\n                                                <span class=\"accordion-arrow back_color\">&emsp;<\/span>\n                    <\/div>\n                    <div class=\"accordion-answer\">\n\n                                                    <div class=\"star-rating\">\n                                                                    <i class=\"fa fa-star\"><\/i>\n                                                                    <i class=\"fa fa-star\"><\/i>\n                                                                    <i class=\"fa fa-star\"><\/i>\n                                                                    <i class=\"fa fa-star\"><\/i>\n                                                                    <i class=\"fa fa-star\"><\/i>\n                                                            <\/div>\n                        \n                                                    <div class=\"stars-of-product-module-content\">\n                                <p>Champ\u00fa neutralizador de canas y amarillos vegano que limpia suavemente el cabello. Proporciona un color platino bonito, uniforme y duradero, y deja el pelo suave, sedoso y manejable. Es adecuado para cabellos rubios naturales, decolorados y grises con oxidaci\u00f3n intensa (trabajo t\u00e9cnico o exposici\u00f3n al sol). Muy recomendado por los profesionales del sector. Olor adictivo.    <\/p>\n\n                            <\/div>\n                                            <\/div>\n                <\/div>\n            <\/div>\n        \n    <\/div>\n<\/div>\n[\/vc_column][\/vc_row][vc_row full_width=&#8221;stretch_row_content_no_spaces&#8221; el_class=&#8221;text-align-center&#8221;][vc_column]<div class=\"container\">\n\t<div class=\"usability-tips-and-secrets-module desktop--only--md\">\n\n\t\t<div class=\"usability-tips-and-secrets-module-content-wrapper full-width-container\">\n\n\t\t\t\n\t\t\t\t\t\t\t<div class=\"usability-tips-and-secrets-module-content usability-tips-and-secrets-module-content--bordered margin-top-between-modules\">\n\t\t\t\t\t\t\t\t\t\t\t<h2 class=\"uppercase black\">Como usar<\/h2>\n\t\t\t\t\t\n\t\t\t\t\t\t\t\t\t\t\t<p>Aplicar nos cabelos molhados com massagem. Enxaguar. Repetir a aplica\u00e7\u00e3o. Para melhor utiliza\u00e7\u00e3o do Shampoo Black Platinum Pro leia as precau\u00e7\u00f5es de utiliza\u00e7\u00e3o nos Detalhes.<\/p>\n\n\t\t\t\t\t\t\t\t\t<\/div>\n\t\t\t\n\t\t\t\t\t\t\t<div class=\"usability-tips-and-secrets-module-content margin-top-between-modules\">\n\t\t\t\t\t\t\t\t\t\t\t<h2 class=\"uppercase black\">Dicas &amp; Segredos<\/h2>\n\t\t\t\t\t\n\t\t\t\t\t\t\t\t\t\t\t<p>O Shampoo Black Platinum Pro permite-lhe adaptar a intensidade do resultado consoante a sua prefer\u00eancia. Para um tom mais escuro, deixe atuar 2-3 minutos. Para neutralizar os tons amarelos, deixe atuar cerca de 1 minuto. Se pretender uma neutraliza\u00e7\u00e3o leve pode misturar este shampoo com outro (Indian Hair Vitaminado por exemplo), na palma das m\u00e3os antes de proceder \u00e0 lavagem dos cabelos.<\/p>\n\n\t\t\t\t\t\t\t\t\t<\/div>\n\t\t\t\t\t<\/div>\n\t<\/div>\n\n\t\n\t\t\t<div class=\"accordion accordion-successive  js-accordion not-found mobile--only--md usability-tips-and-secrets-module text-align-center margin-top-between-modules back_color\">\n\t\t\t<div class=\"accordion-container\">\n\t\t\t\t<div class=\"accordion-question space-between\">\n\t\t\t\t\t\t\t\t\t\t\t<h3 class=\"accordion-question-title uppercase back_color\">\n\t\t\t\t\t\t\tComo usar\n\t\t\t\t\t\t<\/h3>\n\t\t\t\t\t\n\t\t\t\t\t<span class=\"accordion-arrow back_color\">&emsp;<\/span>\n\t\t\t\t<\/div>\n\t\t\t\t<div class=\"accordion-answer\">\n\t\t\t\t\t\t\t\t\t\t\t<div class=\"usability-tips-and-secrets-module-content\">\n\t\t\t\t\t\t\t<p>Aplicar nos cabelos molhados com massagem. Enxaguar. Repetir a aplica\u00e7\u00e3o. Para melhor utiliza\u00e7\u00e3o do Shampoo Black Platinum Pro leia as precau\u00e7\u00f5es de utiliza\u00e7\u00e3o nos Detalhes.<\/p>\n\n\t\t\t\t\t\t<\/div>\n\t\t\t\t\t\t\t\t\t<\/div>\n\t\t\t<\/div>\n\t\t<\/div>\n\t\n\t\t\t<div class=\"accordion accordion-successive js-accordion not-found mobile--only--md usability-tips-and-secrets-module text-align-center margin-top-between-modules back_color\">\n\t\t\t<div class=\"accordion-container\">\n\t\t\t\t<div class=\"accordion-question space-between\">\n\t\t\t\t\t\t\t\t\t\t\t<h3 class=\"accordion-question-title uppercase back_color\">\n\t\t\t\t\t\t\tDicas &amp; Segredos\n\t\t\t\t\t\t<\/h3>\n\t\t\t\t\t\n\t\t\t\t\t<span class=\"accordion-arrow back_color\">&emsp;<\/span>\n\t\t\t\t<\/div>\n\t\t\t\t<div class=\"accordion-answer\">\n\t\t\t\t\t\t\t\t\t\t\t<div class=\"usability-tips-and-secrets-module-content\">\n\t\t\t\t\t\t\t<p>O Shampoo Black Platinum Pro permite-lhe adaptar a intensidade do resultado consoante a sua prefer\u00eancia. Para um tom mais escuro, deixe atuar 2-3 minutos. Para neutralizar os tons amarelos, deixe atuar cerca de 1 minuto. Se pretender uma neutraliza\u00e7\u00e3o leve pode misturar este shampoo com outro (Indian Hair Vitaminado por exemplo), na palma das m\u00e3os antes de proceder \u00e0 lavagem dos cabelos.<\/p>\n\n\t\t\t\t\t\t<\/div>\n\t\t\t\t\t\t\t\t\t<\/div>\n\t\t\t<\/div>\n\t\t<\/div>\n\t<\/div>\n[\/vc_column][\/vc_row][vc_row full_width=&#8221;stretch_row_content_no_spaces&#8221; el_class=&#8221;text-align-center&#8221;][vc_column]<div class=\"container \">\n\n    <div class=\"content-default-module text-align-center margin-top-between-modules\n        \n        \n        \n        \n        \n        \n        desktop--only--md\"\n        style=\"margin-bottom: 0px;\"\n    >\n\n                <div class=\"content-default-module-titles\">\n                            <h2 class=\"content-default-module-title uppercase black\">Ingredientes<\/h2>\n            \n                    <\/div>\n        \n                    <div class=\"content-default-module-content\">\n                <\/p>\n<p style=\"text-align: center;\">Aqua, sodium laureth sulfate,\u00a0cocamidopropyl betaine, maris sal, cocamide DEA, glycol distearate, sodium olivamphoacetate, dimethiconol, cocamide MEA, laureth-10, TEA-dodecylbenzenesulfonate, cyclotetrasiloxane, TEA-sulfate, citric acid, parfum, sodium benzoate, magnesium nitrate, magnesium chloride, methylchloroisothiazolinone, methylisothiazolinone, benzyl alcohol, iodopropynyl butylcarbamate,coumarin, limonene, linalool, CI 60730, CI 77266.<\/p>\n<p>\n\n            <\/div>\n        \n        \n        \n\n        \n\n\n    <\/div>\n\n\n            <div class=\"accordion accordion-successive   js-accordion not-found mobile--only--md content-default-module text-align-center margin-top-between-modules back_color\">\n            <div class=\"accordion-container\">\n                <div class=\"accordion-question space-between\">\n                                            <h3 class=\"accordion-question-title uppercase back_color\">\n                            Ingredientes\n                        <\/h3>\n                                        <span class=\"accordion-arrow back_color\">&emsp;<\/span>\n                <\/div>\n                <div class=\"accordion-answer\">\n                    \n                                            <div class=\"content-default-module-content\">\n                            <\/p>\n<p style=\"text-align: center;\">Aqua, sodium laureth sulfate,\u00a0cocamidopropyl betaine, maris sal, cocamide DEA, glycol distearate, sodium olivamphoacetate, dimethiconol, cocamide MEA, laureth-10, TEA-dodecylbenzenesulfonate, cyclotetrasiloxane, TEA-sulfate, citric acid, parfum, sodium benzoate, magnesium nitrate, magnesium chloride, methylchloroisothiazolinone, methylisothiazolinone, benzyl alcohol, iodopropynyl butylcarbamate,coumarin, limonene, linalool, CI 60730, CI 77266.<\/p>\n<p>\n\n                        <\/div>\n                    \n                    \n                                    <\/div>\n            <\/div>\n        <\/div>\n    \n<\/div>\n<div class=\"container \">\n\n    <div class=\"content-default-module text-align-center margin-top-between-modules\n        \n        \n        \n        \n        \n        \n        desktop--only--md\"\n        style=\"margin-bottom: 0px;\"\n    >\n\n                <div class=\"content-default-module-titles\">\n                            <h2 class=\"content-default-module-title uppercase black\">Detalhes<\/h2>\n            \n                    <\/div>\n        \n                    <div class=\"content-default-module-content\">\n                <\/p>\n<div>INSTRU\u00c7\u00d5ES DE UTILIZA\u00c7\u00c3O<\/div>\n<div>ESTE PRODUTO CONT\u00c9M CORANTES. RESPEITAR AS INSTRU\u00c7\u00d5ES DE UTILIZA\u00c7\u00c3O.\u00a0Os corantes capilares podem provocar rea\u00e7\u00f5es al\u00e9rgicas graves. Este produto n\u00e3o se destina a ser aplicado em menores de 16 anos.\u00a0As tatuagens tempor\u00e1rias de &#8220;hena negra&#8221; podem aumentar o risco de alergias. N\u00e3o pinte o cabelo se: tiver uma erup\u00e7\u00e3o cut\u00e2nea no rosto ou se tiver o couro cabeludo sens\u00edvel, irritado ou danificado; j\u00e1 tiver tido uma rea\u00e7\u00e3o depois de ter pintado o cabelo; tiver tido anteriormente uma rea\u00e7\u00e3o a uma tatuagem tempor\u00e1ria de &#8220;hera negra&#8221;. \u00c9 OBRIGAT\u00d3RIO FAZER UM TESTE DE ALERGIA IMPERATIVAMENTE 48 HORAS ANTES DE CADA\u00a0APLICA\u00c7\u00c3O DESTE PRODUTO. USAR LUVAS apropriadas, descart\u00e1veis, aquando da aplica\u00e7\u00e3o e enxaguamento do produto. REALIZA\u00c7\u00c3O DO TESTE DE ALERTA DE ALERGIA: Retirar os brincos. Com um cotonete aplicar por detr\u00e1s da orelha uma quantidade suficiente de produto colorante para cobrir uma superf\u00edcie do tamanho de uma moeda de um c\u00eantimo (1 a 2 cm2). Voltar a aplicar deixando secar nos intervalos. Fechar cuidadosamente o produto colorante. Aguardar 48 horas sem lavar, nem tapar ou tocar. Se durante este per\u00edodo se constatar a exist\u00eancia de rea\u00e7\u00f5es anormais como irrita\u00e7\u00e3o, manchas avermelhadas ou incha\u00e7o na zona \u00e0 volta da zona onde \u00e9 efetuado o teste, N\u00c3O APLICAR O PRODUTO.<\/div>\n<p>\n\n            <\/div>\n        \n        \n        \n\n        \n\n\n    <\/div>\n\n\n            <div class=\"accordion accordion-successive   js-accordion not-found mobile--only--md content-default-module text-align-center margin-top-between-modules back_color\">\n            <div class=\"accordion-container\">\n                <div class=\"accordion-question space-between\">\n                                            <h3 class=\"accordion-question-title uppercase back_color\">\n                            Detalhes\n                        <\/h3>\n                                        <span class=\"accordion-arrow back_color\">&emsp;<\/span>\n                <\/div>\n                <div class=\"accordion-answer\">\n                    \n                                            <div class=\"content-default-module-content\">\n                            <\/p>\n<div>INSTRU\u00c7\u00d5ES DE UTILIZA\u00c7\u00c3O<\/div>\n<div>ESTE PRODUTO CONT\u00c9M CORANTES. RESPEITAR AS INSTRU\u00c7\u00d5ES DE UTILIZA\u00c7\u00c3O.\u00a0Os corantes capilares podem provocar rea\u00e7\u00f5es al\u00e9rgicas graves. Este produto n\u00e3o se destina a ser aplicado em menores de 16 anos.\u00a0As tatuagens tempor\u00e1rias de &#8220;hena negra&#8221; podem aumentar o risco de alergias. N\u00e3o pinte o cabelo se: tiver uma erup\u00e7\u00e3o cut\u00e2nea no rosto ou se tiver o couro cabeludo sens\u00edvel, irritado ou danificado; j\u00e1 tiver tido uma rea\u00e7\u00e3o depois de ter pintado o cabelo; tiver tido anteriormente uma rea\u00e7\u00e3o a uma tatuagem tempor\u00e1ria de &#8220;hera negra&#8221;. \u00c9 OBRIGAT\u00d3RIO FAZER UM TESTE DE ALERGIA IMPERATIVAMENTE 48 HORAS ANTES DE CADA\u00a0APLICA\u00c7\u00c3O DESTE PRODUTO. USAR LUVAS apropriadas, descart\u00e1veis, aquando da aplica\u00e7\u00e3o e enxaguamento do produto. REALIZA\u00c7\u00c3O DO TESTE DE ALERTA DE ALERGIA: Retirar os brincos. Com um cotonete aplicar por detr\u00e1s da orelha uma quantidade suficiente de produto colorante para cobrir uma superf\u00edcie do tamanho de uma moeda de um c\u00eantimo (1 a 2 cm2). Voltar a aplicar deixando secar nos intervalos. Fechar cuidadosamente o produto colorante. Aguardar 48 horas sem lavar, nem tapar ou tocar. Se durante este per\u00edodo se constatar a exist\u00eancia de rea\u00e7\u00f5es anormais como irrita\u00e7\u00e3o, manchas avermelhadas ou incha\u00e7o na zona \u00e0 volta da zona onde \u00e9 efetuado o teste, N\u00c3O APLICAR O PRODUTO.<\/div>\n<p>\n\n                        <\/div>\n                    \n                    \n                                    <\/div>\n            <\/div>\n        <\/div>\n    \n<\/div>\n[\/vc_column][\/vc_row]<\/p>\n<\/div>","protected":false},"excerpt":{"rendered":"<p>Tiene propiedades neutralizantes y matizantes, es decir, permite que el pelo se desoxide (elimina los tonos amarillos). Favorece una limpieza suave para conseguir un color platino bonito, uniforme y duradero &#8211; deja el pelo suave, sedoso y manejable. Es adecuado para cabellos rubios naturales, decolorados y grises con oxidaci\u00f3n intensa (trabajo t\u00e9cnico o exposici\u00f3n al sol).  <\/p>\n","protected":false},"featured_media":75664,"comment_status":"open","ping_status":"closed","template":"","meta":{"_acf_changed":false},"product_brand":[],"product_cat":[570,433,571,156],"product_tag":[],"class_list":{"0":"post-78146","1":"product","2":"type-product","3":"status-publish","4":"has-post-thumbnail","6":"product_cat-cabello-gris-blanco-y-rubio","7":"product_cat-champus","8":"product_cat-negro-platino-pro-tinte-profesional","9":"product_cat-cabelo","11":"first","12":"instock","13":"taxable","14":"shipping-taxable","15":"purchasable","16":"product-type-simple"},"acf":[],"wooqr_code":"","_links":{"self":[{"href":"https:\/\/www.avani.pt\/es\/wp-json\/wp\/v2\/product\/78146","targetHints":{"allow":["GET"]}}],"collection":[{"href":"https:\/\/www.avani.pt\/es\/wp-json\/wp\/v2\/product"}],"about":[{"href":"https:\/\/www.avani.pt\/es\/wp-json\/wp\/v2\/types\/product"}],"replies":[{"embeddable":true,"href":"https:\/\/www.avani.pt\/es\/wp-json\/wp\/v2\/comments?post=78146"}],"wp:featuredmedia":[{"embeddable":true,"href":"https:\/\/www.avani.pt\/es\/wp-json\/wp\/v2\/media\/75664"}],"wp:attachment":[{"href":"https:\/\/www.avani.pt\/es\/wp-json\/wp\/v2\/media?parent=78146"}],"wp:term":[{"taxonomy":"product_brand","embeddable":true,"href":"https:\/\/www.avani.pt\/es\/wp-json\/wp\/v2\/product_brand?post=78146"},{"taxonomy":"product_cat","embeddable":true,"href":"https:\/\/www.avani.pt\/es\/wp-json\/wp\/v2\/product_cat?post=78146"},{"taxonomy":"product_tag","embeddable":true,"href":"https:\/\/www.avani.pt\/es\/wp-json\/wp\/v2\/product_tag?post=78146"}],"curies":[{"name":"wp","href":"https:\/\/api.w.org\/{rel}","templated":true}]}}