{"id":78153,"date":"2018-10-20T17:42:04","date_gmt":"2018-10-20T16:42:04","guid":{"rendered":"https:\/\/www.avani.pt\/p\/rizos-naturales-i-secretos-indios-i-cuidado-capilar-de-lujo\/"},"modified":"2025-12-07T12:48:29","modified_gmt":"2025-12-07T12:48:29","slug":"rizos-naturales-i-secretos-indios-i-cuidado-capilar-de-lujo","status":"publish","type":"product","link":"https:\/\/www.avani.pt\/es\/p\/rizos-naturales-i-secretos-indios-i-cuidado-capilar-de-lujo\/","title":{"rendered":"Rizos naturales I Secretos indios I Cuidado capilar de lujo"},"content":{"rendered":"<div class=\"wpb-content-wrapper\"><p>[vc_row full_width=&#8221;stretch_row_content_no_spaces&#8221; el_class=&#8221;text-align-center&#8221;][vc_column]<div class=\"stars-of-product-module-wrapper margin-top-between-modules\">\n    <img decoding=\"async\" class=\"stars-of-product-module-left-image-design\" src=\"\/dist\/images\/stars_product_module_design.png\">\n    <img decoding=\"async\" class=\"stars-of-product-module-right-image-design\" src=\"\/dist\/images\/stars_product_module_design.png\">\n\n    <div class=\"container\">\n\n        <div class=\"stars-of-product-module text-align-center  desktop--only--md\">\n\n                            <div class=\"star-rating\">\n                                            <i class=\"fa fa-star\"><\/i>\n                                            <i class=\"fa fa-star\"><\/i>\n                                            <i class=\"fa fa-star\"><\/i>\n                                            <i class=\"fa fa-star\"><\/i>\n                                            <i class=\"fa fa-star\"><\/i>\n                                    <\/div>\n            \n                            <div class=\"stars-of-product-module-titles\">\n                                            <h2 class=\"stars-of-product-module-title black uppercase back_color\">Las estrellas del producto<\/h2>\n                                    <\/div>\n            \n                            <div class=\"stars-of-product-module-content\">\n                    <p>Este tratamiento se ha estudiado meticulosamente y se ha dise\u00f1ado especialmente para el cabello con rizos naturales. Los productos elegidos contribuyen a una limpieza suave y no eliminan la grasa natural del cabello rizado, que sufre de forma natural una falta de nutrici\u00f3n. Nutre e hidrata el cabello, aport\u00e1ndole brillo, manejabilidad y definici\u00f3n. Su composici\u00f3n es rica en ingredientes excepcionales, como la fruta india Amla, una mezcla de ocho aceites naturales, aloe vera y amino\u00e1cidos vegetales. Consta de seis productos: el Aceite de Ricino nutritivo para masajear el cuero cabelludo y el cabello, el Champ\u00fa Krishna Rizos de Baja Espuma que limpia suavemente sin eliminar los aceites naturales, la Crema No-Foam Co Wash para un segundo lavado extremadamente hidratante para el cuero cabelludo, la Mascarilla Krishna Rizos que nutre y nutre el cabello en profundidad, el Acondicionador Krishna Sellador para un sellado perfecto de la cut\u00edcula y la Crema Intensa para aplicar como finalizador sin aclarado para una definici\u00f3n perfecta de los rizos.<\/p>\n\n                <\/div>\n            \n        <\/div>\n\n\n                    <div class=\"accordion   accordion-successive-first js-accordion not-found mobile--only--md stars-of-product-module text-align-center margin-top-between-modules back_color\">\n                <div class=\"accordion-container\">\n                    <div class=\"accordion-question space-between\">\n                                                    <h3 class=\"accordion-question-title uppercase back_color\">\n                                Las estrellas del producto\n                            <\/h3>\n                                                <span class=\"accordion-arrow back_color\">&emsp;<\/span>\n                    <\/div>\n                    <div class=\"accordion-answer\">\n\n                                                    <div class=\"star-rating\">\n                                                                    <i class=\"fa fa-star\"><\/i>\n                                                                    <i class=\"fa fa-star\"><\/i>\n                                                                    <i class=\"fa fa-star\"><\/i>\n                                                                    <i class=\"fa fa-star\"><\/i>\n                                                                    <i class=\"fa fa-star\"><\/i>\n                                                            <\/div>\n                        \n                                                    <div class=\"stars-of-product-module-content\">\n                                <p>Este tratamiento se ha estudiado meticulosamente y se ha dise\u00f1ado especialmente para el cabello con rizos naturales. Los productos elegidos contribuyen a una limpieza suave y no eliminan la grasa natural del cabello rizado, que sufre de forma natural una falta de nutrici\u00f3n. Nutre e hidrata el cabello, aport\u00e1ndole brillo, manejabilidad y definici\u00f3n. Su composici\u00f3n es rica en ingredientes excepcionales, como la fruta india Amla, una mezcla de ocho aceites naturales, aloe vera y amino\u00e1cidos vegetales. Consta de seis productos: el Aceite de Ricino nutritivo para masajear el cuero cabelludo y el cabello, el Champ\u00fa Krishna Rizos de Baja Espuma que limpia suavemente sin eliminar los aceites naturales, la Crema No-Foam Co Wash para un segundo lavado extremadamente hidratante para el cuero cabelludo, la Mascarilla Krishna Rizos que nutre y nutre el cabello en profundidad, el Acondicionador Krishna Sellador para un sellado perfecto de la cut\u00edcula y la Crema Intensa para aplicar como finalizador sin aclarado para una definici\u00f3n perfecta de los rizos.<\/p>\n\n                            <\/div>\n                                            <\/div>\n                <\/div>\n            <\/div>\n        \n    <\/div>\n<\/div>\n[\/vc_column][\/vc_row][vc_row full_width=&#8221;stretch_row_content_no_spaces&#8221; el_class=&#8221;text-align-center&#8221;][vc_column]<div class=\"container\">\n\t<div class=\"usability-tips-and-secrets-module desktop--only--md\">\n\n\t\t<div class=\"usability-tips-and-secrets-module-content-wrapper full-width-container\">\n\n\t\t\t\n\t\t\t\t\t\t\t<div class=\"usability-tips-and-secrets-module-content usability-tips-and-secrets-module-content--bordered margin-top-between-modules\">\n\t\t\t\t\t\t\t\t\t\t\t<h2 class=\"uppercase black\">C&oacute;mo utilizar<\/h2>\n\t\t\t\t\t\n\t\t\t\t\t\t\t\t\t\t\t<p>1. Masajea el cuero cabelludo, las sienes y la nuca con Aceite de Ricino Org\u00e1nico Cura, y exti\u00e9ndelo por toda la fibra capilar aproximadamente media hora antes del champ\u00fa.<br \/>\n2. Masajea continuamente el cuero cabelludo con el Champ\u00fa Krishna Rizos Baja Espuma con las yemas de los dedos hasta que lo notes limpio, y despu\u00e9s acl\u00e1ralo bien. Repite el procedimiento.3. Masajea continuamente la Crema Limpiadora Krishna Rizos sin Espuma en el cuero cabelludo con las yemas de los dedos.<br \/>\n4. Al mismo tiempo, aplica la Mascarilla Krishna Rizos mech\u00f3n a mech\u00f3n en los medios y las puntas del cabello. Deja actuar ambas durante al menos 4 minutos. Aclara.<x id=&quot;gid_2&quot;><\/x>5. Aplica el Acondicionador en las puntas para un sellado perfecto y d\u00e9jalo actuar durante un minuto. Aclara abundantemente.<x id=&quot;gid_3&quot;><\/x>6. Aplica la Crema Intensa Rizos Krishna fuera de la ducha, despu\u00e9s del champ\u00fa, cuando el cabello a\u00fan est\u00e9 h\u00famedo pero no chorreando, modelando cada mech\u00f3n con las manos. Deja que el cabello se seque naturalmente.      <\/p>\n\n\t\t\t\t\t\t\t\t\t<\/div>\n\t\t\t\n\t\t\t\t\t<\/div>\n\t<\/div>\n\n\t\t\t<div class=\"mobile--only--md usability-tips-and-secrets-module text-align-center margin-top-between-modules usability-tips-and-secrets-module-video\">\n\t\t\t\t\t<\/div>\n\t\n\t\t\t<div class=\"accordion accordion-successive  js-accordion not-found mobile--only--md usability-tips-and-secrets-module text-align-center margin-top-between-modules back_color\">\n\t\t\t<div class=\"accordion-container\">\n\t\t\t\t<div class=\"accordion-question space-between\">\n\t\t\t\t\t\t\t\t\t\t\t<h3 class=\"accordion-question-title uppercase back_color\">\n\t\t\t\t\t\t\tC&oacute;mo utilizar\n\t\t\t\t\t\t<\/h3>\n\t\t\t\t\t\n\t\t\t\t\t<span class=\"accordion-arrow back_color\">&emsp;<\/span>\n\t\t\t\t<\/div>\n\t\t\t\t<div class=\"accordion-answer\">\n\t\t\t\t\t\t\t\t\t\t\t<div class=\"usability-tips-and-secrets-module-content\">\n\t\t\t\t\t\t\t<p>1. Masajea el cuero cabelludo, las sienes y la nuca con Aceite de Ricino Org\u00e1nico Cura, y exti\u00e9ndelo por toda la fibra capilar aproximadamente media hora antes del champ\u00fa.<br \/>\n2. Masajea continuamente el cuero cabelludo con el Champ\u00fa Krishna Rizos Baja Espuma con las yemas de los dedos hasta que lo notes limpio, y despu\u00e9s acl\u00e1ralo bien. Repite el procedimiento.3. Masajea continuamente la Crema Limpiadora Krishna Rizos sin Espuma en el cuero cabelludo con las yemas de los dedos.<br \/>\n4. Al mismo tiempo, aplica la Mascarilla Krishna Rizos mech\u00f3n a mech\u00f3n en los medios y las puntas del cabello. Deja actuar ambas durante al menos 4 minutos. Aclara.<x id=&quot;gid_2&quot;><\/x>5. Aplica el Acondicionador en las puntas para un sellado perfecto y d\u00e9jalo actuar durante un minuto. Aclara abundantemente.<x id=&quot;gid_3&quot;><\/x>6. Aplica la Crema Intensa Rizos Krishna fuera de la ducha, despu\u00e9s del champ\u00fa, cuando el cabello a\u00fan est\u00e9 h\u00famedo pero no chorreando, modelando cada mech\u00f3n con las manos. Deja que el cabello se seque naturalmente.      <\/p>\n\n\t\t\t\t\t\t<\/div>\n\t\t\t\t\t\t\t\t\t<\/div>\n\t\t\t<\/div>\n\t\t<\/div>\n\t\n\t<\/div>\n[\/vc_column][\/vc_row][vc_row full_width=&#8221;stretch_row_content_no_spaces&#8221; el_class=&#8221;text-align-center&#8221;][vc_column]<div class=\"container \">\n\n    <div class=\"content-default-module text-align-center margin-top-between-modules\n        \n        \n        \n        \n        \n        \n        desktop--only--md\"\n        style=\"margin-bottom: 0px;\"\n    >\n\n                <div class=\"content-default-module-titles\">\n                            <h2 class=\"content-default-module-title uppercase black\">Consejos y secretos<\/h2>\n            \n                    <\/div>\n        \n                    <div class=\"content-default-module-content\">\n                <p>Si te secas el pelo con secador, es importante que te apliques un protector t\u00e9rmico: te recomendamos <a href=\"https:\/\/www.avani.pt\/es\/p\/ganesh-thermic-protector-uv-y-termico-leche-reparadora-y-antiencrespamiento-240ml\/\">la Leche T\u00e9rmica Ganesh<\/a><a href=\"https:\/\/www.avani.pt\/es\/p\/protector-termico-y-uv-surya-thermic-spray-bifasico-200ml\/\"> <\/a>Avani.<\/p>\n\n            <\/div>\n        \n        \n        \n\n        \n\n\n    <\/div>\n\n\n            <div class=\"accordion accordion-successive   js-accordion not-found mobile--only--md content-default-module text-align-center margin-top-between-modules back_color\">\n            <div class=\"accordion-container\">\n                <div class=\"accordion-question space-between\">\n                                            <h3 class=\"accordion-question-title uppercase back_color\">\n                            Consejos y secretos\n                        <\/h3>\n                                        <span class=\"accordion-arrow back_color\">&emsp;<\/span>\n                <\/div>\n                <div class=\"accordion-answer\">\n                    \n                                            <div class=\"content-default-module-content\">\n                            <p>Si te secas el pelo con secador, es importante que te apliques un protector t\u00e9rmico: te recomendamos <a href=\"https:\/\/www.avani.pt\/es\/p\/ganesh-thermic-protector-uv-y-termico-leche-reparadora-y-antiencrespamiento-240ml\/\">la Leche T\u00e9rmica Ganesh<\/a><a href=\"https:\/\/www.avani.pt\/es\/p\/protector-termico-y-uv-surya-thermic-spray-bifasico-200ml\/\"> <\/a>Avani.<\/p>\n\n                        <\/div>\n                    \n                    \n                                    <\/div>\n            <\/div>\n        <\/div>\n    \n<\/div>\n<div class=\"container \">\n\n    <div class=\"content-default-module text-align-center margin-top-between-modules\n        \n        \n        \n        \n        \n        \n        desktop--only--md\"\n        style=\"margin-bottom: 0px;\"\n    >\n\n                <div class=\"content-default-module-titles\">\n                            <h2 class=\"content-default-module-title uppercase black\">Detalles<\/h2>\n            \n                    <\/div>\n        \n                    <div class=\"content-default-module-content\">\n                <p><strong>Este tratamiento consiste en<\/strong><\/p>\n<p><a href=\"https:\/\/www.avani.pt\/es\/p\/krishna-rizos-champu-baja-espuma-250-ml-sin-sal\/\">Champ\u00fa Krishna Rizos Baja Espuma<\/a><\/p>\n<p><a href=\"https:\/\/www.avani.pt\/es\/p\/co-wash-krishna-rizos-lavado-hidratante-sin-espuma-250-ml\/\">Krishna Curls Co Wash Crema Espumosa Hidratante<\/a><\/p>\n<p><a href=\"https:\/\/www.avani.pt\/es\/p\/krishna-mascarilla-rizos-500-ml-nutricion-profunda\/\">Krishna Rizos Mascarilla Nutrici\u00f3n Profunda<\/a><\/p>\n<p><a href=\"https:\/\/www.avani.pt\/es\/p\/krishna-rizos-acondicionador-nutritivo-sellador-250-ml-sin-sal\/\">Acondicionador Sellador Rizos Krishna<\/a><\/p>\n<p><a href=\"https:\/\/www.avani.pt\/es\/p\/krishna-rizos-crema-intensa-nutricion-profunda-250-ml\/\">Crema nutritiva sin aclarado Krishna Rizos  <\/a><\/p>\n\n            <\/div>\n        \n        \n        \n\n        \n\n\n    <\/div>\n\n\n            <div class=\"accordion accordion-successive   js-accordion not-found mobile--only--md content-default-module text-align-center margin-top-between-modules back_color\">\n            <div class=\"accordion-container\">\n                <div class=\"accordion-question space-between\">\n                                            <h3 class=\"accordion-question-title uppercase back_color\">\n                            Detalles\n                        <\/h3>\n                                        <span class=\"accordion-arrow back_color\">&emsp;<\/span>\n                <\/div>\n                <div class=\"accordion-answer\">\n                    \n                                            <div class=\"content-default-module-content\">\n                            <p><strong>Este tratamiento consiste en<\/strong><\/p>\n<p><a href=\"https:\/\/www.avani.pt\/es\/p\/krishna-rizos-champu-baja-espuma-250-ml-sin-sal\/\">Champ\u00fa Krishna Rizos Baja Espuma<\/a><\/p>\n<p><a href=\"https:\/\/www.avani.pt\/es\/p\/co-wash-krishna-rizos-lavado-hidratante-sin-espuma-250-ml\/\">Krishna Curls Co Wash Crema Espumosa Hidratante<\/a><\/p>\n<p><a href=\"https:\/\/www.avani.pt\/es\/p\/krishna-mascarilla-rizos-500-ml-nutricion-profunda\/\">Krishna Rizos Mascarilla Nutrici\u00f3n Profunda<\/a><\/p>\n<p><a href=\"https:\/\/www.avani.pt\/es\/p\/krishna-rizos-acondicionador-nutritivo-sellador-250-ml-sin-sal\/\">Acondicionador Sellador Rizos Krishna<\/a><\/p>\n<p><a href=\"https:\/\/www.avani.pt\/es\/p\/krishna-rizos-crema-intensa-nutricion-profunda-250-ml\/\">Crema nutritiva sin aclarado Krishna Rizos  <\/a><\/p>\n\n                        <\/div>\n                    \n                    \n                                    <\/div>\n            <\/div>\n        <\/div>\n    \n<\/div>\n<div class=\"tip-products margin-top-between-modules default\">\n    <div class=\"container\">\n                    <h2 class=\"title\">\n                COMPRAR INDIVIDUALMENTE\n            <\/h2>\n        \n        \n        <div class=\"products-container\">\n                            <div class=\"tip-products-wrapper\">\n                                                                                                                                                                                                                                                                                                            <\/div>\n                    <\/div>\n\n    <\/div>\n<\/div>\n[\/vc_column][\/vc_row]<\/p>\n<\/div>","protected":false},"excerpt":{"rendered":"<p>Compuesto por seis productos. Tratamiento nutritivo profundo enriquecido con una mezcla de ocho aceites naturales e ingredientes especiales que nutren e hidratan el cabello rizado. Vegano, sin sulfatos, aceites minerales, parafinas, petrolato, colorantes ni derivados animales.  <\/p>\n","protected":false},"featured_media":75650,"comment_status":"open","ping_status":"closed","template":"","meta":{"_acf_changed":false},"product_brand":[],"product_cat":[441,465,471,572,573],"product_tag":[],"class_list":{"0":"post-78153","1":"product","2":"type-product","3":"status-publish","4":"has-post-thumbnail","6":"product_cat-amla","7":"product_cat-atencion","8":"product_cat-avani-en-exclusiva","9":"product_cat-cabello-rizado-avani-tratamientos-exclusivos","10":"product_cat-no-lo-pow-tratamientos-low-poo","12":"first","13":"instock","14":"taxable","15":"shipping-taxable","16":"purchasable","17":"product-type-simple"},"acf":[],"wooqr_code":"","_links":{"self":[{"href":"https:\/\/www.avani.pt\/es\/wp-json\/wp\/v2\/product\/78153","targetHints":{"allow":["GET"]}}],"collection":[{"href":"https:\/\/www.avani.pt\/es\/wp-json\/wp\/v2\/product"}],"about":[{"href":"https:\/\/www.avani.pt\/es\/wp-json\/wp\/v2\/types\/product"}],"replies":[{"embeddable":true,"href":"https:\/\/www.avani.pt\/es\/wp-json\/wp\/v2\/comments?post=78153"}],"wp:featuredmedia":[{"embeddable":true,"href":"https:\/\/www.avani.pt\/es\/wp-json\/wp\/v2\/media\/75650"}],"wp:attachment":[{"href":"https:\/\/www.avani.pt\/es\/wp-json\/wp\/v2\/media?parent=78153"}],"wp:term":[{"taxonomy":"product_brand","embeddable":true,"href":"https:\/\/www.avani.pt\/es\/wp-json\/wp\/v2\/product_brand?post=78153"},{"taxonomy":"product_cat","embeddable":true,"href":"https:\/\/www.avani.pt\/es\/wp-json\/wp\/v2\/product_cat?post=78153"},{"taxonomy":"product_tag","embeddable":true,"href":"https:\/\/www.avani.pt\/es\/wp-json\/wp\/v2\/product_tag?post=78153"}],"curies":[{"name":"wp","href":"https:\/\/api.w.org\/{rel}","templated":true}]}}