{"id":78155,"date":"2018-08-27T10:13:04","date_gmt":"2018-08-27T09:13:04","guid":{"rendered":"https:\/\/www.avani.pt\/p\/gama-krishna-rizos-champu-mascarilla-acondicionador-sellador-y-crema-intensa-sin-aclarado\/"},"modified":"2026-02-17T14:33:52","modified_gmt":"2026-02-17T14:33:52","slug":"gama-krishna-rizos-champu-mascarilla-acondicionador-sellador-y-crema-intensa-sin-aclarado","status":"publish","type":"product","link":"https:\/\/www.avani.pt\/es\/p\/gama-krishna-rizos-champu-mascarilla-acondicionador-sellador-y-crema-intensa-sin-aclarado\/","title":{"rendered":"Gama Krishna Rizos | Champ\u00fa, Mascarilla, Acondicionador Sellador y Crema Intensa sin aclarado"},"content":{"rendered":"<div class=\"wpb-content-wrapper\"><p>[vc_row full_width=&#8221;stretch_row_content_no_spaces&#8221; el_class=&#8221;text-align-center&#8221;][vc_column]<div class=\"stars-of-product-module-wrapper margin-top-between-modules\">\n    <img decoding=\"async\" class=\"stars-of-product-module-left-image-design\" src=\"\/dist\/images\/stars_product_module_design.png\">\n    <img decoding=\"async\" class=\"stars-of-product-module-right-image-design\" src=\"\/dist\/images\/stars_product_module_design.png\">\n\n    <div class=\"container\">\n\n        <div class=\"stars-of-product-module text-align-center  desktop--only--md\">\n\n                            <div class=\"star-rating\">\n                                            <i class=\"fa fa-star\"><\/i>\n                                            <i class=\"fa fa-star\"><\/i>\n                                            <i class=\"fa fa-star\"><\/i>\n                                            <i class=\"fa fa-star\"><\/i>\n                                            <i class=\"fa fa-star\"><\/i>\n                                    <\/div>\n            \n                            <div class=\"stars-of-product-module-titles\">\n                                            <h2 class=\"stars-of-product-module-title black uppercase back_color\">Las estrellas del producto<\/h2>\n                                    <\/div>\n            \n                            <div class=\"stars-of-product-module-content\">\n                    <p>Extremadamente rica en ingredientes excepcionales, esta gama vegana no contiene sulfatos, aceites minerales, parafinas, vaselina, colorantes ni derivados animales. No debe utilizarse al mismo tiempo que productos que contengan estos componentes. Enriquecido con arg\u00e1n, macadamia, lavanda, coco, litsea cubeba, fruto del Amla, el secreto indio, Aloe vera hidratante, amino\u00e1cidos vegetales que hidratan, nutren y definen el cabello rizado. Muy apreciado por clientes masculinos y femeninos por dejar los rizos definidos, ligeros y manejables.<\/p>\n\n                <\/div>\n            \n        <\/div>\n\n\n                    <div class=\"accordion   accordion-successive-first js-accordion not-found mobile--only--md stars-of-product-module text-align-center margin-top-between-modules back_color\">\n                <div class=\"accordion-container\">\n                    <div class=\"accordion-question space-between\">\n                                                    <h3 class=\"accordion-question-title uppercase back_color\">\n                                Las estrellas del producto\n                            <\/h3>\n                                                <span class=\"accordion-arrow back_color\">&emsp;<\/span>\n                    <\/div>\n                    <div class=\"accordion-answer\">\n\n                                                    <div class=\"star-rating\">\n                                                                    <i class=\"fa fa-star\"><\/i>\n                                                                    <i class=\"fa fa-star\"><\/i>\n                                                                    <i class=\"fa fa-star\"><\/i>\n                                                                    <i class=\"fa fa-star\"><\/i>\n                                                                    <i class=\"fa fa-star\"><\/i>\n                                                            <\/div>\n                        \n                                                    <div class=\"stars-of-product-module-content\">\n                                <p>Extremadamente rica en ingredientes excepcionales, esta gama vegana no contiene sulfatos, aceites minerales, parafinas, vaselina, colorantes ni derivados animales. No debe utilizarse al mismo tiempo que productos que contengan estos componentes. Enriquecido con arg\u00e1n, macadamia, lavanda, coco, litsea cubeba, fruto del Amla, el secreto indio, Aloe vera hidratante, amino\u00e1cidos vegetales que hidratan, nutren y definen el cabello rizado. Muy apreciado por clientes masculinos y femeninos por dejar los rizos definidos, ligeros y manejables.<\/p>\n\n                            <\/div>\n                                            <\/div>\n                <\/div>\n            <\/div>\n        \n    <\/div>\n<\/div>\n[\/vc_column][\/vc_row][vc_row full_width=&#8221;stretch_row_content_no_spaces&#8221; el_class=&#8221;text-align-center&#8221;][vc_column]<div class=\"container\">\n\t<div class=\"usability-tips-and-secrets-module desktop--only--md\">\n\n\t\t<div class=\"usability-tips-and-secrets-module-content-wrapper full-width-container\">\n\n\t\t\t\n\t\t\t\t\t\t\t<div class=\"usability-tips-and-secrets-module-content usability-tips-and-secrets-module-content--bordered margin-top-between-modules\">\n\t\t\t\t\t\t\t\t\t\t\t<h2 class=\"uppercase black\">C&oacute;mo utilizar<\/h2>\n\t\t\t\t\t\n\t\t\t\t\t\t\t\t\t\t\t<p>1) Masajea continuamente el Champ\u00fa en el cuero cabelludo con las yemas de los dedos hasta sentirlo limpio;<br \/>\n2) Aclara abundantemente;<br \/>\n3) Repite el procedimiento;<br \/>\n4) Tras eliminar el exceso de agua, aplica la mascarilla mech\u00f3n a mech\u00f3n;<br \/>\n5) D\u00e9jala actuar durante al menos 4 minutos;<br \/>\n6) Aplica el Acondicionador en las puntas para un sellado perfecto;<br \/>\n7) D\u00e9jala actuar durante un minuto;<br \/>\n8) Aclara abundantemente.<br \/>\n9) Aplica la crema nutritiva intensa sobre el cabello a\u00fan h\u00famedo, mech\u00f3n a mech\u00f3n, modelando y apretando los rizos con los dedos.<\/p>\n\n\t\t\t\t\t\t\t\t\t<\/div>\n\t\t\t\n\t\t\t\t\t<\/div>\n\t<\/div>\n\n\t\t\t<div class=\"mobile--only--md usability-tips-and-secrets-module text-align-center margin-top-between-modules usability-tips-and-secrets-module-video\">\n\t\t\t\t\t<\/div>\n\t\n\t\t\t<div class=\"accordion accordion-successive  js-accordion not-found mobile--only--md usability-tips-and-secrets-module text-align-center margin-top-between-modules back_color\">\n\t\t\t<div class=\"accordion-container\">\n\t\t\t\t<div class=\"accordion-question space-between\">\n\t\t\t\t\t\t\t\t\t\t\t<h3 class=\"accordion-question-title uppercase back_color\">\n\t\t\t\t\t\t\tC&oacute;mo utilizar\n\t\t\t\t\t\t<\/h3>\n\t\t\t\t\t\n\t\t\t\t\t<span class=\"accordion-arrow back_color\">&emsp;<\/span>\n\t\t\t\t<\/div>\n\t\t\t\t<div class=\"accordion-answer\">\n\t\t\t\t\t\t\t\t\t\t\t<div class=\"usability-tips-and-secrets-module-content\">\n\t\t\t\t\t\t\t<p>1) Masajea continuamente el Champ\u00fa en el cuero cabelludo con las yemas de los dedos hasta sentirlo limpio;<br \/>\n2) Aclara abundantemente;<br \/>\n3) Repite el procedimiento;<br \/>\n4) Tras eliminar el exceso de agua, aplica la mascarilla mech\u00f3n a mech\u00f3n;<br \/>\n5) D\u00e9jala actuar durante al menos 4 minutos;<br \/>\n6) Aplica el Acondicionador en las puntas para un sellado perfecto;<br \/>\n7) D\u00e9jala actuar durante un minuto;<br \/>\n8) Aclara abundantemente.<br \/>\n9) Aplica la crema nutritiva intensa sobre el cabello a\u00fan h\u00famedo, mech\u00f3n a mech\u00f3n, modelando y apretando los rizos con los dedos.<\/p>\n\n\t\t\t\t\t\t<\/div>\n\t\t\t\t\t\t\t\t\t<\/div>\n\t\t\t<\/div>\n\t\t<\/div>\n\t\n\t<\/div>\n[\/vc_column][\/vc_row][vc_row full_width=&#8221;stretch_row_content_no_spaces&#8221; el_class=&#8221;text-align-center&#8221;][vc_column]<div class=\"container \">\n\n    <div class=\"content-default-module text-align-center margin-top-between-modules\n        \n        \n        \n        \n        \n        \n        desktop--only--md\"\n        style=\"margin-bottom: 0px;\"\n    >\n\n                <div class=\"content-default-module-titles\">\n                            <h2 class=\"content-default-module-title uppercase black\">Consejos y secretos<\/h2>\n            \n                    <\/div>\n        \n                    <div class=\"content-default-module-content\">\n                <p>Para melhores resultados fazer a segunda lavagem com o Creme <a href=\"https:\/\/www.avani.pt\/es\/p\/co-wash-krishna-rizos-lavado-hidratante-sin-espuma-250-ml\/\">Co-wash<\/a>. Se usar ferramentas t\u00e9rmicas aplicar o <a href=\"https:\/\/www.avani.pt\/es\/p\/protector-termico-y-uv-surya-thermic-spray-bifasico-200ml\/\">Surya thermic<\/a> antes de secar.<\/p>\n\n            <\/div>\n        \n        \n        \n\n        \n\n\n    <\/div>\n\n\n            <div class=\"accordion accordion-successive   js-accordion not-found mobile--only--md content-default-module text-align-center margin-top-between-modules back_color\">\n            <div class=\"accordion-container\">\n                <div class=\"accordion-question space-between\">\n                                            <h3 class=\"accordion-question-title uppercase back_color\">\n                            Consejos y secretos\n                        <\/h3>\n                                        <span class=\"accordion-arrow back_color\">&emsp;<\/span>\n                <\/div>\n                <div class=\"accordion-answer\">\n                    \n                                            <div class=\"content-default-module-content\">\n                            <p>Para melhores resultados fazer a segunda lavagem com o Creme <a href=\"https:\/\/www.avani.pt\/es\/p\/co-wash-krishna-rizos-lavado-hidratante-sin-espuma-250-ml\/\">Co-wash<\/a>. Se usar ferramentas t\u00e9rmicas aplicar o <a href=\"https:\/\/www.avani.pt\/es\/p\/protector-termico-y-uv-surya-thermic-spray-bifasico-200ml\/\">Surya thermic<\/a> antes de secar.<\/p>\n\n                        <\/div>\n                    \n                    \n                                    <\/div>\n            <\/div>\n        <\/div>\n    \n<\/div>\n<div class=\"container \">\n\n    <div class=\"content-default-module text-align-center margin-top-between-modules\n        \n        \n        \n        \n        \n        \n        desktop--only--md\"\n        style=\"margin-bottom: 0px;\"\n    >\n\n                <div class=\"content-default-module-titles\">\n                            <h2 class=\"content-default-module-title uppercase black\">Detalles<\/h2>\n            \n                    <\/div>\n        \n                    <div class=\"content-default-module-content\">\n                <p><strong>La gama se compone de<\/strong><\/p>\n<p><a href=\"https:\/\/www.avani.pt\/es\/p\/krishna-rizos-champu-baja-espuma-250-ml-sin-sal\/\">Champ\u00fa Low Poo Krishna Curls 250 ml<\/a><\/p>\n<p><a href=\"https:\/\/www.avani.pt\/p\/condicionador-selante-krishna-curls-250-ml\/\">Acondicionador Sellador Krishna Curls 250 ml<\/a><\/p>\n<p><a href=\"https:\/\/www.avani.pt\/es\/p\/krishna-mascarilla-rizos-500-ml-nutricion-profunda\/\">Mascarilla capilar Krishna Curls Ba\u00f1o de Aceite 500 ml<\/a><\/p>\n<p><a href=\"https:\/\/www.avani.pt\/es\/p\/krishna-rizos-crema-intensa-nutricion-profunda-250-ml\/\">Crema Nutritiva Krishna Rizos 250 ml<\/a><\/p>\n\n            <\/div>\n        \n        \n        \n\n        \n\n\n    <\/div>\n\n\n            <div class=\"accordion accordion-successive   js-accordion not-found mobile--only--md content-default-module text-align-center margin-top-between-modules back_color\">\n            <div class=\"accordion-container\">\n                <div class=\"accordion-question space-between\">\n                                            <h3 class=\"accordion-question-title uppercase back_color\">\n                            Detalles\n                        <\/h3>\n                                        <span class=\"accordion-arrow back_color\">&emsp;<\/span>\n                <\/div>\n                <div class=\"accordion-answer\">\n                    \n                                            <div class=\"content-default-module-content\">\n                            <p><strong>La gama se compone de<\/strong><\/p>\n<p><a href=\"https:\/\/www.avani.pt\/es\/p\/krishna-rizos-champu-baja-espuma-250-ml-sin-sal\/\">Champ\u00fa Low Poo Krishna Curls 250 ml<\/a><\/p>\n<p><a href=\"https:\/\/www.avani.pt\/p\/condicionador-selante-krishna-curls-250-ml\/\">Acondicionador Sellador Krishna Curls 250 ml<\/a><\/p>\n<p><a href=\"https:\/\/www.avani.pt\/es\/p\/krishna-mascarilla-rizos-500-ml-nutricion-profunda\/\">Mascarilla capilar Krishna Curls Ba\u00f1o de Aceite 500 ml<\/a><\/p>\n<p><a href=\"https:\/\/www.avani.pt\/es\/p\/krishna-rizos-crema-intensa-nutricion-profunda-250-ml\/\">Crema Nutritiva Krishna Rizos 250 ml<\/a><\/p>\n\n                        <\/div>\n                    \n                    \n                                    <\/div>\n            <\/div>\n        <\/div>\n    \n<\/div>\n<div class=\"container \">\n\n    <div class=\"content-default-module text-align-center margin-top-between-modules\n        \n        \n        \n        \n        \n        \n        desktop--only--md\"\n        style=\"margin-bottom: 0px;\"\n    >\n\n                <div class=\"content-default-module-titles\">\n                            <h2 class=\"content-default-module-title uppercase black\">Composici&oacute;n<\/h2>\n            \n                    <\/div>\n        \n                    <div class=\"content-default-module-content\">\n                <p><strong>Aceite de Arg\u00e1n | <\/strong>Aceite rico, graso y nutritivo que lubrica la fibra capilar y le confiere un efecto suavizante. Repara, nutre el cuero cabelludo, sella las puntas abiertas y protege la longitud de la fibra, proporcionando un crecimiento del cabello fuerte y sano. <\/p>\n<p><strong>Aceite de jojoba |  <\/strong><span class=\"Y2IQFc\" lang=\"pt\">Rico en vitaminas y minerales que nutren el cabello, como la vitamina C, las vitaminas del grupo B, la vitamina E, el cobre y el zinc, fortalece el cabello. Combate la ca\u00edda del cabello y favorece una mayor resistencia de la fibra capilar al nutrirla en profundidad. <\/span><\/p>\n<p>La <strong>manteca de karit\u00e9 |<\/strong> rica en vitamina A y E, devuelve la nutrici\u00f3n y la flexibilidad al cabello.<\/p>\n<p><strong>El aceite de lavanda | <\/strong>naturalmente calmante, favorece el equilibrio y el crecimiento sano del cabello.<\/p>\n<p><strong>Aceite de coco |<\/strong> el \u00e1cido l\u00e1urico presente en este aceite tiene propiedades nutritivas con una gran capacidad de penetraci\u00f3n, dejando el cabello flexible, brillante y flexible.<\/p>\n<p><strong>El Aceite de Oliva |<\/strong> altamente nutritivo, fortalece, repara y ayuda a combatir la ca\u00edda y el fortalecimiento del cabello.<\/p>\n<p><strong>El aceite de semillas de Sacha Inchi |<\/strong> est\u00e1 compuesto por una potente combinaci\u00f3n de omega 3, 6 y 9 que tiene una incre\u00edble capacidad de penetraci\u00f3n, lo que provoca una reestructuraci\u00f3n intensiva del cabello.<\/p>\n<p><strong>Amino\u00e1cidos vegetales:<\/strong> prote\u00edna de origen vegetal con propiedades hidratantes y protectoras que aumenta la capacidad de retenci\u00f3n de humedad del cabello, aport\u00e1ndole brillo y manejabilidad. Adem\u00e1s de otros componentes especiales, contiene ciste\u00edna, un amino\u00e1cido proteinog\u00e9nico que une las prote\u00ednas del cabello. Favorece el brillo, fortalece las fibras y alinea las cut\u00edculas (parte externa del cabello).  <\/p>\n<p><strong>El Aceite de Litsea Cubeba <\/strong>equilibra la salud del cuero cabelludo gracias a sus propiedades antibacterianas y antiseborreicas.<\/p>\n<p><strong>Ceramidas |<\/strong> l\u00edpidos que proporcionan al cabello una capa protectora natural capaz de mantener la integridad de las cut\u00edculas y el c\u00f3rtex capilar.<\/p>\n<p><strong>Extracto de amla<\/strong>: \u00a1el secreto indio para un pelo fuerte, brillante, largo y sano! El amla, tambi\u00e9n conocido como grosella espinosa india, procede de la planta amalaki y es un ingrediente esencial especialmente recomendado para los productos capilares por la medicina ayurv\u00e9dica, utilizado desde la antig\u00fcedad como elixir para el cabello porque es rico en antioxidantes, vitaminas, calcio, f\u00f3sforo y caroteno.  Ayuda a combatir la ca\u00edda del cabello, la caspa, la descamaci\u00f3n y estimula el crecimiento sano del cabello.<\/p>\n\n            <\/div>\n        \n        \n        \n\n        \n\n\n    <\/div>\n\n\n            <div class=\"accordion accordion-successive   js-accordion not-found mobile--only--md content-default-module text-align-center margin-top-between-modules back_color\">\n            <div class=\"accordion-container\">\n                <div class=\"accordion-question space-between\">\n                                            <h3 class=\"accordion-question-title uppercase back_color\">\n                            Composici&oacute;n\n                        <\/h3>\n                                        <span class=\"accordion-arrow back_color\">&emsp;<\/span>\n                <\/div>\n                <div class=\"accordion-answer\">\n                    \n                                            <div class=\"content-default-module-content\">\n                            <p><strong>Aceite de Arg\u00e1n | <\/strong>Aceite rico, graso y nutritivo que lubrica la fibra capilar y le confiere un efecto suavizante. Repara, nutre el cuero cabelludo, sella las puntas abiertas y protege la longitud de la fibra, proporcionando un crecimiento del cabello fuerte y sano. <\/p>\n<p><strong>Aceite de jojoba |  <\/strong><span class=\"Y2IQFc\" lang=\"pt\">Rico en vitaminas y minerales que nutren el cabello, como la vitamina C, las vitaminas del grupo B, la vitamina E, el cobre y el zinc, fortalece el cabello. Combate la ca\u00edda del cabello y favorece una mayor resistencia de la fibra capilar al nutrirla en profundidad. <\/span><\/p>\n<p>La <strong>manteca de karit\u00e9 |<\/strong> rica en vitamina A y E, devuelve la nutrici\u00f3n y la flexibilidad al cabello.<\/p>\n<p><strong>El aceite de lavanda | <\/strong>naturalmente calmante, favorece el equilibrio y el crecimiento sano del cabello.<\/p>\n<p><strong>Aceite de coco |<\/strong> el \u00e1cido l\u00e1urico presente en este aceite tiene propiedades nutritivas con una gran capacidad de penetraci\u00f3n, dejando el cabello flexible, brillante y flexible.<\/p>\n<p><strong>El Aceite de Oliva |<\/strong> altamente nutritivo, fortalece, repara y ayuda a combatir la ca\u00edda y el fortalecimiento del cabello.<\/p>\n<p><strong>El aceite de semillas de Sacha Inchi |<\/strong> est\u00e1 compuesto por una potente combinaci\u00f3n de omega 3, 6 y 9 que tiene una incre\u00edble capacidad de penetraci\u00f3n, lo que provoca una reestructuraci\u00f3n intensiva del cabello.<\/p>\n<p><strong>Amino\u00e1cidos vegetales:<\/strong> prote\u00edna de origen vegetal con propiedades hidratantes y protectoras que aumenta la capacidad de retenci\u00f3n de humedad del cabello, aport\u00e1ndole brillo y manejabilidad. Adem\u00e1s de otros componentes especiales, contiene ciste\u00edna, un amino\u00e1cido proteinog\u00e9nico que une las prote\u00ednas del cabello. Favorece el brillo, fortalece las fibras y alinea las cut\u00edculas (parte externa del cabello).  <\/p>\n<p><strong>El Aceite de Litsea Cubeba <\/strong>equilibra la salud del cuero cabelludo gracias a sus propiedades antibacterianas y antiseborreicas.<\/p>\n<p><strong>Ceramidas |<\/strong> l\u00edpidos que proporcionan al cabello una capa protectora natural capaz de mantener la integridad de las cut\u00edculas y el c\u00f3rtex capilar.<\/p>\n<p><strong>Extracto de amla<\/strong>: \u00a1el secreto indio para un pelo fuerte, brillante, largo y sano! El amla, tambi\u00e9n conocido como grosella espinosa india, procede de la planta amalaki y es un ingrediente esencial especialmente recomendado para los productos capilares por la medicina ayurv\u00e9dica, utilizado desde la antig\u00fcedad como elixir para el cabello porque es rico en antioxidantes, vitaminas, calcio, f\u00f3sforo y caroteno.  Ayuda a combatir la ca\u00edda del cabello, la caspa, la descamaci\u00f3n y estimula el crecimiento sano del cabello.<\/p>\n\n                        <\/div>\n                    \n                    \n                                    <\/div>\n            <\/div>\n        <\/div>\n    \n<\/div>\n<div class=\"tip-products margin-top-between-modules default\">\n    <div class=\"container\">\n                    <h2 class=\"title\">\n                Comprar por separado\n            <\/h2>\n        \n        \n        <div class=\"products-container\">\n                            <div class=\"tip-products-wrapper\">\n                                                                                                                                                                                                                    <\/div>\n                    <\/div>\n\n    <\/div>\n<\/div>\n[\/vc_column][\/vc_row]<\/p>\n<\/div>","protected":false},"excerpt":{"rendered":"<p>Una gama de productos capilares veganos extremadamente ricos en ingredientes excepcionales como aceite de arg\u00e1n, macadamia, lavanda, coco, litsea cubeba, fruto del Amla, el secreto indio, Aloe vera hidratante, amino\u00e1cidos vegetales que hidratan, nutren y definen el cabello rizado.<\/p>\n","protected":false},"featured_media":75622,"comment_status":"open","ping_status":"closed","template":"","meta":{"_acf_changed":false},"product_brand":[],"product_cat":[572,577,576,442,156],"product_tag":[],"class_list":{"0":"post-78155","1":"product","2":"type-product","3":"status-publish","4":"has-post-thumbnail","6":"product_cat-cabello-rizado-avani-tratamientos-exclusivos","7":"product_cat-gamas-pelo","8":"product_cat-juegos","9":"product_cat-rizos-krishna-nutricion-natural-de-los-rizos","10":"product_cat-cabelo","12":"first","13":"instock","14":"taxable","15":"shipping-taxable","16":"purchasable","17":"product-type-simple"},"acf":[],"wooqr_code":"","_links":{"self":[{"href":"https:\/\/www.avani.pt\/es\/wp-json\/wp\/v2\/product\/78155","targetHints":{"allow":["GET"]}}],"collection":[{"href":"https:\/\/www.avani.pt\/es\/wp-json\/wp\/v2\/product"}],"about":[{"href":"https:\/\/www.avani.pt\/es\/wp-json\/wp\/v2\/types\/product"}],"replies":[{"embeddable":true,"href":"https:\/\/www.avani.pt\/es\/wp-json\/wp\/v2\/comments?post=78155"}],"wp:featuredmedia":[{"embeddable":true,"href":"https:\/\/www.avani.pt\/es\/wp-json\/wp\/v2\/media\/75622"}],"wp:attachment":[{"href":"https:\/\/www.avani.pt\/es\/wp-json\/wp\/v2\/media?parent=78155"}],"wp:term":[{"taxonomy":"product_brand","embeddable":true,"href":"https:\/\/www.avani.pt\/es\/wp-json\/wp\/v2\/product_brand?post=78155"},{"taxonomy":"product_cat","embeddable":true,"href":"https:\/\/www.avani.pt\/es\/wp-json\/wp\/v2\/product_cat?post=78155"},{"taxonomy":"product_tag","embeddable":true,"href":"https:\/\/www.avani.pt\/es\/wp-json\/wp\/v2\/product_tag?post=78155"}],"curies":[{"name":"wp","href":"https:\/\/api.w.org\/{rel}","templated":true}]}}