{"id":78168,"date":"2022-07-13T23:11:40","date_gmt":"2022-07-13T22:11:40","guid":{"rendered":"https:\/\/www.avani.pt\/p\/horario-del-cabello-aspero-sin-brillo-ni-encrespamiento-grueso\/"},"modified":"2025-11-13T11:51:39","modified_gmt":"2025-11-13T11:51:39","slug":"horario-del-cabello-aspero-sin-brillo-ni-encrespamiento-grueso","status":"publish","type":"product","link":"https:\/\/www.avani.pt\/es\/p\/horario-del-cabello-aspero-sin-brillo-ni-encrespamiento-grueso\/","title":{"rendered":"Horario del cabello | \u00c1spero sin brillo ni encrespamiento | Grueso"},"content":{"rendered":"<div class=\"wpb-content-wrapper\"><p>[vc_row full_width=&#8221;stretch_row_content_no_spaces&#8221; el_class=&#8221;text-align-center&#8221;][vc_column]<div class=\"stars-of-product-module-wrapper margin-top-between-modules\">\n    <img decoding=\"async\" class=\"stars-of-product-module-left-image-design\" src=\"\/dist\/images\/stars_product_module_design.png\">\n    <img decoding=\"async\" class=\"stars-of-product-module-right-image-design\" src=\"\/dist\/images\/stars_product_module_design.png\">\n\n    <div class=\"container\">\n\n        <div class=\"stars-of-product-module text-align-center  desktop--only--md\">\n\n                            <div class=\"star-rating\">\n                                            <i class=\"fa fa-star\"><\/i>\n                                            <i class=\"fa fa-star\"><\/i>\n                                            <i class=\"fa fa-star\"><\/i>\n                                            <i class=\"fa fa-star\"><\/i>\n                                            <i class=\"fa fa-star\"><\/i>\n                                    <\/div>\n            \n                            <div class=\"stars-of-product-module-titles\">\n                                            <h2 class=\"stars-of-product-module-title black uppercase back_color\">Las estrellas del producto<\/h2>\n                                    <\/div>\n            \n                            <div class=\"stars-of-product-module-content\">\n                    <\/p>\n<p class=\"p1\"><span class=\"s1\">Este tratamiento con mascarillas es muy eficaz porque su uso conjunto proporciona una explosi\u00f3n de salud capilar. Este programa de cuidado capilar puede utilizarse durante un mes para conseguir un aumento muy visible de la recuperaci\u00f3n del cabello, o de forma m\u00e1s permanente para permitir un crecimiento m\u00e1s sano sin romper la fibra capilar. Esta agenda debe utilizarse al mismo tiempo que los productos complementarios que utilizas normalmente, como el champ\u00fa, el acondicionador o los productos de acabado.  <\/span><\/p>\n<p>\n\n                <\/div>\n            \n        <\/div>\n\n\n                    <div class=\"accordion   accordion-successive-first js-accordion not-found mobile--only--md stars-of-product-module text-align-center margin-top-between-modules back_color\">\n                <div class=\"accordion-container\">\n                    <div class=\"accordion-question space-between\">\n                                                    <h3 class=\"accordion-question-title uppercase back_color\">\n                                Las estrellas del producto\n                            <\/h3>\n                                                <span class=\"accordion-arrow back_color\">&emsp;<\/span>\n                    <\/div>\n                    <div class=\"accordion-answer\">\n\n                                                    <div class=\"star-rating\">\n                                                            <\/div>\n                        \n                                                    <div class=\"stars-of-product-module-content\">\n                                <\/p>\n<p class=\"p1\"><span class=\"s1\">Este tratamiento con mascarillas es muy eficaz porque su uso conjunto proporciona una explosi\u00f3n de salud capilar. Este programa de cuidado capilar puede utilizarse durante un mes para conseguir un aumento muy visible de la recuperaci\u00f3n del cabello, o de forma m\u00e1s permanente para permitir un crecimiento m\u00e1s sano sin romper la fibra capilar. Esta agenda debe utilizarse al mismo tiempo que los productos complementarios que utilizas normalmente, como el champ\u00fa, el acondicionador o los productos de acabado.  <\/span><\/p>\n<p>\n\n                            <\/div>\n                                            <\/div>\n                <\/div>\n            <\/div>\n        \n    <\/div>\n<\/div>\n[\/vc_column][\/vc_row][vc_row full_width=&#8221;stretch_row_content_no_spaces&#8221; el_class=&#8221;text-align-center&#8221;][vc_column]<div class=\"container \">\n\n    <div class=\"content-default-module text-align-center margin-top-between-modules\n        \n        \n        golden_border\n        \n        \n        \n        desktop--only--md\"\n        style=\"margin-bottom: 3px;\"\n    >\n\n                <div class=\"content-default-module-titles\">\n                            <h2 class=\"content-default-module-title uppercase black\">C&oacute;mo utilizarlo<\/h2>\n            \n                    <\/div>\n        \n                    <div class=\"content-default-module-content\">\n                <p>Este procedimiento con las 3 mascarillas capilares se aplica despu\u00e9s del lavado con el champ\u00fa habitual. Para este problema, y este tipo de cabello, es aconsejable empezar siempre con la mascarilla hidratante Vitamina capilar india, para que el cabello pueda recibir mejor los nutrientes de la mascarilla Nutrici\u00f3n capilar india. En este programa, lo principal ser\u00e1 alternar hidrataci\u00f3n y nutrici\u00f3n, para que luego la prote\u00edna de la mascarilla Indian Hair Rebuild pueda recibirse con mayor eficacia.  <\/p>\n<h2><\/h2>\n<h2><\/h2>\n<h2 style=\"text-align: center;\"><strong>AGENDA CAPILAR<\/strong><\/h2>\n<p><img loading=\"lazy\" decoding=\"async\" class=\"wp-image-59970 aligncenter\" src=\"https:\/\/www.avani.pt\/wp-content\/uploads\/2022\/07\/CG_Aspero-Sembrilho-frizz-Grosso-300x175.jpg\" alt=\"\" width=\"897\" height=\"523\" srcset=\"https:\/\/www.avani.pt\/wp-content\/uploads\/2022\/07\/CG_Aspero-Sembrilho-frizz-Grosso-300x175.jpg 300w, https:\/\/www.avani.pt\/wp-content\/uploads\/2022\/07\/CG_Aspero-Sembrilho-frizz-Grosso-600x350.jpg 600w, https:\/\/www.avani.pt\/wp-content\/uploads\/2022\/07\/CG_Aspero-Sembrilho-frizz-Grosso-103x60.jpg 103w, https:\/\/www.avani.pt\/wp-content\/uploads\/2022\/07\/CG_Aspero-Sembrilho-frizz-Grosso-154x90.jpg 154w, https:\/\/www.avani.pt\/wp-content\/uploads\/2022\/07\/CG_Aspero-Sembrilho-frizz-Grosso.jpg 799w\" sizes=\"auto, (max-width: 897px) 100vw, 897px\" \/><\/p>\n<p><img loading=\"lazy\" decoding=\"async\" class=\"wp-image-59971 aligncenter\" src=\"https:\/\/www.avani.pt\/wp-content\/uploads\/2022\/07\/CG_Semana_Aspero-Sembrilho-frizz-Grosso-300x143.jpg\" alt=\"\" width=\"890\" height=\"424\" srcset=\"https:\/\/www.avani.pt\/wp-content\/uploads\/2022\/07\/CG_Semana_Aspero-Sembrilho-frizz-Grosso-300x143.jpg 300w, https:\/\/www.avani.pt\/wp-content\/uploads\/2022\/07\/CG_Semana_Aspero-Sembrilho-frizz-Grosso-600x287.jpg 600w, https:\/\/www.avani.pt\/wp-content\/uploads\/2022\/07\/CG_Semana_Aspero-Sembrilho-frizz-Grosso-126x60.jpg 126w, https:\/\/www.avani.pt\/wp-content\/uploads\/2022\/07\/CG_Semana_Aspero-Sembrilho-frizz-Grosso-188x90.jpg 188w, https:\/\/www.avani.pt\/wp-content\/uploads\/2022\/07\/CG_Semana_Aspero-Sembrilho-frizz-Grosso.jpg 1024w\" sizes=\"auto, (max-width: 890px) 100vw, 890px\" \/><\/p>\n\n            <\/div>\n        \n        \n        \n\n        \n\n\n    <\/div>\n\n\n            <div class=\"accordion accordion-successive   js-accordion not-found mobile--only--md content-default-module text-align-center margin-top-between-modules back_color\">\n            <div class=\"accordion-container\">\n                <div class=\"accordion-question space-between\">\n                                            <h3 class=\"accordion-question-title uppercase back_color\">\n                            C&oacute;mo utilizarlo\n                        <\/h3>\n                                        <span class=\"accordion-arrow back_color\">&emsp;<\/span>\n                <\/div>\n                <div class=\"accordion-answer\">\n                    \n                                            <div class=\"content-default-module-content\">\n                            <p>Este procedimiento con las 3 mascarillas capilares se aplica despu\u00e9s del lavado con el champ\u00fa habitual. Para este problema, y este tipo de cabello, es aconsejable empezar siempre con la mascarilla hidratante Vitamina capilar india, para que el cabello pueda recibir mejor los nutrientes de la mascarilla Nutrici\u00f3n capilar india. En este programa, lo principal ser\u00e1 alternar hidrataci\u00f3n y nutrici\u00f3n, para que luego la prote\u00edna de la mascarilla Indian Hair Rebuild pueda recibirse con mayor eficacia.  <\/p>\n<h2><\/h2>\n<h2><\/h2>\n<h2 style=\"text-align: center;\"><strong>AGENDA CAPILAR<\/strong><\/h2>\n<p><img loading=\"lazy\" decoding=\"async\" class=\"wp-image-59970 aligncenter\" src=\"https:\/\/www.avani.pt\/wp-content\/uploads\/2022\/07\/CG_Aspero-Sembrilho-frizz-Grosso-300x175.jpg\" alt=\"\" width=\"897\" height=\"523\" srcset=\"https:\/\/www.avani.pt\/wp-content\/uploads\/2022\/07\/CG_Aspero-Sembrilho-frizz-Grosso-300x175.jpg 300w, https:\/\/www.avani.pt\/wp-content\/uploads\/2022\/07\/CG_Aspero-Sembrilho-frizz-Grosso-600x350.jpg 600w, https:\/\/www.avani.pt\/wp-content\/uploads\/2022\/07\/CG_Aspero-Sembrilho-frizz-Grosso-103x60.jpg 103w, https:\/\/www.avani.pt\/wp-content\/uploads\/2022\/07\/CG_Aspero-Sembrilho-frizz-Grosso-154x90.jpg 154w, https:\/\/www.avani.pt\/wp-content\/uploads\/2022\/07\/CG_Aspero-Sembrilho-frizz-Grosso.jpg 799w\" sizes=\"auto, (max-width: 897px) 100vw, 897px\" \/><\/p>\n<p><img loading=\"lazy\" decoding=\"async\" class=\"wp-image-59971 aligncenter\" src=\"https:\/\/www.avani.pt\/wp-content\/uploads\/2022\/07\/CG_Semana_Aspero-Sembrilho-frizz-Grosso-300x143.jpg\" alt=\"\" width=\"890\" height=\"424\" srcset=\"https:\/\/www.avani.pt\/wp-content\/uploads\/2022\/07\/CG_Semana_Aspero-Sembrilho-frizz-Grosso-300x143.jpg 300w, https:\/\/www.avani.pt\/wp-content\/uploads\/2022\/07\/CG_Semana_Aspero-Sembrilho-frizz-Grosso-600x287.jpg 600w, https:\/\/www.avani.pt\/wp-content\/uploads\/2022\/07\/CG_Semana_Aspero-Sembrilho-frizz-Grosso-126x60.jpg 126w, https:\/\/www.avani.pt\/wp-content\/uploads\/2022\/07\/CG_Semana_Aspero-Sembrilho-frizz-Grosso-188x90.jpg 188w, https:\/\/www.avani.pt\/wp-content\/uploads\/2022\/07\/CG_Semana_Aspero-Sembrilho-frizz-Grosso.jpg 1024w\" sizes=\"auto, (max-width: 890px) 100vw, 890px\" \/><\/p>\n\n                        <\/div>\n                    \n                    \n                                    <\/div>\n            <\/div>\n        <\/div>\n    \n<\/div>\n[vc_empty_space]<div class=\"container\">\n\t<div class=\"usability-tips-and-secrets-module desktop--only--md\">\n\n\t\t<div class=\"usability-tips-and-secrets-module-content-wrapper full-width-container\">\n\n\t\t\t\n\t\t\t\n\t\t\t\t\t\t\t<div class=\"usability-tips-and-secrets-module-content margin-top-between-modules\">\n\t\t\t\t\t\t\t\t\t\t\t<h2 class=\"uppercase black\">Consejos y secretos<\/h2>\n\t\t\t\t\t\n\t\t\t\t\t\t\t\t\t\t\t<p>Utiliza este tratamiento junto con los dem\u00e1s productos que ya utilizas a diario, como: champ\u00fa, acondicionador o finalizadores. Las mascarillas sirven como complementos para aumentar significativamente la salud del cabello. <\/p>\n\n\t\t\t\t\t\t\t\t\t<\/div>\n\t\t\t\t\t<\/div>\n\t<\/div>\n\n\t\t\t<div class=\"mobile--only--md usability-tips-and-secrets-module text-align-center margin-top-between-modules usability-tips-and-secrets-module-video\">\n\t\t\t\t\t<\/div>\n\t\n\t\n\t\t\t<div class=\"accordion accordion-successive js-accordion not-found mobile--only--md usability-tips-and-secrets-module text-align-center margin-top-between-modules back_color\">\n\t\t\t<div class=\"accordion-container\">\n\t\t\t\t<div class=\"accordion-question space-between\">\n\t\t\t\t\t\t\t\t\t\t\t<h3 class=\"accordion-question-title uppercase back_color\">\n\t\t\t\t\t\t\tConsejos y secretos\n\t\t\t\t\t\t<\/h3>\n\t\t\t\t\t\n\t\t\t\t\t<span class=\"accordion-arrow back_color\">&emsp;<\/span>\n\t\t\t\t<\/div>\n\t\t\t\t<div class=\"accordion-answer\">\n\t\t\t\t\t\t\t\t\t\t\t<div class=\"usability-tips-and-secrets-module-content\">\n\t\t\t\t\t\t\t<p>Utiliza este tratamiento junto con los dem\u00e1s productos que ya utilizas a diario, como: champ\u00fa, acondicionador o finalizadores. Las mascarillas sirven como complementos para aumentar significativamente la salud del cabello. <\/p>\n\n\t\t\t\t\t\t<\/div>\n\t\t\t\t\t\t\t\t\t<\/div>\n\t\t\t<\/div>\n\t\t<\/div>\n\t<\/div>\n[\/vc_column][\/vc_row][vc_row full_width=&#8221;stretch_row_content_no_spaces&#8221; el_class=&#8221;text-align-center&#8221;][vc_column]<div class=\"container \">\n\n    <div class=\"content-default-module text-align-center margin-top-between-modules\n        \n        \n        \n        \n        \n        \n        desktop--only--md\"\n        style=\"margin-bottom: 0px;\"\n    >\n\n                <div class=\"content-default-module-titles\">\n                            <h2 class=\"content-default-module-title uppercase black\">Detalles<\/h2>\n            \n                    <\/div>\n        \n                    <div class=\"content-default-module-content\">\n                <p><strong>Este tratamiento consiste en<\/strong><\/p>\n<p><a href=\"https:\/\/www.avani.pt\/es\/p\/mascarilla-reconstructiva-capilar-india-500-ml-reconstructiva\/\">Mascarilla Vitam\u00ednica Capilar Hind\u00fa 500 ml | Hidratante<\/a><br \/>\nExtremadamente rica en ingredientes excepcionales, esta mascarilla ayuda a la salud general del cabello -fortific\u00e1ndolo, hidrat\u00e1ndolo y reconstruy\u00e9ndolo- y est\u00e1 recomendada para todo tipo de cabellos. Enriquecida con ingredientes como la fruta Amla, el secreto indio, entre muchos otros, y con un aroma adictivo, no es casualidad que esta vers\u00e1til mascarilla sea la m\u00e1s vendida de Avani Professional.<\/p>\n<p><a href=\"https:\/\/www.avani.pt\/es\/p\/mascarilla-reconstructiva-capilar-india-500-ml-reconstructiva\/\">Indian Hair Rebuild Mask 500 ml | Mascarilla Reconstructiva<\/a><br \/>\npara cabellos muy da\u00f1ados por el trabajo t\u00e9cnico y el uso excesivo de herramientas t\u00e9rmicas. Compuesto por una innovadora tecnolog\u00eda MoringaBond realizada mediante el proceso de hidr\u00f3lisis de los distintos componentes de la planta de Moringa; la planta, las semillas y el aceite, lo que le confiere unas caracter\u00edsticas a\u00fan m\u00e1s potentes que <span class=\"il\">la moringa<\/span> en su estado natural, (da un resultado a\u00fan mejor que a\u00f1adir queratina externa al cabello porque act\u00faa desde el interior).<\/p>\n<p class=\"post-title\"><a href=\"https:\/\/www.avani.pt\/es\/p\/mascarilla-nutritiva-capilar-india-500-ml-nutritiva\/\">Mascarilla Nutritiva Capilar India 500 ml | Nutritiva<br \/>\nMascarilla nutritiva<\/a> profunda que aporta suavidad, brillo y manejabilidad a la fibra capilar. Se recomienda para todo tipo de cabellos, tanto naturales como sometidos a trabajos t\u00e9cnicos. Con ingredientes estrella como el fruto del Amla, aceites naturales de arg\u00e1n, semilla de uva, sacha inchi y oliva, manteca de karit\u00e9 y ceramidas.<\/p>\n<p>\n\n            <\/div>\n        \n        \n        \n\n        \n\n\n    <\/div>\n\n\n            <div class=\"accordion accordion-successive   js-accordion not-found mobile--only--md content-default-module text-align-center margin-top-between-modules back_color\">\n            <div class=\"accordion-container\">\n                <div class=\"accordion-question space-between\">\n                                            <h3 class=\"accordion-question-title uppercase back_color\">\n                            Detalles\n                        <\/h3>\n                                        <span class=\"accordion-arrow back_color\">&emsp;<\/span>\n                <\/div>\n                <div class=\"accordion-answer\">\n                    \n                                            <div class=\"content-default-module-content\">\n                            <p><strong>Este tratamiento consiste en<\/strong><\/p>\n<p><a href=\"https:\/\/www.avani.pt\/es\/p\/mascarilla-reconstructiva-capilar-india-500-ml-reconstructiva\/\">Mascarilla Vitam\u00ednica Capilar Hind\u00fa 500 ml | Hidratante<\/a><br \/>\nExtremadamente rica en ingredientes excepcionales, esta mascarilla ayuda a la salud general del cabello -fortific\u00e1ndolo, hidrat\u00e1ndolo y reconstruy\u00e9ndolo- y est\u00e1 recomendada para todo tipo de cabellos. Enriquecida con ingredientes como la fruta Amla, el secreto indio, entre muchos otros, y con un aroma adictivo, no es casualidad que esta vers\u00e1til mascarilla sea la m\u00e1s vendida de Avani Professional.<\/p>\n<p><a href=\"https:\/\/www.avani.pt\/es\/p\/mascarilla-reconstructiva-capilar-india-500-ml-reconstructiva\/\">Indian Hair Rebuild Mask 500 ml | Mascarilla Reconstructiva<\/a><br \/>\npara cabellos muy da\u00f1ados por el trabajo t\u00e9cnico y el uso excesivo de herramientas t\u00e9rmicas. Compuesto por una innovadora tecnolog\u00eda MoringaBond realizada mediante el proceso de hidr\u00f3lisis de los distintos componentes de la planta de Moringa; la planta, las semillas y el aceite, lo que le confiere unas caracter\u00edsticas a\u00fan m\u00e1s potentes que <span class=\"il\">la moringa<\/span> en su estado natural, (da un resultado a\u00fan mejor que a\u00f1adir queratina externa al cabello porque act\u00faa desde el interior).<\/p>\n<p class=\"post-title\"><a href=\"https:\/\/www.avani.pt\/es\/p\/mascarilla-nutritiva-capilar-india-500-ml-nutritiva\/\">Mascarilla Nutritiva Capilar India 500 ml | Nutritiva<br \/>\nMascarilla nutritiva<\/a> profunda que aporta suavidad, brillo y manejabilidad a la fibra capilar. Se recomienda para todo tipo de cabellos, tanto naturales como sometidos a trabajos t\u00e9cnicos. Con ingredientes estrella como el fruto del Amla, aceites naturales de arg\u00e1n, semilla de uva, sacha inchi y oliva, manteca de karit\u00e9 y ceramidas.<\/p>\n<p>\n\n                        <\/div>\n                    \n                    \n                                    <\/div>\n            <\/div>\n        <\/div>\n    \n<\/div>\n[vc_empty_space]<div class=\"tip-products margin-top-between-modules default\">\n    <div class=\"container\">\n                    <h2 class=\"title\">\n                Comprar individualmente\n            <\/h2>\n        \n        \n        <div class=\"products-container\">\n                            <div class=\"tip-products-wrapper\">\n                                                                                                                                                                                                                    <\/div>\n                    <\/div>\n\n    <\/div>\n<\/div>\n[\/vc_column][\/vc_row]<\/p>\n<\/div>","protected":false},"excerpt":{"rendered":"<p class=\"p1\"><span class=\"s1\">Para cabellos \u00e1speros, apagados y encrespados. Incluye un programa de tratamientos capilares semanales con mascarillas hidratantes, nutritivas y reconstructoras. <\/span><\/p>\n","protected":false},"featured_media":76882,"comment_status":"open","ping_status":"closed","template":"","meta":{"_acf_changed":false},"product_brand":[],"product_cat":[581,580],"product_tag":[],"class_list":{"0":"post-78168","1":"product","2":"type-product","3":"status-publish","4":"has-post-thumbnail","6":"product_cat-cabello-aspero-sin-brillo-y-encrespado","7":"product_cat-horario-de-peluqueria","9":"first","10":"instock","11":"taxable","12":"shipping-taxable","13":"purchasable","14":"product-type-simple"},"acf":[],"wooqr_code":"","_links":{"self":[{"href":"https:\/\/www.avani.pt\/es\/wp-json\/wp\/v2\/product\/78168","targetHints":{"allow":["GET"]}}],"collection":[{"href":"https:\/\/www.avani.pt\/es\/wp-json\/wp\/v2\/product"}],"about":[{"href":"https:\/\/www.avani.pt\/es\/wp-json\/wp\/v2\/types\/product"}],"replies":[{"embeddable":true,"href":"https:\/\/www.avani.pt\/es\/wp-json\/wp\/v2\/comments?post=78168"}],"wp:featuredmedia":[{"embeddable":true,"href":"https:\/\/www.avani.pt\/es\/wp-json\/wp\/v2\/media\/76882"}],"wp:attachment":[{"href":"https:\/\/www.avani.pt\/es\/wp-json\/wp\/v2\/media?parent=78168"}],"wp:term":[{"taxonomy":"product_brand","embeddable":true,"href":"https:\/\/www.avani.pt\/es\/wp-json\/wp\/v2\/product_brand?post=78168"},{"taxonomy":"product_cat","embeddable":true,"href":"https:\/\/www.avani.pt\/es\/wp-json\/wp\/v2\/product_cat?post=78168"},{"taxonomy":"product_tag","embeddable":true,"href":"https:\/\/www.avani.pt\/es\/wp-json\/wp\/v2\/product_tag?post=78168"}],"curies":[{"name":"wp","href":"https:\/\/api.w.org\/{rel}","templated":true}]}}