{"id":78186,"date":"2022-03-28T10:01:50","date_gmt":"2022-03-28T09:01:50","guid":{"rendered":"https:\/\/www.avani.pt\/p\/aceite-capilar-nutricion-del-cuero-cabelludo-cuidado-capilar-de-lujo\/"},"modified":"2025-10-21T12:03:30","modified_gmt":"2025-10-21T11:03:30","slug":"aceite-capilar-nutricion-del-cuero-cabelludo-cuidado-capilar-de-lujo","status":"publish","type":"product","link":"https:\/\/www.avani.pt\/es\/p\/aceite-capilar-nutricion-del-cuero-cabelludo-cuidado-capilar-de-lujo\/","title":{"rendered":"Aceite capilar Nutrici\u00f3n del cuero cabelludo | Cuidado capilar de lujo"},"content":{"rendered":"<div class=\"wpb-content-wrapper\"><p>[vc_row full_width=&#8221;stretch_row_content_no_spaces&#8221; el_class=&#8221;text-align-center&#8221;][vc_column]<div class=\"stars-of-product-module-wrapper margin-top-between-modules\">\n    <img decoding=\"async\" class=\"stars-of-product-module-left-image-design\" src=\"\/dist\/images\/stars_product_module_design.png\">\n    <img decoding=\"async\" class=\"stars-of-product-module-right-image-design\" src=\"\/dist\/images\/stars_product_module_design.png\">\n\n    <div class=\"container\">\n\n        <div class=\"stars-of-product-module text-align-center  desktop--only--md\">\n\n            \n                            <div class=\"stars-of-product-module-titles\">\n                                            <h2 class=\"stars-of-product-module-title black uppercase back_color\">Las estrellas del producto<\/h2>\n                                    <\/div>\n            \n                            <div class=\"stars-of-product-module-content\">\n                    <p>Con este tratamiento, el cuero cabelludo se beneficia de las propiedades de los aceites: antibacteriano natural Melaleuca Pura; nutritivo Cura de Ricino y regenerador Cura de Rosa Mosqueta, que permiten un crecimiento sano del cabello. La India es un pa\u00eds de color, m\u00fasica y muchas tradiciones. Existe una fuerte conexi\u00f3n con la espiritualidad, y como vemos a las Diosas indias y su reflejo en las mujeres, el pelo largo es una pr\u00e1ctica com\u00fan para las mujeres de todas las edades. El pelo largo y sano simboliza la belleza, la fuerza y el poder femeninos. Uno de los rituales ancestrales que se utilizan para cuidar el cabello es la &#8220;Unci\u00f3n del Cabello&#8221;, que no es s\u00f3lo un ritual de belleza, sino tambi\u00e9n una tradici\u00f3n de amor, que refuerza los lazos transmitidos de generaci\u00f3n en generaci\u00f3n. El masaje se realiza con las yemas de los dedos en el cuero cabelludo, las sienes y el cuello, lo que ayuda a exfoliar, hidratar y mejorar la circulaci\u00f3n, permitiendo que el pelo crezca sano. Se cree que este masaje activa el s\u00e9ptimo chakra. El s\u00e9ptimo chakra, el de la coronilla, que est\u00e1 conectado con la gl\u00e1ndula pineal, act\u00faa para calmar nuestra mente. Est\u00e1 situado en la parte superior de la cabeza y es el centro de conexi\u00f3n con el universo y el punto de entrada de la energ\u00eda. El s\u00e1nscrito es la antigua lengua india, considerada la madre de todas las lenguas; y en s\u00e1nscrito &#8220;sneha&#8221; tiene 2 significados: aceite y amor, \u00a1lo cual no es casualidad! En la cultura india, el masaje con aceite significa dar amor, por eso es una tradici\u00f3n que se transmite de generaci\u00f3n en generaci\u00f3n.<\/p>\n\n                <\/div>\n            \n        <\/div>\n\n\n                    <div class=\"accordion   accordion-successive-first js-accordion not-found mobile--only--md stars-of-product-module text-align-center margin-top-between-modules back_color\">\n                <div class=\"accordion-container\">\n                    <div class=\"accordion-question space-between\">\n                                                    <h3 class=\"accordion-question-title uppercase back_color\">\n                                As Estrelas do Produto\n                            <\/h3>\n                                                <span class=\"accordion-arrow back_color\">&emsp;<\/span>\n                    <\/div>\n                    <div class=\"accordion-answer\">\n\n                        \n                                                    <div class=\"stars-of-product-module-content\">\n                                <p>Con este tratamiento, el cuero cabelludo se beneficia de las propiedades de los aceites: antibacteriano natural Melaleuca Pura; nutritivo Cura de Ricino y regenerador Cura de Rosa Mosqueta, que permiten un crecimiento sano del cabello. La India es un pa\u00eds de color, m\u00fasica y muchas tradiciones. Existe una fuerte conexi\u00f3n con la espiritualidad, y como vemos a las Diosas indias y su reflejo en las mujeres, el pelo largo es una pr\u00e1ctica com\u00fan para las mujeres de todas las edades. El pelo largo y sano simboliza la belleza, la fuerza y el poder femeninos. Uno de los rituales ancestrales que se utilizan para cuidar el cabello es la &#8220;Unci\u00f3n del Cabello&#8221;, que no es s\u00f3lo un ritual de belleza, sino tambi\u00e9n una tradici\u00f3n de amor, que refuerza los lazos transmitidos de generaci\u00f3n en generaci\u00f3n. El masaje se realiza con las yemas de los dedos en el cuero cabelludo, las sienes y el cuello, lo que ayuda a exfoliar, hidratar y mejorar la circulaci\u00f3n, permitiendo que el pelo crezca sano. Se cree que este masaje activa el s\u00e9ptimo chakra. El s\u00e9ptimo chakra, el de la coronilla, que est\u00e1 conectado con la gl\u00e1ndula pineal, act\u00faa para calmar nuestra mente. Est\u00e1 situado en la parte superior de la cabeza y es el centro de conexi\u00f3n con el universo y el punto de entrada de la energ\u00eda. El s\u00e1nscrito es la antigua lengua india, considerada la madre de todas las lenguas; y en s\u00e1nscrito &#8220;sneha&#8221; tiene 2 significados: aceite y amor, \u00a1lo cual no es casualidad! En la cultura india, el masaje con aceite significa dar amor, por eso es una tradici\u00f3n que se transmite de generaci\u00f3n en generaci\u00f3n.<\/p>\n\n                            <\/div>\n                                            <\/div>\n                <\/div>\n            <\/div>\n        \n    <\/div>\n<\/div>\n[\/vc_column][\/vc_row][vc_row full_width=&#8221;stretch_row_content_no_spaces&#8221; el_class=&#8221;text-align-center&#8221;][vc_column]<div class=\"container\">\n\t<div class=\"usability-tips-and-secrets-module desktop--only--md\">\n\n\t\t<div class=\"usability-tips-and-secrets-module-content-wrapper full-width-container\">\n\n\t\t\t\n\t\t\t\t\t\t\t<div class=\"usability-tips-and-secrets-module-content usability-tips-and-secrets-module-content--bordered margin-top-between-modules\">\n\t\t\t\t\t\t\t\t\t\t\t<h2 class=\"uppercase black\">Como usar<\/h2>\n\t\t\t\t\t\n\t\t\t\t\t\t\t\t\t\t\t<p>Misturar numa ta\u00e7a: 2 dosagens de \u00f3leo de r\u00edcino, 10 gotas de \u00f3leo de rosa mosqueta e 2 gotas de \u00f3leo de Melaleuca misturando bem. Depois fazer a massagem que \u00e9 realizada com a ponta dos dedos no couro cabeludo, t\u00eamporas e pesco\u00e7o. Esta massagem ir\u00e1 ajudar na exfolia\u00e7\u00e3o e hidrata\u00e7\u00e3o melhorando a circula\u00e7\u00e3o, permitindo assim um crescimento saud\u00e1vel dos fios.<\/p>\n\n\t\t\t\t\t\t\t\t\t<\/div>\n\t\t\t\n\t\t\t\t\t<\/div>\n\t<\/div>\n\n\t\n\t\t\t<div class=\"accordion accordion-successive  js-accordion not-found mobile--only--md usability-tips-and-secrets-module text-align-center margin-top-between-modules back_color\">\n\t\t\t<div class=\"accordion-container\">\n\t\t\t\t<div class=\"accordion-question space-between\">\n\t\t\t\t\t\t\t\t\t\t\t<h3 class=\"accordion-question-title uppercase back_color\">\n\t\t\t\t\t\t\tComo usar\n\t\t\t\t\t\t<\/h3>\n\t\t\t\t\t\n\t\t\t\t\t<span class=\"accordion-arrow back_color\">&emsp;<\/span>\n\t\t\t\t<\/div>\n\t\t\t\t<div class=\"accordion-answer\">\n\t\t\t\t\t\t\t\t\t\t\t<div class=\"usability-tips-and-secrets-module-content\">\n\t\t\t\t\t\t\t<p>Misturar numa ta\u00e7a: 2 dosagens de \u00f3leo de r\u00edcino, 10 gotas de \u00f3leo de rosa mosqueta e 2 gotas de \u00f3leo de Melaleuca misturando bem. Depois fazer a massagem que \u00e9 realizada com a ponta dos dedos no couro cabeludo, t\u00eamporas e pesco\u00e7o. Esta massagem ir\u00e1 ajudar na exfolia\u00e7\u00e3o e hidrata\u00e7\u00e3o melhorando a circula\u00e7\u00e3o, permitindo assim um crescimento saud\u00e1vel dos fios.<\/p>\n\n\t\t\t\t\t\t<\/div>\n\t\t\t\t\t\t\t\t\t<\/div>\n\t\t\t<\/div>\n\t\t<\/div>\n\t\n\t<\/div>\n[\/vc_column][\/vc_row][vc_row full_width=&#8221;stretch_row_content_no_spaces&#8221; el_class=&#8221;text-align-center&#8221;][vc_column]<div class=\"container \">\n\n    <div class=\"content-default-module text-align-center margin-top-between-modules\n        \n        \n        \n        \n        \n        \n        desktop--only--md\"\n        style=\"margin-bottom: 0px;\"\n    >\n\n                <div class=\"content-default-module-titles\">\n                            <h2 class=\"content-default-module-title uppercase black\">Dicas &amp; Segredos<\/h2>\n            \n                    <\/div>\n        \n                    <div class=\"content-default-module-content\">\n                <p>Este tratamento pode ser complementado com o uso do Creme Purificante Cold effect que\u00a0purifica, acalma, hidrata e fortifica o couro cabeludo.<\/p>\n<p>Para descama\u00e7\u00e3o no couro cabeludo recomendamos juntar a esta mistura 4 dosagens de Gel de Aloe Vera Avani e o T\u00f3nico Capilar Avani (quantidade a olho at\u00e9 conseguir formar uma pasta), misturando bem at\u00e9 conseguir uma mistura homog\u00e9nea. Aplicar e massajar no couro cabeludo meia hora antes da lavagem.<\/p>\n<p>Veja os produtos recomendados:<br \/>\n<a href=\"https:\/\/www.avani.pt\/p\/mascara-cold-effect-anticaspa-indian-hair-500ml\/\">M\u00e1scara Cold Effect Anticaspa Indian Hair 500 ml | Aloe Vera<\/a><\/p>\n<p><a href=\"https:\/\/www.avani.pt\/p\/gel-100-aloe-vera-refrescante-100ml\/\">Gel Aloe Vera Refrescante 100ml | Efeito Calmante<\/a><\/p>\n<p><a href=\"https:\/\/www.avani.pt\/p\/tonico-capilar-vitaminado-fortificante-indian-hair-100ml\/\">T\u00f3nico Capilar Vitaminado Fortificante Indian Hair 100ml | Amla<\/a><\/p>\n\n            <\/div>\n        \n        \n        \n\n        \n\n\n    <\/div>\n\n\n            <div class=\"accordion accordion-successive   js-accordion not-found mobile--only--md content-default-module text-align-center margin-top-between-modules back_color\">\n            <div class=\"accordion-container\">\n                <div class=\"accordion-question space-between\">\n                                            <h3 class=\"accordion-question-title uppercase back_color\">\n                            Dicas &amp; Segredos\n                        <\/h3>\n                                        <span class=\"accordion-arrow back_color\">&emsp;<\/span>\n                <\/div>\n                <div class=\"accordion-answer\">\n                    \n                                            <div class=\"content-default-module-content\">\n                            <p>Este tratamento pode ser complementado com o uso do Creme Purificante Cold effect que\u00a0purifica, acalma, hidrata e fortifica o couro cabeludo.<\/p>\n<p>Para descama\u00e7\u00e3o no couro cabeludo recomendamos juntar a esta mistura 4 dosagens de Gel de Aloe Vera Avani e o T\u00f3nico Capilar Avani (quantidade a olho at\u00e9 conseguir formar uma pasta), misturando bem at\u00e9 conseguir uma mistura homog\u00e9nea. Aplicar e massajar no couro cabeludo meia hora antes da lavagem.<\/p>\n<p>Veja os produtos recomendados:<br \/>\n<a href=\"https:\/\/www.avani.pt\/p\/mascara-cold-effect-anticaspa-indian-hair-500ml\/\">M\u00e1scara Cold Effect Anticaspa Indian Hair 500 ml | Aloe Vera<\/a><\/p>\n<p><a href=\"https:\/\/www.avani.pt\/p\/gel-100-aloe-vera-refrescante-100ml\/\">Gel Aloe Vera Refrescante 100ml | Efeito Calmante<\/a><\/p>\n<p><a href=\"https:\/\/www.avani.pt\/p\/tonico-capilar-vitaminado-fortificante-indian-hair-100ml\/\">T\u00f3nico Capilar Vitaminado Fortificante Indian Hair 100ml | Amla<\/a><\/p>\n\n                        <\/div>\n                    \n                    \n                                    <\/div>\n            <\/div>\n        <\/div>\n    \n<\/div>\n<div class=\"container \">\n\n    <div class=\"content-default-module text-align-center margin-top-between-modules\n        \n        \n        \n        \n        \n        \n        desktop--only--md\"\n        style=\"margin-bottom: 0px;\"\n    >\n\n                <div class=\"content-default-module-titles\">\n                            <h2 class=\"content-default-module-title uppercase black\">Composi&ccedil;&atilde;o<\/h2>\n            \n                    <\/div>\n        \n                    <div class=\"content-default-module-content\">\n                <p>Este tratamento \u00e9 composto por:<\/p>\n<p><a href=\"https:\/\/www.avani.pt\/p\/oleo-de-ricino-100ml\/\"><strong>\u00d3leo de R\u00edcino Cure 100ml<\/strong><\/a><br \/>\n<a href=\"https:\/\/www.avani.pt\/p\/oleo-melaleuca-tea-tree-10ml\/\"><strong>\u00d3leo Melaleuca Tea Tree 15ml<\/strong><\/a><br \/>\n<a href=\"https:\/\/www.avani.pt\/p\/oleo-de-rosa-mosqueta-puro-biologico-e-organico\/\"><strong>\u00d3leo de Rosa Mosqueta Puro | Virgem e Biol\u00f3gico | 30 ml<\/strong><\/a><\/p>\n\n            <\/div>\n        \n        \n        \n\n        \n\n\n    <\/div>\n\n\n            <div class=\"accordion accordion-successive   js-accordion not-found mobile--only--md content-default-module text-align-center margin-top-between-modules back_color\">\n            <div class=\"accordion-container\">\n                <div class=\"accordion-question space-between\">\n                                            <h3 class=\"accordion-question-title uppercase back_color\">\n                            Composi&ccedil;&atilde;o\n                        <\/h3>\n                                        <span class=\"accordion-arrow back_color\">&emsp;<\/span>\n                <\/div>\n                <div class=\"accordion-answer\">\n                    \n                                            <div class=\"content-default-module-content\">\n                            <p>Este tratamento \u00e9 composto por:<\/p>\n<p><a href=\"https:\/\/www.avani.pt\/p\/oleo-de-ricino-100ml\/\"><strong>\u00d3leo de R\u00edcino Cure 100ml<\/strong><\/a><br \/>\n<a href=\"https:\/\/www.avani.pt\/p\/oleo-melaleuca-tea-tree-10ml\/\"><strong>\u00d3leo Melaleuca Tea Tree 15ml<\/strong><\/a><br \/>\n<a href=\"https:\/\/www.avani.pt\/p\/oleo-de-rosa-mosqueta-puro-biologico-e-organico\/\"><strong>\u00d3leo de Rosa Mosqueta Puro | Virgem e Biol\u00f3gico | 30 ml<\/strong><\/a><\/p>\n\n                        <\/div>\n                    \n                    \n                                    <\/div>\n            <\/div>\n        <\/div>\n    \n<\/div>\n<div class=\"tip-products margin-top-between-modules default\">\n    <div class=\"container\">\n                    <h2 class=\"title\">\n                Comprar Individualmente\n            <\/h2>\n        \n        \n        <div class=\"products-container\">\n                    <\/div>\n\n    <\/div>\n<\/div>\n[\/vc_column][\/vc_row]<\/p>\n<\/div>","protected":false},"excerpt":{"rendered":"<p>Seg\u00fan la ciencia india del Ayurveda, el engrasado capilar es un tratamiento que se practica antes del ba\u00f1o o la noche anterior al champ\u00fa y que consiste en aprovechar los poderes regeneradores de los aceites naturales aplic\u00e1ndolos sobre el cuero cabelludo y el cabello con el fin de nutrirlos e hidratarlos, reduciendo as\u00ed la deshidrataci\u00f3n y fortaleciendo el cabello.<\/p>\n","protected":false},"featured_media":74660,"comment_status":"open","ping_status":"closed","template":"","meta":{"_acf_changed":false},"product_brand":[],"product_cat":[465,593,448,529,630,592,156],"product_tag":[],"class_list":{"0":"post-78186","1":"product","2":"type-product","3":"status-publish","4":"has-post-thumbnail","6":"product_cat-atencion","7":"product_cat-conjuntos-de-verano","8":"product_cat-problemas-del-cuero-cabelludo","9":"product_cat-problemas-del-cuero-cabelludo-tratamientos-exclusivos-avani","10":"product_cat-recomendaciones-de-avani","12":"product_cat-cabelo","14":"first","15":"instock","16":"taxable","17":"shipping-taxable","18":"purchasable","19":"product-type-simple"},"acf":[],"wooqr_code":"","_links":{"self":[{"href":"https:\/\/www.avani.pt\/es\/wp-json\/wp\/v2\/product\/78186","targetHints":{"allow":["GET"]}}],"collection":[{"href":"https:\/\/www.avani.pt\/es\/wp-json\/wp\/v2\/product"}],"about":[{"href":"https:\/\/www.avani.pt\/es\/wp-json\/wp\/v2\/types\/product"}],"replies":[{"embeddable":true,"href":"https:\/\/www.avani.pt\/es\/wp-json\/wp\/v2\/comments?post=78186"}],"wp:featuredmedia":[{"embeddable":true,"href":"https:\/\/www.avani.pt\/es\/wp-json\/wp\/v2\/media\/74660"}],"wp:attachment":[{"href":"https:\/\/www.avani.pt\/es\/wp-json\/wp\/v2\/media?parent=78186"}],"wp:term":[{"taxonomy":"product_brand","embeddable":true,"href":"https:\/\/www.avani.pt\/es\/wp-json\/wp\/v2\/product_brand?post=78186"},{"taxonomy":"product_cat","embeddable":true,"href":"https:\/\/www.avani.pt\/es\/wp-json\/wp\/v2\/product_cat?post=78186"},{"taxonomy":"product_tag","embeddable":true,"href":"https:\/\/www.avani.pt\/es\/wp-json\/wp\/v2\/product_tag?post=78186"}],"curies":[{"name":"wp","href":"https:\/\/api.w.org\/{rel}","templated":true}]}}