{"id":78188,"date":"2022-03-21T18:03:33","date_gmt":"2022-03-21T18:03:33","guid":{"rendered":"https:\/\/www.avani.pt\/p\/set-reafirmante-reductor-de-grasa-con-ejercicio\/"},"modified":"2025-10-21T12:03:20","modified_gmt":"2025-10-21T11:03:20","slug":"set-reafirmante-reductor-de-grasa-con-ejercicio","status":"publish","type":"product","link":"https:\/\/www.avani.pt\/es\/p\/set-reafirmante-reductor-de-grasa-con-ejercicio\/","title":{"rendered":"Set Reafirmante Reductor de Grasa con Ejercicio"},"content":{"rendered":"","protected":false},"excerpt":{"rendered":"<p style=\"text-align: left;\">El resultado cosm\u00e9tico es muy significativo, ya que muestra una mejora visible de la celulitis, la elasticidad y la tersura de la piel, as\u00ed como una reducci\u00f3n de la cantidad de agua extracelular y de la masa grasa corporal y, en consecuencia, una reducci\u00f3n de la circunferencia de la zona afectada.<\/p>\n","protected":false},"featured_media":73662,"comment_status":"open","ping_status":"closed","template":"","meta":{"_acf_changed":false},"product_brand":[],"product_cat":[474,440,598,600,593,601,491,552,597,545,599,602,596],"product_tag":[],"class_list":{"0":"post-78188","1":"product","2":"type-product","3":"status-publish","4":"has-post-thumbnail","6":"product_cat-alcanfor","7":"product_cat-aloe-vera","8":"product_cat-anticelulitico","9":"product_cat-cafe","10":"product_cat-conjuntos-de-verano","11":"product_cat-cuerpo-2","12":"product_cat-cuerpo","13":"product_cat-cuidado-corporal","14":"product_cat-exfoliante-corporal","15":"product_cat-firmeza-y-elasticidad","16":"product_cat-grasa-localizada","17":"product_cat-reafirmante-y-reductor-de-grasa","18":"product_cat-solares","20":"first","21":"instock","22":"taxable","23":"shipping-taxable","24":"purchasable","25":"product-type-simple"},"acf":[],"wooqr_code":"","_links":{"self":[{"href":"https:\/\/www.avani.pt\/es\/wp-json\/wp\/v2\/product\/78188","targetHints":{"allow":["GET"]}}],"collection":[{"href":"https:\/\/www.avani.pt\/es\/wp-json\/wp\/v2\/product"}],"about":[{"href":"https:\/\/www.avani.pt\/es\/wp-json\/wp\/v2\/types\/product"}],"replies":[{"embeddable":true,"href":"https:\/\/www.avani.pt\/es\/wp-json\/wp\/v2\/comments?post=78188"}],"wp:featuredmedia":[{"embeddable":true,"href":"https:\/\/www.avani.pt\/es\/wp-json\/wp\/v2\/media\/73662"}],"wp:attachment":[{"href":"https:\/\/www.avani.pt\/es\/wp-json\/wp\/v2\/media?parent=78188"}],"wp:term":[{"taxonomy":"product_brand","embeddable":true,"href":"https:\/\/www.avani.pt\/es\/wp-json\/wp\/v2\/product_brand?post=78188"},{"taxonomy":"product_cat","embeddable":true,"href":"https:\/\/www.avani.pt\/es\/wp-json\/wp\/v2\/product_cat?post=78188"},{"taxonomy":"product_tag","embeddable":true,"href":"https:\/\/www.avani.pt\/es\/wp-json\/wp\/v2\/product_tag?post=78188"}],"curies":[{"name":"wp","href":"https:\/\/api.w.org\/{rel}","templated":true}]}}