{"id":78200,"date":"2021-01-21T09:12:28","date_gmt":"2021-01-21T09:12:28","guid":{"rendered":"https:\/\/www.avani.pt\/p\/mascarilla-panchali-500-ml-hidratante-y-fortalecedora-azafran-ecologico\/"},"modified":"2026-03-14T21:15:17","modified_gmt":"2026-03-14T21:15:17","slug":"mascarilla-panchali-500-ml-hidratante-y-fortalecedora-azafran-ecologico","status":"publish","type":"product","link":"https:\/\/www.avani.pt\/es\/p\/mascarilla-panchali-500-ml-hidratante-y-fortalecedora-azafran-ecologico\/","title":{"rendered":"Mascarilla Panchali 500 ml | Hidratante y Fortalecedora | Azafr\u00e1n Ecol\u00f3gico"},"content":{"rendered":"","protected":false},"excerpt":{"rendered":"<p class=\"p1\">Mascarilla especial concentrada hidratante, nutritiva y protectora con extracto de azafr\u00e1n ecol\u00f3gico, considerado el oro rojo de la India. Enriquecida con m\u00e1s de un 99% de ingredientes naturales. Sin sal ni colorantes artificiales. \u00a1Ganadora del Premio Top a la Innovaci\u00f3n en Belleza 2022!   <\/p>\n","protected":false},"featured_media":76902,"comment_status":"open","ping_status":"closed","template":"","meta":{"_acf_changed":false},"product_brand":[],"product_cat":[621,473,502,434,624,573,620,483,503,501,625,156],"product_tag":[],"class_list":{"0":"post-78200","1":"product","2":"type-product","3":"status-publish","4":"has-post-thumbnail","6":"product_cat-azafran","7":"product_cat-fortalecimiento-capilar-y-caida-del-cabello","8":"product_cat-linea-spa-capilar","9":"product_cat-mascarillas-capilares","10":"product_cat-no-poo-bajo","11":"product_cat-no-lo-pow-tratamientos-low-poo","12":"product_cat-panchali-fortalecedor-y-calmante","13":"product_cat-productos-cabello","14":"product_cat-productos-linea-spa","15":"product_cat-profesional","16":"product_cat-tratamientos-no-lo-pow-no-poo","17":"product_cat-cabelo","19":"first","20":"instock","21":"taxable","22":"shipping-taxable","23":"purchasable","24":"product-type-simple"},"acf":[],"wooqr_code":"","_links":{"self":[{"href":"https:\/\/www.avani.pt\/es\/wp-json\/wp\/v2\/product\/78200","targetHints":{"allow":["GET"]}}],"collection":[{"href":"https:\/\/www.avani.pt\/es\/wp-json\/wp\/v2\/product"}],"about":[{"href":"https:\/\/www.avani.pt\/es\/wp-json\/wp\/v2\/types\/product"}],"replies":[{"embeddable":true,"href":"https:\/\/www.avani.pt\/es\/wp-json\/wp\/v2\/comments?post=78200"}],"wp:featuredmedia":[{"embeddable":true,"href":"https:\/\/www.avani.pt\/es\/wp-json\/wp\/v2\/media\/76902"}],"wp:attachment":[{"href":"https:\/\/www.avani.pt\/es\/wp-json\/wp\/v2\/media?parent=78200"}],"wp:term":[{"taxonomy":"product_brand","embeddable":true,"href":"https:\/\/www.avani.pt\/es\/wp-json\/wp\/v2\/product_brand?post=78200"},{"taxonomy":"product_cat","embeddable":true,"href":"https:\/\/www.avani.pt\/es\/wp-json\/wp\/v2\/product_cat?post=78200"},{"taxonomy":"product_tag","embeddable":true,"href":"https:\/\/www.avani.pt\/es\/wp-json\/wp\/v2\/product_tag?post=78200"}],"curies":[{"name":"wp","href":"https:\/\/api.w.org\/{rel}","templated":true}]}}