{"id":78202,"date":"2021-01-21T09:10:52","date_gmt":"2021-01-21T09:10:52","guid":{"rendered":"https:\/\/www.avani.pt\/p\/champu-fortalecedor-y-calmante-al-azafran-panchali-250-ml-sin-sal\/"},"modified":"2026-03-21T08:12:48","modified_gmt":"2026-03-21T08:12:48","slug":"champu-fortalecedor-y-calmante-al-azafran-panchali-250-ml-sin-sal","status":"publish","type":"product","link":"https:\/\/www.avani.pt\/es\/p\/champu-fortalecedor-y-calmante-al-azafran-panchali-250-ml-sin-sal\/","title":{"rendered":"Champ\u00fa fortalecedor y calmante al azafr\u00e1n Panchali 250 ml | Sin sal"},"content":{"rendered":"","protected":false},"excerpt":{"rendered":"<p>Champ\u00fa especial, fortificante y calmante del cuero cabelludo, enriquecido con azafr\u00e1n, el Oro Rojo de la India, ayuda a combatir la ca\u00edda del cabello y estimula su crecimiento sano. Limpia suavemente a la vez que protege. Enriquecido con m\u00e1s de un 98% de ingredientes naturales. Sin sal ni colorantes artificiales. \u00a1Para un cabello indio largo, fuerte, brillante y sano!    <\/p>\n<p>&nbsp;<\/p>\n","protected":false},"featured_media":73704,"comment_status":"open","ping_status":"closed","template":"","meta":{"_acf_changed":false},"product_brand":[],"product_cat":[621,433,473,502,620,483,503,501,156],"product_tag":[],"class_list":{"0":"post-78202","1":"product","2":"type-product","3":"status-publish","4":"has-post-thumbnail","6":"product_cat-azafran","7":"product_cat-champus","8":"product_cat-fortalecimiento-capilar-y-caida-del-cabello","9":"product_cat-linea-spa-capilar","10":"product_cat-panchali-fortalecedor-y-calmante","11":"product_cat-productos-cabello","12":"product_cat-productos-linea-spa","13":"product_cat-profesional","14":"product_cat-cabelo","16":"first","17":"instock","18":"taxable","19":"shipping-taxable","20":"purchasable","21":"product-type-simple"},"acf":[],"wooqr_code":"","_links":{"self":[{"href":"https:\/\/www.avani.pt\/es\/wp-json\/wp\/v2\/product\/78202","targetHints":{"allow":["GET"]}}],"collection":[{"href":"https:\/\/www.avani.pt\/es\/wp-json\/wp\/v2\/product"}],"about":[{"href":"https:\/\/www.avani.pt\/es\/wp-json\/wp\/v2\/types\/product"}],"replies":[{"embeddable":true,"href":"https:\/\/www.avani.pt\/es\/wp-json\/wp\/v2\/comments?post=78202"}],"wp:featuredmedia":[{"embeddable":true,"href":"https:\/\/www.avani.pt\/es\/wp-json\/wp\/v2\/media\/73704"}],"wp:attachment":[{"href":"https:\/\/www.avani.pt\/es\/wp-json\/wp\/v2\/media?parent=78202"}],"wp:term":[{"taxonomy":"product_brand","embeddable":true,"href":"https:\/\/www.avani.pt\/es\/wp-json\/wp\/v2\/product_brand?post=78202"},{"taxonomy":"product_cat","embeddable":true,"href":"https:\/\/www.avani.pt\/es\/wp-json\/wp\/v2\/product_cat?post=78202"},{"taxonomy":"product_tag","embeddable":true,"href":"https:\/\/www.avani.pt\/es\/wp-json\/wp\/v2\/product_tag?post=78202"}],"curies":[{"name":"wp","href":"https:\/\/api.w.org\/{rel}","templated":true}]}}