{"id":78211,"date":"2020-11-06T16:55:37","date_gmt":"2020-11-06T16:55:37","guid":{"rendered":"https:\/\/www.avani.pt\/p\/libro-solidario-bhagavad-gita\/"},"modified":"2025-10-21T12:03:22","modified_gmt":"2025-10-21T11:03:22","slug":"libro-solidario-bhagavad-gita","status":"publish","type":"product","link":"https:\/\/www.avani.pt\/es\/p\/libro-solidario-bhagavad-gita\/","title":{"rendered":"Libro Solidario | Bhagavad Gita"},"content":{"rendered":"","protected":false},"excerpt":{"rendered":"<p>Un libro sobre la filosof\u00eda descrita en las escrituras hind\u00faes de forma sencilla y actual, que ha cambiado la forma de vivir de miles de personas.<\/p>\n<div class=\"content-default-module-content\">\n<p>Este libro transmite un rico mensaje sobre el arte de vivir; su mensaje principal es vivir sin expectativas ni apegos. \u00a1Nos ense\u00f1a a ver la vida desde una perspectiva diferente y muy positiva! <\/p>\n<\/div>\n<p>El 100% del precio del libro se destinar\u00e1 a la escolarizaci\u00f3n de ni\u00f1os en la India.<\/p>\n","protected":false},"featured_media":69756,"comment_status":"open","ping_status":"closed","template":"","meta":{"_acf_changed":false},"product_brand":[],"product_cat":[628,592],"product_tag":[],"class_list":{"0":"post-78211","1":"product","2":"type-product","3":"status-publish","4":"has-post-thumbnail","6":"product_cat-dias-tematicos","7":"product_cat-recomendaciones-de-avani","9":"first","10":"instock","11":"taxable","12":"shipping-taxable","13":"purchasable","14":"product-type-simple"},"acf":[],"wooqr_code":"","_links":{"self":[{"href":"https:\/\/www.avani.pt\/es\/wp-json\/wp\/v2\/product\/78211","targetHints":{"allow":["GET"]}}],"collection":[{"href":"https:\/\/www.avani.pt\/es\/wp-json\/wp\/v2\/product"}],"about":[{"href":"https:\/\/www.avani.pt\/es\/wp-json\/wp\/v2\/types\/product"}],"replies":[{"embeddable":true,"href":"https:\/\/www.avani.pt\/es\/wp-json\/wp\/v2\/comments?post=78211"}],"wp:featuredmedia":[{"embeddable":true,"href":"https:\/\/www.avani.pt\/es\/wp-json\/wp\/v2\/media\/69756"}],"wp:attachment":[{"href":"https:\/\/www.avani.pt\/es\/wp-json\/wp\/v2\/media?parent=78211"}],"wp:term":[{"taxonomy":"product_brand","embeddable":true,"href":"https:\/\/www.avani.pt\/es\/wp-json\/wp\/v2\/product_brand?post=78211"},{"taxonomy":"product_cat","embeddable":true,"href":"https:\/\/www.avani.pt\/es\/wp-json\/wp\/v2\/product_cat?post=78211"},{"taxonomy":"product_tag","embeddable":true,"href":"https:\/\/www.avani.pt\/es\/wp-json\/wp\/v2\/product_tag?post=78211"}],"curies":[{"name":"wp","href":"https:\/\/api.w.org\/{rel}","templated":true}]}}