{"id":78213,"date":"2020-10-30T16:38:44","date_gmt":"2020-10-30T16:38:44","guid":{"rendered":"https:\/\/www.avani.pt\/p\/lavado-especial-del-cuero-cabelludo-exceso-de-grasa-y-caspa-grasa\/"},"modified":"2025-10-21T12:03:31","modified_gmt":"2025-10-21T11:03:31","slug":"lavado-especial-del-cuero-cabelludo-exceso-de-grasa-y-caspa-grasa","status":"publish","type":"product","link":"https:\/\/www.avani.pt\/es\/p\/lavado-especial-del-cuero-cabelludo-exceso-de-grasa-y-caspa-grasa\/","title":{"rendered":"Lavado especial del cuero cabelludo | Exceso de grasa y caspa grasa"},"content":{"rendered":"<div class=\"wpb-content-wrapper\"><p>[vc_row full_width=&#8221;stretch_row_content_no_spaces&#8221;][vc_column]<div class=\"stars-of-product-module-wrapper margin-top-between-modules\">\n    <img decoding=\"async\" class=\"stars-of-product-module-left-image-design\" src=\"\/dist\/images\/stars_product_module_design.png\">\n    <img decoding=\"async\" class=\"stars-of-product-module-right-image-design\" src=\"\/dist\/images\/stars_product_module_design.png\">\n\n    <div class=\"container\">\n\n        <div class=\"stars-of-product-module text-align-center  desktop--only--md\">\n\n                            <div class=\"star-rating\">\n                                            <i class=\"fa fa-star\"><\/i>\n                                            <i class=\"fa fa-star\"><\/i>\n                                            <i class=\"fa fa-star\"><\/i>\n                                            <i class=\"fa fa-star\"><\/i>\n                                            <i class=\"fa fa-star\"><\/i>\n                                    <\/div>\n            \n                            <div class=\"stars-of-product-module-titles\">\n                                            <h2 class=\"stars-of-product-module-title black uppercase back_color\">Estrellas del producto<\/h2>\n                                    <\/div>\n            \n                            <div class=\"stars-of-product-module-content\">\n                    <p>Recomendamos alternar estos dos champ\u00fas en el mismo lavado; el lavado debe iniciarse con el Champ\u00fa Efecto Fr\u00edo y el segundo lavado con el Champ\u00fa Vitam\u00ednico Cabello Indio. El Champ\u00fa Efecto Fr\u00edo con hammamelis, mentol y aloe vera es purificante, combate el exceso de grasa y la caspa grasa (descamaci\u00f3n). El segundo lavado con el Champ\u00fa Vitam\u00ednico Capilar Indio es importante porque este champ\u00fa es un excelente hidratante, enriquecido con la fruta india Amla, que ayuda a equilibrar el cuero cabelludo, evitando que se reseque en exceso s\u00f3lo con lavarlo con el champ\u00fa purificante Efecto Fr\u00edo. Cuando utilizas un solo champ\u00fa purificante, puede reducir dr\u00e1sticamente la grasa e hidrataci\u00f3n naturales del cuero cabelludo. Cuando esto ocurre, el cuerpo tiende a producir grasa en exceso para intentar compensar. Esto puede provocar un cuero cabelludo extremadamente graso, por lo que recomendamos este procedimiento. La grasa es el factor m\u00e1s com\u00fan detr\u00e1s de la gran mayor\u00eda de los problemas del cuero cabelludo. La grasa (sebo) no es necesariamente mala para el cuero cabelludo; su finalidad es proteger permanentemente su superficie y el tallo piloso. Esto significa que tener el sebo en equilibrio es esencial para la buena salud del cuero cabelludo y del cabello. Sus fluctuaciones -por exceso o por defecto- pueden provocar desequilibrios. Cuando la tasa de producci\u00f3n de sebo es superior a la media, hablamos de hiperseborrea, lo que significa un cuero cabelludo extremadamente graso. Cuando el cuero cabelludo tiene caspa (descamaci\u00f3n), suele haber dudas sobre si el cuero cabelludo es seco o graso, ya que la caspa puede darse en ambas situaciones. La forma m\u00e1s f\u00e1cil de saber si tu cuero cabelludo es seco o graso es identificar si se trata de caspa seca o grasa. La caspa grasa se manifiesta mediante pel\u00edculas amarillentas que se adhieren al cuero cabelludo y siempre est\u00e1 asociada a un exceso de sebo. El cuero cabelludo tambi\u00e9n puede irritarse.              <\/p>\n<p>\n\n                <\/div>\n            \n        <\/div>\n\n\n                    <div class=\"accordion   accordion-successive-first js-accordion not-found mobile--only--md stars-of-product-module text-align-center margin-top-between-modules back_color\">\n                <div class=\"accordion-container\">\n                    <div class=\"accordion-question space-between\">\n                                                    <h3 class=\"accordion-question-title uppercase back_color\">\n                                As Estrelas do Produtos\n                            <\/h3>\n                                                <span class=\"accordion-arrow back_color\">&emsp;<\/span>\n                    <\/div>\n                    <div class=\"accordion-answer\">\n\n                                                    <div class=\"star-rating\">\n                                                                    <i class=\"fa fa-star\"><\/i>\n                                                                    <i class=\"fa fa-star\"><\/i>\n                                                                    <i class=\"fa fa-star\"><\/i>\n                                                                    <i class=\"fa fa-star\"><\/i>\n                                                                    <i class=\"fa fa-star\"><\/i>\n                                                            <\/div>\n                        \n                                                    <div class=\"stars-of-product-module-content\">\n                                <p>Recomendamos alternar estos dos champ\u00fas en el mismo lavado; el lavado debe iniciarse con el Champ\u00fa Efecto Fr\u00edo y el segundo lavado con el Champ\u00fa Vitam\u00ednico Cabello Indio. El Champ\u00fa Efecto Fr\u00edo con hammamelis, mentol y aloe vera es purificante, combate el exceso de grasa y la caspa grasa (descamaci\u00f3n). El segundo lavado con el Champ\u00fa Vitam\u00ednico Capilar Indio es importante porque este champ\u00fa es un excelente hidratante, enriquecido con la fruta india Amla, que ayuda a equilibrar el cuero cabelludo, evitando que se reseque en exceso s\u00f3lo con lavarlo con el champ\u00fa purificante Efecto Fr\u00edo. Cuando utilizas un solo champ\u00fa purificante, puede reducir dr\u00e1sticamente la grasa e hidrataci\u00f3n naturales del cuero cabelludo. Cuando esto ocurre, el cuerpo tiende a producir grasa en exceso para intentar compensar. Esto puede provocar un cuero cabelludo extremadamente graso, por lo que recomendamos este procedimiento. La grasa es el factor m\u00e1s com\u00fan detr\u00e1s de la gran mayor\u00eda de los problemas del cuero cabelludo. La grasa (sebo) no es necesariamente mala para el cuero cabelludo; su finalidad es proteger permanentemente su superficie y el tallo piloso. Esto significa que tener el sebo en equilibrio es esencial para la buena salud del cuero cabelludo y del cabello. Sus fluctuaciones -por exceso o por defecto- pueden provocar desequilibrios. Cuando la tasa de producci\u00f3n de sebo es superior a la media, hablamos de hiperseborrea, lo que significa un cuero cabelludo extremadamente graso. Cuando el cuero cabelludo tiene caspa (descamaci\u00f3n), suele haber dudas sobre si el cuero cabelludo es seco o graso, ya que la caspa puede darse en ambas situaciones. La forma m\u00e1s f\u00e1cil de saber si tu cuero cabelludo es seco o graso es identificar si se trata de caspa seca o grasa. La caspa grasa se manifiesta mediante pel\u00edculas amarillentas que se adhieren al cuero cabelludo y siempre est\u00e1 asociada a un exceso de sebo. El cuero cabelludo tambi\u00e9n puede irritarse.              <\/p>\n<p>\n\n                            <\/div>\n                                            <\/div>\n                <\/div>\n            <\/div>\n        \n    <\/div>\n<\/div>\n[\/vc_column][\/vc_row][vc_row full_width=&#8221;stretch_row_content_no_spaces&#8221; el_class=&#8221;text-align-center&#8221;][vc_column]<div class=\"container\">\n\t<div class=\"usability-tips-and-secrets-module desktop--only--md\">\n\n\t\t<div class=\"usability-tips-and-secrets-module-content-wrapper full-width-container\">\n\n\t\t\t\n\t\t\t\t\t\t\t<div class=\"usability-tips-and-secrets-module-content usability-tips-and-secrets-module-content--bordered margin-top-between-modules\">\n\t\t\t\t\t\t\t\t\t\t\t<h2 class=\"uppercase black\">Como usar<\/h2>\n\t\t\t\t\t\n\t\t\t\t\t\t\t\t\t\t\t<p>Aplicar os dois Shampoos na mesma lavagem alternadamente. Iniciar o procedimento da lavagem com o Shampoo Cold effect e a segunda lavagem com o Shampoo Indian Hair Vitaminado.<\/p>\n\n\t\t\t\t\t\t\t\t\t<\/div>\n\t\t\t\n\t\t\t\t\t<\/div>\n\t<\/div>\n\n\t\t\t<div class=\"mobile--only--md usability-tips-and-secrets-module text-align-center margin-top-between-modules usability-tips-and-secrets-module-video\">\n\t\t\t\t\t<\/div>\n\t\n\t\t\t<div class=\"accordion accordion-successive  js-accordion not-found mobile--only--md usability-tips-and-secrets-module text-align-center margin-top-between-modules back_color\">\n\t\t\t<div class=\"accordion-container\">\n\t\t\t\t<div class=\"accordion-question space-between\">\n\t\t\t\t\t\t\t\t\t\t\t<h3 class=\"accordion-question-title uppercase back_color\">\n\t\t\t\t\t\t\tComo usar\n\t\t\t\t\t\t<\/h3>\n\t\t\t\t\t\n\t\t\t\t\t<span class=\"accordion-arrow back_color\">&emsp;<\/span>\n\t\t\t\t<\/div>\n\t\t\t\t<div class=\"accordion-answer\">\n\t\t\t\t\t\t\t\t\t\t\t<div class=\"usability-tips-and-secrets-module-content\">\n\t\t\t\t\t\t\t<p>Aplicar os dois Shampoos na mesma lavagem alternadamente. Iniciar o procedimento da lavagem com o Shampoo Cold effect e a segunda lavagem com o Shampoo Indian Hair Vitaminado.<\/p>\n\n\t\t\t\t\t\t<\/div>\n\t\t\t\t\t\t\t\t\t<\/div>\n\t\t\t<\/div>\n\t\t<\/div>\n\t\n\t<\/div>\n[\/vc_column][\/vc_row][vc_row][vc_column]<div class=\"container \">\n\n    <div class=\"content-default-module text-align-center margin-top-between-modules\n        \n        \n        \n        \n        \n        \n        desktop--only--md\"\n        style=\"margin-bottom: 0px;\"\n    >\n\n                <div class=\"content-default-module-titles\">\n                            <h2 class=\"content-default-module-title uppercase black\">Dicas &amp; Segredos<\/h2>\n            \n                    <\/div>\n        \n                    <div class=\"content-default-module-content\">\n                <p>Para melhores resultados recomendamos:<\/p>\n<p>-A aplica\u00e7\u00e3o de cinco gotas de <a href=\"https:\/\/www.avani.pt\/p\/oleo-melaleuca-tea-tree-10ml\/\">\u00d3leo de Melaleuca<\/a> em cada um dos shampoos, agitando-os bem de seguida;<\/p>\n<p>-A aplica\u00e7\u00e3o do <a href=\"https:\/\/www.avani.pt\/p\/mascara-cold-effect-anticaspa-indian-hair-500ml\/\">Creme Purificante Cold Effect<\/a> uma ou duas vezes por semana no couro cabeludo;<\/p>\n<p>-Aplicar a <a href=\"https:\/\/www.avani.pt\/p\/mascara-vitaminada-fortificante-indian-hair-500-ml-amla\/\">M\u00e1scara Indian Hair Vitaminada<\/a> para hidratar e alimentar os meios e pontas do cabelo;<\/p>\n<p>-Aplicar o <a href=\"https:\/\/www.avani.pt\/p\/condicionador-vitaminado-fortificante-indian-hair-250-ml\/\">Condicionador Indian Hair Vitaminado<\/a> como \u00faltimo passo da lavagem para selar a cut\u00edcula.<\/p>\n\n            <\/div>\n        \n        \n        \n\n        \n\n\n    <\/div>\n\n\n            <div class=\"accordion accordion-successive   js-accordion not-found mobile--only--md content-default-module text-align-center margin-top-between-modules back_color\">\n            <div class=\"accordion-container\">\n                <div class=\"accordion-question space-between\">\n                                            <h3 class=\"accordion-question-title uppercase back_color\">\n                            Dicas &amp; Segredos\n                        <\/h3>\n                                        <span class=\"accordion-arrow back_color\">&emsp;<\/span>\n                <\/div>\n                <div class=\"accordion-answer\">\n                    \n                                            <div class=\"content-default-module-content\">\n                            <p>Para melhores resultados recomendamos:<\/p>\n<p>-A aplica\u00e7\u00e3o de cinco gotas de <a href=\"https:\/\/www.avani.pt\/p\/oleo-melaleuca-tea-tree-10ml\/\">\u00d3leo de Melaleuca<\/a> em cada um dos shampoos, agitando-os bem de seguida;<\/p>\n<p>-A aplica\u00e7\u00e3o do <a href=\"https:\/\/www.avani.pt\/p\/mascara-cold-effect-anticaspa-indian-hair-500ml\/\">Creme Purificante Cold Effect<\/a> uma ou duas vezes por semana no couro cabeludo;<\/p>\n<p>-Aplicar a <a href=\"https:\/\/www.avani.pt\/p\/mascara-vitaminada-fortificante-indian-hair-500-ml-amla\/\">M\u00e1scara Indian Hair Vitaminada<\/a> para hidratar e alimentar os meios e pontas do cabelo;<\/p>\n<p>-Aplicar o <a href=\"https:\/\/www.avani.pt\/p\/condicionador-vitaminado-fortificante-indian-hair-250-ml\/\">Condicionador Indian Hair Vitaminado<\/a> como \u00faltimo passo da lavagem para selar a cut\u00edcula.<\/p>\n\n                        <\/div>\n                    \n                    \n                                    <\/div>\n            <\/div>\n        <\/div>\n    \n<\/div>\n<div class=\"container \">\n\n    <div class=\"content-default-module text-align-center margin-top-between-modules\n        \n        \n        \n        \n        \n        \n        desktop--only--md\"\n        style=\"margin-bottom: 0px;\"\n    >\n\n                <div class=\"content-default-module-titles\">\n                            <h2 class=\"content-default-module-title uppercase black\">Detalhes<\/h2>\n            \n                    <\/div>\n        \n                    <div class=\"content-default-module-content\">\n                <p>Composto por dois shampoos:<\/p>\n<p><b>Shampoo Vitaminado Fortificante Indian Hair 250 ml | Sem Sal (Ganhou o Pr\u00e9mio Top Beleza 2023!)<\/b><\/p>\n<p><b>Shampoo Purificante Cold Effect 250 ml | Sem Sal<\/b><\/p>\n\n            <\/div>\n        \n        \n        \n\n        \n\n\n    <\/div>\n\n\n            <div class=\"accordion accordion-successive   js-accordion not-found mobile--only--md content-default-module text-align-center margin-top-between-modules back_color\">\n            <div class=\"accordion-container\">\n                <div class=\"accordion-question space-between\">\n                                            <h3 class=\"accordion-question-title uppercase back_color\">\n                            Detalhes\n                        <\/h3>\n                                        <span class=\"accordion-arrow back_color\">&emsp;<\/span>\n                <\/div>\n                <div class=\"accordion-answer\">\n                    \n                                            <div class=\"content-default-module-content\">\n                            <p>Composto por dois shampoos:<\/p>\n<p><b>Shampoo Vitaminado Fortificante Indian Hair 250 ml | Sem Sal (Ganhou o Pr\u00e9mio Top Beleza 2023!)<\/b><\/p>\n<p><b>Shampoo Purificante Cold Effect 250 ml | Sem Sal<\/b><\/p>\n\n                        <\/div>\n                    \n                    \n                                    <\/div>\n            <\/div>\n        <\/div>\n    \n<\/div>\n<div class=\"tip-products margin-top-between-modules default\">\n    <div class=\"container\">\n                    <h2 class=\"title\">\n                Comprar separadamente\n            <\/h2>\n        \n        \n        <div class=\"products-container\">\n                    <\/div>\n\n    <\/div>\n<\/div>\n[\/vc_column][\/vc_row]<\/p>\n<\/div>","protected":false},"excerpt":{"rendered":"<p>El cuidado de lavado exclusivo de Avani se compone de dos champ\u00fas, que deben utilizarse alternativamente en el mismo lavado: el primer lavado con el Champ\u00fa purificante efecto fr\u00edo, que ayuda a combatir el exceso de grasa y la caspa grasa; y el segundo lavado con el Champ\u00fa hidratante Indian Hair Vitaminado, que ayuda a equilibrar el cuero cabelludo, evitando que se reseque en exceso.<\/p>\n","protected":false},"featured_media":74666,"comment_status":"open","ping_status":"closed","template":"","meta":{"_acf_changed":false},"product_brand":[],"product_cat":[448,630,156],"product_tag":[],"class_list":{"0":"post-78213","1":"product","2":"type-product","3":"status-publish","4":"has-post-thumbnail","6":"product_cat-problemas-del-cuero-cabelludo","7":"product_cat-recomendaciones-de-avani","8":"product_cat-cabelo","10":"first","11":"instock","12":"taxable","13":"shipping-taxable","14":"purchasable","15":"product-type-simple"},"acf":[],"wooqr_code":"","_links":{"self":[{"href":"https:\/\/www.avani.pt\/es\/wp-json\/wp\/v2\/product\/78213","targetHints":{"allow":["GET"]}}],"collection":[{"href":"https:\/\/www.avani.pt\/es\/wp-json\/wp\/v2\/product"}],"about":[{"href":"https:\/\/www.avani.pt\/es\/wp-json\/wp\/v2\/types\/product"}],"replies":[{"embeddable":true,"href":"https:\/\/www.avani.pt\/es\/wp-json\/wp\/v2\/comments?post=78213"}],"wp:featuredmedia":[{"embeddable":true,"href":"https:\/\/www.avani.pt\/es\/wp-json\/wp\/v2\/media\/74666"}],"wp:attachment":[{"href":"https:\/\/www.avani.pt\/es\/wp-json\/wp\/v2\/media?parent=78213"}],"wp:term":[{"taxonomy":"product_brand","embeddable":true,"href":"https:\/\/www.avani.pt\/es\/wp-json\/wp\/v2\/product_brand?post=78213"},{"taxonomy":"product_cat","embeddable":true,"href":"https:\/\/www.avani.pt\/es\/wp-json\/wp\/v2\/product_cat?post=78213"},{"taxonomy":"product_tag","embeddable":true,"href":"https:\/\/www.avani.pt\/es\/wp-json\/wp\/v2\/product_tag?post=78213"}],"curies":[{"name":"wp","href":"https:\/\/api.w.org\/{rel}","templated":true}]}}